{"id":3,"date":"2021-11-22T15:57:19","date_gmt":"2021-11-22T14:57:19","guid":{"rendered":"https:\/\/kava.servidorbilnea.com\/?page_id=3"},"modified":"2024-07-01T10:18:51","modified_gmt":"2024-07-01T08:18:51","slug":"politica-privacidad","status":"publish","type":"page","link":"https:\/\/riberasalud.com\/virgen-de-la-caridad\/politica-privacidad\/","title":{"rendered":"Pol\u00edtica de privacidad"},"content":{"rendered":"<p>Es compromiso del Grupo Ribera Salud del que forma parte Grupo CMVCaridad, el respeto a la privacidad de los usuarios y la protecci\u00f3n y seguridad de sus datos personales. Es por ello por lo que, de acuerdo con la normativa vigente en materia de protecci\u00f3n de datos (Reglamento (UE) 2016\/679 del Parlamento y del Consejo de 27 de abril de 2016, Ley Org\u00e1nica 3\/2018, de 5 de diciembre, de Protecci\u00f3n de Datos Personales y garant\u00eda de los derechos digitales), Grupo Ribera Salud informa en la presente pol\u00edtica de protecci\u00f3n de datos sobre c\u00f3mo recaba y trata los datos de car\u00e1cter personal de los usuarios y pacientes en la p\u00e1gina web https:\/\/www.riberasalud.com\/virgen-de-la-caridad\/ (en adelante, referenciado como \u201cSitio web\u201d).<\/p>\n<p><strong>1. IDENTIFICACI\u00d3N DEL RESPONSABLE DEL TRATAMIENTO DE LOS DATOS PERSONALES<\/strong><\/p>\n<p>El responsable del tratamiento de sus datos personales es la sociedad titular del centro sanitario de Grupo CMVCaridad que le presta asistencia sanitaria, puede consultar la informaci\u00f3n en el siguiente enlace: <a href=\"https:\/\/www.riberasalud.com\/sociedades-del-grupo-ribera\/\">https:\/\/www.riberasalud.com\/sociedades-del-grupo-ribera\/<\/a><\/p>\n<p>Para cualquier cuesti\u00f3n relacionada con la presente pol\u00edtica de privacidad, el usuario podr\u00e1 ponerse en contacto con el delegado de protecci\u00f3n de datos de Grupo CMVCaridad enviando un email <u>dpo@riberasalud.es<\/u><\/p>\n<p><strong>2. INFORMACI\u00d3N SOBRE LAS FINALIDADES DEL TRATAMIENTO <\/strong><\/p>\n<p>Grupo CMVCaridad llevar\u00e1 a cabo los siguientes tratamientos de datos empleando para cada una de ellas una base legitimadora adecuada, respetando los derechos y libertades de los interesados<\/p>\n<p><strong>2.1 Gestionar y atender las solicitudes de contacto.<\/strong><\/p>\n<ul>\n<li>Finalidad: Atender las solicitudes y peticiones de contacto remitidas a trav\u00e9s de los canales puestos a disposici\u00f3n en el Sitio web.<\/li>\n<li>Base legitimadora: Ejecuci\u00f3n de la relaci\u00f3n precontractual.<\/li>\n<li>Tipolog\u00eda de los datos tratados: datos identificativos y de contacto.<\/li>\n<\/ul>\n<p><strong>2.2 Gesti\u00f3n de la asistencia sanitaria al paciente<\/strong><\/p>\n<ul>\n<li>Finalidad: La prestaci\u00f3n de los servicios de asistencia sanitaria, diagn\u00f3stico y tratamientos m\u00e9dicos, para la elaboraci\u00f3n y conservaci\u00f3n de la historia cl\u00ednica y social, y la gesti\u00f3n general de los servicios sanitarios y dem\u00e1s actividades organizadas por el centro sanitario.<\/li>\n<li>Base legitimadora: Cumplimiento de una obligaci\u00f3n legal y ejecuci\u00f3n de la relaci\u00f3n contractual.<\/li>\n<li>Tipolog\u00eda de datos tratados: Datos identificativos, datos de caracter\u00edsticas personales, transacciones de bienes y servicios, datos financieros, datos de salud. La recogida de los datos personales se podr\u00e1 llevar a cabo en el centro sanitario o ser\u00e1n facilitados, en su caso, por las compa\u00f1\u00edas aseguradoras, mutuas de accidentes, servicios de prevenci\u00f3n o por las administraciones p\u00fablicas competentes<\/li>\n<\/ul>\n<p><strong>2.3 Gesti\u00f3n de env\u00edo de encuestas sobre la calidad del servicio<\/strong><\/p>\n<ul>\n<li>Finalidad: Llevar a cabo encuestas para poder conocer la valoraci\u00f3n de los pacientes respecto a la calidad del servicio.<\/li>\n<li>Base legitimadora: inter\u00e9s leg\u00edtimo<\/li>\n<li>Tipolog\u00eda de los datos tratados: datos identificativos y de contacto.<\/li>\n<\/ul>\n<p><strong>2.4 Actividades de docencia, investigaci\u00f3n o estad\u00edstica<\/strong><\/p>\n<ul>\n<li>Finalidad: desarrollar actividades de docencia, investigaci\u00f3n o estad\u00edstica con fines cient\u00edficos o docentes para mejorar la atenci\u00f3n sanitaria, cumpliendo la normativa espec\u00edfica al respecto.<\/li>\n<li>Base legitimadora: inter\u00e9s leg\u00edtimo y consentimiento del interesado.<\/li>\n<li>Tipolog\u00eda de los datos tratados: Datos identificativos, datos de contacto, datos de caracter\u00edsticas personales y datos de salud.<\/li>\n<\/ul>\n<p><strong>2.5 Videovigilancia<\/strong><\/p>\n<ul>\n<li>Finalidad: videovigilancia para garantizar la seguridad de personas, bienes e instalaciones.<\/li>\n<li>Base legitimadora: inter\u00e9s leg\u00edtimo y cumplimiento de una obligaci\u00f3n legal aplicable al responsable del tratamiento.<\/li>\n<li>Tipolog\u00eda de los datos tratados: Datos identificativos.<\/li>\n<\/ul>\n<p><strong>2.6 <\/strong><strong>Gestionar el registro de usuarios en el Portal del paciente<\/strong><\/p>\n<ul>\n<li>Finalidad: Gestionar el registro de los usuarios pacientes en el portal del Paciente generando una cuenta para su acceso, as\u00ed como posibilitar la recuperaci\u00f3n de contrase\u00f1as y acceder a informes m\u00e9dicos.<\/li>\n<li>Base legitimadora: Ejecuci\u00f3n de la relaci\u00f3n contractual y el cumplimiento de una misi\u00f3n realizada en inter\u00e9s p\u00fablico o en el ejercicio de poderes p\u00fablicos conferidos al responsable del tratamiento.<\/li>\n<li>Tipolog\u00eda de los datos tratados: datos identificativos y datos de contacto<\/li>\n<\/ul>\n<p><strong>2.7 Gestionar el env\u00edo de comunicaciones comerciales electr\u00f3nicas<\/strong><\/p>\n<p>El presente tratamiento de datos ser\u00e1 efectuado por la entidad RIBERA SALUD, S.A.U, con CIF A-03681186 y domicilio social en Avenida Cortes Valencianas, n\u00famero 58, Edificio Sorolla Center, 46015 Valencia (Espa\u00f1a).<\/p>\n<ul>\n<li>Finalidad: Gesti\u00f3n de las suscripciones de los usuarios a la newsletter\/bolet\u00edn informativo enviando comunicaciones comerciales electr\u00f3nicas sobre los servicios, actividades y novedades.<\/li>\n<li>Base legitimadora: Consentimiento de los usuarios<\/li>\n<li>Tipolog\u00eda de datos tratados: datos identificativos y de contacto.<strong><br \/>\n<\/strong><\/li>\n<\/ul>\n<p><strong>3. DESTINATARIOS DE LOS DATOS PERSONALES<\/strong><\/p>\n<p><strong>3.1.Comunicaci\u00f3n de los datos a terceros.<\/strong><\/p>\n<p>Sus datos podr\u00e1n ser cedidos de acuerdo con los supuestos siguientes:<\/p>\n<ul>\n<li>Los datos de los pacientes pueden ser accesibles por otros centros del Grupo CMVCaridad o del grupo Ribera (<a href=\"https:\/\/www.riberasalud.com\/sociedades-del-grupo-ribera\/\">https:\/\/www.riberasalud.com\/sociedades-del-grupo-ribera\/<\/a>) para garantizarle una adecuada continuidad asistencial y prestaci\u00f3n de servicios en los t\u00e9rminos anteriormente descritos.<\/li>\n<li>De acuerdo con lo dispuesto en la legislaci\u00f3n vigente, sus datos podr\u00e1n ser comunicados a la autoridad sanitaria y dem\u00e1s organismos p\u00fablicos con competencia en la materia.<\/li>\n<li>En caso de ser clientes de aseguradoras privadas y acudan a Grupo CMVCaridad, los datos de dicho interesado ser\u00e1n comunicados por parte de Grupo CMVCaridad a la aseguradora privada a efectos de pago de los servicios.<\/li>\n<li>A requerimiento de la Agencia Tributaria, Juzgados o Tribunales u otras Administraciones P\u00fablicas competentes.<\/li>\n<\/ul>\n<p><strong>3.2. Encargados del tratamiento<\/strong><\/p>\n<p>El tratamiento de los datos de los usuarios podr\u00e1 ser realizado por prestadores de servicios id\u00f3neos, contratados por el Grupo CMVCaridad. Dichos prestadores de servicios \u00fanicamente tratar\u00e1n los datos para las finalidades establecidas por Grupo CMVCaridad.<\/p>\n<p><strong>4. TRANSFERENCIAS INTERNACIONALES DE DATOS<\/strong><\/p>\n<p>Grupo CMVCaridad realizar\u00e1 el tratamiento de los datos del usuario integralmente en el territorio de la Uni\u00f3n Europea, por lo que no prev\u00e9 realizar ninguna transferencia internacional de datos y en el caso de que la lleve a cabo, lo har\u00e1 con las garant\u00edas establecidas en la normativa.<\/p>\n<p><strong>5. PLAZO DE CONSERVACI\u00d3N.<\/strong><\/p>\n<p>Grupo CMVCaridad conservar\u00e1 los datos personales de los usuarios durante el tiempo necesario para la realizaci\u00f3n de la finalidad para la cual son tratados o hasta que el interesado solicite la supresi\u00f3n de sus datos personales,\u00a0y en todo caso, durante el plazo necesario para el cumplimiento de las correspondientes obligaciones legales.<\/p>\n<p>Asimismo, respecto al tratamiento relativo al env\u00edo de comunicaciones comerciales electr\u00f3nicas, los datos de los usuarios que hayan consentido la recepci\u00f3n se conservar\u00e1n hasta que el usuario solicite la baja de dicha recepci\u00f3n, siguiendo las instrucciones que encontrar\u00e1 al pie de cada correo electr\u00f3nico.<\/p>\n<p><strong>6. EJERCICIO DE DERECHOS EN MATERIA DE PROTECCI\u00d3N DE DATOS.<\/strong><\/p>\n<p>En cualquier momento, el usuario podr\u00e1 ejercer sus derechos de acceso, rectificaci\u00f3n o supresi\u00f3n, oposici\u00f3n, limitaci\u00f3n y portabilidad de sus datos, directamente enviando su petici\u00f3n por escrito acompa\u00f1ada de fotocopia de D.N.I o documentaci\u00f3n equivalente, al Delegado de Protecci\u00f3n de Datos, enviando un email a la siguiente direcci\u00f3n de correo electr\u00f3nico\u00a0<a href=\"mailto:dpo@riberasalud.es\">dpo@riberasalud.es<\/a>\u00a0o por correo postal a la siguiente direcci\u00f3n Cortes Valencianas, n\u00famero 58, Edificio Sorolla Center, C\u00f3digo Postal 46015 de Valencia (Espa\u00f1a) bajo el asunto de referencia: \u201c Protecci\u00f3n de Datos\u201d.<\/p>\n<p>Asimismo, se informa al usuario que en caso de considerar que no se ha satisfecho el ejercicio de sus derechos, podr\u00e1 presentar una reclamaci\u00f3n ante la Agencia Espa\u00f1ola de Protecci\u00f3n de Datos. M\u00e1s informaci\u00f3n en\u00a0<a href=\"http:\/\/www.aepd.es\/\">www.aepd.es<\/a>.<\/p>\n<p><strong>7. ACTUALIZACIONES<\/strong><\/p>\n<p>La organizaci\u00f3n se reserva el derecho a modificar en cualquier momento los contenidos de este Sitio web, y podr\u00e1 a\u00f1adir nuevas funcionalidades, as\u00ed como modificar las actuales condiciones. En ese caso, se publicar\u00e1 la correspondiente actualizaci\u00f3n en el Sitio web para que el usuario tenga conocimiento de cualquier cambio.<\/p>\n<p>&nbsp;<\/p>\n<p><strong>\u00daltima actualizaci\u00f3n: junio 2024<\/strong><\/p>\n","protected":false},"excerpt":{"rendered":"<p>Es compromiso del Grupo Ribera Salud del que forma parte Grupo CMVCaridad, el respeto a la privacidad de los usuarios y la protecci\u00f3n y seguridad de sus datos personales. Es por ello por lo que, de acuerdo con la normativa vigente en materia de protecci\u00f3n de datos (Reglamento (UE) 2016\/679 del Parlamento y del Consejo [&hellip;]<\/p>\n","protected":false},"author":1,"featured_media":0,"parent":0,"menu_order":0,"comment_status":"closed","ping_status":"closed","template":"","meta":{"footnotes":""},"yoast_head":"<!-- This site is optimized with the Yoast SEO plugin v22.1 - https:\/\/yoast.com\/wordpress\/plugins\/seo\/ -->\n<title>Pol\u00edtica de privacidad - CMVCaridad<\/title>\n<meta name=\"robots\" content=\"noindex, follow\" \/>\n<meta property=\"og:locale\" content=\"es_ES\" \/>\n<meta property=\"og:type\" content=\"article\" \/>\n<meta property=\"og:title\" content=\"Pol\u00edtica de privacidad - CMVCaridad\" \/>\n<meta property=\"og:description\" content=\"Es compromiso del Grupo Ribera Salud del que forma parte Grupo CMVCaridad, el respeto a la privacidad de los usuarios y la protecci\u00f3n y seguridad de sus datos personales. Es por ello por lo que, de acuerdo con la normativa vigente en materia de protecci\u00f3n de datos (Reglamento (UE) 2016\/679 del Parlamento y del Consejo [&hellip;]\" \/>\n<meta property=\"og:url\" content=\"https:\/\/riberasalud.com\/virgen-de-la-caridad\/politica-privacidad\/\" \/>\n<meta property=\"og:site_name\" content=\"CMVCaridad\" \/>\n<meta property=\"article:publisher\" content=\"https:\/\/www.facebook.com\/cmvcaridad\" \/>\n<meta property=\"article:modified_time\" content=\"2024-07-01T08:18:51+00:00\" \/>\n<meta name=\"twitter:card\" content=\"summary_large_image\" \/>\n<meta name=\"twitter:site\" content=\"@cmvcaridad\" \/>\n<meta name=\"twitter:label1\" content=\"Tiempo de lectura\" \/>\n\t<meta name=\"twitter:data1\" content=\"6 minutos\" \/>\n<script type=\"application\/ld+json\" class=\"yoast-schema-graph\">{\"@context\":\"https:\/\/schema.org\",\"@graph\":[{\"@type\":\"WebPage\",\"@id\":\"https:\/\/riberasalud.com\/virgen-de-la-caridad\/politica-privacidad\/\",\"url\":\"https:\/\/riberasalud.com\/virgen-de-la-caridad\/politica-privacidad\/\",\"name\":\"Pol\u00edtica de privacidad - CMVCaridad\",\"isPartOf\":{\"@id\":\"https:\/\/riberasalud.com\/virgen-de-la-caridad\/#website\"},\"datePublished\":\"2021-11-22T14:57:19+00:00\",\"dateModified\":\"2024-07-01T08:18:51+00:00\",\"breadcrumb\":{\"@id\":\"https:\/\/riberasalud.com\/virgen-de-la-caridad\/politica-privacidad\/#breadcrumb\"},\"inLanguage\":\"es\",\"potentialAction\":[{\"@type\":\"ReadAction\",\"target\":[\"https:\/\/riberasalud.com\/virgen-de-la-caridad\/politica-privacidad\/\"]}]},{\"@type\":\"BreadcrumbList\",\"@id\":\"https:\/\/riberasalud.com\/virgen-de-la-caridad\/politica-privacidad\/#breadcrumb\",\"itemListElement\":[{\"@type\":\"ListItem\",\"position\":1,\"name\":\"Inicio\",\"item\":\"https:\/\/riberasalud.com\/virgen-de-la-caridad\/\"},{\"@type\":\"ListItem\",\"position\":2,\"name\":\"Pol\u00edtica de privacidad\"}]},{\"@type\":\"WebSite\",\"@id\":\"https:\/\/riberasalud.com\/virgen-de-la-caridad\/#website\",\"url\":\"https:\/\/riberasalud.com\/virgen-de-la-caridad\/\",\"name\":\"CMVCaridad\",\"description\":\"Centro M\u00e9dico Virgen de la Caridad\",\"publisher\":{\"@id\":\"https:\/\/riberasalud.com\/virgen-de-la-caridad\/#organization\"},\"potentialAction\":[{\"@type\":\"SearchAction\",\"target\":{\"@type\":\"EntryPoint\",\"urlTemplate\":\"https:\/\/riberasalud.com\/virgen-de-la-caridad\/?s={search_term_string}\"},\"query-input\":\"required name=search_term_string\"}],\"inLanguage\":\"es\"},{\"@type\":\"Organization\",\"@id\":\"https:\/\/riberasalud.com\/virgen-de-la-caridad\/#organization\",\"name\":\"Centro M\u00e9dico Virgen de la Caridad\",\"url\":\"https:\/\/riberasalud.com\/virgen-de-la-caridad\/\",\"logo\":{\"@type\":\"ImageObject\",\"inLanguage\":\"es\",\"@id\":\"https:\/\/riberasalud.com\/virgen-de-la-caridad\/#\/schema\/logo\/image\/\",\"url\":\"https:\/\/www.riberasalud.com\/virgen-de-la-caridad\/wp-content\/uploads\/Logotipo.jpg\",\"contentUrl\":\"https:\/\/www.riberasalud.com\/virgen-de-la-caridad\/wp-content\/uploads\/Logotipo.jpg\",\"width\":1075,\"height\":830,\"caption\":\"Centro M\u00e9dico Virgen de la Caridad\"},\"image\":{\"@id\":\"https:\/\/riberasalud.com\/virgen-de-la-caridad\/#\/schema\/logo\/image\/\"},\"sameAs\":[\"https:\/\/www.facebook.com\/cmvcaridad\",\"https:\/\/twitter.com\/cmvcaridad\",\"https:\/\/www.instagram.com\/cmvcaridad\/\",\"https:\/\/www.linkedin.com\/in\/hospital-cmvcaridad-cartagena-26324a167\/\",\"https:\/\/www.youtube.com\/channel\/UCgs0wtljxjQU7dStwObgDiw\"]}]}<\/script>\n<!-- \/ Yoast SEO plugin. -->","yoast_head_json":{"title":"Pol\u00edtica de privacidad - CMVCaridad","robots":{"index":"noindex","follow":"follow"},"og_locale":"es_ES","og_type":"article","og_title":"Pol\u00edtica de privacidad - CMVCaridad","og_description":"Es compromiso del Grupo Ribera Salud del que forma parte Grupo CMVCaridad, el respeto a la privacidad de los usuarios y la protecci\u00f3n y seguridad de sus datos personales. Es por ello por lo que, de acuerdo con la normativa vigente en materia de protecci\u00f3n de datos (Reglamento (UE) 2016\/679 del Parlamento y del Consejo [&hellip;]","og_url":"https:\/\/riberasalud.com\/virgen-de-la-caridad\/politica-privacidad\/","og_site_name":"CMVCaridad","article_publisher":"https:\/\/www.facebook.com\/cmvcaridad","article_modified_time":"2024-07-01T08:18:51+00:00","twitter_card":"summary_large_image","twitter_site":"@cmvcaridad","twitter_misc":{"Tiempo de lectura":"6 minutos"},"schema":{"@context":"https:\/\/schema.org","@graph":[{"@type":"WebPage","@id":"https:\/\/riberasalud.com\/virgen-de-la-caridad\/politica-privacidad\/","url":"https:\/\/riberasalud.com\/virgen-de-la-caridad\/politica-privacidad\/","name":"Pol\u00edtica de privacidad - CMVCaridad","isPartOf":{"@id":"https:\/\/riberasalud.com\/virgen-de-la-caridad\/#website"},"datePublished":"2021-11-22T14:57:19+00:00","dateModified":"2024-07-01T08:18:51+00:00","breadcrumb":{"@id":"https:\/\/riberasalud.com\/virgen-de-la-caridad\/politica-privacidad\/#breadcrumb"},"inLanguage":"es","potentialAction":[{"@type":"ReadAction","target":["https:\/\/riberasalud.com\/virgen-de-la-caridad\/politica-privacidad\/"]}]},{"@type":"BreadcrumbList","@id":"https:\/\/riberasalud.com\/virgen-de-la-caridad\/politica-privacidad\/#breadcrumb","itemListElement":[{"@type":"ListItem","position":1,"name":"Inicio","item":"https:\/\/riberasalud.com\/virgen-de-la-caridad\/"},{"@type":"ListItem","position":2,"name":"Pol\u00edtica de privacidad"}]},{"@type":"WebSite","@id":"https:\/\/riberasalud.com\/virgen-de-la-caridad\/#website","url":"https:\/\/riberasalud.com\/virgen-de-la-caridad\/","name":"CMVCaridad","description":"Centro M\u00e9dico Virgen de la Caridad","publisher":{"@id":"https:\/\/riberasalud.com\/virgen-de-la-caridad\/#organization"},"potentialAction":[{"@type":"SearchAction","target":{"@type":"EntryPoint","urlTemplate":"https:\/\/riberasalud.com\/virgen-de-la-caridad\/?s={search_term_string}"},"query-input":"required name=search_term_string"}],"inLanguage":"es"},{"@type":"Organization","@id":"https:\/\/riberasalud.com\/virgen-de-la-caridad\/#organization","name":"Centro M\u00e9dico Virgen de la Caridad","url":"https:\/\/riberasalud.com\/virgen-de-la-caridad\/","logo":{"@type":"ImageObject","inLanguage":"es","@id":"https:\/\/riberasalud.com\/virgen-de-la-caridad\/#\/schema\/logo\/image\/","url":"https:\/\/www.riberasalud.com\/virgen-de-la-caridad\/wp-content\/uploads\/Logotipo.jpg","contentUrl":"https:\/\/www.riberasalud.com\/virgen-de-la-caridad\/wp-content\/uploads\/Logotipo.jpg","width":1075,"height":830,"caption":"Centro M\u00e9dico Virgen de la Caridad"},"image":{"@id":"https:\/\/riberasalud.com\/virgen-de-la-caridad\/#\/schema\/logo\/image\/"},"sameAs":["https:\/\/www.facebook.com\/cmvcaridad","https:\/\/twitter.com\/cmvcaridad","https:\/\/www.instagram.com\/cmvcaridad\/","https:\/\/www.linkedin.com\/in\/hospital-cmvcaridad-cartagena-26324a167\/","https:\/\/www.youtube.com\/channel\/UCgs0wtljxjQU7dStwObgDiw"]}]}},"_links":{"self":[{"href":"https:\/\/riberasalud.com\/virgen-de-la-caridad\/wp-json\/wp\/v2\/pages\/3"}],"collection":[{"href":"https:\/\/riberasalud.com\/virgen-de-la-caridad\/wp-json\/wp\/v2\/pages"}],"about":[{"href":"https:\/\/riberasalud.com\/virgen-de-la-caridad\/wp-json\/wp\/v2\/types\/page"}],"author":[{"embeddable":true,"href":"https:\/\/riberasalud.com\/virgen-de-la-caridad\/wp-json\/wp\/v2\/users\/1"}],"replies":[{"embeddable":true,"href":"https:\/\/riberasalud.com\/virgen-de-la-caridad\/wp-json\/wp\/v2\/comments?post=3"}],"version-history":[{"count":56,"href":"https:\/\/riberasalud.com\/virgen-de-la-caridad\/wp-json\/wp\/v2\/pages\/3\/revisions"}],"predecessor-version":[{"id":16131,"href":"https:\/\/riberasalud.com\/virgen-de-la-caridad\/wp-json\/wp\/v2\/pages\/3\/revisions\/16131"}],"wp:attachment":[{"href":"https:\/\/riberasalud.com\/virgen-de-la-caridad\/wp-json\/wp\/v2\/media?parent=3"}],"curies":[{"name":"wp","href":"https:\/\/api.w.org\/{rel}","templated":true}]}}