{"id":17633,"date":"2025-09-22T09:13:27","date_gmt":"2025-09-22T07:13:27","guid":{"rendered":"https:\/\/www.riberasalud.com\/virgen-de-la-caridad\/?page_id=17633"},"modified":"2026-01-29T08:57:44","modified_gmt":"2026-01-29T07:57:44","slug":"portal-del-paciente","status":"publish","type":"page","link":"https:\/\/riberasalud.com\/virgen-de-la-caridad\/portal-del-paciente\/","title":{"rendered":"Portal del paciente"},"content":{"rendered":"\t\t<div data-elementor-type=\"wp-page\" data-elementor-id=\"17633\" class=\"elementor elementor-17633\" data-elementor-post-type=\"page\">\n\t\t\t\t\t\t<section class=\"elementor-section elementor-top-section elementor-element elementor-element-65164d1 elementor-section-full_width elementor-section-stretched elementor-section-height-default elementor-section-height-default\" data-id=\"65164d1\" data-element_type=\"section\" data-settings=\"{&quot;stretch_section&quot;:&quot;section-stretched&quot;,&quot;background_background&quot;:&quot;classic&quot;,&quot;jet_parallax_layout_list&quot;:[{&quot;jet_parallax_layout_image&quot;:{&quot;url&quot;:&quot;&quot;,&quot;id&quot;:&quot;&quot;,&quot;size&quot;:&quot;&quot;},&quot;_id&quot;:&quot;f738e84&quot;,&quot;jet_parallax_layout_image_tablet&quot;:{&quot;url&quot;:&quot;&quot;,&quot;id&quot;:&quot;&quot;,&quot;size&quot;:&quot;&quot;},&quot;jet_parallax_layout_image_mobile&quot;:{&quot;url&quot;:&quot;&quot;,&quot;id&quot;:&quot;&quot;,&quot;size&quot;:&quot;&quot;},&quot;jet_parallax_layout_speed&quot;:{&quot;unit&quot;:&quot;%&quot;,&quot;size&quot;:50,&quot;sizes&quot;:[]},&quot;jet_parallax_layout_type&quot;:&quot;scroll&quot;,&quot;jet_parallax_layout_direction&quot;:null,&quot;jet_parallax_layout_fx_direction&quot;:null,&quot;jet_parallax_layout_z_index&quot;:&quot;&quot;,&quot;jet_parallax_layout_bg_x&quot;:50,&quot;jet_parallax_layout_bg_x_tablet&quot;:&quot;&quot;,&quot;jet_parallax_layout_bg_x_mobile&quot;:&quot;&quot;,&quot;jet_parallax_layout_bg_y&quot;:50,&quot;jet_parallax_layout_bg_y_tablet&quot;:&quot;&quot;,&quot;jet_parallax_layout_bg_y_mobile&quot;:&quot;&quot;,&quot;jet_parallax_layout_bg_size&quot;:&quot;auto&quot;,&quot;jet_parallax_layout_bg_size_tablet&quot;:&quot;&quot;,&quot;jet_parallax_layout_bg_size_mobile&quot;:&quot;&quot;,&quot;jet_parallax_layout_animation_prop&quot;:&quot;transform&quot;,&quot;jet_parallax_layout_on&quot;:[&quot;desktop&quot;,&quot;tablet&quot;]}]}\">\n\t\t\t\t\t\t\t<div class=\"elementor-background-overlay\"><\/div>\n\t\t\t\t\t\t\t<div class=\"elementor-container elementor-column-gap-no\">\n\t\t\t\t\t<div class=\"elementor-column elementor-col-100 elementor-top-column elementor-element elementor-element-5d66fe6\" data-id=\"5d66fe6\" data-element_type=\"column\">\n\t\t\t<div class=\"elementor-widget-wrap elementor-element-populated\">\n\t\t\t\t\t\t<div class=\"elementor-element elementor-element-54c9f2d elementor-widget elementor-widget-spacer\" data-id=\"54c9f2d\" data-element_type=\"widget\" data-widget_type=\"spacer.default\">\n\t\t\t\t<div class=\"elementor-widget-container\">\n\t\t\t<style>\/*! elementor - v3.20.0 - 26-03-2024 *\/\n.elementor-column .elementor-spacer-inner{height:var(--spacer-size)}.e-con{--container-widget-width:100%}.e-con-inner>.elementor-widget-spacer,.e-con>.elementor-widget-spacer{width:var(--container-widget-width,var(--spacer-size));--align-self:var(--container-widget-align-self,initial);--flex-shrink:0}.e-con-inner>.elementor-widget-spacer>.elementor-widget-container,.e-con>.elementor-widget-spacer>.elementor-widget-container{height:100%;width:100%}.e-con-inner>.elementor-widget-spacer>.elementor-widget-container>.elementor-spacer,.e-con>.elementor-widget-spacer>.elementor-widget-container>.elementor-spacer{height:100%}.e-con-inner>.elementor-widget-spacer>.elementor-widget-container>.elementor-spacer>.elementor-spacer-inner,.e-con>.elementor-widget-spacer>.elementor-widget-container>.elementor-spacer>.elementor-spacer-inner{height:var(--container-widget-height,var(--spacer-size))}.e-con-inner>.elementor-widget-spacer.elementor-widget-empty,.e-con>.elementor-widget-spacer.elementor-widget-empty{position:relative;min-height:22px;min-width:22px}.e-con-inner>.elementor-widget-spacer.elementor-widget-empty .elementor-widget-empty-icon,.e-con>.elementor-widget-spacer.elementor-widget-empty .elementor-widget-empty-icon{position:absolute;top:0;bottom:0;left:0;right:0;margin:auto;padding:0;width:22px;height:22px}<\/style>\t\t<div class=\"elementor-spacer\">\n\t\t\t<div class=\"elementor-spacer-inner\"><\/div>\n\t\t<\/div>\n\t\t\t\t<\/div>\n\t\t\t\t<\/div>\n\t\t\t\t<div class=\"elementor-element elementor-element-4bf2448 elementor-widget elementor-widget-breadcrumbs\" data-id=\"4bf2448\" data-element_type=\"widget\" data-widget_type=\"breadcrumbs.default\">\n\t\t\t\t<div class=\"elementor-widget-container\">\n\t\t\t<link rel=\"stylesheet\" href=\"https:\/\/riberasalud.com\/virgen-de-la-caridad\/wp-content\/plugins\/elementor-pro\/assets\/css\/widget-theme-elements.min.css\"><p id=\"breadcrumbs\"><span><span><a href=\"https:\/\/riberasalud.com\/virgen-de-la-caridad\/\">Inicio<\/a><\/span><\/span><\/p>\t\t<\/div>\n\t\t\t\t<\/div>\n\t\t\t\t\t<\/div>\n\t\t<\/div>\n\t\t\t\t\t<\/div>\n\t\t<\/section>\n\t\t\t\t<section class=\"elementor-section elementor-top-section elementor-element elementor-element-8aabf93 elementor-section-boxed elementor-section-height-default elementor-section-height-default\" data-id=\"8aabf93\" data-element_type=\"section\" data-settings=\"{&quot;jet_parallax_layout_list&quot;:[{&quot;jet_parallax_layout_image&quot;:{&quot;url&quot;:&quot;&quot;,&quot;id&quot;:&quot;&quot;,&quot;size&quot;:&quot;&quot;},&quot;_id&quot;:&quot;a58dc60&quot;,&quot;jet_parallax_layout_image_tablet&quot;:{&quot;url&quot;:&quot;&quot;,&quot;id&quot;:&quot;&quot;,&quot;size&quot;:&quot;&quot;},&quot;jet_parallax_layout_image_mobile&quot;:{&quot;url&quot;:&quot;&quot;,&quot;id&quot;:&quot;&quot;,&quot;size&quot;:&quot;&quot;},&quot;jet_parallax_layout_speed&quot;:{&quot;unit&quot;:&quot;%&quot;,&quot;size&quot;:50,&quot;sizes&quot;:[]},&quot;jet_parallax_layout_type&quot;:&quot;scroll&quot;,&quot;jet_parallax_layout_direction&quot;:null,&quot;jet_parallax_layout_fx_direction&quot;:null,&quot;jet_parallax_layout_z_index&quot;:&quot;&quot;,&quot;jet_parallax_layout_bg_x&quot;:50,&quot;jet_parallax_layout_bg_x_tablet&quot;:&quot;&quot;,&quot;jet_parallax_layout_bg_x_mobile&quot;:&quot;&quot;,&quot;jet_parallax_layout_bg_y&quot;:50,&quot;jet_parallax_layout_bg_y_tablet&quot;:&quot;&quot;,&quot;jet_parallax_layout_bg_y_mobile&quot;:&quot;&quot;,&quot;jet_parallax_layout_bg_size&quot;:&quot;auto&quot;,&quot;jet_parallax_layout_bg_size_tablet&quot;:&quot;&quot;,&quot;jet_parallax_layout_bg_size_mobile&quot;:&quot;&quot;,&quot;jet_parallax_layout_animation_prop&quot;:&quot;transform&quot;,&quot;jet_parallax_layout_on&quot;:[&quot;desktop&quot;,&quot;tablet&quot;]}]}\">\n\t\t\t\t\t\t<div class=\"elementor-container elementor-column-gap-default\">\n\t\t\t\t\t<div class=\"elementor-column elementor-col-100 elementor-top-column elementor-element elementor-element-f00c764\" data-id=\"f00c764\" data-element_type=\"column\">\n\t\t\t<div class=\"elementor-widget-wrap elementor-element-populated\">\n\t\t\t\t\t\t<div class=\"elementor-element elementor-element-3f78688 elementor-widget elementor-widget-heading\" data-id=\"3f78688\" data-element_type=\"widget\" data-widget_type=\"heading.default\">\n\t\t\t\t<div class=\"elementor-widget-container\">\n\t\t\t<style>\/*! elementor - v3.20.0 - 26-03-2024 *\/\n.elementor-heading-title{padding:0;margin:0;line-height:1}.elementor-widget-heading .elementor-heading-title[class*=elementor-size-]>a{color:inherit;font-size:inherit;line-height:inherit}.elementor-widget-heading .elementor-heading-title.elementor-size-small{font-size:15px}.elementor-widget-heading .elementor-heading-title.elementor-size-medium{font-size:19px}.elementor-widget-heading .elementor-heading-title.elementor-size-large{font-size:29px}.elementor-widget-heading .elementor-heading-title.elementor-size-xl{font-size:39px}.elementor-widget-heading .elementor-heading-title.elementor-size-xxl{font-size:59px}<\/style><h1 class=\"elementor-heading-title elementor-size-default\">PORTAL DEL PACIENTE<\/h1>\t\t<\/div>\n\t\t\t\t<\/div>\n\t\t\t\t<div class=\"elementor-element elementor-element-5a53cda elementor-widget elementor-widget-heading\" data-id=\"5a53cda\" data-element_type=\"widget\" data-widget_type=\"heading.default\">\n\t\t\t\t<div class=\"elementor-widget-container\">\n\t\t\t<h2 class=\"elementor-heading-title elementor-size-default\">Pedir tu cita nunca fue tan sencillo<\/h2>\t\t<\/div>\n\t\t\t\t<\/div>\n\t\t\t\t<div class=\"elementor-element elementor-element-96a582b elementor-widget elementor-widget-heading\" data-id=\"96a582b\" data-element_type=\"widget\" data-widget_type=\"heading.default\">\n\t\t\t\t<div class=\"elementor-widget-container\">\n\t\t\t<p class=\"elementor-heading-title elementor-size-default\">Queremos pon\u00e9rtelo f\u00e1cil a la hora de pedir tu cita m\u00e9dica. Solo tienes que elegir el centro que te venga mejor...<\/p>\t\t<\/div>\n\t\t\t\t<\/div>\n\t\t\t\t<section class=\"elementor-section elementor-inner-section elementor-element elementor-element-954f0c7 elementor-section-boxed elementor-section-height-default elementor-section-height-default\" data-id=\"954f0c7\" data-element_type=\"section\" data-settings=\"{&quot;jet_parallax_layout_list&quot;:[]}\">\n\t\t\t\t\t\t<div class=\"elementor-container elementor-column-gap-custom\">\n\t\t\t\t\t<div class=\"elementor-column elementor-col-33 elementor-inner-column elementor-element elementor-element-86aa7d2\" data-id=\"86aa7d2\" data-element_type=\"column\">\n\t\t\t<div class=\"elementor-widget-wrap elementor-element-populated\">\n\t\t\t\t\t\t<div class=\"elementor-element elementor-element-628c3bf elementor-widget elementor-widget-text-editor\" data-id=\"628c3bf\" data-element_type=\"widget\" data-widget_type=\"text-editor.default\">\n\t\t\t\t<div class=\"elementor-widget-container\">\n\t\t\t<style>\/*! elementor - v3.20.0 - 26-03-2024 *\/\n.elementor-widget-text-editor.elementor-drop-cap-view-stacked .elementor-drop-cap{background-color:#69727d;color:#fff}.elementor-widget-text-editor.elementor-drop-cap-view-framed .elementor-drop-cap{color:#69727d;border:3px solid;background-color:transparent}.elementor-widget-text-editor:not(.elementor-drop-cap-view-default) .elementor-drop-cap{margin-top:8px}.elementor-widget-text-editor:not(.elementor-drop-cap-view-default) .elementor-drop-cap-letter{width:1em;height:1em}.elementor-widget-text-editor .elementor-drop-cap{float:left;text-align:center;line-height:1;font-size:50px}.elementor-widget-text-editor .elementor-drop-cap-letter{display:inline-block}<\/style>\t\t\t\t<p>Si deseas coger cita m\u00e9dica en <strong>Ribera San Javier, Ribera Mar Menor Pinatar, Ribera Campoamor o Ribera Caravaca:<\/strong><\/p>\t\t\t\t\t\t<\/div>\n\t\t\t\t<\/div>\n\t\t\t\t<div class=\"elementor-element elementor-element-eb6bc5f elementor-align-center btntxtblanco elementor-widget elementor-widget-button\" data-id=\"eb6bc5f\" data-element_type=\"widget\" data-widget_type=\"button.default\">\n\t\t\t\t<div class=\"elementor-widget-container\">\n\t\t\t\t\t<div class=\"elementor-button-wrapper\">\n\t\t\t<a class=\"elementor-button elementor-button-link elementor-size-sm\" href=\"https:\/\/portaldelpaciente.riberasaludapp.com\/Account\/Login?ReturnUrl=%2f#\/Home\/IndexGeneral\" target=\"_blank\">\n\t\t\t\t\t\t<span class=\"elementor-button-content-wrapper\">\n\t\t\t\t\t\t<span class=\"elementor-button-text\">Pide cita aqu\u00ed<\/span>\n\t\t<\/span>\n\t\t\t\t\t<\/a>\n\t\t<\/div>\n\t\t\t\t<\/div>\n\t\t\t\t<\/div>\n\t\t\t\t\t<\/div>\n\t\t<\/div>\n\t\t\t\t<div class=\"elementor-column elementor-col-33 elementor-inner-column elementor-element elementor-element-ba46a9a\" data-id=\"ba46a9a\" data-element_type=\"column\">\n\t\t\t<div class=\"elementor-widget-wrap elementor-element-populated\">\n\t\t\t\t\t\t<div class=\"elementor-element elementor-element-71dd2ee elementor-widget elementor-widget-text-editor\" data-id=\"71dd2ee\" data-element_type=\"widget\" data-widget_type=\"text-editor.default\">\n\t\t\t\t<div class=\"elementor-widget-container\">\n\t\t\t\t\t\t\t<p><span data-teams=\"true\">Si prefieres solicitar cita en <strong>Cartagena, Los Dolores, Murcia, \u00c1guilas, Fuente \u00c1lamo, Alcantarilla, Alhama, Los Alc\u00e1zares, La Uni\u00f3n\u00a0 y Fisio Cartagena,<\/strong> puedes hacerlo pinchando aqu\u00ed:<\/span><\/p>\t\t\t\t\t\t<\/div>\n\t\t\t\t<\/div>\n\t\t\t\t<div class=\"elementor-element elementor-element-c4fc933 elementor-align-center btntxtblanco elementor-widget elementor-widget-button\" data-id=\"c4fc933\" data-element_type=\"widget\" data-widget_type=\"button.default\">\n\t\t\t\t<div class=\"elementor-widget-container\">\n\t\t\t\t\t<div class=\"elementor-button-wrapper\">\n\t\t\t<a class=\"elementor-button elementor-button-link elementor-size-sm\" href=\"https:\/\/cmvc.omi360.es\/patient-portal-webapp\/login?locale=es\" target=\"_blank\">\n\t\t\t\t\t\t<span class=\"elementor-button-content-wrapper\">\n\t\t\t\t\t\t<span class=\"elementor-button-text\">Pide cita aqu\u00ed<\/span>\n\t\t<\/span>\n\t\t\t\t\t<\/a>\n\t\t<\/div>\n\t\t\t\t<\/div>\n\t\t\t\t<\/div>\n\t\t\t\t\t<\/div>\n\t\t<\/div>\n\t\t\t\t<div class=\"elementor-column elementor-col-33 elementor-inner-column elementor-element elementor-element-3f75979\" data-id=\"3f75979\" data-element_type=\"column\" data-settings=\"{&quot;background_background&quot;:&quot;classic&quot;}\">\n\t\t\t<div class=\"elementor-widget-wrap elementor-element-populated\">\n\t\t\t\t\t\t<div class=\"elementor-element elementor-element-6fda9d9 elementor-widget elementor-widget-text-editor\" data-id=\"6fda9d9\" data-element_type=\"widget\" data-widget_type=\"text-editor.default\">\n\t\t\t\t<div class=\"elementor-widget-container\">\n\t\t\t\t\t\t\t<h3>Consulta tu centro m\u00e1s cercano<\/h3>\t\t\t\t\t\t<\/div>\n\t\t\t\t<\/div>\n\t\t\t\t<div class=\"elementor-element elementor-element-cc78f89 elementor-align-center botonblanco elementor-widget elementor-widget-button\" data-id=\"cc78f89\" data-element_type=\"widget\" data-widget_type=\"button.default\">\n\t\t\t\t<div class=\"elementor-widget-container\">\n\t\t\t\t\t<div class=\"elementor-button-wrapper\">\n\t\t\t<a class=\"elementor-button elementor-button-link elementor-size-sm\" href=\"https:\/\/www.riberasalud.com\/virgen-de-la-caridad\/nuestros-centros\/\" target=\"_blank\">\n\t\t\t\t\t\t<span class=\"elementor-button-content-wrapper\">\n\t\t\t\t\t\t<span class=\"elementor-button-text\">Ver todos los  centros<\/span>\n\t\t<\/span>\n\t\t\t\t\t<\/a>\n\t\t<\/div>\n\t\t\t\t<\/div>\n\t\t\t\t<\/div>\n\t\t\t\t\t<\/div>\n\t\t<\/div>\n\t\t\t\t\t<\/div>\n\t\t<\/section>\n\t\t\t\t\t<\/div>\n\t\t<\/div>\n\t\t\t\t\t<\/div>\n\t\t<\/section>\n\t\t\t\t<section class=\"elementor-section elementor-top-section elementor-element elementor-element-d5776ba elementor-section-boxed elementor-section-height-default elementor-section-height-default\" data-id=\"d5776ba\" data-element_type=\"section\" data-settings=\"{&quot;jet_parallax_layout_list&quot;:[]}\">\n\t\t\t\t\t\t<div class=\"elementor-container elementor-column-gap-default\">\n\t\t\t\t\t<div class=\"elementor-column elementor-col-100 elementor-top-column elementor-element elementor-element-0dd4881\" data-id=\"0dd4881\" data-element_type=\"column\">\n\t\t\t<div class=\"elementor-widget-wrap elementor-element-populated\">\n\t\t\t\t\t\t<div class=\"elementor-element elementor-element-f621e69 elementor-widget elementor-widget-spacer\" data-id=\"f621e69\" data-element_type=\"widget\" data-widget_type=\"spacer.default\">\n\t\t\t\t<div class=\"elementor-widget-container\">\n\t\t\t\t\t<div class=\"elementor-spacer\">\n\t\t\t<div class=\"elementor-spacer-inner\"><\/div>\n\t\t<\/div>\n\t\t\t\t<\/div>\n\t\t\t\t<\/div>\n\t\t\t\t\t<\/div>\n\t\t<\/div>\n\t\t\t\t\t<\/div>\n\t\t<\/section>\n\t\t\t\t<\/div>\n\t\t","protected":false},"excerpt":{"rendered":"<p>PORTAL DEL PACIENTE Pedir tu cita nunca fue tan sencillo Queremos pon\u00e9rtelo f\u00e1cil a la hora de pedir tu cita m\u00e9dica. Solo tienes que elegir el centro que te venga mejor&#8230; Si deseas coger cita m\u00e9dica en Ribera San Javier, Ribera Mar Menor Pinatar, Ribera Campoamor o Ribera Caravaca: Pide cita aqu\u00ed Si prefieres solicitar [&hellip;]<\/p>\n","protected":false},"author":7,"featured_media":0,"parent":0,"menu_order":0,"comment_status":"closed","ping_status":"closed","template":"","meta":{"footnotes":""},"yoast_head":"<!-- This site is optimized with the Yoast SEO plugin v22.1 - https:\/\/yoast.com\/wordpress\/plugins\/seo\/ -->\n<title>Portal del paciente - CMVCaridad<\/title>\n<meta name=\"description\" content=\"Pedir tu cita nunca fue tan sencillo. Queremos pon\u00e9rtelo f\u00e1cil a la hora de pedir tu cita m\u00e9dica en nuestros centros asistenciales de Murcia.\" \/>\n<meta name=\"robots\" content=\"index, follow, max-snippet:-1, max-image-preview:large, max-video-preview:-1\" \/>\n<link rel=\"canonical\" href=\"https:\/\/riberasalud.com\/virgen-de-la-caridad\/portal-del-paciente\/\" \/>\n<meta property=\"og:locale\" content=\"es_ES\" \/>\n<meta property=\"og:type\" content=\"article\" \/>\n<meta property=\"og:title\" content=\"Portal del paciente - CMVCaridad\" \/>\n<meta property=\"og:description\" content=\"Pedir tu cita nunca fue tan sencillo. Queremos pon\u00e9rtelo f\u00e1cil a la hora de pedir tu cita m\u00e9dica en nuestros centros asistenciales de Murcia.\" \/>\n<meta property=\"og:url\" content=\"https:\/\/riberasalud.com\/virgen-de-la-caridad\/portal-del-paciente\/\" \/>\n<meta property=\"og:site_name\" content=\"CMVCaridad\" \/>\n<meta property=\"article:publisher\" content=\"https:\/\/www.facebook.com\/cmvcaridad\" \/>\n<meta property=\"article:modified_time\" content=\"2026-01-29T07:57:44+00:00\" \/>\n<meta name=\"twitter:card\" content=\"summary_large_image\" \/>\n<meta name=\"twitter:site\" content=\"@cmvcaridad\" \/>\n<meta name=\"twitter:label1\" content=\"Tiempo de lectura\" \/>\n\t<meta name=\"twitter:data1\" content=\"1 minuto\" \/>\n<script type=\"application\/ld+json\" class=\"yoast-schema-graph\">{\"@context\":\"https:\/\/schema.org\",\"@graph\":[{\"@type\":\"WebPage\",\"@id\":\"https:\/\/riberasalud.com\/virgen-de-la-caridad\/portal-del-paciente\/\",\"url\":\"https:\/\/riberasalud.com\/virgen-de-la-caridad\/portal-del-paciente\/\",\"name\":\"Portal del paciente - CMVCaridad\",\"isPartOf\":{\"@id\":\"https:\/\/riberasalud.com\/virgen-de-la-caridad\/#website\"},\"datePublished\":\"2025-09-22T07:13:27+00:00\",\"dateModified\":\"2026-01-29T07:57:44+00:00\",\"description\":\"Pedir tu cita nunca fue tan sencillo. Queremos pon\u00e9rtelo f\u00e1cil a la hora de pedir tu cita m\u00e9dica en nuestros centros asistenciales de Murcia.\",\"breadcrumb\":{\"@id\":\"https:\/\/riberasalud.com\/virgen-de-la-caridad\/portal-del-paciente\/#breadcrumb\"},\"inLanguage\":\"es\",\"potentialAction\":[{\"@type\":\"ReadAction\",\"target\":[\"https:\/\/riberasalud.com\/virgen-de-la-caridad\/portal-del-paciente\/\"]}]},{\"@type\":\"BreadcrumbList\",\"@id\":\"https:\/\/riberasalud.com\/virgen-de-la-caridad\/portal-del-paciente\/#breadcrumb\",\"itemListElement\":[{\"@type\":\"ListItem\",\"position\":1,\"name\":\"Inicio\",\"item\":\"https:\/\/riberasalud.com\/virgen-de-la-caridad\/\"},{\"@type\":\"ListItem\",\"position\":2,\"name\":\"Portal del paciente\"}]},{\"@type\":\"WebSite\",\"@id\":\"https:\/\/riberasalud.com\/virgen-de-la-caridad\/#website\",\"url\":\"https:\/\/riberasalud.com\/virgen-de-la-caridad\/\",\"name\":\"CMVCaridad\",\"description\":\"Centro M\u00e9dico Virgen de la Caridad\",\"publisher\":{\"@id\":\"https:\/\/riberasalud.com\/virgen-de-la-caridad\/#organization\"},\"potentialAction\":[{\"@type\":\"SearchAction\",\"target\":{\"@type\":\"EntryPoint\",\"urlTemplate\":\"https:\/\/riberasalud.com\/virgen-de-la-caridad\/?s={search_term_string}\"},\"query-input\":\"required name=search_term_string\"}],\"inLanguage\":\"es\"},{\"@type\":\"Organization\",\"@id\":\"https:\/\/riberasalud.com\/virgen-de-la-caridad\/#organization\",\"name\":\"Centro M\u00e9dico Virgen de la Caridad\",\"url\":\"https:\/\/riberasalud.com\/virgen-de-la-caridad\/\",\"logo\":{\"@type\":\"ImageObject\",\"inLanguage\":\"es\",\"@id\":\"https:\/\/riberasalud.com\/virgen-de-la-caridad\/#\/schema\/logo\/image\/\",\"url\":\"https:\/\/www.riberasalud.com\/virgen-de-la-caridad\/wp-content\/uploads\/Logotipo.jpg\",\"contentUrl\":\"https:\/\/www.riberasalud.com\/virgen-de-la-caridad\/wp-content\/uploads\/Logotipo.jpg\",\"width\":1075,\"height\":830,\"caption\":\"Centro M\u00e9dico Virgen de la Caridad\"},\"image\":{\"@id\":\"https:\/\/riberasalud.com\/virgen-de-la-caridad\/#\/schema\/logo\/image\/\"},\"sameAs\":[\"https:\/\/www.facebook.com\/cmvcaridad\",\"https:\/\/twitter.com\/cmvcaridad\",\"https:\/\/www.instagram.com\/cmvcaridad\/\",\"https:\/\/www.linkedin.com\/in\/hospital-cmvcaridad-cartagena-26324a167\/\",\"https:\/\/www.youtube.com\/channel\/UCgs0wtljxjQU7dStwObgDiw\"]}]}<\/script>\n<!-- \/ Yoast SEO plugin. -->","yoast_head_json":{"title":"Portal del paciente - CMVCaridad","description":"Pedir tu cita nunca fue tan sencillo. Queremos pon\u00e9rtelo f\u00e1cil a la hora de pedir tu cita m\u00e9dica en nuestros centros asistenciales de Murcia.","robots":{"index":"index","follow":"follow","max-snippet":"max-snippet:-1","max-image-preview":"max-image-preview:large","max-video-preview":"max-video-preview:-1"},"canonical":"https:\/\/riberasalud.com\/virgen-de-la-caridad\/portal-del-paciente\/","og_locale":"es_ES","og_type":"article","og_title":"Portal del paciente - CMVCaridad","og_description":"Pedir tu cita nunca fue tan sencillo. Queremos pon\u00e9rtelo f\u00e1cil a la hora de pedir tu cita m\u00e9dica en nuestros centros asistenciales de Murcia.","og_url":"https:\/\/riberasalud.com\/virgen-de-la-caridad\/portal-del-paciente\/","og_site_name":"CMVCaridad","article_publisher":"https:\/\/www.facebook.com\/cmvcaridad","article_modified_time":"2026-01-29T07:57:44+00:00","twitter_card":"summary_large_image","twitter_site":"@cmvcaridad","twitter_misc":{"Tiempo de lectura":"1 minuto"},"schema":{"@context":"https:\/\/schema.org","@graph":[{"@type":"WebPage","@id":"https:\/\/riberasalud.com\/virgen-de-la-caridad\/portal-del-paciente\/","url":"https:\/\/riberasalud.com\/virgen-de-la-caridad\/portal-del-paciente\/","name":"Portal del paciente - CMVCaridad","isPartOf":{"@id":"https:\/\/riberasalud.com\/virgen-de-la-caridad\/#website"},"datePublished":"2025-09-22T07:13:27+00:00","dateModified":"2026-01-29T07:57:44+00:00","description":"Pedir tu cita nunca fue tan sencillo. Queremos pon\u00e9rtelo f\u00e1cil a la hora de pedir tu cita m\u00e9dica en nuestros centros asistenciales de Murcia.","breadcrumb":{"@id":"https:\/\/riberasalud.com\/virgen-de-la-caridad\/portal-del-paciente\/#breadcrumb"},"inLanguage":"es","potentialAction":[{"@type":"ReadAction","target":["https:\/\/riberasalud.com\/virgen-de-la-caridad\/portal-del-paciente\/"]}]},{"@type":"BreadcrumbList","@id":"https:\/\/riberasalud.com\/virgen-de-la-caridad\/portal-del-paciente\/#breadcrumb","itemListElement":[{"@type":"ListItem","position":1,"name":"Inicio","item":"https:\/\/riberasalud.com\/virgen-de-la-caridad\/"},{"@type":"ListItem","position":2,"name":"Portal del paciente"}]},{"@type":"WebSite","@id":"https:\/\/riberasalud.com\/virgen-de-la-caridad\/#website","url":"https:\/\/riberasalud.com\/virgen-de-la-caridad\/","name":"CMVCaridad","description":"Centro M\u00e9dico Virgen de la Caridad","publisher":{"@id":"https:\/\/riberasalud.com\/virgen-de-la-caridad\/#organization"},"potentialAction":[{"@type":"SearchAction","target":{"@type":"EntryPoint","urlTemplate":"https:\/\/riberasalud.com\/virgen-de-la-caridad\/?s={search_term_string}"},"query-input":"required name=search_term_string"}],"inLanguage":"es"},{"@type":"Organization","@id":"https:\/\/riberasalud.com\/virgen-de-la-caridad\/#organization","name":"Centro M\u00e9dico Virgen de la Caridad","url":"https:\/\/riberasalud.com\/virgen-de-la-caridad\/","logo":{"@type":"ImageObject","inLanguage":"es","@id":"https:\/\/riberasalud.com\/virgen-de-la-caridad\/#\/schema\/logo\/image\/","url":"https:\/\/www.riberasalud.com\/virgen-de-la-caridad\/wp-content\/uploads\/Logotipo.jpg","contentUrl":"https:\/\/www.riberasalud.com\/virgen-de-la-caridad\/wp-content\/uploads\/Logotipo.jpg","width":1075,"height":830,"caption":"Centro M\u00e9dico Virgen de la Caridad"},"image":{"@id":"https:\/\/riberasalud.com\/virgen-de-la-caridad\/#\/schema\/logo\/image\/"},"sameAs":["https:\/\/www.facebook.com\/cmvcaridad","https:\/\/twitter.com\/cmvcaridad","https:\/\/www.instagram.com\/cmvcaridad\/","https:\/\/www.linkedin.com\/in\/hospital-cmvcaridad-cartagena-26324a167\/","https:\/\/www.youtube.com\/channel\/UCgs0wtljxjQU7dStwObgDiw"]}]}},"_links":{"self":[{"href":"https:\/\/riberasalud.com\/virgen-de-la-caridad\/wp-json\/wp\/v2\/pages\/17633"}],"collection":[{"href":"https:\/\/riberasalud.com\/virgen-de-la-caridad\/wp-json\/wp\/v2\/pages"}],"about":[{"href":"https:\/\/riberasalud.com\/virgen-de-la-caridad\/wp-json\/wp\/v2\/types\/page"}],"author":[{"embeddable":true,"href":"https:\/\/riberasalud.com\/virgen-de-la-caridad\/wp-json\/wp\/v2\/users\/7"}],"replies":[{"embeddable":true,"href":"https:\/\/riberasalud.com\/virgen-de-la-caridad\/wp-json\/wp\/v2\/comments?post=17633"}],"version-history":[{"count":96,"href":"https:\/\/riberasalud.com\/virgen-de-la-caridad\/wp-json\/wp\/v2\/pages\/17633\/revisions"}],"predecessor-version":[{"id":19564,"href":"https:\/\/riberasalud.com\/virgen-de-la-caridad\/wp-json\/wp\/v2\/pages\/17633\/revisions\/19564"}],"wp:attachment":[{"href":"https:\/\/riberasalud.com\/virgen-de-la-caridad\/wp-json\/wp\/v2\/media?parent=17633"}],"curies":[{"name":"wp","href":"https:\/\/api.w.org\/{rel}","templated":true}]}}