{"id":13,"date":"2021-11-22T18:08:11","date_gmt":"2021-11-22T17:08:11","guid":{"rendered":"https:\/\/kava.servidorbilnea.com\/?page_id=13"},"modified":"2024-07-01T10:15:49","modified_gmt":"2024-07-01T08:15:49","slug":"aviso-legal","status":"publish","type":"page","link":"https:\/\/riberasalud.com\/virgen-de-la-caridad\/aviso-legal\/","title":{"rendered":"Aviso legal"},"content":{"rendered":"<p>Centro M\u00e9dico Virgen de la Caridad, S.L (en adelante \u201cGrupo CMVCaridad\u201d), informa al usuario que el acceso y uso de la p\u00e1gina web https:\/\/www.riberasalud.com\/virgen-de-la-caridad\/ est\u00e1 sujeta a las presentes condiciones de uso, por lo que recomendamos su lectura al acceder a nuestro sitio web.<\/p>\n<p><strong>I. Informaci\u00f3n general.<\/strong><\/p>\n<p>En cumplimiento de lo dispuesto en el art\u00edculo 10 de la Ley 34\/2002 de Servicios de la Sociedad de la Informaci\u00f3n y Comercio Electr\u00f3nico (en adelante, \u201cLSSI\u201d), la entidad Centro M\u00e9dico Virgen de la Caridad, S.L, con NIF B-30722672, con domicilio social en C\/ Jorge Juan 30, 30204 Cartagena. La direcci\u00f3n de correo electr\u00f3nico de contacto es ayuda.citaonline.cmvc@riberacare.com y n\u00famero de tel\u00e9fono (+34) 968 50 66 66.<\/p>\n<p><strong>II. Derechos de Propiedad Intelectual e Industrial.<\/strong><\/p>\n<p>Todos los contenidos de la p\u00e1gina web est\u00e1n protegidos por la normativa reguladora de Propiedad Intelectual e Industrial, en particular por el Real Decreto Legislativo 1\/1996, de 12 de abril, por el que se aprueba el texto refundido de la Ley de Propiedad Intelectual y por la Ley 17\/2001, de 7 de diciembre, de Marcas. Los derechos sobre los contenidos pertenecen a Grupo CMVCaridad, o en su caso, a terceros.<\/p>\n<p>En ning\u00fan caso, el acceso a nuestra p\u00e1gina web implica la cesi\u00f3n, transmisi\u00f3n o cualquier otro tipo de renuncia, ni total ni parcial, de los derechos de Propiedad Intelectual o Industrial. El usuario que acceda a nuestro sitio web \u00fanicamente podr\u00e1 visualizar y obtener copia privada de los contenidos siempre y cuando dicha copia sea, \u00fanica y exclusivamente, para su uso personal y privado; quedando terminantemente prohibida su utilizaci\u00f3n para fines comerciales. El usuario del sitio web deber\u00e1 abstenerse de suprimir, alterar, eludir o manipular cualquier dispositivo de protecci\u00f3n o sistemas de seguridad que puedan estar instalados en la misma.<\/p>\n<p>El uso no autorizado de los materiales e informaci\u00f3n contenida en el sitio web pueden suponer la violaci\u00f3n de la legislaci\u00f3n sobre propiedad intelectual o industrial y de otras normativas aplicables. Grupo CMVCaridad se reserva, en consecuencia, el derecho de perseguir judicialmente cualquier infracci\u00f3n de sus derechos de propiedad intelectual e industrial.<\/p>\n<p><strong>III. Condiciones Generales de Uso.<\/strong><\/p>\n<p>El usuario se compromete a utilizar el sitio web de conformidad con la ley, el presente aviso legal, reglamentos e instrucciones puestos en su conocimiento, as\u00ed como la moral, las buenas costumbres generalmente aceptadas y el orden p\u00fablico.<\/p>\n<p>Queda expresamente prohibida la utilizaci\u00f3n del presente sitio web con fines lesivos o intereses de Grupo CMVCaridad o de terceros, que de cualquier forma sobrecarguen, da\u00f1en, inutilicen o deterioren las redes, servidores, equipos inform\u00e1ticos, productos y\/o aplicaciones de Grupo CMVcaridad o de terceros, que impidan su normal utilizaci\u00f3n.<\/p>\n<p><strong>\u00a0IV. <\/strong><strong>Limitaci\u00f3n de la responsabilidad.<\/strong><\/p>\n<p>Grupo CMVCaridad no es responsable de los da\u00f1os y perjuicios que pudieran derivarse del acceso y la navegaci\u00f3n a trav\u00e9s de este sitio web, como los producidos en sistemas inform\u00e1ticos, por ejemplo, en caso de virus y\/o cualquier otra forma de ataque inform\u00e1tico.<\/p>\n<p>Grupo CMVCaridad no se responsabiliza de los da\u00f1os y perjuicios que pudieran derivarse de una mala o incorrecta utilizaci\u00f3n de esta web por parte de los usuarios, ni tampoco asume ning\u00fan tipo de responsabilidad por incidencias en las redes de telecomunicaciones, tales como, por ejemplo, ca\u00eddas, ausencia o defectos en dichas telecomunicaciones, ajenas a la voluntad y el control de Grupo CMVCaridad .<\/p>\n<p>En ning\u00fan caso se garantiza la veracidad e integridad de ninguna informaci\u00f3n contenida en el sitio web que no sea de elaboraci\u00f3n propia y de las que se cite otra fuente de procedencia. Tampoco Grupo CMVCaridad responde de la informaci\u00f3n que se contenga en otros sitios web a los que el usuario pueda acceder por medio hiperenlace facilitado desde la web y remite al usuario a las advertencias legales, condiciones de uso y navegaci\u00f3n que puedan haber establecido los titulares de esos otros sitios web. Por lo tanto, Grupo CMVCaridad no se responsabiliza de ning\u00fan da\u00f1o o perjuicio que pudiera derivarse para el usuario de la utilizaci\u00f3n que haga de la informaci\u00f3n a la que acceda a trav\u00e9s de esos hiperenlaces, que en ning\u00fan momento constituyen, ni deben ser entendidos por el usuario como patrocinio, promoci\u00f3n o recomendaci\u00f3n por parte de Grupo CMVCaridad .<\/p>\n<p>Grupo CMVCaridad no se responsabiliza de las discrepancias que, eventual y transitoriamente, pudieran acontecer entre la informaci\u00f3n impresa y la versi\u00f3n electr\u00f3nica de aspectos corporativos contenidos en este sitio web.<\/p>\n<p><strong>V. Redes Sociales.<\/strong><\/p>\n<p>Respecto a los enlaces a los perfiles de las redes sociales que aparecen en el sitio web, informamos al usuario de que Grupo CMVCaridad es el prestador de los servicios de la sociedad de la informaci\u00f3n conforme a la LSSI.<\/p>\n<p>Le recordamos que las redes sociales referenciadas tienen sus propios t\u00e9rminos y condiciones que usted debe respetar<strong>.<\/strong><\/p>\n<p><strong>VI. Ley aplicable y Jurisdicci\u00f3n.<\/strong><\/p>\n<p>Cualquier controversia que pudiera derivarse de la utilizaci\u00f3n o uso de este sitio web, queda sujeto a la legislaci\u00f3n espa\u00f1ola y a los juzgados y tribunales de Murcia.<\/p>\n<p><strong>VII. Otras Condiciones de Uso.<\/strong><\/p>\n<p>Grupo CMVCaridad se reserva el derecho a modificar en cualquier momento los contenidos de esta p\u00e1gina web, sin que ello suponga un perjuicio para el usuario y respetando, en su caso, las condiciones generales de contrataci\u00f3n que en cada momento est\u00e9n vigentes.<\/p>\n<p>\u00daltima actualizaci\u00f3n: junio 2024<\/p>\n<p>&nbsp;<\/p>\n<p>&nbsp;<\/p>\n<p>&nbsp;<\/p>\n<p>&nbsp;<\/p>\n<hr \/>\n<p>&nbsp;<\/p>\n<p>&nbsp;<\/p>\n<p>&nbsp;<\/p>\n<p>&nbsp;<\/p>\n<p>&nbsp;<\/p>\n<p>Centro M\u00e9dico Virgen de la Caridad, S.L (hereafter \u201cGrupo CMVCaridad\u201d), hereby informs the user that, when they access or use the web page https:\/\/www.riberasalud.com\/virgen-de-la-caridad\/ the following terms and conditions apply. We therefore recommend that you read them carefully before accessing our website.<\/p>\n<p><strong>I. <\/strong><strong>General information.<\/strong><\/p>\n<p>To comply with section 10 of Law 34\/2002 of Society of Information Services and eCommerce (hereinafter, LSSI), the company Centro M\u00e9dico Virgen de la Caridad, S.L, with NIF B-30722672, adress in C\/ Jorge Juan 30, 30204 Cartagena.<\/p>\n<p>The company\u2019s contact email is ayuda.citaonline.cmvc@riberacare.com and phone number (+34) 968 50 66 66.<\/p>\n<p><strong>II. Intellectual property and copyright.<\/strong><\/p>\n<p>All web contents are protected by the statutes and regulations governing intellectual property and copyright, in particular, Royal Legislative Decree 1\/1996, of 12 April, on Copyright and Intellectual Property, and Law 17\/2001, of 7 December, on Trademarks. The rights to the content are held by\u00a0Grupo CMVCaridad or, where applicable, by third parties.<\/p>\n<p>Under no circumstances does access to our website imply the transfer, transmission or any other type of waiver, either total or partial, of the Intellectual or Industrial Property rights. The user who accesses our website may only view and obtain a private copy of the contents as long as said copy is solely and exclusively for personal and private use; its use for commercial purposes is strictly prohibited. The user of the website must refrain from deleting, altering, evading or manipulating any protection device or security system that may be installed on the website.<\/p>\n<p>The unauthorised use of the materials and information contained in the website may involve the violation of the legislation on intellectual or industrial property and other applicable regulations. CMVCaridad Group reserves, consequently, the right to prosecute any infringement of its intellectual and industrial property rights.<\/p>\n<p><strong>III. General Terms and Conditions of Use.<\/strong><\/p>\n<p>The user represents that they will use this website in accordance with applicable laws, the present Legal Notice, and any instructions they are made aware of, as well as in accordance with the generally accepted best practices.<\/p>\n<p>It is expressly forbidden to use the website with the intent to damage the interests of Grupo CMVCaridad and third parties, or in such a manner that the networks, services, IT equipment, products and\/or applications of Grupo CMVCaridad or third parties are flooded, damaged, disrupted or rendered unavailable, thus hindering their normal use.<\/p>\n<p><strong>IV. Disclaimer. <\/strong><\/p>\n<p>Grupo CMVCaridad shall not be liable for any damage which may result from accessing or browsing this website, such as damage to IT systems in the event of a virus and\/or another type of malicious attack, for example.<\/p>\n<p>Grupo CMVCaridad will be held harmless for damages resulting from an improper use of this website on behalf of the users, and the company will further not be liable in case of incidents in the telecommunications networks, such as denial-of-service or disruptions in said telecommunications lines, which are out of Grupo CMVCaridad control.<\/p>\n<p>Grupo CMVCaridad cannot guarantee that information displayed on the website but taken from third-party sources is true and complete. Grupo CMVCaridad is further not liable for any websites which do not belong to the RIBERA SALUD Group, and which the user may access via links on the www.riberasalud.com website; RIBERA SALUD cautions the users to read the legal notices and general terms and conditions of use of said third-party sites. Therefore, Grupo CMVCaridad will not be liable for any damage which the user may suffer as a result of using the information accessed through third-party links; said links shall not be construed or interpreted by the user as an endorsement, sponsorship or recommendations made by Grupo CMVCaridad.<\/p>\n<p>Grupo CMVCaridad shall not be liable for any discrepancies which may periodically or provisionally occur between the print edition and the digital information regarding the corporation published on this website.<\/p>\n<p><strong>V. Social media.<\/strong><\/p>\n<p>Regarding any links to social media which may appear on the website, the company hereby informs the user that RIBERA SALUD is the service provider, in accordance with the definition set forth in the LSSI.<\/p>\n<p>The user is reminded that any hyperlinked social media platforms are governed by their own terms and conditions, which the user must comply with.<\/p>\n<p><strong>VI. Governing Law and Jurisdiction.<\/strong><\/p>\n<p>Any disputes which may arise from the use or browsing of our website will be governed by Spanish Law, and the courts of Murcia shall have jurisdiction over any proceedings.<\/p>\n<p><strong>VII. Miscellaneous.<\/strong><\/p>\n<p>Grupo CMVCaridad reserves the right to modify the contents of this website at any given time; said alterations shall not harm the user, and the general terms of conditions applicable to contracts will be complied with.<\/p>\n<p>Last updated on: June 2024.<\/p>\n<p>&nbsp;<\/p>\n","protected":false},"excerpt":{"rendered":"<p>Centro M\u00e9dico Virgen de la Caridad, S.L (en adelante \u201cGrupo CMVCaridad\u201d), informa al usuario que el acceso y uso de la p\u00e1gina web https:\/\/www.riberasalud.com\/virgen-de-la-caridad\/ est\u00e1 sujeta a las presentes condiciones de uso, por lo que recomendamos su lectura al acceder a nuestro sitio web. I. Informaci\u00f3n general. En cumplimiento de lo dispuesto en el art\u00edculo [&hellip;]<\/p>\n","protected":false},"author":1,"featured_media":0,"parent":0,"menu_order":0,"comment_status":"closed","ping_status":"closed","template":"","meta":{"footnotes":""},"yoast_head":"<!-- This site is optimized with the Yoast SEO plugin v22.1 - https:\/\/yoast.com\/wordpress\/plugins\/seo\/ -->\n<title>Aviso legal - CMVCaridad<\/title>\n<meta name=\"robots\" content=\"noindex, follow\" \/>\n<meta property=\"og:locale\" content=\"es_ES\" \/>\n<meta property=\"og:type\" content=\"article\" \/>\n<meta property=\"og:title\" content=\"Aviso legal - CMVCaridad\" \/>\n<meta property=\"og:description\" content=\"Centro M\u00e9dico Virgen de la Caridad, S.L (en adelante \u201cGrupo CMVCaridad\u201d), informa al usuario que el acceso y uso de la p\u00e1gina web https:\/\/www.riberasalud.com\/virgen-de-la-caridad\/ est\u00e1 sujeta a las presentes condiciones de uso, por lo que recomendamos su lectura al acceder a nuestro sitio web. I. Informaci\u00f3n general. En cumplimiento de lo dispuesto en el art\u00edculo [&hellip;]\" \/>\n<meta property=\"og:url\" content=\"https:\/\/riberasalud.com\/virgen-de-la-caridad\/aviso-legal\/\" \/>\n<meta property=\"og:site_name\" content=\"CMVCaridad\" \/>\n<meta property=\"article:publisher\" content=\"https:\/\/www.facebook.com\/cmvcaridad\" \/>\n<meta property=\"article:modified_time\" content=\"2024-07-01T08:15:49+00:00\" \/>\n<meta name=\"twitter:card\" content=\"summary_large_image\" \/>\n<meta name=\"twitter:site\" content=\"@cmvcaridad\" \/>\n<meta name=\"twitter:label1\" content=\"Tiempo de lectura\" \/>\n\t<meta name=\"twitter:data1\" content=\"8 minutos\" \/>\n<script type=\"application\/ld+json\" class=\"yoast-schema-graph\">{\"@context\":\"https:\/\/schema.org\",\"@graph\":[{\"@type\":\"WebPage\",\"@id\":\"https:\/\/riberasalud.com\/virgen-de-la-caridad\/aviso-legal\/\",\"url\":\"https:\/\/riberasalud.com\/virgen-de-la-caridad\/aviso-legal\/\",\"name\":\"Aviso legal - CMVCaridad\",\"isPartOf\":{\"@id\":\"https:\/\/riberasalud.com\/virgen-de-la-caridad\/#website\"},\"datePublished\":\"2021-11-22T17:08:11+00:00\",\"dateModified\":\"2024-07-01T08:15:49+00:00\",\"breadcrumb\":{\"@id\":\"https:\/\/riberasalud.com\/virgen-de-la-caridad\/aviso-legal\/#breadcrumb\"},\"inLanguage\":\"es\",\"potentialAction\":[{\"@type\":\"ReadAction\",\"target\":[\"https:\/\/riberasalud.com\/virgen-de-la-caridad\/aviso-legal\/\"]}]},{\"@type\":\"BreadcrumbList\",\"@id\":\"https:\/\/riberasalud.com\/virgen-de-la-caridad\/aviso-legal\/#breadcrumb\",\"itemListElement\":[{\"@type\":\"ListItem\",\"position\":1,\"name\":\"Inicio\",\"item\":\"https:\/\/riberasalud.com\/virgen-de-la-caridad\/\"},{\"@type\":\"ListItem\",\"position\":2,\"name\":\"Aviso legal\"}]},{\"@type\":\"WebSite\",\"@id\":\"https:\/\/riberasalud.com\/virgen-de-la-caridad\/#website\",\"url\":\"https:\/\/riberasalud.com\/virgen-de-la-caridad\/\",\"name\":\"CMVCaridad\",\"description\":\"Centro M\u00e9dico Virgen de la Caridad\",\"publisher\":{\"@id\":\"https:\/\/riberasalud.com\/virgen-de-la-caridad\/#organization\"},\"potentialAction\":[{\"@type\":\"SearchAction\",\"target\":{\"@type\":\"EntryPoint\",\"urlTemplate\":\"https:\/\/riberasalud.com\/virgen-de-la-caridad\/?s={search_term_string}\"},\"query-input\":\"required name=search_term_string\"}],\"inLanguage\":\"es\"},{\"@type\":\"Organization\",\"@id\":\"https:\/\/riberasalud.com\/virgen-de-la-caridad\/#organization\",\"name\":\"Centro M\u00e9dico Virgen de la Caridad\",\"url\":\"https:\/\/riberasalud.com\/virgen-de-la-caridad\/\",\"logo\":{\"@type\":\"ImageObject\",\"inLanguage\":\"es\",\"@id\":\"https:\/\/riberasalud.com\/virgen-de-la-caridad\/#\/schema\/logo\/image\/\",\"url\":\"https:\/\/www.riberasalud.com\/virgen-de-la-caridad\/wp-content\/uploads\/Logotipo.jpg\",\"contentUrl\":\"https:\/\/www.riberasalud.com\/virgen-de-la-caridad\/wp-content\/uploads\/Logotipo.jpg\",\"width\":1075,\"height\":830,\"caption\":\"Centro M\u00e9dico Virgen de la Caridad\"},\"image\":{\"@id\":\"https:\/\/riberasalud.com\/virgen-de-la-caridad\/#\/schema\/logo\/image\/\"},\"sameAs\":[\"https:\/\/www.facebook.com\/cmvcaridad\",\"https:\/\/twitter.com\/cmvcaridad\",\"https:\/\/www.instagram.com\/cmvcaridad\/\",\"https:\/\/www.linkedin.com\/in\/hospital-cmvcaridad-cartagena-26324a167\/\",\"https:\/\/www.youtube.com\/channel\/UCgs0wtljxjQU7dStwObgDiw\"]}]}<\/script>\n<!-- \/ Yoast SEO plugin. -->","yoast_head_json":{"title":"Aviso legal - CMVCaridad","robots":{"index":"noindex","follow":"follow"},"og_locale":"es_ES","og_type":"article","og_title":"Aviso legal - CMVCaridad","og_description":"Centro M\u00e9dico Virgen de la Caridad, S.L (en adelante \u201cGrupo CMVCaridad\u201d), informa al usuario que el acceso y uso de la p\u00e1gina web https:\/\/www.riberasalud.com\/virgen-de-la-caridad\/ est\u00e1 sujeta a las presentes condiciones de uso, por lo que recomendamos su lectura al acceder a nuestro sitio web. I. Informaci\u00f3n general. En cumplimiento de lo dispuesto en el art\u00edculo [&hellip;]","og_url":"https:\/\/riberasalud.com\/virgen-de-la-caridad\/aviso-legal\/","og_site_name":"CMVCaridad","article_publisher":"https:\/\/www.facebook.com\/cmvcaridad","article_modified_time":"2024-07-01T08:15:49+00:00","twitter_card":"summary_large_image","twitter_site":"@cmvcaridad","twitter_misc":{"Tiempo de lectura":"8 minutos"},"schema":{"@context":"https:\/\/schema.org","@graph":[{"@type":"WebPage","@id":"https:\/\/riberasalud.com\/virgen-de-la-caridad\/aviso-legal\/","url":"https:\/\/riberasalud.com\/virgen-de-la-caridad\/aviso-legal\/","name":"Aviso legal - CMVCaridad","isPartOf":{"@id":"https:\/\/riberasalud.com\/virgen-de-la-caridad\/#website"},"datePublished":"2021-11-22T17:08:11+00:00","dateModified":"2024-07-01T08:15:49+00:00","breadcrumb":{"@id":"https:\/\/riberasalud.com\/virgen-de-la-caridad\/aviso-legal\/#breadcrumb"},"inLanguage":"es","potentialAction":[{"@type":"ReadAction","target":["https:\/\/riberasalud.com\/virgen-de-la-caridad\/aviso-legal\/"]}]},{"@type":"BreadcrumbList","@id":"https:\/\/riberasalud.com\/virgen-de-la-caridad\/aviso-legal\/#breadcrumb","itemListElement":[{"@type":"ListItem","position":1,"name":"Inicio","item":"https:\/\/riberasalud.com\/virgen-de-la-caridad\/"},{"@type":"ListItem","position":2,"name":"Aviso legal"}]},{"@type":"WebSite","@id":"https:\/\/riberasalud.com\/virgen-de-la-caridad\/#website","url":"https:\/\/riberasalud.com\/virgen-de-la-caridad\/","name":"CMVCaridad","description":"Centro M\u00e9dico Virgen de la Caridad","publisher":{"@id":"https:\/\/riberasalud.com\/virgen-de-la-caridad\/#organization"},"potentialAction":[{"@type":"SearchAction","target":{"@type":"EntryPoint","urlTemplate":"https:\/\/riberasalud.com\/virgen-de-la-caridad\/?s={search_term_string}"},"query-input":"required name=search_term_string"}],"inLanguage":"es"},{"@type":"Organization","@id":"https:\/\/riberasalud.com\/virgen-de-la-caridad\/#organization","name":"Centro M\u00e9dico Virgen de la Caridad","url":"https:\/\/riberasalud.com\/virgen-de-la-caridad\/","logo":{"@type":"ImageObject","inLanguage":"es","@id":"https:\/\/riberasalud.com\/virgen-de-la-caridad\/#\/schema\/logo\/image\/","url":"https:\/\/www.riberasalud.com\/virgen-de-la-caridad\/wp-content\/uploads\/Logotipo.jpg","contentUrl":"https:\/\/www.riberasalud.com\/virgen-de-la-caridad\/wp-content\/uploads\/Logotipo.jpg","width":1075,"height":830,"caption":"Centro M\u00e9dico Virgen de la Caridad"},"image":{"@id":"https:\/\/riberasalud.com\/virgen-de-la-caridad\/#\/schema\/logo\/image\/"},"sameAs":["https:\/\/www.facebook.com\/cmvcaridad","https:\/\/twitter.com\/cmvcaridad","https:\/\/www.instagram.com\/cmvcaridad\/","https:\/\/www.linkedin.com\/in\/hospital-cmvcaridad-cartagena-26324a167\/","https:\/\/www.youtube.com\/channel\/UCgs0wtljxjQU7dStwObgDiw"]}]}},"_links":{"self":[{"href":"https:\/\/riberasalud.com\/virgen-de-la-caridad\/wp-json\/wp\/v2\/pages\/13"}],"collection":[{"href":"https:\/\/riberasalud.com\/virgen-de-la-caridad\/wp-json\/wp\/v2\/pages"}],"about":[{"href":"https:\/\/riberasalud.com\/virgen-de-la-caridad\/wp-json\/wp\/v2\/types\/page"}],"author":[{"embeddable":true,"href":"https:\/\/riberasalud.com\/virgen-de-la-caridad\/wp-json\/wp\/v2\/users\/1"}],"replies":[{"embeddable":true,"href":"https:\/\/riberasalud.com\/virgen-de-la-caridad\/wp-json\/wp\/v2\/comments?post=13"}],"version-history":[{"count":29,"href":"https:\/\/riberasalud.com\/virgen-de-la-caridad\/wp-json\/wp\/v2\/pages\/13\/revisions"}],"predecessor-version":[{"id":16129,"href":"https:\/\/riberasalud.com\/virgen-de-la-caridad\/wp-json\/wp\/v2\/pages\/13\/revisions\/16129"}],"wp:attachment":[{"href":"https:\/\/riberasalud.com\/virgen-de-la-caridad\/wp-json\/wp\/v2\/media?parent=13"}],"curies":[{"name":"wp","href":"https:\/\/api.w.org\/{rel}","templated":true}]}}