{"id":634,"date":"2021-12-02T13:03:00","date_gmt":"2021-12-02T13:03:00","guid":{"rendered":"https:\/\/riberasalud.com\/santa-justa\/?page_id=634"},"modified":"2022-04-20T11:54:12","modified_gmt":"2022-04-20T11:54:12","slug":"cardiologia-clinica","status":"publish","type":"page","link":"https:\/\/riberasalud.com\/santa-justa\/cardiologia-clinica\/","title":{"rendered":"Cardiolog\u00eda cl\u00ednica"},"content":{"rendered":"\n<div class=\"wp-block-group backgroundbanner\"><div class=\"wp-block-group__inner-container is-layout-flow wp-block-group-is-layout-flow\">\n<p class=\"has-text-align-center\" style=\"font-size:40px\"><span style=\"color: #4b4a4a;\" class=\"ugb-highlight\">Cardiolog\u00eda cl\u00ednica<\/span><\/p>\n<\/div><\/div>\n\n\n\n<div class=\"wp-block-group\"><div class=\"wp-block-group__inner-container is-layout-flow wp-block-group-is-layout-flow\">\n<p>En el Hospital Ribera Santa Justa disponemos de la especialidad de Cardiolog\u00eda Cl\u00ednica, con nuestro  especialista en el estudio, diagn\u00f3stico y tratamiento del coraz\u00f3n y sistema circulatorio.<\/p>\n<\/div><\/div>\n\n\n\n<div class=\"wp-block-group hasbackgroundmio\"><div class=\"wp-block-group__inner-container is-layout-flow wp-block-group-is-layout-flow\">\n<div class=\"wp-block-columns nomargin is-layout-flex wp-container-core-columns-is-layout-9d6595d7 wp-block-columns-is-layout-flex\">\n<div class=\"wp-block-column is-layout-flow wp-block-column-is-layout-flow\" style=\"flex-basis:33.33%\">\n<div class=\"wp-block-image is-style-rounded\"><figure class=\"alignright size-full is-resized\"><img loading=\"lazy\" decoding=\"async\" src=\"https:\/\/riberasalud.com\/santa-justa\/wp-content\/uploads\/2021\/12\/PabloGarcia.jpg\" alt=\"\" class=\"wp-image-636\" width=\"200\" height=\"200\" srcset=\"https:\/\/riberasalud.com\/santa-justa\/wp-content\/uploads\/2021\/12\/PabloGarcia.jpg 800w, https:\/\/riberasalud.com\/santa-justa\/wp-content\/uploads\/2021\/12\/PabloGarcia-300x300.jpg 300w, https:\/\/riberasalud.com\/santa-justa\/wp-content\/uploads\/2021\/12\/PabloGarcia-150x150.jpg 150w, https:\/\/riberasalud.com\/santa-justa\/wp-content\/uploads\/2021\/12\/PabloGarcia-768x768.jpg 768w\" sizes=\"auto, (max-width: 200px) 100vw, 200px\" \/><\/figure><\/div>\n<\/div>\n\n\n\n<div class=\"wp-block-column is-layout-flow wp-block-column-is-layout-flow\" style=\"flex-basis:66.66%\">\n<p style=\"font-size:17px\"><strong><span style=\"color: #d11723;\" class=\"ugb-highlight\">Dr. Pablo Garc\u00eda Garc\u00eda<\/span><\/strong><br><em>Responsable Unidad <span style=\"color: #4b4a4a;\" class=\"ugb-highlight\">Cardiolog\u00eda cl\u00ednica<\/span> <\/em><\/p>\n\n\n\n<p>El Dr. Pablo Garc\u00eda Garc\u00eda es licenciado en medicina por la Universidad de Granada desde el a\u00f1o 2009 y especialista en cardiolog\u00eda cl\u00ednica desde el 2015. Dentro de esta especialidad aborda patolog\u00edas como las arritmias, hipertensi\u00f3n arterial, insficiencia cardiaca o la angina de pecho. Para ello se apoya en pruebas con la alta tecnolog\u00eda en ecocardiografias y electrocardiograf\u00edas disponibles en el Hospital Ribera Santa Justa. Lo que le permite complementar tambi\u00e9n con pruebas de esfuerzo y hacer seguimiento de los pacientes en la Unidad de Atenci\u00f3n al Deportista.<\/p>\n<\/div>\n<\/div>\n<\/div><\/div>\n\n\n\n<div class=\"wp-block-group\"><div class=\"wp-block-group__inner-container is-layout-flow wp-block-group-is-layout-flow\">\n<p class=\"has-text-align-center\" style=\"font-size:22px\"><span style=\"color: #d71228;\" class=\"ugb-highlight\">Servicios<\/span><\/p>\n\n\n\n<ul class=\"serveis has-text-color wp-block-list\" style=\"color:#706f6f\"><li>Pruebas de Esfuerzo<\/li><li>Ecocardiograma<\/li><li>Electrocardiograma<\/li><li>Cardiolog\u00eda Isquemica<\/li><li>Insuficiencia cardiaca<\/li><li>Ergometr\u00eda<\/li><li>Unidad de Atenci\u00f3n al Deportista<\/li><\/ul>\n<\/div><\/div>\n\n\n<div id=\"gutenslider-to512x6t8\" class=\"wp-block-eedee-block-gutenslider content-change alignnone arrow-style-1 arrow-position-sides arrow-mb-none dot-style-1 is-position-center-center\" style=\"--gutenslider-min-height: 50vh;--gutenslider-arrow-size: 30px;--gutenslider-dot-size: 25px;--gutenslider-arrow-color: #ffffff;--gutenslider-dot-color: #ffffff;--gutenslider-padding-y-mobile: 40px;--gutenslider-padding-x-mobile: 40px;--gutenslider-padding-y-tablet: 40px;--gutenslider-padding-x-tablet: 40px;--gutenslider-padding-y-desktop: 40px;--gutenslider-padding-x-desktop: 40px;--gutenslider-bg-image: url();--gutenslider-min-height-md: 50vh;--gutenslider-min-height-sm: 50vh;--gutenslider-padding-x: 40px;--gutenslider-padding-x-md: 40px;--gutenslider-padding-x-sm: 20px;--gutenslider-padding-y: 40px;--gutenslider-padding-y-md: 40px;--gutenslider-padding-y-sm: 20px;--gutenslider-arrow-size-md: 30px;--gutenslider-arrow-size-sm: 30px;--gutenslider-dot-size-md: 25px;--gutenslider-dot-size-sm: 25px;--gutenslider-arrow-bg-color: transparent;--gutenslider-arrow-hover-color: #eeeeee;--gutenslider-arrow-bg-hover-color: transparent;--gutenslider-arrow-x-offset: 10px;--gutenslider-arrow-x-offset-md: 10px;--gutenslider-arrow-x-offset-sm: 10px;--gutenslider-arrow-y-offset: 0px;--gutenslider-arrow-y-offset-md: 0px;--gutenslider-arrow-y-offset-sm: 0px;--gutenslider-arrow-x-spacing: 0px;\" data-parallax-direction=\"down\" data-parallax-amount=\"1.3\"><div class=\"slick-slider\" data-slick='{\"lazyload\":\"ondemand\",\"infinite\":true,\"pauseOnFocus\":true,\"pauseOnHover\":true,\"dots\":true,\"arrows\":true,\"autoplaySpeed\":3000,\"speed\":700,\"autoplay\":true,\"fade\":true,\"pauseOnDotsHover\":true,\"slidesToShow\":1,\"slidesToScroll\":1,\"adaptiveHeight\":false,\"responsive\":[{\"breakpoint\":960,\"settings\":{\"arrows\":true,\"dots\":true,\"slidesToShow\":1,\"slidesToScroll\":1}},{\"breakpoint\":600,\"settings\":{\"arrows\":true,\"dots\":true,\"slidesToShow\":1,\"slidesToScroll\":1}}]}'>\n\n<div class=\"wp-block-eedee-block-gutenslide vertical-align-center\"><div id=\"gutenslide-jg3wnm88j\"><div class=\"eedee-background-div\"><img loading=\"lazy\" decoding=\"async\" width=\"1921\" height=\"599\" class=\"wp-image-581 swiper-zoom-target\" src=\"https:\/\/riberasalud.com\/santa-justa\/wp-content\/uploads\/2021\/11\/home_deportiva.jpg\" alt=\"\" style=\"object-fit:cover;object-position:50% 50%\" srcset=\"https:\/\/riberasalud.com\/santa-justa\/wp-content\/uploads\/2021\/11\/home_deportiva.jpg 1921w, https:\/\/riberasalud.com\/santa-justa\/wp-content\/uploads\/2021\/11\/home_deportiva-300x94.jpg 300w, https:\/\/riberasalud.com\/santa-justa\/wp-content\/uploads\/2021\/11\/home_deportiva-1024x319.jpg 1024w, https:\/\/riberasalud.com\/santa-justa\/wp-content\/uploads\/2021\/11\/home_deportiva-768x239.jpg 768w, https:\/\/riberasalud.com\/santa-justa\/wp-content\/uploads\/2021\/11\/home_deportiva-1600x499.jpg 1600w, https:\/\/riberasalud.com\/santa-justa\/wp-content\/uploads\/2021\/11\/home_deportiva-1536x479.jpg 1536w\" sizes=\"auto, (max-width: 1921px) 100vw, 1921px\" \/><div class=\"eedee-background-div__overlay\" style=\"opacity:1\"><\/div><\/div><div class=\"slide-content\">\n<p>NUEVO SERVICIO DE CARDIOLOG\u00cdA DEPORTIVA<\/p>\n\n\n\n<h2 class=\"wp-block-heading\" style=\"font-size:42px\">Conoce tus l\u00edmites y riesgos <br>f\u00edsicos de la mano de <br>nuestros profesionales<\/h2>\n\n\n\n<p><a href=\"https:\/\/riberasalud.com\/santa-justa\/unidad-de-atencion-integral-al-deportista\/\">Inf\u00f3rmate \u2192 <\/a><\/p>\n<\/div><\/div><\/div>\n\n\n\n<div class=\"wp-block-group\"><div class=\"wp-block-group__inner-container is-layout-flow wp-block-group-is-layout-flow\"><\/div><\/div>\n\n<\/div><button class=\"slick-arrow slick-prev eedee-gutenslider-nav eedee-gutenslider-prev\"><svg xmlns=\"http:\/\/www.w3.org\/2000\/svg\" viewBox=\"0 0 24 24\" width=\"24\" height=\"24\"><circle class=\"bg\" cx=\"13\" cy=\"12\" r=\"11\" \/><path fill=\"none\" d=\"M0 0h24v24H0z\"\/><path class=\"arrow\" d=\"M10.828 12l4.95 4.95-1.414 1.414L8 12l6.364-6.364 1.414 1.414z\"\/><\/svg><\/button><button class=\"slick-arrow slick-next eedee-gutenslider-nav eedee-gutenslider-next\"><svg xmlns=\"http:\/\/www.w3.org\/2000\/svg\" viewBox=\"0 0 24 24\" width=\"24\" height=\"24\"><circle class=\"bg\" cx=\"11\" cy=\"12\" r=\"11\" \/><path fill=\"none\" d=\"M0 0h24v24H0z\"\/><path class=\"arrow\" d=\"M13.172 12l-4.95-4.95 1.414-1.414L16 12l-6.364 6.364-1.414-1.414z\"\/><\/svg><\/button><\/div>","protected":false},"excerpt":{"rendered":"<p>Cardiolog\u00eda cl\u00ednica En el Hospital Ribera Santa Justa disponemos de la especialidad de Cardiolog\u00eda Cl\u00ednica, con nuestro especialista en el estudio, diagn\u00f3stico y tratamiento del coraz\u00f3n y sistema circulatorio. Dr. Pablo Garc\u00eda Garc\u00edaResponsable Unidad Cardiolog\u00eda cl\u00ednica El Dr. Pablo Garc\u00eda Garc\u00eda es licenciado en medicina por la Universidad de Granada desde el a\u00f1o 2009 y &#8230; <a title=\"Cardiolog\u00eda cl\u00ednica\" class=\"read-more\" href=\"https:\/\/riberasalud.com\/santa-justa\/cardiologia-clinica\/\" aria-label=\"Leer m\u00e1s sobre Cardiolog\u00eda cl\u00ednica\">Leer m\u00e1s<\/a><\/p>\n","protected":false},"author":1,"featured_media":0,"parent":0,"menu_order":0,"comment_status":"closed","ping_status":"closed","template":"","meta":{"_coblocks_attr":"","_coblocks_dimensions":"","_coblocks_responsive_height":"","_coblocks_accordion_ie_support":"","_uag_custom_page_level_css":"","advgb_blocks_editor_width":"","advgb_blocks_columns_visual_guide":"","_monsterinsights_skip_tracking":false,"_monsterinsights_sitenote_active":false,"_monsterinsights_sitenote_note":"","_monsterinsights_sitenote_category":0,"footnotes":""},"class_list":["post-634","page","type-page","status-publish"],"featured_image_urls_v2":{"full":"","thumbnail":"","medium":"","medium_large":"","large":"","xl":"","xxl":"","xxxl":"","xxxxl":"","xxxxxl":"","1536x1536":"","2048x2048":""},"post_excerpt_stackable_v2":"<p>Cardiolog\u00eda cl\u00ednica En el Hospital Ribera Santa Justa disponemos de la especialidad de Cardiolog\u00eda Cl\u00ednica, con nuestro especialista en el estudio, diagn\u00f3stico y tratamiento del coraz\u00f3n y sistema circulatorio. Dr. Pablo Garc\u00eda Garc\u00edaResponsable Unidad Cardiolog\u00eda cl\u00ednica El Dr. Pablo Garc\u00eda Garc\u00eda es licenciado en medicina por la Universidad de Granada desde el a\u00f1o 2009 y especialista en cardiolog\u00eda cl\u00ednica desde el 2015. Dentro de esta especialidad aborda patolog\u00edas como las arritmias, hipertensi\u00f3n arterial, insficiencia cardiaca o la angina de pecho. Para ello se apoya en pruebas con la alta tecnolog\u00eda en ecocardiografias y electrocardiograf\u00edas disponibles en el Hospital Ribera Santa&hellip;<\/p>\n","category_list_v2":"","author_info_v2":{"name":"jorge@quois.com","url":"https:\/\/riberasalud.com\/santa-justa\/author\/jorgequois-com\/"},"comments_num_v2":"0 comentarios","yoast_head":"<!-- This site is optimized with the Yoast SEO plugin v26.6 - https:\/\/yoast.com\/wordpress\/plugins\/seo\/ -->\n<title>\u25b7 Cardiolog\u00eda cl\u00ednica | Hospital Ribera Santa Justa<\/title>\n<meta name=\"description\" content=\"lll\u1405 Cardiolog\u00eda cl\u00ednica En el Hospital Ribera Santa Justa disponemos de la especialidad de Cardiolog\u00eda Cl\u00ednica, con nuestro especialista en el estudio, \u2705\" \/>\n<meta name=\"robots\" content=\"index, follow, max-snippet:-1, max-image-preview:large, max-video-preview:-1\" \/>\n<link rel=\"canonical\" href=\"https:\/\/riberasalud.com\/santa-justa\/cardiologia-clinica\/\" \/>\n<meta property=\"og:locale\" content=\"es_ES\" \/>\n<meta property=\"og:type\" content=\"article\" \/>\n<meta property=\"og:title\" content=\"\u25b7 Cardiolog\u00eda cl\u00ednica | Hospital Ribera Santa Justa\" \/>\n<meta property=\"og:description\" content=\"lll\u1405 Cardiolog\u00eda cl\u00ednica En el Hospital Ribera Santa Justa disponemos de la especialidad de Cardiolog\u00eda Cl\u00ednica, con nuestro especialista en el estudio, \u2705\" \/>\n<meta property=\"og:url\" content=\"https:\/\/riberasalud.com\/santa-justa\/cardiologia-clinica\/\" \/>\n<meta property=\"og:site_name\" content=\"Hospital Ribera Santa Justa\" \/>\n<meta property=\"article:modified_time\" content=\"2022-04-20T11:54:12+00:00\" \/>\n<meta property=\"og:image\" content=\"https:\/\/riberasalud.com\/santa-justa\/wp-content\/uploads\/2021\/12\/PabloGarcia.jpg\" \/>\n<meta name=\"twitter:card\" content=\"summary_large_image\" \/>\n<meta name=\"twitter:label1\" content=\"Tiempo de lectura\" \/>\n\t<meta name=\"twitter:data1\" content=\"2 minutos\" \/>\n<script type=\"application\/ld+json\" class=\"yoast-schema-graph\">{\"@context\":\"https:\/\/schema.org\",\"@graph\":[{\"@type\":\"WebPage\",\"@id\":\"https:\/\/riberasalud.com\/santa-justa\/cardiologia-clinica\/\",\"url\":\"https:\/\/riberasalud.com\/santa-justa\/cardiologia-clinica\/\",\"name\":\"\u25b7 Cardiolog\u00eda cl\u00ednica | Hospital Ribera Santa Justa\",\"isPartOf\":{\"@id\":\"https:\/\/riberasalud.com\/santa-justa\/#website\"},\"primaryImageOfPage\":{\"@id\":\"https:\/\/riberasalud.com\/santa-justa\/cardiologia-clinica\/#primaryimage\"},\"image\":{\"@id\":\"https:\/\/riberasalud.com\/santa-justa\/cardiologia-clinica\/#primaryimage\"},\"thumbnailUrl\":\"https:\/\/riberasalud.com\/santa-justa\/wp-content\/uploads\/2021\/12\/PabloGarcia.jpg\",\"datePublished\":\"2021-12-02T13:03:00+00:00\",\"dateModified\":\"2022-04-20T11:54:12+00:00\",\"description\":\"lll\u1405 Cardiolog\u00eda cl\u00ednica En el Hospital Ribera Santa Justa disponemos de la especialidad de Cardiolog\u00eda Cl\u00ednica, con nuestro especialista en el estudio, \u2705\",\"breadcrumb\":{\"@id\":\"https:\/\/riberasalud.com\/santa-justa\/cardiologia-clinica\/#breadcrumb\"},\"inLanguage\":\"es\",\"potentialAction\":[{\"@type\":\"ReadAction\",\"target\":[\"https:\/\/riberasalud.com\/santa-justa\/cardiologia-clinica\/\"]}]},{\"@type\":\"ImageObject\",\"inLanguage\":\"es\",\"@id\":\"https:\/\/riberasalud.com\/santa-justa\/cardiologia-clinica\/#primaryimage\",\"url\":\"https:\/\/riberasalud.com\/santa-justa\/wp-content\/uploads\/2021\/12\/PabloGarcia.jpg\",\"contentUrl\":\"https:\/\/riberasalud.com\/santa-justa\/wp-content\/uploads\/2021\/12\/PabloGarcia.jpg\",\"width\":800,\"height\":800},{\"@type\":\"BreadcrumbList\",\"@id\":\"https:\/\/riberasalud.com\/santa-justa\/cardiologia-clinica\/#breadcrumb\",\"itemListElement\":[{\"@type\":\"ListItem\",\"position\":1,\"name\":\"Portada\",\"item\":\"https:\/\/riberasalud.com\/santa-justa\/\"},{\"@type\":\"ListItem\",\"position\":2,\"name\":\"Cardiolog\u00eda cl\u00ednica\"}]},{\"@type\":\"WebSite\",\"@id\":\"https:\/\/riberasalud.com\/santa-justa\/#website\",\"url\":\"https:\/\/riberasalud.com\/santa-justa\/\",\"name\":\"Hospital Ribera Santa Justa\",\"description\":\"\",\"publisher\":{\"@id\":\"https:\/\/riberasalud.com\/santa-justa\/#organization\"},\"potentialAction\":[{\"@type\":\"SearchAction\",\"target\":{\"@type\":\"EntryPoint\",\"urlTemplate\":\"https:\/\/riberasalud.com\/santa-justa\/?s={search_term_string}\"},\"query-input\":{\"@type\":\"PropertyValueSpecification\",\"valueRequired\":true,\"valueName\":\"search_term_string\"}}],\"inLanguage\":\"es\"},{\"@type\":\"Organization\",\"@id\":\"https:\/\/riberasalud.com\/santa-justa\/#organization\",\"name\":\"Hospital Ribera Santa Justa\",\"url\":\"https:\/\/riberasalud.com\/santa-justa\/\",\"logo\":{\"@type\":\"ImageObject\",\"inLanguage\":\"es\",\"@id\":\"https:\/\/riberasalud.com\/santa-justa\/#\/schema\/logo\/image\/\",\"url\":\"https:\/\/riberasalud.com\/santa-justa\/wp-content\/uploads\/2021\/04\/cropped-Logo-Red-SantaJusta.png\",\"contentUrl\":\"https:\/\/riberasalud.com\/santa-justa\/wp-content\/uploads\/2021\/04\/cropped-Logo-Red-SantaJusta.png\",\"width\":2158,\"height\":493,\"caption\":\"Hospital Ribera Santa Justa\"},\"image\":{\"@id\":\"https:\/\/riberasalud.com\/santa-justa\/#\/schema\/logo\/image\/\"}}]}<\/script>\n<!-- \/ Yoast SEO plugin. -->","yoast_head_json":{"title":"\u25b7 Cardiolog\u00eda cl\u00ednica | Hospital Ribera Santa Justa","description":"lll\u1405 Cardiolog\u00eda cl\u00ednica En el Hospital Ribera Santa Justa disponemos de la especialidad de Cardiolog\u00eda Cl\u00ednica, con nuestro especialista en el estudio, \u2705","robots":{"index":"index","follow":"follow","max-snippet":"max-snippet:-1","max-image-preview":"max-image-preview:large","max-video-preview":"max-video-preview:-1"},"canonical":"https:\/\/riberasalud.com\/santa-justa\/cardiologia-clinica\/","og_locale":"es_ES","og_type":"article","og_title":"\u25b7 Cardiolog\u00eda cl\u00ednica | Hospital Ribera Santa Justa","og_description":"lll\u1405 Cardiolog\u00eda cl\u00ednica En el Hospital Ribera Santa Justa disponemos de la especialidad de Cardiolog\u00eda Cl\u00ednica, con nuestro especialista en el estudio, \u2705","og_url":"https:\/\/riberasalud.com\/santa-justa\/cardiologia-clinica\/","og_site_name":"Hospital Ribera Santa Justa","article_modified_time":"2022-04-20T11:54:12+00:00","og_image":[{"url":"https:\/\/riberasalud.com\/santa-justa\/wp-content\/uploads\/2021\/12\/PabloGarcia.jpg","type":"","width":"","height":""}],"twitter_card":"summary_large_image","twitter_misc":{"Tiempo de lectura":"2 minutos"},"schema":{"@context":"https:\/\/schema.org","@graph":[{"@type":"WebPage","@id":"https:\/\/riberasalud.com\/santa-justa\/cardiologia-clinica\/","url":"https:\/\/riberasalud.com\/santa-justa\/cardiologia-clinica\/","name":"\u25b7 Cardiolog\u00eda cl\u00ednica | Hospital Ribera Santa Justa","isPartOf":{"@id":"https:\/\/riberasalud.com\/santa-justa\/#website"},"primaryImageOfPage":{"@id":"https:\/\/riberasalud.com\/santa-justa\/cardiologia-clinica\/#primaryimage"},"image":{"@id":"https:\/\/riberasalud.com\/santa-justa\/cardiologia-clinica\/#primaryimage"},"thumbnailUrl":"https:\/\/riberasalud.com\/santa-justa\/wp-content\/uploads\/2021\/12\/PabloGarcia.jpg","datePublished":"2021-12-02T13:03:00+00:00","dateModified":"2022-04-20T11:54:12+00:00","description":"lll\u1405 Cardiolog\u00eda cl\u00ednica En el Hospital Ribera Santa Justa disponemos de la especialidad de Cardiolog\u00eda Cl\u00ednica, con nuestro especialista en el estudio, \u2705","breadcrumb":{"@id":"https:\/\/riberasalud.com\/santa-justa\/cardiologia-clinica\/#breadcrumb"},"inLanguage":"es","potentialAction":[{"@type":"ReadAction","target":["https:\/\/riberasalud.com\/santa-justa\/cardiologia-clinica\/"]}]},{"@type":"ImageObject","inLanguage":"es","@id":"https:\/\/riberasalud.com\/santa-justa\/cardiologia-clinica\/#primaryimage","url":"https:\/\/riberasalud.com\/santa-justa\/wp-content\/uploads\/2021\/12\/PabloGarcia.jpg","contentUrl":"https:\/\/riberasalud.com\/santa-justa\/wp-content\/uploads\/2021\/12\/PabloGarcia.jpg","width":800,"height":800},{"@type":"BreadcrumbList","@id":"https:\/\/riberasalud.com\/santa-justa\/cardiologia-clinica\/#breadcrumb","itemListElement":[{"@type":"ListItem","position":1,"name":"Portada","item":"https:\/\/riberasalud.com\/santa-justa\/"},{"@type":"ListItem","position":2,"name":"Cardiolog\u00eda cl\u00ednica"}]},{"@type":"WebSite","@id":"https:\/\/riberasalud.com\/santa-justa\/#website","url":"https:\/\/riberasalud.com\/santa-justa\/","name":"Hospital Ribera Santa Justa","description":"","publisher":{"@id":"https:\/\/riberasalud.com\/santa-justa\/#organization"},"potentialAction":[{"@type":"SearchAction","target":{"@type":"EntryPoint","urlTemplate":"https:\/\/riberasalud.com\/santa-justa\/?s={search_term_string}"},"query-input":{"@type":"PropertyValueSpecification","valueRequired":true,"valueName":"search_term_string"}}],"inLanguage":"es"},{"@type":"Organization","@id":"https:\/\/riberasalud.com\/santa-justa\/#organization","name":"Hospital Ribera Santa Justa","url":"https:\/\/riberasalud.com\/santa-justa\/","logo":{"@type":"ImageObject","inLanguage":"es","@id":"https:\/\/riberasalud.com\/santa-justa\/#\/schema\/logo\/image\/","url":"https:\/\/riberasalud.com\/santa-justa\/wp-content\/uploads\/2021\/04\/cropped-Logo-Red-SantaJusta.png","contentUrl":"https:\/\/riberasalud.com\/santa-justa\/wp-content\/uploads\/2021\/04\/cropped-Logo-Red-SantaJusta.png","width":2158,"height":493,"caption":"Hospital Ribera Santa Justa"},"image":{"@id":"https:\/\/riberasalud.com\/santa-justa\/#\/schema\/logo\/image\/"}}]}},"pbg_featured_image_src":{"full":false,"thumbnail":false,"medium":false,"medium_large":false,"large":false,"xl":false,"xxl":false,"xxxl":false,"xxxxl":false,"xxxxxl":false,"1536x1536":false,"2048x2048":false},"pbg_author_info":{"display_name":"jorge@quois.com","author_link":"https:\/\/riberasalud.com\/santa-justa\/author\/jorgequois-com\/","author_img":"<img alt='jorge@quois.com' src='https:\/\/secure.gravatar.com\/avatar\/bca8cccf11ce6757dcdec6ce293d120c16d33c83aeb423357cce3f49f3abae94?s=128&#038;d=mm&#038;r=g' srcset='https:\/\/secure.gravatar.com\/avatar\/bca8cccf11ce6757dcdec6ce293d120c16d33c83aeb423357cce3f49f3abae94?s=256&#038;d=mm&#038;r=g 2x' class='avatar avatar-128 photo' height='128' width='128' loading='lazy' decoding='async'\/>"},"pbg_comment_info":" No Comments","pbg_excerpt":"Cardiolog\u00eda cl\u00ednica En el Hospital Ribera Santa Justa disponemos de la especialidad de Cardiolog\u00eda Cl\u00ednica, con nuestro especialista en el estudio, diagn\u00f3stico y tratamiento del coraz\u00f3n y sistema circulatorio. Dr. Pablo Garc\u00eda Garc\u00edaResponsable Unidad Cardiolog\u00eda cl\u00ednica El Dr. Pablo Garc\u00eda Garc\u00eda es licenciado en medicina por la Universidad de Granada desde el a\u00f1o 2009 y&hellip;","uagb_featured_image_src":{"full":false,"thumbnail":false,"medium":false,"medium_large":false,"large":false,"xl":false,"xxl":false,"xxxl":false,"xxxxl":false,"xxxxxl":false,"1536x1536":false,"2048x2048":false},"uagb_author_info":{"display_name":"jorge@quois.com","author_link":"https:\/\/riberasalud.com\/santa-justa\/author\/jorgequois-com\/"},"uagb_comment_info":0,"uagb_excerpt":"Cardiolog\u00eda cl\u00ednica En el Hospital Ribera Santa Justa disponemos de la especialidad de Cardiolog\u00eda Cl\u00ednica, con nuestro especialista en el estudio, diagn\u00f3stico y tratamiento del coraz\u00f3n y sistema circulatorio. Dr. Pablo Garc\u00eda Garc\u00edaResponsable Unidad Cardiolog\u00eda cl\u00ednica El Dr. Pablo Garc\u00eda Garc\u00eda es licenciado en medicina por la Universidad de Granada desde el a\u00f1o 2009 y&hellip;","coauthors":[],"author_meta":{"author_link":"https:\/\/riberasalud.com\/santa-justa\/author\/jorgequois-com\/","display_name":"jorge@quois.com"},"relative_dates":{"created":"Publicado 4 a\u00f1os hace","modified":"Actualizado 4 a\u00f1os hace"},"absolute_dates":{"created":"Publicado el 2 de diciembre de 2021","modified":"Actualizado el 20 de abril de 2022"},"absolute_dates_time":{"created":"Publicado el 2 de diciembre de 2021 13:03","modified":"Actualizado el 20 de abril de 2022 11:54"},"featured_img_caption":"","featured_img":false,"series_order":"","_links":{"self":[{"href":"https:\/\/riberasalud.com\/santa-justa\/wp-json\/wp\/v2\/pages\/634","targetHints":{"allow":["GET"]}}],"collection":[{"href":"https:\/\/riberasalud.com\/santa-justa\/wp-json\/wp\/v2\/pages"}],"about":[{"href":"https:\/\/riberasalud.com\/santa-justa\/wp-json\/wp\/v2\/types\/page"}],"author":[{"embeddable":true,"href":"https:\/\/riberasalud.com\/santa-justa\/wp-json\/wp\/v2\/users\/1"}],"replies":[{"embeddable":true,"href":"https:\/\/riberasalud.com\/santa-justa\/wp-json\/wp\/v2\/comments?post=634"}],"version-history":[{"count":11,"href":"https:\/\/riberasalud.com\/santa-justa\/wp-json\/wp\/v2\/pages\/634\/revisions"}],"predecessor-version":[{"id":896,"href":"https:\/\/riberasalud.com\/santa-justa\/wp-json\/wp\/v2\/pages\/634\/revisions\/896"}],"wp:attachment":[{"href":"https:\/\/riberasalud.com\/santa-justa\/wp-json\/wp\/v2\/media?parent=634"}],"curies":[{"name":"wp","href":"https:\/\/api.w.org\/{rel}","templated":true}]}}