{"id":534,"date":"2021-09-22T12:23:42","date_gmt":"2021-09-22T12:23:42","guid":{"rendered":"https:\/\/riberasalud.com\/santa-justa\/?page_id=534"},"modified":"2022-06-28T07:22:46","modified_gmt":"2022-06-28T07:22:46","slug":"chequeo-integral-de-salud","status":"publish","type":"page","link":"https:\/\/riberasalud.com\/santa-justa\/chequeo-integral-de-salud\/","title":{"rendered":"Chequeo integral de salud"},"content":{"rendered":"<div id=\"gutenslider-6h4krigkm\" class=\"wp-block-eedee-block-gutenslider content-change alignnone arrow-style-1 arrow-position-sides arrow-mb-none dot-style-1 is-position-center-center\" style=\"--gutenslider-min-height: 50vh;--gutenslider-arrow-size: 30px;--gutenslider-dot-size: 25px;--gutenslider-arrow-color: #ffffff;--gutenslider-dot-color: #ffffff;--gutenslider-padding-y-mobile: 40px;--gutenslider-padding-x-mobile: 40px;--gutenslider-padding-y-tablet: 40px;--gutenslider-padding-x-tablet: 40px;--gutenslider-padding-y-desktop: 40px;--gutenslider-padding-x-desktop: 40px;--gutenslider-bg-image: url();--gutenslider-min-height-md: 50vh;--gutenslider-min-height-sm: 50vh;--gutenslider-padding-x: 40px;--gutenslider-padding-x-md: 40px;--gutenslider-padding-x-sm: 20px;--gutenslider-padding-y: 40px;--gutenslider-padding-y-md: 40px;--gutenslider-padding-y-sm: 20px;--gutenslider-arrow-size-md: 30px;--gutenslider-arrow-size-sm: 30px;--gutenslider-dot-size-md: 25px;--gutenslider-dot-size-sm: 25px;--gutenslider-arrow-bg-color: transparent;--gutenslider-arrow-hover-color: #eeeeee;--gutenslider-arrow-bg-hover-color: transparent;--gutenslider-arrow-x-offset: 10px;--gutenslider-arrow-x-offset-md: 10px;--gutenslider-arrow-x-offset-sm: 10px;--gutenslider-arrow-y-offset: 0px;--gutenslider-arrow-y-offset-md: 0px;--gutenslider-arrow-y-offset-sm: 0px;--gutenslider-arrow-x-spacing: 0px;\" data-parallax-direction=\"down\" data-parallax-amount=\"1.3\"><div class=\"slick-slider\" data-slick='{\"lazyload\":\"ondemand\",\"infinite\":false,\"pauseOnFocus\":true,\"pauseOnHover\":true,\"dots\":false,\"arrows\":false,\"autoplaySpeed\":3000,\"speed\":700,\"autoplay\":false,\"fade\":true,\"pauseOnDotsHover\":true,\"slidesToShow\":1,\"slidesToScroll\":1,\"adaptiveHeight\":false,\"responsive\":[{\"breakpoint\":960,\"settings\":{\"arrows\":false,\"dots\":false,\"slidesToShow\":1,\"slidesToScroll\":1}},{\"breakpoint\":600,\"settings\":{\"arrows\":false,\"dots\":false,\"slidesToShow\":1,\"slidesToScroll\":1}}]}'>\n\n<div class=\"wp-block-eedee-block-gutenslide vertical-align-center\"><div id=\"gutenslide-j3h48s3b9\"><div class=\"eedee-background-div\"><img loading=\"lazy\" decoding=\"async\" width=\"1921\" height=\"599\" class=\"wp-image-945 swiper-zoom-target\" src=\"https:\/\/riberasalud.com\/santa-justa\/wp-content\/uploads\/2022\/06\/chequeo_santa_justa.jpg\" alt=\"\" style=\"object-fit:cover;object-position:50% 50%\" srcset=\"https:\/\/riberasalud.com\/santa-justa\/wp-content\/uploads\/2022\/06\/chequeo_santa_justa.jpg 1921w, https:\/\/riberasalud.com\/santa-justa\/wp-content\/uploads\/2022\/06\/chequeo_santa_justa-300x94.jpg 300w, https:\/\/riberasalud.com\/santa-justa\/wp-content\/uploads\/2022\/06\/chequeo_santa_justa-1024x319.jpg 1024w, https:\/\/riberasalud.com\/santa-justa\/wp-content\/uploads\/2022\/06\/chequeo_santa_justa-768x239.jpg 768w, https:\/\/riberasalud.com\/santa-justa\/wp-content\/uploads\/2022\/06\/chequeo_santa_justa-1600x499.jpg 1600w, https:\/\/riberasalud.com\/santa-justa\/wp-content\/uploads\/2022\/06\/chequeo_santa_justa-1536x479.jpg 1536w\" sizes=\"auto, (max-width: 1921px) 100vw, 1921px\" \/><div class=\"eedee-background-div__overlay\" style=\"opacity:1\"><\/div><\/div><div class=\"slide-content\">\n<p>RIBERA SANTA JUSTA<\/p>\n\n\n\n<p class=\"has-text-align-center gutenslider-content-initial has-larger-font-size\">Revisi\u00f3n de estado de salud<\/p>\n<\/div><\/div><\/div>\n\n<\/div><button class=\"slick-arrow slick-prev eedee-gutenslider-nav eedee-gutenslider-prev\"><svg xmlns=\"http:\/\/www.w3.org\/2000\/svg\" viewBox=\"0 0 24 24\" width=\"24\" height=\"24\"><circle class=\"bg\" cx=\"13\" cy=\"12\" r=\"11\" \/><path fill=\"none\" d=\"M0 0h24v24H0z\"\/><path class=\"arrow\" d=\"M10.828 12l4.95 4.95-1.414 1.414L8 12l6.364-6.364 1.414 1.414z\"\/><\/svg><\/button><button class=\"slick-arrow slick-next eedee-gutenslider-nav eedee-gutenslider-next\"><svg xmlns=\"http:\/\/www.w3.org\/2000\/svg\" viewBox=\"0 0 24 24\" width=\"24\" height=\"24\"><circle class=\"bg\" cx=\"11\" cy=\"12\" r=\"11\" \/><path fill=\"none\" d=\"M0 0h24v24H0z\"\/><path class=\"arrow\" d=\"M13.172 12l-4.95-4.95 1.414-1.414L16 12l-6.364 6.364-1.414-1.414z\"\/><\/svg><\/button><\/div>\n\n\n<div class=\"wp-block-group hasbackgroundmio anclas\"><div class=\"wp-block-group__inner-container is-layout-flow wp-block-group-is-layout-flow\">\n<div class=\"wp-block-columns is-layout-flex wp-container-core-columns-is-layout-9d6595d7 wp-block-columns-is-layout-flex\">\n<div class=\"wp-block-column is-layout-flow wp-block-column-is-layout-flow\">\n<p class=\"has-text-align-center\"><a href=\"#quees\">\u00bfQu\u00e9 es?<\/a><\/p>\n<\/div>\n\n\n\n<div class=\"wp-block-column is-layout-flow wp-block-column-is-layout-flow\">\n<p class=\"has-text-align-center\"><a href=\"#queincluye\">\u00bfQu\u00e9 incluye?<\/a><\/p>\n<\/div>\n\n\n\n<div class=\"wp-block-column is-layout-flow wp-block-column-is-layout-flow\">\n<p class=\"has-text-align-center\"><\/p>\n<\/div>\n<\/div>\n<\/div><\/div>\n\n\n\n<div id=\"quees\" class=\"wp-block-group chequeosquees\"><div class=\"wp-block-group__inner-container is-layout-flow wp-block-group-is-layout-flow\">\n<p style=\"font-size:20px\"><strong><span style=\"color: #d11728;\" class=\"ugb-highlight\">\u00bfQu\u00e9 es?<\/span><\/strong><\/p>\n\n\n\n<p style=\"font-size:13px\">El reconocimiento m\u00e9dico ofertado es una revisi\u00f3n m\u00e9dica dirigida a personas que quieran examinar el estado de su salud y mantener un control del mismo a trav\u00e9s de la prevenci\u00f3n.<\/p>\n<\/div><\/div>\n\n\n\n<div id=\"queincluye\" class=\"wp-block-group chequeosincluye\"><div class=\"wp-block-group__inner-container is-layout-flow wp-block-group-is-layout-flow\">\n<p style=\"font-size:20px\"><strong><span style=\"color: #d11728;\" class=\"ugb-highlight\">\u00bfQu\u00e9 incluye?<\/span><\/strong><\/p>\n\n\n\n<p class=\"has-small-font-size\">El especialista asignado a la realizaci\u00f3n de los reconocimientos del colectivo realizar\u00e1 un breve cuestionario acerca de los antecedentes personales y familiares, as\u00ed como una exploraci\u00f3n f\u00edsica consistente en: medici\u00f3n de peso, talla, pulso, temperatura y tensi\u00f3n arterial, exploraci\u00f3n neurol\u00f3gica b\u00e1sica, otoscopia, auscultaci\u00f3n card\u00edaca y pulmonar, exploraci\u00f3n abdominal y exploraci\u00f3n de extremidades.<\/p>\n\n\n\n<div class=\"wp-block-columns is-layout-flex wp-container-core-columns-is-layout-9d6595d7 wp-block-columns-is-layout-flex\">\n<div class=\"wp-block-column fancy is-layout-flow wp-block-column-is-layout-flow\">\n<div class=\"wp-block-uagb-info-box uagb-infobox__outer-wrap uagb-block-e9da0e06\"><div class=\"uagb-infobox__content-wrap uagb-infobox uagb-infobox-has-image uagb-infobox-icon-above-title uagb-infobox-image-valign-top uagb-infobox-enable-border-radius \"><div class=\"uagb-ifb-left-right-wrap\"><div class=\"uagb-ifb-content\"><div class=\"uagb-ifb-image-icon-content uagb-ifb-imgicon-wrap\"><div class=\"uagb-ifb-image\"><div class=\"uagb-ifb-image-content\"><img decoding=\"async\" class=\"uagb-ifb-img-src\" src=\"https:\/\/riberasalud.com\/juan-cardona\/wp-content\/uploads\/2022\/01\/iconos-03-1-150x150.png\" alt=\"\"\/><\/div><\/div><\/div><div class=\"uagb-ifb-title-wrap\"><span class=\"uagb-ifb-title-prefix\">B\u00e1sico<\/span><h3 class=\"uagb-ifb-title\">(Revisi\u00f3n estado salud)<\/h3><\/div><div class=\"uagb-ifb-separator-parent\"><div class=\"uagb-ifb-separator\"><\/div><\/div><div class=\"uagb-ifb-text-wrap\"><p class=\"uagb-ifb-desc\">110\u20ac<\/p><\/div><\/div><\/div><\/div><\/div>\n<\/div>\n\n\n\n<div class=\"wp-block-column is-layout-flow wp-block-column-is-layout-flow\" style=\"flex-basis:2%\"><\/div>\n\n\n\n<div class=\"wp-block-column is-layout-flow wp-block-column-is-layout-flow\">\n<div style=\"height:20px\" aria-hidden=\"true\" class=\"wp-block-spacer uag-hide-desktop\"><\/div>\n\n\n\n<p style=\"font-size:16px\"><strong><span style=\"color: #000000;\" class=\"ugb-highlight\">Pruebas a realizar<\/span><\/strong><\/p>\n\n\n\n<ul class=\"wp-block-list\"><li>Consulta y exploraci\u00f3n<\/li><li>An\u00e1lisis Cl\u00ednicos<\/li><li>Hemograma<\/li><li>Bioqu\u00edmica hep\u00e1tica<\/li><li>Bioqu\u00edmica renal<\/li><li>Perfil lip\u00eddico<\/li><li>Glucosa<\/li><li>PSA (hombres mayores de 50 a\u00f1os)<\/li><li>Electrocardiograma<\/li><\/ul>\n<\/div>\n\n\n\n<div class=\"wp-block-column is-layout-flow wp-block-column-is-layout-flow\"><\/div>\n<\/div>\n<\/div><\/div>\n","protected":false},"excerpt":{"rendered":"<p>\u00bfQu\u00e9 es? \u00bfQu\u00e9 incluye? \u00bfQu\u00e9 es? El reconocimiento m\u00e9dico ofertado es una revisi\u00f3n m\u00e9dica dirigida a personas que quieran examinar el estado de su salud y mantener un control del mismo a trav\u00e9s de la prevenci\u00f3n. \u00bfQu\u00e9 incluye? El especialista asignado a la realizaci\u00f3n de los reconocimientos del colectivo realizar\u00e1 un breve cuestionario acerca de &#8230; <a title=\"Chequeo integral de salud\" class=\"read-more\" href=\"https:\/\/riberasalud.com\/santa-justa\/chequeo-integral-de-salud\/\" aria-label=\"Leer m\u00e1s sobre Chequeo integral de salud\">Leer m\u00e1s<\/a><\/p>\n","protected":false},"author":1,"featured_media":0,"parent":0,"menu_order":0,"comment_status":"closed","ping_status":"closed","template":"","meta":{"_coblocks_attr":"","_coblocks_dimensions":"","_coblocks_responsive_height":"","_coblocks_accordion_ie_support":"","_uag_custom_page_level_css":"","advgb_blocks_editor_width":"","advgb_blocks_columns_visual_guide":"","_monsterinsights_skip_tracking":false,"_monsterinsights_sitenote_active":false,"_monsterinsights_sitenote_note":"","_monsterinsights_sitenote_category":0,"footnotes":""},"class_list":["post-534","page","type-page","status-publish"],"featured_image_urls_v2":{"full":"","thumbnail":"","medium":"","medium_large":"","large":"","xl":"","xxl":"","xxxl":"","xxxxl":"","xxxxxl":"","1536x1536":"","2048x2048":""},"post_excerpt_stackable_v2":"<p>RIBERA SANTA JUSTA Revisi\u00f3n de estado de salud \u00bfQu\u00e9 es? \u00bfQu\u00e9 incluye? \u00bfQu\u00e9 es? El reconocimiento m\u00e9dico ofertado es una revisi\u00f3n m\u00e9dica dirigida a personas que quieran examinar el estado de su salud y mantener un control del mismo a trav\u00e9s de la prevenci\u00f3n. \u00bfQu\u00e9 incluye? El especialista asignado a la realizaci\u00f3n de los reconocimientos del colectivo realizar\u00e1 un breve cuestionario acerca de los antecedentes personales y familiares, as\u00ed como una exploraci\u00f3n f\u00edsica consistente en: medici\u00f3n de peso, talla, pulso, temperatura y tensi\u00f3n arterial, exploraci\u00f3n neurol\u00f3gica b\u00e1sica, otoscopia, auscultaci\u00f3n card\u00edaca y pulmonar, exploraci\u00f3n abdominal y exploraci\u00f3n de extremidades. B\u00e1sico(Revisi\u00f3n estado&hellip;<\/p>\n","category_list_v2":"","author_info_v2":{"name":"jorge@quois.com","url":"https:\/\/riberasalud.com\/santa-justa\/author\/jorgequois-com\/"},"comments_num_v2":"0 comentarios","yoast_head":"<!-- This site is optimized with the Yoast SEO plugin v26.6 - https:\/\/yoast.com\/wordpress\/plugins\/seo\/ -->\n<title>\u25b7 Chequeo integral de salud | Hospital Ribera Santa Justa<\/title>\n<meta name=\"description\" content=\"lll\u1405 RIBERA SANTA JUSTA Revisi\u00f3n de estado de salud \u00bfQu\u00e9 es? \u00bfQu\u00e9 incluye? \u00bfQu\u00e9 es? El reconocimiento m\u00e9dico ofertado es una revisi\u00f3n m\u00e9dica dirigida a \u2705\" \/>\n<meta name=\"robots\" content=\"index, follow, max-snippet:-1, max-image-preview:large, max-video-preview:-1\" \/>\n<link rel=\"canonical\" href=\"https:\/\/riberasalud.com\/santa-justa\/chequeo-integral-de-salud\/\" \/>\n<meta property=\"og:locale\" content=\"es_ES\" \/>\n<meta property=\"og:type\" content=\"article\" \/>\n<meta property=\"og:title\" content=\"\u25b7 Chequeo integral de salud | Hospital Ribera Santa Justa\" \/>\n<meta property=\"og:description\" content=\"lll\u1405 RIBERA SANTA JUSTA Revisi\u00f3n de estado de salud \u00bfQu\u00e9 es? \u00bfQu\u00e9 incluye? \u00bfQu\u00e9 es? El reconocimiento m\u00e9dico ofertado es una revisi\u00f3n m\u00e9dica dirigida a \u2705\" \/>\n<meta property=\"og:url\" content=\"https:\/\/riberasalud.com\/santa-justa\/chequeo-integral-de-salud\/\" \/>\n<meta property=\"og:site_name\" content=\"Hospital Ribera Santa Justa\" \/>\n<meta property=\"article:modified_time\" content=\"2022-06-28T07:22:46+00:00\" \/>\n<meta property=\"og:image\" content=\"https:\/\/riberasalud.com\/santa-justa\/wp-content\/uploads\/2022\/06\/chequeo_santa_justa.jpg\" \/>\n<meta name=\"twitter:card\" content=\"summary_large_image\" \/>\n<meta name=\"twitter:label1\" content=\"Tiempo de lectura\" \/>\n\t<meta name=\"twitter:data1\" content=\"1 minuto\" \/>\n<script type=\"application\/ld+json\" class=\"yoast-schema-graph\">{\"@context\":\"https:\/\/schema.org\",\"@graph\":[{\"@type\":\"WebPage\",\"@id\":\"https:\/\/riberasalud.com\/santa-justa\/chequeo-integral-de-salud\/\",\"url\":\"https:\/\/riberasalud.com\/santa-justa\/chequeo-integral-de-salud\/\",\"name\":\"\u25b7 Chequeo integral de salud | Hospital Ribera Santa Justa\",\"isPartOf\":{\"@id\":\"https:\/\/riberasalud.com\/santa-justa\/#website\"},\"primaryImageOfPage\":{\"@id\":\"https:\/\/riberasalud.com\/santa-justa\/chequeo-integral-de-salud\/#primaryimage\"},\"image\":{\"@id\":\"https:\/\/riberasalud.com\/santa-justa\/chequeo-integral-de-salud\/#primaryimage\"},\"thumbnailUrl\":\"https:\/\/riberasalud.com\/santa-justa\/wp-content\/uploads\/2022\/06\/chequeo_santa_justa.jpg\",\"datePublished\":\"2021-09-22T12:23:42+00:00\",\"dateModified\":\"2022-06-28T07:22:46+00:00\",\"description\":\"lll\u1405 RIBERA SANTA JUSTA Revisi\u00f3n de estado de salud \u00bfQu\u00e9 es? \u00bfQu\u00e9 incluye? \u00bfQu\u00e9 es? El reconocimiento m\u00e9dico ofertado es una revisi\u00f3n m\u00e9dica dirigida a \u2705\",\"breadcrumb\":{\"@id\":\"https:\/\/riberasalud.com\/santa-justa\/chequeo-integral-de-salud\/#breadcrumb\"},\"inLanguage\":\"es\",\"potentialAction\":[{\"@type\":\"ReadAction\",\"target\":[\"https:\/\/riberasalud.com\/santa-justa\/chequeo-integral-de-salud\/\"]}]},{\"@type\":\"ImageObject\",\"inLanguage\":\"es\",\"@id\":\"https:\/\/riberasalud.com\/santa-justa\/chequeo-integral-de-salud\/#primaryimage\",\"url\":\"https:\/\/riberasalud.com\/santa-justa\/wp-content\/uploads\/2022\/06\/chequeo_santa_justa.jpg\",\"contentUrl\":\"https:\/\/riberasalud.com\/santa-justa\/wp-content\/uploads\/2022\/06\/chequeo_santa_justa.jpg\",\"width\":1921,\"height\":599},{\"@type\":\"BreadcrumbList\",\"@id\":\"https:\/\/riberasalud.com\/santa-justa\/chequeo-integral-de-salud\/#breadcrumb\",\"itemListElement\":[{\"@type\":\"ListItem\",\"position\":1,\"name\":\"Portada\",\"item\":\"https:\/\/riberasalud.com\/santa-justa\/\"},{\"@type\":\"ListItem\",\"position\":2,\"name\":\"Chequeo integral de salud\"}]},{\"@type\":\"WebSite\",\"@id\":\"https:\/\/riberasalud.com\/santa-justa\/#website\",\"url\":\"https:\/\/riberasalud.com\/santa-justa\/\",\"name\":\"Hospital Ribera Santa Justa\",\"description\":\"\",\"publisher\":{\"@id\":\"https:\/\/riberasalud.com\/santa-justa\/#organization\"},\"potentialAction\":[{\"@type\":\"SearchAction\",\"target\":{\"@type\":\"EntryPoint\",\"urlTemplate\":\"https:\/\/riberasalud.com\/santa-justa\/?s={search_term_string}\"},\"query-input\":{\"@type\":\"PropertyValueSpecification\",\"valueRequired\":true,\"valueName\":\"search_term_string\"}}],\"inLanguage\":\"es\"},{\"@type\":\"Organization\",\"@id\":\"https:\/\/riberasalud.com\/santa-justa\/#organization\",\"name\":\"Hospital Ribera Santa Justa\",\"url\":\"https:\/\/riberasalud.com\/santa-justa\/\",\"logo\":{\"@type\":\"ImageObject\",\"inLanguage\":\"es\",\"@id\":\"https:\/\/riberasalud.com\/santa-justa\/#\/schema\/logo\/image\/\",\"url\":\"https:\/\/riberasalud.com\/santa-justa\/wp-content\/uploads\/2021\/04\/cropped-Logo-Red-SantaJusta.png\",\"contentUrl\":\"https:\/\/riberasalud.com\/santa-justa\/wp-content\/uploads\/2021\/04\/cropped-Logo-Red-SantaJusta.png\",\"width\":2158,\"height\":493,\"caption\":\"Hospital Ribera Santa Justa\"},\"image\":{\"@id\":\"https:\/\/riberasalud.com\/santa-justa\/#\/schema\/logo\/image\/\"}}]}<\/script>\n<!-- \/ Yoast SEO plugin. -->","yoast_head_json":{"title":"\u25b7 Chequeo integral de salud | Hospital Ribera Santa Justa","description":"lll\u1405 RIBERA SANTA JUSTA Revisi\u00f3n de estado de salud \u00bfQu\u00e9 es? \u00bfQu\u00e9 incluye? \u00bfQu\u00e9 es? El reconocimiento m\u00e9dico ofertado es una revisi\u00f3n m\u00e9dica dirigida a \u2705","robots":{"index":"index","follow":"follow","max-snippet":"max-snippet:-1","max-image-preview":"max-image-preview:large","max-video-preview":"max-video-preview:-1"},"canonical":"https:\/\/riberasalud.com\/santa-justa\/chequeo-integral-de-salud\/","og_locale":"es_ES","og_type":"article","og_title":"\u25b7 Chequeo integral de salud | Hospital Ribera Santa Justa","og_description":"lll\u1405 RIBERA SANTA JUSTA Revisi\u00f3n de estado de salud \u00bfQu\u00e9 es? \u00bfQu\u00e9 incluye? \u00bfQu\u00e9 es? El reconocimiento m\u00e9dico ofertado es una revisi\u00f3n m\u00e9dica dirigida a \u2705","og_url":"https:\/\/riberasalud.com\/santa-justa\/chequeo-integral-de-salud\/","og_site_name":"Hospital Ribera Santa Justa","article_modified_time":"2022-06-28T07:22:46+00:00","og_image":[{"url":"https:\/\/riberasalud.com\/santa-justa\/wp-content\/uploads\/2022\/06\/chequeo_santa_justa.jpg","type":"","width":"","height":""}],"twitter_card":"summary_large_image","twitter_misc":{"Tiempo de lectura":"1 minuto"},"schema":{"@context":"https:\/\/schema.org","@graph":[{"@type":"WebPage","@id":"https:\/\/riberasalud.com\/santa-justa\/chequeo-integral-de-salud\/","url":"https:\/\/riberasalud.com\/santa-justa\/chequeo-integral-de-salud\/","name":"\u25b7 Chequeo integral de salud | Hospital Ribera Santa Justa","isPartOf":{"@id":"https:\/\/riberasalud.com\/santa-justa\/#website"},"primaryImageOfPage":{"@id":"https:\/\/riberasalud.com\/santa-justa\/chequeo-integral-de-salud\/#primaryimage"},"image":{"@id":"https:\/\/riberasalud.com\/santa-justa\/chequeo-integral-de-salud\/#primaryimage"},"thumbnailUrl":"https:\/\/riberasalud.com\/santa-justa\/wp-content\/uploads\/2022\/06\/chequeo_santa_justa.jpg","datePublished":"2021-09-22T12:23:42+00:00","dateModified":"2022-06-28T07:22:46+00:00","description":"lll\u1405 RIBERA SANTA JUSTA Revisi\u00f3n de estado de salud \u00bfQu\u00e9 es? \u00bfQu\u00e9 incluye? \u00bfQu\u00e9 es? El reconocimiento m\u00e9dico ofertado es una revisi\u00f3n m\u00e9dica dirigida a \u2705","breadcrumb":{"@id":"https:\/\/riberasalud.com\/santa-justa\/chequeo-integral-de-salud\/#breadcrumb"},"inLanguage":"es","potentialAction":[{"@type":"ReadAction","target":["https:\/\/riberasalud.com\/santa-justa\/chequeo-integral-de-salud\/"]}]},{"@type":"ImageObject","inLanguage":"es","@id":"https:\/\/riberasalud.com\/santa-justa\/chequeo-integral-de-salud\/#primaryimage","url":"https:\/\/riberasalud.com\/santa-justa\/wp-content\/uploads\/2022\/06\/chequeo_santa_justa.jpg","contentUrl":"https:\/\/riberasalud.com\/santa-justa\/wp-content\/uploads\/2022\/06\/chequeo_santa_justa.jpg","width":1921,"height":599},{"@type":"BreadcrumbList","@id":"https:\/\/riberasalud.com\/santa-justa\/chequeo-integral-de-salud\/#breadcrumb","itemListElement":[{"@type":"ListItem","position":1,"name":"Portada","item":"https:\/\/riberasalud.com\/santa-justa\/"},{"@type":"ListItem","position":2,"name":"Chequeo integral de salud"}]},{"@type":"WebSite","@id":"https:\/\/riberasalud.com\/santa-justa\/#website","url":"https:\/\/riberasalud.com\/santa-justa\/","name":"Hospital Ribera Santa Justa","description":"","publisher":{"@id":"https:\/\/riberasalud.com\/santa-justa\/#organization"},"potentialAction":[{"@type":"SearchAction","target":{"@type":"EntryPoint","urlTemplate":"https:\/\/riberasalud.com\/santa-justa\/?s={search_term_string}"},"query-input":{"@type":"PropertyValueSpecification","valueRequired":true,"valueName":"search_term_string"}}],"inLanguage":"es"},{"@type":"Organization","@id":"https:\/\/riberasalud.com\/santa-justa\/#organization","name":"Hospital Ribera Santa Justa","url":"https:\/\/riberasalud.com\/santa-justa\/","logo":{"@type":"ImageObject","inLanguage":"es","@id":"https:\/\/riberasalud.com\/santa-justa\/#\/schema\/logo\/image\/","url":"https:\/\/riberasalud.com\/santa-justa\/wp-content\/uploads\/2021\/04\/cropped-Logo-Red-SantaJusta.png","contentUrl":"https:\/\/riberasalud.com\/santa-justa\/wp-content\/uploads\/2021\/04\/cropped-Logo-Red-SantaJusta.png","width":2158,"height":493,"caption":"Hospital Ribera Santa Justa"},"image":{"@id":"https:\/\/riberasalud.com\/santa-justa\/#\/schema\/logo\/image\/"}}]}},"pbg_featured_image_src":{"full":false,"thumbnail":false,"medium":false,"medium_large":false,"large":false,"xl":false,"xxl":false,"xxxl":false,"xxxxl":false,"xxxxxl":false,"1536x1536":false,"2048x2048":false},"pbg_author_info":{"display_name":"jorge@quois.com","author_link":"https:\/\/riberasalud.com\/santa-justa\/author\/jorgequois-com\/","author_img":"<img alt='jorge@quois.com' src='https:\/\/secure.gravatar.com\/avatar\/bca8cccf11ce6757dcdec6ce293d120c16d33c83aeb423357cce3f49f3abae94?s=128&#038;d=mm&#038;r=g' srcset='https:\/\/secure.gravatar.com\/avatar\/bca8cccf11ce6757dcdec6ce293d120c16d33c83aeb423357cce3f49f3abae94?s=256&#038;d=mm&#038;r=g 2x' class='avatar avatar-128 photo' height='128' width='128' loading='lazy' decoding='async'\/>"},"pbg_comment_info":" No Comments","pbg_excerpt":"\u00bfQu\u00e9 es? \u00bfQu\u00e9 incluye? \u00bfQu\u00e9 es? El reconocimiento m\u00e9dico ofertado es una revisi\u00f3n m\u00e9dica dirigida a personas que quieran examinar el estado de su salud y mantener un control del mismo a trav\u00e9s de la prevenci\u00f3n. \u00bfQu\u00e9 incluye? El especialista asignado a la realizaci\u00f3n de los reconocimientos del colectivo realizar\u00e1 un breve cuestionario acerca de&hellip;","uagb_featured_image_src":{"full":false,"thumbnail":false,"medium":false,"medium_large":false,"large":false,"xl":false,"xxl":false,"xxxl":false,"xxxxl":false,"xxxxxl":false,"1536x1536":false,"2048x2048":false},"uagb_author_info":{"display_name":"jorge@quois.com","author_link":"https:\/\/riberasalud.com\/santa-justa\/author\/jorgequois-com\/"},"uagb_comment_info":0,"uagb_excerpt":"\u00bfQu\u00e9 es? \u00bfQu\u00e9 incluye? \u00bfQu\u00e9 es? El reconocimiento m\u00e9dico ofertado es una revisi\u00f3n m\u00e9dica dirigida a personas que quieran examinar el estado de su salud y mantener un control del mismo a trav\u00e9s de la prevenci\u00f3n. \u00bfQu\u00e9 incluye? El especialista asignado a la realizaci\u00f3n de los reconocimientos del colectivo realizar\u00e1 un breve cuestionario acerca de&hellip;","coauthors":[],"author_meta":{"author_link":"https:\/\/riberasalud.com\/santa-justa\/author\/jorgequois-com\/","display_name":"jorge@quois.com"},"relative_dates":{"created":"Publicado 5 a\u00f1os hace","modified":"Actualizado 4 a\u00f1os hace"},"absolute_dates":{"created":"Publicado el 22 de septiembre de 2021","modified":"Actualizado el 28 de junio de 2022"},"absolute_dates_time":{"created":"Publicado el 22 de septiembre de 2021 12:23","modified":"Actualizado el 28 de junio de 2022 07:22"},"featured_img_caption":"","featured_img":false,"series_order":"","_links":{"self":[{"href":"https:\/\/riberasalud.com\/santa-justa\/wp-json\/wp\/v2\/pages\/534","targetHints":{"allow":["GET"]}}],"collection":[{"href":"https:\/\/riberasalud.com\/santa-justa\/wp-json\/wp\/v2\/pages"}],"about":[{"href":"https:\/\/riberasalud.com\/santa-justa\/wp-json\/wp\/v2\/types\/page"}],"author":[{"embeddable":true,"href":"https:\/\/riberasalud.com\/santa-justa\/wp-json\/wp\/v2\/users\/1"}],"replies":[{"embeddable":true,"href":"https:\/\/riberasalud.com\/santa-justa\/wp-json\/wp\/v2\/comments?post=534"}],"version-history":[{"count":11,"href":"https:\/\/riberasalud.com\/santa-justa\/wp-json\/wp\/v2\/pages\/534\/revisions"}],"predecessor-version":[{"id":959,"href":"https:\/\/riberasalud.com\/santa-justa\/wp-json\/wp\/v2\/pages\/534\/revisions\/959"}],"wp:attachment":[{"href":"https:\/\/riberasalud.com\/santa-justa\/wp-json\/wp\/v2\/media?parent=534"}],"curies":[{"name":"wp","href":"https:\/\/api.w.org\/{rel}","templated":true}]}}