{"id":40,"date":"2021-04-22T07:05:17","date_gmt":"2021-04-22T07:05:17","guid":{"rendered":"https:\/\/riberasalud.com\/santa-justa\/?page_id=40"},"modified":"2021-10-26T07:43:21","modified_gmt":"2021-10-26T07:43:21","slug":"atencion-a-lesionados-de-trafico","status":"publish","type":"page","link":"https:\/\/riberasalud.com\/santa-justa\/atencion-a-lesionados-de-trafico\/","title":{"rendered":"Atenci\u00f3n a lesionados de tr\u00e1fico"},"content":{"rendered":"\n<div class=\"wp-block-group backgroundbanner\"><div class=\"wp-block-group__inner-container is-layout-flow wp-block-group-is-layout-flow\">\n<p class=\"has-text-align-center\" style=\"font-size:40px\"><span style=\"color: #4b4a4a;\" class=\"ugb-highlight\">Atenci\u00f3n a lesionados de tr\u00e1fico<\/span><\/p>\n<\/div><\/div>\n\n\n<div id=\"gutenslider-ygi3emfz7\" class=\"wp-block-eedee-block-gutenslider content-change alignnone arrow-style-1 arrow-position-sides arrow-mb-none dot-style-1 is-position-center-center\" style=\"--gutenslider-min-height: 50vh;--gutenslider-arrow-size: 30px;--gutenslider-dot-size: 25px;--gutenslider-arrow-color: #ffffff;--gutenslider-dot-color: #ffffff;--gutenslider-padding-y-mobile: 40px;--gutenslider-padding-x-mobile: 40px;--gutenslider-padding-y-tablet: 40px;--gutenslider-padding-x-tablet: 40px;--gutenslider-padding-y-desktop: 40px;--gutenslider-padding-x-desktop: 40px;--gutenslider-bg-image: url();--gutenslider-min-height-md: 50vh;--gutenslider-min-height-sm: 50vh;--gutenslider-padding-x: 40px;--gutenslider-padding-x-md: 40px;--gutenslider-padding-x-sm: 20px;--gutenslider-padding-y: 40px;--gutenslider-padding-y-md: 40px;--gutenslider-padding-y-sm: 20px;--gutenslider-arrow-size-md: 30px;--gutenslider-arrow-size-sm: 30px;--gutenslider-dot-size-md: 25px;--gutenslider-dot-size-sm: 25px;--gutenslider-arrow-bg-color: transparent;--gutenslider-arrow-hover-color: #eeeeee;--gutenslider-arrow-bg-hover-color: transparent;--gutenslider-arrow-x-offset: 10px;--gutenslider-arrow-x-offset-md: 10px;--gutenslider-arrow-x-offset-sm: 10px;--gutenslider-arrow-y-offset: 0px;--gutenslider-arrow-y-offset-md: 0px;--gutenslider-arrow-y-offset-sm: 0px;--gutenslider-arrow-x-spacing: 0px;\" data-parallax-direction=\"down\" data-parallax-amount=\"1.3\"><div class=\"slick-slider\" data-slick='{\"lazyload\":\"ondemand\",\"infinite\":true,\"pauseOnFocus\":true,\"pauseOnHover\":true,\"dots\":true,\"arrows\":true,\"autoplaySpeed\":3000,\"speed\":700,\"autoplay\":false,\"fade\":true,\"pauseOnDotsHover\":true,\"slidesToShow\":1,\"slidesToScroll\":1,\"adaptiveHeight\":false,\"responsive\":[{\"breakpoint\":960,\"settings\":{\"arrows\":true,\"dots\":true,\"slidesToShow\":1,\"slidesToScroll\":1}},{\"breakpoint\":600,\"settings\":{\"arrows\":true,\"dots\":true,\"slidesToShow\":1,\"slidesToScroll\":1}}]}'>\n\n<div class=\"wp-block-eedee-block-gutenslide vertical-align-center bannertrafico\"><div id=\"gutenslide-5bf0eappw\"><div class=\"eedee-background-div\"><img decoding=\"async\" class=\"wp-image-300 swiper-zoom-target\" src=\"https:\/\/riberasalud.com\/polusa\/wp-content\/uploads\/2021\/06\/Home_trafico1-1024x319.jpg\" alt=\"\" style=\"object-fit:cover;object-position:50% 50%\"\/><div class=\"eedee-background-div__overlay\" style=\"opacity:1\"><\/div><\/div><div class=\"slide-content\">\n<div class=\"wp-block-columns is-layout-flex wp-container-core-columns-is-layout-9d6595d7 wp-block-columns-is-layout-flex\">\n<div class=\"wp-block-column is-layout-flow wp-block-column-is-layout-flow\" style=\"flex-basis:100%\">\n<p>SOMOS RIBERA SANTA JUSTA<\/p>\n\n\n\n<p class=\"has-text-align-center gutenslider-content-initial has-larger-font-size\">Asistencia sanitaria integral<br>y sin esperas para<br>accidentados de tr\u00e1fico<\/p>\n<\/div>\n<\/div>\n<\/div><\/div><\/div>\n\n<\/div><button class=\"slick-arrow slick-prev eedee-gutenslider-nav eedee-gutenslider-prev\"><svg xmlns=\"http:\/\/www.w3.org\/2000\/svg\" viewBox=\"0 0 24 24\" width=\"24\" height=\"24\"><circle class=\"bg\" cx=\"13\" cy=\"12\" r=\"11\" \/><path fill=\"none\" d=\"M0 0h24v24H0z\"\/><path class=\"arrow\" d=\"M10.828 12l4.95 4.95-1.414 1.414L8 12l6.364-6.364 1.414 1.414z\"\/><\/svg><\/button><button class=\"slick-arrow slick-next eedee-gutenslider-nav eedee-gutenslider-next\"><svg xmlns=\"http:\/\/www.w3.org\/2000\/svg\" viewBox=\"0 0 24 24\" width=\"24\" height=\"24\"><circle class=\"bg\" cx=\"11\" cy=\"12\" r=\"11\" \/><path fill=\"none\" d=\"M0 0h24v24H0z\"\/><path class=\"arrow\" d=\"M13.172 12l-4.95-4.95 1.414-1.414L16 12l-6.364 6.364-1.414-1.414z\"\/><\/svg><\/button><\/div>\n\n\n<div class=\"wp-block-group\"><div class=\"wp-block-group__inner-container is-layout-flow wp-block-group-is-layout-flow\">\n<h2 class=\"wp-block-heading\"><strong><span style=\"color: #d11728;\" class=\"ugb-highlight\">Si has sufrido un accidente de tr\u00e1fico&#8230;<\/span><\/strong><\/h2>\n\n\n\n<p>Estate tranquilo y sigue nuestros consejos, por tu situaci\u00f3n han pasado muchas personas y nosotros sabemos c\u00f3mo ayudarte.<br>Elige bien el centro hospitalario para que te realicen el seguimiento adecuado yminimizar las secuelas de las posibles lesiones.<br>Ac\u00e9rcate al centro hospitalario que t\u00fa decidas, en las posteriores 72h del accidente para que te hagan una valoraci\u00f3n inicial de tu estado de salud y descartar problemas futuros.<br>No infravalores un peque\u00f1o dolor despu\u00e9s de un accidente, puede complicarse y las consecuencias volverse irreversibles.<br>El hecho de no sentir dolor en el momento del accidente no significa que no tengas nada.<br><\/p>\n\n\n\n<h2 class=\"wp-block-heading\"><strong><span style=\"color: #d11728;\" class=\"ugb-highlight\">Sab\u00edas que&#8230;<\/span><\/strong><\/h2>\n\n\n\n<p>Cuando te has lesionado en un accidente, tienes m\u00e1s derechos que cualquier otro paciente.<br>Derecho a una asistencia sanitaria gratuita y de calidad, desde el momento del accidente hasta tu recuperaci\u00f3n, facilit\u00e1ndote en todo momento un informe m\u00e9dico para valorar las lesiones<br>Derecho a elegir el centro hospitalario donde quieres ser tratado, en ning\u00fan caso tienes la obligaci\u00f3n de ir al centro que te indica tu seguro<br>Derecho a recibir las consultas con especialistas necesarias en todo momento hasta tu completa recuperaci\u00f3n.<br>Derecho a indemnizaci\u00f3n por los da\u00f1os y molestias que te haya ocasionado el accidente.<br><\/p>\n\n\n\n<h2 class=\"wp-block-heading\"><strong><span style=\"color: #d11728;\" class=\"ugb-highlight\">Asistencia sanitaria de libre elecci\u00f3n<\/span><\/strong><\/h2>\n\n\n\n<p>Es tu derecho y lo debes de exigir<br>En todo accidente, como pacientes somos libres de elegir el centro sanitario al que queramos ir, no estamos obligados a cambiar de centro ni a ir al que nuestra compa\u00f1\u00eda de seguros nos indique.<br>Que no te digan lo contrario, te estar\u00edan mintiendo.<br>Todos los centros hospitalarios te garantizar\u00e1n una atenci\u00f3n completa y personalizada, una asistencia eficaz y un tratamiento de calidad.<br>A cargo de la compa\u00f1\u00eda de seguros de coche correspondiente<\/p>\n\n\n\n<h2 class=\"wp-block-heading\"><strong><span style=\"color: #d11728;\" class=\"ugb-highlight\">Servicios de la Unidad de Tr\u00e1ficos de Hospital Ribera Santa Justa<\/span><\/strong><\/h2>\n\n\n\n<p>&#8211; Urgencias, resonancia, electromiograf\u00eda y neurocirug\u00eda.<br>&#8211; M\u00e9dicos de urgencias, especialistas en traumatolog\u00eda, cirug\u00eda general y neurocirug\u00eda.<br>&#8211; Pruebas diagn\u00f3sticas ( RX, TAC, RNM, Ecograf\u00eda, Electromiograf\u00eda, etc)<br>&#8211; Hospitalizaci\u00f3n<br>&#8211; Intervenci\u00f3n quir\u00fargica<br>&#8211; Unidad de Fisioterapia<br>&#8211; Laboratorio de An\u00e1lisis Cl\u00ednicos<\/p>\n\n\n\n<h2 class=\"wp-block-heading\"><strong><span style=\"color: #d11728;\" class=\"ugb-highlight\">\u00bfQu\u00e9 debo hacer en caso de accidente de tr\u00e1fico?<\/span><\/strong><\/h2>\n\n\n\n<p>Acudir al servicio de Urgencias del Hospital Ribera Santa Justa, donde ser\u00e1 atendido sin ninguna demora.<\/p>\n\n\n\n<p>Debe informar del lugar y fecha del accidente, y adem\u00e1s aportar el parte del siniestro y los datos de los veh\u00edculos implicados y conductores. Tambi\u00e9n debe indicarnos cu\u00e1l es su compa\u00f1\u00eda de seguros.<br>El Hospital Ribera Santa Justa se pondr\u00e1 en contacto con su compa\u00f1\u00eda y resolver\u00e1 directamente los tr\u00e1mites administrativos.<br>Si ya ha acudido a urgencias en otro centro, puede acudir igualmente al&nbsp; Hospital Ribera Santa Justa para solicitar una cita con el m\u00e9dico especialista que necesite, y as\u00ed poder comenzar cuanto antes el tratamiento y seguimiento adecuados.<\/p>\n\n\n\n<h2 class=\"wp-block-heading\"><strong><span style=\"color: #d11728;\" class=\"ugb-highlight\">\u00bfQui\u00e9n paga mi asistencia sanitaria?<\/span><\/strong><\/h2>\n\n\n\n<p>La compa\u00f1\u00eda de seguros del veh\u00edculo responsable del siniestro abona los gastos sanitarios originados a ra\u00edz del accidente de tr\u00e1fico, mediante la cobertura a terceros del Seguro Obligatorio, dado que todos los ocupantes del veh\u00edculo, como cualquier otra persona afectada por un accidente, est\u00e1n protegidos por la cobertura a terceros.<br>Cuando se trate de un conductor, y en el accidente no haya participado ning\u00fan otro veh\u00edculo (conductor sin contrario), la cobertura de asistencia sanitaria ser\u00e1 asumida por su compa\u00f1\u00eda conforme a lo indicado en las Condiciones Particulares de su P\u00f3liza, siempre y cuando tenga contratado el Seguro de Accidentes del Conductor.<br>El Sistema Sanitario P\u00fablico no cubre los tratamientos de lesiones causadas en un accidente de circulaci\u00f3n, salvo que no exista compa\u00f1\u00eda obligada al pago.<\/p>\n\n\n\n<h2 class=\"wp-block-heading\"><strong><span style=\"color: #d11728;\" class=\"ugb-highlight\">\u00bfPuede obligarme la compa\u00f1\u00eda a cambiar de m\u00e9dico o centro sanitario?<\/span><\/strong><\/h2>\n\n\n\n<p>Aunque es posible que la aseguradora se lo pida, usted no est\u00e1 obligado a cambiar de centro sanitario o de m\u00e9dico, ni a someterse a pruebas o tratamientos distintos de los que le facilitemos en este hospital. Nuestros facultativos le transmitir\u00e1n a las compa\u00f1\u00edas y a los m\u00e9dicos de las mismas toda la informaci\u00f3n que precisen sobre su estado de salud y las posibles secuelas que el accidente pudiese causarle. Nuestro diagn\u00f3stico ser\u00e1 siempre objetivo e imparcial.<\/p>\n<\/div><\/div>\n","protected":false},"excerpt":{"rendered":"<p>Atenci\u00f3n a lesionados de tr\u00e1fico Si has sufrido un accidente de tr\u00e1fico&#8230; Estate tranquilo y sigue nuestros consejos, por tu situaci\u00f3n han pasado muchas personas y nosotros sabemos c\u00f3mo ayudarte.Elige bien el centro hospitalario para que te realicen el seguimiento adecuado yminimizar las secuelas de las posibles lesiones.Ac\u00e9rcate al centro hospitalario que t\u00fa decidas, en &#8230; <a title=\"Atenci\u00f3n a lesionados de tr\u00e1fico\" class=\"read-more\" href=\"https:\/\/riberasalud.com\/santa-justa\/atencion-a-lesionados-de-trafico\/\" aria-label=\"Leer m\u00e1s sobre Atenci\u00f3n a lesionados de tr\u00e1fico\">Leer m\u00e1s<\/a><\/p>\n","protected":false},"author":1,"featured_media":0,"parent":0,"menu_order":0,"comment_status":"closed","ping_status":"closed","template":"","meta":{"_coblocks_attr":"","_coblocks_dimensions":"","_coblocks_responsive_height":"","_coblocks_accordion_ie_support":"","_uag_custom_page_level_css":"","advgb_blocks_editor_width":"","advgb_blocks_columns_visual_guide":"","_monsterinsights_skip_tracking":false,"_monsterinsights_sitenote_active":false,"_monsterinsights_sitenote_note":"","_monsterinsights_sitenote_category":0,"footnotes":""},"class_list":["post-40","page","type-page","status-publish"],"featured_image_urls_v2":{"full":"","thumbnail":"","medium":"","medium_large":"","large":"","xl":"","xxl":"","xxxl":"","xxxxl":"","xxxxxl":"","1536x1536":"","2048x2048":""},"post_excerpt_stackable_v2":"<p>Atenci\u00f3n a lesionados de tr\u00e1fico SOMOS RIBERA SANTA JUSTA Asistencia sanitaria integraly sin esperas paraaccidentados de tr\u00e1fico Si has sufrido un accidente de tr\u00e1fico&#8230; Estate tranquilo y sigue nuestros consejos, por tu situaci\u00f3n han pasado muchas personas y nosotros sabemos c\u00f3mo ayudarte.Elige bien el centro hospitalario para que te realicen el seguimiento adecuado yminimizar las secuelas de las posibles lesiones.Ac\u00e9rcate al centro hospitalario que t\u00fa decidas, en las posteriores 72h del accidente para que te hagan una valoraci\u00f3n inicial de tu estado de salud y descartar problemas futuros.No infravalores un peque\u00f1o dolor despu\u00e9s de un accidente, puede complicarse y las&hellip;<\/p>\n","category_list_v2":"","author_info_v2":{"name":"jorge@quois.com","url":"https:\/\/riberasalud.com\/santa-justa\/author\/jorgequois-com\/"},"comments_num_v2":"0 comentarios","yoast_head":"<!-- This site is optimized with the Yoast SEO plugin v26.6 - https:\/\/yoast.com\/wordpress\/plugins\/seo\/ -->\n<title>\u25b7 Atenci\u00f3n a lesionados de tr\u00e1fico | Hospital Ribera Santa Justa<\/title>\n<meta name=\"description\" content=\"lll\u1405 Atenci\u00f3n a lesionados de tr\u00e1fico SOMOS RIBERA SANTA JUSTA Asistencia sanitaria integraly sin esperas paraaccidentados de tr\u00e1fico Si has sufrido un \u2705\" \/>\n<meta name=\"robots\" content=\"index, follow, max-snippet:-1, max-image-preview:large, max-video-preview:-1\" \/>\n<link rel=\"canonical\" href=\"https:\/\/riberasalud.com\/santa-justa\/atencion-a-lesionados-de-trafico\/\" \/>\n<meta property=\"og:locale\" content=\"es_ES\" \/>\n<meta property=\"og:type\" content=\"article\" \/>\n<meta property=\"og:title\" content=\"\u25b7 Atenci\u00f3n a lesionados de tr\u00e1fico | Hospital Ribera Santa Justa\" \/>\n<meta property=\"og:description\" content=\"lll\u1405 Atenci\u00f3n a lesionados de tr\u00e1fico SOMOS RIBERA SANTA JUSTA Asistencia sanitaria integraly sin esperas paraaccidentados de tr\u00e1fico Si has sufrido un \u2705\" \/>\n<meta property=\"og:url\" content=\"https:\/\/riberasalud.com\/santa-justa\/atencion-a-lesionados-de-trafico\/\" \/>\n<meta property=\"og:site_name\" content=\"Hospital Ribera Santa Justa\" \/>\n<meta property=\"article:modified_time\" content=\"2021-10-26T07:43:21+00:00\" \/>\n<meta property=\"og:image\" content=\"https:\/\/riberasalud.com\/polusa\/wp-content\/uploads\/2021\/06\/Home_trafico1-1024x319.jpg\" \/>\n<meta name=\"twitter:card\" content=\"summary_large_image\" \/>\n<meta name=\"twitter:label1\" content=\"Tiempo de lectura\" \/>\n\t<meta name=\"twitter:data1\" content=\"4 minutos\" \/>\n<script type=\"application\/ld+json\" class=\"yoast-schema-graph\">{\"@context\":\"https:\/\/schema.org\",\"@graph\":[{\"@type\":\"WebPage\",\"@id\":\"https:\/\/riberasalud.com\/santa-justa\/atencion-a-lesionados-de-trafico\/\",\"url\":\"https:\/\/riberasalud.com\/santa-justa\/atencion-a-lesionados-de-trafico\/\",\"name\":\"\u25b7 Atenci\u00f3n a lesionados de tr\u00e1fico | Hospital Ribera Santa Justa\",\"isPartOf\":{\"@id\":\"https:\/\/riberasalud.com\/santa-justa\/#website\"},\"primaryImageOfPage\":{\"@id\":\"https:\/\/riberasalud.com\/santa-justa\/atencion-a-lesionados-de-trafico\/#primaryimage\"},\"image\":{\"@id\":\"https:\/\/riberasalud.com\/santa-justa\/atencion-a-lesionados-de-trafico\/#primaryimage\"},\"thumbnailUrl\":\"https:\/\/riberasalud.com\/polusa\/wp-content\/uploads\/2021\/06\/Home_trafico1-1024x319.jpg\",\"datePublished\":\"2021-04-22T07:05:17+00:00\",\"dateModified\":\"2021-10-26T07:43:21+00:00\",\"description\":\"lll\u1405 Atenci\u00f3n a lesionados de tr\u00e1fico SOMOS RIBERA SANTA JUSTA Asistencia sanitaria integraly sin esperas paraaccidentados de tr\u00e1fico Si has sufrido un \u2705\",\"breadcrumb\":{\"@id\":\"https:\/\/riberasalud.com\/santa-justa\/atencion-a-lesionados-de-trafico\/#breadcrumb\"},\"inLanguage\":\"es\",\"potentialAction\":[{\"@type\":\"ReadAction\",\"target\":[\"https:\/\/riberasalud.com\/santa-justa\/atencion-a-lesionados-de-trafico\/\"]}]},{\"@type\":\"ImageObject\",\"inLanguage\":\"es\",\"@id\":\"https:\/\/riberasalud.com\/santa-justa\/atencion-a-lesionados-de-trafico\/#primaryimage\",\"url\":\"https:\/\/riberasalud.com\/polusa\/wp-content\/uploads\/2021\/06\/Home_trafico1-1024x319.jpg\",\"contentUrl\":\"https:\/\/riberasalud.com\/polusa\/wp-content\/uploads\/2021\/06\/Home_trafico1-1024x319.jpg\"},{\"@type\":\"BreadcrumbList\",\"@id\":\"https:\/\/riberasalud.com\/santa-justa\/atencion-a-lesionados-de-trafico\/#breadcrumb\",\"itemListElement\":[{\"@type\":\"ListItem\",\"position\":1,\"name\":\"Portada\",\"item\":\"https:\/\/riberasalud.com\/santa-justa\/\"},{\"@type\":\"ListItem\",\"position\":2,\"name\":\"Atenci\u00f3n a lesionados de tr\u00e1fico\"}]},{\"@type\":\"WebSite\",\"@id\":\"https:\/\/riberasalud.com\/santa-justa\/#website\",\"url\":\"https:\/\/riberasalud.com\/santa-justa\/\",\"name\":\"Hospital Ribera Santa Justa\",\"description\":\"\",\"publisher\":{\"@id\":\"https:\/\/riberasalud.com\/santa-justa\/#organization\"},\"potentialAction\":[{\"@type\":\"SearchAction\",\"target\":{\"@type\":\"EntryPoint\",\"urlTemplate\":\"https:\/\/riberasalud.com\/santa-justa\/?s={search_term_string}\"},\"query-input\":{\"@type\":\"PropertyValueSpecification\",\"valueRequired\":true,\"valueName\":\"search_term_string\"}}],\"inLanguage\":\"es\"},{\"@type\":\"Organization\",\"@id\":\"https:\/\/riberasalud.com\/santa-justa\/#organization\",\"name\":\"Hospital Ribera Santa Justa\",\"url\":\"https:\/\/riberasalud.com\/santa-justa\/\",\"logo\":{\"@type\":\"ImageObject\",\"inLanguage\":\"es\",\"@id\":\"https:\/\/riberasalud.com\/santa-justa\/#\/schema\/logo\/image\/\",\"url\":\"https:\/\/riberasalud.com\/santa-justa\/wp-content\/uploads\/2021\/04\/cropped-Logo-Red-SantaJusta.png\",\"contentUrl\":\"https:\/\/riberasalud.com\/santa-justa\/wp-content\/uploads\/2021\/04\/cropped-Logo-Red-SantaJusta.png\",\"width\":2158,\"height\":493,\"caption\":\"Hospital Ribera Santa Justa\"},\"image\":{\"@id\":\"https:\/\/riberasalud.com\/santa-justa\/#\/schema\/logo\/image\/\"}}]}<\/script>\n<!-- \/ Yoast SEO plugin. -->","yoast_head_json":{"title":"\u25b7 Atenci\u00f3n a lesionados de tr\u00e1fico | Hospital Ribera Santa Justa","description":"lll\u1405 Atenci\u00f3n a lesionados de tr\u00e1fico SOMOS RIBERA SANTA JUSTA Asistencia sanitaria integraly sin esperas paraaccidentados de tr\u00e1fico Si has sufrido un \u2705","robots":{"index":"index","follow":"follow","max-snippet":"max-snippet:-1","max-image-preview":"max-image-preview:large","max-video-preview":"max-video-preview:-1"},"canonical":"https:\/\/riberasalud.com\/santa-justa\/atencion-a-lesionados-de-trafico\/","og_locale":"es_ES","og_type":"article","og_title":"\u25b7 Atenci\u00f3n a lesionados de tr\u00e1fico | Hospital Ribera Santa Justa","og_description":"lll\u1405 Atenci\u00f3n a lesionados de tr\u00e1fico SOMOS RIBERA SANTA JUSTA Asistencia sanitaria integraly sin esperas paraaccidentados de tr\u00e1fico Si has sufrido un \u2705","og_url":"https:\/\/riberasalud.com\/santa-justa\/atencion-a-lesionados-de-trafico\/","og_site_name":"Hospital Ribera Santa Justa","article_modified_time":"2021-10-26T07:43:21+00:00","og_image":[{"url":"https:\/\/riberasalud.com\/polusa\/wp-content\/uploads\/2021\/06\/Home_trafico1-1024x319.jpg","type":"","width":"","height":""}],"twitter_card":"summary_large_image","twitter_misc":{"Tiempo de lectura":"4 minutos"},"schema":{"@context":"https:\/\/schema.org","@graph":[{"@type":"WebPage","@id":"https:\/\/riberasalud.com\/santa-justa\/atencion-a-lesionados-de-trafico\/","url":"https:\/\/riberasalud.com\/santa-justa\/atencion-a-lesionados-de-trafico\/","name":"\u25b7 Atenci\u00f3n a lesionados de tr\u00e1fico | Hospital Ribera Santa Justa","isPartOf":{"@id":"https:\/\/riberasalud.com\/santa-justa\/#website"},"primaryImageOfPage":{"@id":"https:\/\/riberasalud.com\/santa-justa\/atencion-a-lesionados-de-trafico\/#primaryimage"},"image":{"@id":"https:\/\/riberasalud.com\/santa-justa\/atencion-a-lesionados-de-trafico\/#primaryimage"},"thumbnailUrl":"https:\/\/riberasalud.com\/polusa\/wp-content\/uploads\/2021\/06\/Home_trafico1-1024x319.jpg","datePublished":"2021-04-22T07:05:17+00:00","dateModified":"2021-10-26T07:43:21+00:00","description":"lll\u1405 Atenci\u00f3n a lesionados de tr\u00e1fico SOMOS RIBERA SANTA JUSTA Asistencia sanitaria integraly sin esperas paraaccidentados de tr\u00e1fico Si has sufrido un \u2705","breadcrumb":{"@id":"https:\/\/riberasalud.com\/santa-justa\/atencion-a-lesionados-de-trafico\/#breadcrumb"},"inLanguage":"es","potentialAction":[{"@type":"ReadAction","target":["https:\/\/riberasalud.com\/santa-justa\/atencion-a-lesionados-de-trafico\/"]}]},{"@type":"ImageObject","inLanguage":"es","@id":"https:\/\/riberasalud.com\/santa-justa\/atencion-a-lesionados-de-trafico\/#primaryimage","url":"https:\/\/riberasalud.com\/polusa\/wp-content\/uploads\/2021\/06\/Home_trafico1-1024x319.jpg","contentUrl":"https:\/\/riberasalud.com\/polusa\/wp-content\/uploads\/2021\/06\/Home_trafico1-1024x319.jpg"},{"@type":"BreadcrumbList","@id":"https:\/\/riberasalud.com\/santa-justa\/atencion-a-lesionados-de-trafico\/#breadcrumb","itemListElement":[{"@type":"ListItem","position":1,"name":"Portada","item":"https:\/\/riberasalud.com\/santa-justa\/"},{"@type":"ListItem","position":2,"name":"Atenci\u00f3n a lesionados de tr\u00e1fico"}]},{"@type":"WebSite","@id":"https:\/\/riberasalud.com\/santa-justa\/#website","url":"https:\/\/riberasalud.com\/santa-justa\/","name":"Hospital Ribera Santa Justa","description":"","publisher":{"@id":"https:\/\/riberasalud.com\/santa-justa\/#organization"},"potentialAction":[{"@type":"SearchAction","target":{"@type":"EntryPoint","urlTemplate":"https:\/\/riberasalud.com\/santa-justa\/?s={search_term_string}"},"query-input":{"@type":"PropertyValueSpecification","valueRequired":true,"valueName":"search_term_string"}}],"inLanguage":"es"},{"@type":"Organization","@id":"https:\/\/riberasalud.com\/santa-justa\/#organization","name":"Hospital Ribera Santa Justa","url":"https:\/\/riberasalud.com\/santa-justa\/","logo":{"@type":"ImageObject","inLanguage":"es","@id":"https:\/\/riberasalud.com\/santa-justa\/#\/schema\/logo\/image\/","url":"https:\/\/riberasalud.com\/santa-justa\/wp-content\/uploads\/2021\/04\/cropped-Logo-Red-SantaJusta.png","contentUrl":"https:\/\/riberasalud.com\/santa-justa\/wp-content\/uploads\/2021\/04\/cropped-Logo-Red-SantaJusta.png","width":2158,"height":493,"caption":"Hospital Ribera Santa Justa"},"image":{"@id":"https:\/\/riberasalud.com\/santa-justa\/#\/schema\/logo\/image\/"}}]}},"pbg_featured_image_src":{"full":false,"thumbnail":false,"medium":false,"medium_large":false,"large":false,"xl":false,"xxl":false,"xxxl":false,"xxxxl":false,"xxxxxl":false,"1536x1536":false,"2048x2048":false},"pbg_author_info":{"display_name":"jorge@quois.com","author_link":"https:\/\/riberasalud.com\/santa-justa\/author\/jorgequois-com\/","author_img":"<img alt='jorge@quois.com' src='https:\/\/secure.gravatar.com\/avatar\/bca8cccf11ce6757dcdec6ce293d120c16d33c83aeb423357cce3f49f3abae94?s=128&#038;d=mm&#038;r=g' srcset='https:\/\/secure.gravatar.com\/avatar\/bca8cccf11ce6757dcdec6ce293d120c16d33c83aeb423357cce3f49f3abae94?s=256&#038;d=mm&#038;r=g 2x' class='avatar avatar-128 photo' height='128' width='128' loading='lazy' decoding='async'\/>"},"pbg_comment_info":" No Comments","pbg_excerpt":"Atenci\u00f3n a lesionados de tr\u00e1fico Si has sufrido un accidente de tr\u00e1fico&#8230; Estate tranquilo y sigue nuestros consejos, por tu situaci\u00f3n han pasado muchas personas y nosotros sabemos c\u00f3mo ayudarte.Elige bien el centro hospitalario para que te realicen el seguimiento adecuado yminimizar las secuelas de las posibles lesiones.Ac\u00e9rcate al centro hospitalario que t\u00fa decidas, en&hellip;","uagb_featured_image_src":{"full":false,"thumbnail":false,"medium":false,"medium_large":false,"large":false,"xl":false,"xxl":false,"xxxl":false,"xxxxl":false,"xxxxxl":false,"1536x1536":false,"2048x2048":false},"uagb_author_info":{"display_name":"jorge@quois.com","author_link":"https:\/\/riberasalud.com\/santa-justa\/author\/jorgequois-com\/"},"uagb_comment_info":0,"uagb_excerpt":"Atenci\u00f3n a lesionados de tr\u00e1fico Si has sufrido un accidente de tr\u00e1fico&#8230; Estate tranquilo y sigue nuestros consejos, por tu situaci\u00f3n han pasado muchas personas y nosotros sabemos c\u00f3mo ayudarte.Elige bien el centro hospitalario para que te realicen el seguimiento adecuado yminimizar las secuelas de las posibles lesiones.Ac\u00e9rcate al centro hospitalario que t\u00fa decidas, en&hellip;","coauthors":[],"author_meta":{"author_link":"https:\/\/riberasalud.com\/santa-justa\/author\/jorgequois-com\/","display_name":"jorge@quois.com"},"relative_dates":{"created":"Publicado 5 a\u00f1os hace","modified":"Actualizado 4 a\u00f1os hace"},"absolute_dates":{"created":"Publicado el 22 de abril de 2021","modified":"Actualizado el 26 de octubre de 2021"},"absolute_dates_time":{"created":"Publicado el 22 de abril de 2021 07:05","modified":"Actualizado el 26 de octubre de 2021 07:43"},"featured_img_caption":"","featured_img":false,"series_order":"","_links":{"self":[{"href":"https:\/\/riberasalud.com\/santa-justa\/wp-json\/wp\/v2\/pages\/40","targetHints":{"allow":["GET"]}}],"collection":[{"href":"https:\/\/riberasalud.com\/santa-justa\/wp-json\/wp\/v2\/pages"}],"about":[{"href":"https:\/\/riberasalud.com\/santa-justa\/wp-json\/wp\/v2\/types\/page"}],"author":[{"embeddable":true,"href":"https:\/\/riberasalud.com\/santa-justa\/wp-json\/wp\/v2\/users\/1"}],"replies":[{"embeddable":true,"href":"https:\/\/riberasalud.com\/santa-justa\/wp-json\/wp\/v2\/comments?post=40"}],"version-history":[{"count":6,"href":"https:\/\/riberasalud.com\/santa-justa\/wp-json\/wp\/v2\/pages\/40\/revisions"}],"predecessor-version":[{"id":566,"href":"https:\/\/riberasalud.com\/santa-justa\/wp-json\/wp\/v2\/pages\/40\/revisions\/566"}],"wp:attachment":[{"href":"https:\/\/riberasalud.com\/santa-justa\/wp-json\/wp\/v2\/media?parent=40"}],"curies":[{"name":"wp","href":"https:\/\/api.w.org\/{rel}","templated":true}]}}