{"id":38,"date":"2021-04-22T07:05:11","date_gmt":"2021-04-22T07:05:11","guid":{"rendered":"https:\/\/riberasalud.com\/santa-justa\/?page_id=38"},"modified":"2021-10-22T09:40:00","modified_gmt":"2021-10-22T09:40:00","slug":"servicios-y-especialidades","status":"publish","type":"page","link":"https:\/\/riberasalud.com\/santa-justa\/servicios-y-especialidades\/","title":{"rendered":"Servicios y especialidades"},"content":{"rendered":"\n<div class=\"wp-block-group backgroundbanner\"><div class=\"wp-block-group__inner-container is-layout-flow wp-block-group-is-layout-flow\">\n<p class=\"has-text-align-center\" style=\"font-size:40px\"><span style=\"color: #4b4a4a;\" class=\"ugb-highlight\">Servicios y especialidades<\/span><\/p>\n<\/div><\/div>\n\n\n\n<div class=\"wp-block-group\"><div class=\"wp-block-group__inner-container is-layout-flow wp-block-group-is-layout-flow\">\n<p>El hospital Ribera Santa Justa ofrece a los habitantes de Villanueva de la Serena y las comarcas de su entorno y las comarcas de su entorno un servicio de Urgencias 24 horas de Medicina General y Enfermer\u00eda.<\/p>\n\n\n\n<p>Adem\u00e1s, el centro cuenta con nueve salas para las consultas externas de los especialistas, una sala de curas y una completa sala de rehabilitaci\u00f3n.<\/p>\n\n\n\n<p>Sus pacientes podr\u00e1n realizarse en el propio centro las pruebas diagn\u00f3sticas de Radiolog\u00eda convencional y an\u00e1lisis cl\u00ednicos que prescriban los profesionales.<\/p>\n\n\n\n<p>Progresivamente se ir\u00e1n ampliando nuevos servicios y especialidades en las \u00e1reas de Oftalmolog\u00eda y Cardiolog\u00eda entre otras.<\/p>\n\n\n\n<p class=\"has-text-align-center\" style=\"font-size:30px\"><span style=\"color: #d11728;\" class=\"ugb-highlight\">LL\u00c1MANOS\u00a0 <a href=\"tel:924845463\">924 154 068<\/a><\/span><\/p>\n\n\n\n<table id=\"tablepress-1\" class=\"tablepress tablepress-id-1\">\n<thead>\n<tr class=\"row-1\">\n\t<th class=\"column-1\">Especialidad<\/th><th class=\"column-2\">Especialista<\/th><td class=\"column-3\"><\/td><td class=\"column-4\"><\/td>\n<\/tr>\n<\/thead>\n<tbody class=\"row-striping row-hover\">\n<tr class=\"row-2\">\n\t<td class=\"column-1\">An\u00e1lisis Cl\u00ednicos<\/td><td class=\"column-2\">Ribera Lab<\/td><td class=\"column-3\"><\/td><td class=\"column-4\"><\/td>\n<\/tr>\n<tr class=\"row-3\">\n\t<td class=\"column-1\">Anatom\u00eda Patol\u00f3gica<\/td><td class=\"column-2\">Ribera Lab<\/td><td class=\"column-3\"><\/td><td class=\"column-4\"><\/td>\n<\/tr>\n<tr class=\"row-4\">\n\t<td class=\"column-1\">Anestesia y Reanimaci\u00f3n<\/td><td class=\"column-2\">Dr. A.Marden Gonzalez<\/td><td class=\"column-3\"><\/td><td class=\"column-4\"><\/td>\n<\/tr>\n<tr class=\"row-5\">\n\t<td class=\"column-1\">Anestesia y Reanimaci\u00f3n<\/td><td class=\"column-2\">Dr. Roberto Bajo Pesini<\/td><td class=\"column-3\"><\/td><td class=\"column-4\"><\/td>\n<\/tr>\n<tr class=\"row-6\">\n\t<td class=\"column-1\">Angiologia y Cirug\u00eda Vascular<\/td><td class=\"column-2\">Dr. Francisco Medina Molina<\/td><td class=\"column-3\"><\/td><td class=\"column-4\"><\/td>\n<\/tr>\n<tr class=\"row-7\">\n\t<td class=\"column-1\">Cardiolog\u00eda<\/td><td class=\"column-2\">Dr. Pablo Garc\u00eda Garc\u00eda<\/td><td class=\"column-3\"><\/td><td class=\"column-4\"><\/td>\n<\/tr>\n<tr class=\"row-8\">\n\t<td class=\"column-1\">Cirug\u00eda General<\/td><td class=\"column-2\">Dra. Dolores Calvo Gonzalez<\/td><td class=\"column-3\"><\/td><td class=\"column-4\"><\/td>\n<\/tr>\n<tr class=\"row-9\">\n\t<td class=\"column-1\">Cirug\u00eda Pl\u00e1stica y Reparadora<\/td><td class=\"column-2\">Dr. Pedro Sanguino Cam\u00f3n<\/td><td class=\"column-3\"><\/td><td class=\"column-4\"><\/td>\n<\/tr>\n<tr class=\"row-10\">\n\t<td class=\"column-1\">Consulta de Enfermer\u00eda<\/td><td class=\"column-2\"><\/td><td class=\"column-3\"><\/td><td class=\"column-4\"><\/td>\n<\/tr>\n<tr class=\"row-11\">\n\t<td class=\"column-1\">Fisioterapia<\/td><td class=\"column-2\">D\u00aa Noelia Gallardo P\u00e9rez<\/td><td class=\"column-3\"><\/td><td class=\"column-4\"><\/td>\n<\/tr>\n<tr class=\"row-12\">\n\t<td class=\"column-1\">Fisioterapia<\/td><td class=\"column-2\">D\u00aa Manuela Gonzalez Barrantes<\/td><td class=\"column-3\"><\/td><td class=\"column-4\"><\/td>\n<\/tr>\n<tr class=\"row-13\">\n\t<td class=\"column-1\">Ginecolog\u00eda<\/td><td class=\"column-2\">Dra. Mabel Alicia Duranti Abad<\/td><td class=\"column-3\"><\/td><td class=\"column-4\"><\/td>\n<\/tr>\n<tr class=\"row-14\">\n\t<td class=\"column-1\">Implante capilar<\/td><td class=\"column-2\">Dr. Carlos Caballero Parejo<\/td><td class=\"column-3\"><\/td><td class=\"column-4\"><\/td>\n<\/tr>\n<tr class=\"row-15\">\n\t<td class=\"column-1\">Medicina Digestiva<\/td><td class=\"column-2\"><\/td><td class=\"column-3\"><\/td><td class=\"column-4\"><\/td>\n<\/tr>\n<tr class=\"row-16\">\n\t<td class=\"column-1\">Medicina General<\/td><td class=\"column-2\">Dra. Antonia Izquierdo Carrillo<\/td><td class=\"column-3\"><\/td><td class=\"column-4\"><\/td>\n<\/tr>\n<tr class=\"row-17\">\n\t<td class=\"column-1\">Medicina General<\/td><td class=\"column-2\">Dr. Kerin Dager Hamze Carcasses<\/td><td class=\"column-3\"><\/td><td class=\"column-4\"><\/td>\n<\/tr>\n<tr class=\"row-18\">\n\t<td class=\"column-1\">Medicina General<\/td><td class=\"column-2\">Dr. Angel Cobas Justiz<\/td><td class=\"column-3\"><\/td><td class=\"column-4\"><\/td>\n<\/tr>\n<tr class=\"row-19\">\n\t<td class=\"column-1\">Medicina General<\/td><td class=\"column-2\">Dr. Miguel Herrero Reder<\/td><td class=\"column-3\"><\/td><td class=\"column-4\"><\/td>\n<\/tr>\n<tr class=\"row-20\">\n\t<td class=\"column-1\">Neumolog\u00eda<\/td><td class=\"column-2\">Dr. Alfonso Garc\u00eda Guisado<\/td><td class=\"column-3\"><\/td><td class=\"column-4\"><\/td>\n<\/tr>\n<tr class=\"row-21\">\n\t<td class=\"column-1\">Oftalmolog\u00eda<\/td><td class=\"column-2\">Dr. Juan Jos\u00e9 Santos Mart\u00ednez<\/td><td class=\"column-3\"><\/td><td class=\"column-4\"><\/td>\n<\/tr>\n<tr class=\"row-22\">\n\t<td class=\"column-1\">Pediatr\u00eda<\/td><td class=\"column-2\"><\/td><td class=\"column-3\"><\/td><td class=\"column-4\"><\/td>\n<\/tr>\n<tr class=\"row-23\">\n\t<td class=\"column-1\">Podolog\u00eda<\/td><td class=\"column-2\">Sr. Alejandro Herrador<\/td><td class=\"column-3\"><\/td><td class=\"column-4\"><\/td>\n<\/tr>\n<tr class=\"row-24\">\n\t<td class=\"column-1\">Psicolog\u00eda<\/td><td class=\"column-2\"><a href=\"http:\/\/riberasalud.com\/minds\">Servicio digital Minds <\/a><\/td><td class=\"column-3\"><\/td><td class=\"column-4\"><\/td>\n<\/tr>\n<tr class=\"row-25\">\n\t<td class=\"column-1\">Traumatolog\u00eda General<\/td><td class=\"column-2\">Dr. Juan Garcia Regal<\/td><td class=\"column-3\"><\/td><td class=\"column-4\"><\/td>\n<\/tr>\n<tr class=\"row-26\">\n\t<td class=\"column-1\">Unidad de tr\u00e1fico<\/td><td class=\"column-2\">Dr. Juan Garcia Regal<\/td><td class=\"column-3\"><\/td><td class=\"column-4\"><\/td>\n<\/tr>\n<tr class=\"row-27\">\n\t<td class=\"column-1\">Urgencias<\/td><td class=\"column-2\">Dra. Antonia Izquierdo Carrillo<\/td><td class=\"column-3\"><\/td><td class=\"column-4\"><\/td>\n<\/tr>\n<tr class=\"row-28\">\n\t<td class=\"column-1\">Urgencias<\/td><td class=\"column-2\">Dr. Kerin Dager Hamze Carcasses<\/td><td class=\"column-3\"><\/td><td class=\"column-4\"><\/td>\n<\/tr>\n<tr class=\"row-29\">\n\t<td class=\"column-1\">Urgencias<\/td><td class=\"column-2\">Dr. M. Jose Navarro Aviles<\/td><td class=\"column-3\"><\/td><td class=\"column-4\">0<\/td>\n<\/tr>\n<tr class=\"row-30\">\n\t<td class=\"column-1\">Urgencias<\/td><td class=\"column-2\">Dr. Angel Cobas Justiz<\/td><td class=\"column-3\"><\/td><td class=\"column-4\"><\/td>\n<\/tr>\n<tr class=\"row-31\">\n\t<td class=\"column-1\">Urgencias<\/td><td class=\"column-2\">Dr. Miguel Herrero Reder<\/td><td class=\"column-3\"><\/td><td class=\"column-4\"><\/td>\n<\/tr>\n<tr class=\"row-32\">\n\t<td class=\"column-1\">Urolog\u00eda<\/td><td class=\"column-2\"><\/td><td class=\"column-3\"><\/td><td class=\"column-4\"><\/td>\n<\/tr>\n<\/tbody>\n<\/table>\n<!-- #tablepress-1 from cache -->\n<\/div><\/div>\n","protected":false},"excerpt":{"rendered":"<p>Servicios y especialidades El hospital Ribera Santa Justa ofrece a los habitantes de Villanueva de la Serena y las comarcas de su entorno y las comarcas de su entorno un servicio de Urgencias 24 horas de Medicina General y Enfermer\u00eda. Adem\u00e1s, el centro cuenta con nueve salas para las consultas externas de los especialistas, una &#8230; <a title=\"Servicios y especialidades\" class=\"read-more\" href=\"https:\/\/riberasalud.com\/santa-justa\/servicios-y-especialidades\/\" aria-label=\"Leer m\u00e1s sobre Servicios y especialidades\">Leer m\u00e1s<\/a><\/p>\n","protected":false},"author":1,"featured_media":0,"parent":0,"menu_order":0,"comment_status":"closed","ping_status":"closed","template":"","meta":{"_coblocks_attr":"","_coblocks_dimensions":"","_coblocks_responsive_height":"","_coblocks_accordion_ie_support":"","_uag_custom_page_level_css":"","advgb_blocks_editor_width":"","advgb_blocks_columns_visual_guide":"","_monsterinsights_skip_tracking":false,"_monsterinsights_sitenote_active":false,"_monsterinsights_sitenote_note":"","_monsterinsights_sitenote_category":0,"footnotes":""},"class_list":["post-38","page","type-page","status-publish"],"featured_image_urls_v2":{"full":"","thumbnail":"","medium":"","medium_large":"","large":"","xl":"","xxl":"","xxxl":"","xxxxl":"","xxxxxl":"","1536x1536":"","2048x2048":""},"post_excerpt_stackable_v2":"<p>Servicios y especialidades El hospital Ribera Santa Justa ofrece a los habitantes de Villanueva de la Serena y las comarcas de su entorno y las comarcas de su entorno un servicio de Urgencias 24 horas de Medicina General y Enfermer\u00eda. Adem\u00e1s, el centro cuenta con nueve salas para las consultas externas de los especialistas, una sala de curas y una completa sala de rehabilitaci\u00f3n. Sus pacientes podr\u00e1n realizarse en el propio centro las pruebas diagn\u00f3sticas de Radiolog\u00eda convencional y an\u00e1lisis cl\u00ednicos que prescriban los profesionales. Progresivamente se ir\u00e1n ampliando nuevos servicios y especialidades en las \u00e1reas de Oftalmolog\u00eda y Cardiolog\u00eda&hellip;<\/p>\n","category_list_v2":"","author_info_v2":{"name":"jorge@quois.com","url":"https:\/\/riberasalud.com\/santa-justa\/author\/jorgequois-com\/"},"comments_num_v2":"0 comentarios","yoast_head":"<!-- This site is optimized with the Yoast SEO plugin v26.6 - https:\/\/yoast.com\/wordpress\/plugins\/seo\/ -->\n<title>\u25b7 Servicios y especialidades | Hospital Ribera Santa Justa<\/title>\n<meta name=\"description\" content=\"lll\u1405 Servicios y especialidades El hospital Ribera Santa Justa ofrece a los habitantes de Villanueva de la Serena y las comarcas de su entorno y las comarcas \u2705\" \/>\n<meta name=\"robots\" content=\"index, follow, max-snippet:-1, max-image-preview:large, max-video-preview:-1\" \/>\n<link rel=\"canonical\" href=\"https:\/\/riberasalud.com\/santa-justa\/servicios-y-especialidades\/\" \/>\n<meta property=\"og:locale\" content=\"es_ES\" \/>\n<meta property=\"og:type\" content=\"article\" \/>\n<meta property=\"og:title\" content=\"\u25b7 Servicios y especialidades | Hospital Ribera Santa Justa\" \/>\n<meta property=\"og:description\" content=\"lll\u1405 Servicios y especialidades El hospital Ribera Santa Justa ofrece a los habitantes de Villanueva de la Serena y las comarcas de su entorno y las comarcas \u2705\" \/>\n<meta property=\"og:url\" content=\"https:\/\/riberasalud.com\/santa-justa\/servicios-y-especialidades\/\" \/>\n<meta property=\"og:site_name\" content=\"Hospital Ribera Santa Justa\" \/>\n<meta property=\"article:modified_time\" content=\"2021-10-22T09:40:00+00:00\" \/>\n<meta name=\"twitter:card\" content=\"summary_large_image\" \/>\n<meta name=\"twitter:label1\" content=\"Tiempo de lectura\" \/>\n\t<meta name=\"twitter:data1\" content=\"1 minuto\" \/>\n<script type=\"application\/ld+json\" class=\"yoast-schema-graph\">{\"@context\":\"https:\/\/schema.org\",\"@graph\":[{\"@type\":\"WebPage\",\"@id\":\"https:\/\/riberasalud.com\/santa-justa\/servicios-y-especialidades\/\",\"url\":\"https:\/\/riberasalud.com\/santa-justa\/servicios-y-especialidades\/\",\"name\":\"\u25b7 Servicios y especialidades | Hospital Ribera Santa Justa\",\"isPartOf\":{\"@id\":\"https:\/\/riberasalud.com\/santa-justa\/#website\"},\"datePublished\":\"2021-04-22T07:05:11+00:00\",\"dateModified\":\"2021-10-22T09:40:00+00:00\",\"description\":\"lll\u1405 Servicios y especialidades El hospital Ribera Santa Justa ofrece a los habitantes de Villanueva de la Serena y las comarcas de su entorno y las comarcas \u2705\",\"breadcrumb\":{\"@id\":\"https:\/\/riberasalud.com\/santa-justa\/servicios-y-especialidades\/#breadcrumb\"},\"inLanguage\":\"es\",\"potentialAction\":[{\"@type\":\"ReadAction\",\"target\":[\"https:\/\/riberasalud.com\/santa-justa\/servicios-y-especialidades\/\"]}]},{\"@type\":\"BreadcrumbList\",\"@id\":\"https:\/\/riberasalud.com\/santa-justa\/servicios-y-especialidades\/#breadcrumb\",\"itemListElement\":[{\"@type\":\"ListItem\",\"position\":1,\"name\":\"Portada\",\"item\":\"https:\/\/riberasalud.com\/santa-justa\/\"},{\"@type\":\"ListItem\",\"position\":2,\"name\":\"Servicios y especialidades\"}]},{\"@type\":\"WebSite\",\"@id\":\"https:\/\/riberasalud.com\/santa-justa\/#website\",\"url\":\"https:\/\/riberasalud.com\/santa-justa\/\",\"name\":\"Hospital Ribera Santa Justa\",\"description\":\"\",\"publisher\":{\"@id\":\"https:\/\/riberasalud.com\/santa-justa\/#organization\"},\"potentialAction\":[{\"@type\":\"SearchAction\",\"target\":{\"@type\":\"EntryPoint\",\"urlTemplate\":\"https:\/\/riberasalud.com\/santa-justa\/?s={search_term_string}\"},\"query-input\":{\"@type\":\"PropertyValueSpecification\",\"valueRequired\":true,\"valueName\":\"search_term_string\"}}],\"inLanguage\":\"es\"},{\"@type\":\"Organization\",\"@id\":\"https:\/\/riberasalud.com\/santa-justa\/#organization\",\"name\":\"Hospital Ribera Santa Justa\",\"url\":\"https:\/\/riberasalud.com\/santa-justa\/\",\"logo\":{\"@type\":\"ImageObject\",\"inLanguage\":\"es\",\"@id\":\"https:\/\/riberasalud.com\/santa-justa\/#\/schema\/logo\/image\/\",\"url\":\"https:\/\/riberasalud.com\/santa-justa\/wp-content\/uploads\/2021\/04\/cropped-Logo-Red-SantaJusta.png\",\"contentUrl\":\"https:\/\/riberasalud.com\/santa-justa\/wp-content\/uploads\/2021\/04\/cropped-Logo-Red-SantaJusta.png\",\"width\":2158,\"height\":493,\"caption\":\"Hospital Ribera Santa Justa\"},\"image\":{\"@id\":\"https:\/\/riberasalud.com\/santa-justa\/#\/schema\/logo\/image\/\"}}]}<\/script>\n<!-- \/ Yoast SEO plugin. -->","yoast_head_json":{"title":"\u25b7 Servicios y especialidades | Hospital Ribera Santa Justa","description":"lll\u1405 Servicios y especialidades El hospital Ribera Santa Justa ofrece a los habitantes de Villanueva de la Serena y las comarcas de su entorno y las comarcas \u2705","robots":{"index":"index","follow":"follow","max-snippet":"max-snippet:-1","max-image-preview":"max-image-preview:large","max-video-preview":"max-video-preview:-1"},"canonical":"https:\/\/riberasalud.com\/santa-justa\/servicios-y-especialidades\/","og_locale":"es_ES","og_type":"article","og_title":"\u25b7 Servicios y especialidades | Hospital Ribera Santa Justa","og_description":"lll\u1405 Servicios y especialidades El hospital Ribera Santa Justa ofrece a los habitantes de Villanueva de la Serena y las comarcas de su entorno y las comarcas \u2705","og_url":"https:\/\/riberasalud.com\/santa-justa\/servicios-y-especialidades\/","og_site_name":"Hospital Ribera Santa Justa","article_modified_time":"2021-10-22T09:40:00+00:00","twitter_card":"summary_large_image","twitter_misc":{"Tiempo de lectura":"1 minuto"},"schema":{"@context":"https:\/\/schema.org","@graph":[{"@type":"WebPage","@id":"https:\/\/riberasalud.com\/santa-justa\/servicios-y-especialidades\/","url":"https:\/\/riberasalud.com\/santa-justa\/servicios-y-especialidades\/","name":"\u25b7 Servicios y especialidades | Hospital Ribera Santa Justa","isPartOf":{"@id":"https:\/\/riberasalud.com\/santa-justa\/#website"},"datePublished":"2021-04-22T07:05:11+00:00","dateModified":"2021-10-22T09:40:00+00:00","description":"lll\u1405 Servicios y especialidades El hospital Ribera Santa Justa ofrece a los habitantes de Villanueva de la Serena y las comarcas de su entorno y las comarcas \u2705","breadcrumb":{"@id":"https:\/\/riberasalud.com\/santa-justa\/servicios-y-especialidades\/#breadcrumb"},"inLanguage":"es","potentialAction":[{"@type":"ReadAction","target":["https:\/\/riberasalud.com\/santa-justa\/servicios-y-especialidades\/"]}]},{"@type":"BreadcrumbList","@id":"https:\/\/riberasalud.com\/santa-justa\/servicios-y-especialidades\/#breadcrumb","itemListElement":[{"@type":"ListItem","position":1,"name":"Portada","item":"https:\/\/riberasalud.com\/santa-justa\/"},{"@type":"ListItem","position":2,"name":"Servicios y especialidades"}]},{"@type":"WebSite","@id":"https:\/\/riberasalud.com\/santa-justa\/#website","url":"https:\/\/riberasalud.com\/santa-justa\/","name":"Hospital Ribera Santa Justa","description":"","publisher":{"@id":"https:\/\/riberasalud.com\/santa-justa\/#organization"},"potentialAction":[{"@type":"SearchAction","target":{"@type":"EntryPoint","urlTemplate":"https:\/\/riberasalud.com\/santa-justa\/?s={search_term_string}"},"query-input":{"@type":"PropertyValueSpecification","valueRequired":true,"valueName":"search_term_string"}}],"inLanguage":"es"},{"@type":"Organization","@id":"https:\/\/riberasalud.com\/santa-justa\/#organization","name":"Hospital Ribera Santa Justa","url":"https:\/\/riberasalud.com\/santa-justa\/","logo":{"@type":"ImageObject","inLanguage":"es","@id":"https:\/\/riberasalud.com\/santa-justa\/#\/schema\/logo\/image\/","url":"https:\/\/riberasalud.com\/santa-justa\/wp-content\/uploads\/2021\/04\/cropped-Logo-Red-SantaJusta.png","contentUrl":"https:\/\/riberasalud.com\/santa-justa\/wp-content\/uploads\/2021\/04\/cropped-Logo-Red-SantaJusta.png","width":2158,"height":493,"caption":"Hospital Ribera Santa Justa"},"image":{"@id":"https:\/\/riberasalud.com\/santa-justa\/#\/schema\/logo\/image\/"}}]}},"pbg_featured_image_src":{"full":false,"thumbnail":false,"medium":false,"medium_large":false,"large":false,"xl":false,"xxl":false,"xxxl":false,"xxxxl":false,"xxxxxl":false,"1536x1536":false,"2048x2048":false},"pbg_author_info":{"display_name":"jorge@quois.com","author_link":"https:\/\/riberasalud.com\/santa-justa\/author\/jorgequois-com\/","author_img":"<img alt='jorge@quois.com' src='https:\/\/secure.gravatar.com\/avatar\/bca8cccf11ce6757dcdec6ce293d120c16d33c83aeb423357cce3f49f3abae94?s=128&#038;d=mm&#038;r=g' srcset='https:\/\/secure.gravatar.com\/avatar\/bca8cccf11ce6757dcdec6ce293d120c16d33c83aeb423357cce3f49f3abae94?s=256&#038;d=mm&#038;r=g 2x' class='avatar avatar-128 photo' height='128' width='128' loading='lazy' decoding='async'\/>"},"pbg_comment_info":" No Comments","pbg_excerpt":"Servicios y especialidades El hospital Ribera Santa Justa ofrece a los habitantes de Villanueva de la Serena y las comarcas de su entorno y las comarcas de su entorno un servicio de Urgencias 24 horas de Medicina General y Enfermer\u00eda. Adem\u00e1s, el centro cuenta con nueve salas para las consultas externas de los especialistas, una&hellip;","uagb_featured_image_src":{"full":false,"thumbnail":false,"medium":false,"medium_large":false,"large":false,"xl":false,"xxl":false,"xxxl":false,"xxxxl":false,"xxxxxl":false,"1536x1536":false,"2048x2048":false},"uagb_author_info":{"display_name":"jorge@quois.com","author_link":"https:\/\/riberasalud.com\/santa-justa\/author\/jorgequois-com\/"},"uagb_comment_info":0,"uagb_excerpt":"Servicios y especialidades El hospital Ribera Santa Justa ofrece a los habitantes de Villanueva de la Serena y las comarcas de su entorno y las comarcas de su entorno un servicio de Urgencias 24 horas de Medicina General y Enfermer\u00eda. Adem\u00e1s, el centro cuenta con nueve salas para las consultas externas de los especialistas, una&hellip;","coauthors":[],"author_meta":{"author_link":"https:\/\/riberasalud.com\/santa-justa\/author\/jorgequois-com\/","display_name":"jorge@quois.com"},"relative_dates":{"created":"Publicado 5 a\u00f1os hace","modified":"Actualizado 4 a\u00f1os hace"},"absolute_dates":{"created":"Publicado el 22 de abril de 2021","modified":"Actualizado el 22 de octubre de 2021"},"absolute_dates_time":{"created":"Publicado el 22 de abril de 2021 07:05","modified":"Actualizado el 22 de octubre de 2021 09:40"},"featured_img_caption":"","featured_img":false,"series_order":"","_links":{"self":[{"href":"https:\/\/riberasalud.com\/santa-justa\/wp-json\/wp\/v2\/pages\/38","targetHints":{"allow":["GET"]}}],"collection":[{"href":"https:\/\/riberasalud.com\/santa-justa\/wp-json\/wp\/v2\/pages"}],"about":[{"href":"https:\/\/riberasalud.com\/santa-justa\/wp-json\/wp\/v2\/types\/page"}],"author":[{"embeddable":true,"href":"https:\/\/riberasalud.com\/santa-justa\/wp-json\/wp\/v2\/users\/1"}],"replies":[{"embeddable":true,"href":"https:\/\/riberasalud.com\/santa-justa\/wp-json\/wp\/v2\/comments?post=38"}],"version-history":[{"count":6,"href":"https:\/\/riberasalud.com\/santa-justa\/wp-json\/wp\/v2\/pages\/38\/revisions"}],"predecessor-version":[{"id":561,"href":"https:\/\/riberasalud.com\/santa-justa\/wp-json\/wp\/v2\/pages\/38\/revisions\/561"}],"wp:attachment":[{"href":"https:\/\/riberasalud.com\/santa-justa\/wp-json\/wp\/v2\/media?parent=38"}],"curies":[{"name":"wp","href":"https:\/\/api.w.org\/{rel}","templated":true}]}}