{"id":36,"date":"2021-04-22T07:04:57","date_gmt":"2021-04-22T07:04:57","guid":{"rendered":"https:\/\/riberasalud.com\/santa-justa\/?page_id=36"},"modified":"2021-04-22T07:10:48","modified_gmt":"2021-04-22T07:10:48","slug":"equipo-humano","status":"publish","type":"page","link":"https:\/\/riberasalud.com\/santa-justa\/equipo-humano\/","title":{"rendered":"Equipo humano"},"content":{"rendered":"\n<div class=\"wp-block-group backgroundbanner\"><div class=\"wp-block-group__inner-container is-layout-flow wp-block-group-is-layout-flow\">\n<p class=\"has-text-align-center\" style=\"font-size:40px\"><span style=\"color: #4b4a4a;\" class=\"ugb-highlight\">Equipo humano<\/span><\/p>\n<\/div><\/div>\n\n\n\n<div class=\"wp-block-group\"><div class=\"wp-block-group__inner-container is-layout-flow wp-block-group-is-layout-flow\">\n<div class=\"wp-block-columns is-layout-flex wp-container-core-columns-is-layout-9d6595d7 wp-block-columns-is-layout-flex\">\n<div class=\"wp-block-column is-layout-flow wp-block-column-is-layout-flow\">\n<p>El Hospital de Santa Justa cuenta con una plantilla de 30 profesionales para atender la actividad asistencial procedente de los programas de colaboraci\u00f3n con el Servicio Extreme\u00f1o de Salud, as\u00ed como a los pacientes de seguros privados y particulares que quieran ser atendidos en este centro.<\/p>\n\n\n\n<p>Ribera Salud, grupo sanitario especializado en proyectos innovadores en el sector salud, implantar\u00e1 progresivamente en Santa Justa el modelo asistencial que ha dado excelentes resultados en todos los hospitales del grupo y que se basa en una medicina personalizada, predictiva, preventiva, poblacional y participativa (las 5P\u2019s), que busca aportar valor a la sociedad a trav\u00e9s de la tecnolog\u00eda y una gesti\u00f3n responsable, transparente y sostenible.<\/p>\n\n\n\n<p>Adem\u00e1s, apuesta por una gesti\u00f3n de las Personas que trabajan en la organizaci\u00f3n, incluido el personal de Santa Justa, que fomenta la carrera profesional, la formaci\u00f3n, la flexibilidad y la promoci\u00f3n interna. De ah\u00ed que el \u00edndice de satisfacci\u00f3n de nuestros profesionales supere el 90% en todas las encuestas de clima laboral.<\/p>\n<\/div>\n\n\n\n<div class=\"wp-block-column is-layout-flow wp-block-column-is-layout-flow\">\n<figure class=\"wp-block-image size-large fotoredonda\"><img loading=\"lazy\" decoding=\"async\" width=\"1024\" height=\"682\" src=\"https:\/\/riberasalud.com\/santa-justa\/wp-content\/uploads\/2021\/04\/EQUIPO-HUMANO-1024x682-1.png\" alt=\"\" class=\"wp-image-48\" srcset=\"https:\/\/riberasalud.com\/santa-justa\/wp-content\/uploads\/2021\/04\/EQUIPO-HUMANO-1024x682-1.png 1024w, https:\/\/riberasalud.com\/santa-justa\/wp-content\/uploads\/2021\/04\/EQUIPO-HUMANO-1024x682-1-300x200.png 300w, https:\/\/riberasalud.com\/santa-justa\/wp-content\/uploads\/2021\/04\/EQUIPO-HUMANO-1024x682-1-768x512.png 768w\" sizes=\"auto, (max-width: 1024px) 100vw, 1024px\" \/><\/figure>\n<\/div>\n<\/div>\n<\/div><\/div>\n\n\n\n<p><\/p>\n","protected":false},"excerpt":{"rendered":"<p>Equipo humano El Hospital de Santa Justa cuenta con una plantilla de 30 profesionales para atender la actividad asistencial procedente de los programas de colaboraci\u00f3n con el Servicio Extreme\u00f1o de Salud, as\u00ed como a los pacientes de seguros privados y particulares que quieran ser atendidos en este centro. Ribera Salud, grupo sanitario especializado en proyectos &#8230; <a title=\"Equipo humano\" class=\"read-more\" href=\"https:\/\/riberasalud.com\/santa-justa\/equipo-humano\/\" aria-label=\"Leer m\u00e1s sobre Equipo humano\">Leer m\u00e1s<\/a><\/p>\n","protected":false},"author":1,"featured_media":0,"parent":0,"menu_order":0,"comment_status":"closed","ping_status":"closed","template":"","meta":{"_coblocks_attr":"","_coblocks_dimensions":"","_coblocks_responsive_height":"","_coblocks_accordion_ie_support":"","_uag_custom_page_level_css":"","advgb_blocks_editor_width":"","advgb_blocks_columns_visual_guide":"","_monsterinsights_skip_tracking":false,"_monsterinsights_sitenote_active":false,"_monsterinsights_sitenote_note":"","_monsterinsights_sitenote_category":0,"footnotes":""},"class_list":["post-36","page","type-page","status-publish"],"featured_image_urls_v2":{"full":"","thumbnail":"","medium":"","medium_large":"","large":"","xl":"","xxl":"","xxxl":"","xxxxl":"","xxxxxl":"","1536x1536":"","2048x2048":""},"post_excerpt_stackable_v2":"<p>Equipo humano El Hospital de Santa Justa cuenta con una plantilla de 30 profesionales para atender la actividad asistencial procedente de los programas de colaboraci\u00f3n con el Servicio Extreme\u00f1o de Salud, as\u00ed como a los pacientes de seguros privados y particulares que quieran ser atendidos en este centro. Ribera Salud, grupo sanitario especializado en proyectos innovadores en el sector salud, implantar\u00e1 progresivamente en Santa Justa el modelo asistencial que ha dado excelentes resultados en todos los hospitales del grupo y que se basa en una medicina personalizada, predictiva, preventiva, poblacional y participativa (las 5P\u2019s), que busca aportar valor a la&hellip;<\/p>\n","category_list_v2":"","author_info_v2":{"name":"jorge@quois.com","url":"https:\/\/riberasalud.com\/santa-justa\/author\/jorgequois-com\/"},"comments_num_v2":"0 comentarios","yoast_head":"<!-- This site is optimized with the Yoast SEO plugin v26.6 - https:\/\/yoast.com\/wordpress\/plugins\/seo\/ -->\n<title>\u25b7 Equipo humano | Hospital Ribera Santa Justa<\/title>\n<meta name=\"description\" content=\"lll\u1405 Equipo humano El Hospital de Santa Justa cuenta con una plantilla de 30 profesionales para atender la actividad asistencial procedente de los programas de \u2705\" \/>\n<meta name=\"robots\" content=\"index, follow, max-snippet:-1, max-image-preview:large, max-video-preview:-1\" \/>\n<link rel=\"canonical\" href=\"https:\/\/riberasalud.com\/santa-justa\/equipo-humano\/\" \/>\n<meta property=\"og:locale\" content=\"es_ES\" \/>\n<meta property=\"og:type\" content=\"article\" \/>\n<meta property=\"og:title\" content=\"\u25b7 Equipo humano | Hospital Ribera Santa Justa\" \/>\n<meta property=\"og:description\" content=\"lll\u1405 Equipo humano El Hospital de Santa Justa cuenta con una plantilla de 30 profesionales para atender la actividad asistencial procedente de los programas de \u2705\" \/>\n<meta property=\"og:url\" content=\"https:\/\/riberasalud.com\/santa-justa\/equipo-humano\/\" \/>\n<meta property=\"og:site_name\" content=\"Hospital Ribera Santa Justa\" \/>\n<meta property=\"article:modified_time\" content=\"2021-04-22T07:10:48+00:00\" \/>\n<meta property=\"og:image\" content=\"https:\/\/riberasalud.com\/santa-justa\/wp-content\/uploads\/2021\/04\/EQUIPO-HUMANO-1024x682-1.png\" \/>\n\t<meta property=\"og:image:width\" content=\"1024\" \/>\n\t<meta property=\"og:image:height\" content=\"682\" \/>\n\t<meta property=\"og:image:type\" content=\"image\/png\" \/>\n<meta name=\"twitter:card\" content=\"summary_large_image\" \/>\n<meta name=\"twitter:label1\" content=\"Tiempo de lectura\" \/>\n\t<meta name=\"twitter:data1\" content=\"1 minuto\" \/>\n<script type=\"application\/ld+json\" class=\"yoast-schema-graph\">{\"@context\":\"https:\/\/schema.org\",\"@graph\":[{\"@type\":\"WebPage\",\"@id\":\"https:\/\/riberasalud.com\/santa-justa\/equipo-humano\/\",\"url\":\"https:\/\/riberasalud.com\/santa-justa\/equipo-humano\/\",\"name\":\"\u25b7 Equipo humano | Hospital Ribera Santa Justa\",\"isPartOf\":{\"@id\":\"https:\/\/riberasalud.com\/santa-justa\/#website\"},\"primaryImageOfPage\":{\"@id\":\"https:\/\/riberasalud.com\/santa-justa\/equipo-humano\/#primaryimage\"},\"image\":{\"@id\":\"https:\/\/riberasalud.com\/santa-justa\/equipo-humano\/#primaryimage\"},\"thumbnailUrl\":\"https:\/\/riberasalud.com\/santa-justa\/wp-content\/uploads\/2021\/04\/EQUIPO-HUMANO-1024x682-1.png\",\"datePublished\":\"2021-04-22T07:04:57+00:00\",\"dateModified\":\"2021-04-22T07:10:48+00:00\",\"description\":\"lll\u1405 Equipo humano El Hospital de Santa Justa cuenta con una plantilla de 30 profesionales para atender la actividad asistencial procedente de los programas de \u2705\",\"breadcrumb\":{\"@id\":\"https:\/\/riberasalud.com\/santa-justa\/equipo-humano\/#breadcrumb\"},\"inLanguage\":\"es\",\"potentialAction\":[{\"@type\":\"ReadAction\",\"target\":[\"https:\/\/riberasalud.com\/santa-justa\/equipo-humano\/\"]}]},{\"@type\":\"ImageObject\",\"inLanguage\":\"es\",\"@id\":\"https:\/\/riberasalud.com\/santa-justa\/equipo-humano\/#primaryimage\",\"url\":\"https:\/\/riberasalud.com\/santa-justa\/wp-content\/uploads\/2021\/04\/EQUIPO-HUMANO-1024x682-1.png\",\"contentUrl\":\"https:\/\/riberasalud.com\/santa-justa\/wp-content\/uploads\/2021\/04\/EQUIPO-HUMANO-1024x682-1.png\",\"width\":1024,\"height\":682},{\"@type\":\"BreadcrumbList\",\"@id\":\"https:\/\/riberasalud.com\/santa-justa\/equipo-humano\/#breadcrumb\",\"itemListElement\":[{\"@type\":\"ListItem\",\"position\":1,\"name\":\"Portada\",\"item\":\"https:\/\/riberasalud.com\/santa-justa\/\"},{\"@type\":\"ListItem\",\"position\":2,\"name\":\"Equipo humano\"}]},{\"@type\":\"WebSite\",\"@id\":\"https:\/\/riberasalud.com\/santa-justa\/#website\",\"url\":\"https:\/\/riberasalud.com\/santa-justa\/\",\"name\":\"Hospital Ribera Santa Justa\",\"description\":\"\",\"publisher\":{\"@id\":\"https:\/\/riberasalud.com\/santa-justa\/#organization\"},\"potentialAction\":[{\"@type\":\"SearchAction\",\"target\":{\"@type\":\"EntryPoint\",\"urlTemplate\":\"https:\/\/riberasalud.com\/santa-justa\/?s={search_term_string}\"},\"query-input\":{\"@type\":\"PropertyValueSpecification\",\"valueRequired\":true,\"valueName\":\"search_term_string\"}}],\"inLanguage\":\"es\"},{\"@type\":\"Organization\",\"@id\":\"https:\/\/riberasalud.com\/santa-justa\/#organization\",\"name\":\"Hospital Ribera Santa Justa\",\"url\":\"https:\/\/riberasalud.com\/santa-justa\/\",\"logo\":{\"@type\":\"ImageObject\",\"inLanguage\":\"es\",\"@id\":\"https:\/\/riberasalud.com\/santa-justa\/#\/schema\/logo\/image\/\",\"url\":\"https:\/\/riberasalud.com\/santa-justa\/wp-content\/uploads\/2021\/04\/cropped-Logo-Red-SantaJusta.png\",\"contentUrl\":\"https:\/\/riberasalud.com\/santa-justa\/wp-content\/uploads\/2021\/04\/cropped-Logo-Red-SantaJusta.png\",\"width\":2158,\"height\":493,\"caption\":\"Hospital Ribera Santa Justa\"},\"image\":{\"@id\":\"https:\/\/riberasalud.com\/santa-justa\/#\/schema\/logo\/image\/\"}}]}<\/script>\n<!-- \/ Yoast SEO plugin. -->","yoast_head_json":{"title":"\u25b7 Equipo humano | Hospital Ribera Santa Justa","description":"lll\u1405 Equipo humano El Hospital de Santa Justa cuenta con una plantilla de 30 profesionales para atender la actividad asistencial procedente de los programas de \u2705","robots":{"index":"index","follow":"follow","max-snippet":"max-snippet:-1","max-image-preview":"max-image-preview:large","max-video-preview":"max-video-preview:-1"},"canonical":"https:\/\/riberasalud.com\/santa-justa\/equipo-humano\/","og_locale":"es_ES","og_type":"article","og_title":"\u25b7 Equipo humano | Hospital Ribera Santa Justa","og_description":"lll\u1405 Equipo humano El Hospital de Santa Justa cuenta con una plantilla de 30 profesionales para atender la actividad asistencial procedente de los programas de \u2705","og_url":"https:\/\/riberasalud.com\/santa-justa\/equipo-humano\/","og_site_name":"Hospital Ribera Santa Justa","article_modified_time":"2021-04-22T07:10:48+00:00","og_image":[{"width":1024,"height":682,"url":"https:\/\/riberasalud.com\/santa-justa\/wp-content\/uploads\/2021\/04\/EQUIPO-HUMANO-1024x682-1.png","type":"image\/png"}],"twitter_card":"summary_large_image","twitter_misc":{"Tiempo de lectura":"1 minuto"},"schema":{"@context":"https:\/\/schema.org","@graph":[{"@type":"WebPage","@id":"https:\/\/riberasalud.com\/santa-justa\/equipo-humano\/","url":"https:\/\/riberasalud.com\/santa-justa\/equipo-humano\/","name":"\u25b7 Equipo humano | Hospital Ribera Santa Justa","isPartOf":{"@id":"https:\/\/riberasalud.com\/santa-justa\/#website"},"primaryImageOfPage":{"@id":"https:\/\/riberasalud.com\/santa-justa\/equipo-humano\/#primaryimage"},"image":{"@id":"https:\/\/riberasalud.com\/santa-justa\/equipo-humano\/#primaryimage"},"thumbnailUrl":"https:\/\/riberasalud.com\/santa-justa\/wp-content\/uploads\/2021\/04\/EQUIPO-HUMANO-1024x682-1.png","datePublished":"2021-04-22T07:04:57+00:00","dateModified":"2021-04-22T07:10:48+00:00","description":"lll\u1405 Equipo humano El Hospital de Santa Justa cuenta con una plantilla de 30 profesionales para atender la actividad asistencial procedente de los programas de \u2705","breadcrumb":{"@id":"https:\/\/riberasalud.com\/santa-justa\/equipo-humano\/#breadcrumb"},"inLanguage":"es","potentialAction":[{"@type":"ReadAction","target":["https:\/\/riberasalud.com\/santa-justa\/equipo-humano\/"]}]},{"@type":"ImageObject","inLanguage":"es","@id":"https:\/\/riberasalud.com\/santa-justa\/equipo-humano\/#primaryimage","url":"https:\/\/riberasalud.com\/santa-justa\/wp-content\/uploads\/2021\/04\/EQUIPO-HUMANO-1024x682-1.png","contentUrl":"https:\/\/riberasalud.com\/santa-justa\/wp-content\/uploads\/2021\/04\/EQUIPO-HUMANO-1024x682-1.png","width":1024,"height":682},{"@type":"BreadcrumbList","@id":"https:\/\/riberasalud.com\/santa-justa\/equipo-humano\/#breadcrumb","itemListElement":[{"@type":"ListItem","position":1,"name":"Portada","item":"https:\/\/riberasalud.com\/santa-justa\/"},{"@type":"ListItem","position":2,"name":"Equipo humano"}]},{"@type":"WebSite","@id":"https:\/\/riberasalud.com\/santa-justa\/#website","url":"https:\/\/riberasalud.com\/santa-justa\/","name":"Hospital Ribera Santa Justa","description":"","publisher":{"@id":"https:\/\/riberasalud.com\/santa-justa\/#organization"},"potentialAction":[{"@type":"SearchAction","target":{"@type":"EntryPoint","urlTemplate":"https:\/\/riberasalud.com\/santa-justa\/?s={search_term_string}"},"query-input":{"@type":"PropertyValueSpecification","valueRequired":true,"valueName":"search_term_string"}}],"inLanguage":"es"},{"@type":"Organization","@id":"https:\/\/riberasalud.com\/santa-justa\/#organization","name":"Hospital Ribera Santa Justa","url":"https:\/\/riberasalud.com\/santa-justa\/","logo":{"@type":"ImageObject","inLanguage":"es","@id":"https:\/\/riberasalud.com\/santa-justa\/#\/schema\/logo\/image\/","url":"https:\/\/riberasalud.com\/santa-justa\/wp-content\/uploads\/2021\/04\/cropped-Logo-Red-SantaJusta.png","contentUrl":"https:\/\/riberasalud.com\/santa-justa\/wp-content\/uploads\/2021\/04\/cropped-Logo-Red-SantaJusta.png","width":2158,"height":493,"caption":"Hospital Ribera Santa Justa"},"image":{"@id":"https:\/\/riberasalud.com\/santa-justa\/#\/schema\/logo\/image\/"}}]}},"pbg_featured_image_src":{"full":false,"thumbnail":false,"medium":false,"medium_large":false,"large":false,"xl":false,"xxl":false,"xxxl":false,"xxxxl":false,"xxxxxl":false,"1536x1536":false,"2048x2048":false},"pbg_author_info":{"display_name":"jorge@quois.com","author_link":"https:\/\/riberasalud.com\/santa-justa\/author\/jorgequois-com\/","author_img":"<img alt='jorge@quois.com' src='https:\/\/secure.gravatar.com\/avatar\/bca8cccf11ce6757dcdec6ce293d120c16d33c83aeb423357cce3f49f3abae94?s=128&#038;d=mm&#038;r=g' srcset='https:\/\/secure.gravatar.com\/avatar\/bca8cccf11ce6757dcdec6ce293d120c16d33c83aeb423357cce3f49f3abae94?s=256&#038;d=mm&#038;r=g 2x' class='avatar avatar-128 photo' height='128' width='128' loading='lazy' decoding='async'\/>"},"pbg_comment_info":" No Comments","pbg_excerpt":"Equipo humano El Hospital de Santa Justa cuenta con una plantilla de 30 profesionales para atender la actividad asistencial procedente de los programas de colaboraci\u00f3n con el Servicio Extreme\u00f1o de Salud, as\u00ed como a los pacientes de seguros privados y particulares que quieran ser atendidos en este centro. Ribera Salud, grupo sanitario especializado en proyectos&hellip;","uagb_featured_image_src":{"full":false,"thumbnail":false,"medium":false,"medium_large":false,"large":false,"xl":false,"xxl":false,"xxxl":false,"xxxxl":false,"xxxxxl":false,"1536x1536":false,"2048x2048":false},"uagb_author_info":{"display_name":"jorge@quois.com","author_link":"https:\/\/riberasalud.com\/santa-justa\/author\/jorgequois-com\/"},"uagb_comment_info":0,"uagb_excerpt":"Equipo humano El Hospital de Santa Justa cuenta con una plantilla de 30 profesionales para atender la actividad asistencial procedente de los programas de colaboraci\u00f3n con el Servicio Extreme\u00f1o de Salud, as\u00ed como a los pacientes de seguros privados y particulares que quieran ser atendidos en este centro. Ribera Salud, grupo sanitario especializado en proyectos&hellip;","coauthors":[],"author_meta":{"author_link":"https:\/\/riberasalud.com\/santa-justa\/author\/jorgequois-com\/","display_name":"jorge@quois.com"},"relative_dates":{"created":"Publicado 5 a\u00f1os hace","modified":"Actualizado 5 a\u00f1os hace"},"absolute_dates":{"created":"Publicado el 22 de abril de 2021","modified":"Actualizado el 22 de abril de 2021"},"absolute_dates_time":{"created":"Publicado el 22 de abril de 2021 07:04","modified":"Actualizado el 22 de abril de 2021 07:10"},"featured_img_caption":"","featured_img":false,"series_order":"","_links":{"self":[{"href":"https:\/\/riberasalud.com\/santa-justa\/wp-json\/wp\/v2\/pages\/36","targetHints":{"allow":["GET"]}}],"collection":[{"href":"https:\/\/riberasalud.com\/santa-justa\/wp-json\/wp\/v2\/pages"}],"about":[{"href":"https:\/\/riberasalud.com\/santa-justa\/wp-json\/wp\/v2\/types\/page"}],"author":[{"embeddable":true,"href":"https:\/\/riberasalud.com\/santa-justa\/wp-json\/wp\/v2\/users\/1"}],"replies":[{"embeddable":true,"href":"https:\/\/riberasalud.com\/santa-justa\/wp-json\/wp\/v2\/comments?post=36"}],"version-history":[{"count":3,"href":"https:\/\/riberasalud.com\/santa-justa\/wp-json\/wp\/v2\/pages\/36\/revisions"}],"predecessor-version":[{"id":51,"href":"https:\/\/riberasalud.com\/santa-justa\/wp-json\/wp\/v2\/pages\/36\/revisions\/51"}],"wp:attachment":[{"href":"https:\/\/riberasalud.com\/santa-justa\/wp-json\/wp\/v2\/media?parent=36"}],"curies":[{"name":"wp","href":"https:\/\/api.w.org\/{rel}","templated":true}]}}