{"id":30,"date":"2021-04-22T07:03:36","date_gmt":"2021-04-22T07:03:36","guid":{"rendered":"https:\/\/riberasalud.com\/santa-justa\/?page_id=30"},"modified":"2021-05-05T14:30:36","modified_gmt":"2021-05-05T14:30:36","slug":"informacion-corporativa","status":"publish","type":"page","link":"https:\/\/riberasalud.com\/santa-justa\/informacion-corporativa\/","title":{"rendered":"Informaci\u00f3n corporativa"},"content":{"rendered":"\n<div class=\"wp-block-group backgroundbanner\"><div class=\"wp-block-group__inner-container is-layout-flow wp-block-group-is-layout-flow\">\n<p class=\"has-text-align-center\" style=\"font-size:40px\"><span style=\"color: #4b4a4a;\" class=\"ugb-highlight\">Informaci\u00f3n corporativa<\/span><\/p>\n<\/div><\/div>\n\n\n\n<div class=\"wp-block-group\"><div class=\"wp-block-group__inner-container is-layout-flow wp-block-group-is-layout-flow\">\n<p><strong>Ribera Santa Justa es el primer hospital del grupo sanitario Ribera en Extremadura y responde a su voluntad de expansi\u00f3n en un sector estrat\u00e9gico en crecimiento tanto en Espa\u00f1a como en Europa y Latinoam\u00e9rica.<\/strong><\/p>\n\n\n\n<p>Ribera es un grupo empresarial proveedor de servicios sanitarios p\u00fablicos y privados, especializado en el desarrollo de proyectos innovadores en el sector salud. Cuenta con varios proyectos hospitalarios a nivel nacional e internacional, as\u00ed como con una central de compras, Ribera b2b, una divisi\u00f3n tecnol\u00f3gica Futurs y una divisi\u00f3n de laboratorio Ribera lab.<\/p>\n\n\n\n<p>La filosof\u00eda corporativa y misi\u00f3n del grupo Ribera se caracteriza por creer en el derecho de todas las personas a acceder a una Sanidad excelente, humanizada y eficiente. Su visi\u00f3n es ser reconocida por su modelo de salud responsable que apuesta por la medicina predictiva, preventiva, poblacional, participativa y personalizada. Sus valores corporativos quedan patentes en todos los proyectos en los que participa el grupo: la<strong>&nbsp;transformaci\u00f3n<\/strong>&nbsp;de la sanidad desde la gesti\u00f3n para obtener los mejores resultados; la \u00e9tica profesional; el&nbsp;<strong>cuidado<\/strong>&nbsp;de las personas y el&nbsp;<strong>compromiso<\/strong>&nbsp;con la sociedad.&nbsp;<\/p>\n\n\n\n<p>Desde 1997, el grupo est\u00e1 especializado en el desarrollo de proyectos innovadores en el sector sanitario, que aportan valor a la sociedad y contribuyen a la sostenibilidad de los sistemas sanitarios.&nbsp;<strong>Ribera representa un modelo de salud responsable que trabaja para mejorar la salud y bienestar de la poblaci\u00f3n<\/strong>, que se estudia c\u00f3mo caso de \u00e9xito en reconocidas universidades internacionales como Harvard Business School o Berkeley.<\/p>\n<\/div><\/div>\n","protected":false},"excerpt":{"rendered":"<p>Informaci\u00f3n corporativa Ribera Santa Justa es el primer hospital del grupo sanitario Ribera en Extremadura y responde a su voluntad de expansi\u00f3n en un sector estrat\u00e9gico en crecimiento tanto en Espa\u00f1a como en Europa y Latinoam\u00e9rica. Ribera es un grupo empresarial proveedor de servicios sanitarios p\u00fablicos y privados, especializado en el desarrollo de proyectos innovadores &#8230; <a title=\"Informaci\u00f3n corporativa\" class=\"read-more\" href=\"https:\/\/riberasalud.com\/santa-justa\/informacion-corporativa\/\" aria-label=\"Leer m\u00e1s sobre Informaci\u00f3n corporativa\">Leer m\u00e1s<\/a><\/p>\n","protected":false},"author":1,"featured_media":0,"parent":0,"menu_order":0,"comment_status":"closed","ping_status":"closed","template":"","meta":{"_coblocks_attr":"","_coblocks_dimensions":"","_coblocks_responsive_height":"","_coblocks_accordion_ie_support":"","_uag_custom_page_level_css":"","advgb_blocks_editor_width":"","advgb_blocks_columns_visual_guide":"","_monsterinsights_skip_tracking":false,"_monsterinsights_sitenote_active":false,"_monsterinsights_sitenote_note":"","_monsterinsights_sitenote_category":0,"footnotes":""},"class_list":["post-30","page","type-page","status-publish"],"featured_image_urls_v2":{"full":"","thumbnail":"","medium":"","medium_large":"","large":"","xl":"","xxl":"","xxxl":"","xxxxl":"","xxxxxl":"","1536x1536":"","2048x2048":""},"post_excerpt_stackable_v2":"<p>Informaci\u00f3n corporativa Ribera Santa Justa es el primer hospital del grupo sanitario Ribera en Extremadura y responde a su voluntad de expansi\u00f3n en un sector estrat\u00e9gico en crecimiento tanto en Espa\u00f1a como en Europa y Latinoam\u00e9rica. Ribera es un grupo empresarial proveedor de servicios sanitarios p\u00fablicos y privados, especializado en el desarrollo de proyectos innovadores en el sector salud. Cuenta con varios proyectos hospitalarios a nivel nacional e internacional, as\u00ed como con una central de compras, Ribera b2b, una divisi\u00f3n tecnol\u00f3gica Futurs y una divisi\u00f3n de laboratorio Ribera lab. La filosof\u00eda corporativa y misi\u00f3n del grupo Ribera se caracteriza por&hellip;<\/p>\n","category_list_v2":"","author_info_v2":{"name":"jorge@quois.com","url":"https:\/\/riberasalud.com\/santa-justa\/author\/jorgequois-com\/"},"comments_num_v2":"0 comentarios","yoast_head":"<!-- This site is optimized with the Yoast SEO plugin v26.6 - https:\/\/yoast.com\/wordpress\/plugins\/seo\/ -->\n<title>\u25b7 Informaci\u00f3n corporativa | Hospital Ribera Santa Justa<\/title>\n<meta name=\"description\" content=\"lll\u1405 Informaci\u00f3n corporativa Ribera Santa Justa es el primer hospital del grupo sanitario Ribera en Extremadura y responde a su voluntad de expansi\u00f3n en un \u2705\" \/>\n<meta name=\"robots\" content=\"index, follow, max-snippet:-1, max-image-preview:large, max-video-preview:-1\" \/>\n<link rel=\"canonical\" href=\"https:\/\/riberasalud.com\/santa-justa\/informacion-corporativa\/\" \/>\n<meta property=\"og:locale\" content=\"es_ES\" \/>\n<meta property=\"og:type\" content=\"article\" \/>\n<meta property=\"og:title\" content=\"\u25b7 Informaci\u00f3n corporativa | Hospital Ribera Santa Justa\" \/>\n<meta property=\"og:description\" content=\"lll\u1405 Informaci\u00f3n corporativa Ribera Santa Justa es el primer hospital del grupo sanitario Ribera en Extremadura y responde a su voluntad de expansi\u00f3n en un \u2705\" \/>\n<meta property=\"og:url\" content=\"https:\/\/riberasalud.com\/santa-justa\/informacion-corporativa\/\" \/>\n<meta property=\"og:site_name\" content=\"Hospital Ribera Santa Justa\" \/>\n<meta property=\"article:modified_time\" content=\"2021-05-05T14:30:36+00:00\" \/>\n<meta name=\"twitter:card\" content=\"summary_large_image\" \/>\n<meta name=\"twitter:label1\" content=\"Tiempo de lectura\" \/>\n\t<meta name=\"twitter:data1\" content=\"1 minuto\" \/>\n<script type=\"application\/ld+json\" class=\"yoast-schema-graph\">{\"@context\":\"https:\/\/schema.org\",\"@graph\":[{\"@type\":\"WebPage\",\"@id\":\"https:\/\/riberasalud.com\/santa-justa\/informacion-corporativa\/\",\"url\":\"https:\/\/riberasalud.com\/santa-justa\/informacion-corporativa\/\",\"name\":\"\u25b7 Informaci\u00f3n corporativa | Hospital Ribera Santa Justa\",\"isPartOf\":{\"@id\":\"https:\/\/riberasalud.com\/santa-justa\/#website\"},\"datePublished\":\"2021-04-22T07:03:36+00:00\",\"dateModified\":\"2021-05-05T14:30:36+00:00\",\"description\":\"lll\u1405 Informaci\u00f3n corporativa Ribera Santa Justa es el primer hospital del grupo sanitario Ribera en Extremadura y responde a su voluntad de expansi\u00f3n en un \u2705\",\"breadcrumb\":{\"@id\":\"https:\/\/riberasalud.com\/santa-justa\/informacion-corporativa\/#breadcrumb\"},\"inLanguage\":\"es\",\"potentialAction\":[{\"@type\":\"ReadAction\",\"target\":[\"https:\/\/riberasalud.com\/santa-justa\/informacion-corporativa\/\"]}]},{\"@type\":\"BreadcrumbList\",\"@id\":\"https:\/\/riberasalud.com\/santa-justa\/informacion-corporativa\/#breadcrumb\",\"itemListElement\":[{\"@type\":\"ListItem\",\"position\":1,\"name\":\"Portada\",\"item\":\"https:\/\/riberasalud.com\/santa-justa\/\"},{\"@type\":\"ListItem\",\"position\":2,\"name\":\"Informaci\u00f3n corporativa\"}]},{\"@type\":\"WebSite\",\"@id\":\"https:\/\/riberasalud.com\/santa-justa\/#website\",\"url\":\"https:\/\/riberasalud.com\/santa-justa\/\",\"name\":\"Hospital Ribera Santa Justa\",\"description\":\"\",\"publisher\":{\"@id\":\"https:\/\/riberasalud.com\/santa-justa\/#organization\"},\"potentialAction\":[{\"@type\":\"SearchAction\",\"target\":{\"@type\":\"EntryPoint\",\"urlTemplate\":\"https:\/\/riberasalud.com\/santa-justa\/?s={search_term_string}\"},\"query-input\":{\"@type\":\"PropertyValueSpecification\",\"valueRequired\":true,\"valueName\":\"search_term_string\"}}],\"inLanguage\":\"es\"},{\"@type\":\"Organization\",\"@id\":\"https:\/\/riberasalud.com\/santa-justa\/#organization\",\"name\":\"Hospital Ribera Santa Justa\",\"url\":\"https:\/\/riberasalud.com\/santa-justa\/\",\"logo\":{\"@type\":\"ImageObject\",\"inLanguage\":\"es\",\"@id\":\"https:\/\/riberasalud.com\/santa-justa\/#\/schema\/logo\/image\/\",\"url\":\"https:\/\/riberasalud.com\/santa-justa\/wp-content\/uploads\/2021\/04\/cropped-Logo-Red-SantaJusta.png\",\"contentUrl\":\"https:\/\/riberasalud.com\/santa-justa\/wp-content\/uploads\/2021\/04\/cropped-Logo-Red-SantaJusta.png\",\"width\":2158,\"height\":493,\"caption\":\"Hospital Ribera Santa Justa\"},\"image\":{\"@id\":\"https:\/\/riberasalud.com\/santa-justa\/#\/schema\/logo\/image\/\"}}]}<\/script>\n<!-- \/ Yoast SEO plugin. -->","yoast_head_json":{"title":"\u25b7 Informaci\u00f3n corporativa | Hospital Ribera Santa Justa","description":"lll\u1405 Informaci\u00f3n corporativa Ribera Santa Justa es el primer hospital del grupo sanitario Ribera en Extremadura y responde a su voluntad de expansi\u00f3n en un \u2705","robots":{"index":"index","follow":"follow","max-snippet":"max-snippet:-1","max-image-preview":"max-image-preview:large","max-video-preview":"max-video-preview:-1"},"canonical":"https:\/\/riberasalud.com\/santa-justa\/informacion-corporativa\/","og_locale":"es_ES","og_type":"article","og_title":"\u25b7 Informaci\u00f3n corporativa | Hospital Ribera Santa Justa","og_description":"lll\u1405 Informaci\u00f3n corporativa Ribera Santa Justa es el primer hospital del grupo sanitario Ribera en Extremadura y responde a su voluntad de expansi\u00f3n en un \u2705","og_url":"https:\/\/riberasalud.com\/santa-justa\/informacion-corporativa\/","og_site_name":"Hospital Ribera Santa Justa","article_modified_time":"2021-05-05T14:30:36+00:00","twitter_card":"summary_large_image","twitter_misc":{"Tiempo de lectura":"1 minuto"},"schema":{"@context":"https:\/\/schema.org","@graph":[{"@type":"WebPage","@id":"https:\/\/riberasalud.com\/santa-justa\/informacion-corporativa\/","url":"https:\/\/riberasalud.com\/santa-justa\/informacion-corporativa\/","name":"\u25b7 Informaci\u00f3n corporativa | Hospital Ribera Santa Justa","isPartOf":{"@id":"https:\/\/riberasalud.com\/santa-justa\/#website"},"datePublished":"2021-04-22T07:03:36+00:00","dateModified":"2021-05-05T14:30:36+00:00","description":"lll\u1405 Informaci\u00f3n corporativa Ribera Santa Justa es el primer hospital del grupo sanitario Ribera en Extremadura y responde a su voluntad de expansi\u00f3n en un \u2705","breadcrumb":{"@id":"https:\/\/riberasalud.com\/santa-justa\/informacion-corporativa\/#breadcrumb"},"inLanguage":"es","potentialAction":[{"@type":"ReadAction","target":["https:\/\/riberasalud.com\/santa-justa\/informacion-corporativa\/"]}]},{"@type":"BreadcrumbList","@id":"https:\/\/riberasalud.com\/santa-justa\/informacion-corporativa\/#breadcrumb","itemListElement":[{"@type":"ListItem","position":1,"name":"Portada","item":"https:\/\/riberasalud.com\/santa-justa\/"},{"@type":"ListItem","position":2,"name":"Informaci\u00f3n corporativa"}]},{"@type":"WebSite","@id":"https:\/\/riberasalud.com\/santa-justa\/#website","url":"https:\/\/riberasalud.com\/santa-justa\/","name":"Hospital Ribera Santa Justa","description":"","publisher":{"@id":"https:\/\/riberasalud.com\/santa-justa\/#organization"},"potentialAction":[{"@type":"SearchAction","target":{"@type":"EntryPoint","urlTemplate":"https:\/\/riberasalud.com\/santa-justa\/?s={search_term_string}"},"query-input":{"@type":"PropertyValueSpecification","valueRequired":true,"valueName":"search_term_string"}}],"inLanguage":"es"},{"@type":"Organization","@id":"https:\/\/riberasalud.com\/santa-justa\/#organization","name":"Hospital Ribera Santa Justa","url":"https:\/\/riberasalud.com\/santa-justa\/","logo":{"@type":"ImageObject","inLanguage":"es","@id":"https:\/\/riberasalud.com\/santa-justa\/#\/schema\/logo\/image\/","url":"https:\/\/riberasalud.com\/santa-justa\/wp-content\/uploads\/2021\/04\/cropped-Logo-Red-SantaJusta.png","contentUrl":"https:\/\/riberasalud.com\/santa-justa\/wp-content\/uploads\/2021\/04\/cropped-Logo-Red-SantaJusta.png","width":2158,"height":493,"caption":"Hospital Ribera Santa Justa"},"image":{"@id":"https:\/\/riberasalud.com\/santa-justa\/#\/schema\/logo\/image\/"}}]}},"pbg_featured_image_src":{"full":false,"thumbnail":false,"medium":false,"medium_large":false,"large":false,"xl":false,"xxl":false,"xxxl":false,"xxxxl":false,"xxxxxl":false,"1536x1536":false,"2048x2048":false},"pbg_author_info":{"display_name":"jorge@quois.com","author_link":"https:\/\/riberasalud.com\/santa-justa\/author\/jorgequois-com\/","author_img":"<img alt='jorge@quois.com' src='https:\/\/secure.gravatar.com\/avatar\/bca8cccf11ce6757dcdec6ce293d120c16d33c83aeb423357cce3f49f3abae94?s=128&#038;d=mm&#038;r=g' srcset='https:\/\/secure.gravatar.com\/avatar\/bca8cccf11ce6757dcdec6ce293d120c16d33c83aeb423357cce3f49f3abae94?s=256&#038;d=mm&#038;r=g 2x' class='avatar avatar-128 photo' height='128' width='128' loading='lazy' decoding='async'\/>"},"pbg_comment_info":" No Comments","pbg_excerpt":"Informaci\u00f3n corporativa Ribera Santa Justa es el primer hospital del grupo sanitario Ribera en Extremadura y responde a su voluntad de expansi\u00f3n en un sector estrat\u00e9gico en crecimiento tanto en Espa\u00f1a como en Europa y Latinoam\u00e9rica. Ribera es un grupo empresarial proveedor de servicios sanitarios p\u00fablicos y privados, especializado en el desarrollo de proyectos innovadores&hellip;","uagb_featured_image_src":{"full":false,"thumbnail":false,"medium":false,"medium_large":false,"large":false,"xl":false,"xxl":false,"xxxl":false,"xxxxl":false,"xxxxxl":false,"1536x1536":false,"2048x2048":false},"uagb_author_info":{"display_name":"jorge@quois.com","author_link":"https:\/\/riberasalud.com\/santa-justa\/author\/jorgequois-com\/"},"uagb_comment_info":0,"uagb_excerpt":"Informaci\u00f3n corporativa Ribera Santa Justa es el primer hospital del grupo sanitario Ribera en Extremadura y responde a su voluntad de expansi\u00f3n en un sector estrat\u00e9gico en crecimiento tanto en Espa\u00f1a como en Europa y Latinoam\u00e9rica. Ribera es un grupo empresarial proveedor de servicios sanitarios p\u00fablicos y privados, especializado en el desarrollo de proyectos innovadores&hellip;","coauthors":[],"author_meta":{"author_link":"https:\/\/riberasalud.com\/santa-justa\/author\/jorgequois-com\/","display_name":"jorge@quois.com"},"relative_dates":{"created":"Publicado 5 a\u00f1os hace","modified":"Actualizado 5 a\u00f1os hace"},"absolute_dates":{"created":"Publicado el 22 de abril de 2021","modified":"Actualizado el 5 de mayo de 2021"},"absolute_dates_time":{"created":"Publicado el 22 de abril de 2021 07:03","modified":"Actualizado el 5 de mayo de 2021 14:30"},"featured_img_caption":"","featured_img":false,"series_order":"","_links":{"self":[{"href":"https:\/\/riberasalud.com\/santa-justa\/wp-json\/wp\/v2\/pages\/30","targetHints":{"allow":["GET"]}}],"collection":[{"href":"https:\/\/riberasalud.com\/santa-justa\/wp-json\/wp\/v2\/pages"}],"about":[{"href":"https:\/\/riberasalud.com\/santa-justa\/wp-json\/wp\/v2\/types\/page"}],"author":[{"embeddable":true,"href":"https:\/\/riberasalud.com\/santa-justa\/wp-json\/wp\/v2\/users\/1"}],"replies":[{"embeddable":true,"href":"https:\/\/riberasalud.com\/santa-justa\/wp-json\/wp\/v2\/comments?post=30"}],"version-history":[{"count":7,"href":"https:\/\/riberasalud.com\/santa-justa\/wp-json\/wp\/v2\/pages\/30\/revisions"}],"predecessor-version":[{"id":262,"href":"https:\/\/riberasalud.com\/santa-justa\/wp-json\/wp\/v2\/pages\/30\/revisions\/262"}],"wp:attachment":[{"href":"https:\/\/riberasalud.com\/santa-justa\/wp-json\/wp\/v2\/media?parent=30"}],"curies":[{"name":"wp","href":"https:\/\/api.w.org\/{rel}","templated":true}]}}