{"id":3,"date":"2021-04-21T10:53:57","date_gmt":"2021-04-21T10:53:57","guid":{"rendered":"http:\/\/riberasalud.com\/santa-justa\/?page_id=3"},"modified":"2022-10-13T08:59:36","modified_gmt":"2022-10-13T08:59:36","slug":"politica-privacidad","status":"publish","type":"page","link":"https:\/\/riberasalud.com\/santa-justa\/politica-privacidad\/","title":{"rendered":"Pol\u00edtica de privacidad"},"content":{"rendered":"\n<p>En cumplimiento del Reglamento UE 2016\/679 General de Protecci\u00f3n de Datos, (en adelante, \u201cRGPD\u201d) y la Ley Org\u00e1nica 3\/2018 de 5 de diciembre de Protecci\u00f3n de Datos Personales y garant\u00eda de los derechos digitales (en adelante \u201cLOPDGDD\u201d), por medio de la presente se informa al usuario sobre la forma en la que el Hospital Ribera Santa Justa recaba y trata los datos de car\u00e1cter personal de los usuarios a trav\u00e9s de la p\u00e1gina web https:\/\/riberasalud.com\/santa-justa\/ (en adelante, el \u201cSitio web\u201d).<\/p>\n\n\n\n<p><strong>1. IDENTIFICACI\u00d3N DEL RESPONSABLE DEL TRATAMIENTO\u00a0<\/strong><\/p>\n\n\n\n<p>El Responsable del Tratamiento de los datos personales es Ribera Salud Infraestructuras S.L.U. (en adelante, \u201cHospital Ribera Santa Justa\u201d) con CIF B98283674 y domicilio en C\/ San Francisco, 18, 06700, Villanueva de la Serena, Badajoz.<\/p>\n\n\n\n<p>El tel\u00e9fono de contacto es 924 154 068 y la direcci\u00f3n de correo electr\u00f3nico info@santajustasalud.com<\/p>\n\n\n\n<p>Para cualquier cuesti\u00f3n relacionada con la presente pol\u00edtica de privacidad, el usuario podr\u00e1 ponerse en contacto con el delegado de protecci\u00f3n de datos del Hospital Ribera Santa Justa enviando un email a <a href=\"mailto:dpo@riberasalud.es\">dpo@riberasalud.es<\/a>&nbsp;<\/p>\n\n\n\n<p>Sin perjuicio de lo anterior, respecto al tratamiento relativo a la gesti\u00f3n del env\u00edo de <em>newsletters<\/em>, el responsable del tratamiento es RIBERA SALUD, S.A., con CIF A-03681186 y domicilio social en Avenida Cortes Valencianas, n\u00famero 58, Edificio Sorolla Center, 46015 Valencia (Espa\u00f1a).&nbsp;<\/p>\n\n\n\n<p><strong>2.FINES DEL TRATAMIENTO DE DATOS Y BASES LEGITIMADORAS DEL TRATAMIENTO.\u00a0<\/strong><\/p>\n\n\n\n<p>A trav\u00e9s de la p\u00e1gina web se podr\u00e1n tratar sus datos identificativos y de contacto con las siguientes finalidades y con sus respectivas bases jur\u00eddicas de dichos tratamientos:&nbsp;<\/p>\n\n\n\n<ul class=\"wp-block-list\"><li>Poder atender las solicitudes de contacto y enviadas a trav\u00e9s de los canales puestos a su disposici\u00f3n en el Sitio web (email, tel\u00e9fono, formulario de contacto y chatbot) en base a la ejecuci\u00f3n de la relaci\u00f3n precontractual con el usuario.&nbsp;<\/li><li>Gestionar la solicitud de citas de pacientes a trav\u00e9s de los tel\u00e9fonos de gesti\u00f3n de citas telef\u00f3nicas puestos a disposici\u00f3n en base a la ejecuci\u00f3n de la relaci\u00f3n precontractual. Asimismo, habida cuenta que las llamadas telef\u00f3nicas ser\u00e1n gradadas, el dato personal relativo a la voz de los usuarios se tratar\u00e1 en base al inter\u00e9s leg\u00edtimo del Hospital Ribera Santa Justa. &nbsp;<\/li><li>Gestionar las suscripciones de los usuarios a la <em>newsletter\/<\/em>bolet\u00edn informativomediante el env\u00edo de comunicaciones comerciales electr\u00f3nicas sobre los servicios.&nbsp;<\/li><\/ul>\n\n\n\n<p>Sin perjuicio del deber de informaci\u00f3n en el momento de la recogida de los datos,&nbsp; por medio de la presente,&nbsp; se informa con car\u00e1cter general, del tratamiento de los datos recabados en el centro&nbsp; relativos a la salud, as\u00ed como los facilitados, en su caso, por las compa\u00f1\u00edas aseguradoras, mutuas de accidentes, servicios de prevenci\u00f3n o por las administraciones p\u00fablicas competentes para la prestaci\u00f3n de los servicios de asistencia sanitaria, diagn\u00f3stico y tratamientos m\u00e9dicos, para la elaboraci\u00f3n y conservaci\u00f3n de la historia cl\u00ednica y social, y la gesti\u00f3n general de los servicios sanitarios y dem\u00e1s actividades organizadas por el centro en base al cumplimiento de obligaciones legales y relaci\u00f3n contractual de asistencia sanitaria con independencia de qui\u00e9n sea el pagador del mismo.&nbsp;<\/p>\n\n\n\n<p><strong>3. DESTINATARIOS DE LOS DATOS PERSONALES<\/strong><\/p>\n\n\n\n<p><strong>3.1.Comunicaci\u00f3n de los datos a terceros.\u00a0<\/strong><\/p>\n\n\n\n<p>Salvo obligaci\u00f3n legal no se comunicar\u00e1n los datos personales recabados a trav\u00e9s de la web a terceros.&nbsp;<\/p>\n\n\n\n<p>Sin perjuicio de lo anterior, por medio del presente informamos que, para la prestaci\u00f3n de servicios de atenci\u00f3n sanitaria, cuando sea estrictamente necesario, los datos podr\u00e1n ser comunicados, de acuerdo con lo dispuesto en la legislaci\u00f3n vigente, a la autoridad sanitaria y dem\u00e1s organismos p\u00fablicos con competencia en la materia, as\u00ed como a las compa\u00f1\u00edas aseguradoras u otras entidades pagadoras cuando el interesado indique que los gastos asistenciales deban ser satisfechos por los mismos.<\/p>\n\n\n\n<p>Asimismo, se comunica a usuarios que en caso de ser clientes de aseguradoras privadas y acudan al Hospital Ribera Santa Justa, los datos de dicho interesado ser\u00e1n comunicados por parte del Hospital Ribera Santa Justa a la aseguradora privada a efectos de pago de los servicios, previa suscripci\u00f3n por parte del paciente de un documento en el que el asegurado autoriza al Hospital Ribera Santa Justa la comunicaci\u00f3n de dicha informaci\u00f3n.&nbsp; &nbsp;<\/p>\n\n\n\n<p><strong>3.2.Encargados del tratamiento<\/strong><\/p>\n\n\n\n<p>El tratamiento de los datos de los usuarios podr\u00e1 ser realizado por prestadores de servicios id\u00f3neos, contratados por el Hospital Ribera Santa Justa. Dichos prestadores de servicios \u00fanicamente tratar\u00e1n los datos para las finalidades establecidas por el Hospital Ribera Santa Justa, entre ellas, para la gesti\u00f3n del env\u00edo de las comunicaciones comerciales electr\u00f3nicas.&nbsp;<\/p>\n\n\n\n<p><strong>4.TRANSFERENCIAS INTERNACIONALES DE DATOS\u00a0<\/strong><\/p>\n\n\n\n<p>El Hospital Ribera Santa Justa realizar\u00e1 el tratamiento de los datos del usuario integralmente en el territorio de la Uni\u00f3n Europea, por lo que no prev\u00e9 realizar ninguna transferencia internacional de datos<\/p>\n\n\n\n<p><strong>5. PLAZO DE CONSERVACI\u00d3N.\u00a0<\/strong><\/p>\n\n\n\n<p>El Hospital Ribera Santa Justa conservar\u00e1 los datos personales de los usuarios durante el tiempo necesario para la realizaci\u00f3n de la finalidad para la cual son tratados o hasta que el interesado solicite la supresi\u00f3n de sus datos personales, y en todo caso, durante el plazo necesario para el cumplimiento de las correspondientes obligaciones legales.&nbsp;<\/p>\n\n\n\n<p>Asimismo, respecto al tratamiento relativo al env\u00edo de comunicaciones comerciales electr\u00f3nicas, los datos de los usuarios que hayan consentido la recepci\u00f3n, se conservar\u00e1n hasta que el usuario solicite la baja de dicha recepci\u00f3n, siguiendo las instrucciones que encontrar\u00e1 al pie de cada correo electr\u00f3nico.&nbsp;<\/p>\n\n\n\n<p><strong>6.EJERCICIO DE DERECHOS EN MATERIA DE PROTECCI\u00d3N DE DATOS.<\/strong><\/p>\n\n\n\n<p>En cualquier momento, el usuario podr\u00e1 ejercer sus derechos de acceso, rectificaci\u00f3n, supresi\u00f3n, oposici\u00f3n, limitaci\u00f3n y portabilidad de sus datos, enviando su petici\u00f3n por escrito a la siguiente direcci\u00f3n de correo electr\u00f3nico <a href=\"mailto:dpo@riberasalud.es\">dpo@riberasalud.es<\/a>&nbsp; o por correo postal a la siguiente direcci\u00f3n, San Francisco, 18, 06700, Villanueva de la Serena, Badajoz bajo el asunto de referencia: \u201cProtecci\u00f3n de Datos\u201d, indicando el derecho\/s que desea ejercitar.&nbsp;<\/p>\n\n\n\n<p>Asimismo, se informa al usuario que en caso de considerar que no se ha satisfecho el ejercicio de sus derechos, podr\u00e1 ponerse en contacto con el delegado de protecci\u00f3n de datos del Hospital Ribera Santa Justa enviando su petici\u00f3n a la direcci\u00f3n de correo electr\u00f3nico <a href=\"mailto:dpo@riberasalud.es\">dpo@riberasalud.es<\/a> o presentar una reclamaci\u00f3n ante la Agencia Espa\u00f1ola de Protecci\u00f3n de Datos. M\u00e1s informaci\u00f3n en <a href=\"http:\/\/www.aepd.es\">www.aepd.es<\/a>.&nbsp;<\/p>\n\n\n\n<p>&nbsp;&nbsp; &nbsp; &nbsp; &nbsp; &nbsp; &nbsp; &nbsp; &nbsp; &nbsp; &nbsp; &nbsp; &nbsp; &nbsp; &nbsp; &nbsp; &nbsp; &nbsp; &nbsp; &nbsp; &nbsp; &nbsp; &nbsp; &nbsp; &nbsp; &nbsp; &nbsp; &nbsp; &nbsp; &nbsp; &nbsp; &nbsp; &nbsp; &nbsp; &nbsp; &nbsp; &nbsp; &nbsp; &nbsp; &nbsp; &nbsp; &nbsp; &nbsp; &nbsp; &nbsp; &nbsp; \u00daltima actualizaci\u00f3n: octubre 2022<\/p>\n","protected":false},"excerpt":{"rendered":"<p>En cumplimiento del Reglamento UE 2016\/679 General de Protecci\u00f3n de Datos, (en adelante, \u201cRGPD\u201d) y la Ley Org\u00e1nica 3\/2018 de 5 de diciembre de Protecci\u00f3n de Datos Personales y garant\u00eda de los derechos digitales (en adelante \u201cLOPDGDD\u201d), por medio de la presente se informa al usuario sobre la forma en la que el Hospital Ribera &#8230; <a title=\"Pol\u00edtica de privacidad\" class=\"read-more\" href=\"https:\/\/riberasalud.com\/santa-justa\/politica-privacidad\/\" aria-label=\"Leer m\u00e1s sobre Pol\u00edtica de privacidad\">Leer m\u00e1s<\/a><\/p>\n","protected":false},"author":1,"featured_media":0,"parent":0,"menu_order":0,"comment_status":"closed","ping_status":"open","template":"","meta":{"_coblocks_attr":"","_coblocks_dimensions":"","_coblocks_responsive_height":"","_coblocks_accordion_ie_support":"","_uag_custom_page_level_css":"","advgb_blocks_editor_width":"","advgb_blocks_columns_visual_guide":"","_monsterinsights_skip_tracking":false,"_monsterinsights_sitenote_active":false,"_monsterinsights_sitenote_note":"","_monsterinsights_sitenote_category":0,"footnotes":""},"class_list":["post-3","page","type-page","status-publish"],"featured_image_urls_v2":{"full":"","thumbnail":"","medium":"","medium_large":"","large":"","xl":"","xxl":"","xxxl":"","xxxxl":"","xxxxxl":"","1536x1536":"","2048x2048":""},"post_excerpt_stackable_v2":"<p>En cumplimiento del Reglamento UE 2016\/679 General de Protecci\u00f3n de Datos, (en adelante, \u201cRGPD\u201d) y la Ley Org\u00e1nica 3\/2018 de 5 de diciembre de Protecci\u00f3n de Datos Personales y garant\u00eda de los derechos digitales (en adelante \u201cLOPDGDD\u201d), por medio de la presente se informa al usuario sobre la forma en la que el Hospital Ribera Santa Justa recaba y trata los datos de car\u00e1cter personal de los usuarios a trav\u00e9s de la p\u00e1gina web https:\/\/riberasalud.com\/santa-justa\/ (en adelante, el \u201cSitio web\u201d). 1. IDENTIFICACI\u00d3N DEL RESPONSABLE DEL TRATAMIENTO\u00a0 El Responsable del Tratamiento de los datos personales es Ribera Salud Infraestructuras S.L.U. (en&hellip;<\/p>\n","category_list_v2":"","author_info_v2":{"name":"jorge@quois.com","url":"https:\/\/riberasalud.com\/santa-justa\/author\/jorgequois-com\/"},"comments_num_v2":"0 comentarios","yoast_head":"<!-- This site is optimized with the Yoast SEO plugin v26.6 - https:\/\/yoast.com\/wordpress\/plugins\/seo\/ -->\n<title>\u25b7 Pol\u00edtica de privacidad | Hospital Ribera Santa Justa<\/title>\n<meta name=\"description\" content=\"lll\u1405 En cumplimiento del Reglamento UE 2016\/679 General de Protecci\u00f3n de Datos, (en adelante, \u201cRGPD\u201d) y la Ley Org\u00e1nica 3\/2018 de 5 de diciembre de Protecci\u00f3n \u2705\" \/>\n<meta name=\"robots\" content=\"index, follow, max-snippet:-1, max-image-preview:large, max-video-preview:-1\" \/>\n<link rel=\"canonical\" href=\"https:\/\/riberasalud.com\/santa-justa\/politica-privacidad\/\" \/>\n<meta property=\"og:locale\" content=\"es_ES\" \/>\n<meta property=\"og:type\" content=\"article\" \/>\n<meta property=\"og:title\" content=\"\u25b7 Pol\u00edtica de privacidad | Hospital Ribera Santa Justa\" \/>\n<meta property=\"og:description\" content=\"lll\u1405 En cumplimiento del Reglamento UE 2016\/679 General de Protecci\u00f3n de Datos, (en adelante, \u201cRGPD\u201d) y la Ley Org\u00e1nica 3\/2018 de 5 de diciembre de Protecci\u00f3n \u2705\" \/>\n<meta property=\"og:url\" content=\"https:\/\/riberasalud.com\/santa-justa\/politica-privacidad\/\" \/>\n<meta property=\"og:site_name\" content=\"Hospital Ribera Santa Justa\" \/>\n<meta property=\"article:modified_time\" content=\"2022-10-13T08:59:36+00:00\" \/>\n<meta name=\"twitter:card\" content=\"summary_large_image\" \/>\n<meta name=\"twitter:label1\" content=\"Tiempo de lectura\" \/>\n\t<meta name=\"twitter:data1\" content=\"5 minutos\" \/>\n<script type=\"application\/ld+json\" class=\"yoast-schema-graph\">{\"@context\":\"https:\/\/schema.org\",\"@graph\":[{\"@type\":\"WebPage\",\"@id\":\"https:\/\/riberasalud.com\/santa-justa\/politica-privacidad\/\",\"url\":\"https:\/\/riberasalud.com\/santa-justa\/politica-privacidad\/\",\"name\":\"\u25b7 Pol\u00edtica de privacidad | Hospital Ribera Santa Justa\",\"isPartOf\":{\"@id\":\"https:\/\/riberasalud.com\/santa-justa\/#website\"},\"datePublished\":\"2021-04-21T10:53:57+00:00\",\"dateModified\":\"2022-10-13T08:59:36+00:00\",\"description\":\"lll\u1405 En cumplimiento del Reglamento UE 2016\/679 General de Protecci\u00f3n de Datos, (en adelante, \u201cRGPD\u201d) y la Ley Org\u00e1nica 3\/2018 de 5 de diciembre de Protecci\u00f3n \u2705\",\"breadcrumb\":{\"@id\":\"https:\/\/riberasalud.com\/santa-justa\/politica-privacidad\/#breadcrumb\"},\"inLanguage\":\"es\",\"potentialAction\":[{\"@type\":\"ReadAction\",\"target\":[\"https:\/\/riberasalud.com\/santa-justa\/politica-privacidad\/\"]}]},{\"@type\":\"BreadcrumbList\",\"@id\":\"https:\/\/riberasalud.com\/santa-justa\/politica-privacidad\/#breadcrumb\",\"itemListElement\":[{\"@type\":\"ListItem\",\"position\":1,\"name\":\"Portada\",\"item\":\"https:\/\/riberasalud.com\/santa-justa\/\"},{\"@type\":\"ListItem\",\"position\":2,\"name\":\"Pol\u00edtica de privacidad\"}]},{\"@type\":\"WebSite\",\"@id\":\"https:\/\/riberasalud.com\/santa-justa\/#website\",\"url\":\"https:\/\/riberasalud.com\/santa-justa\/\",\"name\":\"Hospital Ribera Santa Justa\",\"description\":\"\",\"publisher\":{\"@id\":\"https:\/\/riberasalud.com\/santa-justa\/#organization\"},\"potentialAction\":[{\"@type\":\"SearchAction\",\"target\":{\"@type\":\"EntryPoint\",\"urlTemplate\":\"https:\/\/riberasalud.com\/santa-justa\/?s={search_term_string}\"},\"query-input\":{\"@type\":\"PropertyValueSpecification\",\"valueRequired\":true,\"valueName\":\"search_term_string\"}}],\"inLanguage\":\"es\"},{\"@type\":\"Organization\",\"@id\":\"https:\/\/riberasalud.com\/santa-justa\/#organization\",\"name\":\"Hospital Ribera Santa Justa\",\"url\":\"https:\/\/riberasalud.com\/santa-justa\/\",\"logo\":{\"@type\":\"ImageObject\",\"inLanguage\":\"es\",\"@id\":\"https:\/\/riberasalud.com\/santa-justa\/#\/schema\/logo\/image\/\",\"url\":\"https:\/\/riberasalud.com\/santa-justa\/wp-content\/uploads\/2021\/04\/cropped-Logo-Red-SantaJusta.png\",\"contentUrl\":\"https:\/\/riberasalud.com\/santa-justa\/wp-content\/uploads\/2021\/04\/cropped-Logo-Red-SantaJusta.png\",\"width\":2158,\"height\":493,\"caption\":\"Hospital Ribera Santa Justa\"},\"image\":{\"@id\":\"https:\/\/riberasalud.com\/santa-justa\/#\/schema\/logo\/image\/\"}}]}<\/script>\n<!-- \/ Yoast SEO plugin. -->","yoast_head_json":{"title":"\u25b7 Pol\u00edtica de privacidad | Hospital Ribera Santa Justa","description":"lll\u1405 En cumplimiento del Reglamento UE 2016\/679 General de Protecci\u00f3n de Datos, (en adelante, \u201cRGPD\u201d) y la Ley Org\u00e1nica 3\/2018 de 5 de diciembre de Protecci\u00f3n \u2705","robots":{"index":"index","follow":"follow","max-snippet":"max-snippet:-1","max-image-preview":"max-image-preview:large","max-video-preview":"max-video-preview:-1"},"canonical":"https:\/\/riberasalud.com\/santa-justa\/politica-privacidad\/","og_locale":"es_ES","og_type":"article","og_title":"\u25b7 Pol\u00edtica de privacidad | Hospital Ribera Santa Justa","og_description":"lll\u1405 En cumplimiento del Reglamento UE 2016\/679 General de Protecci\u00f3n de Datos, (en adelante, \u201cRGPD\u201d) y la Ley Org\u00e1nica 3\/2018 de 5 de diciembre de Protecci\u00f3n \u2705","og_url":"https:\/\/riberasalud.com\/santa-justa\/politica-privacidad\/","og_site_name":"Hospital Ribera Santa Justa","article_modified_time":"2022-10-13T08:59:36+00:00","twitter_card":"summary_large_image","twitter_misc":{"Tiempo de lectura":"5 minutos"},"schema":{"@context":"https:\/\/schema.org","@graph":[{"@type":"WebPage","@id":"https:\/\/riberasalud.com\/santa-justa\/politica-privacidad\/","url":"https:\/\/riberasalud.com\/santa-justa\/politica-privacidad\/","name":"\u25b7 Pol\u00edtica de privacidad | Hospital Ribera Santa Justa","isPartOf":{"@id":"https:\/\/riberasalud.com\/santa-justa\/#website"},"datePublished":"2021-04-21T10:53:57+00:00","dateModified":"2022-10-13T08:59:36+00:00","description":"lll\u1405 En cumplimiento del Reglamento UE 2016\/679 General de Protecci\u00f3n de Datos, (en adelante, \u201cRGPD\u201d) y la Ley Org\u00e1nica 3\/2018 de 5 de diciembre de Protecci\u00f3n \u2705","breadcrumb":{"@id":"https:\/\/riberasalud.com\/santa-justa\/politica-privacidad\/#breadcrumb"},"inLanguage":"es","potentialAction":[{"@type":"ReadAction","target":["https:\/\/riberasalud.com\/santa-justa\/politica-privacidad\/"]}]},{"@type":"BreadcrumbList","@id":"https:\/\/riberasalud.com\/santa-justa\/politica-privacidad\/#breadcrumb","itemListElement":[{"@type":"ListItem","position":1,"name":"Portada","item":"https:\/\/riberasalud.com\/santa-justa\/"},{"@type":"ListItem","position":2,"name":"Pol\u00edtica de privacidad"}]},{"@type":"WebSite","@id":"https:\/\/riberasalud.com\/santa-justa\/#website","url":"https:\/\/riberasalud.com\/santa-justa\/","name":"Hospital Ribera Santa Justa","description":"","publisher":{"@id":"https:\/\/riberasalud.com\/santa-justa\/#organization"},"potentialAction":[{"@type":"SearchAction","target":{"@type":"EntryPoint","urlTemplate":"https:\/\/riberasalud.com\/santa-justa\/?s={search_term_string}"},"query-input":{"@type":"PropertyValueSpecification","valueRequired":true,"valueName":"search_term_string"}}],"inLanguage":"es"},{"@type":"Organization","@id":"https:\/\/riberasalud.com\/santa-justa\/#organization","name":"Hospital Ribera Santa Justa","url":"https:\/\/riberasalud.com\/santa-justa\/","logo":{"@type":"ImageObject","inLanguage":"es","@id":"https:\/\/riberasalud.com\/santa-justa\/#\/schema\/logo\/image\/","url":"https:\/\/riberasalud.com\/santa-justa\/wp-content\/uploads\/2021\/04\/cropped-Logo-Red-SantaJusta.png","contentUrl":"https:\/\/riberasalud.com\/santa-justa\/wp-content\/uploads\/2021\/04\/cropped-Logo-Red-SantaJusta.png","width":2158,"height":493,"caption":"Hospital Ribera Santa Justa"},"image":{"@id":"https:\/\/riberasalud.com\/santa-justa\/#\/schema\/logo\/image\/"}}]}},"pbg_featured_image_src":{"full":false,"thumbnail":false,"medium":false,"medium_large":false,"large":false,"xl":false,"xxl":false,"xxxl":false,"xxxxl":false,"xxxxxl":false,"1536x1536":false,"2048x2048":false},"pbg_author_info":{"display_name":"jorge@quois.com","author_link":"https:\/\/riberasalud.com\/santa-justa\/author\/jorgequois-com\/","author_img":"<img alt='jorge@quois.com' src='https:\/\/secure.gravatar.com\/avatar\/bca8cccf11ce6757dcdec6ce293d120c16d33c83aeb423357cce3f49f3abae94?s=128&#038;d=mm&#038;r=g' srcset='https:\/\/secure.gravatar.com\/avatar\/bca8cccf11ce6757dcdec6ce293d120c16d33c83aeb423357cce3f49f3abae94?s=256&#038;d=mm&#038;r=g 2x' class='avatar avatar-128 photo' height='128' width='128' loading='lazy' decoding='async'\/>"},"pbg_comment_info":" No Comments","pbg_excerpt":"En cumplimiento del Reglamento UE 2016\/679 General de Protecci\u00f3n de Datos, (en adelante, \u201cRGPD\u201d) y la Ley Org\u00e1nica 3\/2018 de 5 de diciembre de Protecci\u00f3n de Datos Personales y garant\u00eda de los derechos digitales (en adelante \u201cLOPDGDD\u201d), por medio de la presente se informa al usuario sobre la forma en la que el Hospital Ribera&hellip;","uagb_featured_image_src":{"full":false,"thumbnail":false,"medium":false,"medium_large":false,"large":false,"xl":false,"xxl":false,"xxxl":false,"xxxxl":false,"xxxxxl":false,"1536x1536":false,"2048x2048":false},"uagb_author_info":{"display_name":"jorge@quois.com","author_link":"https:\/\/riberasalud.com\/santa-justa\/author\/jorgequois-com\/"},"uagb_comment_info":0,"uagb_excerpt":"En cumplimiento del Reglamento UE 2016\/679 General de Protecci\u00f3n de Datos, (en adelante, \u201cRGPD\u201d) y la Ley Org\u00e1nica 3\/2018 de 5 de diciembre de Protecci\u00f3n de Datos Personales y garant\u00eda de los derechos digitales (en adelante \u201cLOPDGDD\u201d), por medio de la presente se informa al usuario sobre la forma en la que el Hospital Ribera&hellip;","coauthors":[],"author_meta":{"author_link":"https:\/\/riberasalud.com\/santa-justa\/author\/jorgequois-com\/","display_name":"jorge@quois.com"},"relative_dates":{"created":"Publicado 5 a\u00f1os hace","modified":"Actualizado 4 a\u00f1os hace"},"absolute_dates":{"created":"Publicado el 21 de abril de 2021","modified":"Actualizado el 13 de octubre de 2022"},"absolute_dates_time":{"created":"Publicado el 21 de abril de 2021 10:53","modified":"Actualizado el 13 de octubre de 2022 08:59"},"featured_img_caption":"","featured_img":false,"series_order":"","_links":{"self":[{"href":"https:\/\/riberasalud.com\/santa-justa\/wp-json\/wp\/v2\/pages\/3","targetHints":{"allow":["GET"]}}],"collection":[{"href":"https:\/\/riberasalud.com\/santa-justa\/wp-json\/wp\/v2\/pages"}],"about":[{"href":"https:\/\/riberasalud.com\/santa-justa\/wp-json\/wp\/v2\/types\/page"}],"author":[{"embeddable":true,"href":"https:\/\/riberasalud.com\/santa-justa\/wp-json\/wp\/v2\/users\/1"}],"replies":[{"embeddable":true,"href":"https:\/\/riberasalud.com\/santa-justa\/wp-json\/wp\/v2\/comments?post=3"}],"version-history":[{"count":2,"href":"https:\/\/riberasalud.com\/santa-justa\/wp-json\/wp\/v2\/pages\/3\/revisions"}],"predecessor-version":[{"id":1001,"href":"https:\/\/riberasalud.com\/santa-justa\/wp-json\/wp\/v2\/pages\/3\/revisions\/1001"}],"wp:attachment":[{"href":"https:\/\/riberasalud.com\/santa-justa\/wp-json\/wp\/v2\/media?parent=3"}],"curies":[{"name":"wp","href":"https:\/\/api.w.org\/{rel}","templated":true}]}}