{"id":38,"date":"2021-05-07T09:15:33","date_gmt":"2021-05-07T09:15:33","guid":{"rendered":"https:\/\/riberasalud.com\/rsc\/?page_id=38"},"modified":"2021-09-01T10:15:30","modified_gmt":"2021-09-01T10:15:30","slug":"cuidate-en-casa-2","status":"publish","type":"page","link":"https:\/\/riberasalud.com\/rsc\/cuidate-en-casa-2\/","title":{"rendered":"Cu\u00eddate en casa"},"content":{"rendered":"\n<div class=\"wp-block-group backgroundbanner\"><div class=\"wp-block-group__inner-container is-layout-flow wp-block-group-is-layout-flow\">\n<p class=\"has-text-align-center\" style=\"font-size:40px\"><span style=\"color: #4b4a4a;\" class=\"ugb-highlight\">Cu\u00eddate en casa<\/span><\/p>\n<\/div><\/div>\n\n\n\n<div class=\"wp-block-group videopovisa\"><div class=\"wp-block-group__inner-container is-layout-flow wp-block-group-is-layout-flow\">\n<div class=\"wp-block-uagb-tabs uagb-block-3c7b711b uagb-tabs__wrap uagb-tabs__hstyle2-desktop uagb-tabs__vstyle6-tablet uagb-tabs__vstyle6-mobile\" data-tab-active=\"0\"><ul class=\"uagb-tabs__panel uagb-tabs__align-left\"><li class=\"uagb-tab uagb-tabs__active\"><a href=\"#uagb-tabs__tab0\" class=\"uagb-tabs-list uagb-tabs__icon-position-left\" data-tab=\"0\"><span>#Cu\u00eddateEnCasa<\/span><\/a><\/li><\/ul><div class=\"uagb-tabs__body-wrap\">\n<div class=\"wp-block-uagb-tabs-child uagb-tabs__body-container uagb-tabs__inner-tab uagb-inner-tab-0\"><div class=\"uagb-blocks__3c7b711b uagb-tabs__body\" aria-labelledby=\"uagb-tabs__tab0\">\n<p>Mantener la&nbsp;salud f\u00edsica, psicol\u00f3gica y social&nbsp;requiere del aprendizaje y la adquisici\u00f3n de h\u00e1bitos y habilidades de cuidado de nuestro cuerpo, nuestras emociones y nuestro entorno que determinar\u00e1n gran parte de nuestra capacidad para la adquisici\u00f3n y mantenimiento del bienestar integral en la etapa adulta.<\/p>\n\n\n\n<p>Los profesionales de Ribera Salud, conscientes de la importancia de promover acciones que contribuyan a&nbsp;garantizar el cuidado y bienestar de nuestros pacientes y sus familias. Incluso sin necesidad de moverse de casa, ponemos a tu disposici\u00f3n un conjunto de actividades formativas e informativas que tienen el objetivo de <strong>maximizar el potencial de&nbsp;salud emocional, f\u00edsica y social durante el contexto social y sanitario en el que nos encontramos.<\/strong><\/p>\n\n\n\n<p>Con el objetivo de apoyar y acompa\u00f1ar a la familia en esta labor, <strong>ponemos a tu disposici\u00f3n una serie de&nbsp;acciones y programas&nbsp;que te ayudar\u00e1n a&nbsp;aumentar tus conocimientos y habilidades&nbsp;en \u00e1reas clave<\/strong> como higiene postural, educaci\u00f3n emocional y habilidades psicosociales, alimentaci\u00f3n saludable y actividad f\u00edsica, as\u00ed como h\u00e1bitos de higiene y sue\u00f1o, entre otros.<\/p>\n<\/div><\/div>\n<\/div><\/div>\n\n\n\n<div class=\"wp-block-columns is-layout-flex wp-container-core-columns-is-layout-9d6595d7 wp-block-columns-is-layout-flex\">\n<div class=\"wp-block-column is-layout-flow wp-block-column-is-layout-flow\">\n<p class=\"espe1\" style=\"font-size:14px\"><span style=\"color: #4b4a4a;\" class=\"ugb-highlight\">BLOQUE 1<\/span><\/p>\n\n\n\n<p class=\"espe2\" style=\"font-size:27px\"><strong><span style=\"color: #4b4a4a;\" class=\"ugb-highlight\">Desde tu centro<\/span><\/strong><\/p>\n<\/div>\n\n\n\n<div class=\"wp-block-column is-layout-flow wp-block-column-is-layout-flow\">\n<div class=\"wp-block-advgb-video advgb-video-block full-width\" data-video=\"https:\/\/www.youtube.com\/embed\/TAX_YYSCo3k?rel=0&amp;wmode=transparent\" data-source=\"youtube\" data-video-attr=\"controls,playsinline\" data-video-preload=\"metadata\"><div class=\"advgb-video-wrapper full-width no-lightbox\"><iframe src=\"https:\/\/www.youtube.com\/embed\/TAX_YYSCo3k?rel=0&amp;wmode=transparent\" height=\"300\" frameborder=\"0\" allowfullscreen><\/iframe><\/div><\/div>\n<\/div>\n<\/div>\n<\/div><\/div>\n\n\n\n<div class=\"wp-block-group videopovisa\"><div class=\"wp-block-group__inner-container is-layout-flow wp-block-group-is-layout-flow\">\n<div class=\"wp-block-columns is-layout-flex wp-container-core-columns-is-layout-9d6595d7 wp-block-columns-is-layout-flex\">\n<div class=\"wp-block-column is-layout-flow wp-block-column-is-layout-flow\">\n<p class=\"espe1\" style=\"font-size:14px\"><span style=\"color: #4b4a4a;\" class=\"ugb-highlight\">BLOQUE 2<\/span><\/p>\n\n\n\n<p class=\"espe2\" style=\"font-size:27px\"><strong><span style=\"color: #4b4a4a;\" class=\"ugb-highlight\">Tus peque\u00f1os h\u00e9roes<\/span><\/strong><\/p>\n<\/div>\n\n\n\n<div class=\"wp-block-column is-layout-flow wp-block-column-is-layout-flow\">\n<div class=\"wp-block-advgb-video advgb-video-block full-width\" data-video=\"https:\/\/www.youtube.com\/embed\/gzP4vWKgz-8?rel=0&amp;wmode=transparent\" data-source=\"youtube\" data-video-attr=\"controls,playsinline\" data-video-preload=\"metadata\"><div class=\"advgb-video-wrapper full-width no-lightbox\"><iframe src=\"https:\/\/www.youtube.com\/embed\/gzP4vWKgz-8?rel=0&amp;wmode=transparent\" height=\"300\" frameborder=\"0\" allowfullscreen><\/iframe><\/div><\/div>\n<\/div>\n<\/div>\n<\/div><\/div>\n\n\n\n<div class=\"wp-block-group videopovisa\"><div class=\"wp-block-group__inner-container is-layout-flow wp-block-group-is-layout-flow\">\n<div class=\"wp-block-columns is-layout-flex wp-container-core-columns-is-layout-9d6595d7 wp-block-columns-is-layout-flex\">\n<div class=\"wp-block-column is-layout-flow wp-block-column-is-layout-flow\">\n<p class=\"espe1\" style=\"font-size:14px\"><span style=\"color: #4b4a4a;\" class=\"ugb-highlight\">BLOQUE 3<\/span><\/p>\n\n\n\n<p class=\"espe2\" style=\"font-size:27px\"><strong><span style=\"color: #4b4a4a;\" class=\"ugb-highlight\">Mens sana in corpore sano<\/span><\/strong><\/p>\n<\/div>\n\n\n\n<div class=\"wp-block-column is-layout-flow wp-block-column-is-layout-flow\">\n<div class=\"wp-block-advgb-video advgb-video-block full-width\" data-video=\"https:\/\/www.youtube.com\/embed\/6Q3h816ESd0?rel=0&amp;wmode=transparent\" data-source=\"youtube\" data-video-attr=\"controls,playsinline\" data-video-preload=\"metadata\"><div class=\"advgb-video-wrapper full-width no-lightbox\"><iframe src=\"https:\/\/www.youtube.com\/embed\/6Q3h816ESd0?rel=0&amp;wmode=transparent\" height=\"300\" frameborder=\"0\" allowfullscreen><\/iframe><\/div><\/div>\n<\/div>\n<\/div>\n<\/div><\/div>\n\n\n\n<div class=\"wp-block-group videopovisa\"><div class=\"wp-block-group__inner-container is-layout-flow wp-block-group-is-layout-flow\">\n<div class=\"wp-block-columns is-layout-flex wp-container-core-columns-is-layout-9d6595d7 wp-block-columns-is-layout-flex\">\n<div class=\"wp-block-column is-layout-flow wp-block-column-is-layout-flow\">\n<p class=\"espe1\" style=\"font-size:14px\"><span style=\"color: #4b4a4a;\" class=\"ugb-highlight\">BLOQUE 4<\/span><\/p>\n\n\n\n<p class=\"espe2\" style=\"font-size:27px\"><strong><span style=\"color: #4b4a4a;\" class=\"ugb-highlight\">Fisioterapia en casa<\/span><\/strong><\/p>\n<\/div>\n\n\n\n<div class=\"wp-block-column is-layout-flow wp-block-column-is-layout-flow\">\n<div class=\"wp-block-advgb-video advgb-video-block full-width\" data-video=\"https:\/\/www.youtube.com\/embed\/Be8ctBEHE3o?rel=0&amp;wmode=transparent\" data-source=\"youtube\" data-video-attr=\"controls,playsinline\" data-video-preload=\"metadata\"><div class=\"advgb-video-wrapper full-width no-lightbox\"><iframe src=\"https:\/\/www.youtube.com\/embed\/Be8ctBEHE3o?rel=0&amp;wmode=transparent\" height=\"300\" frameborder=\"0\" allowfullscreen><\/iframe><\/div><\/div>\n<\/div>\n<\/div>\n<\/div><\/div>\n\n\n\n<div class=\"wp-block-group videopovisa\"><div class=\"wp-block-group__inner-container is-layout-flow wp-block-group-is-layout-flow\">\n<div class=\"wp-block-columns is-layout-flex wp-container-core-columns-is-layout-9d6595d7 wp-block-columns-is-layout-flex\">\n<div class=\"wp-block-column is-layout-flow wp-block-column-is-layout-flow\">\n<p class=\"espe1\" style=\"font-size:14px\"><span style=\"color: #4b4a4a;\" class=\"ugb-highlight\">BLOQUE 5<\/span><\/p>\n\n\n\n<p class=\"espe2\" style=\"font-size:27px\"><strong><span style=\"color: #4b4a4a;\" class=\"ugb-highlight\">Venciendo al c\u00e1ncer, juntos<\/span><\/strong><\/p>\n<\/div>\n\n\n\n<div class=\"wp-block-column is-layout-flow wp-block-column-is-layout-flow\">\n<div class=\"wp-block-advgb-video advgb-video-block full-width\" data-video=\"https:\/\/www.youtube.com\/embed\/hCugiUboAYo?rel=0&amp;wmode=transparent\" data-source=\"youtube\" data-video-attr=\"controls,playsinline\" data-video-preload=\"metadata\"><div class=\"advgb-video-wrapper full-width no-lightbox\"><iframe src=\"https:\/\/www.youtube.com\/embed\/hCugiUboAYo?rel=0&amp;wmode=transparent\" height=\"300\" frameborder=\"0\" allowfullscreen><\/iframe><\/div><\/div>\n<\/div>\n<\/div>\n<\/div><\/div>\n\n\n\n<div class=\"wp-block-group videopovisa\"><div class=\"wp-block-group__inner-container is-layout-flow wp-block-group-is-layout-flow\">\n<div class=\"wp-block-columns is-layout-flex wp-container-core-columns-is-layout-9d6595d7 wp-block-columns-is-layout-flex\">\n<div class=\"wp-block-column is-layout-flow wp-block-column-is-layout-flow\">\n<p class=\"espe1\" style=\"font-size:14px\"><span style=\"color: #4b4a4a;\" class=\"ugb-highlight\">BLOQUE 6<\/span><\/p>\n\n\n\n<p class=\"espe2\" style=\"font-size:27px\"><strong><span style=\"color: #4b4a4a;\" class=\"ugb-highlight\">Accidentes dom\u00e9sticos y primeros auxilios<\/span><\/strong><\/p>\n<\/div>\n\n\n\n<div class=\"wp-block-column is-layout-flow wp-block-column-is-layout-flow\">\n<div class=\"wp-block-advgb-video advgb-video-block full-width\" data-video=\"https:\/\/www.youtube.com\/embed\/zSlmYK6FBZo?rel=0&amp;wmode=transparent\" data-source=\"youtube\" data-video-attr=\"controls,playsinline\" data-video-preload=\"metadata\"><div class=\"advgb-video-wrapper full-width no-lightbox\"><iframe src=\"https:\/\/www.youtube.com\/embed\/zSlmYK6FBZo?rel=0&amp;wmode=transparent\" height=\"300\" frameborder=\"0\" allowfullscreen><\/iframe><\/div><\/div>\n<\/div>\n<\/div>\n<\/div><\/div>\n\n\n\n<div class=\"wp-block-group videopovisa\"><div class=\"wp-block-group__inner-container is-layout-flow wp-block-group-is-layout-flow\">\n<div class=\"wp-block-columns is-layout-flex wp-container-core-columns-is-layout-9d6595d7 wp-block-columns-is-layout-flex\">\n<div class=\"wp-block-column is-layout-flow wp-block-column-is-layout-flow\">\n<p class=\"espe1\" style=\"font-size:14px\"><span style=\"color: #4b4a4a;\" class=\"ugb-highlight\">BLOQUE 7<\/span><\/p>\n\n\n\n<p class=\"espe2\" style=\"font-size:27px\"><strong><span style=\"color: #4b4a4a;\" class=\"ugb-highlight\">Atenci\u00f3n integral a la mujer<\/span><\/strong><\/p>\n<\/div>\n\n\n\n<div class=\"wp-block-column is-layout-flow wp-block-column-is-layout-flow\">\n<div class=\"wp-block-advgb-video advgb-video-block full-width\" data-video=\"https:\/\/www.youtube.com\/embed\/DPsKwOhKyw0?rel=0&amp;wmode=transparent\" data-source=\"youtube\" data-video-attr=\"controls,playsinline\" data-video-preload=\"metadata\"><div class=\"advgb-video-wrapper full-width no-lightbox\"><iframe src=\"https:\/\/www.youtube.com\/embed\/DPsKwOhKyw0?rel=0&amp;wmode=transparent\" height=\"300\" frameborder=\"0\" allowfullscreen><\/iframe><\/div><\/div>\n<\/div>\n<\/div>\n<\/div><\/div>\n\n\n\n<div class=\"wp-block-group videopovisa\"><div class=\"wp-block-group__inner-container is-layout-flow wp-block-group-is-layout-flow\">\n<div class=\"wp-block-columns is-layout-flex wp-container-core-columns-is-layout-9d6595d7 wp-block-columns-is-layout-flex\">\n<div class=\"wp-block-column is-layout-flow wp-block-column-is-layout-flow\">\n<p class=\"espe1\" style=\"font-size:14px\"><span style=\"color: #4b4a4a;\" class=\"ugb-highlight\">BLOQUE 8<\/span><\/p>\n\n\n\n<p class=\"espe2\" style=\"font-size:27px\"><strong><span style=\"color: #4b4a4a;\" class=\"ugb-highlight\">Di\u00e1lisis, cu\u00eddate desde casa<\/span><\/strong><\/p>\n<\/div>\n\n\n\n<div class=\"wp-block-column is-layout-flow wp-block-column-is-layout-flow\">\n<div class=\"wp-block-advgb-video advgb-video-block full-width\" data-video=\"https:\/\/www.youtube.com\/embed\/Yw8vZD_RXQA?rel=0&amp;wmode=transparent\" data-source=\"youtube\" data-video-attr=\"controls,playsinline\" data-video-preload=\"metadata\"><div class=\"advgb-video-wrapper full-width no-lightbox\"><iframe src=\"https:\/\/www.youtube.com\/embed\/Yw8vZD_RXQA?rel=0&amp;wmode=transparent\" height=\"300\" frameborder=\"0\" allowfullscreen><\/iframe><\/div><\/div>\n<\/div>\n<\/div>\n\n\n\n<p><span style=\"color: #d11728;\" class=\"ugb-highlight\"><a href=\"https:\/\/www.youtube.com\/playlist?list=PLKvWwJOrR7hSACVXSPWD-zUXXocwTzMo4\" data-type=\"URL\" data-id=\"https:\/\/www.youtube.com\/playlist?list=PLKvWwJOrR7hSACVXSPWD-zUXXocwTzMo4\">Ver m\u00e1s v\u00eddeos en nuestro canal de Youtube \u2192<\/a><\/span><\/p>\n\n\n\n<p><\/p>\n<\/div><\/div>\n\n\n\n<p><\/p>\n","protected":false},"excerpt":{"rendered":"<p>Cu\u00eddate en casa BLOQUE 1 Desde tu centro BLOQUE 2 Tus peque\u00f1os h\u00e9roes BLOQUE 3 Mens sana in corpore sano BLOQUE 4 Fisioterapia en casa BLOQUE 5 Venciendo al c\u00e1ncer, juntos BLOQUE 6 Accidentes dom\u00e9sticos y primeros auxilios BLOQUE 7 Atenci\u00f3n integral a la mujer BLOQUE 8 Di\u00e1lisis, cu\u00eddate desde casa Ver m\u00e1s v\u00eddeos en &#8230; <a title=\"Cu\u00eddate en casa\" class=\"read-more\" href=\"https:\/\/riberasalud.com\/rsc\/cuidate-en-casa-2\/\" aria-label=\"Leer m\u00e1s sobre Cu\u00eddate en casa\">Leer m\u00e1s<\/a><\/p>\n","protected":false},"author":1,"featured_media":0,"parent":0,"menu_order":0,"comment_status":"closed","ping_status":"closed","template":"","meta":{"_editorskit_title_hidden":false,"_editorskit_reading_time":0,"_editorskit_is_block_options_detached":false,"_editorskit_block_options_position":"{}","_coblocks_attr":"","_coblocks_dimensions":"","_coblocks_responsive_height":"","_coblocks_accordion_ie_support":"","_uag_custom_page_level_css":"","advgb_blocks_editor_width":"","advgb_blocks_columns_visual_guide":"","_monsterinsights_skip_tracking":false,"_monsterinsights_sitenote_active":false,"_monsterinsights_sitenote_note":"","_monsterinsights_sitenote_category":0,"footnotes":""},"class_list":["post-38","page","type-page","status-publish"],"featured_image_urls_v2":{"full":"","thumbnail":"","medium":"","medium_large":"","large":"","xl":"","xxl":"","xxxl":"","xxxxl":"","xxxxxl":"","1536x1536":"","2048x2048":""},"post_excerpt_stackable_v2":"<p>Cu\u00eddate en casa #Cu\u00eddateEnCasa Mantener la&nbsp;salud f\u00edsica, psicol\u00f3gica y social&nbsp;requiere del aprendizaje y la adquisici\u00f3n de h\u00e1bitos y habilidades de cuidado de nuestro cuerpo, nuestras emociones y nuestro entorno que determinar\u00e1n gran parte de nuestra capacidad para la adquisici\u00f3n y mantenimiento del bienestar integral en la etapa adulta. Los profesionales de Ribera Salud, conscientes de la importancia de promover acciones que contribuyan a&nbsp;garantizar el cuidado y bienestar de nuestros pacientes y sus familias. Incluso sin necesidad de moverse de casa, ponemos a tu disposici\u00f3n un conjunto de actividades formativas e informativas que tienen el objetivo de maximizar el potencial de&nbsp;salud&hellip;<\/p>\n","category_list_v2":"","author_info_v2":{"name":"jorge@quois.com","url":"https:\/\/riberasalud.com\/rsc\/author\/jorgequois-com\/"},"comments_num_v2":"0 comentarios","yoast_head":"<!-- This site is optimized with the Yoast SEO plugin v26.6 - https:\/\/yoast.com\/wordpress\/plugins\/seo\/ -->\n<title>Cu\u00eddate en casa - RSC Grupo sanitario Ribera<\/title>\n<meta name=\"robots\" content=\"index, follow, max-snippet:-1, max-image-preview:large, max-video-preview:-1\" \/>\n<link rel=\"canonical\" href=\"https:\/\/riberasalud.com\/rsc\/cuidate-en-casa-2\/\" \/>\n<meta property=\"og:locale\" content=\"es_ES\" \/>\n<meta property=\"og:type\" content=\"article\" \/>\n<meta property=\"og:title\" content=\"Cu\u00eddate en casa - RSC Grupo sanitario Ribera\" \/>\n<meta property=\"og:description\" content=\"Cu\u00eddate en casa BLOQUE 1 Desde tu centro BLOQUE 2 Tus peque\u00f1os h\u00e9roes BLOQUE 3 Mens sana in corpore sano BLOQUE 4 Fisioterapia en casa BLOQUE 5 Venciendo al c\u00e1ncer, juntos BLOQUE 6 Accidentes dom\u00e9sticos y primeros auxilios BLOQUE 7 Atenci\u00f3n integral a la mujer BLOQUE 8 Di\u00e1lisis, cu\u00eddate desde casa Ver m\u00e1s v\u00eddeos en ... Leer m\u00e1s\" \/>\n<meta property=\"og:url\" content=\"https:\/\/riberasalud.com\/rsc\/cuidate-en-casa-2\/\" \/>\n<meta property=\"og:site_name\" content=\"RSC Grupo sanitario Ribera\" \/>\n<meta property=\"article:modified_time\" content=\"2021-09-01T10:15:30+00:00\" \/>\n<meta name=\"twitter:card\" content=\"summary_large_image\" \/>\n<meta name=\"twitter:label1\" content=\"Tiempo de lectura\" \/>\n\t<meta name=\"twitter:data1\" content=\"1 minuto\" \/>\n<script type=\"application\/ld+json\" class=\"yoast-schema-graph\">{\"@context\":\"https:\/\/schema.org\",\"@graph\":[{\"@type\":\"WebPage\",\"@id\":\"https:\/\/riberasalud.com\/rsc\/cuidate-en-casa-2\/\",\"url\":\"https:\/\/riberasalud.com\/rsc\/cuidate-en-casa-2\/\",\"name\":\"Cu\u00eddate en casa - RSC Grupo sanitario Ribera\",\"isPartOf\":{\"@id\":\"https:\/\/riberasalud.com\/rsc\/#website\"},\"datePublished\":\"2021-05-07T09:15:33+00:00\",\"dateModified\":\"2021-09-01T10:15:30+00:00\",\"breadcrumb\":{\"@id\":\"https:\/\/riberasalud.com\/rsc\/cuidate-en-casa-2\/#breadcrumb\"},\"inLanguage\":\"es\",\"potentialAction\":[{\"@type\":\"ReadAction\",\"target\":[\"https:\/\/riberasalud.com\/rsc\/cuidate-en-casa-2\/\"]}]},{\"@type\":\"BreadcrumbList\",\"@id\":\"https:\/\/riberasalud.com\/rsc\/cuidate-en-casa-2\/#breadcrumb\",\"itemListElement\":[{\"@type\":\"ListItem\",\"position\":1,\"name\":\"Portada\",\"item\":\"https:\/\/riberasalud.com\/rsc\/\"},{\"@type\":\"ListItem\",\"position\":2,\"name\":\"Cu\u00eddate en casa\"}]},{\"@type\":\"WebSite\",\"@id\":\"https:\/\/riberasalud.com\/rsc\/#website\",\"url\":\"https:\/\/riberasalud.com\/rsc\/\",\"name\":\"RSC Grupo sanitario Ribera\",\"description\":\"\",\"publisher\":{\"@id\":\"https:\/\/riberasalud.com\/rsc\/#organization\"},\"potentialAction\":[{\"@type\":\"SearchAction\",\"target\":{\"@type\":\"EntryPoint\",\"urlTemplate\":\"https:\/\/riberasalud.com\/rsc\/?s={search_term_string}\"},\"query-input\":{\"@type\":\"PropertyValueSpecification\",\"valueRequired\":true,\"valueName\":\"search_term_string\"}}],\"inLanguage\":\"es\"},{\"@type\":\"Organization\",\"@id\":\"https:\/\/riberasalud.com\/rsc\/#organization\",\"name\":\"RSC Grupo sanitario Ribera\",\"url\":\"https:\/\/riberasalud.com\/rsc\/\",\"logo\":{\"@type\":\"ImageObject\",\"inLanguage\":\"es\",\"@id\":\"https:\/\/riberasalud.com\/rsc\/#\/schema\/logo\/image\/\",\"url\":\"https:\/\/riberasalud.com\/rsc\/wp-content\/uploads\/2021\/05\/cropped-Logotipo-Red.png\",\"contentUrl\":\"https:\/\/riberasalud.com\/rsc\/wp-content\/uploads\/2021\/05\/cropped-Logotipo-Red.png\",\"width\":500,\"height\":198,\"caption\":\"RSC Grupo sanitario Ribera\"},\"image\":{\"@id\":\"https:\/\/riberasalud.com\/rsc\/#\/schema\/logo\/image\/\"}}]}<\/script>\n<!-- \/ Yoast SEO plugin. -->","yoast_head_json":{"title":"Cu\u00eddate en casa - RSC Grupo sanitario Ribera","robots":{"index":"index","follow":"follow","max-snippet":"max-snippet:-1","max-image-preview":"max-image-preview:large","max-video-preview":"max-video-preview:-1"},"canonical":"https:\/\/riberasalud.com\/rsc\/cuidate-en-casa-2\/","og_locale":"es_ES","og_type":"article","og_title":"Cu\u00eddate en casa - RSC Grupo sanitario Ribera","og_description":"Cu\u00eddate en casa BLOQUE 1 Desde tu centro BLOQUE 2 Tus peque\u00f1os h\u00e9roes BLOQUE 3 Mens sana in corpore sano BLOQUE 4 Fisioterapia en casa BLOQUE 5 Venciendo al c\u00e1ncer, juntos BLOQUE 6 Accidentes dom\u00e9sticos y primeros auxilios BLOQUE 7 Atenci\u00f3n integral a la mujer BLOQUE 8 Di\u00e1lisis, cu\u00eddate desde casa Ver m\u00e1s v\u00eddeos en ... Leer m\u00e1s","og_url":"https:\/\/riberasalud.com\/rsc\/cuidate-en-casa-2\/","og_site_name":"RSC Grupo sanitario Ribera","article_modified_time":"2021-09-01T10:15:30+00:00","twitter_card":"summary_large_image","twitter_misc":{"Tiempo de lectura":"1 minuto"},"schema":{"@context":"https:\/\/schema.org","@graph":[{"@type":"WebPage","@id":"https:\/\/riberasalud.com\/rsc\/cuidate-en-casa-2\/","url":"https:\/\/riberasalud.com\/rsc\/cuidate-en-casa-2\/","name":"Cu\u00eddate en casa - RSC Grupo sanitario Ribera","isPartOf":{"@id":"https:\/\/riberasalud.com\/rsc\/#website"},"datePublished":"2021-05-07T09:15:33+00:00","dateModified":"2021-09-01T10:15:30+00:00","breadcrumb":{"@id":"https:\/\/riberasalud.com\/rsc\/cuidate-en-casa-2\/#breadcrumb"},"inLanguage":"es","potentialAction":[{"@type":"ReadAction","target":["https:\/\/riberasalud.com\/rsc\/cuidate-en-casa-2\/"]}]},{"@type":"BreadcrumbList","@id":"https:\/\/riberasalud.com\/rsc\/cuidate-en-casa-2\/#breadcrumb","itemListElement":[{"@type":"ListItem","position":1,"name":"Portada","item":"https:\/\/riberasalud.com\/rsc\/"},{"@type":"ListItem","position":2,"name":"Cu\u00eddate en casa"}]},{"@type":"WebSite","@id":"https:\/\/riberasalud.com\/rsc\/#website","url":"https:\/\/riberasalud.com\/rsc\/","name":"RSC Grupo sanitario Ribera","description":"","publisher":{"@id":"https:\/\/riberasalud.com\/rsc\/#organization"},"potentialAction":[{"@type":"SearchAction","target":{"@type":"EntryPoint","urlTemplate":"https:\/\/riberasalud.com\/rsc\/?s={search_term_string}"},"query-input":{"@type":"PropertyValueSpecification","valueRequired":true,"valueName":"search_term_string"}}],"inLanguage":"es"},{"@type":"Organization","@id":"https:\/\/riberasalud.com\/rsc\/#organization","name":"RSC Grupo sanitario Ribera","url":"https:\/\/riberasalud.com\/rsc\/","logo":{"@type":"ImageObject","inLanguage":"es","@id":"https:\/\/riberasalud.com\/rsc\/#\/schema\/logo\/image\/","url":"https:\/\/riberasalud.com\/rsc\/wp-content\/uploads\/2021\/05\/cropped-Logotipo-Red.png","contentUrl":"https:\/\/riberasalud.com\/rsc\/wp-content\/uploads\/2021\/05\/cropped-Logotipo-Red.png","width":500,"height":198,"caption":"RSC Grupo sanitario Ribera"},"image":{"@id":"https:\/\/riberasalud.com\/rsc\/#\/schema\/logo\/image\/"}}]}},"pbg_featured_image_src":{"full":false,"thumbnail":false,"medium":false,"medium_large":false,"large":false,"xl":false,"xxl":false,"xxxl":false,"xxxxl":false,"xxxxxl":false,"1536x1536":false,"2048x2048":false},"pbg_author_info":{"display_name":"jorge@quois.com","author_link":"https:\/\/riberasalud.com\/rsc\/author\/jorgequois-com\/","author_img":"<img alt='jorge@quois.com' src='https:\/\/secure.gravatar.com\/avatar\/bca8cccf11ce6757dcdec6ce293d120c16d33c83aeb423357cce3f49f3abae94?s=128&#038;d=mm&#038;r=g' srcset='https:\/\/secure.gravatar.com\/avatar\/bca8cccf11ce6757dcdec6ce293d120c16d33c83aeb423357cce3f49f3abae94?s=256&#038;d=mm&#038;r=g 2x' class='avatar avatar-128 photo' height='128' width='128' loading='lazy' decoding='async'\/>"},"pbg_comment_info":" No Comments","pbg_excerpt":"Cu\u00eddate en casa BLOQUE 1 Desde tu centro BLOQUE 2 Tus peque\u00f1os h\u00e9roes BLOQUE 3 Mens sana in corpore sano BLOQUE 4 Fisioterapia en casa BLOQUE 5 Venciendo al c\u00e1ncer, juntos BLOQUE 6 Accidentes dom\u00e9sticos y primeros auxilios BLOQUE 7 Atenci\u00f3n integral a la mujer BLOQUE 8 Di\u00e1lisis, cu\u00eddate desde casa Ver m\u00e1s v\u00eddeos en&hellip;","uagb_featured_image_src":{"full":false,"thumbnail":false,"medium":false,"medium_large":false,"large":false,"xl":false,"xxl":false,"xxxl":false,"xxxxl":false,"xxxxxl":false,"1536x1536":false,"2048x2048":false},"uagb_author_info":{"display_name":"jorge@quois.com","author_link":"https:\/\/riberasalud.com\/rsc\/author\/jorgequois-com\/"},"uagb_comment_info":0,"uagb_excerpt":"Cu\u00eddate en casa BLOQUE 1 Desde tu centro BLOQUE 2 Tus peque\u00f1os h\u00e9roes BLOQUE 3 Mens sana in corpore sano BLOQUE 4 Fisioterapia en casa BLOQUE 5 Venciendo al c\u00e1ncer, juntos BLOQUE 6 Accidentes dom\u00e9sticos y primeros auxilios BLOQUE 7 Atenci\u00f3n integral a la mujer BLOQUE 8 Di\u00e1lisis, cu\u00eddate desde casa Ver m\u00e1s v\u00eddeos en&hellip;","coauthors":[],"author_meta":{"author_link":"https:\/\/riberasalud.com\/rsc\/author\/jorgequois-com\/","display_name":"jorge@quois.com"},"relative_dates":{"created":"Publicado 5 a\u00f1os hace","modified":"Actualizado 5 a\u00f1os hace"},"absolute_dates":{"created":"Publicado el 7 de mayo de 2021","modified":"Actualizado el 1 de septiembre de 2021"},"absolute_dates_time":{"created":"Publicado el 7 de mayo de 2021 09:15","modified":"Actualizado el 1 de septiembre de 2021 10:15"},"featured_img_caption":"","featured_img":false,"series_order":"","_links":{"self":[{"href":"https:\/\/riberasalud.com\/rsc\/wp-json\/wp\/v2\/pages\/38","targetHints":{"allow":["GET"]}}],"collection":[{"href":"https:\/\/riberasalud.com\/rsc\/wp-json\/wp\/v2\/pages"}],"about":[{"href":"https:\/\/riberasalud.com\/rsc\/wp-json\/wp\/v2\/types\/page"}],"author":[{"embeddable":true,"href":"https:\/\/riberasalud.com\/rsc\/wp-json\/wp\/v2\/users\/1"}],"replies":[{"embeddable":true,"href":"https:\/\/riberasalud.com\/rsc\/wp-json\/wp\/v2\/comments?post=38"}],"version-history":[{"count":10,"href":"https:\/\/riberasalud.com\/rsc\/wp-json\/wp\/v2\/pages\/38\/revisions"}],"predecessor-version":[{"id":415,"href":"https:\/\/riberasalud.com\/rsc\/wp-json\/wp\/v2\/pages\/38\/revisions\/415"}],"wp:attachment":[{"href":"https:\/\/riberasalud.com\/rsc\/wp-json\/wp\/v2\/media?parent=38"}],"curies":[{"name":"wp","href":"https:\/\/api.w.org\/{rel}","templated":true}]}}