{"id":1061,"date":"2022-07-07T12:09:52","date_gmt":"2022-07-07T12:09:52","guid":{"rendered":"https:\/\/riberasalud.com\/rsc\/?page_id=1061"},"modified":"2024-11-11T15:01:57","modified_gmt":"2024-11-11T15:01:57","slug":"yosalud","status":"publish","type":"page","link":"https:\/\/riberasalud.com\/rsc\/yosalud\/","title":{"rendered":"YoSalud"},"content":{"rendered":"\n<div id=\"yosalud\" class=\"wp-block-group\"><div class=\"wp-block-group__inner-container is-layout-flow wp-block-group-is-layout-flow\">\n<div class=\"wp-block-columns is-layout-flex wp-container-core-columns-is-layout-9d6595d7 wp-block-columns-is-layout-flex\">\n<div class=\"wp-block-column is-layout-flow wp-block-column-is-layout-flow\">\n<div class=\"wp-block-image\"><figure class=\"aligncenter size-large is-resized\"><img loading=\"lazy\" decoding=\"async\" src=\"https:\/\/riberasalud.com\/rsc\/wp-content\/uploads\/2022\/07\/movil-yosalud-vinilo-1-472x1024.jpg\" alt=\"\" class=\"wp-image-1064\" width=\"235\" height=\"509\" srcset=\"https:\/\/riberasalud.com\/rsc\/wp-content\/uploads\/2022\/07\/movil-yosalud-vinilo-1-472x1024.jpg 472w, https:\/\/riberasalud.com\/rsc\/wp-content\/uploads\/2022\/07\/movil-yosalud-vinilo-1-138x300.jpg 138w, https:\/\/riberasalud.com\/rsc\/wp-content\/uploads\/2022\/07\/movil-yosalud-vinilo-1-768x1668.jpg 768w, https:\/\/riberasalud.com\/rsc\/wp-content\/uploads\/2022\/07\/movil-yosalud-vinilo-1-1600x3474.jpg 1600w, https:\/\/riberasalud.com\/rsc\/wp-content\/uploads\/2022\/07\/movil-yosalud-vinilo-1-scaled.jpg 1179w\" sizes=\"auto, (max-width: 235px) 100vw, 235px\" \/><\/figure><\/div>\n<\/div>\n\n\n\n<div class=\"wp-block-column is-layout-flow wp-block-column-is-layout-flow\">\n<p style=\"font-size:30px\"><span style=\"color: #a4d0f1;\" class=\"stk-highlight\"><strong>\u00bf<\/strong>Qu\u00e9 es <strong>YOsalud?<\/strong><\/span><\/p>\n\n\n\n<p>YOsalud es el espacio online de salud de los pacientes del grupo Ribera. Tu espacio<br>privado y confidencial donde acceder de forma f\u00e1cil y c\u00f3moda a toda la informaci\u00f3n<br>relacionada con tu salud y bienestar personal<\/p>\n\n\n\n<p style=\"font-size:30px\"><span style=\"color: #a4d0f1;\" class=\"stk-highlight\"><strong>\u00bf<\/strong>Qu\u00e9 funcionalidades ofrece <strong>YOsalud?<\/strong><\/span><\/p>\n\n\n\n<ul class=\"listayosalud wp-block-list\"><li>Chatear con profesionales sanitarios<\/li><li>Acceder a resultados de anal\u00edticas y otras pruebas<\/li><li>Ver tus radiograf\u00edas<\/li><li>Descargar tus informes cl\u00ednicos<\/li><li>Adjuntar documentos a tu historia cl\u00ednica<\/li><li>Conocer el resultado de tus citolog\u00edas<\/li><li>Hacer seguimiento de tus procesos cr\u00f3nicos<\/li><li>Gestionar tus citas<\/li><li>Descargar justificantes de citas<\/li><li>Acceder a recomendaciones sobre salud<\/li><\/ul>\n\n\n\n<p>* Algunas funciones pueden no estar disponibles en algunos centros<\/p>\n<\/div>\n<\/div>\n<\/div><\/div>\n\n\n\n<div class=\"wp-block-group hasbackgroundmio\"><div class=\"wp-block-group__inner-container is-layout-flow wp-block-group-is-layout-flow\">\n<div class=\"wp-block-columns is-layout-flex wp-container-core-columns-is-layout-9d6595d7 wp-block-columns-is-layout-flex\">\n<div class=\"wp-block-column is-layout-flow wp-block-column-is-layout-flow\">\n<figure class=\"wp-block-image size-large fotoredonda\"><img loading=\"lazy\" decoding=\"async\" width=\"1024\" height=\"739\" src=\"https:\/\/riberasalud.com\/rsc\/wp-content\/uploads\/2022\/07\/movil_chica2-1024x739.jpg\" alt=\"\" class=\"wp-image-1076\" srcset=\"https:\/\/riberasalud.com\/rsc\/wp-content\/uploads\/2022\/07\/movil_chica2-1024x739.jpg 1024w, https:\/\/riberasalud.com\/rsc\/wp-content\/uploads\/2022\/07\/movil_chica2-300x217.jpg 300w, https:\/\/riberasalud.com\/rsc\/wp-content\/uploads\/2022\/07\/movil_chica2-768x554.jpg 768w, https:\/\/riberasalud.com\/rsc\/wp-content\/uploads\/2022\/07\/movil_chica2.jpg 1200w\" sizes=\"auto, (max-width: 1024px) 100vw, 1024px\" \/><\/figure>\n<\/div>\n\n\n\n<div class=\"wp-block-column is-layout-flow wp-block-column-is-layout-flow\">\n<p style=\"font-size:30px\">\u00bfComo acceder a <strong>YOSalud?<\/strong><\/p>\n\n\n\n<p style=\"font-size:22px\">Descarga la aplicaci\u00f3n y reg\u00edstrate<\/p>\n\n\n\n<div class=\"wp-block-columns is-layout-flex wp-container-core-columns-is-layout-9d6595d7 wp-block-columns-is-layout-flex\">\n<div class=\"wp-block-column is-layout-flow wp-block-column-is-layout-flow\">\n<figure class=\"wp-block-image size-full\"><a href=\"https:\/\/apps.apple.com\/es\/app\/yo-salud\/id1304343787\" target=\"_blank\" rel=\"noopener\"><img loading=\"lazy\" decoding=\"async\" width=\"250\" height=\"100\" src=\"https:\/\/riberasalud.com\/rsc\/wp-content\/uploads\/2022\/07\/apps_Mesa-de-trabajo-1-copia.jpg\" alt=\"\" class=\"wp-image-1083\"\/><\/a><\/figure>\n<\/div>\n\n\n\n<div class=\"wp-block-column is-layout-flow wp-block-column-is-layout-flow\">\n<figure class=\"wp-block-image size-full\"><a href=\"https:\/\/play.google.com\/store\/apps\/details?id=com.corecitizenmobile.android\" target=\"_blank\" rel=\"noopener\"><img loading=\"lazy\" decoding=\"async\" width=\"250\" height=\"100\" src=\"https:\/\/riberasalud.com\/rsc\/wp-content\/uploads\/2022\/07\/apps_Mesa-de-trabajo-1.jpg\" alt=\"\" class=\"wp-image-1084\"\/><\/a><\/figure>\n<\/div>\n\n\n\n<div class=\"wp-block-column is-layout-flow wp-block-column-is-layout-flow\"><\/div>\n<\/div>\n\n\n\n<p>O accede a trav\u00e9s de la p\u00e1gina web de tu centro sanitario Ribera:<\/p>\n\n\n\n<div class=\"wp-block-stackable-button-group stk-block-button-group stk-block stk-faca857\" data-block-id=\"faca857\"><div class=\"stk-row stk-inner-blocks has-text-align-left stk-block-content stk-button-group\">\n<div class=\"wp-block-stackable-button stk-block-button stk-block stk-579c8a3\" data-block-id=\"579c8a3\"><a class=\"stk-link stk-button stk--hover-effect-lift\" href=\"https:\/\/extranetsalud.vinaloposalud.com\/Account\/Login?ReturnUrl=%2f\" target=\"_blank\" rel=\"noreferrer noopener\"><span class=\"has-text-color stk-button__inner-text\">Vinalop\u00f3<\/span><\/a><\/div>\n\n\n\n<div class=\"wp-block-stackable-button stk-block-button stk-block stk-0e4bf10\" data-block-id=\"0e4bf10\"><a class=\"stk-link stk-button stk--hover-effect-lift\" href=\"https:\/\/extranetsalud.torrejonsalud.com\/RegistroUsuario\/Index\" target=\"_blank\" rel=\"noreferrer noopener\"><span class=\"has-text-color stk-button__inner-text\">Torrej\u00f3n<\/span><\/a><\/div>\n<\/div><\/div>\n<\/div>\n<\/div>\n<\/div><\/div>\n\n\n\n<div class=\"wp-block-group\"><div class=\"wp-block-group__inner-container is-layout-flow wp-block-group-is-layout-flow\">\n<div class=\"wp-block-columns is-layout-flex wp-container-core-columns-is-layout-9d6595d7 wp-block-columns-is-layout-flex\">\n<div class=\"wp-block-column is-layout-flow wp-block-column-is-layout-flow\">\n<p style=\"font-size:30px\"><span style=\"color: #a4d0f1;\" class=\"stk-highlight\">\u00bfC\u00f3mo puede ayudarte <strong>YOsalud?<\/strong><\/span><\/p>\n\n\n\n<p>Las posibilidades de comunicaci\u00f3n con los profesionales sanitarios son infinitas. Ahora puedes gestionar tu salud sin necesidad de moverte de casa para ir a tu hospital o centro de atenci\u00f3n primaria.<\/p>\n<\/div>\n\n\n\n<div class=\"wp-block-column is-layout-flow wp-block-column-is-layout-flow\">\n<p style=\"font-size:30px\"><span style=\"color: #a4d0f1;\" class=\"stk-highlight\">\u00bfEs sencillo el registro en <strong>YOsalud?<\/strong><\/span><\/p>\n\n\n\n<p>\u00a1No necesitar\u00e1s m\u00e1s de tres minutos! Introduce tus datos personales, los verificaremos en nuestra base de datos y, si son correctos, te enviaremos una contrase\u00f1a a tu m\u00f3vil con la que podr\u00e1s acceder. Por supuesto, con la garant\u00eda de total confidencialidad.<\/p>\n<\/div>\n<\/div>\n<\/div><\/div>\n<style class=\"advgb-styles-renderer\">.stk-faca857{max-width:1500px !important;min-width:auto !important;padding-top:10px !important;padding-right:10px !important;padding-bottom:10px !important;padding-left:10px !important}.stk-faca857 .stk-inner-blocks{row-gap:0px !important}.stk-579c8a3,.stk-579c8a3 .stk-button{width:100% !important}.stk-579c8a3 .stk-button{background:transparent !important}.stk-579c8a3 .stk-button{border-radius:30px !important;overflow:hidden !important}.stk-579c8a3 .stk-button:before{border-style:solid !important;border-top-width:1px !important;border-right-width:1px !important;border-bottom-width:1px !important;border-left-width:1px !important}.stk-579c8a3 .stk-button__inner-text{color:#d71029 !important}.stk-0e4bf10,.stk-0e4bf10 .stk-button{width:100% !important}.stk-0e4bf10 .stk-button{background:transparent !important}.stk-0e4bf10 .stk-button{border-radius:30px !important;overflow:hidden !important}.stk-0e4bf10 .stk-button:before{border-style:solid !important;border-top-width:1px !important;border-right-width:1px !important;border-bottom-width:1px !important;border-left-width:1px !important}.stk-0e4bf10 .stk-button__inner-text{color:#d71029 !important}<\/style>","protected":false},"excerpt":{"rendered":"<p>\u00bfQu\u00e9 es YOsalud? YOsalud es el espacio online de salud de los pacientes del grupo Ribera. Tu espacioprivado y confidencial donde acceder de forma f\u00e1cil y c\u00f3moda a toda la informaci\u00f3nrelacionada con tu salud y bienestar personal \u00bfQu\u00e9 funcionalidades ofrece YOsalud? Chatear con profesionales sanitarios Acceder a resultados de anal\u00edticas y otras pruebas Ver tus &#8230; <a title=\"YoSalud\" class=\"read-more\" href=\"https:\/\/riberasalud.com\/rsc\/yosalud\/\" aria-label=\"Leer m\u00e1s sobre YoSalud\">Leer m\u00e1s<\/a><\/p>\n","protected":false},"author":1,"featured_media":0,"parent":0,"menu_order":0,"comment_status":"closed","ping_status":"closed","template":"","meta":{"_editorskit_title_hidden":false,"_editorskit_reading_time":1,"_editorskit_is_block_options_detached":false,"_editorskit_block_options_position":"{}","_coblocks_attr":"","_coblocks_dimensions":"","_coblocks_responsive_height":"","_coblocks_accordion_ie_support":"","_uag_custom_page_level_css":"","advgb_blocks_editor_width":"","advgb_blocks_columns_visual_guide":"","_monsterinsights_skip_tracking":false,"_monsterinsights_sitenote_active":false,"_monsterinsights_sitenote_note":"","_monsterinsights_sitenote_category":0,"footnotes":""},"class_list":["post-1061","page","type-page","status-publish"],"featured_image_urls_v2":{"full":"","thumbnail":"","medium":"","medium_large":"","large":"","xl":"","xxl":"","xxxl":"","xxxxl":"","xxxxxl":"","1536x1536":"","2048x2048":""},"post_excerpt_stackable_v2":"<p>\u00bfQu\u00e9 es YOsalud? YOsalud es el espacio online de salud de los pacientes del grupo Ribera. Tu espacioprivado y confidencial donde acceder de forma f\u00e1cil y c\u00f3moda a toda la informaci\u00f3nrelacionada con tu salud y bienestar personal \u00bfQu\u00e9 funcionalidades ofrece YOsalud? Chatear con profesionales sanitariosAcceder a resultados de anal\u00edticas y otras pruebasVer tus radiograf\u00edasDescargar tus informes cl\u00ednicosAdjuntar documentos a tu historia cl\u00ednicaConocer el resultado de tus citolog\u00edasHacer seguimiento de tus procesos cr\u00f3nicosGestionar tus citasDescargar justificantes de citasAcceder a recomendaciones sobre salud * Algunas funciones pueden no estar disponibles en algunos centros \u00bfComo acceder a YOSalud? Descarga la aplicaci\u00f3n y reg\u00edstrate&hellip;<\/p>\n","category_list_v2":"","author_info_v2":{"name":"jorge@quois.com","url":"https:\/\/riberasalud.com\/rsc\/author\/jorgequois-com\/"},"comments_num_v2":"0 comentarios","yoast_head":"<!-- This site is optimized with the Yoast SEO plugin v26.6 - https:\/\/yoast.com\/wordpress\/plugins\/seo\/ -->\n<title>YoSalud - RSC Grupo sanitario Ribera<\/title>\n<meta name=\"robots\" content=\"index, follow, max-snippet:-1, max-image-preview:large, max-video-preview:-1\" \/>\n<link rel=\"canonical\" href=\"https:\/\/riberasalud.com\/rsc\/yosalud\/\" \/>\n<meta property=\"og:locale\" content=\"es_ES\" \/>\n<meta property=\"og:type\" content=\"article\" \/>\n<meta property=\"og:title\" content=\"YoSalud - RSC Grupo sanitario Ribera\" \/>\n<meta property=\"og:description\" content=\"\u00bfQu\u00e9 es YOsalud? YOsalud es el espacio online de salud de los pacientes del grupo Ribera. Tu espacioprivado y confidencial donde acceder de forma f\u00e1cil y c\u00f3moda a toda la informaci\u00f3nrelacionada con tu salud y bienestar personal \u00bfQu\u00e9 funcionalidades ofrece YOsalud? Chatear con profesionales sanitarios Acceder a resultados de anal\u00edticas y otras pruebas Ver tus ... Leer m\u00e1s\" \/>\n<meta property=\"og:url\" content=\"https:\/\/riberasalud.com\/rsc\/yosalud\/\" \/>\n<meta property=\"og:site_name\" content=\"RSC Grupo sanitario Ribera\" \/>\n<meta property=\"article:modified_time\" content=\"2024-11-11T15:01:57+00:00\" \/>\n<meta property=\"og:image\" content=\"https:\/\/riberasalud.com\/rsc\/wp-content\/uploads\/2022\/07\/movil-yosalud-vinilo-1-472x1024.jpg\" \/>\n<meta name=\"twitter:card\" content=\"summary_large_image\" \/>\n<meta name=\"twitter:label1\" content=\"Tiempo de lectura\" \/>\n\t<meta name=\"twitter:data1\" content=\"2 minutos\" \/>\n<script type=\"application\/ld+json\" class=\"yoast-schema-graph\">{\"@context\":\"https:\/\/schema.org\",\"@graph\":[{\"@type\":\"WebPage\",\"@id\":\"https:\/\/riberasalud.com\/rsc\/yosalud\/\",\"url\":\"https:\/\/riberasalud.com\/rsc\/yosalud\/\",\"name\":\"YoSalud - RSC Grupo sanitario Ribera\",\"isPartOf\":{\"@id\":\"https:\/\/riberasalud.com\/rsc\/#website\"},\"primaryImageOfPage\":{\"@id\":\"https:\/\/riberasalud.com\/rsc\/yosalud\/#primaryimage\"},\"image\":{\"@id\":\"https:\/\/riberasalud.com\/rsc\/yosalud\/#primaryimage\"},\"thumbnailUrl\":\"https:\/\/riberasalud.com\/rsc\/wp-content\/uploads\/2022\/07\/movil-yosalud-vinilo-1-472x1024.jpg\",\"datePublished\":\"2022-07-07T12:09:52+00:00\",\"dateModified\":\"2024-11-11T15:01:57+00:00\",\"breadcrumb\":{\"@id\":\"https:\/\/riberasalud.com\/rsc\/yosalud\/#breadcrumb\"},\"inLanguage\":\"es\",\"potentialAction\":[{\"@type\":\"ReadAction\",\"target\":[\"https:\/\/riberasalud.com\/rsc\/yosalud\/\"]}]},{\"@type\":\"ImageObject\",\"inLanguage\":\"es\",\"@id\":\"https:\/\/riberasalud.com\/rsc\/yosalud\/#primaryimage\",\"url\":\"https:\/\/riberasalud.com\/rsc\/wp-content\/uploads\/2022\/07\/movil-yosalud-vinilo-1-scaled.jpg\",\"contentUrl\":\"https:\/\/riberasalud.com\/rsc\/wp-content\/uploads\/2022\/07\/movil-yosalud-vinilo-1-scaled.jpg\",\"width\":1179,\"height\":2560},{\"@type\":\"BreadcrumbList\",\"@id\":\"https:\/\/riberasalud.com\/rsc\/yosalud\/#breadcrumb\",\"itemListElement\":[{\"@type\":\"ListItem\",\"position\":1,\"name\":\"Portada\",\"item\":\"https:\/\/riberasalud.com\/rsc\/\"},{\"@type\":\"ListItem\",\"position\":2,\"name\":\"YoSalud\"}]},{\"@type\":\"WebSite\",\"@id\":\"https:\/\/riberasalud.com\/rsc\/#website\",\"url\":\"https:\/\/riberasalud.com\/rsc\/\",\"name\":\"RSC Grupo sanitario Ribera\",\"description\":\"\",\"publisher\":{\"@id\":\"https:\/\/riberasalud.com\/rsc\/#organization\"},\"potentialAction\":[{\"@type\":\"SearchAction\",\"target\":{\"@type\":\"EntryPoint\",\"urlTemplate\":\"https:\/\/riberasalud.com\/rsc\/?s={search_term_string}\"},\"query-input\":{\"@type\":\"PropertyValueSpecification\",\"valueRequired\":true,\"valueName\":\"search_term_string\"}}],\"inLanguage\":\"es\"},{\"@type\":\"Organization\",\"@id\":\"https:\/\/riberasalud.com\/rsc\/#organization\",\"name\":\"RSC Grupo sanitario Ribera\",\"url\":\"https:\/\/riberasalud.com\/rsc\/\",\"logo\":{\"@type\":\"ImageObject\",\"inLanguage\":\"es\",\"@id\":\"https:\/\/riberasalud.com\/rsc\/#\/schema\/logo\/image\/\",\"url\":\"https:\/\/riberasalud.com\/rsc\/wp-content\/uploads\/2021\/05\/cropped-Logotipo-Red.png\",\"contentUrl\":\"https:\/\/riberasalud.com\/rsc\/wp-content\/uploads\/2021\/05\/cropped-Logotipo-Red.png\",\"width\":500,\"height\":198,\"caption\":\"RSC Grupo sanitario Ribera\"},\"image\":{\"@id\":\"https:\/\/riberasalud.com\/rsc\/#\/schema\/logo\/image\/\"}}]}<\/script>\n<!-- \/ Yoast SEO plugin. -->","yoast_head_json":{"title":"YoSalud - RSC Grupo sanitario Ribera","robots":{"index":"index","follow":"follow","max-snippet":"max-snippet:-1","max-image-preview":"max-image-preview:large","max-video-preview":"max-video-preview:-1"},"canonical":"https:\/\/riberasalud.com\/rsc\/yosalud\/","og_locale":"es_ES","og_type":"article","og_title":"YoSalud - RSC Grupo sanitario Ribera","og_description":"\u00bfQu\u00e9 es YOsalud? YOsalud es el espacio online de salud de los pacientes del grupo Ribera. Tu espacioprivado y confidencial donde acceder de forma f\u00e1cil y c\u00f3moda a toda la informaci\u00f3nrelacionada con tu salud y bienestar personal \u00bfQu\u00e9 funcionalidades ofrece YOsalud? Chatear con profesionales sanitarios Acceder a resultados de anal\u00edticas y otras pruebas Ver tus ... Leer m\u00e1s","og_url":"https:\/\/riberasalud.com\/rsc\/yosalud\/","og_site_name":"RSC Grupo sanitario Ribera","article_modified_time":"2024-11-11T15:01:57+00:00","og_image":[{"url":"https:\/\/riberasalud.com\/rsc\/wp-content\/uploads\/2022\/07\/movil-yosalud-vinilo-1-472x1024.jpg","type":"","width":"","height":""}],"twitter_card":"summary_large_image","twitter_misc":{"Tiempo de lectura":"2 minutos"},"schema":{"@context":"https:\/\/schema.org","@graph":[{"@type":"WebPage","@id":"https:\/\/riberasalud.com\/rsc\/yosalud\/","url":"https:\/\/riberasalud.com\/rsc\/yosalud\/","name":"YoSalud - RSC Grupo sanitario Ribera","isPartOf":{"@id":"https:\/\/riberasalud.com\/rsc\/#website"},"primaryImageOfPage":{"@id":"https:\/\/riberasalud.com\/rsc\/yosalud\/#primaryimage"},"image":{"@id":"https:\/\/riberasalud.com\/rsc\/yosalud\/#primaryimage"},"thumbnailUrl":"https:\/\/riberasalud.com\/rsc\/wp-content\/uploads\/2022\/07\/movil-yosalud-vinilo-1-472x1024.jpg","datePublished":"2022-07-07T12:09:52+00:00","dateModified":"2024-11-11T15:01:57+00:00","breadcrumb":{"@id":"https:\/\/riberasalud.com\/rsc\/yosalud\/#breadcrumb"},"inLanguage":"es","potentialAction":[{"@type":"ReadAction","target":["https:\/\/riberasalud.com\/rsc\/yosalud\/"]}]},{"@type":"ImageObject","inLanguage":"es","@id":"https:\/\/riberasalud.com\/rsc\/yosalud\/#primaryimage","url":"https:\/\/riberasalud.com\/rsc\/wp-content\/uploads\/2022\/07\/movil-yosalud-vinilo-1-scaled.jpg","contentUrl":"https:\/\/riberasalud.com\/rsc\/wp-content\/uploads\/2022\/07\/movil-yosalud-vinilo-1-scaled.jpg","width":1179,"height":2560},{"@type":"BreadcrumbList","@id":"https:\/\/riberasalud.com\/rsc\/yosalud\/#breadcrumb","itemListElement":[{"@type":"ListItem","position":1,"name":"Portada","item":"https:\/\/riberasalud.com\/rsc\/"},{"@type":"ListItem","position":2,"name":"YoSalud"}]},{"@type":"WebSite","@id":"https:\/\/riberasalud.com\/rsc\/#website","url":"https:\/\/riberasalud.com\/rsc\/","name":"RSC Grupo sanitario Ribera","description":"","publisher":{"@id":"https:\/\/riberasalud.com\/rsc\/#organization"},"potentialAction":[{"@type":"SearchAction","target":{"@type":"EntryPoint","urlTemplate":"https:\/\/riberasalud.com\/rsc\/?s={search_term_string}"},"query-input":{"@type":"PropertyValueSpecification","valueRequired":true,"valueName":"search_term_string"}}],"inLanguage":"es"},{"@type":"Organization","@id":"https:\/\/riberasalud.com\/rsc\/#organization","name":"RSC Grupo sanitario Ribera","url":"https:\/\/riberasalud.com\/rsc\/","logo":{"@type":"ImageObject","inLanguage":"es","@id":"https:\/\/riberasalud.com\/rsc\/#\/schema\/logo\/image\/","url":"https:\/\/riberasalud.com\/rsc\/wp-content\/uploads\/2021\/05\/cropped-Logotipo-Red.png","contentUrl":"https:\/\/riberasalud.com\/rsc\/wp-content\/uploads\/2021\/05\/cropped-Logotipo-Red.png","width":500,"height":198,"caption":"RSC Grupo sanitario Ribera"},"image":{"@id":"https:\/\/riberasalud.com\/rsc\/#\/schema\/logo\/image\/"}}]}},"pbg_featured_image_src":{"full":false,"thumbnail":false,"medium":false,"medium_large":false,"large":false,"xl":false,"xxl":false,"xxxl":false,"xxxxl":false,"xxxxxl":false,"1536x1536":false,"2048x2048":false},"pbg_author_info":{"display_name":"jorge@quois.com","author_link":"https:\/\/riberasalud.com\/rsc\/author\/jorgequois-com\/","author_img":"<img alt='jorge@quois.com' src='https:\/\/secure.gravatar.com\/avatar\/bca8cccf11ce6757dcdec6ce293d120c16d33c83aeb423357cce3f49f3abae94?s=128&#038;d=mm&#038;r=g' srcset='https:\/\/secure.gravatar.com\/avatar\/bca8cccf11ce6757dcdec6ce293d120c16d33c83aeb423357cce3f49f3abae94?s=256&#038;d=mm&#038;r=g 2x' class='avatar avatar-128 photo' height='128' width='128' loading='lazy' decoding='async'\/>"},"pbg_comment_info":" No Comments","pbg_excerpt":"\u00bfQu\u00e9 es YOsalud? YOsalud es el espacio online de salud de los pacientes del grupo Ribera. Tu espacioprivado y confidencial donde acceder de forma f\u00e1cil y c\u00f3moda a toda la informaci\u00f3nrelacionada con tu salud y bienestar personal \u00bfQu\u00e9 funcionalidades ofrece YOsalud? Chatear con profesionales sanitarios Acceder a resultados de anal\u00edticas y otras pruebas Ver tus&hellip;","uagb_featured_image_src":{"full":false,"thumbnail":false,"medium":false,"medium_large":false,"large":false,"xl":false,"xxl":false,"xxxl":false,"xxxxl":false,"xxxxxl":false,"1536x1536":false,"2048x2048":false},"uagb_author_info":{"display_name":"jorge@quois.com","author_link":"https:\/\/riberasalud.com\/rsc\/author\/jorgequois-com\/"},"uagb_comment_info":0,"uagb_excerpt":"\u00bfQu\u00e9 es YOsalud? YOsalud es el espacio online de salud de los pacientes del grupo Ribera. Tu espacioprivado y confidencial donde acceder de forma f\u00e1cil y c\u00f3moda a toda la informaci\u00f3nrelacionada con tu salud y bienestar personal \u00bfQu\u00e9 funcionalidades ofrece YOsalud? Chatear con profesionales sanitarios Acceder a resultados de anal\u00edticas y otras pruebas Ver tus&hellip;","coauthors":[],"author_meta":{"author_link":"https:\/\/riberasalud.com\/rsc\/author\/jorgequois-com\/","display_name":"jorge@quois.com"},"relative_dates":{"created":"Publicado 4 a\u00f1os hace","modified":"Actualizado 1 a\u00f1o hace"},"absolute_dates":{"created":"Publicado el 7 de julio de 2022","modified":"Actualizado el 11 de noviembre de 2024"},"absolute_dates_time":{"created":"Publicado el 7 de julio de 2022 12:09","modified":"Actualizado el 11 de noviembre de 2024 15:01"},"featured_img_caption":"","featured_img":false,"series_order":"","_links":{"self":[{"href":"https:\/\/riberasalud.com\/rsc\/wp-json\/wp\/v2\/pages\/1061","targetHints":{"allow":["GET"]}}],"collection":[{"href":"https:\/\/riberasalud.com\/rsc\/wp-json\/wp\/v2\/pages"}],"about":[{"href":"https:\/\/riberasalud.com\/rsc\/wp-json\/wp\/v2\/types\/page"}],"author":[{"embeddable":true,"href":"https:\/\/riberasalud.com\/rsc\/wp-json\/wp\/v2\/users\/1"}],"replies":[{"embeddable":true,"href":"https:\/\/riberasalud.com\/rsc\/wp-json\/wp\/v2\/comments?post=1061"}],"version-history":[{"count":28,"href":"https:\/\/riberasalud.com\/rsc\/wp-json\/wp\/v2\/pages\/1061\/revisions"}],"predecessor-version":[{"id":4209,"href":"https:\/\/riberasalud.com\/rsc\/wp-json\/wp\/v2\/pages\/1061\/revisions\/4209"}],"wp:attachment":[{"href":"https:\/\/riberasalud.com\/rsc\/wp-json\/wp\/v2\/media?parent=1061"}],"curies":[{"name":"wp","href":"https:\/\/api.w.org\/{rel}","templated":true}]}}