{"id":3552,"date":"2026-04-23T16:00:16","date_gmt":"2026-04-23T15:00:16","guid":{"rendered":"https:\/\/riberasalud.com\/ribera-life\/?page_id=3552"},"modified":"2026-04-24T12:12:43","modified_gmt":"2026-04-24T11:12:43","slug":"bases-legales","status":"publish","type":"page","link":"https:\/\/riberasalud.com\/ribera-life\/bases-legales\/","title":{"rendered":"BASES DE PARTICIPACI\u00d3N RIBERA LIFE"},"content":{"rendered":"\t\t<div data-elementor-type=\"wp-page\" data-elementor-id=\"3552\" class=\"elementor elementor-3552\">\n\t\t\t\t\t\t<section class=\"elementor-section elementor-top-section elementor-element elementor-element-bc09b33 elementor-section-boxed elementor-section-height-default elementor-section-height-default\" data-id=\"bc09b33\" data-element_type=\"section\">\n\t\t\t\t\t\t<div class=\"elementor-container elementor-column-gap-default\">\n\t\t\t\t\t<div class=\"elementor-column elementor-col-100 elementor-top-column elementor-element elementor-element-d34e9c9\" data-id=\"d34e9c9\" data-element_type=\"column\">\n\t\t\t<div class=\"elementor-widget-wrap elementor-element-populated\">\n\t\t\t\t\t\t<div class=\"elementor-element elementor-element-c190535 elementor-widget elementor-widget-heading\" data-id=\"c190535\" data-element_type=\"widget\" data-widget_type=\"heading.default\">\n\t\t\t\t<div class=\"elementor-widget-container\">\n\t\t\t\t\t<h2 class=\"elementor-heading-title elementor-size-default\">bases de participaci\u00f3n TORNEO padel RIBERA LIFE 2026<\/h2>\t\t\t\t<\/div>\n\t\t\t\t<\/div>\n\t\t\t\t\t<\/div>\n\t\t<\/div>\n\t\t\t\t\t<\/div>\n\t\t<\/section>\n\t\t\t\t<section class=\"elementor-section elementor-top-section elementor-element elementor-element-4d43702a elementor-section-boxed elementor-section-height-default elementor-section-height-default\" data-id=\"4d43702a\" data-element_type=\"section\">\n\t\t\t\t\t\t<div class=\"elementor-container elementor-column-gap-default\">\n\t\t\t\t\t<div class=\"elementor-column elementor-col-100 elementor-top-column elementor-element elementor-element-46f3a715\" data-id=\"46f3a715\" data-element_type=\"column\">\n\t\t\t<div class=\"elementor-widget-wrap elementor-element-populated\">\n\t\t\t\t\t\t<div class=\"elementor-element elementor-element-4a4ecb5b elementor-widget elementor-widget-text-editor\" data-id=\"4a4ecb5b\" data-element_type=\"widget\" data-widget_type=\"text-editor.default\">\n\t\t\t\t<div class=\"elementor-widget-container\">\n\t\t\t\t\t\t\t\t\t<h2>PRIMERA: PARTICIPANTES<\/h2><p class=\"p1\"><span class=\"s1\">La participaci\u00f3n est\u00e1 abierta, exclusivamente, a profesionales del grupo sanitario Ribera. No podr\u00e1n participar en el torneo jugadores ajenos a la organizaci\u00f3n ni aquellos trabajadores que no se hayan inscrito formalmente a trav\u00e9s del formulario de la web:\u00a0<a href=\"http:\/\/www.riberasalud.com\/ribera-life\"><span class=\"s2\">riberasalud.com\/ribera-life<\/span><\/a><\/span><\/p><p class=\"p1\"><span class=\"s1\">En el formulario de inscripci\u00f3n no se contempla la participaci\u00f3n de un solo profesional. Es obligatoria la inscripci\u00f3n de la pareja en conjunto, siendo ambos trabajadores de la organizaci\u00f3n. Durante la competici\u00f3n los participantes podr\u00e1n ser requeridos para mostrar su DNI al personal de la organizaci\u00f3n para acreditar su condici\u00f3n como profesionales del grupo.<\/span><\/p><p class=\"p1\"><span class=\"s1\">Con dicha inscripci\u00f3n, los participantes autorizar\u00e1n el uso de im\u00e1genes tomadas durante el transcurso del torneo en las que pudieran aparecer y que se publicar\u00e1n en los canales de comunicaci\u00f3n del grupo.<\/span><\/p><h2>SEGUNDA: MODALIDADES<\/h2><p class=\"p1\"><span class=\"s1\">El torneo se convoca para parejas masculinas, femeninas o mixtas, estableci\u00e9ndose como requisito la inscripci\u00f3n de la pareja en conjunto.<\/span><\/p><p class=\"p1\"><span class=\"s1\">Habr\u00e1 tres categor\u00edas dependiendo del nivel de las parejas (nivel avanzado, intermedio y principiante). Para garantizar la igualdad de condiciones la organizaci\u00f3n se reservar\u00e1 el derecho a cambiar de categor\u00eda a las parejas si as\u00ed se determina, incluso una vez empezado el torneo.<\/span><\/p><p class=\"p1\"><span class=\"s1\">Para poder disputar los encuentros deber\u00e1n estar presentes los dos jugadores que integran el equipo. En caso contrario, quedar\u00e1n fuera del torneo.<\/span><\/p><p>TERCERA: ARBITRAJES<\/p><p class=\"p1\"><span class=\"s1\">Atendiendo a la filosof\u00eda de este torneo, los partidos no contar\u00e1n con \u00e1rbitro externo, por lo que las decisiones deportivas ser\u00e1n tomadas por la organizaci\u00f3n.<\/span><\/p><h2>CUARTA: COMUNICACI\u00d3N Y RESULTADOS<\/h2><p class=\"p1\"><span class=\"s1\">Toda la informaci\u00f3n relacionada con el torneo se ofrecer\u00e1 a trav\u00e9s de la web y los canales de comunicaci\u00f3n del grupo sanitario Ribera. Ante cualquier duda, los participantes pueden contactar con la organizaci\u00f3n a trav\u00e9s de este correo electr\u00f3nico: <\/span><span class=\"s1\"><a href=\"mailto:comunicacion@vinaloposalud.com\">comunicacion@vinaloposalud.com<\/a><\/span><\/p><h2>QUINTA: NORMAS DE CONVIVENCIA<\/h2><p class=\"p1\"><span class=\"s1\">Cualquier conducta violenta, injuriosa u ofensiva a un rival o compa\u00f1ero que tenga lugar en el desarrollo de un partido, conducir\u00e1 a la expulsi\u00f3n inmediata del equipo del torneo.<\/span><\/p><h2>SEXTA: DESARROLLO DE LOS PARTIDOS<\/h2><p class=\"p1\">El torneo se desarrollar\u00e1 \u00edntegramente en la sede de Elche.<\/p><ul><li>El torneo se dividir\u00e1 en dos fases: una fase previa, donde las parejas se dividir\u00e1n en grupos por sorteo; y posteriormente una fase final, donde llegar\u00e1n los mejores de cada grupo y en donde se disputar\u00e1n los partidos a eliminatoria directa para decidir finalmente los respectivos ganadores de cada categor\u00eda. <\/li><li>Todas las parejas tienen asegurado un m\u00ednimo de 3 partidas.<\/li><li>Los partidos se jugar\u00e1n por puntos, juegos o por tiempo, dependiendo del n\u00famero de parejas inscritas en cada sede.<\/li><li>Cada vez que se termine un partido, las dos parejas tendr\u00e1n que decir el resultado del partido a la persona identificada de la organizaci\u00f3n.<\/li><li>15 minutos antes de empezar, la organizaci\u00f3n explicar\u00e1 a todas las parejas el formato definitivo del torneo.<\/li><li>Se publicar\u00e1n los cuadros definitivos del torneo en papel y se colocar\u00e1n en la zona de las pistas donde se celebre el torneo.<\/li><li>Se ruega a todas las parejas estar presentes un m\u00ednimo de 15 minutos antes del inicio del torneo, as\u00ed como jugar con la camiseta oficial del torneo que se entregar\u00e1 el mismo d\u00eda del torneo.<\/li><li>Un jugador no podr\u00e1 apuntarse a m\u00e1s de una categor\u00eda, ni con m\u00e1s de una pareja. El motivo es que es posible que coincidan en ubicaci\u00f3n y hora los mismos partidos.<\/li><li>El jugador tiene que estar en activo en la empresa en la fecha del campeonato para poder participar en el mismo en ambas fases del torneo.<\/li><\/ul><h2>SEPTIMA: ENTREGA DE TROFEOS<\/h2><p class=\"p1\"><span class=\"s1\">La entrega de trofeos tendr\u00e1 lugar al finalizar cada uno de los torneos. <\/span><\/p><p class=\"p1\"><span class=\"s1\">En la fase preliminar habr\u00e1 un trofeo para los campeones y subcampeones de cada categor\u00eda. <\/span><\/p><p class=\"p1\"><span class=\"s1\">En la fase final, habr\u00e1 trofeo y premio para la pareja ganadora de cada categor\u00eda. <\/span><\/p><p class=\"p1\"><span class=\"s1\">Los gastos asociados al viaje a Valencia para disputar la final de aquellas parejas ganadoras de la fase previa ir\u00e1n a cuenta de la organizaci\u00f3n.<\/span><\/p>\t\t\t\t\t\t\t\t<\/div>\n\t\t\t\t<\/div>\n\t\t\t\t\t<\/div>\n\t\t<\/div>\n\t\t\t\t\t<\/div>\n\t\t<\/section>\n\t\t\t\t<\/div>\n\t\t","protected":false},"excerpt":{"rendered":"<p>bases de participaci\u00f3n TORNEO padel RIBERA LIFE 2026 PRIMERA: PARTICIPANTES La participaci\u00f3n est\u00e1 abierta, exclusivamente, a profesionales del grupo sanitario Ribera. No podr\u00e1n participar en el torneo jugadores ajenos a la organizaci\u00f3n ni aquellos trabajadores que no se hayan inscrito formalmente a trav\u00e9s del formulario de la web:\u00a0riberasalud.com\/ribera-life En el formulario de inscripci\u00f3n no se [&hellip;]<\/p>\n","protected":false},"author":2,"featured_media":0,"parent":0,"menu_order":0,"comment_status":"closed","ping_status":"closed","template":"","meta":{"footnotes":""},"class_list":["post-3552","page","type-page","status-publish","hentry"],"yoast_head":"<!-- This site is optimized with the Yoast SEO plugin v26.6 - https:\/\/yoast.com\/wordpress\/plugins\/seo\/ -->\n<title>BASES DE PARTICIPACI\u00d3N RIBERA LIFE - Bienvenidos a Ribera Life<\/title>\n<meta name=\"robots\" content=\"noindex, follow, max-snippet:-1, max-image-preview:large, max-video-preview:-1\" \/>\n<meta property=\"og:locale\" content=\"es_ES\" \/>\n<meta property=\"og:type\" content=\"article\" \/>\n<meta property=\"og:title\" content=\"BASES DE PARTICIPACI\u00d3N RIBERA LIFE - Bienvenidos a Ribera Life\" \/>\n<meta property=\"og:description\" content=\"bases de participaci\u00f3n TORNEO padel RIBERA LIFE 2026 PRIMERA: PARTICIPANTES La participaci\u00f3n est\u00e1 abierta, exclusivamente, a profesionales del grupo sanitario Ribera. No podr\u00e1n participar en el torneo jugadores ajenos a la organizaci\u00f3n ni aquellos trabajadores que no se hayan inscrito formalmente a trav\u00e9s del formulario de la web:\u00a0riberasalud.com\/ribera-life En el formulario de inscripci\u00f3n no se [&hellip;]\" \/>\n<meta property=\"og:url\" content=\"https:\/\/riberasalud.com\/ribera-life\/bases-legales\/\" \/>\n<meta property=\"og:site_name\" content=\"Bienvenidos a Ribera Life\" \/>\n<meta property=\"article:modified_time\" content=\"2026-04-24T11:12:43+00:00\" \/>\n<meta name=\"twitter:card\" content=\"summary_large_image\" \/>\n<meta name=\"twitter:label1\" content=\"Tiempo de lectura\" \/>\n\t<meta name=\"twitter:data1\" content=\"3 minutos\" \/>\n<script type=\"application\/ld+json\" class=\"yoast-schema-graph\">{\"@context\":\"https:\/\/schema.org\",\"@graph\":[{\"@type\":\"WebPage\",\"@id\":\"https:\/\/riberasalud.com\/ribera-life\/bases-legales\/\",\"url\":\"https:\/\/riberasalud.com\/ribera-life\/bases-legales\/\",\"name\":\"BASES DE PARTICIPACI\u00d3N RIBERA LIFE - Bienvenidos a Ribera Life\",\"isPartOf\":{\"@id\":\"https:\/\/riberasalud.com\/ribera-life\/#website\"},\"datePublished\":\"2026-04-23T15:00:16+00:00\",\"dateModified\":\"2026-04-24T11:12:43+00:00\",\"breadcrumb\":{\"@id\":\"https:\/\/riberasalud.com\/ribera-life\/bases-legales\/#breadcrumb\"},\"inLanguage\":\"es\",\"potentialAction\":[{\"@type\":\"ReadAction\",\"target\":[\"https:\/\/riberasalud.com\/ribera-life\/bases-legales\/\"]}]},{\"@type\":\"BreadcrumbList\",\"@id\":\"https:\/\/riberasalud.com\/ribera-life\/bases-legales\/#breadcrumb\",\"itemListElement\":[{\"@type\":\"ListItem\",\"position\":1,\"name\":\"Portada\",\"item\":\"https:\/\/riberasalud.com\/ribera-life\/\"},{\"@type\":\"ListItem\",\"position\":2,\"name\":\"BASES DE PARTICIPACI\u00d3N RIBERA LIFE\"}]},{\"@type\":\"WebSite\",\"@id\":\"https:\/\/riberasalud.com\/ribera-life\/#website\",\"url\":\"https:\/\/riberasalud.com\/ribera-life\/\",\"name\":\"Bienvenidos a Ribera Life\",\"description\":\"\",\"publisher\":{\"@id\":\"https:\/\/riberasalud.com\/ribera-life\/#organization\"},\"potentialAction\":[{\"@type\":\"SearchAction\",\"target\":{\"@type\":\"EntryPoint\",\"urlTemplate\":\"https:\/\/riberasalud.com\/ribera-life\/?s={search_term_string}\"},\"query-input\":{\"@type\":\"PropertyValueSpecification\",\"valueRequired\":true,\"valueName\":\"search_term_string\"}}],\"inLanguage\":\"es\"},{\"@type\":\"Organization\",\"@id\":\"https:\/\/riberasalud.com\/ribera-life\/#organization\",\"name\":\"Bienvenidos a Ribera Life\",\"url\":\"https:\/\/riberasalud.com\/ribera-life\/\",\"logo\":{\"@type\":\"ImageObject\",\"inLanguage\":\"es\",\"@id\":\"https:\/\/riberasalud.com\/ribera-life\/#\/schema\/logo\/image\/\",\"url\":\"https:\/\/riberasalud.com\/ribera-life\/wp-content\/uploads\/2023\/03\/cropped-ribera-life-logo.png\",\"contentUrl\":\"https:\/\/riberasalud.com\/ribera-life\/wp-content\/uploads\/2023\/03\/cropped-ribera-life-logo.png\",\"width\":1543,\"height\":463,\"caption\":\"Bienvenidos a Ribera Life\"},\"image\":{\"@id\":\"https:\/\/riberasalud.com\/ribera-life\/#\/schema\/logo\/image\/\"}}]}<\/script>\n<!-- \/ Yoast SEO plugin. -->","yoast_head_json":{"title":"BASES DE PARTICIPACI\u00d3N RIBERA LIFE - Bienvenidos a Ribera Life","robots":{"index":"noindex","follow":"follow","max-snippet":"max-snippet:-1","max-image-preview":"max-image-preview:large","max-video-preview":"max-video-preview:-1"},"og_locale":"es_ES","og_type":"article","og_title":"BASES DE PARTICIPACI\u00d3N RIBERA LIFE - Bienvenidos a Ribera Life","og_description":"bases de participaci\u00f3n TORNEO padel RIBERA LIFE 2026 PRIMERA: PARTICIPANTES La participaci\u00f3n est\u00e1 abierta, exclusivamente, a profesionales del grupo sanitario Ribera. No podr\u00e1n participar en el torneo jugadores ajenos a la organizaci\u00f3n ni aquellos trabajadores que no se hayan inscrito formalmente a trav\u00e9s del formulario de la web:\u00a0riberasalud.com\/ribera-life En el formulario de inscripci\u00f3n no se [&hellip;]","og_url":"https:\/\/riberasalud.com\/ribera-life\/bases-legales\/","og_site_name":"Bienvenidos a Ribera Life","article_modified_time":"2026-04-24T11:12:43+00:00","twitter_card":"summary_large_image","twitter_misc":{"Tiempo de lectura":"3 minutos"},"schema":{"@context":"https:\/\/schema.org","@graph":[{"@type":"WebPage","@id":"https:\/\/riberasalud.com\/ribera-life\/bases-legales\/","url":"https:\/\/riberasalud.com\/ribera-life\/bases-legales\/","name":"BASES DE PARTICIPACI\u00d3N RIBERA LIFE - Bienvenidos a Ribera Life","isPartOf":{"@id":"https:\/\/riberasalud.com\/ribera-life\/#website"},"datePublished":"2026-04-23T15:00:16+00:00","dateModified":"2026-04-24T11:12:43+00:00","breadcrumb":{"@id":"https:\/\/riberasalud.com\/ribera-life\/bases-legales\/#breadcrumb"},"inLanguage":"es","potentialAction":[{"@type":"ReadAction","target":["https:\/\/riberasalud.com\/ribera-life\/bases-legales\/"]}]},{"@type":"BreadcrumbList","@id":"https:\/\/riberasalud.com\/ribera-life\/bases-legales\/#breadcrumb","itemListElement":[{"@type":"ListItem","position":1,"name":"Portada","item":"https:\/\/riberasalud.com\/ribera-life\/"},{"@type":"ListItem","position":2,"name":"BASES DE PARTICIPACI\u00d3N RIBERA LIFE"}]},{"@type":"WebSite","@id":"https:\/\/riberasalud.com\/ribera-life\/#website","url":"https:\/\/riberasalud.com\/ribera-life\/","name":"Bienvenidos a Ribera Life","description":"","publisher":{"@id":"https:\/\/riberasalud.com\/ribera-life\/#organization"},"potentialAction":[{"@type":"SearchAction","target":{"@type":"EntryPoint","urlTemplate":"https:\/\/riberasalud.com\/ribera-life\/?s={search_term_string}"},"query-input":{"@type":"PropertyValueSpecification","valueRequired":true,"valueName":"search_term_string"}}],"inLanguage":"es"},{"@type":"Organization","@id":"https:\/\/riberasalud.com\/ribera-life\/#organization","name":"Bienvenidos a Ribera Life","url":"https:\/\/riberasalud.com\/ribera-life\/","logo":{"@type":"ImageObject","inLanguage":"es","@id":"https:\/\/riberasalud.com\/ribera-life\/#\/schema\/logo\/image\/","url":"https:\/\/riberasalud.com\/ribera-life\/wp-content\/uploads\/2023\/03\/cropped-ribera-life-logo.png","contentUrl":"https:\/\/riberasalud.com\/ribera-life\/wp-content\/uploads\/2023\/03\/cropped-ribera-life-logo.png","width":1543,"height":463,"caption":"Bienvenidos a Ribera Life"},"image":{"@id":"https:\/\/riberasalud.com\/ribera-life\/#\/schema\/logo\/image\/"}}]}},"_links":{"self":[{"href":"https:\/\/riberasalud.com\/ribera-life\/wp-json\/wp\/v2\/pages\/3552","targetHints":{"allow":["GET"]}}],"collection":[{"href":"https:\/\/riberasalud.com\/ribera-life\/wp-json\/wp\/v2\/pages"}],"about":[{"href":"https:\/\/riberasalud.com\/ribera-life\/wp-json\/wp\/v2\/types\/page"}],"author":[{"embeddable":true,"href":"https:\/\/riberasalud.com\/ribera-life\/wp-json\/wp\/v2\/users\/2"}],"replies":[{"embeddable":true,"href":"https:\/\/riberasalud.com\/ribera-life\/wp-json\/wp\/v2\/comments?post=3552"}],"version-history":[{"count":13,"href":"https:\/\/riberasalud.com\/ribera-life\/wp-json\/wp\/v2\/pages\/3552\/revisions"}],"predecessor-version":[{"id":3569,"href":"https:\/\/riberasalud.com\/ribera-life\/wp-json\/wp\/v2\/pages\/3552\/revisions\/3569"}],"wp:attachment":[{"href":"https:\/\/riberasalud.com\/ribera-life\/wp-json\/wp\/v2\/media?parent=3552"}],"curies":[{"name":"wp","href":"https:\/\/api.w.org\/{rel}","templated":true}]}}