{"id":881,"date":"2025-03-27T17:45:18","date_gmt":"2025-03-27T16:45:18","guid":{"rendered":"https:\/\/riberasalud.com\/ribera-labaux\/?page_id=881"},"modified":"2026-01-20T16:00:52","modified_gmt":"2026-01-20T15:00:52","slug":"mayte-alarcon","status":"publish","type":"page","link":"https:\/\/riberasalud.com\/ribera-lab\/mayte-alarcon\/","title":{"rendered":"Mayte Alarc\u00f3n"},"content":{"rendered":"\n<div class=\"wp-block-group alignfull hasbackgroundnaranja sliderlinea\"><div class=\"wp-block-group__inner-container is-layout-flow wp-block-group-is-layout-flow\">\n<h1 class=\"wp-block-heading\">Nuestro equipo<\/h1>\n\n\n\n<p style=\"font-size:18px\">Trabajamos d\u00eda a d\u00eda para mejorar la salud y el bienestar de la poblaci\u00f3n<\/p>\n<\/div><\/div>\n\n\n\n<div class=\"wp-block-columns alignfull cvcompleto is-layout-flex wp-container-core-columns-is-layout-9d6595d7 wp-block-columns-is-layout-flex\">\n<div class=\"wp-block-column hasbackgroundmio is-layout-flow wp-block-column-is-layout-flow\" style=\"flex-basis:50%\">\n<div class=\"wp-block-cover has-parallax\"><div role=\"img\" aria-label=\"Fachada del laboratorio central de Ribera Lab en torrellano Elche\" class=\"wp-block-cover__image-background wp-image-786 has-parallax\" style=\"background-position:50% 50%;background-image:url(https:\/\/riberasalud.com\/ribera-lab\/wp-content\/uploads\/2025\/03\/El-laboratorio-central-de-Ribera-Lab-en-Torrellano-Elche.jpg)\"><\/div><span aria-hidden=\"true\" class=\"wp-block-cover__background has-contrast-background-color has-background-dim-70 has-background-dim\"><\/span><div class=\"wp-block-cover__inner-container is-layout-constrained wp-block-cover-is-layout-constrained\">\n<div style=\"height:60px\" aria-hidden=\"true\" class=\"wp-block-spacer\"><\/div>\n\n\n<div class=\"wp-block-image fotoredonda\">\n<figure class=\"aligncenter size-full is-resized\"><img loading=\"lazy\" decoding=\"async\" width=\"800\" height=\"800\" src=\"https:\/\/riberasalud.com\/ribera-lab\/wp-content\/uploads\/2025\/03\/mayte-alarcon.jpg\" alt=\"Mayte Alarc\u00f3n\" class=\"wp-image-894\" style=\"width:350px\" srcset=\"https:\/\/riberasalud.com\/ribera-lab\/wp-content\/uploads\/2025\/03\/mayte-alarcon.jpg 800w, https:\/\/riberasalud.com\/ribera-lab\/wp-content\/uploads\/2025\/03\/mayte-alarcon-300x300.jpg 300w, https:\/\/riberasalud.com\/ribera-lab\/wp-content\/uploads\/2025\/03\/mayte-alarcon-150x150.jpg 150w, https:\/\/riberasalud.com\/ribera-lab\/wp-content\/uploads\/2025\/03\/mayte-alarcon-768x768.jpg 768w\" sizes=\"auto, (max-width: 800px) 100vw, 800px\" \/><\/figure>\n<\/div>\n\n\n<div style=\"height:20px\" aria-hidden=\"true\" class=\"wp-block-spacer\"><\/div>\n\n\n\n<h2 class=\"wp-block-heading has-text-align-center\" style=\"font-size:28px\"><strong>Mayte Alarc\u00f3n<\/strong><\/h2>\n\n\n\n<h3 class=\"wp-block-heading has-text-align-center\" style=\"font-size:20px\"><strong>Directora de Gesti\u00f3n<\/strong><\/h3>\n\n\n\n<ul class=\"wp-block-social-links has-icon-color is-style-logos-only is-content-justification-center is-layout-flex wp-container-core-social-links-is-layout-16018d1d wp-block-social-links-is-layout-flex\"><li style=\"color:var(u002du002dbase-3);\" class=\"wp-social-link wp-social-link-linkedin has-base-3-color wp-block-social-link\"><a rel=\"noopener nofollow\" target=\"_blank\" href=\"https:\/\/es.linkedin.com\/in\/mayte-alarc%C3%B3n-zahonero-164363119\" class=\"wp-block-social-link-anchor\"><svg width=\"24\" height=\"24\" viewBox=\"0 0 24 24\" version=\"1.1\" xmlns=\"http:\/\/www.w3.org\/2000\/svg\" aria-hidden=\"true\" focusable=\"false\"><path d=\"M19.7,3H4.3C3.582,3,3,3.582,3,4.3v15.4C3,20.418,3.582,21,4.3,21h15.4c0.718,0,1.3-0.582,1.3-1.3V4.3 C21,3.582,20.418,3,19.7,3z M8.339,18.338H5.667v-8.59h2.672V18.338z M7.004,8.574c-0.857,0-1.549-0.694-1.549-1.548 c0-0.855,0.691-1.548,1.549-1.548c0.854,0,1.547,0.694,1.547,1.548C8.551,7.881,7.858,8.574,7.004,8.574z M18.339,18.338h-2.669 v-4.177c0-0.996-0.017-2.278-1.387-2.278c-1.389,0-1.601,1.086-1.601,2.206v4.249h-2.667v-8.59h2.559v1.174h0.037 c0.356-0.675,1.227-1.387,2.526-1.387c2.703,0,3.203,1.779,3.203,4.092V18.338z\"><\/path><\/svg><span class=\"wp-block-social-link-label screen-reader-text\">LinkedIn<\/span><\/a><\/li><\/ul>\n<\/div><\/div>\n<\/div>\n\n\n\n<div class=\"wp-block-column is-vertically-aligned-center is-layout-flow wp-block-column-is-layout-flow\">\n<p style=\"font-size:26px\"><strong>Mayte Alarc\u00f3n<\/strong><\/p>\n\n\n\n<p>se incorpor\u00f3 en 2020 al grupo Ribera como Directora de Gesti\u00f3n de Ribera Lab.&nbsp;<\/p>\n\n\n\n<p>Graduada en Enfermer\u00eda por la Universidad Cat\u00f3lica de Valencia. M\u00e1ster en Bio\u00e9tica impartido por la UCV de Valencia y m\u00e1ster en Direcci\u00f3n y Gesti\u00f3n de Instituciones sanitarias por la Universidad Pontificia de Salamanca.&nbsp;<\/p>\n\n\n\n<p>Complementa su formaci\u00f3n el Programa de Alta Direcci\u00f3n de Instituciones Sanitarias impartido en IESE Business School y el Programa Internacional de Formaci\u00f3n de Coaches Profesionales.&nbsp;<\/p>\n\n\n\n<p>Su primera etapa profesional estuvo centrada en el \u00e1rea asistencial y el contacto directo con el paciente para posteriormente desarrollar su carrera en gesti\u00f3n y en los servicios de Laboratorio. Tiene una dilatada experiencia como supervisora y directora de \u00c1reas de Diagn\u00f3stico Biol\u00f3gico en el Hospital Quir\u00f3n Valencia, en el Hospital de Manises, primero como servicio interno y posteriormente externalizado a Labco, y en el Hospital Universitario de La Ribera.&nbsp;<\/p>\n<\/div>\n<\/div>\n","protected":false},"excerpt":{"rendered":"<p>Nuestro equipo Trabajamos d\u00eda a d\u00eda para mejorar la salud y el bienestar de la poblaci\u00f3n Mayte Alarc\u00f3n se incorpor\u00f3 en 2020 al grupo Ribera como Directora de Gesti\u00f3n de Ribera Lab.&nbsp; Graduada en Enfermer\u00eda por la Universidad Cat\u00f3lica de Valencia. M\u00e1ster en Bio\u00e9tica impartido por la UCV de Valencia y m\u00e1ster en Direcci\u00f3n y &#8230; <\/p>\n<p class=\"read-more-container\"><a title=\"Mayte Alarc\u00f3n\" class=\"read-more button\" href=\"https:\/\/riberasalud.com\/ribera-lab\/mayte-alarcon\/#more-881\" aria-label=\"Leer m\u00e1s sobre Mayte Alarc\u00f3n\">Leer m\u00e1s<\/a><\/p>\n","protected":false},"author":2,"featured_media":0,"parent":0,"menu_order":0,"comment_status":"closed","ping_status":"closed","template":"","meta":{"footnotes":""},"class_list":["post-881","page","type-page","status-publish"],"yoast_head":"<!-- This site is optimized with the Yoast SEO plugin v26.6 - https:\/\/yoast.com\/wordpress\/plugins\/seo\/ -->\n<title>Mayte Alarc\u00f3n - Ribera Lab<\/title>\n<meta name=\"description\" content=\"Mayte se incorpor\u00f3 en 2020 al grupo Ribera como Directora de Gesti\u00f3n de Ribera Lab.\" \/>\n<meta name=\"robots\" content=\"index, follow, max-snippet:-1, max-image-preview:large, max-video-preview:-1\" \/>\n<link rel=\"canonical\" href=\"https:\/\/riberasalud.com\/ribera-lab\/mayte-alarcon\/\" \/>\n<meta property=\"og:locale\" content=\"es_ES\" \/>\n<meta property=\"og:type\" content=\"article\" \/>\n<meta property=\"og:title\" content=\"Mayte Alarc\u00f3n - Ribera Lab\" \/>\n<meta property=\"og:description\" content=\"Mayte se incorpor\u00f3 en 2020 al grupo Ribera como Directora de Gesti\u00f3n de Ribera Lab.\" \/>\n<meta property=\"og:url\" content=\"https:\/\/riberasalud.com\/ribera-lab\/mayte-alarcon\/\" \/>\n<meta property=\"og:site_name\" content=\"Ribera Lab\" \/>\n<meta property=\"article:modified_time\" content=\"2026-01-20T15:00:52+00:00\" \/>\n<meta property=\"og:image\" content=\"https:\/\/riberasalud.com\/ribera-lab\/wp-content\/uploads\/2025\/03\/mayte-alarcon.jpg\" \/>\n<meta name=\"twitter:card\" content=\"summary_large_image\" \/>\n<meta name=\"twitter:label1\" content=\"Tiempo de lectura\" \/>\n\t<meta name=\"twitter:data1\" content=\"1 minuto\" \/>\n<script type=\"application\/ld+json\" class=\"yoast-schema-graph\">{\"@context\":\"https:\/\/schema.org\",\"@graph\":[{\"@type\":\"WebPage\",\"@id\":\"https:\/\/riberasalud.com\/ribera-lab\/mayte-alarcon\/\",\"url\":\"https:\/\/riberasalud.com\/ribera-lab\/mayte-alarcon\/\",\"name\":\"Mayte Alarc\u00f3n - Ribera Lab\",\"isPartOf\":{\"@id\":\"https:\/\/riberasalud.com\/ribera-lab\/#website\"},\"primaryImageOfPage\":{\"@id\":\"https:\/\/riberasalud.com\/ribera-lab\/mayte-alarcon\/#primaryimage\"},\"image\":{\"@id\":\"https:\/\/riberasalud.com\/ribera-lab\/mayte-alarcon\/#primaryimage\"},\"thumbnailUrl\":\"https:\/\/riberasalud.com\/ribera-lab\/wp-content\/uploads\/2025\/03\/mayte-alarcon.jpg\",\"datePublished\":\"2025-03-27T16:45:18+00:00\",\"dateModified\":\"2026-01-20T15:00:52+00:00\",\"description\":\"Mayte se incorpor\u00f3 en 2020 al grupo Ribera como Directora de Gesti\u00f3n de Ribera Lab.\",\"breadcrumb\":{\"@id\":\"https:\/\/riberasalud.com\/ribera-lab\/mayte-alarcon\/#breadcrumb\"},\"inLanguage\":\"es\",\"potentialAction\":[{\"@type\":\"ReadAction\",\"target\":[\"https:\/\/riberasalud.com\/ribera-lab\/mayte-alarcon\/\"]}]},{\"@type\":\"ImageObject\",\"inLanguage\":\"es\",\"@id\":\"https:\/\/riberasalud.com\/ribera-lab\/mayte-alarcon\/#primaryimage\",\"url\":\"https:\/\/riberasalud.com\/ribera-lab\/wp-content\/uploads\/2025\/03\/mayte-alarcon.jpg\",\"contentUrl\":\"https:\/\/riberasalud.com\/ribera-lab\/wp-content\/uploads\/2025\/03\/mayte-alarcon.jpg\",\"width\":800,\"height\":800,\"caption\":\"Mayte Alarc\u00f3n\"},{\"@type\":\"BreadcrumbList\",\"@id\":\"https:\/\/riberasalud.com\/ribera-lab\/mayte-alarcon\/#breadcrumb\",\"itemListElement\":[{\"@type\":\"ListItem\",\"position\":1,\"name\":\"Portada\",\"item\":\"https:\/\/riberasalud.com\/ribera-lab\/\"},{\"@type\":\"ListItem\",\"position\":2,\"name\":\"Mayte Alarc\u00f3n\"}]},{\"@type\":\"WebSite\",\"@id\":\"https:\/\/riberasalud.com\/ribera-lab\/#website\",\"url\":\"https:\/\/riberasalud.com\/ribera-lab\/\",\"name\":\"Ribera Lab\",\"description\":\"\",\"publisher\":{\"@id\":\"https:\/\/riberasalud.com\/ribera-lab\/#organization\"},\"potentialAction\":[{\"@type\":\"SearchAction\",\"target\":{\"@type\":\"EntryPoint\",\"urlTemplate\":\"https:\/\/riberasalud.com\/ribera-lab\/?s={search_term_string}\"},\"query-input\":{\"@type\":\"PropertyValueSpecification\",\"valueRequired\":true,\"valueName\":\"search_term_string\"}}],\"inLanguage\":\"es\"},{\"@type\":\"Organization\",\"@id\":\"https:\/\/riberasalud.com\/ribera-lab\/#organization\",\"name\":\"Ribera Lab\",\"url\":\"https:\/\/riberasalud.com\/ribera-lab\/\",\"logo\":{\"@type\":\"ImageObject\",\"inLanguage\":\"es\",\"@id\":\"https:\/\/riberasalud.com\/ribera-lab\/#\/schema\/logo\/image\/\",\"url\":\"https:\/\/riberasalud.com\/ribera-lab\/wp-content\/uploads\/2024\/10\/cropped-cropped-Logo-Red-Lab-1.png\",\"contentUrl\":\"https:\/\/riberasalud.com\/ribera-lab\/wp-content\/uploads\/2024\/10\/cropped-cropped-Logo-Red-Lab-1.png\",\"width\":1611,\"height\":474,\"caption\":\"Ribera Lab\"},\"image\":{\"@id\":\"https:\/\/riberasalud.com\/ribera-lab\/#\/schema\/logo\/image\/\"}}]}<\/script>\n<!-- \/ Yoast SEO plugin. -->","yoast_head_json":{"title":"Mayte Alarc\u00f3n - Ribera Lab","description":"Mayte se incorpor\u00f3 en 2020 al grupo Ribera como Directora de Gesti\u00f3n de Ribera Lab.","robots":{"index":"index","follow":"follow","max-snippet":"max-snippet:-1","max-image-preview":"max-image-preview:large","max-video-preview":"max-video-preview:-1"},"canonical":"https:\/\/riberasalud.com\/ribera-lab\/mayte-alarcon\/","og_locale":"es_ES","og_type":"article","og_title":"Mayte Alarc\u00f3n - Ribera Lab","og_description":"Mayte se incorpor\u00f3 en 2020 al grupo Ribera como Directora de Gesti\u00f3n de Ribera Lab.","og_url":"https:\/\/riberasalud.com\/ribera-lab\/mayte-alarcon\/","og_site_name":"Ribera Lab","article_modified_time":"2026-01-20T15:00:52+00:00","og_image":[{"url":"https:\/\/riberasalud.com\/ribera-lab\/wp-content\/uploads\/2025\/03\/mayte-alarcon.jpg","type":"","width":"","height":""}],"twitter_card":"summary_large_image","twitter_misc":{"Tiempo de lectura":"1 minuto"},"schema":{"@context":"https:\/\/schema.org","@graph":[{"@type":"WebPage","@id":"https:\/\/riberasalud.com\/ribera-lab\/mayte-alarcon\/","url":"https:\/\/riberasalud.com\/ribera-lab\/mayte-alarcon\/","name":"Mayte Alarc\u00f3n - Ribera Lab","isPartOf":{"@id":"https:\/\/riberasalud.com\/ribera-lab\/#website"},"primaryImageOfPage":{"@id":"https:\/\/riberasalud.com\/ribera-lab\/mayte-alarcon\/#primaryimage"},"image":{"@id":"https:\/\/riberasalud.com\/ribera-lab\/mayte-alarcon\/#primaryimage"},"thumbnailUrl":"https:\/\/riberasalud.com\/ribera-lab\/wp-content\/uploads\/2025\/03\/mayte-alarcon.jpg","datePublished":"2025-03-27T16:45:18+00:00","dateModified":"2026-01-20T15:00:52+00:00","description":"Mayte se incorpor\u00f3 en 2020 al grupo Ribera como Directora de Gesti\u00f3n de Ribera Lab.","breadcrumb":{"@id":"https:\/\/riberasalud.com\/ribera-lab\/mayte-alarcon\/#breadcrumb"},"inLanguage":"es","potentialAction":[{"@type":"ReadAction","target":["https:\/\/riberasalud.com\/ribera-lab\/mayte-alarcon\/"]}]},{"@type":"ImageObject","inLanguage":"es","@id":"https:\/\/riberasalud.com\/ribera-lab\/mayte-alarcon\/#primaryimage","url":"https:\/\/riberasalud.com\/ribera-lab\/wp-content\/uploads\/2025\/03\/mayte-alarcon.jpg","contentUrl":"https:\/\/riberasalud.com\/ribera-lab\/wp-content\/uploads\/2025\/03\/mayte-alarcon.jpg","width":800,"height":800,"caption":"Mayte Alarc\u00f3n"},{"@type":"BreadcrumbList","@id":"https:\/\/riberasalud.com\/ribera-lab\/mayte-alarcon\/#breadcrumb","itemListElement":[{"@type":"ListItem","position":1,"name":"Portada","item":"https:\/\/riberasalud.com\/ribera-lab\/"},{"@type":"ListItem","position":2,"name":"Mayte Alarc\u00f3n"}]},{"@type":"WebSite","@id":"https:\/\/riberasalud.com\/ribera-lab\/#website","url":"https:\/\/riberasalud.com\/ribera-lab\/","name":"Ribera Lab","description":"","publisher":{"@id":"https:\/\/riberasalud.com\/ribera-lab\/#organization"},"potentialAction":[{"@type":"SearchAction","target":{"@type":"EntryPoint","urlTemplate":"https:\/\/riberasalud.com\/ribera-lab\/?s={search_term_string}"},"query-input":{"@type":"PropertyValueSpecification","valueRequired":true,"valueName":"search_term_string"}}],"inLanguage":"es"},{"@type":"Organization","@id":"https:\/\/riberasalud.com\/ribera-lab\/#organization","name":"Ribera Lab","url":"https:\/\/riberasalud.com\/ribera-lab\/","logo":{"@type":"ImageObject","inLanguage":"es","@id":"https:\/\/riberasalud.com\/ribera-lab\/#\/schema\/logo\/image\/","url":"https:\/\/riberasalud.com\/ribera-lab\/wp-content\/uploads\/2024\/10\/cropped-cropped-Logo-Red-Lab-1.png","contentUrl":"https:\/\/riberasalud.com\/ribera-lab\/wp-content\/uploads\/2024\/10\/cropped-cropped-Logo-Red-Lab-1.png","width":1611,"height":474,"caption":"Ribera Lab"},"image":{"@id":"https:\/\/riberasalud.com\/ribera-lab\/#\/schema\/logo\/image\/"}}]}},"_links":{"self":[{"href":"https:\/\/riberasalud.com\/ribera-lab\/wp-json\/wp\/v2\/pages\/881","targetHints":{"allow":["GET"]}}],"collection":[{"href":"https:\/\/riberasalud.com\/ribera-lab\/wp-json\/wp\/v2\/pages"}],"about":[{"href":"https:\/\/riberasalud.com\/ribera-lab\/wp-json\/wp\/v2\/types\/page"}],"author":[{"embeddable":true,"href":"https:\/\/riberasalud.com\/ribera-lab\/wp-json\/wp\/v2\/users\/2"}],"replies":[{"embeddable":true,"href":"https:\/\/riberasalud.com\/ribera-lab\/wp-json\/wp\/v2\/comments?post=881"}],"version-history":[{"count":4,"href":"https:\/\/riberasalud.com\/ribera-lab\/wp-json\/wp\/v2\/pages\/881\/revisions"}],"predecessor-version":[{"id":2278,"href":"https:\/\/riberasalud.com\/ribera-lab\/wp-json\/wp\/v2\/pages\/881\/revisions\/2278"}],"wp:attachment":[{"href":"https:\/\/riberasalud.com\/ribera-lab\/wp-json\/wp\/v2\/media?parent=881"}],"curies":[{"name":"wp","href":"https:\/\/api.w.org\/{rel}","templated":true}]}}