{"id":2310,"date":"2026-01-20T16:34:06","date_gmt":"2026-01-20T15:34:06","guid":{"rendered":"https:\/\/riberasalud.com\/ribera-labaux\/?page_id=2310"},"modified":"2026-01-20T16:34:48","modified_gmt":"2026-01-20T15:34:48","slug":"proyectos-de-id-de-pyme","status":"publish","type":"page","link":"https:\/\/riberasalud.com\/ribera-lab\/proyectos-de-id-de-pyme\/","title":{"rendered":"Proyectos de I+D de Pyme"},"content":{"rendered":"\n<p>El proyecto de la actuaci\u00f3n\u00a0<strong>I+D PYME (PIDI-CV)\u00a0<\/strong>realizado por\u00a0<strong>CENTRO INMUNOL\u00d3GICO DE LA COMUNIDAD VALENCIANA, S.L.:<\/strong><\/p>\n\n\n\n<ul class=\"wp-block-list\">\n<li><strong>DISE\u00d1O, DESARROLLO Y VALIDACI\u00d3N DE UNA HERRAMIENTA DE AN\u00c1LISIS PARA BIOMARCADORES MOLECULARES DE UTILIDAD CL\u00cdNICA EN C\u00c1NCER<\/strong><br>(N\u00ba expediente: IMIDTA\/2017\/58)<\/li>\n<\/ul>\n\n\n\n<p>El presente proyecto se encuadra en un primer momento, en la tipolog\u00eda de desarrollo experimental ya que se centra en la adquisici\u00f3n, combinaci\u00f3n y empleo de conocimiento y t\u00e9cnicas ya existentes de \u00edndole cient\u00edfica y tecnol\u00f3gica para desarrollar un nuevo proceso anal\u00edtico \u00fanico que permita el estudio de un amplio panel de biomarcadores moleculares aplicable a todo tipo de tumores s\u00f3lidos para, en segundo lugar pasar a encuadrarse en la tipolog\u00eda de investigaci\u00f3n industrial al estar m\u00e1s destinada esta parte del proyecto, a la confirmaci\u00f3n, desarrollo e incorporaci\u00f3n de este nuevo servicio diagn\u00f3stico en la cartera de servicios de la empresa, con el fin de lograr una mayor precisi\u00f3n en el an\u00e1lisis de dichos marcadores moleculares, alcanzando un mejor diagn\u00f3stico, pron\u00f3stico y respuesta de predicci\u00f3n al tratamiento, lo cual indudablemente constituye un avance en la eficiencia del tratamiento de la enfermedad.<\/p>\n\n\n\n<p>Este proyecto ha recibido una subvenci\u00f3n de&nbsp;<strong>43.651,88 \u20ac<\/strong>&nbsp;gracias al apoyo econ\u00f3mico del IVACE y de la Uni\u00f3n Europea:<\/p>\n\n\n\n<ul class=\"wp-block-list\">\n<li>Apoyo financiero de IVACE a trav\u00e9s del Programa PROYECTOS DE I+D DE PYME (PIDI-CV)<\/li>\n<\/ul>\n\n\n\n<p>Apoyo financiero Fondo Europeo de Desarrollo Regional (FEDER) en un porcentaje del 50% a trav\u00e9s del Programa Operativo FEDER de la Comunitat Valenciana 2014-2020.<\/p>\n\n\n\n<div style=\"height:30px\" aria-hidden=\"true\" class=\"wp-block-spacer\"><\/div>\n\n\n\n<div class=\"wp-block-columns is-layout-flex wp-container-core-columns-is-layout-9d6595d7 wp-block-columns-is-layout-flex\">\n<div class=\"wp-block-column is-layout-flow wp-block-column-is-layout-flow\">\n<figure class=\"wp-block-image size-full\"><img loading=\"lazy\" decoding=\"async\" width=\"640\" height=\"156\" src=\"https:\/\/riberasalud.com\/ribera-lab\/wp-content\/uploads\/2026\/01\/union_Europea.jpg\" alt=\"\" class=\"wp-image-2303\" srcset=\"https:\/\/riberasalud.com\/ribera-lab\/wp-content\/uploads\/2026\/01\/union_Europea.jpg 640w, https:\/\/riberasalud.com\/ribera-lab\/wp-content\/uploads\/2026\/01\/union_Europea-300x73.jpg 300w\" sizes=\"auto, (max-width: 640px) 100vw, 640px\" \/><\/figure>\n<\/div>\n\n\n\n<div class=\"wp-block-column is-layout-flow wp-block-column-is-layout-flow\">\n<figure class=\"wp-block-image size-full\"><img loading=\"lazy\" decoding=\"async\" width=\"692\" height=\"155\" src=\"https:\/\/riberasalud.com\/ribera-lab\/wp-content\/uploads\/2026\/01\/IVACE.png\" alt=\"IVACE\" class=\"wp-image-2305\" srcset=\"https:\/\/riberasalud.com\/ribera-lab\/wp-content\/uploads\/2026\/01\/IVACE.png 692w, https:\/\/riberasalud.com\/ribera-lab\/wp-content\/uploads\/2026\/01\/IVACE-300x67.png 300w\" sizes=\"auto, (max-width: 692px) 100vw, 692px\" \/><\/figure>\n<\/div>\n<\/div>\n\n\n\n<div style=\"height:200px\" aria-hidden=\"true\" class=\"wp-block-spacer\"><\/div>\n","protected":false},"excerpt":{"rendered":"<p>El proyecto de la actuaci\u00f3n\u00a0I+D PYME (PIDI-CV)\u00a0realizado por\u00a0CENTRO INMUNOL\u00d3GICO DE LA COMUNIDAD VALENCIANA, S.L.: El presente proyecto se encuadra en un primer momento, en la tipolog\u00eda de desarrollo experimental ya que se centra en la adquisici\u00f3n, combinaci\u00f3n y empleo de conocimiento y t\u00e9cnicas ya existentes de \u00edndole cient\u00edfica y tecnol\u00f3gica para desarrollar un nuevo proceso &#8230; <\/p>\n<p class=\"read-more-container\"><a title=\"Proyectos de I+D de Pyme\" class=\"read-more button\" href=\"https:\/\/riberasalud.com\/ribera-lab\/proyectos-de-id-de-pyme\/#more-2310\" aria-label=\"Leer m\u00e1s sobre Proyectos de I+D de Pyme\">Leer m\u00e1s<\/a><\/p>\n","protected":false},"author":2,"featured_media":0,"parent":0,"menu_order":0,"comment_status":"closed","ping_status":"closed","template":"","meta":{"footnotes":""},"class_list":["post-2310","page","type-page","status-publish"],"yoast_head":"<!-- This site is optimized with the Yoast SEO plugin v26.6 - https:\/\/yoast.com\/wordpress\/plugins\/seo\/ -->\n<title>Proyectos de I+D de Pyme - Ribera Lab<\/title>\n<meta name=\"description\" content=\"El proyecto de la actuaci\u00f3n\u00a0I+D PYME (PIDI-CV)\u00a0realizado por\u00a0CENTRO INMUNOL\u00d3GICO DE LA COMUNIDAD VALENCIANA, S.L.\" \/>\n<meta name=\"robots\" content=\"index, follow, max-snippet:-1, max-image-preview:large, max-video-preview:-1\" \/>\n<link rel=\"canonical\" href=\"https:\/\/riberasalud.com\/ribera-lab\/proyectos-de-id-de-pyme\/\" \/>\n<meta property=\"og:locale\" content=\"es_ES\" \/>\n<meta property=\"og:type\" content=\"article\" \/>\n<meta property=\"og:title\" content=\"Proyectos de I+D de Pyme - Ribera Lab\" \/>\n<meta property=\"og:description\" content=\"El proyecto de la actuaci\u00f3n\u00a0I+D PYME (PIDI-CV)\u00a0realizado por\u00a0CENTRO INMUNOL\u00d3GICO DE LA COMUNIDAD VALENCIANA, S.L.\" \/>\n<meta property=\"og:url\" content=\"https:\/\/riberasalud.com\/ribera-lab\/proyectos-de-id-de-pyme\/\" \/>\n<meta property=\"og:site_name\" content=\"Ribera Lab\" \/>\n<meta property=\"article:modified_time\" content=\"2026-01-20T15:34:48+00:00\" \/>\n<meta property=\"og:image\" content=\"https:\/\/riberasalud.com\/ribera-lab\/wp-content\/uploads\/2026\/01\/union_Europea.jpg\" \/>\n<meta name=\"twitter:card\" content=\"summary_large_image\" \/>\n<meta name=\"twitter:label1\" content=\"Tiempo de lectura\" \/>\n\t<meta name=\"twitter:data1\" content=\"2 minutos\" \/>\n<script type=\"application\/ld+json\" class=\"yoast-schema-graph\">{\"@context\":\"https:\/\/schema.org\",\"@graph\":[{\"@type\":\"WebPage\",\"@id\":\"https:\/\/riberasalud.com\/ribera-lab\/proyectos-de-id-de-pyme\/\",\"url\":\"https:\/\/riberasalud.com\/ribera-lab\/proyectos-de-id-de-pyme\/\",\"name\":\"Proyectos de I+D de Pyme - Ribera Lab\",\"isPartOf\":{\"@id\":\"https:\/\/riberasalud.com\/ribera-lab\/#website\"},\"primaryImageOfPage\":{\"@id\":\"https:\/\/riberasalud.com\/ribera-lab\/proyectos-de-id-de-pyme\/#primaryimage\"},\"image\":{\"@id\":\"https:\/\/riberasalud.com\/ribera-lab\/proyectos-de-id-de-pyme\/#primaryimage\"},\"thumbnailUrl\":\"https:\/\/riberasalud.com\/ribera-lab\/wp-content\/uploads\/2026\/01\/union_Europea.jpg\",\"datePublished\":\"2026-01-20T15:34:06+00:00\",\"dateModified\":\"2026-01-20T15:34:48+00:00\",\"description\":\"El proyecto de la actuaci\u00f3n\u00a0I+D PYME (PIDI-CV)\u00a0realizado por\u00a0CENTRO INMUNOL\u00d3GICO DE LA COMUNIDAD VALENCIANA, S.L.\",\"breadcrumb\":{\"@id\":\"https:\/\/riberasalud.com\/ribera-lab\/proyectos-de-id-de-pyme\/#breadcrumb\"},\"inLanguage\":\"es\",\"potentialAction\":[{\"@type\":\"ReadAction\",\"target\":[\"https:\/\/riberasalud.com\/ribera-lab\/proyectos-de-id-de-pyme\/\"]}]},{\"@type\":\"ImageObject\",\"inLanguage\":\"es\",\"@id\":\"https:\/\/riberasalud.com\/ribera-lab\/proyectos-de-id-de-pyme\/#primaryimage\",\"url\":\"https:\/\/riberasalud.com\/ribera-lab\/wp-content\/uploads\/2026\/01\/union_Europea.jpg\",\"contentUrl\":\"https:\/\/riberasalud.com\/ribera-lab\/wp-content\/uploads\/2026\/01\/union_Europea.jpg\",\"width\":640,\"height\":156,\"caption\":\"Uni\u00f3n europea\"},{\"@type\":\"BreadcrumbList\",\"@id\":\"https:\/\/riberasalud.com\/ribera-lab\/proyectos-de-id-de-pyme\/#breadcrumb\",\"itemListElement\":[{\"@type\":\"ListItem\",\"position\":1,\"name\":\"Portada\",\"item\":\"https:\/\/riberasalud.com\/ribera-lab\/\"},{\"@type\":\"ListItem\",\"position\":2,\"name\":\"Proyectos de I+D de Pyme\"}]},{\"@type\":\"WebSite\",\"@id\":\"https:\/\/riberasalud.com\/ribera-lab\/#website\",\"url\":\"https:\/\/riberasalud.com\/ribera-lab\/\",\"name\":\"Ribera Lab\",\"description\":\"\",\"publisher\":{\"@id\":\"https:\/\/riberasalud.com\/ribera-lab\/#organization\"},\"potentialAction\":[{\"@type\":\"SearchAction\",\"target\":{\"@type\":\"EntryPoint\",\"urlTemplate\":\"https:\/\/riberasalud.com\/ribera-lab\/?s={search_term_string}\"},\"query-input\":{\"@type\":\"PropertyValueSpecification\",\"valueRequired\":true,\"valueName\":\"search_term_string\"}}],\"inLanguage\":\"es\"},{\"@type\":\"Organization\",\"@id\":\"https:\/\/riberasalud.com\/ribera-lab\/#organization\",\"name\":\"Ribera Lab\",\"url\":\"https:\/\/riberasalud.com\/ribera-lab\/\",\"logo\":{\"@type\":\"ImageObject\",\"inLanguage\":\"es\",\"@id\":\"https:\/\/riberasalud.com\/ribera-lab\/#\/schema\/logo\/image\/\",\"url\":\"https:\/\/riberasalud.com\/ribera-lab\/wp-content\/uploads\/2024\/10\/cropped-cropped-Logo-Red-Lab-1.png\",\"contentUrl\":\"https:\/\/riberasalud.com\/ribera-lab\/wp-content\/uploads\/2024\/10\/cropped-cropped-Logo-Red-Lab-1.png\",\"width\":1611,\"height\":474,\"caption\":\"Ribera Lab\"},\"image\":{\"@id\":\"https:\/\/riberasalud.com\/ribera-lab\/#\/schema\/logo\/image\/\"}}]}<\/script>\n<!-- \/ Yoast SEO plugin. -->","yoast_head_json":{"title":"Proyectos de I+D de Pyme - Ribera Lab","description":"El proyecto de la actuaci\u00f3n\u00a0I+D PYME (PIDI-CV)\u00a0realizado por\u00a0CENTRO INMUNOL\u00d3GICO DE LA COMUNIDAD VALENCIANA, S.L.","robots":{"index":"index","follow":"follow","max-snippet":"max-snippet:-1","max-image-preview":"max-image-preview:large","max-video-preview":"max-video-preview:-1"},"canonical":"https:\/\/riberasalud.com\/ribera-lab\/proyectos-de-id-de-pyme\/","og_locale":"es_ES","og_type":"article","og_title":"Proyectos de I+D de Pyme - Ribera Lab","og_description":"El proyecto de la actuaci\u00f3n\u00a0I+D PYME (PIDI-CV)\u00a0realizado por\u00a0CENTRO INMUNOL\u00d3GICO DE LA COMUNIDAD VALENCIANA, S.L.","og_url":"https:\/\/riberasalud.com\/ribera-lab\/proyectos-de-id-de-pyme\/","og_site_name":"Ribera Lab","article_modified_time":"2026-01-20T15:34:48+00:00","og_image":[{"url":"https:\/\/riberasalud.com\/ribera-lab\/wp-content\/uploads\/2026\/01\/union_Europea.jpg","type":"","width":"","height":""}],"twitter_card":"summary_large_image","twitter_misc":{"Tiempo de lectura":"2 minutos"},"schema":{"@context":"https:\/\/schema.org","@graph":[{"@type":"WebPage","@id":"https:\/\/riberasalud.com\/ribera-lab\/proyectos-de-id-de-pyme\/","url":"https:\/\/riberasalud.com\/ribera-lab\/proyectos-de-id-de-pyme\/","name":"Proyectos de I+D de Pyme - Ribera Lab","isPartOf":{"@id":"https:\/\/riberasalud.com\/ribera-lab\/#website"},"primaryImageOfPage":{"@id":"https:\/\/riberasalud.com\/ribera-lab\/proyectos-de-id-de-pyme\/#primaryimage"},"image":{"@id":"https:\/\/riberasalud.com\/ribera-lab\/proyectos-de-id-de-pyme\/#primaryimage"},"thumbnailUrl":"https:\/\/riberasalud.com\/ribera-lab\/wp-content\/uploads\/2026\/01\/union_Europea.jpg","datePublished":"2026-01-20T15:34:06+00:00","dateModified":"2026-01-20T15:34:48+00:00","description":"El proyecto de la actuaci\u00f3n\u00a0I+D PYME (PIDI-CV)\u00a0realizado por\u00a0CENTRO INMUNOL\u00d3GICO DE LA COMUNIDAD VALENCIANA, S.L.","breadcrumb":{"@id":"https:\/\/riberasalud.com\/ribera-lab\/proyectos-de-id-de-pyme\/#breadcrumb"},"inLanguage":"es","potentialAction":[{"@type":"ReadAction","target":["https:\/\/riberasalud.com\/ribera-lab\/proyectos-de-id-de-pyme\/"]}]},{"@type":"ImageObject","inLanguage":"es","@id":"https:\/\/riberasalud.com\/ribera-lab\/proyectos-de-id-de-pyme\/#primaryimage","url":"https:\/\/riberasalud.com\/ribera-lab\/wp-content\/uploads\/2026\/01\/union_Europea.jpg","contentUrl":"https:\/\/riberasalud.com\/ribera-lab\/wp-content\/uploads\/2026\/01\/union_Europea.jpg","width":640,"height":156,"caption":"Uni\u00f3n europea"},{"@type":"BreadcrumbList","@id":"https:\/\/riberasalud.com\/ribera-lab\/proyectos-de-id-de-pyme\/#breadcrumb","itemListElement":[{"@type":"ListItem","position":1,"name":"Portada","item":"https:\/\/riberasalud.com\/ribera-lab\/"},{"@type":"ListItem","position":2,"name":"Proyectos de I+D de Pyme"}]},{"@type":"WebSite","@id":"https:\/\/riberasalud.com\/ribera-lab\/#website","url":"https:\/\/riberasalud.com\/ribera-lab\/","name":"Ribera Lab","description":"","publisher":{"@id":"https:\/\/riberasalud.com\/ribera-lab\/#organization"},"potentialAction":[{"@type":"SearchAction","target":{"@type":"EntryPoint","urlTemplate":"https:\/\/riberasalud.com\/ribera-lab\/?s={search_term_string}"},"query-input":{"@type":"PropertyValueSpecification","valueRequired":true,"valueName":"search_term_string"}}],"inLanguage":"es"},{"@type":"Organization","@id":"https:\/\/riberasalud.com\/ribera-lab\/#organization","name":"Ribera Lab","url":"https:\/\/riberasalud.com\/ribera-lab\/","logo":{"@type":"ImageObject","inLanguage":"es","@id":"https:\/\/riberasalud.com\/ribera-lab\/#\/schema\/logo\/image\/","url":"https:\/\/riberasalud.com\/ribera-lab\/wp-content\/uploads\/2024\/10\/cropped-cropped-Logo-Red-Lab-1.png","contentUrl":"https:\/\/riberasalud.com\/ribera-lab\/wp-content\/uploads\/2024\/10\/cropped-cropped-Logo-Red-Lab-1.png","width":1611,"height":474,"caption":"Ribera Lab"},"image":{"@id":"https:\/\/riberasalud.com\/ribera-lab\/#\/schema\/logo\/image\/"}}]}},"_links":{"self":[{"href":"https:\/\/riberasalud.com\/ribera-lab\/wp-json\/wp\/v2\/pages\/2310","targetHints":{"allow":["GET"]}}],"collection":[{"href":"https:\/\/riberasalud.com\/ribera-lab\/wp-json\/wp\/v2\/pages"}],"about":[{"href":"https:\/\/riberasalud.com\/ribera-lab\/wp-json\/wp\/v2\/types\/page"}],"author":[{"embeddable":true,"href":"https:\/\/riberasalud.com\/ribera-lab\/wp-json\/wp\/v2\/users\/2"}],"replies":[{"embeddable":true,"href":"https:\/\/riberasalud.com\/ribera-lab\/wp-json\/wp\/v2\/comments?post=2310"}],"version-history":[{"count":2,"href":"https:\/\/riberasalud.com\/ribera-lab\/wp-json\/wp\/v2\/pages\/2310\/revisions"}],"predecessor-version":[{"id":2313,"href":"https:\/\/riberasalud.com\/ribera-lab\/wp-json\/wp\/v2\/pages\/2310\/revisions\/2313"}],"wp:attachment":[{"href":"https:\/\/riberasalud.com\/ribera-lab\/wp-json\/wp\/v2\/media?parent=2310"}],"curies":[{"name":"wp","href":"https:\/\/api.w.org\/{rel}","templated":true}]}}