{"id":149,"date":"2024-09-26T16:30:58","date_gmt":"2024-09-26T14:30:58","guid":{"rendered":"https:\/\/riberasalud.com\/covadonga\/?page_id=149"},"modified":"2026-02-06T14:19:55","modified_gmt":"2026-02-06T13:19:55","slug":"contacto","status":"publish","type":"page","link":"https:\/\/riberasalud.com\/ribera-lab\/contacto\/","title":{"rendered":"Contacto"},"content":{"rendered":"\n<div class=\"wp-block-cover alignfull bannerribera\" style=\"min-height:430px;aspect-ratio:unset;\"><img loading=\"lazy\" decoding=\"async\" width=\"800\" height=\"533\" class=\"wp-block-cover__image-background wp-image-662 size-full\" alt=\"\" src=\"https:\/\/riberasalud.com\/ribera-lab\/wp-content\/uploads\/2024\/10\/Ribera-Lab2.jpg\" data-object-fit=\"cover\" srcset=\"https:\/\/riberasalud.com\/ribera-lab\/wp-content\/uploads\/2024\/10\/Ribera-Lab2.jpg 800w, https:\/\/riberasalud.com\/ribera-lab\/wp-content\/uploads\/2024\/10\/Ribera-Lab2-300x200.jpg 300w, https:\/\/riberasalud.com\/ribera-lab\/wp-content\/uploads\/2024\/10\/Ribera-Lab2-768x512.jpg 768w\" sizes=\"auto, (max-width: 800px) 100vw, 800px\" \/><span aria-hidden=\"true\" class=\"wp-block-cover__background has-contrast-background-color has-background-dim\"><\/span><div class=\"wp-block-cover__inner-container is-layout-constrained wp-block-cover-is-layout-constrained\">\n<div class=\"wp-block-columns is-layout-flex wp-container-core-columns-is-layout-9d6595d7 wp-block-columns-is-layout-flex\">\n<div class=\"wp-block-column is-layout-flow wp-block-column-is-layout-flow\">\n<h1 class=\"wp-block-heading has-text-align-center has-large-font-size\">Contacto<\/h1>\n\n\n\n<p class=\"has-text-align-center\" style=\"font-size:18px\">Encuentra de forma r\u00e1pida c\u00f3mo contactar con nosotros y d\u00f3nde estamos<\/p>\n<\/div>\n<\/div>\n<\/div><\/div>\n\n\n\n<div class=\"wp-block-group grupocontacto\"><div class=\"wp-block-group__inner-container is-layout-constrained wp-block-group-is-layout-constrained\">\n<div class=\"wp-block-columns columnascontacto hasbackgroundgris is-layout-flex wp-container-core-columns-is-layout-9d6595d7 wp-block-columns-is-layout-flex\">\n<div class=\"wp-block-column first is-layout-flow wp-block-column-is-layout-flow\">\n<figure class=\"wp-block-image size-full\"><img loading=\"lazy\" decoding=\"async\" width=\"800\" height=\"527\" src=\"https:\/\/riberasalud.com\/ribera-lab\/wp-content\/uploads\/2025\/03\/El-laboratorio-central-de-Ribera-Lab-en-Torrellano-Elche.jpg\" alt=\"Fachada del laboratorio central de Ribera Lab en torrellano Elche\" class=\"wp-image-786\" srcset=\"https:\/\/riberasalud.com\/ribera-lab\/wp-content\/uploads\/2025\/03\/El-laboratorio-central-de-Ribera-Lab-en-Torrellano-Elche.jpg 800w, https:\/\/riberasalud.com\/ribera-lab\/wp-content\/uploads\/2025\/03\/El-laboratorio-central-de-Ribera-Lab-en-Torrellano-Elche-300x198.jpg 300w, https:\/\/riberasalud.com\/ribera-lab\/wp-content\/uploads\/2025\/03\/El-laboratorio-central-de-Ribera-Lab-en-Torrellano-Elche-768x506.jpg 768w\" sizes=\"auto, (max-width: 800px) 100vw, 800px\" \/><\/figure>\n<\/div>\n\n\n\n<div class=\"wp-block-column is-vertically-aligned-center first is-layout-flow wp-block-column-is-layout-flow\">\n<h2 class=\"wp-block-heading has-text-align-left\">Ponte en contacto con nosotros<\/h2>\n\n\n\n<h3 class=\"wp-block-heading has-text-align-left\"><strong>Email<\/strong><\/h3>\n\n\n\n<p class=\"has-text-align-left has-text-color has-link-color wp-elements-e37a33bdf5f3f53425fabf2746f86f67\" style=\"color:#d71029\"><a href=\"mailto:admin@riberalabs.com\">admin@riberalabs.com<\/a><\/p>\n\n\n\n<h3 class=\"wp-block-heading has-text-align-left\"><strong>Tel\u00e9fono<\/strong><\/h3>\n\n\n\n<p class=\"has-text-align-left has-contrast-color has-text-color has-link-color wp-elements-d084b73f2220e67ea6e831c17b675f13\"><a href=\"tel:965943133\">+34 965 94 31 33<\/a><br>Fax. +34 965 943 264<\/p>\n\n\n\n<h3 class=\"wp-block-heading has-text-align-left\"><strong>Localizaci\u00f3n<\/strong><\/h3>\n\n\n\n<p class=\"has-text-align-left has-contrast-color has-text-color has-link-color wp-elements-f2f756d305c7c5111172e3b33de21206\">Calle Nicol\u00e1s de Bussi, 18, Pol\u00edgono de Torrellano. 03203 Elche, Alicante<\/p>\n\n\n\n<p><a href=\"https:\/\/riberasalud.com\/ribera-lab\/centros\/\">Conoce todos nuestros centros \u2192<\/a><\/p>\n<\/div>\n<\/div>\n<\/div><\/div>\n\n\n\n<iframe class=\"mappildora1\" src=\"https:\/\/www.google.com\/maps\/embed?pb=!1m18!1m12!1m3!1d3131.5864242636676!2d-0.6241172237906536!3d38.289078871860355!2m3!1f0!2f0!3f0!3m2!1i1024!2i768!4f13.1!3m3!1m2!1s0xd63b5796ab1cdd1%3A0x29c6bf6df36057de!2sRibera%20Lab%20-%20Centro%20inmunol%C3%B3gico%20Alicante%20CIALAB%20(Elche)!5e0!3m2!1ses!2ses!4v1766404168067!5m2!1ses!2ses\" width=\"100%\" height=\"250\" style=\"border:0;\" allowfullscreen=\"\" loading=\"lazy\" referrerpolicy=\"no-referrer-when-downgrade\"><\/iframe>\n\n\n\n<div class=\"wp-block-group\"><div class=\"wp-block-group__inner-container is-layout-constrained wp-block-group-is-layout-constrained\">\n<h2 class=\"wp-block-heading\">Formulario de atenci\u00f3n al paciente<\/h2>\n\n\n\n<div style=\"height:20px\" aria-hidden=\"true\" class=\"wp-block-spacer\"><\/div>\n\n\n\n<div class=\"wp-block-contact-form-7-contact-form-selector\">\n<div class=\"wpcf7 no-js\" id=\"wpcf7-f2337-o1\" lang=\"es-ES\" dir=\"ltr\" data-wpcf7-id=\"2337\">\n<div class=\"screen-reader-response\"><p role=\"status\" aria-live=\"polite\" aria-atomic=\"true\"><\/p> <ul><\/ul><\/div>\n<form action=\"\/ribera-lab\/wp-json\/wp\/v2\/pages\/149#wpcf7-f2337-o1\" method=\"post\" class=\"wpcf7-form init\" aria-label=\"Formulario de contacto\" enctype=\"multipart\/form-data\" novalidate=\"novalidate\" data-status=\"init\">\n<fieldset class=\"hidden-fields-container\"><input type=\"hidden\" name=\"_wpcf7\" value=\"2337\" \/><input type=\"hidden\" name=\"_wpcf7_version\" value=\"6.1.4\" \/><input type=\"hidden\" name=\"_wpcf7_locale\" value=\"es_ES\" \/><input type=\"hidden\" name=\"_wpcf7_unit_tag\" value=\"wpcf7-f2337-o1\" \/><input type=\"hidden\" name=\"_wpcf7_container_post\" value=\"0\" \/><input type=\"hidden\" name=\"_wpcf7_posted_data_hash\" value=\"\" \/><input type=\"hidden\" name=\"_wpcf7cf_hidden_group_fields\" value=\"[]\" \/><input type=\"hidden\" name=\"_wpcf7cf_hidden_groups\" value=\"[]\" \/><input type=\"hidden\" name=\"_wpcf7cf_visible_groups\" value=\"[]\" \/><input type=\"hidden\" name=\"_wpcf7cf_repeaters\" value=\"[]\" \/><input type=\"hidden\" name=\"_wpcf7cf_steps\" value=\"{}\" \/><input type=\"hidden\" name=\"_wpcf7cf_options\" value=\"{&quot;form_id&quot;:2337,&quot;conditions&quot;:[{&quot;then_field&quot;:&quot;documentos&quot;,&quot;and_rules&quot;:[{&quot;if_field&quot;:&quot;documentacion&quot;,&quot;operator&quot;:&quot;equals&quot;,&quot;if_value&quot;:&quot;S\\u00ed&quot;}]}],&quot;settings&quot;:{&quot;animation&quot;:&quot;yes&quot;,&quot;animation_intime&quot;:200,&quot;animation_outtime&quot;:200,&quot;conditions_ui&quot;:&quot;normal&quot;,&quot;notice_dismissed&quot;:false}}\" \/>\n<\/fieldset>\n<div style=\"width:100%;flex-basis:100%\">\n\t<p><span class=\"wpcf7-form-control-wrap\" data-name=\"tipo\"><span class=\"wpcf7-form-control wpcf7-radio\"><span class=\"wpcf7-list-item first\"><label><input type=\"radio\" name=\"tipo\" value=\"Agradecimiento\" checked=\"checked\" \/><span class=\"wpcf7-list-item-label\">Agradecimiento<\/span><\/label><\/span><span class=\"wpcf7-list-item\"><label><input type=\"radio\" name=\"tipo\" value=\"Sugerencia\" \/><span class=\"wpcf7-list-item-label\">Sugerencia<\/span><\/label><\/span><span class=\"wpcf7-list-item last\"><label><input type=\"radio\" name=\"tipo\" value=\"Queja\" \/><span class=\"wpcf7-list-item-label\">Queja<\/span><\/label><\/span><\/span><\/span>\n\t<\/p>\n<\/div>\n<div style=\"flex-basis:49%\">\n\t<p><strong>Datos de la persona interesada<\/strong>\n\t<\/p>\n\t<p><span class=\"wpcf7-form-control-wrap\" data-name=\"apellidos\"><input size=\"40\" maxlength=\"400\" class=\"wpcf7-form-control wpcf7-text wpcf7-validates-as-required\" aria-required=\"true\" aria-invalid=\"false\" placeholder=\"Apellidos\" value=\"\" type=\"text\" name=\"apellidos\" \/><\/span>\n\t<\/p>\n\t<p><span class=\"wpcf7-form-control-wrap\" data-name=\"nombre\"><input size=\"40\" maxlength=\"400\" class=\"wpcf7-form-control wpcf7-text wpcf7-validates-as-required\" aria-required=\"true\" aria-invalid=\"false\" placeholder=\"Nombre\" value=\"\" type=\"text\" name=\"nombre\" \/><\/span>\n\t<\/p>\n\t<p><span class=\"wpcf7-form-control-wrap\" data-name=\"direccion\"><input size=\"40\" maxlength=\"400\" class=\"wpcf7-form-control wpcf7-text wpcf7-validates-as-required\" aria-required=\"true\" aria-invalid=\"false\" placeholder=\"Direcci\u00f3n\" value=\"\" type=\"text\" name=\"direccion\" \/><\/span>\n\t<\/p>\n\t<p><span class=\"wpcf7-form-control-wrap\" data-name=\"cp\"><input class=\"wpcf7-form-control wpcf7-number wpcf7-validates-as-required wpcf7-validates-as-number\" aria-required=\"true\" aria-invalid=\"false\" placeholder=\"CP\" value=\"\" type=\"number\" name=\"cp\" \/><\/span>\n\t<\/p>\n\t<p><span class=\"wpcf7-form-control-wrap\" data-name=\"municipio\"><input size=\"40\" maxlength=\"400\" class=\"wpcf7-form-control wpcf7-text wpcf7-validates-as-required\" aria-required=\"true\" aria-invalid=\"false\" placeholder=\"Municipio\" value=\"\" type=\"text\" name=\"municipio\" \/><\/span>\n\t<\/p>\n\t<p><span class=\"wpcf7-form-control-wrap\" data-name=\"provincia\"><input size=\"40\" maxlength=\"400\" class=\"wpcf7-form-control wpcf7-text wpcf7-validates-as-required\" aria-required=\"true\" aria-invalid=\"false\" placeholder=\"Provincia\" value=\"\" type=\"text\" name=\"provincia\" \/><\/span>\n\t<\/p>\n\t<p><span class=\"wpcf7-form-control-wrap\" data-name=\"telefono\"><input class=\"wpcf7-form-control wpcf7-number wpcf7-validates-as-required wpcf7-validates-as-number\" aria-required=\"true\" aria-invalid=\"false\" placeholder=\"Tel\u00e9fono\" value=\"\" type=\"number\" name=\"telefono\" \/><\/span>\n\t<\/p>\n\t<p><span class=\"wpcf7-form-control-wrap\" data-name=\"your-email\"><input size=\"40\" maxlength=\"400\" class=\"wpcf7-form-control wpcf7-email wpcf7-validates-as-required wpcf7-text wpcf7-validates-as-email\" aria-required=\"true\" aria-invalid=\"false\" placeholder=\"Correo electr\u00f3nico\" value=\"\" type=\"email\" name=\"your-email\" \/><\/span>\n\t<\/p>\n\t<p><span class=\"wpcf7-form-control-wrap\" data-name=\"relacion\"><input size=\"40\" maxlength=\"400\" class=\"wpcf7-form-control wpcf7-text\" aria-invalid=\"false\" placeholder=\"Relaci\u00f3n con el paciente\/Parentesco\" value=\"\" type=\"text\" name=\"relacion\" \/><\/span>\n\t<\/p>\n<\/div>\n<div style=\"flex-basis:49%\">\n\t<p><strong>Datos del paciente (si no coincide con la persona interesada)<\/strong>\n\t<\/p>\n\t<p><span class=\"wpcf7-form-control-wrap\" data-name=\"apellidospaciente\"><input size=\"40\" maxlength=\"400\" class=\"wpcf7-form-control wpcf7-text\" aria-invalid=\"false\" placeholder=\"Apellidos\" value=\"\" type=\"text\" name=\"apellidospaciente\" \/><\/span>\n\t<\/p>\n\t<p><span class=\"wpcf7-form-control-wrap\" data-name=\"nombrepaciente\"><input size=\"40\" maxlength=\"400\" class=\"wpcf7-form-control wpcf7-text\" aria-invalid=\"false\" placeholder=\"Nombre\" value=\"\" type=\"text\" name=\"nombrepaciente\" \/><\/span>\n\t<\/p>\n\t<p><span class=\"wpcf7-form-control-wrap\" data-name=\"aseguradorapaciente\"><input size=\"40\" maxlength=\"400\" class=\"wpcf7-form-control wpcf7-text\" aria-invalid=\"false\" placeholder=\"Aseguradora(si procede)\" value=\"\" type=\"text\" name=\"aseguradorapaciente\" \/><\/span>\n\t<\/p>\n\t<p><span class=\"wpcf7-form-control-wrap\" data-name=\"polizapaciente\"><input class=\"wpcf7-form-control wpcf7-number wpcf7-validates-as-number\" aria-invalid=\"false\" placeholder=\"N\u00ba de p\u00f3liza\" value=\"\" type=\"number\" name=\"polizapaciente\" \/><\/span>\n\t<\/p>\n<\/div>\n<div style=\"width:100%;flex-basis:100%\">\n\t<p><strong>Datos del centro<\/strong>\n\t<\/p>\n\t<p><span class=\"wpcf7-form-control-wrap\" data-name=\"localizacion\"><input size=\"40\" maxlength=\"400\" class=\"wpcf7-form-control wpcf7-text wpcf7-validates-as-required\" aria-required=\"true\" aria-invalid=\"false\" placeholder=\"Localizaci\u00f3n\" value=\"\" type=\"text\" name=\"localizacion\" \/><\/span>\n\t<\/p>\n\t<p><span class=\"wpcf7-form-control-wrap\" data-name=\"servicio\"><input size=\"40\" maxlength=\"400\" class=\"wpcf7-form-control wpcf7-text wpcf7-validates-as-required\" aria-required=\"true\" aria-invalid=\"false\" placeholder=\"Servicio\" value=\"\" type=\"text\" name=\"servicio\" \/><\/span>\n\t<\/p>\n<\/div>\n<div style=\"width:100%;flex-basis:100%\">\n\t<p><span class=\"wpcf7-form-control-wrap\" data-name=\"descripcion\"><textarea cols=\"40\" rows=\"10\" maxlength=\"2000\" class=\"wpcf7-form-control wpcf7-textarea wpcf7-validates-as-required\" aria-required=\"true\" aria-invalid=\"false\" placeholder=\"Descripci\u00f3n de motivos\" name=\"descripcion\"><\/textarea><\/span>\n\t<\/p>\n<\/div>\n<div style=\"width:100%;flex-basis:100%\">\n\t<p><label>Presentaci\u00f3n de documentaci\u00f3n<br \/>\n<span class=\"wpcf7-form-control-wrap\" data-name=\"documentacion\"><span class=\"wpcf7-form-control wpcf7-radio\"><span class=\"wpcf7-list-item first\"><label><input type=\"radio\" name=\"documentacion\" value=\"S\u00ed\" \/><span class=\"wpcf7-list-item-label\">S\u00ed<\/span><\/label><\/span><span class=\"wpcf7-list-item last\"><label><input type=\"radio\" name=\"documentacion\" value=\"No\" checked=\"checked\" \/><span class=\"wpcf7-list-item-label\">No<\/span><\/label><\/span><\/span><\/span><\/label>\n\t<\/p>\n<\/div>\n<div style=\"width:100%;flex-basis:100%\">\n\t<div data-id=\"documentos\" data-orig_data_id=\"documentos\"  class=\"\" data-class=\"wpcf7cf_group\">\n\t\t<p><span class=\"wpcf7-form-control-wrap\" data-name=\"file-130\"><input size=\"40\" class=\"wpcf7-form-control wpcf7-file\" accept=\".pdf,.jpg,.png,.doc,.docx,.xls\" aria-invalid=\"false\" type=\"file\" name=\"file-130\" \/><\/span>\n\t\t<\/p>\n\t<\/div>\n<\/div>\n<div style=\"margin-top:15px;margin-bottom:15px\">\n\t<p><span class=\"wpcf7-form-control-wrap\" data-name=\"acceptance-778\"><span class=\"wpcf7-form-control wpcf7-acceptance\"><span class=\"wpcf7-list-item\"><label><input type=\"checkbox\" name=\"acceptance-778\" value=\"1\" aria-invalid=\"false\" \/><span class=\"wpcf7-list-item-label\">He le\u00eddo y acepto la <a href=\"https:\/\/www.riberasalud.com\/politica-de-privacidad\/\">Pol\u00edtica de privacidad<\/a>.<\/span><\/label><\/span><\/span><\/span>\n\t<\/p>\n\t<div>\n\t\t<div class=\"textoslegales\" style=\"flex-basis:100%;font-size:10px!important;margin-top:10px;margin-bottom:10px\">\n\t\t\t<p>Responsable del tratamiento: Centro Inmunol\u00f3gico de la Comunidad Valenciana, S.L.U.\n\t\t\t<\/p>\n\t\t\t<p>Finalidad: Gestionar y atender las quejas, agradecimientos y sugerencias.\n\t\t\t<\/p>\n\t\t\t<p>Delegado de Protecci\u00f3n de Datos (DPD): dpo@riberasalud.es\n\t\t\t<\/p>\n\t\t\t<p>Derechos: Podr\u00e1 ejercitar los derechos de acceso, supresi\u00f3n, rectificaci\u00f3n, oposici\u00f3n, limitaci\u00f3n y portabilidad siguiendo las indicaciones que encontrar\u00e1 en la Pol\u00edtica de privacidad.\n\t\t\t<\/p>\n\t\t\t<p>M\u00e1s info: <a href=\"https:\/\/www.riberasalud.com\/ribera-lab\/politica-de-privacidad\/\">Aqu\u00ed. <\/a>\n\t\t\t<\/p>\n\t\t<\/div>\n\t\t<p><input class=\"wpcf7-form-control wpcf7-submit has-spinner\" type=\"submit\" value=\"Enviar\" \/>\n\t\t<\/p>\n\t<\/div>\n<\/div><div class=\"wpcf7-response-output\" aria-hidden=\"true\"><\/div>\n<\/form>\n<\/div>\n<\/div>\n<\/div><\/div>\n\n\n\n<div class=\"wp-block-group\"><div class=\"wp-block-group__inner-container is-layout-constrained wp-block-group-is-layout-constrained\"><\/div><\/div>\n","protected":false},"excerpt":{"rendered":"<p>Ponte en contacto con nosotros Email admin@riberalabs.com Tel\u00e9fono +34 965 94 31 33Fax. +34 965 943 264 Localizaci\u00f3n Calle Nicol\u00e1s de Bussi, 18, Pol\u00edgono de Torrellano. 03203 Elche, Alicante Conoce todos nuestros centros \u2192 Formulario de atenci\u00f3n al paciente<\/p>\n","protected":false},"author":1,"featured_media":0,"parent":0,"menu_order":0,"comment_status":"closed","ping_status":"closed","template":"","meta":{"footnotes":""},"class_list":["post-149","page","type-page","status-publish"],"yoast_head":"<!-- This site is optimized with the Yoast SEO plugin v26.6 - https:\/\/yoast.com\/wordpress\/plugins\/seo\/ -->\n<title>Contacto - Ribera Lab<\/title>\n<meta name=\"description\" content=\"Encuentra de forma r\u00e1pida c\u00f3mo contactar con nosotros y d\u00f3nde estamos.\" \/>\n<meta name=\"robots\" content=\"index, follow, max-snippet:-1, max-image-preview:large, max-video-preview:-1\" \/>\n<link rel=\"canonical\" href=\"https:\/\/riberasalud.com\/ribera-lab\/contacto\/\" \/>\n<meta property=\"og:locale\" content=\"es_ES\" \/>\n<meta property=\"og:type\" content=\"article\" \/>\n<meta property=\"og:title\" content=\"Contacto - Ribera Lab\" \/>\n<meta property=\"og:description\" content=\"Encuentra de forma r\u00e1pida c\u00f3mo contactar con nosotros y d\u00f3nde estamos.\" \/>\n<meta property=\"og:url\" content=\"https:\/\/riberasalud.com\/ribera-lab\/contacto\/\" \/>\n<meta property=\"og:site_name\" content=\"Ribera Lab\" \/>\n<meta property=\"article:modified_time\" content=\"2026-02-06T13:19:55+00:00\" \/>\n<meta property=\"og:image\" content=\"https:\/\/riberasalud.com\/ribera-lab\/wp-content\/uploads\/2024\/10\/Ribera-Lab2.jpg\" \/>\n<meta name=\"twitter:card\" content=\"summary_large_image\" \/>\n<meta name=\"twitter:label1\" content=\"Tiempo de lectura\" \/>\n\t<meta name=\"twitter:data1\" content=\"1 minuto\" \/>\n<script type=\"application\/ld+json\" class=\"yoast-schema-graph\">{\"@context\":\"https:\/\/schema.org\",\"@graph\":[{\"@type\":\"WebPage\",\"@id\":\"https:\/\/riberasalud.com\/ribera-lab\/contacto\/\",\"url\":\"https:\/\/riberasalud.com\/ribera-lab\/contacto\/\",\"name\":\"Contacto - Ribera Lab\",\"isPartOf\":{\"@id\":\"https:\/\/riberasalud.com\/ribera-lab\/#website\"},\"primaryImageOfPage\":{\"@id\":\"https:\/\/riberasalud.com\/ribera-lab\/contacto\/#primaryimage\"},\"image\":{\"@id\":\"https:\/\/riberasalud.com\/ribera-lab\/contacto\/#primaryimage\"},\"thumbnailUrl\":\"https:\/\/riberasalud.com\/ribera-lab\/wp-content\/uploads\/2024\/10\/Ribera-Lab2.jpg\",\"datePublished\":\"2024-09-26T14:30:58+00:00\",\"dateModified\":\"2026-02-06T13:19:55+00:00\",\"description\":\"Encuentra de forma r\u00e1pida c\u00f3mo contactar con nosotros y d\u00f3nde estamos.\",\"breadcrumb\":{\"@id\":\"https:\/\/riberasalud.com\/ribera-lab\/contacto\/#breadcrumb\"},\"inLanguage\":\"es\",\"potentialAction\":[{\"@type\":\"ReadAction\",\"target\":[\"https:\/\/riberasalud.com\/ribera-lab\/contacto\/\"]}]},{\"@type\":\"ImageObject\",\"inLanguage\":\"es\",\"@id\":\"https:\/\/riberasalud.com\/ribera-lab\/contacto\/#primaryimage\",\"url\":\"https:\/\/riberasalud.com\/ribera-lab\/wp-content\/uploads\/2024\/10\/Ribera-Lab2.jpg\",\"contentUrl\":\"https:\/\/riberasalud.com\/ribera-lab\/wp-content\/uploads\/2024\/10\/Ribera-Lab2.jpg\",\"width\":800,\"height\":533},{\"@type\":\"BreadcrumbList\",\"@id\":\"https:\/\/riberasalud.com\/ribera-lab\/contacto\/#breadcrumb\",\"itemListElement\":[{\"@type\":\"ListItem\",\"position\":1,\"name\":\"Portada\",\"item\":\"https:\/\/riberasalud.com\/ribera-lab\/\"},{\"@type\":\"ListItem\",\"position\":2,\"name\":\"Contacto\"}]},{\"@type\":\"WebSite\",\"@id\":\"https:\/\/riberasalud.com\/ribera-lab\/#website\",\"url\":\"https:\/\/riberasalud.com\/ribera-lab\/\",\"name\":\"Ribera Lab\",\"description\":\"\",\"publisher\":{\"@id\":\"https:\/\/riberasalud.com\/ribera-lab\/#organization\"},\"potentialAction\":[{\"@type\":\"SearchAction\",\"target\":{\"@type\":\"EntryPoint\",\"urlTemplate\":\"https:\/\/riberasalud.com\/ribera-lab\/?s={search_term_string}\"},\"query-input\":{\"@type\":\"PropertyValueSpecification\",\"valueRequired\":true,\"valueName\":\"search_term_string\"}}],\"inLanguage\":\"es\"},{\"@type\":\"Organization\",\"@id\":\"https:\/\/riberasalud.com\/ribera-lab\/#organization\",\"name\":\"Ribera Lab\",\"url\":\"https:\/\/riberasalud.com\/ribera-lab\/\",\"logo\":{\"@type\":\"ImageObject\",\"inLanguage\":\"es\",\"@id\":\"https:\/\/riberasalud.com\/ribera-lab\/#\/schema\/logo\/image\/\",\"url\":\"https:\/\/riberasalud.com\/ribera-lab\/wp-content\/uploads\/2024\/10\/cropped-cropped-Logo-Red-Lab-1.png\",\"contentUrl\":\"https:\/\/riberasalud.com\/ribera-lab\/wp-content\/uploads\/2024\/10\/cropped-cropped-Logo-Red-Lab-1.png\",\"width\":1611,\"height\":474,\"caption\":\"Ribera Lab\"},\"image\":{\"@id\":\"https:\/\/riberasalud.com\/ribera-lab\/#\/schema\/logo\/image\/\"}}]}<\/script>\n<!-- \/ Yoast SEO plugin. -->","yoast_head_json":{"title":"Contacto - Ribera Lab","description":"Encuentra de forma r\u00e1pida c\u00f3mo contactar con nosotros y d\u00f3nde estamos.","robots":{"index":"index","follow":"follow","max-snippet":"max-snippet:-1","max-image-preview":"max-image-preview:large","max-video-preview":"max-video-preview:-1"},"canonical":"https:\/\/riberasalud.com\/ribera-lab\/contacto\/","og_locale":"es_ES","og_type":"article","og_title":"Contacto - Ribera Lab","og_description":"Encuentra de forma r\u00e1pida c\u00f3mo contactar con nosotros y d\u00f3nde estamos.","og_url":"https:\/\/riberasalud.com\/ribera-lab\/contacto\/","og_site_name":"Ribera Lab","article_modified_time":"2026-02-06T13:19:55+00:00","og_image":[{"url":"https:\/\/riberasalud.com\/ribera-lab\/wp-content\/uploads\/2024\/10\/Ribera-Lab2.jpg","type":"","width":"","height":""}],"twitter_card":"summary_large_image","twitter_misc":{"Tiempo de lectura":"1 minuto"},"schema":{"@context":"https:\/\/schema.org","@graph":[{"@type":"WebPage","@id":"https:\/\/riberasalud.com\/ribera-lab\/contacto\/","url":"https:\/\/riberasalud.com\/ribera-lab\/contacto\/","name":"Contacto - Ribera Lab","isPartOf":{"@id":"https:\/\/riberasalud.com\/ribera-lab\/#website"},"primaryImageOfPage":{"@id":"https:\/\/riberasalud.com\/ribera-lab\/contacto\/#primaryimage"},"image":{"@id":"https:\/\/riberasalud.com\/ribera-lab\/contacto\/#primaryimage"},"thumbnailUrl":"https:\/\/riberasalud.com\/ribera-lab\/wp-content\/uploads\/2024\/10\/Ribera-Lab2.jpg","datePublished":"2024-09-26T14:30:58+00:00","dateModified":"2026-02-06T13:19:55+00:00","description":"Encuentra de forma r\u00e1pida c\u00f3mo contactar con nosotros y d\u00f3nde estamos.","breadcrumb":{"@id":"https:\/\/riberasalud.com\/ribera-lab\/contacto\/#breadcrumb"},"inLanguage":"es","potentialAction":[{"@type":"ReadAction","target":["https:\/\/riberasalud.com\/ribera-lab\/contacto\/"]}]},{"@type":"ImageObject","inLanguage":"es","@id":"https:\/\/riberasalud.com\/ribera-lab\/contacto\/#primaryimage","url":"https:\/\/riberasalud.com\/ribera-lab\/wp-content\/uploads\/2024\/10\/Ribera-Lab2.jpg","contentUrl":"https:\/\/riberasalud.com\/ribera-lab\/wp-content\/uploads\/2024\/10\/Ribera-Lab2.jpg","width":800,"height":533},{"@type":"BreadcrumbList","@id":"https:\/\/riberasalud.com\/ribera-lab\/contacto\/#breadcrumb","itemListElement":[{"@type":"ListItem","position":1,"name":"Portada","item":"https:\/\/riberasalud.com\/ribera-lab\/"},{"@type":"ListItem","position":2,"name":"Contacto"}]},{"@type":"WebSite","@id":"https:\/\/riberasalud.com\/ribera-lab\/#website","url":"https:\/\/riberasalud.com\/ribera-lab\/","name":"Ribera Lab","description":"","publisher":{"@id":"https:\/\/riberasalud.com\/ribera-lab\/#organization"},"potentialAction":[{"@type":"SearchAction","target":{"@type":"EntryPoint","urlTemplate":"https:\/\/riberasalud.com\/ribera-lab\/?s={search_term_string}"},"query-input":{"@type":"PropertyValueSpecification","valueRequired":true,"valueName":"search_term_string"}}],"inLanguage":"es"},{"@type":"Organization","@id":"https:\/\/riberasalud.com\/ribera-lab\/#organization","name":"Ribera Lab","url":"https:\/\/riberasalud.com\/ribera-lab\/","logo":{"@type":"ImageObject","inLanguage":"es","@id":"https:\/\/riberasalud.com\/ribera-lab\/#\/schema\/logo\/image\/","url":"https:\/\/riberasalud.com\/ribera-lab\/wp-content\/uploads\/2024\/10\/cropped-cropped-Logo-Red-Lab-1.png","contentUrl":"https:\/\/riberasalud.com\/ribera-lab\/wp-content\/uploads\/2024\/10\/cropped-cropped-Logo-Red-Lab-1.png","width":1611,"height":474,"caption":"Ribera Lab"},"image":{"@id":"https:\/\/riberasalud.com\/ribera-lab\/#\/schema\/logo\/image\/"}}]}},"_links":{"self":[{"href":"https:\/\/riberasalud.com\/ribera-lab\/wp-json\/wp\/v2\/pages\/149","targetHints":{"allow":["GET"]}}],"collection":[{"href":"https:\/\/riberasalud.com\/ribera-lab\/wp-json\/wp\/v2\/pages"}],"about":[{"href":"https:\/\/riberasalud.com\/ribera-lab\/wp-json\/wp\/v2\/types\/page"}],"author":[{"embeddable":true,"href":"https:\/\/riberasalud.com\/ribera-lab\/wp-json\/wp\/v2\/users\/1"}],"replies":[{"embeddable":true,"href":"https:\/\/riberasalud.com\/ribera-lab\/wp-json\/wp\/v2\/comments?post=149"}],"version-history":[{"count":11,"href":"https:\/\/riberasalud.com\/ribera-lab\/wp-json\/wp\/v2\/pages\/149\/revisions"}],"predecessor-version":[{"id":16222,"href":"https:\/\/riberasalud.com\/ribera-lab\/wp-json\/wp\/v2\/pages\/149\/revisions\/16222"}],"wp:attachment":[{"href":"https:\/\/riberasalud.com\/ribera-lab\/wp-json\/wp\/v2\/media?parent=149"}],"curies":[{"name":"wp","href":"https:\/\/api.w.org\/{rel}","templated":true}]}}