{"id":1404,"date":"2026-01-14T12:34:53","date_gmt":"2026-01-14T11:34:53","guid":{"rendered":"https:\/\/riberasalud.com\/ribera-labaux\/?page_id=1404"},"modified":"2026-02-16T17:51:07","modified_gmt":"2026-02-16T16:51:07","slug":"diagnostico-clinico","status":"publish","type":"page","link":"https:\/\/riberasalud.com\/ribera-lab\/diagnostico-clinico\/","title":{"rendered":"Diagn\u00f3stico cl\u00ednico"},"content":{"rendered":"\n<div class=\"wp-block-cover alignfull bannerribera\" style=\"min-height:430px;aspect-ratio:unset;\"><img loading=\"lazy\" decoding=\"async\" width=\"800\" height=\"470\" class=\"wp-block-cover__image-background wp-image-1414 size-full\" alt=\"laboratorio central\" src=\"https:\/\/riberasalud.com\/ribera-lab\/wp-content\/uploads\/2026\/01\/Profesionales-del-grupo-Ribera-en-su-laboratorio-central.jpg\" style=\"object-position:19% 56%\" data-object-fit=\"cover\" data-object-position=\"19% 56%\" srcset=\"https:\/\/riberasalud.com\/ribera-lab\/wp-content\/uploads\/2026\/01\/Profesionales-del-grupo-Ribera-en-su-laboratorio-central.jpg 800w, https:\/\/riberasalud.com\/ribera-lab\/wp-content\/uploads\/2026\/01\/Profesionales-del-grupo-Ribera-en-su-laboratorio-central-300x176.jpg 300w, https:\/\/riberasalud.com\/ribera-lab\/wp-content\/uploads\/2026\/01\/Profesionales-del-grupo-Ribera-en-su-laboratorio-central-768x451.jpg 768w\" sizes=\"auto, (max-width: 800px) 100vw, 800px\" \/><span aria-hidden=\"true\" class=\"wp-block-cover__background has-contrast-background-color has-background-dim\"><\/span><div class=\"wp-block-cover__inner-container is-layout-constrained wp-block-cover-is-layout-constrained\">\n<div class=\"wp-block-columns is-layout-flex wp-container-core-columns-is-layout-9d6595d7 wp-block-columns-is-layout-flex\">\n<div class=\"wp-block-column is-layout-flow wp-block-column-is-layout-flow\">\n<h1 class=\"wp-block-heading has-text-align-center has-large-font-size\">Diagn\u00f3stico cl\u00ednico<\/h1>\n\n\n\n<p class=\"has-text-align-center\" style=\"font-size:18px\">\u00c1reas especializadas del laboratorio cl\u00ednico que integran tecnolog\u00edas avanzadas para el an\u00e1lisis, detecci\u00f3n y seguimiento de enfermedades<\/p>\n<\/div>\n<\/div>\n<\/div><\/div>\n\n\n\n<div style=\"height:40px\" aria-hidden=\"true\" class=\"wp-block-spacer onlydesktop\"><\/div>\n\n\n\n<div class=\"wp-block-group\"><div class=\"wp-block-group__inner-container is-layout-constrained wp-block-group-is-layout-constrained\">\n<div class=\"wp-block-columns prevencion is-layout-flex wp-container-core-columns-is-layout-9d6595d7 wp-block-columns-is-layout-flex\">\n<div class=\"wp-block-column first is-layout-flow wp-block-column-is-layout-flow\">\n<figure class=\"wp-block-image size-full fotomodulo\"><img loading=\"lazy\" decoding=\"async\" width=\"800\" height=\"533\" src=\"https:\/\/riberasalud.com\/ribera-lab\/wp-content\/uploads\/2025\/11\/ilustracion-de-estructura-molecular-de-hebras-de-adn-de-biologia-celular-humana.jpg\" alt=\"Gen\u00e9tica humana\" class=\"wp-image-1083\" srcset=\"https:\/\/riberasalud.com\/ribera-lab\/wp-content\/uploads\/2025\/11\/ilustracion-de-estructura-molecular-de-hebras-de-adn-de-biologia-celular-humana.jpg 800w, https:\/\/riberasalud.com\/ribera-lab\/wp-content\/uploads\/2025\/11\/ilustracion-de-estructura-molecular-de-hebras-de-adn-de-biologia-celular-humana-300x200.jpg 300w, https:\/\/riberasalud.com\/ribera-lab\/wp-content\/uploads\/2025\/11\/ilustracion-de-estructura-molecular-de-hebras-de-adn-de-biologia-celular-humana-768x512.jpg 768w\" sizes=\"auto, (max-width: 800px) 100vw, 800px\" \/><\/figure>\n\n\n\n<h3 class=\"wp-block-heading has-text-align-center\"><strong>Gen\u00e9tica<\/strong><\/h3>\n\n\n\n<div class=\"wp-block-buttons is-content-justification-center is-layout-flex wp-container-core-buttons-is-layout-16018d1d wp-block-buttons-is-layout-flex\">\n<div class=\"wp-block-button is-style-fill\"><a class=\"wp-block-button__link has-background has-small-font-size has-custom-font-size wp-element-button\" href=\"https:\/\/riberasalud.com\/ribera-lab\/genetica\/\" style=\"background-color:#d71029\">M\u00e1s informaci\u00f3n \u2192<\/a><\/div>\n<\/div>\n<\/div>\n\n\n\n<div class=\"wp-block-column first is-layout-flow wp-block-column-is-layout-flow\">\n<figure class=\"wp-block-image size-full fotomodulo\"><img loading=\"lazy\" decoding=\"async\" width=\"1000\" height=\"667\" src=\"https:\/\/riberasalud.com\/ribera-lab\/wp-content\/uploads\/2025\/03\/scientist-or-medical-in-lab-coat-working-in-biotechnology-lab.jpg\" alt=\"mirando por un microscopio de laboratorio\" class=\"wp-image-851\" srcset=\"https:\/\/riberasalud.com\/ribera-lab\/wp-content\/uploads\/2025\/03\/scientist-or-medical-in-lab-coat-working-in-biotechnology-lab.jpg 1000w, https:\/\/riberasalud.com\/ribera-lab\/wp-content\/uploads\/2025\/03\/scientist-or-medical-in-lab-coat-working-in-biotechnology-lab-300x200.jpg 300w, https:\/\/riberasalud.com\/ribera-lab\/wp-content\/uploads\/2025\/03\/scientist-or-medical-in-lab-coat-working-in-biotechnology-lab-768x512.jpg 768w\" sizes=\"auto, (max-width: 1000px) 100vw, 1000px\" \/><\/figure>\n\n\n\n<h3 class=\"wp-block-heading has-text-align-center\"><strong>Microbiolog\u00eda<\/strong><\/h3>\n\n\n\n<div class=\"wp-block-buttons is-content-justification-center is-layout-flex wp-container-core-buttons-is-layout-16018d1d wp-block-buttons-is-layout-flex\">\n<div class=\"wp-block-button is-style-fill\"><a class=\"wp-block-button__link has-background has-small-font-size has-custom-font-size wp-element-button\" href=\"https:\/\/riberasalud.com\/ribera-lab\/microbiologia-clinica\/\" style=\"background-color:#d71029\">M\u00e1s informaci\u00f3n \u2192<\/a><\/div>\n<\/div>\n<\/div>\n\n\n\n<div class=\"wp-block-column first is-layout-flow wp-block-column-is-layout-flow\">\n<figure class=\"wp-block-image size-full fotomodulo\"><img loading=\"lazy\" decoding=\"async\" width=\"768\" height=\"512\" src=\"https:\/\/riberasalud.com\/ribera-lab\/wp-content\/uploads\/2026\/01\/Profesionales-del-grupo-Ribera-en-su-laboratorio-central-en-Elche-768x512-1.jpg\" alt=\"bioqu\u00edmica CORE\" class=\"wp-image-1410\" srcset=\"https:\/\/riberasalud.com\/ribera-lab\/wp-content\/uploads\/2026\/01\/Profesionales-del-grupo-Ribera-en-su-laboratorio-central-en-Elche-768x512-1.jpg 768w, https:\/\/riberasalud.com\/ribera-lab\/wp-content\/uploads\/2026\/01\/Profesionales-del-grupo-Ribera-en-su-laboratorio-central-en-Elche-768x512-1-300x200.jpg 300w\" sizes=\"auto, (max-width: 768px) 100vw, 768px\" \/><\/figure>\n\n\n\n<h3 class=\"wp-block-heading has-text-align-center\"><strong>Bioqu\u00edmica CORE<\/strong><\/h3>\n\n\n\n<div class=\"wp-block-buttons is-content-justification-center is-layout-flex wp-container-core-buttons-is-layout-16018d1d wp-block-buttons-is-layout-flex\">\n<div class=\"wp-block-button is-style-fill\"><a class=\"wp-block-button__link has-background has-small-font-size has-custom-font-size wp-element-button\" href=\"https:\/\/riberasalud.com\/ribera-lab\/laboratorio-core-de-bioquimica-hematologia-y-microbiologia\/\" style=\"background-color:#d71029\">M\u00e1s informaci\u00f3n \u2192<\/a><\/div>\n<\/div>\n<\/div>\n<\/div>\n\n\n\n<div style=\"height:30px\" aria-hidden=\"true\" class=\"wp-block-spacer\"><\/div>\n\n\n\n<div class=\"wp-block-columns prevencion is-layout-flex wp-container-core-columns-is-layout-9d6595d7 wp-block-columns-is-layout-flex\">\n<div class=\"wp-block-column first is-layout-flow wp-block-column-is-layout-flow\">\n<figure class=\"wp-block-image size-full fotomodulo\"><img loading=\"lazy\" decoding=\"async\" width=\"800\" height=\"533\" src=\"https:\/\/riberasalud.com\/ribera-lab\/wp-content\/uploads\/2026\/02\/anatomiaPatologica2.jpg\" alt=\"Anatom\u00eda Patol\u00f3gica\" class=\"wp-image-16318\" srcset=\"https:\/\/riberasalud.com\/ribera-lab\/wp-content\/uploads\/2026\/02\/anatomiaPatologica2.jpg 800w, https:\/\/riberasalud.com\/ribera-lab\/wp-content\/uploads\/2026\/02\/anatomiaPatologica2-300x200.jpg 300w, https:\/\/riberasalud.com\/ribera-lab\/wp-content\/uploads\/2026\/02\/anatomiaPatologica2-768x512.jpg 768w\" sizes=\"auto, (max-width: 800px) 100vw, 800px\" \/><\/figure>\n\n\n\n<h3 class=\"wp-block-heading has-text-align-center\"><strong>Anatom\u00eda Patol\u00f3gica<\/strong><\/h3>\n\n\n\n<div class=\"wp-block-buttons is-content-justification-center is-layout-flex wp-container-core-buttons-is-layout-16018d1d wp-block-buttons-is-layout-flex\">\n<div class=\"wp-block-button is-style-fill\"><a class=\"wp-block-button__link has-background has-small-font-size has-custom-font-size wp-element-button\" href=\"https:\/\/riberasalud.com\/ribera-lab\/anatomia-patologica\/\" style=\"background-color:#d71029\">M\u00e1s informaci\u00f3n \u2192<\/a><\/div>\n<\/div>\n<\/div>\n\n\n\n<div class=\"wp-block-column first is-layout-flow wp-block-column-is-layout-flow\">\n<figure class=\"wp-block-image size-full fotomodulo\"><img loading=\"lazy\" decoding=\"async\" width=\"2560\" height=\"1707\" src=\"https:\/\/riberasalud.com\/ribera-lab\/wp-content\/uploads\/2026\/01\/HUT_Laboratorio-Torrejon-2-scaled-1.jpg\" alt=\"laboratorio de torrej\u00f3n\" class=\"wp-image-1498\" srcset=\"https:\/\/riberasalud.com\/ribera-lab\/wp-content\/uploads\/2026\/01\/HUT_Laboratorio-Torrejon-2-scaled-1.jpg 2560w, https:\/\/riberasalud.com\/ribera-lab\/wp-content\/uploads\/2026\/01\/HUT_Laboratorio-Torrejon-2-scaled-1-300x200.jpg 300w, https:\/\/riberasalud.com\/ribera-lab\/wp-content\/uploads\/2026\/01\/HUT_Laboratorio-Torrejon-2-scaled-1-1024x683.jpg 1024w, https:\/\/riberasalud.com\/ribera-lab\/wp-content\/uploads\/2026\/01\/HUT_Laboratorio-Torrejon-2-scaled-1-768x512.jpg 768w, https:\/\/riberasalud.com\/ribera-lab\/wp-content\/uploads\/2026\/01\/HUT_Laboratorio-Torrejon-2-scaled-1-1536x1024.jpg 1536w, https:\/\/riberasalud.com\/ribera-lab\/wp-content\/uploads\/2026\/01\/HUT_Laboratorio-Torrejon-2-scaled-1-2048x1366.jpg 2048w\" sizes=\"auto, (max-width: 2560px) 100vw, 2560px\" \/><\/figure>\n\n\n\n<h3 class=\"wp-block-heading has-text-align-center\"><strong>Inmunolog\u00eda cl\u00ednica<\/strong><\/h3>\n\n\n\n<div class=\"wp-block-buttons is-content-justification-center is-layout-flex wp-container-core-buttons-is-layout-16018d1d wp-block-buttons-is-layout-flex\">\n<div class=\"wp-block-button is-style-fill\"><a class=\"wp-block-button__link has-background has-small-font-size has-custom-font-size wp-element-button\" href=\"https:\/\/riberasalud.com\/ribera-lab\/inmunologia-clinica\/\" style=\"background-color:#d71029\">M\u00e1s informaci\u00f3n \u2192<\/a><\/div>\n<\/div>\n<\/div>\n\n\n\n<div class=\"wp-block-column first is-layout-flow wp-block-column-is-layout-flow\">\n<figure class=\"wp-block-image size-full fotomodulo\"><img loading=\"lazy\" decoding=\"async\" width=\"800\" height=\"533\" src=\"https:\/\/riberasalud.com\/ribera-lab\/wp-content\/uploads\/2024\/10\/muestras-1.jpg\" alt=\"Muestras laboratorio\" class=\"wp-image-661\" srcset=\"https:\/\/riberasalud.com\/ribera-lab\/wp-content\/uploads\/2024\/10\/muestras-1.jpg 800w, https:\/\/riberasalud.com\/ribera-lab\/wp-content\/uploads\/2024\/10\/muestras-1-300x200.jpg 300w, https:\/\/riberasalud.com\/ribera-lab\/wp-content\/uploads\/2024\/10\/muestras-1-768x512.jpg 768w\" sizes=\"auto, (max-width: 800px) 100vw, 800px\" \/><\/figure>\n\n\n\n<h3 class=\"wp-block-heading has-text-align-center\"><strong>Citometr\u00eda<\/strong><\/h3>\n\n\n\n<div class=\"wp-block-buttons is-content-justification-center is-layout-flex wp-container-core-buttons-is-layout-16018d1d wp-block-buttons-is-layout-flex\">\n<div class=\"wp-block-button is-style-fill\"><a class=\"wp-block-button__link has-background has-small-font-size has-custom-font-size wp-element-button\" href=\"https:\/\/riberasalud.com\/ribera-lab\/citometria-de-flujo\/\" style=\"background-color:#d71029\">M\u00e1s informaci\u00f3n \u2192<\/a><\/div>\n<\/div>\n<\/div>\n<\/div>\n<\/div><\/div>\n\n\n\n<div style=\"height:40px\" aria-hidden=\"true\" class=\"wp-block-spacer onlydesktop\"><\/div>\n","protected":false},"excerpt":{"rendered":"<p>Gen\u00e9tica Microbiolog\u00eda Bioqu\u00edmica CORE Anatom\u00eda Patol\u00f3gica Inmunolog\u00eda cl\u00ednica Citometr\u00eda<\/p>\n","protected":false},"author":2,"featured_media":0,"parent":0,"menu_order":0,"comment_status":"closed","ping_status":"closed","template":"","meta":{"footnotes":""},"class_list":["post-1404","page","type-page","status-publish"],"yoast_head":"<!-- This site is optimized with the Yoast SEO plugin v26.6 - https:\/\/yoast.com\/wordpress\/plugins\/seo\/ -->\n<title>Diagn\u00f3stico cl\u00ednico - Ribera Lab<\/title>\n<meta name=\"description\" content=\"Dise\u00f1adas para ofrecer resultados precisos y confiables. Cada an\u00e1lisis ha sido seleccionado por su relevancia cl\u00ednica, innovaci\u00f3n y valor diagn\u00f3stico\" \/>\n<meta name=\"robots\" content=\"index, follow, max-snippet:-1, max-image-preview:large, max-video-preview:-1\" \/>\n<link rel=\"canonical\" href=\"https:\/\/riberasalud.com\/ribera-lab\/diagnostico-clinico\/\" \/>\n<meta property=\"og:locale\" content=\"es_ES\" \/>\n<meta property=\"og:type\" content=\"article\" \/>\n<meta property=\"og:title\" content=\"Diagn\u00f3stico cl\u00ednico - Ribera Lab\" \/>\n<meta property=\"og:description\" content=\"Dise\u00f1adas para ofrecer resultados precisos y confiables. Cada an\u00e1lisis ha sido seleccionado por su relevancia cl\u00ednica, innovaci\u00f3n y valor diagn\u00f3stico\" \/>\n<meta property=\"og:url\" content=\"https:\/\/riberasalud.com\/ribera-lab\/diagnostico-clinico\/\" \/>\n<meta property=\"og:site_name\" content=\"Ribera Lab\" \/>\n<meta property=\"article:modified_time\" content=\"2026-02-16T16:51:07+00:00\" \/>\n<meta property=\"og:image\" content=\"https:\/\/riberasalud.com\/ribera-lab\/wp-content\/uploads\/2026\/01\/Profesionales-del-grupo-Ribera-en-su-laboratorio-central.jpg\" \/>\n<meta name=\"twitter:card\" content=\"summary_large_image\" \/>\n<meta name=\"twitter:label1\" content=\"Tiempo de lectura\" \/>\n\t<meta name=\"twitter:data1\" content=\"2 minutos\" \/>\n<script type=\"application\/ld+json\" class=\"yoast-schema-graph\">{\"@context\":\"https:\/\/schema.org\",\"@graph\":[{\"@type\":\"WebPage\",\"@id\":\"https:\/\/riberasalud.com\/ribera-lab\/diagnostico-clinico\/\",\"url\":\"https:\/\/riberasalud.com\/ribera-lab\/diagnostico-clinico\/\",\"name\":\"Diagn\u00f3stico cl\u00ednico - Ribera Lab\",\"isPartOf\":{\"@id\":\"https:\/\/riberasalud.com\/ribera-lab\/#website\"},\"primaryImageOfPage\":{\"@id\":\"https:\/\/riberasalud.com\/ribera-lab\/diagnostico-clinico\/#primaryimage\"},\"image\":{\"@id\":\"https:\/\/riberasalud.com\/ribera-lab\/diagnostico-clinico\/#primaryimage\"},\"thumbnailUrl\":\"https:\/\/riberasalud.com\/ribera-lab\/wp-content\/uploads\/2026\/01\/Profesionales-del-grupo-Ribera-en-su-laboratorio-central.jpg\",\"datePublished\":\"2026-01-14T11:34:53+00:00\",\"dateModified\":\"2026-02-16T16:51:07+00:00\",\"description\":\"Dise\u00f1adas para ofrecer resultados precisos y confiables. Cada an\u00e1lisis ha sido seleccionado por su relevancia cl\u00ednica, innovaci\u00f3n y valor diagn\u00f3stico\",\"breadcrumb\":{\"@id\":\"https:\/\/riberasalud.com\/ribera-lab\/diagnostico-clinico\/#breadcrumb\"},\"inLanguage\":\"es\",\"potentialAction\":[{\"@type\":\"ReadAction\",\"target\":[\"https:\/\/riberasalud.com\/ribera-lab\/diagnostico-clinico\/\"]}]},{\"@type\":\"ImageObject\",\"inLanguage\":\"es\",\"@id\":\"https:\/\/riberasalud.com\/ribera-lab\/diagnostico-clinico\/#primaryimage\",\"url\":\"https:\/\/riberasalud.com\/ribera-lab\/wp-content\/uploads\/2026\/01\/Profesionales-del-grupo-Ribera-en-su-laboratorio-central.jpg\",\"contentUrl\":\"https:\/\/riberasalud.com\/ribera-lab\/wp-content\/uploads\/2026\/01\/Profesionales-del-grupo-Ribera-en-su-laboratorio-central.jpg\",\"width\":800,\"height\":470,\"caption\":\"laboratorio central\"},{\"@type\":\"BreadcrumbList\",\"@id\":\"https:\/\/riberasalud.com\/ribera-lab\/diagnostico-clinico\/#breadcrumb\",\"itemListElement\":[{\"@type\":\"ListItem\",\"position\":1,\"name\":\"Portada\",\"item\":\"https:\/\/riberasalud.com\/ribera-lab\/\"},{\"@type\":\"ListItem\",\"position\":2,\"name\":\"Diagn\u00f3stico cl\u00ednico\"}]},{\"@type\":\"WebSite\",\"@id\":\"https:\/\/riberasalud.com\/ribera-lab\/#website\",\"url\":\"https:\/\/riberasalud.com\/ribera-lab\/\",\"name\":\"Ribera Lab\",\"description\":\"\",\"publisher\":{\"@id\":\"https:\/\/riberasalud.com\/ribera-lab\/#organization\"},\"potentialAction\":[{\"@type\":\"SearchAction\",\"target\":{\"@type\":\"EntryPoint\",\"urlTemplate\":\"https:\/\/riberasalud.com\/ribera-lab\/?s={search_term_string}\"},\"query-input\":{\"@type\":\"PropertyValueSpecification\",\"valueRequired\":true,\"valueName\":\"search_term_string\"}}],\"inLanguage\":\"es\"},{\"@type\":\"Organization\",\"@id\":\"https:\/\/riberasalud.com\/ribera-lab\/#organization\",\"name\":\"Ribera Lab\",\"url\":\"https:\/\/riberasalud.com\/ribera-lab\/\",\"logo\":{\"@type\":\"ImageObject\",\"inLanguage\":\"es\",\"@id\":\"https:\/\/riberasalud.com\/ribera-lab\/#\/schema\/logo\/image\/\",\"url\":\"https:\/\/riberasalud.com\/ribera-lab\/wp-content\/uploads\/2024\/10\/cropped-cropped-Logo-Red-Lab-1.png\",\"contentUrl\":\"https:\/\/riberasalud.com\/ribera-lab\/wp-content\/uploads\/2024\/10\/cropped-cropped-Logo-Red-Lab-1.png\",\"width\":1611,\"height\":474,\"caption\":\"Ribera Lab\"},\"image\":{\"@id\":\"https:\/\/riberasalud.com\/ribera-lab\/#\/schema\/logo\/image\/\"}}]}<\/script>\n<!-- \/ Yoast SEO plugin. -->","yoast_head_json":{"title":"Diagn\u00f3stico cl\u00ednico - Ribera Lab","description":"Dise\u00f1adas para ofrecer resultados precisos y confiables. Cada an\u00e1lisis ha sido seleccionado por su relevancia cl\u00ednica, innovaci\u00f3n y valor diagn\u00f3stico","robots":{"index":"index","follow":"follow","max-snippet":"max-snippet:-1","max-image-preview":"max-image-preview:large","max-video-preview":"max-video-preview:-1"},"canonical":"https:\/\/riberasalud.com\/ribera-lab\/diagnostico-clinico\/","og_locale":"es_ES","og_type":"article","og_title":"Diagn\u00f3stico cl\u00ednico - Ribera Lab","og_description":"Dise\u00f1adas para ofrecer resultados precisos y confiables. Cada an\u00e1lisis ha sido seleccionado por su relevancia cl\u00ednica, innovaci\u00f3n y valor diagn\u00f3stico","og_url":"https:\/\/riberasalud.com\/ribera-lab\/diagnostico-clinico\/","og_site_name":"Ribera Lab","article_modified_time":"2026-02-16T16:51:07+00:00","og_image":[{"url":"https:\/\/riberasalud.com\/ribera-lab\/wp-content\/uploads\/2026\/01\/Profesionales-del-grupo-Ribera-en-su-laboratorio-central.jpg","type":"","width":"","height":""}],"twitter_card":"summary_large_image","twitter_misc":{"Tiempo de lectura":"2 minutos"},"schema":{"@context":"https:\/\/schema.org","@graph":[{"@type":"WebPage","@id":"https:\/\/riberasalud.com\/ribera-lab\/diagnostico-clinico\/","url":"https:\/\/riberasalud.com\/ribera-lab\/diagnostico-clinico\/","name":"Diagn\u00f3stico cl\u00ednico - Ribera Lab","isPartOf":{"@id":"https:\/\/riberasalud.com\/ribera-lab\/#website"},"primaryImageOfPage":{"@id":"https:\/\/riberasalud.com\/ribera-lab\/diagnostico-clinico\/#primaryimage"},"image":{"@id":"https:\/\/riberasalud.com\/ribera-lab\/diagnostico-clinico\/#primaryimage"},"thumbnailUrl":"https:\/\/riberasalud.com\/ribera-lab\/wp-content\/uploads\/2026\/01\/Profesionales-del-grupo-Ribera-en-su-laboratorio-central.jpg","datePublished":"2026-01-14T11:34:53+00:00","dateModified":"2026-02-16T16:51:07+00:00","description":"Dise\u00f1adas para ofrecer resultados precisos y confiables. Cada an\u00e1lisis ha sido seleccionado por su relevancia cl\u00ednica, innovaci\u00f3n y valor diagn\u00f3stico","breadcrumb":{"@id":"https:\/\/riberasalud.com\/ribera-lab\/diagnostico-clinico\/#breadcrumb"},"inLanguage":"es","potentialAction":[{"@type":"ReadAction","target":["https:\/\/riberasalud.com\/ribera-lab\/diagnostico-clinico\/"]}]},{"@type":"ImageObject","inLanguage":"es","@id":"https:\/\/riberasalud.com\/ribera-lab\/diagnostico-clinico\/#primaryimage","url":"https:\/\/riberasalud.com\/ribera-lab\/wp-content\/uploads\/2026\/01\/Profesionales-del-grupo-Ribera-en-su-laboratorio-central.jpg","contentUrl":"https:\/\/riberasalud.com\/ribera-lab\/wp-content\/uploads\/2026\/01\/Profesionales-del-grupo-Ribera-en-su-laboratorio-central.jpg","width":800,"height":470,"caption":"laboratorio central"},{"@type":"BreadcrumbList","@id":"https:\/\/riberasalud.com\/ribera-lab\/diagnostico-clinico\/#breadcrumb","itemListElement":[{"@type":"ListItem","position":1,"name":"Portada","item":"https:\/\/riberasalud.com\/ribera-lab\/"},{"@type":"ListItem","position":2,"name":"Diagn\u00f3stico cl\u00ednico"}]},{"@type":"WebSite","@id":"https:\/\/riberasalud.com\/ribera-lab\/#website","url":"https:\/\/riberasalud.com\/ribera-lab\/","name":"Ribera Lab","description":"","publisher":{"@id":"https:\/\/riberasalud.com\/ribera-lab\/#organization"},"potentialAction":[{"@type":"SearchAction","target":{"@type":"EntryPoint","urlTemplate":"https:\/\/riberasalud.com\/ribera-lab\/?s={search_term_string}"},"query-input":{"@type":"PropertyValueSpecification","valueRequired":true,"valueName":"search_term_string"}}],"inLanguage":"es"},{"@type":"Organization","@id":"https:\/\/riberasalud.com\/ribera-lab\/#organization","name":"Ribera Lab","url":"https:\/\/riberasalud.com\/ribera-lab\/","logo":{"@type":"ImageObject","inLanguage":"es","@id":"https:\/\/riberasalud.com\/ribera-lab\/#\/schema\/logo\/image\/","url":"https:\/\/riberasalud.com\/ribera-lab\/wp-content\/uploads\/2024\/10\/cropped-cropped-Logo-Red-Lab-1.png","contentUrl":"https:\/\/riberasalud.com\/ribera-lab\/wp-content\/uploads\/2024\/10\/cropped-cropped-Logo-Red-Lab-1.png","width":1611,"height":474,"caption":"Ribera Lab"},"image":{"@id":"https:\/\/riberasalud.com\/ribera-lab\/#\/schema\/logo\/image\/"}}]}},"_links":{"self":[{"href":"https:\/\/riberasalud.com\/ribera-lab\/wp-json\/wp\/v2\/pages\/1404","targetHints":{"allow":["GET"]}}],"collection":[{"href":"https:\/\/riberasalud.com\/ribera-lab\/wp-json\/wp\/v2\/pages"}],"about":[{"href":"https:\/\/riberasalud.com\/ribera-lab\/wp-json\/wp\/v2\/types\/page"}],"author":[{"embeddable":true,"href":"https:\/\/riberasalud.com\/ribera-lab\/wp-json\/wp\/v2\/users\/2"}],"replies":[{"embeddable":true,"href":"https:\/\/riberasalud.com\/ribera-lab\/wp-json\/wp\/v2\/comments?post=1404"}],"version-history":[{"count":17,"href":"https:\/\/riberasalud.com\/ribera-lab\/wp-json\/wp\/v2\/pages\/1404\/revisions"}],"predecessor-version":[{"id":16320,"href":"https:\/\/riberasalud.com\/ribera-lab\/wp-json\/wp\/v2\/pages\/1404\/revisions\/16320"}],"wp:attachment":[{"href":"https:\/\/riberasalud.com\/ribera-lab\/wp-json\/wp\/v2\/media?parent=1404"}],"curies":[{"name":"wp","href":"https:\/\/api.w.org\/{rel}","templated":true}]}}