{"id":1037,"date":"2025-11-25T15:49:26","date_gmt":"2025-11-25T14:49:26","guid":{"rendered":"https:\/\/riberasalud.com\/ribera-labaux\/?page_id=1037"},"modified":"2026-03-10T15:48:31","modified_gmt":"2026-03-10T14:48:31","slug":"puntos-de-extraccion","status":"publish","type":"page","link":"https:\/\/riberasalud.com\/ribera-lab\/puntos-de-extraccion\/","title":{"rendered":"Puntos de extracci\u00f3n"},"content":{"rendered":"\n<div class=\"wp-block-cover alignfull bannerribera\" style=\"min-height:282px;aspect-ratio:unset;\"><img loading=\"lazy\" decoding=\"async\" width=\"800\" height=\"527\" class=\"wp-block-cover__image-background wp-image-786\" alt=\"Fachada del laboratorio central de Ribera Lab en torrellano Elche\" src=\"https:\/\/riberasalud.com\/ribera-lab\/wp-content\/uploads\/2025\/03\/El-laboratorio-central-de-Ribera-Lab-en-Torrellano-Elche.jpg\" data-object-fit=\"cover\" srcset=\"https:\/\/riberasalud.com\/ribera-lab\/wp-content\/uploads\/2025\/03\/El-laboratorio-central-de-Ribera-Lab-en-Torrellano-Elche.jpg 800w, https:\/\/riberasalud.com\/ribera-lab\/wp-content\/uploads\/2025\/03\/El-laboratorio-central-de-Ribera-Lab-en-Torrellano-Elche-300x198.jpg 300w, https:\/\/riberasalud.com\/ribera-lab\/wp-content\/uploads\/2025\/03\/El-laboratorio-central-de-Ribera-Lab-en-Torrellano-Elche-768x506.jpg 768w\" sizes=\"auto, (max-width: 800px) 100vw, 800px\" \/><span aria-hidden=\"true\" class=\"wp-block-cover__background has-contrast-background-color has-background-dim-60 has-background-dim\"><\/span><div class=\"wp-block-cover__inner-container is-layout-constrained wp-block-cover-is-layout-constrained\">\n<div class=\"wp-block-columns is-layout-flex wp-container-core-columns-is-layout-9d6595d7 wp-block-columns-is-layout-flex\">\n<div class=\"wp-block-column is-layout-flow wp-block-column-is-layout-flow\">\n<h1 class=\"wp-block-heading has-text-align-center has-large-font-size\">Puntos de extracci\u00f3n<\/h1>\n\n\n\n<p class=\"has-text-align-center\" style=\"font-size:18px\">En Ribera Lab, ponemos a tu disposici\u00f3n una red de puntos de extracci\u00f3n c\u00f3modos y accesibles, dise\u00f1ados para ofrecerte una experiencia r\u00e1pida, segura y profesional.<\/p>\n<\/div>\n<\/div>\n<\/div><\/div>\n\n\n\n<div class=\"wp-block-group\"><div class=\"wp-block-group__inner-container is-layout-constrained wp-block-group-is-layout-constrained\">\n<div class=\"wp-block-columns is-layout-flex wp-container-core-columns-is-layout-9d6595d7 wp-block-columns-is-layout-flex\">\n<div class=\"wp-block-column is-layout-flow wp-block-column-is-layout-flow\" id=\"puntosextract\">\n<p><\/p>\n\n\n\n<details class=\"wp-block-details is-layout-flow wp-block-details-is-layout-flow\"><summary>Ribera Hospital Virgen de la Caridad<\/summary>\n<p><strong>Direcci\u00f3n:<\/strong>&nbsp;C\/ Jorge Juan, 30, 30204 Cartagena (Murcia)<br><strong>CIF:&nbsp;<\/strong>B-30722672<br><strong>Tel\u00e9fono:<\/strong>&nbsp;968506666<br><strong>Fax:<\/strong>&nbsp;968516991<br><strong>Horario de extracciones:<\/strong>&nbsp;De lunes a viernes de 7:30-20:00h. S\u00e1bados de 8:00-10:00h<\/p>\n<\/details>\n\n\n\n<details class=\"wp-block-details is-layout-flow wp-block-details-is-layout-flow\"><summary>Centro M\u00e9dico Virgen de la Caridad Fuente \u00c1lamo<\/summary>\n<p><strong>Direcci\u00f3n:<\/strong>&nbsp;C\/ Lorca N\u00ba30, 30320 Fuente \u00c1lamo (Murcia)<br><strong>CIF:&nbsp;<\/strong>B-30743611<br><strong>Tel\u00e9fono:<\/strong>&nbsp;968596086<br><strong>Fax:<\/strong>&nbsp;968596091<br><strong>Horario de extracciones:<\/strong>&nbsp;De lunes a viernes de 8:30-10:00h<\/p>\n<\/details>\n\n\n\n<details class=\"wp-block-details is-layout-flow wp-block-details-is-layout-flow\"><summary>Centro M\u00e9dico Virgen de la Caridad La Uni\u00f3n, S.L.<\/summary>\n<p><strong>Direcci\u00f3n:<\/strong>&nbsp;C\/ Mayor, 122, La Uni\u00f3n (Murcia)<br><strong>CIF:&nbsp;<\/strong>B-30726145<br><strong>Tel\u00e9fono:<\/strong>&nbsp;968541768<br><strong>Fax:<\/strong>&nbsp;968 542021<br><strong>Horario de extracciones:<\/strong>&nbsp;De lunes a viernes de 9:00-10:30h<\/p>\n<\/details>\n\n\n\n<details class=\"wp-block-details is-layout-flow wp-block-details-is-layout-flow\"><summary>Centro M\u00e9dico Virgen de la Caridad Murcia<\/summary>\n<p><strong>Direcci\u00f3n:<\/strong>&nbsp;C\/ Olof Palme, 9-11 Bajo, 30009 Murcia<br><strong>CIF:&nbsp;<\/strong>B-73639379<br><strong>Tel\u00e9fono:<\/strong>&nbsp;968 280 023<br><strong>Horario de extracciones:<\/strong>&nbsp;De lunes a viernes de 8:30-10:00h<\/p>\n<\/details>\n\n\n\n<details class=\"wp-block-details is-layout-flow wp-block-details-is-layout-flow\"><summary>Centro M\u00e9dico Virgen de la Caridad Campoamor<\/summary>\n<p><strong>Direcci\u00f3n:<\/strong>&nbsp;Avda. De Las Adelfas, 45, Dehesa de Campoamor, 03189, Orihuela Costa, Alicante<br><strong>CIF:&nbsp;<\/strong>B-54621529<br><strong>Tel\u00e9fono:<\/strong>&nbsp;965 322 280<br><strong>Horario de extracciones:<\/strong>&nbsp;De lunes a viernes de 9:00-10:00h<\/p>\n<\/details>\n\n\n\n<details class=\"wp-block-details is-layout-flow wp-block-details-is-layout-flow\"><summary>Centro M\u00e9dico Virgen de la Caridad Alcantarilla<\/summary>\n<p><strong>Direcci\u00f3n:<\/strong>&nbsp;C\/ Estaci\u00f3n, 8, 30820, Alcantarilla<br><strong>CIF:&nbsp;<\/strong>B-30577019<br><strong>Tel\u00e9fono:<\/strong>&nbsp;868 948 948<br><strong>Horario de extracciones:<\/strong>&nbsp;De lunes a viernes de 8:30-10:00h<\/p>\n<\/details>\n\n\n\n<details class=\"wp-block-details is-layout-flow wp-block-details-is-layout-flow\"><summary>Centro M\u00e9dico Virgen de la Caridad Mar Menor Pinatar<\/summary>\n<p><strong>Direcci\u00f3n:<\/strong>&nbsp;C\/ Emilio Castelar, 108, 30740, San Pedro Del Pinatar (Murcia) <br><strong>CIF:&nbsp;<\/strong>B-30447775<br><strong>Tel\u00e9fono:<\/strong>&nbsp;968 181 200<br><strong>Horario de extracciones:<\/strong>&nbsp;De lunes a viernes de 8:30-10:00h<\/p>\n<\/details>\n\n\n\n<details class=\"wp-block-details is-layout-flow wp-block-details-is-layout-flow\"><summary>Centro M\u00e9dico Virgen de la Caridad Mar Menor San Javier<\/summary>\n<p><strong>Direcci\u00f3n:<\/strong>&nbsp;C\/ Calder\u00f3n de la Barca, 24, 30730, San Javier (Murcia)<br><strong>CIF:&nbsp;<\/strong>B-30447775<br><strong>Tel\u00e9fono:<\/strong>&nbsp;968 191 800<br><strong>Fax:<\/strong>&nbsp;968192001<br><strong>Horario de extracciones:<\/strong>&nbsp;De lunes a viernes de 8:30-10:30h<\/p>\n<\/details>\n\n\n\n<details class=\"wp-block-details is-layout-flow wp-block-details-is-layout-flow\"><summary>Centro M\u00e9dico Virgen de la Caridad Alhama<\/summary>\n<p><strong>Direcci\u00f3n:<\/strong>&nbsp;Avda. Juan Carlos I, 91, 30840, Alhama de Murcia<br><strong>CIF:<\/strong>&nbsp;B-30743611<br><strong>Tel\u00e9fono:<\/strong>&nbsp;968 631 874<br><strong>Horario de extracciones:<\/strong>&nbsp;De lunes a viernes de 8:30-10:30h<\/p>\n<\/details>\n\n\n\n<details class=\"wp-block-details is-layout-flow wp-block-details-is-layout-flow\"><summary>Centro M\u00e9dico Torre Pacheco<\/summary>\n<p><strong>Direcci\u00f3n:<\/strong>&nbsp;Avda. De Europa, 2, 30700, Torre Pacheco<br><strong>CIF:<\/strong>&nbsp;B-30569966<br><strong>Tel\u00e9fono:<\/strong>&nbsp;968 585 058<br><strong>Horario de extracciones:<\/strong>&nbsp;De lunes a viernes de 8:00-10:00h<\/p>\n<\/details>\n\n\n\n<details class=\"wp-block-details is-layout-flow wp-block-details-is-layout-flow\"><summary>Policl\u00ednica Virgen de los Dolores<\/summary>\n<p><strong>Direcci\u00f3n:<\/strong>&nbsp;C\/ Alfonso XIII, 103, 30310, Los Dolores, Murcia<br><strong>Tel\u00e9fono:<\/strong>&nbsp;968 535 030<br><strong>Horario de extracciones:<\/strong>&nbsp;De lunes a viernes de 8:00-11:00h<\/p>\n<\/details>\n\n\n\n<details class=\"wp-block-details is-layout-flow wp-block-details-is-layout-flow\"><summary>Policl\u00ednica Los Alcazares<\/summary>\n<p><strong>Direcci\u00f3n:<\/strong>&nbsp;Avda. Libertad, 86, 30710, Los Alcazares<br><strong>Tel\u00e9fono:<\/strong>&nbsp;968 334 636<br><strong>Horario de extracciones:<\/strong>&nbsp;De lunes a viernes de 8:00-10:15h<\/p>\n<\/details>\n\n\n\n<details class=\"wp-block-details is-layout-flow wp-block-details-is-layout-flow\"><summary>Hospital Centro M\u00e9dico Virgen de la Caridad Caravaca<\/summary>\n<p><strong>Direcci\u00f3n:<\/strong>&nbsp;C\/ Doctor Robles S\/N, 30400, Caravaca<br><strong>Tel\u00e9fono:<\/strong>&nbsp;968 705 541<br><strong>Horario de extracciones:<\/strong>&nbsp;De lunes a viernes de 8:00-10:00h<\/p>\n<\/details>\n\n\n\n<details class=\"wp-block-details is-layout-flow wp-block-details-is-layout-flow\"><summary>Policl\u00ednica \u00c1guilas<\/summary>\n<p><strong>Direcci\u00f3n:<\/strong>&nbsp;C\/ Juan Gray S\/N, 30880, \u00c1guilas<br><strong>Tel\u00e9fono:<\/strong>&nbsp;968 493 717<br><strong>Horario de extracciones:<\/strong>&nbsp;De lunes a viernes de 9:00-9:45h<\/p>\n<\/details>\n\n\n\n<details class=\"wp-block-details is-layout-flow wp-block-details-is-layout-flow\"><summary>Cl\u00ednica Puerto Lumbreras<\/summary>\n<p><strong>Direcci\u00f3n:<\/strong>&nbsp;Avda. Pedro Garc\u00eda Rubio, 55, 30890, Puerto Lumbreras<br><strong>Tel\u00e9fono:<\/strong>&nbsp;968 401 010<br><strong>Horario de extracciones:<\/strong>&nbsp;De lunes a viernes de 9:00-10:15h<\/p>\n<\/details>\n\n\n\n<details class=\"wp-block-details is-layout-flow wp-block-details-is-layout-flow\"><summary>Cl\u00ednica Vega Media SLU<\/summary>\n<p><strong>Direcci\u00f3n:<\/strong>&nbsp;C\/ Dr. Ricardo Cano, 10, Molina de Segura<br><strong>Tel\u00e9fono:<\/strong>&nbsp;968 610 010<br><strong>Horario de extracciones:<\/strong>&nbsp;De lunes a viernes de 8:00-11:00h<\/p>\n<\/details>\n\n\n\n<details class=\"wp-block-details is-layout-flow wp-block-details-is-layout-flow\"><summary>Prefor Salud<\/summary>\n<p><strong>Direcci\u00f3n:<\/strong>&nbsp;C\/ Dr. Ricardo Cano, 12, Molina de Segura<br><strong>Tel\u00e9fono:<\/strong>&nbsp;968 644 041<br><strong>Horario de extracciones:<\/strong>&nbsp;De lunes a viernes de 7:00-12:00h<\/p>\n<\/details>\n\n\n\n<details class=\"wp-block-details is-layout-flow wp-block-details-is-layout-flow\"><summary>Cl\u00ednica Vega Media SLU<\/summary>\n<p><strong>Direcci\u00f3n:<\/strong>&nbsp;Ctra. Villanueva con Gregorio de La Rosa S\/N, Archena<br><strong>Tel\u00e9fono:<\/strong>&nbsp;868 048 608<br><strong>Horario de extracciones:<\/strong>&nbsp;De lunes a viernes de 8:00-12:00h<\/p>\n<\/details>\n\n\n\n<details class=\"wp-block-details is-layout-flow wp-block-details-is-layout-flow\"><summary>Practiser<\/summary>\n<p><strong>Direcci\u00f3n:<\/strong>&nbsp;C\/ Juan Fern\u00e1ndez, 53, 30204, Cartagena<br><strong>Tel\u00e9fono:<\/strong>&nbsp;968 330 033<br><strong>Horario de extracciones:<\/strong>&nbsp;De lunes a viernes de 8:00-12:30h<\/p>\n<\/details>\n\n\n\n<details class=\"wp-block-details is-layout-flow wp-block-details-is-layout-flow\"><summary>Centro Medico Lorca<\/summary>\n<p><strong>Direcci\u00f3n:<\/strong>&nbsp;Av. Juan carlos I , 37 Lorca , Murcia<br><strong>Tel\u00e9fono:<\/strong>&nbsp;670 614 624 \/670 614 632<br><strong>Horario de extracciones:<\/strong>&nbsp;Martes y jueves de 8:30 h a 11h .<\/p>\n<\/details>\n\n\n\n<details class=\"wp-block-details is-layout-flow wp-block-details-is-layout-flow\"><summary>Centro M\u00e9dico Ribera Assistens A Coru\u00f1a<\/summary>\n<p><strong>Direcci\u00f3n:<\/strong>&nbsp;Rua Federico Garcia ,4 15009 , A Coru\u00f1a<br><strong>Tel\u00e9fono:<\/strong>&nbsp;981 175 030<br><strong>Horario de extracciones:<\/strong>&nbsp;De lunes a viernes de 8:00h a 11:00h<\/p>\n<\/details>\n\n\n\n<details class=\"wp-block-details is-layout-flow wp-block-details-is-layout-flow\"><summary>Clinica Ribera Plaza Santo Domingo<\/summary>\n<p><strong>Direcci\u00f3n:<\/strong>&nbsp;Plaza Santo domingo ,24, 1\u00aaplanta 270014, Lugo<br><strong>Tel\u00e9fono:<\/strong>&nbsp;982 105 756<br><strong>Horario de extracciones:<\/strong>&nbsp;Lunes,miercoles y viernes de 8:10 a 11:30 h<\/p>\n<\/details>\n\n\n\n<p><br><\/p>\n<\/div>\n<\/div>\n<\/div><\/div>\n\n\n\n<div class=\"wp-block-group hasbackgroundmio\"><div class=\"wp-block-group__inner-container is-layout-constrained wp-block-group-is-layout-constrained\">\n<div class=\"wp-block-columns is-layout-flex wp-container-core-columns-is-layout-9d6595d7 wp-block-columns-is-layout-flex\">\n<div class=\"wp-block-column is-layout-flow wp-block-column-is-layout-flow\">\n<div style=\"height:15px\" aria-hidden=\"true\" class=\"wp-block-spacer\"><\/div>\n<\/div>\n<\/div>\n\n\n\n<div style=\"height:30px\" aria-hidden=\"true\" class=\"wp-block-spacer\"><\/div>\n<\/div><\/div>\n","protected":false},"excerpt":{"rendered":"","protected":false},"author":2,"featured_media":0,"parent":0,"menu_order":0,"comment_status":"closed","ping_status":"closed","template":"","meta":{"footnotes":""},"class_list":["post-1037","page","type-page","status-publish"],"yoast_head":"<!-- This site is optimized with the Yoast SEO plugin v26.6 - https:\/\/yoast.com\/wordpress\/plugins\/seo\/ -->\n<title>Puntos de extracci\u00f3n - Ribera Lab<\/title>\n<meta name=\"description\" content=\"Ribera Lab es la divisi\u00f3n de laboratorios del grupo sanitario Ribera, que cuenta con una dilatada trayectoria\" \/>\n<meta name=\"robots\" content=\"index, follow, max-snippet:-1, max-image-preview:large, max-video-preview:-1\" \/>\n<link rel=\"canonical\" href=\"https:\/\/riberasalud.com\/ribera-lab\/puntos-de-extraccion\/\" \/>\n<meta property=\"og:locale\" content=\"es_ES\" \/>\n<meta property=\"og:type\" content=\"article\" \/>\n<meta property=\"og:title\" content=\"Puntos de extracci\u00f3n - Ribera Lab\" \/>\n<meta property=\"og:description\" content=\"Ribera Lab es la divisi\u00f3n de laboratorios del grupo sanitario Ribera, que cuenta con una dilatada trayectoria\" \/>\n<meta property=\"og:url\" content=\"https:\/\/riberasalud.com\/ribera-lab\/puntos-de-extraccion\/\" \/>\n<meta property=\"og:site_name\" content=\"Ribera Lab\" \/>\n<meta property=\"article:modified_time\" content=\"2026-03-10T14:48:31+00:00\" \/>\n<meta property=\"og:image\" content=\"https:\/\/riberasalud.com\/ribera-lab\/wp-content\/uploads\/2025\/03\/El-laboratorio-central-de-Ribera-Lab-en-Torrellano-Elche.jpg\" \/>\n<meta name=\"twitter:card\" content=\"summary_large_image\" \/>\n<meta name=\"twitter:label1\" content=\"Tiempo de lectura\" \/>\n\t<meta name=\"twitter:data1\" content=\"4 minutos\" \/>\n<script type=\"application\/ld+json\" class=\"yoast-schema-graph\">{\"@context\":\"https:\/\/schema.org\",\"@graph\":[{\"@type\":\"WebPage\",\"@id\":\"https:\/\/riberasalud.com\/ribera-lab\/puntos-de-extraccion\/\",\"url\":\"https:\/\/riberasalud.com\/ribera-lab\/puntos-de-extraccion\/\",\"name\":\"Puntos de extracci\u00f3n - Ribera Lab\",\"isPartOf\":{\"@id\":\"https:\/\/riberasalud.com\/ribera-lab\/#website\"},\"primaryImageOfPage\":{\"@id\":\"https:\/\/riberasalud.com\/ribera-lab\/puntos-de-extraccion\/#primaryimage\"},\"image\":{\"@id\":\"https:\/\/riberasalud.com\/ribera-lab\/puntos-de-extraccion\/#primaryimage\"},\"thumbnailUrl\":\"https:\/\/riberasalud.com\/ribera-lab\/wp-content\/uploads\/2025\/03\/El-laboratorio-central-de-Ribera-Lab-en-Torrellano-Elche.jpg\",\"datePublished\":\"2025-11-25T14:49:26+00:00\",\"dateModified\":\"2026-03-10T14:48:31+00:00\",\"description\":\"Ribera Lab es la divisi\u00f3n de laboratorios del grupo sanitario Ribera, que cuenta con una dilatada trayectoria\",\"breadcrumb\":{\"@id\":\"https:\/\/riberasalud.com\/ribera-lab\/puntos-de-extraccion\/#breadcrumb\"},\"inLanguage\":\"es\",\"potentialAction\":[{\"@type\":\"ReadAction\",\"target\":[\"https:\/\/riberasalud.com\/ribera-lab\/puntos-de-extraccion\/\"]}]},{\"@type\":\"ImageObject\",\"inLanguage\":\"es\",\"@id\":\"https:\/\/riberasalud.com\/ribera-lab\/puntos-de-extraccion\/#primaryimage\",\"url\":\"https:\/\/riberasalud.com\/ribera-lab\/wp-content\/uploads\/2025\/03\/El-laboratorio-central-de-Ribera-Lab-en-Torrellano-Elche.jpg\",\"contentUrl\":\"https:\/\/riberasalud.com\/ribera-lab\/wp-content\/uploads\/2025\/03\/El-laboratorio-central-de-Ribera-Lab-en-Torrellano-Elche.jpg\",\"width\":800,\"height\":527,\"caption\":\"Fachada del laboratorio central de Ribera Lab en torrellano Elche\"},{\"@type\":\"BreadcrumbList\",\"@id\":\"https:\/\/riberasalud.com\/ribera-lab\/puntos-de-extraccion\/#breadcrumb\",\"itemListElement\":[{\"@type\":\"ListItem\",\"position\":1,\"name\":\"Portada\",\"item\":\"https:\/\/riberasalud.com\/ribera-lab\/\"},{\"@type\":\"ListItem\",\"position\":2,\"name\":\"Puntos de extracci\u00f3n\"}]},{\"@type\":\"WebSite\",\"@id\":\"https:\/\/riberasalud.com\/ribera-lab\/#website\",\"url\":\"https:\/\/riberasalud.com\/ribera-lab\/\",\"name\":\"Ribera Lab\",\"description\":\"\",\"publisher\":{\"@id\":\"https:\/\/riberasalud.com\/ribera-lab\/#organization\"},\"potentialAction\":[{\"@type\":\"SearchAction\",\"target\":{\"@type\":\"EntryPoint\",\"urlTemplate\":\"https:\/\/riberasalud.com\/ribera-lab\/?s={search_term_string}\"},\"query-input\":{\"@type\":\"PropertyValueSpecification\",\"valueRequired\":true,\"valueName\":\"search_term_string\"}}],\"inLanguage\":\"es\"},{\"@type\":\"Organization\",\"@id\":\"https:\/\/riberasalud.com\/ribera-lab\/#organization\",\"name\":\"Ribera Lab\",\"url\":\"https:\/\/riberasalud.com\/ribera-lab\/\",\"logo\":{\"@type\":\"ImageObject\",\"inLanguage\":\"es\",\"@id\":\"https:\/\/riberasalud.com\/ribera-lab\/#\/schema\/logo\/image\/\",\"url\":\"https:\/\/riberasalud.com\/ribera-lab\/wp-content\/uploads\/2024\/10\/cropped-cropped-Logo-Red-Lab-1.png\",\"contentUrl\":\"https:\/\/riberasalud.com\/ribera-lab\/wp-content\/uploads\/2024\/10\/cropped-cropped-Logo-Red-Lab-1.png\",\"width\":1611,\"height\":474,\"caption\":\"Ribera Lab\"},\"image\":{\"@id\":\"https:\/\/riberasalud.com\/ribera-lab\/#\/schema\/logo\/image\/\"}}]}<\/script>\n<!-- \/ Yoast SEO plugin. -->","yoast_head_json":{"title":"Puntos de extracci\u00f3n - Ribera Lab","description":"Ribera Lab es la divisi\u00f3n de laboratorios del grupo sanitario Ribera, que cuenta con una dilatada trayectoria","robots":{"index":"index","follow":"follow","max-snippet":"max-snippet:-1","max-image-preview":"max-image-preview:large","max-video-preview":"max-video-preview:-1"},"canonical":"https:\/\/riberasalud.com\/ribera-lab\/puntos-de-extraccion\/","og_locale":"es_ES","og_type":"article","og_title":"Puntos de extracci\u00f3n - Ribera Lab","og_description":"Ribera Lab es la divisi\u00f3n de laboratorios del grupo sanitario Ribera, que cuenta con una dilatada trayectoria","og_url":"https:\/\/riberasalud.com\/ribera-lab\/puntos-de-extraccion\/","og_site_name":"Ribera Lab","article_modified_time":"2026-03-10T14:48:31+00:00","og_image":[{"url":"https:\/\/riberasalud.com\/ribera-lab\/wp-content\/uploads\/2025\/03\/El-laboratorio-central-de-Ribera-Lab-en-Torrellano-Elche.jpg","type":"","width":"","height":""}],"twitter_card":"summary_large_image","twitter_misc":{"Tiempo de lectura":"4 minutos"},"schema":{"@context":"https:\/\/schema.org","@graph":[{"@type":"WebPage","@id":"https:\/\/riberasalud.com\/ribera-lab\/puntos-de-extraccion\/","url":"https:\/\/riberasalud.com\/ribera-lab\/puntos-de-extraccion\/","name":"Puntos de extracci\u00f3n - Ribera Lab","isPartOf":{"@id":"https:\/\/riberasalud.com\/ribera-lab\/#website"},"primaryImageOfPage":{"@id":"https:\/\/riberasalud.com\/ribera-lab\/puntos-de-extraccion\/#primaryimage"},"image":{"@id":"https:\/\/riberasalud.com\/ribera-lab\/puntos-de-extraccion\/#primaryimage"},"thumbnailUrl":"https:\/\/riberasalud.com\/ribera-lab\/wp-content\/uploads\/2025\/03\/El-laboratorio-central-de-Ribera-Lab-en-Torrellano-Elche.jpg","datePublished":"2025-11-25T14:49:26+00:00","dateModified":"2026-03-10T14:48:31+00:00","description":"Ribera Lab es la divisi\u00f3n de laboratorios del grupo sanitario Ribera, que cuenta con una dilatada trayectoria","breadcrumb":{"@id":"https:\/\/riberasalud.com\/ribera-lab\/puntos-de-extraccion\/#breadcrumb"},"inLanguage":"es","potentialAction":[{"@type":"ReadAction","target":["https:\/\/riberasalud.com\/ribera-lab\/puntos-de-extraccion\/"]}]},{"@type":"ImageObject","inLanguage":"es","@id":"https:\/\/riberasalud.com\/ribera-lab\/puntos-de-extraccion\/#primaryimage","url":"https:\/\/riberasalud.com\/ribera-lab\/wp-content\/uploads\/2025\/03\/El-laboratorio-central-de-Ribera-Lab-en-Torrellano-Elche.jpg","contentUrl":"https:\/\/riberasalud.com\/ribera-lab\/wp-content\/uploads\/2025\/03\/El-laboratorio-central-de-Ribera-Lab-en-Torrellano-Elche.jpg","width":800,"height":527,"caption":"Fachada del laboratorio central de Ribera Lab en torrellano Elche"},{"@type":"BreadcrumbList","@id":"https:\/\/riberasalud.com\/ribera-lab\/puntos-de-extraccion\/#breadcrumb","itemListElement":[{"@type":"ListItem","position":1,"name":"Portada","item":"https:\/\/riberasalud.com\/ribera-lab\/"},{"@type":"ListItem","position":2,"name":"Puntos de extracci\u00f3n"}]},{"@type":"WebSite","@id":"https:\/\/riberasalud.com\/ribera-lab\/#website","url":"https:\/\/riberasalud.com\/ribera-lab\/","name":"Ribera Lab","description":"","publisher":{"@id":"https:\/\/riberasalud.com\/ribera-lab\/#organization"},"potentialAction":[{"@type":"SearchAction","target":{"@type":"EntryPoint","urlTemplate":"https:\/\/riberasalud.com\/ribera-lab\/?s={search_term_string}"},"query-input":{"@type":"PropertyValueSpecification","valueRequired":true,"valueName":"search_term_string"}}],"inLanguage":"es"},{"@type":"Organization","@id":"https:\/\/riberasalud.com\/ribera-lab\/#organization","name":"Ribera Lab","url":"https:\/\/riberasalud.com\/ribera-lab\/","logo":{"@type":"ImageObject","inLanguage":"es","@id":"https:\/\/riberasalud.com\/ribera-lab\/#\/schema\/logo\/image\/","url":"https:\/\/riberasalud.com\/ribera-lab\/wp-content\/uploads\/2024\/10\/cropped-cropped-Logo-Red-Lab-1.png","contentUrl":"https:\/\/riberasalud.com\/ribera-lab\/wp-content\/uploads\/2024\/10\/cropped-cropped-Logo-Red-Lab-1.png","width":1611,"height":474,"caption":"Ribera Lab"},"image":{"@id":"https:\/\/riberasalud.com\/ribera-lab\/#\/schema\/logo\/image\/"}}]}},"_links":{"self":[{"href":"https:\/\/riberasalud.com\/ribera-lab\/wp-json\/wp\/v2\/pages\/1037","targetHints":{"allow":["GET"]}}],"collection":[{"href":"https:\/\/riberasalud.com\/ribera-lab\/wp-json\/wp\/v2\/pages"}],"about":[{"href":"https:\/\/riberasalud.com\/ribera-lab\/wp-json\/wp\/v2\/types\/page"}],"author":[{"embeddable":true,"href":"https:\/\/riberasalud.com\/ribera-lab\/wp-json\/wp\/v2\/users\/2"}],"replies":[{"embeddable":true,"href":"https:\/\/riberasalud.com\/ribera-lab\/wp-json\/wp\/v2\/comments?post=1037"}],"version-history":[{"count":7,"href":"https:\/\/riberasalud.com\/ribera-lab\/wp-json\/wp\/v2\/pages\/1037\/revisions"}],"predecessor-version":[{"id":16404,"href":"https:\/\/riberasalud.com\/ribera-lab\/wp-json\/wp\/v2\/pages\/1037\/revisions\/16404"}],"wp:attachment":[{"href":"https:\/\/riberasalud.com\/ribera-lab\/wp-json\/wp\/v2\/media?parent=1037"}],"curies":[{"name":"wp","href":"https:\/\/api.w.org\/{rel}","templated":true}]}}