{"id":1762,"date":"2022-10-25T11:27:46","date_gmt":"2022-10-25T11:27:46","guid":{"rendered":"https:\/\/riberasalud.com\/ribera-esteticaaux\/?page_id=1762"},"modified":"2022-10-25T11:27:47","modified_gmt":"2022-10-25T11:27:47","slug":"informacion-sobre-el-tratamiento-de-datos","status":"publish","type":"page","link":"https:\/\/riberasalud.com\/ribera-estetica\/informacion-sobre-el-tratamiento-de-datos\/","title":{"rendered":"Informaci\u00f3n sobre el tratamiento de datos"},"content":{"rendered":"\n<p>Informaci\u00f3n sobre el tratamiento de datos.&nbsp;<\/p>\n\n\n\n<ul class=\"wp-block-list\"><li>Responsable del tratamiento: RIBERA SALUD, S.A., con domicilio en Avenida Cortes Valencianas, n\u00famero 58, Edificio Sorolla Center, 46015 Valencia (Espa\u00f1a)&nbsp;<\/li><li>Delegado de protecci\u00f3n de datos (DPD):&nbsp;<a href=\"mailto:dpo@riberasalud.es\">dpo@riberasalud.es<\/a>&nbsp;<\/li><li>Finalidad: gestionar la suscripci\u00f3n a la newsletter.<\/li><li>Derechos: Puede darse de baja en cualquier momento de las newsletters siguiendo las indicaciones que encontrar\u00e1 en el footer de cada comunicaci\u00f3n comercial electr\u00f3nica, as\u00ed como ejercitar sus derechos de acceso, rectificaci\u00f3n, supresi\u00f3n, oposici\u00f3n, limitaci\u00f3n y portabilidad.<\/li><li>M\u00e1s info: Consulte la pol\u00edtica de protecci\u00f3n de datos de RIBERA SALUD, S.A,&nbsp;<a href=\"https:\/\/www.riberasalud.com\/politica-de-privacidad\/\">aqu\u00ed<\/a>.&nbsp;<\/li><\/ul>\n","protected":false},"excerpt":{"rendered":"<p>Informaci\u00f3n sobre el tratamiento de datos.&nbsp; Responsable del tratamiento: RIBERA SALUD, S.A., con domicilio en Avenida Cortes Valencianas, n\u00famero 58, Edificio Sorolla Center, 46015 Valencia (Espa\u00f1a)&nbsp; Delegado de protecci\u00f3n de datos (DPD):&nbsp;dpo@riberasalud.es&nbsp; Finalidad: gestionar la suscripci\u00f3n a la newsletter. Derechos: Puede darse de baja en cualquier momento de las newsletters siguiendo las indicaciones que encontrar\u00e1 &#8230; <a title=\"Informaci\u00f3n sobre el tratamiento de datos\" class=\"read-more\" href=\"https:\/\/riberasalud.com\/ribera-estetica\/informacion-sobre-el-tratamiento-de-datos\/\" aria-label=\"Leer m\u00e1s sobre Informaci\u00f3n sobre el tratamiento de datos\">Leer m\u00e1s<\/a><\/p>\n","protected":false},"author":4,"featured_media":0,"parent":0,"menu_order":0,"comment_status":"closed","ping_status":"closed","template":"","meta":{"_mi_skip_tracking":false,"_glsr_average":0,"_glsr_ranking":0,"_glsr_reviews":0,"footnotes":""},"class_list":["post-1762","page","type-page","status-publish"],"yoast_head":"<!-- This site is optimized with the Yoast SEO plugin v26.9 - https:\/\/yoast.com\/product\/yoast-seo-wordpress\/ -->\n<title>Informaci\u00f3n sobre el tratamiento de datos - Ribera Est\u00e9tica<\/title>\n<meta name=\"description\" content=\"Informaci\u00f3n sobre el tratamiento de datos.&nbsp; Responsable del tratamiento: RIBERA SALUD, S.A., con domicilio en Avenida Cortes Valencianas, n\u00famero 58,\" \/>\n<meta name=\"robots\" content=\"index, follow, max-snippet:-1, max-image-preview:large, max-video-preview:-1\" \/>\n<link rel=\"canonical\" href=\"https:\/\/riberasalud.com\/ribera-estetica\/informacion-sobre-el-tratamiento-de-datos\/\" \/>\n<meta property=\"og:locale\" content=\"es_ES\" \/>\n<meta property=\"og:type\" content=\"article\" \/>\n<meta property=\"og:title\" content=\"Informaci\u00f3n sobre el tratamiento de datos - Ribera Est\u00e9tica\" \/>\n<meta property=\"og:description\" content=\"Informaci\u00f3n sobre el tratamiento de datos.&nbsp; Responsable del tratamiento: RIBERA SALUD, S.A., con domicilio en Avenida Cortes Valencianas, n\u00famero 58,\" \/>\n<meta property=\"og:url\" content=\"https:\/\/riberasalud.com\/ribera-estetica\/informacion-sobre-el-tratamiento-de-datos\/\" \/>\n<meta property=\"og:site_name\" content=\"Ribera Est\u00e9tica\" \/>\n<meta property=\"article:modified_time\" content=\"2022-10-25T11:27:47+00:00\" \/>\n<meta name=\"twitter:card\" content=\"summary_large_image\" \/>\n<meta name=\"twitter:label1\" content=\"Tiempo de lectura\" \/>\n\t<meta name=\"twitter:data1\" content=\"1 minuto\" \/>\n<script type=\"application\/ld+json\" class=\"yoast-schema-graph\">{\"@context\":\"https:\/\/schema.org\",\"@graph\":[{\"@type\":\"WebPage\",\"@id\":\"https:\/\/riberasalud.com\/ribera-estetica\/informacion-sobre-el-tratamiento-de-datos\/\",\"url\":\"https:\/\/riberasalud.com\/ribera-estetica\/informacion-sobre-el-tratamiento-de-datos\/\",\"name\":\"Informaci\u00f3n sobre el tratamiento de datos - Ribera Est\u00e9tica\",\"isPartOf\":{\"@id\":\"https:\/\/riberasalud.com\/ribera-estetica\/#website\"},\"datePublished\":\"2022-10-25T11:27:46+00:00\",\"dateModified\":\"2022-10-25T11:27:47+00:00\",\"description\":\"Informaci\u00f3n sobre el tratamiento de datos.&nbsp; Responsable del tratamiento: RIBERA SALUD, S.A., con domicilio en Avenida Cortes Valencianas, n\u00famero 58,\",\"breadcrumb\":{\"@id\":\"https:\/\/riberasalud.com\/ribera-estetica\/informacion-sobre-el-tratamiento-de-datos\/#breadcrumb\"},\"inLanguage\":\"es\",\"potentialAction\":[{\"@type\":\"ReadAction\",\"target\":[\"https:\/\/riberasalud.com\/ribera-estetica\/informacion-sobre-el-tratamiento-de-datos\/\"]}]},{\"@type\":\"BreadcrumbList\",\"@id\":\"https:\/\/riberasalud.com\/ribera-estetica\/informacion-sobre-el-tratamiento-de-datos\/#breadcrumb\",\"itemListElement\":[{\"@type\":\"ListItem\",\"position\":1,\"name\":\"Inicio\",\"item\":\"https:\/\/riberasalud.com\/ribera-estetica\/\"},{\"@type\":\"ListItem\",\"position\":2,\"name\":\"Informaci\u00f3n sobre el tratamiento de datos\"}]},{\"@type\":\"WebSite\",\"@id\":\"https:\/\/riberasalud.com\/ribera-estetica\/#website\",\"url\":\"https:\/\/riberasalud.com\/ribera-estetica\/\",\"name\":\"Ribera Est\u00e9tica\",\"description\":\"\",\"publisher\":{\"@id\":\"https:\/\/riberasalud.com\/ribera-estetica\/#organization\"},\"potentialAction\":[{\"@type\":\"SearchAction\",\"target\":{\"@type\":\"EntryPoint\",\"urlTemplate\":\"https:\/\/riberasalud.com\/ribera-estetica\/?s={search_term_string}\"},\"query-input\":{\"@type\":\"PropertyValueSpecification\",\"valueRequired\":true,\"valueName\":\"search_term_string\"}}],\"inLanguage\":\"es\"},{\"@type\":\"Organization\",\"@id\":\"https:\/\/riberasalud.com\/ribera-estetica\/#organization\",\"name\":\"Ribera Est\u00e9tica\",\"url\":\"https:\/\/riberasalud.com\/ribera-estetica\/\",\"logo\":{\"@type\":\"ImageObject\",\"inLanguage\":\"es\",\"@id\":\"https:\/\/riberasalud.com\/ribera-estetica\/#\/schema\/logo\/image\/\",\"url\":\"https:\/\/riberasalud.com\/ribera-estetica\/wp-content\/uploads\/2022\/07\/cropped-cropped-cropped-Logo-Red-Estetica.png\",\"contentUrl\":\"https:\/\/riberasalud.com\/ribera-estetica\/wp-content\/uploads\/2022\/07\/cropped-cropped-cropped-Logo-Red-Estetica.png\",\"width\":8872,\"height\":1976,\"caption\":\"Ribera Est\u00e9tica\"},\"image\":{\"@id\":\"https:\/\/riberasalud.com\/ribera-estetica\/#\/schema\/logo\/image\/\"}}]}<\/script>\n<!-- \/ Yoast SEO plugin. -->","yoast_head_json":{"title":"Informaci\u00f3n sobre el tratamiento de datos - Ribera Est\u00e9tica","description":"Informaci\u00f3n sobre el tratamiento de datos.&nbsp; Responsable del tratamiento: RIBERA SALUD, S.A., con domicilio en Avenida Cortes Valencianas, n\u00famero 58,","robots":{"index":"index","follow":"follow","max-snippet":"max-snippet:-1","max-image-preview":"max-image-preview:large","max-video-preview":"max-video-preview:-1"},"canonical":"https:\/\/riberasalud.com\/ribera-estetica\/informacion-sobre-el-tratamiento-de-datos\/","og_locale":"es_ES","og_type":"article","og_title":"Informaci\u00f3n sobre el tratamiento de datos - Ribera Est\u00e9tica","og_description":"Informaci\u00f3n sobre el tratamiento de datos.&nbsp; Responsable del tratamiento: RIBERA SALUD, S.A., con domicilio en Avenida Cortes Valencianas, n\u00famero 58,","og_url":"https:\/\/riberasalud.com\/ribera-estetica\/informacion-sobre-el-tratamiento-de-datos\/","og_site_name":"Ribera Est\u00e9tica","article_modified_time":"2022-10-25T11:27:47+00:00","twitter_card":"summary_large_image","twitter_misc":{"Tiempo de lectura":"1 minuto"},"schema":{"@context":"https:\/\/schema.org","@graph":[{"@type":"WebPage","@id":"https:\/\/riberasalud.com\/ribera-estetica\/informacion-sobre-el-tratamiento-de-datos\/","url":"https:\/\/riberasalud.com\/ribera-estetica\/informacion-sobre-el-tratamiento-de-datos\/","name":"Informaci\u00f3n sobre el tratamiento de datos - Ribera Est\u00e9tica","isPartOf":{"@id":"https:\/\/riberasalud.com\/ribera-estetica\/#website"},"datePublished":"2022-10-25T11:27:46+00:00","dateModified":"2022-10-25T11:27:47+00:00","description":"Informaci\u00f3n sobre el tratamiento de datos.&nbsp; Responsable del tratamiento: RIBERA SALUD, S.A., con domicilio en Avenida Cortes Valencianas, n\u00famero 58,","breadcrumb":{"@id":"https:\/\/riberasalud.com\/ribera-estetica\/informacion-sobre-el-tratamiento-de-datos\/#breadcrumb"},"inLanguage":"es","potentialAction":[{"@type":"ReadAction","target":["https:\/\/riberasalud.com\/ribera-estetica\/informacion-sobre-el-tratamiento-de-datos\/"]}]},{"@type":"BreadcrumbList","@id":"https:\/\/riberasalud.com\/ribera-estetica\/informacion-sobre-el-tratamiento-de-datos\/#breadcrumb","itemListElement":[{"@type":"ListItem","position":1,"name":"Inicio","item":"https:\/\/riberasalud.com\/ribera-estetica\/"},{"@type":"ListItem","position":2,"name":"Informaci\u00f3n sobre el tratamiento de datos"}]},{"@type":"WebSite","@id":"https:\/\/riberasalud.com\/ribera-estetica\/#website","url":"https:\/\/riberasalud.com\/ribera-estetica\/","name":"Ribera Est\u00e9tica","description":"","publisher":{"@id":"https:\/\/riberasalud.com\/ribera-estetica\/#organization"},"potentialAction":[{"@type":"SearchAction","target":{"@type":"EntryPoint","urlTemplate":"https:\/\/riberasalud.com\/ribera-estetica\/?s={search_term_string}"},"query-input":{"@type":"PropertyValueSpecification","valueRequired":true,"valueName":"search_term_string"}}],"inLanguage":"es"},{"@type":"Organization","@id":"https:\/\/riberasalud.com\/ribera-estetica\/#organization","name":"Ribera Est\u00e9tica","url":"https:\/\/riberasalud.com\/ribera-estetica\/","logo":{"@type":"ImageObject","inLanguage":"es","@id":"https:\/\/riberasalud.com\/ribera-estetica\/#\/schema\/logo\/image\/","url":"https:\/\/riberasalud.com\/ribera-estetica\/wp-content\/uploads\/2022\/07\/cropped-cropped-cropped-Logo-Red-Estetica.png","contentUrl":"https:\/\/riberasalud.com\/ribera-estetica\/wp-content\/uploads\/2022\/07\/cropped-cropped-cropped-Logo-Red-Estetica.png","width":8872,"height":1976,"caption":"Ribera Est\u00e9tica"},"image":{"@id":"https:\/\/riberasalud.com\/ribera-estetica\/#\/schema\/logo\/image\/"}}]}},"_links":{"self":[{"href":"https:\/\/riberasalud.com\/ribera-estetica\/wp-json\/wp\/v2\/pages\/1762","targetHints":{"allow":["GET"]}}],"collection":[{"href":"https:\/\/riberasalud.com\/ribera-estetica\/wp-json\/wp\/v2\/pages"}],"about":[{"href":"https:\/\/riberasalud.com\/ribera-estetica\/wp-json\/wp\/v2\/types\/page"}],"author":[{"embeddable":true,"href":"https:\/\/riberasalud.com\/ribera-estetica\/wp-json\/wp\/v2\/users\/4"}],"replies":[{"embeddable":true,"href":"https:\/\/riberasalud.com\/ribera-estetica\/wp-json\/wp\/v2\/comments?post=1762"}],"version-history":[{"count":1,"href":"https:\/\/riberasalud.com\/ribera-estetica\/wp-json\/wp\/v2\/pages\/1762\/revisions"}],"predecessor-version":[{"id":1763,"href":"https:\/\/riberasalud.com\/ribera-estetica\/wp-json\/wp\/v2\/pages\/1762\/revisions\/1763"}],"wp:attachment":[{"href":"https:\/\/riberasalud.com\/ribera-estetica\/wp-json\/wp\/v2\/media?parent=1762"}],"curies":[{"name":"wp","href":"https:\/\/api.w.org\/{rel}","templated":true}]}}