{"id":11106,"date":"2025-09-25T13:33:47","date_gmt":"2025-09-25T13:33:47","guid":{"rendered":"https:\/\/riberasalud.com\/ribera-estetica\/?page_id=11106"},"modified":"2025-10-28T11:49:38","modified_gmt":"2025-10-28T11:49:38","slug":"contacto","status":"publish","type":"page","link":"https:\/\/riberasalud.com\/ribera-estetica\/contacto\/","title":{"rendered":"Contacto"},"content":{"rendered":"\n<div class=\"wp-block-group hasbackgroundnaranja sliderlinea\"><div class=\"wp-block-group__inner-container is-layout-flow wp-block-group-is-layout-flow\">\n<p>SOMOS RIBERA EST\u00c9TICA<\/p>\n\n\n\n<h1 class=\"wp-block-heading\">Contacto<\/h1>\n<\/div><\/div>\n\n\n\n<div class=\"wp-block-group listadocentros\"><div class=\"wp-block-group__inner-container is-layout-constrained wp-block-group-is-layout-constrained\">\n<div class=\"wp-block-columns listadodecentros is-layout-flex wp-container-core-columns-is-layout-9d6595d7 wp-block-columns-is-layout-flex\">\n<div class=\"wp-block-column is-layout-flow wp-block-column-is-layout-flow\">\n<h2 class=\"wp-block-heading has-text-align-left\">Encuentra tu <strong><em>centro<\/em><\/strong><\/h2>\n\n\n\n<h3 class=\"wp-block-heading nombrelistaclinica\"><a href=\"#nuestroscentros\">Cl\u00ednica Ribera Mestalla<\/a><\/h3>\n\n\n\n<h3 class=\"wp-block-heading nombrelistaclinica\"><a href=\"#nuestroscentros\">Cl\u00ednica Ribera Cartagena<\/a><\/h3>\n\n\n\n<h3 class=\"wp-block-heading nombrelistaclinica\"><a href=\"#nuestroscentros\">Cl\u00ednica Polusa Santo Domingo<\/a><\/h3>\n\n\n\n<h3 class=\"wp-block-heading nombrelistaclinica\"><a href=\"#nuestroscentros\">Cl\u00ednica Ribera Ciudad Quesada<\/a><\/h3>\n<\/div>\n\n\n\n<div class=\"wp-block-column is-layout-flow wp-block-column-is-layout-flow\" id=\"nuestroscentros\">\n<div class=\"wp-block-group tarjetaclinica has-base-2-background-color has-background\"><div class=\"wp-block-group__inner-container is-layout-constrained wp-block-group-is-layout-constrained\">\n<iframe class=\"gmap\" src=\"https:\/\/www.google.com\/maps\/embed?pb=!1m18!1m12!1m3!1d3079.7625826332323!2d-0.3631141243611645!3d39.47469197160647!2m3!1f0!2f0!3f0!3m2!1i1024!2i768!4f13.1!3m3!1m2!1s0xd60495cd7f2193f%3A0x476ebc68ebc21e85!2sCl%C3%ADnica%20Ribera%20Mestalla!5e0!3m2!1ses!2ses!4v1746184325190!5m2!1ses!2ses\" style=\"border:0;\" allowfullscreen=\"\" loading=\"lazy\" referrerpolicy=\"no-referrer-when-downgrade\" width=\"100%\" height=\"100%\"><\/iframe>\n\n\n\n<h3 class=\"wp-block-heading\"><strong>Cl\u00ednica Ribera Mestalla<\/strong><br>en Valencia<\/h3>\n\n\n\n<p>C. Micer Masc\u00f3, 42, El Llano del Real, 46010 Valencia<br>Consultar horario en cl\u00ednica<br><a href=\"mailto:infomestalla@riberacare.com\">infomestalla@riberacare.com<br><\/a><a href=\"tel:960919172\">960 919 172<\/a><\/p>\n\n\n\n<div class=\"wp-block-buttons btnesestetica is-vertical is-content-justification-left is-layout-flex wp-container-core-buttons-is-layout-c0ca7d81 wp-block-buttons-is-layout-flex\">\n<div class=\"wp-block-button has-custom-width wp-block-button__width-50 is-style-outline btnesestetica-destacado-linea is-style-outline--1\"><a class=\"wp-block-button__link has-text-color has-background has-link-color wp-element-button\" href=\"https:\/\/riberasalud.com\/clinica-mestalla\/medicina-estetica-cirugia-plastica\/\" style=\"color:#4a4441;background-color:#ffffff00\" target=\"_blank\" rel=\"noreferrer noopener\">M\u00e1s informaci\u00f3n<\/a><\/div>\n<\/div>\n<\/div><\/div>\n\n\n\n<div class=\"wp-block-group tarjetaclinica has-base-2-background-color has-background\"><div class=\"wp-block-group__inner-container is-layout-constrained wp-block-group-is-layout-constrained\">\n<iframe class=\"gmap\" src=\"https:\/\/www.google.com\/maps\/embed?pb=!1m18!1m12!1m3!1d3160.8135346324634!2d-0.9896153882498634!3d37.60654727191158!2m3!1f0!2f0!3f0!3m2!1i1024!2i768!4f13.1!3m3!1m2!1s0xd6343e44b6d7813%3A0x6b6f0fca61621468!2sCl%C3%ADnica%20de%20Est%C3%A9tica%20Centro%20M%C3%A9dico%20Virgen%20de%20la%20Caridad!5e0!3m2!1ses!2ses!4v1718966966900!5m2!1ses!2ses\" width=\"100%\" height=\"100%\" style=\"border:0;\" allowfullscreen=\"\" loading=\"lazy\" referrerpolicy=\"no-referrer-when-downgrade\"><\/iframe>\n\n\n\n<h3 class=\"wp-block-heading\"><strong>Cl\u00ednica Ribera Cartagena<br><\/strong>en Murcia<\/h3>\n\n\n\n<p>Paseo Alfonso XIII, 8, Entlo. B, 30201 Cartagena<br>De lunes a viernes de 09:30h a 20:00h<br><a href=\"mailto:estetica.cartagena@riberacare.com\">estetica.cartagena@riberacare.com<br><\/a><a href=\"tel:968081771\">968 081 771<br><\/a>Citas: <a href=\"tel:689469517\">689 469 51<\/a><a href=\"https:\/\/riberasalud.com\/ribera-estetica\/\">7<\/a><\/p>\n\n\n\n<div class=\"wp-block-buttons btnesestetica is-vertical is-content-justification-left is-layout-flex wp-container-core-buttons-is-layout-c0ca7d81 wp-block-buttons-is-layout-flex\">\n<div class=\"wp-block-button has-custom-width wp-block-button__width-50 is-style-outline btnesestetica-destacado-linea is-style-outline--2\"><a class=\"wp-block-button__link has-text-color has-background has-link-color wp-element-button\" href=\"https:\/\/www.riberasalud.com\/virgen-de-la-caridad\/centro\/clinica-ribera-estetica-cartagena\/\" style=\"color:#4a4441;background-color:#ffffff00\" target=\"_blank\" rel=\"noreferrer noopener\">M\u00e1s informaci\u00f3n<\/a><\/div>\n<\/div>\n<\/div><\/div>\n\n\n\n<div class=\"wp-block-group tarjetaclinica has-base-2-background-color has-background\"><div class=\"wp-block-group__inner-container is-layout-constrained wp-block-group-is-layout-constrained\">\n<iframe class=\"gmap\" src=\"https:\/\/www.google.com\/maps\/embed?pb=!1m18!1m12!1m3!1d2917.4339170419516!2d-7.5612119730468565!3d43.01125310000001!2m3!1f0!2f0!3f0!3m2!1i1024!2i768!4f13.1!3m3!1m2!1s0xd31cfbee7bdd4c9%3A0x9162ba1f371f88a9!2sCl%C3%ADnica%20Ribera%20Est%C3%A9tica%20Lugo!5e0!3m2!1ses!2ses!4v1659003372877!5m2!1ses!2ses\" style=\"border:0;\" allowfullscreen=\"\" loading=\"lazy\" referrerpolicy=\"no-referrer-when-downgrade\" width=\"100%\" height=\"100%\"><\/iframe>\n\n\n\n<h3 class=\"wp-block-heading\"><strong>Cl\u00ednica Polusa Santo Domingo<br><\/strong>en Lugo<\/h3>\n\n\n\n<p>Plaza Santo Domingo, 20 Bajo, Lugo<br>Lunes a viernes: 10:00-14:00h \/ 16:00-20:00h<br><a href=\"mailto:estetica.polusa@riberacare.com\">estetica.polusa@riberacare.com<\/a><br><a href=\"tel:982872772\">982 872 772<\/a><br>Consulta capilar: <a href=\"tel:664842680\">664 842 680<\/a><\/p>\n\n\n\n<div class=\"wp-block-buttons btnesestetica is-vertical is-content-justification-left is-layout-flex wp-container-core-buttons-is-layout-c0ca7d81 wp-block-buttons-is-layout-flex\">\n<div class=\"wp-block-button has-custom-width wp-block-button__width-50 is-style-outline btnesestetica-destacado-linea is-style-outline--3\"><a class=\"wp-block-button__link has-text-color has-background has-link-color wp-element-button\" href=\"https:\/\/riberasalud.com\/polusa\/clinicas-santo-domingo\/medicina-estetica\/\" style=\"color:#4a4441;background-color:#ffffff00\" target=\"_blank\" rel=\"noreferrer noopener\">M\u00e1s informaci\u00f3n<\/a><\/div>\n<\/div>\n<\/div><\/div>\n\n\n\n<div class=\"wp-block-group tarjetaclinica has-base-2-background-color has-background\"><div class=\"wp-block-group__inner-container is-layout-constrained wp-block-group-is-layout-constrained\">\n<iframe class=\"gmap\" src=\"https:\/\/www.google.com\/maps\/embed?pb=!1m18!1m12!1m3!1d12566.532199969939!2d-0.7251575117262126!3d38.055635765251445!2m3!1f0!2f0!3f0!3m2!1i1024!2i768!4f13.1!3m3!1m2!1s0xd63a919e96e7979%3A0xa07e3320512b89ed!2sCl%C3%ADnica%20Ribera%20Ciudad%20Quesada!5e0!3m2!1ses!2ses!4v1683113065248!5m2!1ses!2ses\" width=\"100%\" height=\"100%\" style=\"border:0;\" allowfullscreen=\"\" loading=\"lazy\" referrerpolicy=\"no-referrer-when-downgrade\"><\/iframe>\n\n\n\n<h3 class=\"wp-block-heading\"><strong>Cl\u00ednica Ribera Ciudad Quesada<br><\/strong>en Murcia<\/h3>\n\n\n\n<p>Calle Mallorca, 25, 03170 Do\u00f1a Pepa, Ciudad Quesada<br>De lunes a viernes de 09:00h a 20:00h<br><a href=\"mailto:info.ciudadquesada@riberacare.com\">info.ciudadquesada@riberacare.com<br><\/a><a href=\"tel:965725915\">965 725 915<\/a><br>Whatsapp: <a href=\"https:\/\/wa.me\/34699963758\" target=\"_blank\" rel=\"noreferrer noopener\">699 963 758<\/a><\/p>\n\n\n\n<div class=\"wp-block-buttons btnesestetica is-vertical is-content-justification-left is-layout-flex wp-container-core-buttons-is-layout-c0ca7d81 wp-block-buttons-is-layout-flex\">\n<div class=\"wp-block-button has-custom-width wp-block-button__width-50 is-style-outline btnesestetica-destacado-linea is-style-outline--4\"><a class=\"wp-block-button__link has-text-color has-background has-link-color wp-element-button\" href=\"https:\/\/www.riberasalud.com\/ciudad-quesada\/servicios-y-especialidades\/medicina-estetica\/\" style=\"color:#4a4441;background-color:#ffffff00\" target=\"_blank\" rel=\"noreferrer noopener\">M\u00e1s informaci\u00f3n<\/a><\/div>\n<\/div>\n<\/div><\/div>\n<\/div>\n<\/div>\n<\/div><\/div>\n\n\n\n<div style=\"height:40px\" aria-hidden=\"true\" class=\"wp-block-spacer\"><\/div>\n","protected":false},"excerpt":{"rendered":"<p>SOMOS RIBERA EST\u00c9TICA Contacto Encuentra tu centro Cl\u00ednica Ribera Mestalla Cl\u00ednica Ribera Cartagena Cl\u00ednica Polusa Santo Domingo Cl\u00ednica Ribera Ciudad Quesada Cl\u00ednica Ribera Mestallaen Valencia C. Micer Masc\u00f3, 42, El Llano del Real, 46010 ValenciaConsultar horario en cl\u00ednicainfomestalla@riberacare.com960 919 172 Cl\u00ednica Ribera Cartagenaen Murcia Paseo Alfonso XIII, 8, Entlo. B, 30201 CartagenaDe lunes a viernes &#8230; <a title=\"Contacto\" class=\"read-more\" href=\"https:\/\/riberasalud.com\/ribera-estetica\/contacto\/\" aria-label=\"Leer m\u00e1s sobre Contacto\">Leer m\u00e1s<\/a><\/p>\n","protected":false},"author":3,"featured_media":0,"parent":0,"menu_order":0,"comment_status":"closed","ping_status":"closed","template":"","meta":{"_mi_skip_tracking":false,"_glsr_average":0,"_glsr_ranking":0,"_glsr_reviews":0,"footnotes":""},"class_list":["post-11106","page","type-page","status-publish"],"yoast_head":"<!-- This site is optimized with the Yoast SEO plugin v26.9 - https:\/\/yoast.com\/product\/yoast-seo-wordpress\/ -->\n<title>Contacto - Ribera Est\u00e9tica<\/title>\n<meta name=\"description\" content=\"SOMOS RIBERA EST\u00c9TICA Contacto Encuentra tu centro Cl\u00ednica Ribera Mestalla Cl\u00ednica Ribera Cartagena Cl\u00ednica Polusa Santo Domingo Cl\u00ednica Ribera Ciudad\" \/>\n<meta name=\"robots\" content=\"index, nofollow, max-snippet:-1, max-image-preview:large, max-video-preview:-1\" \/>\n<link rel=\"canonical\" href=\"https:\/\/riberasalud.com\/ribera-estetica\/contacto\/\" \/>\n<meta property=\"og:locale\" content=\"es_ES\" \/>\n<meta property=\"og:type\" content=\"article\" \/>\n<meta property=\"og:title\" content=\"Contacto - Ribera Est\u00e9tica\" \/>\n<meta property=\"og:description\" content=\"SOMOS RIBERA EST\u00c9TICA Contacto Encuentra tu centro Cl\u00ednica Ribera Mestalla Cl\u00ednica Ribera Cartagena Cl\u00ednica Polusa Santo Domingo Cl\u00ednica Ribera Ciudad\" \/>\n<meta property=\"og:url\" content=\"https:\/\/riberasalud.com\/ribera-estetica\/contacto\/\" \/>\n<meta property=\"og:site_name\" content=\"Ribera Est\u00e9tica\" \/>\n<meta property=\"article:modified_time\" content=\"2025-10-28T11:49:38+00:00\" \/>\n<meta name=\"twitter:card\" content=\"summary_large_image\" \/>\n<meta name=\"twitter:label1\" content=\"Tiempo de lectura\" \/>\n\t<meta name=\"twitter:data1\" content=\"1 minuto\" \/>\n<script type=\"application\/ld+json\" class=\"yoast-schema-graph\">{\"@context\":\"https:\/\/schema.org\",\"@graph\":[{\"@type\":\"WebPage\",\"@id\":\"https:\/\/riberasalud.com\/ribera-estetica\/contacto\/\",\"url\":\"https:\/\/riberasalud.com\/ribera-estetica\/contacto\/\",\"name\":\"Contacto - Ribera Est\u00e9tica\",\"isPartOf\":{\"@id\":\"https:\/\/riberasalud.com\/ribera-estetica\/#website\"},\"datePublished\":\"2025-09-25T13:33:47+00:00\",\"dateModified\":\"2025-10-28T11:49:38+00:00\",\"description\":\"SOMOS RIBERA EST\u00c9TICA Contacto Encuentra tu centro Cl\u00ednica Ribera Mestalla Cl\u00ednica Ribera Cartagena Cl\u00ednica Polusa Santo Domingo Cl\u00ednica Ribera Ciudad\",\"breadcrumb\":{\"@id\":\"https:\/\/riberasalud.com\/ribera-estetica\/contacto\/#breadcrumb\"},\"inLanguage\":\"es\",\"potentialAction\":[{\"@type\":\"ReadAction\",\"target\":[\"https:\/\/riberasalud.com\/ribera-estetica\/contacto\/\"]}]},{\"@type\":\"BreadcrumbList\",\"@id\":\"https:\/\/riberasalud.com\/ribera-estetica\/contacto\/#breadcrumb\",\"itemListElement\":[{\"@type\":\"ListItem\",\"position\":1,\"name\":\"Inicio\",\"item\":\"https:\/\/riberasalud.com\/ribera-estetica\/\"},{\"@type\":\"ListItem\",\"position\":2,\"name\":\"Contacto\"}]},{\"@type\":\"WebSite\",\"@id\":\"https:\/\/riberasalud.com\/ribera-estetica\/#website\",\"url\":\"https:\/\/riberasalud.com\/ribera-estetica\/\",\"name\":\"Ribera Est\u00e9tica\",\"description\":\"\",\"publisher\":{\"@id\":\"https:\/\/riberasalud.com\/ribera-estetica\/#organization\"},\"potentialAction\":[{\"@type\":\"SearchAction\",\"target\":{\"@type\":\"EntryPoint\",\"urlTemplate\":\"https:\/\/riberasalud.com\/ribera-estetica\/?s={search_term_string}\"},\"query-input\":{\"@type\":\"PropertyValueSpecification\",\"valueRequired\":true,\"valueName\":\"search_term_string\"}}],\"inLanguage\":\"es\"},{\"@type\":\"Organization\",\"@id\":\"https:\/\/riberasalud.com\/ribera-estetica\/#organization\",\"name\":\"Ribera Est\u00e9tica\",\"url\":\"https:\/\/riberasalud.com\/ribera-estetica\/\",\"logo\":{\"@type\":\"ImageObject\",\"inLanguage\":\"es\",\"@id\":\"https:\/\/riberasalud.com\/ribera-estetica\/#\/schema\/logo\/image\/\",\"url\":\"https:\/\/riberasalud.com\/ribera-estetica\/wp-content\/uploads\/2022\/07\/cropped-cropped-cropped-Logo-Red-Estetica.png\",\"contentUrl\":\"https:\/\/riberasalud.com\/ribera-estetica\/wp-content\/uploads\/2022\/07\/cropped-cropped-cropped-Logo-Red-Estetica.png\",\"width\":8872,\"height\":1976,\"caption\":\"Ribera Est\u00e9tica\"},\"image\":{\"@id\":\"https:\/\/riberasalud.com\/ribera-estetica\/#\/schema\/logo\/image\/\"}}]}<\/script>\n<!-- \/ Yoast SEO plugin. -->","yoast_head_json":{"title":"Contacto - Ribera Est\u00e9tica","description":"SOMOS RIBERA EST\u00c9TICA Contacto Encuentra tu centro Cl\u00ednica Ribera Mestalla Cl\u00ednica Ribera Cartagena Cl\u00ednica Polusa Santo Domingo Cl\u00ednica Ribera Ciudad","robots":{"index":"index","follow":"nofollow","max-snippet":"max-snippet:-1","max-image-preview":"max-image-preview:large","max-video-preview":"max-video-preview:-1"},"canonical":"https:\/\/riberasalud.com\/ribera-estetica\/contacto\/","og_locale":"es_ES","og_type":"article","og_title":"Contacto - Ribera Est\u00e9tica","og_description":"SOMOS RIBERA EST\u00c9TICA Contacto Encuentra tu centro Cl\u00ednica Ribera Mestalla Cl\u00ednica Ribera Cartagena Cl\u00ednica Polusa Santo Domingo Cl\u00ednica Ribera Ciudad","og_url":"https:\/\/riberasalud.com\/ribera-estetica\/contacto\/","og_site_name":"Ribera Est\u00e9tica","article_modified_time":"2025-10-28T11:49:38+00:00","twitter_card":"summary_large_image","twitter_misc":{"Tiempo de lectura":"1 minuto"},"schema":{"@context":"https:\/\/schema.org","@graph":[{"@type":"WebPage","@id":"https:\/\/riberasalud.com\/ribera-estetica\/contacto\/","url":"https:\/\/riberasalud.com\/ribera-estetica\/contacto\/","name":"Contacto - Ribera Est\u00e9tica","isPartOf":{"@id":"https:\/\/riberasalud.com\/ribera-estetica\/#website"},"datePublished":"2025-09-25T13:33:47+00:00","dateModified":"2025-10-28T11:49:38+00:00","description":"SOMOS RIBERA EST\u00c9TICA Contacto Encuentra tu centro Cl\u00ednica Ribera Mestalla Cl\u00ednica Ribera Cartagena Cl\u00ednica Polusa Santo Domingo Cl\u00ednica Ribera Ciudad","breadcrumb":{"@id":"https:\/\/riberasalud.com\/ribera-estetica\/contacto\/#breadcrumb"},"inLanguage":"es","potentialAction":[{"@type":"ReadAction","target":["https:\/\/riberasalud.com\/ribera-estetica\/contacto\/"]}]},{"@type":"BreadcrumbList","@id":"https:\/\/riberasalud.com\/ribera-estetica\/contacto\/#breadcrumb","itemListElement":[{"@type":"ListItem","position":1,"name":"Inicio","item":"https:\/\/riberasalud.com\/ribera-estetica\/"},{"@type":"ListItem","position":2,"name":"Contacto"}]},{"@type":"WebSite","@id":"https:\/\/riberasalud.com\/ribera-estetica\/#website","url":"https:\/\/riberasalud.com\/ribera-estetica\/","name":"Ribera Est\u00e9tica","description":"","publisher":{"@id":"https:\/\/riberasalud.com\/ribera-estetica\/#organization"},"potentialAction":[{"@type":"SearchAction","target":{"@type":"EntryPoint","urlTemplate":"https:\/\/riberasalud.com\/ribera-estetica\/?s={search_term_string}"},"query-input":{"@type":"PropertyValueSpecification","valueRequired":true,"valueName":"search_term_string"}}],"inLanguage":"es"},{"@type":"Organization","@id":"https:\/\/riberasalud.com\/ribera-estetica\/#organization","name":"Ribera Est\u00e9tica","url":"https:\/\/riberasalud.com\/ribera-estetica\/","logo":{"@type":"ImageObject","inLanguage":"es","@id":"https:\/\/riberasalud.com\/ribera-estetica\/#\/schema\/logo\/image\/","url":"https:\/\/riberasalud.com\/ribera-estetica\/wp-content\/uploads\/2022\/07\/cropped-cropped-cropped-Logo-Red-Estetica.png","contentUrl":"https:\/\/riberasalud.com\/ribera-estetica\/wp-content\/uploads\/2022\/07\/cropped-cropped-cropped-Logo-Red-Estetica.png","width":8872,"height":1976,"caption":"Ribera Est\u00e9tica"},"image":{"@id":"https:\/\/riberasalud.com\/ribera-estetica\/#\/schema\/logo\/image\/"}}]}},"_links":{"self":[{"href":"https:\/\/riberasalud.com\/ribera-estetica\/wp-json\/wp\/v2\/pages\/11106","targetHints":{"allow":["GET"]}}],"collection":[{"href":"https:\/\/riberasalud.com\/ribera-estetica\/wp-json\/wp\/v2\/pages"}],"about":[{"href":"https:\/\/riberasalud.com\/ribera-estetica\/wp-json\/wp\/v2\/types\/page"}],"author":[{"embeddable":true,"href":"https:\/\/riberasalud.com\/ribera-estetica\/wp-json\/wp\/v2\/users\/3"}],"replies":[{"embeddable":true,"href":"https:\/\/riberasalud.com\/ribera-estetica\/wp-json\/wp\/v2\/comments?post=11106"}],"version-history":[{"count":192,"href":"https:\/\/riberasalud.com\/ribera-estetica\/wp-json\/wp\/v2\/pages\/11106\/revisions"}],"predecessor-version":[{"id":11755,"href":"https:\/\/riberasalud.com\/ribera-estetica\/wp-json\/wp\/v2\/pages\/11106\/revisions\/11755"}],"wp:attachment":[{"href":"https:\/\/riberasalud.com\/ribera-estetica\/wp-json\/wp\/v2\/media?parent=11106"}],"curies":[{"name":"wp","href":"https:\/\/api.w.org\/{rel}","templated":true}]}}