{"id":4222,"date":"2022-09-19T06:43:45","date_gmt":"2022-09-19T06:43:45","guid":{"rendered":"https:\/\/riberasalud.com\/ribera-dentaux\/?page_id=4222"},"modified":"2022-09-19T06:45:39","modified_gmt":"2022-09-19T06:45:39","slug":"gracias-implantologia","status":"publish","type":"page","link":"https:\/\/riberasalud.com\/ribera-dent\/gracias-implantologia\/","title":{"rendered":"Gracias"},"content":{"rendered":"\n<script type=\"text\/javascript\">\n  var _smartsupp = _smartsupp || {};\n  _smartsupp.key = \"26296966fec73ba7eaa0b7056dced6b209ace24b\";\n_smartsupp.hideWidget = true; \/\/ use on specific pages\n_smartsupp.hideMobileWidget = true; \/\/ hide chat box on mobile devices\n  window.smartsupp||(function(d) {\n    var s,c,o=smartsupp=function(){ o._.push(arguments)};o._=[];\n    s=d.getElementsByTagName('script')[0];c=d.createElement('script');\n    c.type='text\/javascript';c.charset='utf-8';c.async=true;\n    c.src='https:\/\/www.smartsuppchat.com\/loader.js?';s.parentNode.insertBefore(c,s);\n  })(document);\n<\/script>\n\n\n\n<div class=\"wp-block-group\"><div class=\"wp-block-group__inner-container is-layout-flow wp-block-group-is-layout-flow\"><div class=\"wp-block-image\">\n<figure class=\"alignleft size-large is-resized\"><img decoding=\"async\" src=\"https:\/\/www.riberasalud.com\/ribera-dent\/wp-content\/uploads\/2021\/07\/Logo-Red-DentalPolusa-1024x198.png\" alt=\"\" class=\"wp-image-1429\" width=\"232\" height=\"44\"\/><\/figure>\n<\/div><\/div><\/div>\n\n\n\n<div class=\"wp-block-group\"><div class=\"wp-block-group__inner-container is-layout-flow wp-block-group-is-layout-flow\">\n<p class=\"has-text-align-center nomargin\" style=\"font-size:45px\"><strong><span style=\"color: #d11728;\" class=\"ugb-highlight\">\u00a1Muchas gracias!<\/span><\/strong><\/p>\n\n\n\n<p class=\"has-text-align-center\"><strong>Hemos recibido tu solicitud de informaci\u00f3n.<\/strong><\/p>\n\n\n\n<p class=\"has-text-align-center\"><strong>Desde Ribera Dent te agradecemos el inter\u00e9s mostrado hacia nuestra cl\u00ednica.<\/strong><\/p>\n\n\n\n<p class=\"has-text-align-center\"><strong>En breve nos pondremos en contacto contigo.<\/strong><\/p>\n<\/div><\/div>\n","protected":false},"excerpt":{"rendered":"<p>\u00a1Muchas gracias! Hemos recibido tu solicitud de informaci\u00f3n. Desde Ribera Dent te agradecemos el inter\u00e9s mostrado hacia nuestra cl\u00ednica. En breve nos pondremos en contacto contigo.<\/p>\n","protected":false},"author":1,"featured_media":0,"parent":0,"menu_order":0,"comment_status":"closed","ping_status":"closed","template":"","meta":{"_uag_custom_page_level_css":"","_mi_skip_tracking":false,"_glsr_average":0,"_glsr_ranking":0,"_glsr_reviews":0,"footnotes":""},"class_list":["post-4222","page","type-page","status-publish"],"yoast_head":"<!-- This site is optimized with the Yoast SEO plugin v27.4 - https:\/\/yoast.com\/product\/yoast-seo-wordpress\/ -->\n<title>Gracias - Ribera Dent<\/title>\n<meta name=\"description\" content=\"\u00a1Muchas gracias! Hemos recibido tu solicitud de informaci\u00f3n. Desde Ribera Dent te agradecemos el inter\u00e9s mostrado hacia nuestra cl\u00ednica. En breve nos\" \/>\n<meta name=\"robots\" content=\"index, follow, max-snippet:-1, max-image-preview:large, max-video-preview:-1\" \/>\n<link rel=\"canonical\" href=\"https:\/\/riberasalud.com\/ribera-dent\/gracias-implantologia\/\" \/>\n<meta property=\"og:locale\" content=\"es_ES\" \/>\n<meta property=\"og:type\" content=\"article\" \/>\n<meta property=\"og:title\" content=\"Gracias - Ribera Dent\" \/>\n<meta property=\"og:description\" content=\"\u00a1Muchas gracias! Hemos recibido tu solicitud de informaci\u00f3n. Desde Ribera Dent te agradecemos el inter\u00e9s mostrado hacia nuestra cl\u00ednica. En breve nos\" \/>\n<meta property=\"og:url\" content=\"https:\/\/riberasalud.com\/ribera-dent\/gracias-implantologia\/\" \/>\n<meta property=\"og:site_name\" content=\"Ribera Dent\" \/>\n<meta property=\"article:modified_time\" content=\"2022-09-19T06:45:39+00:00\" \/>\n<meta property=\"og:image\" content=\"https:\/\/www.riberasalud.com\/ribera-dent\/wp-content\/uploads\/2021\/07\/Logo-Red-DentalPolusa-1024x198.png\" \/>\n<meta name=\"twitter:card\" content=\"summary_large_image\" \/>\n<script type=\"application\/ld+json\" class=\"yoast-schema-graph\">{\"@context\":\"https:\\\/\\\/schema.org\",\"@graph\":[{\"@type\":\"WebPage\",\"@id\":\"https:\\\/\\\/riberasalud.com\\\/ribera-dent\\\/gracias-implantologia\\\/\",\"url\":\"https:\\\/\\\/riberasalud.com\\\/ribera-dent\\\/gracias-implantologia\\\/\",\"name\":\"Gracias - Ribera Dent\",\"isPartOf\":{\"@id\":\"https:\\\/\\\/riberasalud.com\\\/ribera-dent\\\/#website\"},\"primaryImageOfPage\":{\"@id\":\"https:\\\/\\\/riberasalud.com\\\/ribera-dent\\\/gracias-implantologia\\\/#primaryimage\"},\"image\":{\"@id\":\"https:\\\/\\\/riberasalud.com\\\/ribera-dent\\\/gracias-implantologia\\\/#primaryimage\"},\"thumbnailUrl\":\"https:\\\/\\\/www.riberasalud.com\\\/ribera-dent\\\/wp-content\\\/uploads\\\/2021\\\/07\\\/Logo-Red-DentalPolusa-1024x198.png\",\"datePublished\":\"2022-09-19T06:43:45+00:00\",\"dateModified\":\"2022-09-19T06:45:39+00:00\",\"description\":\"\u00a1Muchas gracias! Hemos recibido tu solicitud de informaci\u00f3n. Desde Ribera Dent te agradecemos el inter\u00e9s mostrado hacia nuestra cl\u00ednica. En breve nos\",\"breadcrumb\":{\"@id\":\"https:\\\/\\\/riberasalud.com\\\/ribera-dent\\\/gracias-implantologia\\\/#breadcrumb\"},\"inLanguage\":\"es\",\"potentialAction\":[{\"@type\":\"ReadAction\",\"target\":[\"https:\\\/\\\/riberasalud.com\\\/ribera-dent\\\/gracias-implantologia\\\/\"]}]},{\"@type\":\"ImageObject\",\"inLanguage\":\"es\",\"@id\":\"https:\\\/\\\/riberasalud.com\\\/ribera-dent\\\/gracias-implantologia\\\/#primaryimage\",\"url\":\"https:\\\/\\\/www.riberasalud.com\\\/ribera-dent\\\/wp-content\\\/uploads\\\/2021\\\/07\\\/Logo-Red-DentalPolusa-1024x198.png\",\"contentUrl\":\"https:\\\/\\\/www.riberasalud.com\\\/ribera-dent\\\/wp-content\\\/uploads\\\/2021\\\/07\\\/Logo-Red-DentalPolusa-1024x198.png\"},{\"@type\":\"BreadcrumbList\",\"@id\":\"https:\\\/\\\/riberasalud.com\\\/ribera-dent\\\/gracias-implantologia\\\/#breadcrumb\",\"itemListElement\":[{\"@type\":\"ListItem\",\"position\":1,\"name\":\"Portada\",\"item\":\"https:\\\/\\\/riberasalud.com\\\/ribera-dent\\\/\"},{\"@type\":\"ListItem\",\"position\":2,\"name\":\"Gracias\"}]},{\"@type\":\"WebSite\",\"@id\":\"https:\\\/\\\/riberasalud.com\\\/ribera-dent\\\/#website\",\"url\":\"https:\\\/\\\/riberasalud.com\\\/ribera-dent\\\/\",\"name\":\"Ribera Dent\",\"description\":\"\",\"publisher\":{\"@id\":\"https:\\\/\\\/riberasalud.com\\\/ribera-dent\\\/#organization\"},\"potentialAction\":[{\"@type\":\"SearchAction\",\"target\":{\"@type\":\"EntryPoint\",\"urlTemplate\":\"https:\\\/\\\/riberasalud.com\\\/ribera-dent\\\/?s={search_term_string}\"},\"query-input\":{\"@type\":\"PropertyValueSpecification\",\"valueRequired\":true,\"valueName\":\"search_term_string\"}}],\"inLanguage\":\"es\"},{\"@type\":\"Organization\",\"@id\":\"https:\\\/\\\/riberasalud.com\\\/ribera-dent\\\/#organization\",\"name\":\"Ribera Dent\",\"url\":\"https:\\\/\\\/riberasalud.com\\\/ribera-dent\\\/\",\"logo\":{\"@type\":\"ImageObject\",\"inLanguage\":\"es\",\"@id\":\"https:\\\/\\\/riberasalud.com\\\/ribera-dent\\\/#\\\/schema\\\/logo\\\/image\\\/\",\"url\":\"https:\\\/\\\/riberasalud.com\\\/ribera-dent\\\/wp-content\\\/uploads\\\/2022\\\/07\\\/cropped-Logo-Red-Dent-01.png\",\"contentUrl\":\"https:\\\/\\\/riberasalud.com\\\/ribera-dent\\\/wp-content\\\/uploads\\\/2022\\\/07\\\/cropped-Logo-Red-Dent-01.png\",\"width\":251,\"height\":67,\"caption\":\"Ribera Dent\"},\"image\":{\"@id\":\"https:\\\/\\\/riberasalud.com\\\/ribera-dent\\\/#\\\/schema\\\/logo\\\/image\\\/\"}}]}<\/script>\n<!-- \/ Yoast SEO plugin. -->","yoast_head_json":{"title":"Gracias - Ribera Dent","description":"\u00a1Muchas gracias! Hemos recibido tu solicitud de informaci\u00f3n. Desde Ribera Dent te agradecemos el inter\u00e9s mostrado hacia nuestra cl\u00ednica. En breve nos","robots":{"index":"index","follow":"follow","max-snippet":"max-snippet:-1","max-image-preview":"max-image-preview:large","max-video-preview":"max-video-preview:-1"},"canonical":"https:\/\/riberasalud.com\/ribera-dent\/gracias-implantologia\/","og_locale":"es_ES","og_type":"article","og_title":"Gracias - Ribera Dent","og_description":"\u00a1Muchas gracias! Hemos recibido tu solicitud de informaci\u00f3n. Desde Ribera Dent te agradecemos el inter\u00e9s mostrado hacia nuestra cl\u00ednica. En breve nos","og_url":"https:\/\/riberasalud.com\/ribera-dent\/gracias-implantologia\/","og_site_name":"Ribera Dent","article_modified_time":"2022-09-19T06:45:39+00:00","og_image":[{"url":"https:\/\/www.riberasalud.com\/ribera-dent\/wp-content\/uploads\/2021\/07\/Logo-Red-DentalPolusa-1024x198.png","type":"","width":"","height":""}],"twitter_card":"summary_large_image","schema":{"@context":"https:\/\/schema.org","@graph":[{"@type":"WebPage","@id":"https:\/\/riberasalud.com\/ribera-dent\/gracias-implantologia\/","url":"https:\/\/riberasalud.com\/ribera-dent\/gracias-implantologia\/","name":"Gracias - Ribera Dent","isPartOf":{"@id":"https:\/\/riberasalud.com\/ribera-dent\/#website"},"primaryImageOfPage":{"@id":"https:\/\/riberasalud.com\/ribera-dent\/gracias-implantologia\/#primaryimage"},"image":{"@id":"https:\/\/riberasalud.com\/ribera-dent\/gracias-implantologia\/#primaryimage"},"thumbnailUrl":"https:\/\/www.riberasalud.com\/ribera-dent\/wp-content\/uploads\/2021\/07\/Logo-Red-DentalPolusa-1024x198.png","datePublished":"2022-09-19T06:43:45+00:00","dateModified":"2022-09-19T06:45:39+00:00","description":"\u00a1Muchas gracias! Hemos recibido tu solicitud de informaci\u00f3n. Desde Ribera Dent te agradecemos el inter\u00e9s mostrado hacia nuestra cl\u00ednica. En breve nos","breadcrumb":{"@id":"https:\/\/riberasalud.com\/ribera-dent\/gracias-implantologia\/#breadcrumb"},"inLanguage":"es","potentialAction":[{"@type":"ReadAction","target":["https:\/\/riberasalud.com\/ribera-dent\/gracias-implantologia\/"]}]},{"@type":"ImageObject","inLanguage":"es","@id":"https:\/\/riberasalud.com\/ribera-dent\/gracias-implantologia\/#primaryimage","url":"https:\/\/www.riberasalud.com\/ribera-dent\/wp-content\/uploads\/2021\/07\/Logo-Red-DentalPolusa-1024x198.png","contentUrl":"https:\/\/www.riberasalud.com\/ribera-dent\/wp-content\/uploads\/2021\/07\/Logo-Red-DentalPolusa-1024x198.png"},{"@type":"BreadcrumbList","@id":"https:\/\/riberasalud.com\/ribera-dent\/gracias-implantologia\/#breadcrumb","itemListElement":[{"@type":"ListItem","position":1,"name":"Portada","item":"https:\/\/riberasalud.com\/ribera-dent\/"},{"@type":"ListItem","position":2,"name":"Gracias"}]},{"@type":"WebSite","@id":"https:\/\/riberasalud.com\/ribera-dent\/#website","url":"https:\/\/riberasalud.com\/ribera-dent\/","name":"Ribera Dent","description":"","publisher":{"@id":"https:\/\/riberasalud.com\/ribera-dent\/#organization"},"potentialAction":[{"@type":"SearchAction","target":{"@type":"EntryPoint","urlTemplate":"https:\/\/riberasalud.com\/ribera-dent\/?s={search_term_string}"},"query-input":{"@type":"PropertyValueSpecification","valueRequired":true,"valueName":"search_term_string"}}],"inLanguage":"es"},{"@type":"Organization","@id":"https:\/\/riberasalud.com\/ribera-dent\/#organization","name":"Ribera Dent","url":"https:\/\/riberasalud.com\/ribera-dent\/","logo":{"@type":"ImageObject","inLanguage":"es","@id":"https:\/\/riberasalud.com\/ribera-dent\/#\/schema\/logo\/image\/","url":"https:\/\/riberasalud.com\/ribera-dent\/wp-content\/uploads\/2022\/07\/cropped-Logo-Red-Dent-01.png","contentUrl":"https:\/\/riberasalud.com\/ribera-dent\/wp-content\/uploads\/2022\/07\/cropped-Logo-Red-Dent-01.png","width":251,"height":67,"caption":"Ribera Dent"},"image":{"@id":"https:\/\/riberasalud.com\/ribera-dent\/#\/schema\/logo\/image\/"}}]}},"uagb_featured_image_src":{"full":false,"thumbnail":false,"medium":false,"medium_large":false,"large":false,"1536x1536":false,"2048x2048":false,"mailchimp":false},"uagb_author_info":{"display_name":"jorge@quois.com","author_link":"https:\/\/riberasalud.com\/ribera-dent\/blog\/author\/jorgequois-com\/"},"uagb_comment_info":0,"uagb_excerpt":"\u00a1Muchas gracias! Hemos recibido tu solicitud de informaci\u00f3n. Desde Ribera Dent te agradecemos el inter\u00e9s mostrado hacia nuestra cl\u00ednica. En breve nos pondremos en contacto contigo.","_links":{"self":[{"href":"https:\/\/riberasalud.com\/ribera-dent\/wp-json\/wp\/v2\/pages\/4222","targetHints":{"allow":["GET"]}}],"collection":[{"href":"https:\/\/riberasalud.com\/ribera-dent\/wp-json\/wp\/v2\/pages"}],"about":[{"href":"https:\/\/riberasalud.com\/ribera-dent\/wp-json\/wp\/v2\/types\/page"}],"author":[{"embeddable":true,"href":"https:\/\/riberasalud.com\/ribera-dent\/wp-json\/wp\/v2\/users\/1"}],"replies":[{"embeddable":true,"href":"https:\/\/riberasalud.com\/ribera-dent\/wp-json\/wp\/v2\/comments?post=4222"}],"version-history":[{"count":1,"href":"https:\/\/riberasalud.com\/ribera-dent\/wp-json\/wp\/v2\/pages\/4222\/revisions"}],"predecessor-version":[{"id":4223,"href":"https:\/\/riberasalud.com\/ribera-dent\/wp-json\/wp\/v2\/pages\/4222\/revisions\/4223"}],"wp:attachment":[{"href":"https:\/\/riberasalud.com\/ribera-dent\/wp-json\/wp\/v2\/media?parent=4222"}],"curies":[{"name":"wp","href":"https:\/\/api.w.org\/{rel}","templated":true}]}}