{"id":3730,"date":"2022-07-19T07:03:26","date_gmt":"2022-07-19T07:03:26","guid":{"rendered":"https:\/\/riberasalud.com\/ribera-dentaux\/?page_id=3730"},"modified":"2022-07-19T07:05:10","modified_gmt":"2022-07-19T07:05:10","slug":"informacion-tratamiento-datos","status":"publish","type":"page","link":"https:\/\/riberasalud.com\/ribera-dent\/informacion-tratamiento-datos\/","title":{"rendered":"Informaci\u00f3n sobre el tratamiento de datos"},"content":{"rendered":"\n<div class=\"wp-block-group hasbackgroundnaranja sliderlinea\"><div class=\"wp-block-group__inner-container is-layout-flow wp-block-group-is-layout-flow\">\n<p>SOMOS RIBERA DENT<\/p>\n\n\n\n<h1 class=\"wp-block-heading\">Informaci\u00f3n sobre el tratamiento de datos<\/h1>\n<\/div><\/div>\n\n\n\n<div class=\"wp-block-group\"><div class=\"wp-block-group__inner-container is-layout-flow wp-block-group-is-layout-flow\">\n<p>Informaci\u00f3n sobre el tratamiento de datos.<\/p>\n\n\n\n<ul class=\"wp-block-list\"><li><strong>Responsable del tratamiento<\/strong>: RIBERA SALUD, S.A., con domicilio en Avenida Cortes Valencianas, n\u00famero 58, Edificio Sorolla Center, 46015 Valencia (Espa\u00f1a)<\/li><li><strong>Delegado de protecci\u00f3n de datos (DPD)<\/strong>: <a href=\"mailto:dpo@riberasalud.com\">dpo@riberasalud.com<\/a>.<\/li><li><strong>Finalidad<\/strong>: gestionar la suscripci\u00f3n a la newsletter.<\/li><li><strong>Derechos<\/strong>: Puede darse de baja en cualquier momento de las newsletters siguiendo las indicaciones que encontrar\u00e1 en el footer de cada comunicaci\u00f3n comercial electr\u00f3nica, as\u00ed como ejercitar sus derechos de acceso, rectificaci\u00f3n, supresi\u00f3n, oposici\u00f3n, limitaci\u00f3n y portabilidad.<\/li><li><strong>M\u00e1s info<\/strong>: Consulte la pol\u00edtica de protecci\u00f3n de datos de RIBERA SALUD, S.A, <a href=\"https:\/\/www.riberasalud.com\/politica-de-privacidad\/\">aqu\u00ed<\/a>.<\/li><\/ul>\n<\/div><\/div>\n","protected":false},"excerpt":{"rendered":"<p>SOMOS RIBERA DENT Informaci\u00f3n sobre el tratamiento de datos Informaci\u00f3n sobre el tratamiento de datos. Responsable del tratamiento: RIBERA SALUD, S.A., con domicilio en Avenida Cortes Valencianas, n\u00famero 58, Edificio Sorolla Center, 46015 Valencia (Espa\u00f1a) Delegado de protecci\u00f3n de datos (DPD): dpo@riberasalud.com. Finalidad: gestionar la suscripci\u00f3n a la newsletter. Derechos: Puede darse de baja en &#8230; <a title=\"Informaci\u00f3n sobre el tratamiento de datos\" class=\"read-more\" href=\"https:\/\/riberasalud.com\/ribera-dent\/informacion-tratamiento-datos\/\" aria-label=\"Leer m\u00e1s sobre Informaci\u00f3n sobre el tratamiento de datos\">Leer m\u00e1s<\/a><\/p>\n","protected":false},"author":1,"featured_media":0,"parent":0,"menu_order":0,"comment_status":"closed","ping_status":"closed","template":"","meta":{"_uag_custom_page_level_css":"","_mi_skip_tracking":false,"_glsr_average":0,"_glsr_ranking":0,"_glsr_reviews":0,"footnotes":""},"class_list":["post-3730","page","type-page","status-publish"],"yoast_head":"<!-- This site is optimized with the Yoast SEO plugin v27.4 - https:\/\/yoast.com\/product\/yoast-seo-wordpress\/ -->\n<title>Informaci\u00f3n sobre el tratamiento de datos - Ribera Dent<\/title>\n<meta name=\"description\" content=\"SOMOS RIBERA DENT Informaci\u00f3n sobre el tratamiento de datos Informaci\u00f3n sobre el tratamiento de datos. Responsable del tratamiento: RIBERA SALUD, S.A.,\" \/>\n<meta name=\"robots\" content=\"index, follow, max-snippet:-1, max-image-preview:large, max-video-preview:-1\" \/>\n<link rel=\"canonical\" href=\"https:\/\/riberasalud.com\/ribera-dent\/informacion-tratamiento-datos\/\" \/>\n<meta property=\"og:locale\" content=\"es_ES\" \/>\n<meta property=\"og:type\" content=\"article\" \/>\n<meta property=\"og:title\" content=\"Informaci\u00f3n sobre el tratamiento de datos - Ribera Dent\" \/>\n<meta property=\"og:description\" content=\"SOMOS RIBERA DENT Informaci\u00f3n sobre el tratamiento de datos Informaci\u00f3n sobre el tratamiento de datos. Responsable del tratamiento: RIBERA SALUD, S.A.,\" \/>\n<meta property=\"og:url\" content=\"https:\/\/riberasalud.com\/ribera-dent\/informacion-tratamiento-datos\/\" \/>\n<meta property=\"og:site_name\" content=\"Ribera Dent\" \/>\n<meta property=\"article:modified_time\" content=\"2022-07-19T07:05:10+00:00\" \/>\n<meta name=\"twitter:card\" content=\"summary_large_image\" \/>\n<meta name=\"twitter:label1\" content=\"Tiempo de lectura\" \/>\n\t<meta name=\"twitter:data1\" content=\"1 minuto\" \/>\n<script type=\"application\/ld+json\" class=\"yoast-schema-graph\">{\"@context\":\"https:\\\/\\\/schema.org\",\"@graph\":[{\"@type\":\"WebPage\",\"@id\":\"https:\\\/\\\/riberasalud.com\\\/ribera-dent\\\/informacion-tratamiento-datos\\\/\",\"url\":\"https:\\\/\\\/riberasalud.com\\\/ribera-dent\\\/informacion-tratamiento-datos\\\/\",\"name\":\"Informaci\u00f3n sobre el tratamiento de datos - Ribera Dent\",\"isPartOf\":{\"@id\":\"https:\\\/\\\/riberasalud.com\\\/ribera-dent\\\/#website\"},\"datePublished\":\"2022-07-19T07:03:26+00:00\",\"dateModified\":\"2022-07-19T07:05:10+00:00\",\"description\":\"SOMOS RIBERA DENT Informaci\u00f3n sobre el tratamiento de datos Informaci\u00f3n sobre el tratamiento de datos. Responsable del tratamiento: RIBERA SALUD, S.A.,\",\"breadcrumb\":{\"@id\":\"https:\\\/\\\/riberasalud.com\\\/ribera-dent\\\/informacion-tratamiento-datos\\\/#breadcrumb\"},\"inLanguage\":\"es\",\"potentialAction\":[{\"@type\":\"ReadAction\",\"target\":[\"https:\\\/\\\/riberasalud.com\\\/ribera-dent\\\/informacion-tratamiento-datos\\\/\"]}]},{\"@type\":\"BreadcrumbList\",\"@id\":\"https:\\\/\\\/riberasalud.com\\\/ribera-dent\\\/informacion-tratamiento-datos\\\/#breadcrumb\",\"itemListElement\":[{\"@type\":\"ListItem\",\"position\":1,\"name\":\"Portada\",\"item\":\"https:\\\/\\\/riberasalud.com\\\/ribera-dent\\\/\"},{\"@type\":\"ListItem\",\"position\":2,\"name\":\"Informaci\u00f3n sobre el tratamiento de datos\"}]},{\"@type\":\"WebSite\",\"@id\":\"https:\\\/\\\/riberasalud.com\\\/ribera-dent\\\/#website\",\"url\":\"https:\\\/\\\/riberasalud.com\\\/ribera-dent\\\/\",\"name\":\"Ribera Dent\",\"description\":\"\",\"publisher\":{\"@id\":\"https:\\\/\\\/riberasalud.com\\\/ribera-dent\\\/#organization\"},\"potentialAction\":[{\"@type\":\"SearchAction\",\"target\":{\"@type\":\"EntryPoint\",\"urlTemplate\":\"https:\\\/\\\/riberasalud.com\\\/ribera-dent\\\/?s={search_term_string}\"},\"query-input\":{\"@type\":\"PropertyValueSpecification\",\"valueRequired\":true,\"valueName\":\"search_term_string\"}}],\"inLanguage\":\"es\"},{\"@type\":\"Organization\",\"@id\":\"https:\\\/\\\/riberasalud.com\\\/ribera-dent\\\/#organization\",\"name\":\"Ribera Dent\",\"url\":\"https:\\\/\\\/riberasalud.com\\\/ribera-dent\\\/\",\"logo\":{\"@type\":\"ImageObject\",\"inLanguage\":\"es\",\"@id\":\"https:\\\/\\\/riberasalud.com\\\/ribera-dent\\\/#\\\/schema\\\/logo\\\/image\\\/\",\"url\":\"https:\\\/\\\/riberasalud.com\\\/ribera-dent\\\/wp-content\\\/uploads\\\/2022\\\/07\\\/cropped-Logo-Red-Dent-01.png\",\"contentUrl\":\"https:\\\/\\\/riberasalud.com\\\/ribera-dent\\\/wp-content\\\/uploads\\\/2022\\\/07\\\/cropped-Logo-Red-Dent-01.png\",\"width\":251,\"height\":67,\"caption\":\"Ribera Dent\"},\"image\":{\"@id\":\"https:\\\/\\\/riberasalud.com\\\/ribera-dent\\\/#\\\/schema\\\/logo\\\/image\\\/\"}}]}<\/script>\n<!-- \/ Yoast SEO plugin. -->","yoast_head_json":{"title":"Informaci\u00f3n sobre el tratamiento de datos - Ribera Dent","description":"SOMOS RIBERA DENT Informaci\u00f3n sobre el tratamiento de datos Informaci\u00f3n sobre el tratamiento de datos. Responsable del tratamiento: RIBERA SALUD, S.A.,","robots":{"index":"index","follow":"follow","max-snippet":"max-snippet:-1","max-image-preview":"max-image-preview:large","max-video-preview":"max-video-preview:-1"},"canonical":"https:\/\/riberasalud.com\/ribera-dent\/informacion-tratamiento-datos\/","og_locale":"es_ES","og_type":"article","og_title":"Informaci\u00f3n sobre el tratamiento de datos - Ribera Dent","og_description":"SOMOS RIBERA DENT Informaci\u00f3n sobre el tratamiento de datos Informaci\u00f3n sobre el tratamiento de datos. Responsable del tratamiento: RIBERA SALUD, S.A.,","og_url":"https:\/\/riberasalud.com\/ribera-dent\/informacion-tratamiento-datos\/","og_site_name":"Ribera Dent","article_modified_time":"2022-07-19T07:05:10+00:00","twitter_card":"summary_large_image","twitter_misc":{"Tiempo de lectura":"1 minuto"},"schema":{"@context":"https:\/\/schema.org","@graph":[{"@type":"WebPage","@id":"https:\/\/riberasalud.com\/ribera-dent\/informacion-tratamiento-datos\/","url":"https:\/\/riberasalud.com\/ribera-dent\/informacion-tratamiento-datos\/","name":"Informaci\u00f3n sobre el tratamiento de datos - Ribera Dent","isPartOf":{"@id":"https:\/\/riberasalud.com\/ribera-dent\/#website"},"datePublished":"2022-07-19T07:03:26+00:00","dateModified":"2022-07-19T07:05:10+00:00","description":"SOMOS RIBERA DENT Informaci\u00f3n sobre el tratamiento de datos Informaci\u00f3n sobre el tratamiento de datos. Responsable del tratamiento: RIBERA SALUD, S.A.,","breadcrumb":{"@id":"https:\/\/riberasalud.com\/ribera-dent\/informacion-tratamiento-datos\/#breadcrumb"},"inLanguage":"es","potentialAction":[{"@type":"ReadAction","target":["https:\/\/riberasalud.com\/ribera-dent\/informacion-tratamiento-datos\/"]}]},{"@type":"BreadcrumbList","@id":"https:\/\/riberasalud.com\/ribera-dent\/informacion-tratamiento-datos\/#breadcrumb","itemListElement":[{"@type":"ListItem","position":1,"name":"Portada","item":"https:\/\/riberasalud.com\/ribera-dent\/"},{"@type":"ListItem","position":2,"name":"Informaci\u00f3n sobre el tratamiento de datos"}]},{"@type":"WebSite","@id":"https:\/\/riberasalud.com\/ribera-dent\/#website","url":"https:\/\/riberasalud.com\/ribera-dent\/","name":"Ribera Dent","description":"","publisher":{"@id":"https:\/\/riberasalud.com\/ribera-dent\/#organization"},"potentialAction":[{"@type":"SearchAction","target":{"@type":"EntryPoint","urlTemplate":"https:\/\/riberasalud.com\/ribera-dent\/?s={search_term_string}"},"query-input":{"@type":"PropertyValueSpecification","valueRequired":true,"valueName":"search_term_string"}}],"inLanguage":"es"},{"@type":"Organization","@id":"https:\/\/riberasalud.com\/ribera-dent\/#organization","name":"Ribera Dent","url":"https:\/\/riberasalud.com\/ribera-dent\/","logo":{"@type":"ImageObject","inLanguage":"es","@id":"https:\/\/riberasalud.com\/ribera-dent\/#\/schema\/logo\/image\/","url":"https:\/\/riberasalud.com\/ribera-dent\/wp-content\/uploads\/2022\/07\/cropped-Logo-Red-Dent-01.png","contentUrl":"https:\/\/riberasalud.com\/ribera-dent\/wp-content\/uploads\/2022\/07\/cropped-Logo-Red-Dent-01.png","width":251,"height":67,"caption":"Ribera Dent"},"image":{"@id":"https:\/\/riberasalud.com\/ribera-dent\/#\/schema\/logo\/image\/"}}]}},"uagb_featured_image_src":{"full":false,"thumbnail":false,"medium":false,"medium_large":false,"large":false,"1536x1536":false,"2048x2048":false,"mailchimp":false},"uagb_author_info":{"display_name":"jorge@quois.com","author_link":"https:\/\/riberasalud.com\/ribera-dent\/blog\/author\/jorgequois-com\/"},"uagb_comment_info":0,"uagb_excerpt":"SOMOS RIBERA DENT Informaci\u00f3n sobre el tratamiento de datos Informaci\u00f3n sobre el tratamiento de datos. Responsable del tratamiento: RIBERA SALUD, S.A., con domicilio en Avenida Cortes Valencianas, n\u00famero 58, Edificio Sorolla Center, 46015 Valencia (Espa\u00f1a) Delegado de protecci\u00f3n de datos (DPD): dpo@riberasalud.com. Finalidad: gestionar la suscripci\u00f3n a la newsletter. Derechos: Puede darse de baja en&hellip;","_links":{"self":[{"href":"https:\/\/riberasalud.com\/ribera-dent\/wp-json\/wp\/v2\/pages\/3730","targetHints":{"allow":["GET"]}}],"collection":[{"href":"https:\/\/riberasalud.com\/ribera-dent\/wp-json\/wp\/v2\/pages"}],"about":[{"href":"https:\/\/riberasalud.com\/ribera-dent\/wp-json\/wp\/v2\/types\/page"}],"author":[{"embeddable":true,"href":"https:\/\/riberasalud.com\/ribera-dent\/wp-json\/wp\/v2\/users\/1"}],"replies":[{"embeddable":true,"href":"https:\/\/riberasalud.com\/ribera-dent\/wp-json\/wp\/v2\/comments?post=3730"}],"version-history":[{"count":2,"href":"https:\/\/riberasalud.com\/ribera-dent\/wp-json\/wp\/v2\/pages\/3730\/revisions"}],"predecessor-version":[{"id":3732,"href":"https:\/\/riberasalud.com\/ribera-dent\/wp-json\/wp\/v2\/pages\/3730\/revisions\/3732"}],"wp:attachment":[{"href":"https:\/\/riberasalud.com\/ribera-dent\/wp-json\/wp\/v2\/media?parent=3730"}],"curies":[{"name":"wp","href":"https:\/\/api.w.org\/{rel}","templated":true}]}}