{"id":9803,"date":"2023-07-28T10:20:17","date_gmt":"2023-07-28T10:20:17","guid":{"rendered":"https:\/\/riberasalud.com\/povisaaux\/?page_id=9803"},"modified":"2024-01-31T16:21:06","modified_gmt":"2024-01-31T16:21:06","slug":"politica-cookies","status":"publish","type":"page","link":"https:\/\/riberasalud.com\/povisa\/politica-cookies\/","title":{"rendered":"Pol\u00edtica de cookies"},"content":{"rendered":"\n<div class=\"wp-block-group hasbackgroundnaranja sliderlinea\"><div class=\"wp-block-group__inner-container is-layout-flow wp-block-group-is-layout-flow\">\n<p>HOSPITAL RIBERA POVISA<\/p>\n\n\n\n<h1 class=\"wp-block-heading\">Pol\u00edtica de cookies<\/h1>\n<\/div><\/div>\n\n\n\n<div class=\"wp-block-group\"><div class=\"wp-block-group__inner-container is-layout-flow wp-block-group-is-layout-flow\">\n<p>RIBERA SALUD, S.A (en adelante, \u201cRIBERA SALUD\u201d) le informa que este sitio web utiliza cookies. A continuaci\u00f3n, el usuario encontrar\u00e1 informaci\u00f3n detallada sobre las cookies que son instaladas en la p\u00e1gina web.<\/p>\n\n\n\n<p><strong>I.&nbsp;&nbsp;&nbsp;&nbsp;&nbsp;&nbsp;&nbsp;&nbsp;&nbsp;&nbsp;&nbsp;&nbsp;&nbsp;&nbsp;\u00bfQU\u00c9 SON LAS COOKIES?<\/strong><\/p>\n\n\n\n<p>Se considera cookies a cualquier tipo de archivo o dispositivo que se descarga en el equipo terminal de un usuario con la finalidad de almacenar datos que podr\u00e1n ser actualizados y recuperados por la entidad responsable de su instalaci\u00f3n. Se ubican en el disco duro del ordenador del Usuario, que archivan informaci\u00f3n sobre el uso que se realiza de un determinado Sitio Web. Las cookies solamente pueden ser le\u00eddas por el servidor que las coloc\u00f3 y no pueden ejecutar ning\u00fan programa o virus.<\/p>\n\n\n\n<p><strong>II.&nbsp;&nbsp;&nbsp;&nbsp;&nbsp;&nbsp;&nbsp;&nbsp;&nbsp;&nbsp;&nbsp;&nbsp;&nbsp;\u00bfQU\u00c9 TIPO DE COOKIES SE UTILIZAN EN ESTA P\u00c1GINA WEB?<\/strong><\/p>\n\n\n\n<p>Respecto a la&nbsp;finalidad de las cookies, en esta web utilizamos las siguientes:<\/p>\n\n\n\n<ul class=\"wp-block-list\">\n<li><strong>Cookies t\u00e9cnicas estrictamente necesarias:&nbsp;<\/strong>Se tratan de cookies necesarias para el correcto funcionamiento de la web, as\u00ed como entre otros, guardar el identificador de sesi\u00f3n del usuario.<\/li>\n\n\n\n<li><strong>Cookies de an\u00e1lisis:<\/strong>&nbsp;Son aqu\u00e9llas que permiten al responsable de las mismas, el seguimiento y an\u00e1lisis del comportamiento de los usuarios de los sitios web a los que est\u00e1n vinculadas. La informaci\u00f3n recogida mediante este tipo de cookies se utiliza en la medici\u00f3n de la actividad de los sitios web, aplicaci\u00f3n o plataforma y para la elaboraci\u00f3n de perfiles de navegaci\u00f3n de los usuarios de dichos sitios.<\/li>\n\n\n\n<li><strong>Cookies de publicidad comportamental:&nbsp;<\/strong>son aquellas que almacenan informaci\u00f3n del comportamiento de los usuarios y que permiten desarrollar un perfil espec\u00edfico para mostrar publicidad en funci\u00f3n de los intereses y preferencias del interesado.<\/li>\n<\/ul>\n\n\n\n<p>Asimismo, en cuanto a la&nbsp;entidad que gestiona las cookies, esta p\u00e1gina web utilizalas siguientes:&nbsp;<\/p>\n\n\n\n<ul class=\"wp-block-list\">\n<li>Las cookies<strong>&nbsp;propias<\/strong>: Son aqu\u00e9llas que se env\u00edan al equipo terminal del usuario desde un equipo o dominio gestionado por el propio editor y desde el que se presta el servicio solicitado por el usuario.<\/li>\n<\/ul>\n\n\n\n<p>Esta web gestiona bajo su dominio las cookies t\u00e9cnicas, estrictamente necesarias.<\/p>\n\n\n\n<ul class=\"wp-block-list\">\n<li>Las cookies de&nbsp;<strong>terceros<\/strong>: Igualmente, esta web utiliza cookies de terceros entendidas como aquellas que se env\u00edan al terminal del usuario desde un equipo o dominio que no es gestionado por el editor sino por otra entidad que trata los datos obtenidos a trav\u00e9s de las cookies.<\/li>\n<\/ul>\n\n\n\n<p>En el apartado tercero (III) de la presente Pol\u00edtica de cookies bajo el t\u00edtulo \u201cInformaci\u00f3n sobre terceros\u201d podr\u00e1 encontrar m\u00e1s informaci\u00f3n sobre dichos terceros.<\/p>\n\n\n\n<p>Respecto al&nbsp;plazo de tiempo que permanecen activadas, en esta web utilizamos las siguientes:<\/p>\n\n\n\n<ul class=\"wp-block-list\">\n<li><strong>Cookies de sesi\u00f3n<\/strong>: Son aquellas dise\u00f1adas para recabar y almacenar datos mientras el usuario accede a una p\u00e1gina web y desaparecen al cerrar el navegador.<\/li>\n\n\n\n<li><strong>Cookies persistentes<\/strong>: son aquellas en las que los datos siguen almacenados en el terminal y que pueden ser accedidos durante un periodo definido por el responsable de la cookie que puede ir de varios minutos a varios a\u00f1os.<\/li>\n<\/ul>\n\n\n\n<p>En la tabla que se muestra a continuaci\u00f3n encontrar\u00e1 informaci\u00f3n completa sobre las cookies utilizadas y descargadas en nuestra p\u00e1gina web.<\/p>\n\n\n\n<figure class=\"wp-block-table is-style-stripes\"><table><thead><tr><th><strong>TIPOLOG\u00cdA<\/strong><\/th><th><strong>NOMBRE<\/strong><\/th><th><strong>DURACI\u00d3N<\/strong><\/th><th><strong>PROCEDENCIA<\/strong><\/th><th><strong>FINALIDAD<\/strong><\/th><th><strong>TRANSFERENCIAS INTERNACIONALES DE DATOS<\/strong><\/th><\/tr><\/thead><tbody><tr><td>Necesarias<\/td><td>cookielawinfo-checkbox-others<\/td><td>11 months<\/td><td>Propia<\/td><td>Esta cookie est\u00e1 configurada por el complemento de consentimiento de cookies de GDPR. La cookie se utiliza para almacenar el consentimiento del usuario para las cookies en la categor\u00eda \u201cOtro.<\/td><td>No<\/td><\/tr><tr><td>Necesarias<\/td><td>cookielawinfo-checkbox-analytics<\/td><td>11 months<\/td><td>Propia<\/td><td>Esta cookie est\u00e1 configurada por el complemento de consentimiento de cookies de GDPR. La cookie se utiliza para almacenar el consentimiento del usuario para las cookies en la categor\u00eda \u201cAn\u00e1lisis\u201d.<\/td><td>No<\/td><\/tr><tr><td>Necesarias<\/td><td>cookielawinfo-checkbox-performance<\/td><td>11 months<\/td><td>Propia<\/td><td>Esta cookie est\u00e1 configurada por el complemento de consentimiento de cookies de GDPR. La cookie se utiliza para almacenar el consentimiento del usuario para las cookies en la categor\u00eda \u201cRendimiento\u201d.<\/td><td>No<\/td><\/tr><tr><td>Necesarias<\/td><td>cookielawinfo-checkbox-functional<\/td><td>11 months<\/td><td>Propia<\/td><td>La cookie est\u00e1 configurada por el consentimiento de cookies de GDPR para registrar el consentimiento del usuario para las cookies en la categor\u00eda \u201cFuncional\u201d.<\/td><td>No<\/td><\/tr><tr><td>Necesarias<\/td><td>cookielawinfo-checkbox-necessary<\/td><td>11 months<\/td><td>Propia<\/td><td>Esta cookie est\u00e1 configurada por el complemento de consentimiento de cookies de GDPR. Las cookies se utilizan para almacenar el consentimiento del usuario para las cookies en la categor\u00eda \u201cNecesario\u201d.<\/td><td>No<\/td><\/tr><tr><td>Necesarias<\/td><td>viewed_cookie_policy<\/td><td>11 months<\/td><td>Propia<\/td><td>La cookie est\u00e1 configurada por el complemento de consentimiento de cookies de GDPR y se utiliza para almacenar si el usuario ha dado su consentimiento o no para el uso de cookies. No almacena ning\u00fan dato personal.<\/td><td>No<\/td><\/tr><tr><td>Necesarias<\/td><td>CookieLawInfoConsent<\/td><td>1 year<\/td><td>Propia<\/td><td>Registra el estado del bot\u00f3n predeterminado de la categor\u00eda correspondiente y el estado de CCPA. Funciona solo en coordinaci\u00f3n con la cookie principal.<\/td><td>No<\/td><\/tr><tr><td>Necesarias<\/td><td>cookielawinfo-checkbox-advertisement<\/td><td>1 year<\/td><td>Propia<\/td><td>Establecida por el complemento de consentimiento de cookies de GDPR, esta cookie se utiliza para registrar el consentimiento del usuario para las cookies en la categor\u00eda \u201cPublicidad\u201d.<\/td><td>No<\/td><\/tr><tr><td>Necesarias<\/td><td>__hssrc<\/td><td>session<\/td><td>Terceros<\/td><td>Hubspot establece esta cookie cada vez que cambia la cookie de sesi\u00f3n. La cookie __hssrc establecida en 1 indica que el usuario ha reiniciado el navegador y, si la cookie no existe, se supone que es una nueva sesi\u00f3n.<\/td><td>Si<\/td><\/tr><tr><td>Anal\u00edticas<\/td><td>_gat_gtag_UA_196314210_1<\/td><td>1 minute<\/td><td>Terceros<\/td><td>Establecido por Google para distinguir a los usuarios.<\/td><td>Si<\/td><\/tr><tr><td>Anal\u00edticas<\/td><td>_gid<\/td><td>1 day<\/td><td>Terceros<\/td><td>Instalada por Google Analytics, la cookie _gid almacena informaci\u00f3n sobre c\u00f3mo los visitantes usan un sitio web, al mismo tiempo que crea un informe anal\u00edtico del rendimiento del sitio web. Algunos de los datos que se recopilan incluyen el n\u00famero de visitantes, su fuente y las p\u00e1ginas que visitan de forma an\u00f3nima.<\/td><td>Si<\/td><\/tr><tr><td>Anal\u00edticas<\/td><td>_ga<\/td><td>2 years<\/td><td>Terceros<\/td><td>La cookie _ga, instalada por Google Analytics, calcula los datos de visitantes, sesiones y campa\u00f1as y tambi\u00e9n realiza un seguimiento del uso del sitio para el informe anal\u00edtico del sitio. La cookie almacena informaci\u00f3n de forma an\u00f3nima y asigna un n\u00famero generado aleatoriamente para reconocer a visitantes \u00fanicos.<\/td><td>Si<\/td><\/tr><tr><td>Anal\u00edticas<\/td><td>__hstc<\/td><td>1 year 24 days<\/td><td>Terceros<\/td><td>Esta es la cookie principal establecida por Hubspot para rastrear a los visitantes. Contiene el dominio, la marca de tiempo inicial (primera visita), la \u00faltima marca de tiempo (\u00faltima visita), la marca de tiempo actual (esta visita) y el n\u00famero de sesi\u00f3n (incrementos para cada sesi\u00f3n posterior).<\/td><td>Si<\/td><\/tr><tr><td>Anal\u00edticas<\/td><td>hubspotutk<\/td><td>1 year 24 days<\/td><td>Terceros<\/td><td>HubSpot establece esta cookie para realizar un seguimiento de los visitantes del sitio web. Esta cookie se pasa a HubSpot en el env\u00edo del formulario y se usa al eliminar la duplicaci\u00f3n de contactos.<\/td><td>Si<\/td><\/tr><tr><td>Anal\u00edticas<\/td><td>_gcl_au<\/td><td>3 months<\/td><td>Terceros<\/td><td>Proporcionado por Google Tag Manager para experimentar la eficiencia publicitaria de los sitios web que utilizan sus servicios.<\/td><td>Si<\/td><\/tr><tr><td>Anal\u00edticas<\/td><td>CONSENT<\/td><td>2 years<\/td><td>Terceros<\/td><td>YouTube establece esta cookie a trav\u00e9s de videos de YouTube incrustados y registra datos estad\u00edsticos an\u00f3nimos.<\/td><td>Si<\/td><\/tr><tr><td>Funcionales<\/td><td>pll_language<\/td><td>1 year<\/td><td>Propia<\/td><td>Polylang utiliza la cookie pll _language para recordar el idioma seleccionado por el usuario cuando regresa al sitio web, y tambi\u00e9n para obtener la informaci\u00f3n del idioma cuando no est\u00e1 disponible de otra manera.<\/td><td>No<\/td><\/tr><tr><td>Funcionales<\/td><td>__hssc<\/td><td>30 minutes<\/td><td>Terceros<\/td><td>HubSpot configura esta cookie para realizar un seguimiento de las sesiones y determinar si HubSpot debe incrementar el n\u00famero de sesi\u00f3n y las marcas de tiempo en la cookie __hstc.<\/td><td>Si<\/td><\/tr><tr><td>Funcionales<\/td><td>__cf_bm<\/td><td>30 minutes<\/td><td>Terceros<\/td><td>Esta cookie, configurada por Cloudflare, se utiliza para admitir la gesti\u00f3n de bots de Cloudflare.<\/td><td>Si<\/td><\/tr><tr><td>Publicitarias<\/td><td>yt.innertube::requests<\/td><td>never<\/td><td>Terceros<\/td><td>Esta cookie, configurada por YouTube, registra una identificaci\u00f3n \u00fanica para almacenar datos sobre qu\u00e9 videos de YouTube ha visto el usuario.<\/td><td>Si<\/td><\/tr><tr><td>Publicitarias<\/td><td>yt.innertube::nextId<\/td><td>never<\/td><td>Terceros<\/td><td>Esta cookie, configurada por YouTube, registra una identificaci\u00f3n \u00fanica para almacenar datos sobre qu\u00e9 videos de YouTube ha visto el usuario.<\/td><td>Si<\/td><\/tr><tr><td>Publicitarias<\/td><td>yt-remote-connected-devices<\/td><td>never<\/td><td>Terceros<\/td><td>YouTube configura esta cookie para almacenar las preferencias de video del usuario que utiliza videos de YouTube incrustados.<\/td><td>Si<\/td><\/tr><tr><td>Publicitarias<\/td><td>yt-remote-device-id<\/td><td>never<\/td><td>Terceros<\/td><td>YouTube configura esta cookie para almacenar las preferencias de video del usuario que utiliza videos de YouTube incrustados.<\/td><td>Si<\/td><\/tr><tr><td>Publicitarias<\/td><td>test_cookie<\/td><td>15 minutes<\/td><td>Terceros<\/td><td>doubleclick.net establece test_cookie y se utiliza para determinar si el navegador del usuario admite cookies.<\/td><td>Si<\/td><\/tr><tr><td>Publicitarias<\/td><td>YSC<\/td><td>session<\/td><td>Terceros<\/td><td>Youtube configura la cookie YSC y se utiliza para rastrear las vistas de videos incrustados en las p\u00e1ginas de Youtube.<\/td><td>Si<\/td><\/tr><tr><td>Publicitarias<\/td><td>VISITOR_INFO1_LIVE<\/td><td>5 months 27 days<\/td><td>Terceros<\/td><td>Una cookie configurada por YouTube para medir el ancho de banda que determina si el usuario obtiene la interfaz de reproductor nueva o antigua.<\/td><td>Si<\/td><\/tr><\/tbody><\/table><\/figure>\n\n\n\n<p><strong>III.&nbsp;&nbsp;&nbsp;&nbsp;&nbsp;&nbsp;&nbsp;&nbsp;&nbsp;&nbsp;&nbsp;Informaci\u00f3n sobre terceros.<\/strong><\/p>\n\n\n\n<p>El usuario puede obtener informaci\u00f3n completa sobre los terceros, as\u00ed como en su caso de las transferencias a terceros pa\u00edses que puedan llevar a cabo los terceros, a trav\u00e9s de los enlaces a sus p\u00e1ginas web detalladas a continuaci\u00f3n. El usuario por medio de los enlaces, podr\u00e1 consultar las correspondientes pol\u00edticas de protecci\u00f3n de datos y cookies de dichos terceros.<\/p>\n\n\n\n<ul class=\"wp-block-list\">\n<li>WordPress:&nbsp;<a href=\"https:\/\/es.wordpress.com\/\">https:\/\/es.wordpress.com\/<\/a><\/li>\n\n\n\n<li>Google Analytics: :<a href=\"https:\/\/analytics.google.com\/analytics\/web\/provision\/#\/provision\">https:\/\/analytics.google.com\/analytics\/web\/provision\/#\/provision<\/a><\/li>\n\n\n\n<li>Google:&nbsp;<a href=\"http:\/\/www.google.com\/\">www.google.com<\/a><\/li>\n\n\n\n<li>Adobe:&nbsp;<a href=\"https:\/\/www.adobe.com\/es\/\">https:\/\/www.adobe.com\/es\/<\/a><\/li>\n\n\n\n<li>Facebook:&nbsp;<a href=\"http:\/\/www.facebook.com\/\">www.facebook.com<\/a><\/li>\n<\/ul>\n\n\n\n<p>Asimismo, informamos a los usuarios que la informaci\u00f3n obtenida a trav\u00e9s de las cookies gestionadas por terceros es transferida a EEUU y que dicho pa\u00eds de destino es un tercer pa\u00eds que, actualmente, no ofrece un nivel de protecci\u00f3n adecuado en el sentido del Reglamento General de Protecci\u00f3n de Datos europeo (\u201cRGPD\u201d o \u201cReglamento (UE) 2016\/679\u201d).<\/p>\n\n\n\n<p>Igualmente, le informamos que el RIBERA SALUD no puede controlar ni se hace responsable del contenido y veracidad de los t\u00e9rminos y condiciones y las pol\u00edticas de privacidad de terceros, as\u00ed como de aquella informaci\u00f3n que el tercero no ofrezca en castellano. Asimismo, tampoco se hace responsable del correcto funcionamiento de los enlaces facilitados a las correspondientes p\u00e1ginas web<\/p>\n\n\n\n<p><strong>IV.&nbsp;&nbsp;&nbsp;&nbsp;&nbsp;&nbsp;&nbsp;&nbsp;&nbsp;&nbsp;&nbsp;&nbsp;&nbsp;Configuraci\u00f3n, desactivaci\u00f3n y eliminaci\u00f3n de cookies.<\/strong><\/p>\n\n\n\n<p class=\"cky-btn-revisit\">&nbsp;Para configurar o desactivar las cookies se puede acceder a nuestro panel de configuraci\u00f3n en el siguiente enlace:&nbsp;<strong><a href=\"javascript:void(0)\">Pol\u00edtica de Cookies<\/a><\/strong><\/p>\n\n\n\n<p>Asimismo, tenga en cuenta que, si acepta las cookies de terceros, deber\u00e1 eliminarlas desde las opciones del navegador o desde el sistema ofrecido por el propio tercero.<\/p>\n\n\n\n<p><strong>V.&nbsp;&nbsp;&nbsp;&nbsp;&nbsp;&nbsp;&nbsp;&nbsp;&nbsp;&nbsp;&nbsp;&nbsp;Actualizaci\u00f3n de Pol\u00edtica de cookies.<\/strong><\/p>\n\n\n\n<p>Esta Pol\u00edtica de Cookies puede variar en funci\u00f3n de nuevas exigencias legislativas, reglamentarias, o con la finalidad de adaptar dicha pol\u00edtica a las instrucciones dictadas por la Agencia Espa\u00f1ola de Protecci\u00f3n de Datos.<\/p>\n\n\n\n<p>Por \u00faltimo, si el usuario desea obtener informaci\u00f3n en materia de protecci\u00f3n de datos, le recomendamos que consulte nuestra&nbsp;<a href=\"https:\/\/riberasalud.com\/povisa\/politica-privacidad\/\">Pol\u00edtica de Protecci\u00f3n de Datos.<\/a><\/p>\n<\/div><\/div>\n","protected":false},"excerpt":{"rendered":"<p>HOSPITAL RIBERA POVISA Pol\u00edtica de cookies RIBERA SALUD, S.A (en adelante, \u201cRIBERA SALUD\u201d) le informa que este sitio web utiliza cookies. A continuaci\u00f3n, el usuario encontrar\u00e1 informaci\u00f3n detallada sobre las cookies que son instaladas en la p\u00e1gina web. I.&nbsp;&nbsp;&nbsp;&nbsp;&nbsp;&nbsp;&nbsp;&nbsp;&nbsp;&nbsp;&nbsp;&nbsp;&nbsp;&nbsp;\u00bfQU\u00c9 SON LAS COOKIES? Se considera cookies a cualquier tipo de archivo o dispositivo que se descarga &#8230; <a title=\"Pol\u00edtica de cookies\" class=\"read-more\" href=\"https:\/\/riberasalud.com\/povisa\/politica-cookies\/\" aria-label=\"Leer m\u00e1s sobre Pol\u00edtica de cookies\">Leer m\u00e1s<\/a><\/p>\n","protected":false},"author":1,"featured_media":0,"parent":0,"menu_order":0,"comment_status":"closed","ping_status":"closed","template":"","meta":{"_coblocks_attr":"","_coblocks_dimensions":"","_coblocks_responsive_height":"","_coblocks_accordion_ie_support":"","_monsterinsights_skip_tracking":false,"_monsterinsights_sitenote_active":false,"_monsterinsights_sitenote_note":"","_monsterinsights_sitenote_category":0,"footnotes":""},"class_list":["post-9803","page","type-page","status-publish"],"yoast_head":"<!-- This site is optimized with the Yoast SEO plugin v26.9 - https:\/\/yoast.com\/product\/yoast-seo-wordpress\/ -->\n<title>\u25b7 Pol\u00edtica de cookies | Hospital Ribera Povisa<\/title>\n<meta name=\"description\" content=\"lll\u1405 HOSPITAL RIBERA POVISA Pol\u00edtica de cookies RIBERA SALUD, S.A (en adelante, \u201cRIBERA SALUD\u201d) le informa que este sitio web utiliza cookies. A continuaci\u00f3n, \u2705\" \/>\n<meta name=\"robots\" content=\"index, follow, max-snippet:-1, max-image-preview:large, max-video-preview:-1\" \/>\n<link rel=\"canonical\" href=\"https:\/\/riberasalud.com\/povisa\/politica-cookies\/\" \/>\n<meta property=\"og:locale\" content=\"es_ES\" \/>\n<meta property=\"og:type\" content=\"article\" \/>\n<meta property=\"og:title\" content=\"\u25b7 Pol\u00edtica de cookies | Hospital Ribera Povisa\" \/>\n<meta property=\"og:description\" content=\"lll\u1405 HOSPITAL RIBERA POVISA Pol\u00edtica de cookies RIBERA SALUD, S.A (en adelante, \u201cRIBERA SALUD\u201d) le informa que este sitio web utiliza cookies. A continuaci\u00f3n, \u2705\" \/>\n<meta property=\"og:url\" content=\"https:\/\/riberasalud.com\/povisa\/politica-cookies\/\" \/>\n<meta property=\"og:site_name\" content=\"Hospital Ribera Povisa\" \/>\n<meta property=\"article:modified_time\" content=\"2024-01-31T16:21:06+00:00\" \/>\n<meta name=\"twitter:card\" content=\"summary_large_image\" \/>\n<meta name=\"twitter:label1\" content=\"Tiempo de lectura\" \/>\n\t<meta name=\"twitter:data1\" content=\"8 minutos\" \/>\n<script type=\"application\/ld+json\" class=\"yoast-schema-graph\">{\"@context\":\"https:\/\/schema.org\",\"@graph\":[{\"@type\":\"WebPage\",\"@id\":\"https:\/\/riberasalud.com\/povisa\/politica-cookies\/\",\"url\":\"https:\/\/riberasalud.com\/povisa\/politica-cookies\/\",\"name\":\"\u25b7 Pol\u00edtica de cookies | Hospital Ribera Povisa\",\"isPartOf\":{\"@id\":\"https:\/\/riberasalud.com\/povisa\/#website\"},\"datePublished\":\"2023-07-28T10:20:17+00:00\",\"dateModified\":\"2024-01-31T16:21:06+00:00\",\"description\":\"lll\u1405 HOSPITAL RIBERA POVISA Pol\u00edtica de cookies RIBERA SALUD, S.A (en adelante, \u201cRIBERA SALUD\u201d) le informa que este sitio web utiliza cookies. A continuaci\u00f3n, \u2705\",\"inLanguage\":\"es\",\"potentialAction\":[{\"@type\":\"ReadAction\",\"target\":[\"https:\/\/riberasalud.com\/povisa\/politica-cookies\/\"]}]},{\"@type\":\"WebSite\",\"@id\":\"https:\/\/riberasalud.com\/povisa\/#website\",\"url\":\"https:\/\/riberasalud.com\/povisa\/\",\"name\":\"Hospital Ribera Povisa\",\"description\":\"\",\"publisher\":{\"@id\":\"https:\/\/riberasalud.com\/povisa\/#organization\"},\"potentialAction\":[{\"@type\":\"SearchAction\",\"target\":{\"@type\":\"EntryPoint\",\"urlTemplate\":\"https:\/\/riberasalud.com\/povisa\/?s={search_term_string}\"},\"query-input\":{\"@type\":\"PropertyValueSpecification\",\"valueRequired\":true,\"valueName\":\"search_term_string\"}}],\"inLanguage\":\"es\"},{\"@type\":\"Organization\",\"@id\":\"https:\/\/riberasalud.com\/povisa\/#organization\",\"name\":\"Hospital Ribera Povisa\",\"url\":\"https:\/\/riberasalud.com\/povisa\/\",\"logo\":{\"@type\":\"ImageObject\",\"inLanguage\":\"es\",\"@id\":\"https:\/\/riberasalud.com\/povisa\/#\/schema\/logo\/image\/\",\"url\":\"https:\/\/riberasalud.com\/povisa\/wp-content\/uploads\/2024\/01\/cropped-Logo-Red-Povisa.png\",\"contentUrl\":\"https:\/\/riberasalud.com\/povisa\/wp-content\/uploads\/2024\/01\/cropped-Logo-Red-Povisa.png\",\"width\":1929,\"height\":489,\"caption\":\"Hospital Ribera Povisa\"},\"image\":{\"@id\":\"https:\/\/riberasalud.com\/povisa\/#\/schema\/logo\/image\/\"}}]}<\/script>\n<!-- \/ Yoast SEO plugin. -->","yoast_head_json":{"title":"\u25b7 Pol\u00edtica de cookies | Hospital Ribera Povisa","description":"lll\u1405 HOSPITAL RIBERA POVISA Pol\u00edtica de cookies RIBERA SALUD, S.A (en adelante, \u201cRIBERA SALUD\u201d) le informa que este sitio web utiliza cookies. A continuaci\u00f3n, \u2705","robots":{"index":"index","follow":"follow","max-snippet":"max-snippet:-1","max-image-preview":"max-image-preview:large","max-video-preview":"max-video-preview:-1"},"canonical":"https:\/\/riberasalud.com\/povisa\/politica-cookies\/","og_locale":"es_ES","og_type":"article","og_title":"\u25b7 Pol\u00edtica de cookies | Hospital Ribera Povisa","og_description":"lll\u1405 HOSPITAL RIBERA POVISA Pol\u00edtica de cookies RIBERA SALUD, S.A (en adelante, \u201cRIBERA SALUD\u201d) le informa que este sitio web utiliza cookies. A continuaci\u00f3n, \u2705","og_url":"https:\/\/riberasalud.com\/povisa\/politica-cookies\/","og_site_name":"Hospital Ribera Povisa","article_modified_time":"2024-01-31T16:21:06+00:00","twitter_card":"summary_large_image","twitter_misc":{"Tiempo de lectura":"8 minutos"},"schema":{"@context":"https:\/\/schema.org","@graph":[{"@type":"WebPage","@id":"https:\/\/riberasalud.com\/povisa\/politica-cookies\/","url":"https:\/\/riberasalud.com\/povisa\/politica-cookies\/","name":"\u25b7 Pol\u00edtica de cookies | Hospital Ribera Povisa","isPartOf":{"@id":"https:\/\/riberasalud.com\/povisa\/#website"},"datePublished":"2023-07-28T10:20:17+00:00","dateModified":"2024-01-31T16:21:06+00:00","description":"lll\u1405 HOSPITAL RIBERA POVISA Pol\u00edtica de cookies RIBERA SALUD, S.A (en adelante, \u201cRIBERA SALUD\u201d) le informa que este sitio web utiliza cookies. A continuaci\u00f3n, \u2705","inLanguage":"es","potentialAction":[{"@type":"ReadAction","target":["https:\/\/riberasalud.com\/povisa\/politica-cookies\/"]}]},{"@type":"WebSite","@id":"https:\/\/riberasalud.com\/povisa\/#website","url":"https:\/\/riberasalud.com\/povisa\/","name":"Hospital Ribera Povisa","description":"","publisher":{"@id":"https:\/\/riberasalud.com\/povisa\/#organization"},"potentialAction":[{"@type":"SearchAction","target":{"@type":"EntryPoint","urlTemplate":"https:\/\/riberasalud.com\/povisa\/?s={search_term_string}"},"query-input":{"@type":"PropertyValueSpecification","valueRequired":true,"valueName":"search_term_string"}}],"inLanguage":"es"},{"@type":"Organization","@id":"https:\/\/riberasalud.com\/povisa\/#organization","name":"Hospital Ribera Povisa","url":"https:\/\/riberasalud.com\/povisa\/","logo":{"@type":"ImageObject","inLanguage":"es","@id":"https:\/\/riberasalud.com\/povisa\/#\/schema\/logo\/image\/","url":"https:\/\/riberasalud.com\/povisa\/wp-content\/uploads\/2024\/01\/cropped-Logo-Red-Povisa.png","contentUrl":"https:\/\/riberasalud.com\/povisa\/wp-content\/uploads\/2024\/01\/cropped-Logo-Red-Povisa.png","width":1929,"height":489,"caption":"Hospital Ribera Povisa"},"image":{"@id":"https:\/\/riberasalud.com\/povisa\/#\/schema\/logo\/image\/"}}]}},"_links":{"self":[{"href":"https:\/\/riberasalud.com\/povisa\/wp-json\/wp\/v2\/pages\/9803","targetHints":{"allow":["GET"]}}],"collection":[{"href":"https:\/\/riberasalud.com\/povisa\/wp-json\/wp\/v2\/pages"}],"about":[{"href":"https:\/\/riberasalud.com\/povisa\/wp-json\/wp\/v2\/types\/page"}],"author":[{"embeddable":true,"href":"https:\/\/riberasalud.com\/povisa\/wp-json\/wp\/v2\/users\/1"}],"replies":[{"embeddable":true,"href":"https:\/\/riberasalud.com\/povisa\/wp-json\/wp\/v2\/comments?post=9803"}],"version-history":[{"count":3,"href":"https:\/\/riberasalud.com\/povisa\/wp-json\/wp\/v2\/pages\/9803\/revisions"}],"predecessor-version":[{"id":10863,"href":"https:\/\/riberasalud.com\/povisa\/wp-json\/wp\/v2\/pages\/9803\/revisions\/10863"}],"wp:attachment":[{"href":"https:\/\/riberasalud.com\/povisa\/wp-json\/wp\/v2\/media?parent=9803"}],"curies":[{"name":"wp","href":"https:\/\/api.w.org\/{rel}","templated":true}]}}