{"id":9802,"date":"2023-07-28T10:19:31","date_gmt":"2023-07-28T10:19:31","guid":{"rendered":"https:\/\/riberasalud.com\/povisaaux\/?page_id=9802"},"modified":"2026-01-19T15:18:36","modified_gmt":"2026-01-19T15:18:36","slug":"politica-privacidad","status":"publish","type":"page","link":"https:\/\/riberasalud.com\/povisa\/politica-privacidad\/","title":{"rendered":"Pol\u00edtica de privacidad"},"content":{"rendered":"\n<div class=\"wp-block-group hasbackgroundnaranja sliderlinea\"><div class=\"wp-block-group__inner-container is-layout-flow wp-block-group-is-layout-flow\">\n<p>HOSPITAL RIBERA POVISA<\/p>\n\n\n\n<h1 class=\"wp-block-heading\">Pol\u00edtica de privacidad<\/h1>\n<\/div><\/div>\n\n\n\n<div class=\"wp-block-group\"><div class=\"wp-block-group__inner-container is-layout-flow wp-block-group-is-layout-flow\">\n<p>Es compromiso de Grupo Ribera Salud el respeto a la privacidad de los usuarios y la protecci\u00f3n y seguridad de sus datos personales. Es por ello por lo que, de acuerdo con la normativa vigente en materia de protecci\u00f3n de datos (Reglamento (UE) 2016\/679 del Parlamento y del Consejo de 27 de abril de 2016, Ley Org\u00e1nica 3\/2018, de 5 de diciembre, de Protecci\u00f3n de Datos Personales y garant\u00eda de los derechos digitales), Grupo Ribera Salud informa en la presente pol\u00edtica de protecci\u00f3n de datos sobre c\u00f3mo recaba y trata los datos de car\u00e1cter personal de los usuarios y pacientes en la p\u00e1gina web <a href=\"https:\/\/riberasalud.com\/povisa\/\">https:\/\/riberasalud.com\/povisa\/<\/a>&nbsp;. (en adelante, referenciado como \u201cSitio web\u201d).<\/p>\n\n\n\n<p><strong>1.IDENTIFICACI\u00d3N DEL RESPONSABLE DEL TRATAMIENTO&nbsp;<\/strong><\/p>\n\n\n\n<p>El Responsable del Tratamiento de los datos personales es Hospital Povisa S.A., (en adelante, \u201cHospital Ribera Povisa\u201d) con CIF A-36.606.788 y domicilio social C\/ Salamanca, 5, 36211 Vigo, Pontevedra (Espa\u00f1a).<\/p>\n\n\n\n<p>El tel\u00e9fono de contacto es +34 986 41 31 44 y la direcci\u00f3n de correo electr\u00f3nico dpd.povisa@riberacare.com.<\/p>\n\n\n\n<p>Para cualquier cuesti\u00f3n relacionada con la presente pol\u00edtica de privacidad, el usuario podr\u00e1 ponerse en contacto con el delegado de protecci\u00f3n de datos del Hospital Povisa, S.A. enviando un email a\u00a0<a href=\"mailto:dpd.povisa@riberacare.com\">dpd.povisa@riberacare.com<\/a>.\u00a0<\/p>\n\n\n\n<p>Sin perjuicio de lo anterior, respecto al tratamiento relativo a la gesti\u00f3n del env\u00edo de newsletters, el responsable del tratamiento es RIBERA SALUD, S.A.U, con CIF A-03681186 y domicilio social en Avenida Cortes Valencianas, n\u00famero 58, Edificio Sorolla Center, 46015 Valencia (Espa\u00f1a).&nbsp;<\/p>\n\n\n\n<p><strong>2.<\/strong><strong> INFORMACI\u00d3N SOBRE LAS FINALIDADES DEL TRATAMIENTO<\/strong><\/p>\n\n\n\n<p>A trav\u00e9s del Sitio web se llevar\u00e1n a cabo los siguientes tratamientos de datos empleando para cada una de ellas una base legitimadora adecuada, respetando los derechos y libertades de los interesados:<\/p>\n\n\n\n<p>2.1 Gestionar y atender las solicitudes de contacto.<\/p>\n\n\n\n<ul class=\"wp-block-list\">\n<li>Finalidad: contestar las solicitudes de contacto realizadas por el usuario a trav\u00e9s de los medios puestos a disposici\u00f3n en la web (email, tel\u00e9fono y formulario de contacto).<\/li>\n\n\n\n<li>Base legitimadora: ejecuci\u00f3n de la relaci\u00f3n precontractual.<\/li>\n\n\n\n<li>Tipolog\u00eda de los datos tratados: Datos identificativos y datos de contacto.<\/li>\n<\/ul>\n\n\n\n<p>2.2 Gestionar y atender las solicitudes de citas de pacientes<\/p>\n\n\n\n<ul class=\"wp-block-list\">\n<li>Finalidad: contestar las solicitudes de citas realizadas por los pacientes o usuarios a trav\u00e9s de los medios puestos a disposici\u00f3n en la web (email, tel\u00e9fono y formulario de contacto).<\/li>\n\n\n\n<li>Base legitimadora: ejecuci\u00f3n de la relaci\u00f3n precontractual.<\/li>\n\n\n\n<li>Tipolog\u00eda de los datos tratados: Datos identificativos, datos de contacto y en las la voz de los usuarios en aquellas llamadas en las que se informe sobre su grabaci\u00f3n.<\/li>\n<\/ul>\n\n\n\n<p>2.3 Gesti\u00f3n de la asistencia sanitaria al paciente<\/p>\n\n\n\n<ul class=\"wp-block-list\">\n<li>Finalidad: La prestaci\u00f3n de los servicios de asistencia sanitaria, diagn\u00f3stico y tratamientos m\u00e9dicos, para la elaboraci\u00f3n y conservaci\u00f3n de la historia cl\u00ednica y social, y la gesti\u00f3n general de los servicios sanitarios y dem\u00e1s actividades organizadas por el centro sanitario.<\/li>\n\n\n\n<li>Base legitimadora: Cumplimiento de una obligaci\u00f3n legal y ejecuci\u00f3n de la relaci\u00f3n contractual.<\/li>\n\n\n\n<li>Tipolog\u00eda de datos tratados: Datos identificativos, datos de caracter\u00edsticas personales, transacciones de bienes y servicios, datos financieros, datos de salud. La recogida de los datos personales se podr\u00e1 llevar a cabo en el centro sanitario o ser\u00e1n facilitados, en su caso, por las compa\u00f1\u00edas aseguradoras, mutuas de accidentes, servicios de prevenci\u00f3n o por las administraciones p\u00fablicas competentes<\/li>\n<\/ul>\n\n\n\n<p>2.4 Gesti\u00f3n de env\u00edo de encuestas sobre la calidad del servicio<\/p>\n\n\n\n<ul class=\"wp-block-list\">\n<li>Finalidad: Llevar a cabo encuestas para poder conocer la valoraci\u00f3n de los pacientes respecto a la calidad del servicio.<\/li>\n\n\n\n<li>Base legitimadora: inter\u00e9s leg\u00edtimo<\/li>\n\n\n\n<li>Tipolog\u00eda de los datos tratados: datos identificativos y de contacto.<\/li>\n<\/ul>\n\n\n\n<p>2.5 Gesti\u00f3n de inscripciones en el curso\/jornada\/ conferencia solicitada por el interesado.<\/p>\n\n\n\n<ul class=\"wp-block-list\">\n<li>Finalidad: gestionar la inscripci\u00f3n de la jornada, curso o conferencia que haya solicitado el interesado.<\/li>\n\n\n\n<li>Base legitimadora: ejecuci\u00f3n de la relaci\u00f3n precontractual.<\/li>\n\n\n\n<li>Tipolog\u00eda de los datos tratados: Datos identificativos, datos de contacto, datos acad\u00e9micos, datos profesionales y datos financieros.<\/li>\n<\/ul>\n\n\n\n<p>2.6 Actividades de docencia, investigaci\u00f3n o estad\u00edstica.<\/p>\n\n\n\n<ul class=\"wp-block-list\">\n<li>Finalidad: desarrollar actividades de docencia, investigaci\u00f3n o estad\u00edstica con fines cient\u00edficos o docentes para mejorar la atenci\u00f3n sanitaria, cumpliendo la normativa espec\u00edfica al respecto.<\/li>\n\n\n\n<li>Base legitimadora: inter\u00e9s leg\u00edtimo y consentimiento del interesado.<\/li>\n\n\n\n<li>Tipolog\u00eda de los datos tratados: Datos identificativos, datos de contacto, datos de caracter\u00edsticas personales y datos de salud.<\/li>\n<\/ul>\n\n\n\n<p>2.7 Videovigilancia<\/p>\n\n\n\n<ul class=\"wp-block-list\">\n<li>Finalidad: videovigilancia para garantizar la seguridad de personas, bienes e instalaciones.<\/li>\n\n\n\n<li>Base legitimadora: inter\u00e9s leg\u00edtimo y cumplimiento de una obligaci\u00f3n legal aplicable al responsable del tratamiento.<\/li>\n\n\n\n<li>Tipolog\u00eda de los datos tratados: Datos identificativos.<\/li>\n<\/ul>\n\n\n\n<p>2.7 Difusi\u00f3n de im\u00e1genes y material fonogr\u00e1fico de jornadas, eventos y cursos.<\/p>\n\n\n\n<p>El presente tratamiento de datos ser\u00e1 efectuado por la entidad RIBERA SALUD, S.A.U, con CIF A-03681186 y domicilio social en Avenida Cortes Valencianas, n\u00famero 58, Edificio Sorolla Center, 46015 Valencia (Espa\u00f1a).<\/p>\n\n\n\n<ul class=\"wp-block-list\">\n<li>Finalidad: difundir y promocionar las jornadas, cursos y eventos formativos a trav\u00e9s de los sitios web del Grupo Ribera Salud y de sus redes sociales.<\/li>\n\n\n\n<li>Base legitimadora: consentimiento del interesado.<\/li>\n\n\n\n<li>Tipolog\u00eda de los datos tratados: im\u00e1genes personales y\/o material fonogr\u00e1fico.<\/li>\n<\/ul>\n\n\n\n<p>2.8 Gestionar el env\u00edo de comunicaciones comerciales electr\u00f3nicas.<\/p>\n\n\n\n<p>El presente tratamiento de datos ser\u00e1 efectuado por la entidad RIBERA SALUD, S.A.U, con CIF A-03681186 y domicilio social en Avenida Cortes Valencianas, n\u00famero 58, Edificio Sorolla Center, 46015 Valencia (Espa\u00f1a).<\/p>\n\n\n\n<ul class=\"wp-block-list\">\n<li>Finalidad: Gesti\u00f3n de las suscripciones de los usuarios a la newsletter\/bolet\u00edn informativo enviando comunicaciones comerciales electr\u00f3nicas sobre los servicios, actividades y novedades.<\/li>\n\n\n\n<li>Base legitimadora: Consentimiento de los usuarios<\/li>\n\n\n\n<li>Tipolog\u00eda de datos tratados: Nombre, apellidos y correo electr\u00f3nico<strong><\/strong><\/li>\n<\/ul>\n\n\n\n<p><strong>3. DESTINATARIOS DE LOS DATOS PERSONALES<\/strong><\/p>\n\n\n\n<p><strong>3.1.Comunicaci\u00f3n de los datos a terceros.&nbsp;<\/strong><\/p>\n\n\n\n<p>Salvo obligaci\u00f3n legal no se comunicar\u00e1n los datos personales recabados a trav\u00e9s de la web a terceros.&nbsp;<\/p>\n\n\n\n<p>Sin perjuicio de lo anterior, por medio del presente informamos que, para la prestaci\u00f3n de servicios de atenci\u00f3n sanitaria, cuando sea estrictamente necesario, los datos podr\u00e1n ser comunicados, de acuerdo con lo dispuesto en la legislaci\u00f3n vigente, a la autoridad sanitaria y dem\u00e1s organismos p\u00fablicos con competencia en la materia, as\u00ed como a las compa\u00f1\u00edas aseguradoras u otras entidades pagadoras cuando el interesado indique que los gastos asistenciales deban ser satisfechos por los mismos.<\/p>\n\n\n\n<p>Asimismo, se comunica a usuarios que en caso de ser clientes de aseguradoras privadas y acudan al Hospital Ribera Povisa, los datos de dicho interesado ser\u00e1n comunicados por parte del Hospital Ribera Povisa a la aseguradora privada a efectos de pago de los servicios, previa suscripci\u00f3n por parte del paciente de un documento en el que el asegurado autoriza al Hospital Ribera Povisa la comunicaci\u00f3n de dicha informaci\u00f3n.&nbsp; &nbsp;<\/p>\n\n\n\n<p><a>Igualmente, para garantizar la existencia de la historia cl\u00ednica \u00fanica por Centro y cumplir con la legalidad vigente y toda vez que Hospital Ribera Povisa es centro concertado, para la prestaci\u00f3n de asistencia sanitaria p\u00fablica, resulta imprescindible que los datos incluidos en la historia cl\u00ednica de los pacientes est\u00e9n accesibles por los facultativos del SERVICIO GALLEGO DE SALUD (SERGAS), garantizando una mayor seguridad y evitando duplicidad de pruebas, administraci\u00f3n de medicamentos y errores derivados de la falta de informaci\u00f3n asistencial.<\/a><\/p>\n\n\n\n<p><strong>3.2.Encargados del tratamiento<\/strong><\/p>\n\n\n\n<p>El tratamiento de los datos de los usuarios podr\u00e1 ser realizado por prestadores de servicios id\u00f3neos, contratados por el Hospital Ribera Povisa. Dichos prestadores de servicios \u00fanicamente tratar\u00e1n los datos para las finalidades establecidas por el Hospital Ribera Povisa, entre ellas para la gesti\u00f3n del env\u00edo de las comunicaciones comerciales electr\u00f3nicas.&nbsp;<\/p>\n\n\n\n<p><strong>4.TRANSFERENCIAS INTERNACIONALES DE DATOS&nbsp;<\/strong><\/p>\n\n\n\n<p>El Hospital Ribera Povisa realizar\u00e1 el tratamiento de los datos del usuario integralmente en el territorio de la Uni\u00f3n Europea, por lo que no prev\u00e9 realizar ninguna transferencia internacional de datos<\/p>\n\n\n\n<p><strong>5.PLAZO DE CONSERVACI\u00d3N.&nbsp;<\/strong><\/p>\n\n\n\n<p>El Hospital Ribera Povisa conservar\u00e1 los datos personales de los usuarios durante el tiempo necesario para la realizaci\u00f3n de la finalidad para la cual son tratados o hasta que el interesado solicite la supresi\u00f3n de sus datos personales, y en todo caso, durante el plazo necesario para el cumplimiento de las correspondientes obligaciones legales.&nbsp;<\/p>\n\n\n\n<p>Asimismo, respecto al tratamiento relativo al env\u00edo de comunicaciones comerciales electr\u00f3nicas, los datos de los usuarios que hayan consentido la recepci\u00f3n se conservar\u00e1n hasta que el usuario solicite la baja de dicha recepci\u00f3n, siguiendo las instrucciones que encontrar\u00e1 al pie de cada correo electr\u00f3nico.&nbsp;<\/p>\n\n\n\n<p><strong>6.EJERCICIO DE DERECHOS EN MATERIA DE PROTECCI\u00d3N DE DATOS.<\/strong><\/p>\n\n\n\n<p>En cualquier momento, el usuario podr\u00e1 ejercer sus derechos de acceso, rectificaci\u00f3n, supresi\u00f3n, oposici\u00f3n, limitaci\u00f3n y portabilidad de sus datos, enviando su petici\u00f3n por escrito a la siguiente direcci\u00f3n de correo electr\u00f3nico\u00a0<a href=\"mailto:dpd.povisa@riberacare.com\">dpd.povisa@riberacare.com<\/a>, o por correo postal a la siguiente direcci\u00f3n, C\/ Salamanca, 5, 36211 Vigo, Pontevedra (Espa\u00f1a), bajo el asunto de referencia: \u201cProtecci\u00f3n de Datos\u201d, indicando el derecho\/s que desea ejercitar.\u00a0<\/p>\n\n\n\n<p>Asimismo, se informa al usuario que en caso de considerar que no se ha satisfecho el ejercicio de sus derechos, podr\u00e1 ponerse en contacto con el delegado de protecci\u00f3n de datos del Hospital Ribera Povisa enviando su petici\u00f3n a la direcci\u00f3n de correo electr\u00f3nico\u00a0<a href=\"mailto:dpd@povisa.net\">dpd.povisa@riberacare.com<\/a>\u00a0o presentar una reclamaci\u00f3n ante la Agencia Espa\u00f1ola de Protecci\u00f3n de Datos. M\u00e1s informaci\u00f3n en\u00a0<a href=\"http:\/\/www.aepd.es\/\">www.aepd.es<\/a>.\u00a0<\/p>\n\n\n\n<p><strong>\u00daltima actualizaci\u00f3n: febrero 2024<\/strong><\/p>\n<\/div><\/div>\n","protected":false},"excerpt":{"rendered":"<p>HOSPITAL RIBERA POVISA Pol\u00edtica de privacidad Es compromiso de Grupo Ribera Salud el respeto a la privacidad de los usuarios y la protecci\u00f3n y seguridad de sus datos personales. Es por ello por lo que, de acuerdo con la normativa vigente en materia de protecci\u00f3n de datos (Reglamento (UE) 2016\/679 del Parlamento y del Consejo &#8230; <a title=\"Pol\u00edtica de privacidad\" class=\"read-more\" href=\"https:\/\/riberasalud.com\/povisa\/politica-privacidad\/\" aria-label=\"Leer m\u00e1s sobre Pol\u00edtica de privacidad\">Leer m\u00e1s<\/a><\/p>\n","protected":false},"author":1,"featured_media":0,"parent":0,"menu_order":0,"comment_status":"closed","ping_status":"closed","template":"","meta":{"_coblocks_attr":"","_coblocks_dimensions":"","_coblocks_responsive_height":"","_coblocks_accordion_ie_support":"","_monsterinsights_skip_tracking":false,"_monsterinsights_sitenote_active":false,"_monsterinsights_sitenote_note":"","_monsterinsights_sitenote_category":0,"footnotes":""},"class_list":["post-9802","page","type-page","status-publish"],"yoast_head":"<!-- This site is optimized with the Yoast SEO plugin v26.9 - https:\/\/yoast.com\/product\/yoast-seo-wordpress\/ -->\n<title>\u25b7 Pol\u00edtica de privacidad | Hospital Ribera Povisa<\/title>\n<meta name=\"description\" content=\"lll\u1405 HOSPITAL RIBERA POVISA Pol\u00edtica de privacidad Es compromiso de Grupo Ribera Salud el respeto a la privacidad de los usuarios y la protecci\u00f3n y seguridad \u2705\" \/>\n<meta name=\"robots\" content=\"index, follow, max-snippet:-1, max-image-preview:large, max-video-preview:-1\" \/>\n<link rel=\"canonical\" href=\"https:\/\/riberasalud.com\/povisa\/politica-privacidad\/\" \/>\n<meta property=\"og:locale\" content=\"es_ES\" \/>\n<meta property=\"og:type\" content=\"article\" \/>\n<meta property=\"og:title\" content=\"\u25b7 Pol\u00edtica de privacidad | Hospital Ribera Povisa\" \/>\n<meta property=\"og:description\" content=\"lll\u1405 HOSPITAL RIBERA POVISA Pol\u00edtica de privacidad Es compromiso de Grupo Ribera Salud el respeto a la privacidad de los usuarios y la protecci\u00f3n y seguridad \u2705\" \/>\n<meta property=\"og:url\" content=\"https:\/\/riberasalud.com\/povisa\/politica-privacidad\/\" \/>\n<meta property=\"og:site_name\" content=\"Hospital Ribera Povisa\" \/>\n<meta property=\"article:modified_time\" content=\"2026-01-19T15:18:36+00:00\" \/>\n<meta name=\"twitter:card\" content=\"summary_large_image\" \/>\n<meta name=\"twitter:label1\" content=\"Tiempo de lectura\" \/>\n\t<meta name=\"twitter:data1\" content=\"7 minutos\" \/>\n<script type=\"application\/ld+json\" class=\"yoast-schema-graph\">{\"@context\":\"https:\/\/schema.org\",\"@graph\":[{\"@type\":\"WebPage\",\"@id\":\"https:\/\/riberasalud.com\/povisa\/politica-privacidad\/\",\"url\":\"https:\/\/riberasalud.com\/povisa\/politica-privacidad\/\",\"name\":\"\u25b7 Pol\u00edtica de privacidad | Hospital Ribera Povisa\",\"isPartOf\":{\"@id\":\"https:\/\/riberasalud.com\/povisa\/#website\"},\"datePublished\":\"2023-07-28T10:19:31+00:00\",\"dateModified\":\"2026-01-19T15:18:36+00:00\",\"description\":\"lll\u1405 HOSPITAL RIBERA POVISA Pol\u00edtica de privacidad Es compromiso de Grupo Ribera Salud el respeto a la privacidad de los usuarios y la protecci\u00f3n y seguridad \u2705\",\"inLanguage\":\"es\",\"potentialAction\":[{\"@type\":\"ReadAction\",\"target\":[\"https:\/\/riberasalud.com\/povisa\/politica-privacidad\/\"]}]},{\"@type\":\"WebSite\",\"@id\":\"https:\/\/riberasalud.com\/povisa\/#website\",\"url\":\"https:\/\/riberasalud.com\/povisa\/\",\"name\":\"Hospital Ribera Povisa\",\"description\":\"\",\"publisher\":{\"@id\":\"https:\/\/riberasalud.com\/povisa\/#organization\"},\"potentialAction\":[{\"@type\":\"SearchAction\",\"target\":{\"@type\":\"EntryPoint\",\"urlTemplate\":\"https:\/\/riberasalud.com\/povisa\/?s={search_term_string}\"},\"query-input\":{\"@type\":\"PropertyValueSpecification\",\"valueRequired\":true,\"valueName\":\"search_term_string\"}}],\"inLanguage\":\"es\"},{\"@type\":\"Organization\",\"@id\":\"https:\/\/riberasalud.com\/povisa\/#organization\",\"name\":\"Hospital Ribera Povisa\",\"url\":\"https:\/\/riberasalud.com\/povisa\/\",\"logo\":{\"@type\":\"ImageObject\",\"inLanguage\":\"es\",\"@id\":\"https:\/\/riberasalud.com\/povisa\/#\/schema\/logo\/image\/\",\"url\":\"https:\/\/riberasalud.com\/povisa\/wp-content\/uploads\/2024\/01\/cropped-Logo-Red-Povisa.png\",\"contentUrl\":\"https:\/\/riberasalud.com\/povisa\/wp-content\/uploads\/2024\/01\/cropped-Logo-Red-Povisa.png\",\"width\":1929,\"height\":489,\"caption\":\"Hospital Ribera Povisa\"},\"image\":{\"@id\":\"https:\/\/riberasalud.com\/povisa\/#\/schema\/logo\/image\/\"}}]}<\/script>\n<!-- \/ Yoast SEO plugin. -->","yoast_head_json":{"title":"\u25b7 Pol\u00edtica de privacidad | Hospital Ribera Povisa","description":"lll\u1405 HOSPITAL RIBERA POVISA Pol\u00edtica de privacidad Es compromiso de Grupo Ribera Salud el respeto a la privacidad de los usuarios y la protecci\u00f3n y seguridad \u2705","robots":{"index":"index","follow":"follow","max-snippet":"max-snippet:-1","max-image-preview":"max-image-preview:large","max-video-preview":"max-video-preview:-1"},"canonical":"https:\/\/riberasalud.com\/povisa\/politica-privacidad\/","og_locale":"es_ES","og_type":"article","og_title":"\u25b7 Pol\u00edtica de privacidad | Hospital Ribera Povisa","og_description":"lll\u1405 HOSPITAL RIBERA POVISA Pol\u00edtica de privacidad Es compromiso de Grupo Ribera Salud el respeto a la privacidad de los usuarios y la protecci\u00f3n y seguridad \u2705","og_url":"https:\/\/riberasalud.com\/povisa\/politica-privacidad\/","og_site_name":"Hospital Ribera Povisa","article_modified_time":"2026-01-19T15:18:36+00:00","twitter_card":"summary_large_image","twitter_misc":{"Tiempo de lectura":"7 minutos"},"schema":{"@context":"https:\/\/schema.org","@graph":[{"@type":"WebPage","@id":"https:\/\/riberasalud.com\/povisa\/politica-privacidad\/","url":"https:\/\/riberasalud.com\/povisa\/politica-privacidad\/","name":"\u25b7 Pol\u00edtica de privacidad | Hospital Ribera Povisa","isPartOf":{"@id":"https:\/\/riberasalud.com\/povisa\/#website"},"datePublished":"2023-07-28T10:19:31+00:00","dateModified":"2026-01-19T15:18:36+00:00","description":"lll\u1405 HOSPITAL RIBERA POVISA Pol\u00edtica de privacidad Es compromiso de Grupo Ribera Salud el respeto a la privacidad de los usuarios y la protecci\u00f3n y seguridad \u2705","inLanguage":"es","potentialAction":[{"@type":"ReadAction","target":["https:\/\/riberasalud.com\/povisa\/politica-privacidad\/"]}]},{"@type":"WebSite","@id":"https:\/\/riberasalud.com\/povisa\/#website","url":"https:\/\/riberasalud.com\/povisa\/","name":"Hospital Ribera Povisa","description":"","publisher":{"@id":"https:\/\/riberasalud.com\/povisa\/#organization"},"potentialAction":[{"@type":"SearchAction","target":{"@type":"EntryPoint","urlTemplate":"https:\/\/riberasalud.com\/povisa\/?s={search_term_string}"},"query-input":{"@type":"PropertyValueSpecification","valueRequired":true,"valueName":"search_term_string"}}],"inLanguage":"es"},{"@type":"Organization","@id":"https:\/\/riberasalud.com\/povisa\/#organization","name":"Hospital Ribera Povisa","url":"https:\/\/riberasalud.com\/povisa\/","logo":{"@type":"ImageObject","inLanguage":"es","@id":"https:\/\/riberasalud.com\/povisa\/#\/schema\/logo\/image\/","url":"https:\/\/riberasalud.com\/povisa\/wp-content\/uploads\/2024\/01\/cropped-Logo-Red-Povisa.png","contentUrl":"https:\/\/riberasalud.com\/povisa\/wp-content\/uploads\/2024\/01\/cropped-Logo-Red-Povisa.png","width":1929,"height":489,"caption":"Hospital Ribera Povisa"},"image":{"@id":"https:\/\/riberasalud.com\/povisa\/#\/schema\/logo\/image\/"}}]}},"_links":{"self":[{"href":"https:\/\/riberasalud.com\/povisa\/wp-json\/wp\/v2\/pages\/9802","targetHints":{"allow":["GET"]}}],"collection":[{"href":"https:\/\/riberasalud.com\/povisa\/wp-json\/wp\/v2\/pages"}],"about":[{"href":"https:\/\/riberasalud.com\/povisa\/wp-json\/wp\/v2\/types\/page"}],"author":[{"embeddable":true,"href":"https:\/\/riberasalud.com\/povisa\/wp-json\/wp\/v2\/users\/1"}],"replies":[{"embeddable":true,"href":"https:\/\/riberasalud.com\/povisa\/wp-json\/wp\/v2\/comments?post=9802"}],"version-history":[{"count":4,"href":"https:\/\/riberasalud.com\/povisa\/wp-json\/wp\/v2\/pages\/9802\/revisions"}],"predecessor-version":[{"id":15560,"href":"https:\/\/riberasalud.com\/povisa\/wp-json\/wp\/v2\/pages\/9802\/revisions\/15560"}],"wp:attachment":[{"href":"https:\/\/riberasalud.com\/povisa\/wp-json\/wp\/v2\/media?parent=9802"}],"curies":[{"name":"wp","href":"https:\/\/api.w.org\/{rel}","templated":true}]}}