{"id":9697,"date":"2023-07-19T12:11:05","date_gmt":"2023-07-19T12:11:05","guid":{"rendered":"https:\/\/riberasalud.com\/povisaaux\/?page_id=9697"},"modified":"2026-03-23T11:15:46","modified_gmt":"2026-03-23T11:15:46","slug":"que-es-la-obesidad-morbida","status":"publish","type":"page","link":"https:\/\/riberasalud.com\/povisa\/clinica-colon\/que-es-la-obesidad-morbida\/","title":{"rendered":"\u00bfQu\u00e9 es la obesidad m\u00f3rbida?"},"content":{"rendered":"\n<div class=\"wp-block-group hasbackgroundnaranja sliderlinea\"><div class=\"wp-block-group__inner-container is-layout-flow wp-block-group-is-layout-flow\">\n<p>CL\u00cdNICA RIBERA COL\u00d3N<\/p>\n\n\n\n<h1 class=\"wp-block-heading\">\u00bfQu\u00e9 es la obesidad m\u00f3rbida?<\/h1>\n<\/div><\/div>\n\n\n\n<div class=\"wp-block-group\"><div class=\"wp-block-group__inner-container is-layout-flow wp-block-group-is-layout-flow\">\n<p>Tomando en cuenta el peso y la talla del paciente podemos calcular su \u00edndice de masa corporal (IMC). Cuando dicho \u00edndice es superior a 40 se considera Obesidad M\u00f3rbida. Se trata de una patolog\u00eda cr\u00f3nica que puede ser corregida mediante cirug\u00eda especializada.<br>Cuando no es posible el control de la obesidad mediante tratamientos conservadores (dietas, h\u00e1bitos de vida, etc), la mejor opci\u00f3n es la cirug\u00eda.<br>Con una operaci\u00f3n quir\u00fargica se solucionan o mejoran m\u00faltiples enfermedades que suelen estar asociadas.<\/p>\n<\/div><\/div>\n\n\n\n<div class=\"wp-block-group modulocomo fondogris grupozeromarginmedicos\"><div class=\"wp-block-group__inner-container is-layout-flow wp-block-group-is-layout-flow\">\n<h2 class=\"wp-block-heading\" id=\"como\">Equipo m\u00e9dico<\/h2>\n\n\n\n<div class=\"wp-block-group gruponomargin equipotratamiento\"><div class=\"wp-block-group__inner-container is-layout-flow wp-block-group-is-layout-flow\">\n<div class=\"wp-block-columns is-layout-flex wp-container-core-columns-is-layout-9d6595d7 wp-block-columns-is-layout-flex\">\n<div class=\"wp-block-column is-vertically-aligned-center is-layout-flow wp-block-column-is-layout-flow\" style=\"flex-basis:33.33%\"><div class=\"wp-block-image is-style-rounded\">\n<figure class=\"aligncenter size-full is-resized\"><img loading=\"lazy\" decoding=\"async\" width=\"800\" height=\"800\" src=\"https:\/\/riberasalud.com\/povisa\/wp-content\/uploads\/2023\/07\/20211028101940_IMG_0328_baja.jpg\" alt=\"\" class=\"wp-image-9704\" style=\"width:200px;height:200px\" srcset=\"https:\/\/riberasalud.com\/povisa\/wp-content\/uploads\/2023\/07\/20211028101940_IMG_0328_baja.jpg 800w, https:\/\/riberasalud.com\/povisa\/wp-content\/uploads\/2023\/07\/20211028101940_IMG_0328_baja-300x300.jpg 300w, https:\/\/riberasalud.com\/povisa\/wp-content\/uploads\/2023\/07\/20211028101940_IMG_0328_baja-150x150.jpg 150w, https:\/\/riberasalud.com\/povisa\/wp-content\/uploads\/2023\/07\/20211028101940_IMG_0328_baja-768x768.jpg 768w\" sizes=\"auto, (max-width: 800px) 100vw, 800px\" \/><\/figure>\n<\/div><\/div>\n\n\n\n<div class=\"wp-block-column is-layout-flow wp-block-column-is-layout-flow\" style=\"flex-basis:66.66%\">\n<p class=\"has-large-font-size\"><strong>Alberto Toscano Novella<\/strong><\/p>\n\n\n\n<p><em>Cirujano General<\/em><\/p>\n\n\n\n<p>Licenciado en Medicina Universidad de Santiago de Compostela<br>Especialista en Cirug\u00eda General. Hospital San Marcos<br>M\u00e1ster Cirug\u00eda de la Obesidad<br>Miembro de:<br>Sociedad Espa\u00f1ola de Cirugia (AEC)<br>Sociedad Espa\u00f1ola de Cirug\u00eda de la Obesidad (SECO)<br>International Federation for the Surgery of Obesity (IFSO)<\/p>\n<\/div>\n<\/div>\n<\/div><\/div>\n<\/div><\/div>\n\n\n\n<div class=\"wp-block-group\"><div class=\"wp-block-group__inner-container is-layout-flow wp-block-group-is-layout-flow\">\n<h2 class=\"wp-block-heading\">\u00bfQue pacientes son candidatos a intervenci\u00f3n quir\u00fargica?<\/h2>\n\n\n\n<p>\u2022 Pacientes con obesidad m\u00f3rbida (IMC igual o superior a 40). Cirug\u00eda bari\u00e1trica.<br>\u2022 Pacientes con IMC superior a 35 con patolog\u00edas asociadas susceptibles de mejora tras la cirug\u00eda: Diabetes tipo 2, Hipertensi\u00f3n<br>Arterial, Apnea del Sue\u00f1o. Cirug\u00eda Metab\u00f3lica.<br>\u2022 Pacientes con IMC superior a 30 con diabetes tipo 2 mal controlada con menos de 10 a\u00f1os de evoluci\u00f3n de su diabetes.<\/p>\n\n\n\n<div style=\"height:30px\" aria-hidden=\"true\" class=\"wp-block-spacer\"><\/div>\n\n\n\n<div class=\"wp-block-group gruponomargin grupomodulosmobile\"><div class=\"wp-block-group__inner-container is-layout-flow wp-block-group-is-layout-flow\">\n<div class=\"wp-block-columns columnanomargin is-layout-flex wp-container-core-columns-is-layout-9d6595d7 wp-block-columns-is-layout-flex\">\n<div class=\"wp-block-column first is-layout-flow wp-block-column-is-layout-flow\">\n<figure class=\"wp-block-image size-full fotomodulo\"><img loading=\"lazy\" decoding=\"async\" width=\"800\" height=\"533\" src=\"https:\/\/riberasalud.com\/povisa\/wp-content\/uploads\/2023\/07\/iStock-1352225167_baja.jpg\" alt=\"\" class=\"wp-image-9703\" srcset=\"https:\/\/riberasalud.com\/povisa\/wp-content\/uploads\/2023\/07\/iStock-1352225167_baja.jpg 800w, https:\/\/riberasalud.com\/povisa\/wp-content\/uploads\/2023\/07\/iStock-1352225167_baja-300x200.jpg 300w, https:\/\/riberasalud.com\/povisa\/wp-content\/uploads\/2023\/07\/iStock-1352225167_baja-768x512.jpg 768w\" sizes=\"auto, (max-width: 800px) 100vw, 800px\" \/><\/figure>\n\n\n\n<div class=\"wp-block-group grupomodulo\"><div class=\"wp-block-group__inner-container is-layout-flow wp-block-group-is-layout-flow\">\n<h3 class=\"wp-block-heading\"><strong><strong><strong><strong>Cirug\u00eda bari\u00e1trica<\/strong><\/strong><\/strong><\/strong><\/h3>\n\n\n\n<p>La <strong>cirug\u00eda bari\u00e1trica (o cirug\u00eda de la obesidad) <\/strong>es la que se realiza para solucionar la obesidad m\u00f3rbida.<br>Se practica mediante laparoscopia. Las t\u00e9cnicas m\u00e1s utilizadas son el by-pass g\u00e1strico y la gastrectom\u00eda tubular (sleeve gastrectomy)<br>La Cirug\u00eda Bari\u00e1trica cura o mejora un gran n\u00famero de enfermedades con una sola intervenci\u00f3n quir\u00fargica:<br><strong>-Obesidad<br>-Diabetes<br>-Hipertensi\u00f3n<br>-Hiperlipemia<br>-Apnea del sue\u00f1o<br>-Ateroesclerosis<br>-Altereciones osteo articulares<\/strong><\/p>\n<\/div><\/div>\n<\/div>\n\n\n\n<div class=\"wp-block-column is-layout-flow wp-block-column-is-layout-flow\">\n<figure class=\"wp-block-image size-full fotomodulo\"><img loading=\"lazy\" decoding=\"async\" width=\"800\" height=\"533\" src=\"https:\/\/riberasalud.com\/povisa\/wp-content\/uploads\/2023\/07\/blur-hospital_baja.jpg\" alt=\"\" class=\"wp-image-9702\" srcset=\"https:\/\/riberasalud.com\/povisa\/wp-content\/uploads\/2023\/07\/blur-hospital_baja.jpg 800w, https:\/\/riberasalud.com\/povisa\/wp-content\/uploads\/2023\/07\/blur-hospital_baja-300x200.jpg 300w, https:\/\/riberasalud.com\/povisa\/wp-content\/uploads\/2023\/07\/blur-hospital_baja-768x512.jpg 768w\" sizes=\"auto, (max-width: 800px) 100vw, 800px\" \/><\/figure>\n\n\n\n<div class=\"wp-block-group grupomodulo\"><div class=\"wp-block-group__inner-container is-layout-flow wp-block-group-is-layout-flow\">\n<h3 class=\"wp-block-heading\"><strong><strong><strong><strong>Cirug\u00eda metab\u00f3lica<\/strong><\/strong><\/strong><\/strong><\/h3>\n\n\n\n<p>La <strong>cirug\u00eda del s\u00edndrome metab\u00f3lico <\/strong>trata al mismo tiempo la diabetes, la hipertensi\u00f3n y la hiperlipemia (colesterol, triglic\u00e9ridos, etc).<br>La intenci\u00f3n es mejorar a corto o medio plazo el control gluc\u00e9mico de los pacientes y de las comorbilidades asociadas.<br>Consiste en practicar una <strong>t\u00e9cnica similar a la que se realiza para la obesidad m\u00f3rbida <\/strong>en pacientes con obesidad entre 30 y 40 de IMC.<br>Se realiza preferentemente por v\u00eda laparosc\u00f3pica.<br>Se consiguen excelentes resultados en la diabetes tipo 2 (buenos resultados alrededor del 85% de los casos), en la hipertensi\u00f3n refractaria (alrededor del 70 %), en la hiperlipemia (sobre el 100 %) y mejor\u00eda en otras patolog\u00edas (vasculopat\u00edas, hiperuricemias, etc)<\/p>\n<\/div><\/div>\n<\/div>\n<\/div>\n<\/div><\/div>\n\n\n\n<div style=\"height:22px\" aria-hidden=\"true\" class=\"wp-block-spacer\"><\/div>\n\n\n\n<p class=\"has-text-align-center has-medium-font-size\">El tratamiento global de la obesidad se encuadra dentro de un equipo multidisciplinar formado por los Servicios de Cirug\u00eda, Endocrinolog\u00eda, Digestivo, Psicolog\u00eda\/Psiquiatr\u00eda, Enfermer\u00eda, Nutrici\u00f3n y Fisioterapia.<br><strong>Pide cita con el Dr. Alberto Toscano: 986 44 33 72<\/strong><\/p>\n<\/div><\/div>\n","protected":false},"excerpt":{"rendered":"<p>CL\u00cdNICA RIBERA COL\u00d3N \u00bfQu\u00e9 es la obesidad m\u00f3rbida? Tomando en cuenta el peso y la talla del paciente podemos calcular su \u00edndice de masa corporal (IMC). Cuando dicho \u00edndice es superior a 40 se considera Obesidad M\u00f3rbida. Se trata de una patolog\u00eda cr\u00f3nica que puede ser corregida mediante cirug\u00eda especializada.Cuando no es posible el control &#8230; <a title=\"\u00bfQu\u00e9 es la obesidad m\u00f3rbida?\" class=\"read-more\" href=\"https:\/\/riberasalud.com\/povisa\/clinica-colon\/que-es-la-obesidad-morbida\/\" aria-label=\"Leer m\u00e1s sobre \u00bfQu\u00e9 es la obesidad m\u00f3rbida?\">Leer m\u00e1s<\/a><\/p>\n","protected":false},"author":1,"featured_media":0,"parent":9811,"menu_order":0,"comment_status":"closed","ping_status":"closed","template":"","meta":{"_coblocks_attr":"","_coblocks_dimensions":"","_coblocks_responsive_height":"","_coblocks_accordion_ie_support":"","_monsterinsights_skip_tracking":false,"_monsterinsights_sitenote_active":false,"_monsterinsights_sitenote_note":"","_monsterinsights_sitenote_category":0,"footnotes":""},"class_list":["post-9697","page","type-page","status-publish"],"yoast_head":"<!-- This site is optimized with the Yoast SEO plugin v26.9 - https:\/\/yoast.com\/product\/yoast-seo-wordpress\/ -->\n<title>\u25b7 \u00bfQu\u00e9 es la obesidad m\u00f3rbida? | Hospital Ribera Povisa<\/title>\n<meta name=\"description\" content=\"lll\u1405 CL\u00cdNICA RIBERA COL\u00d3N \u00bfQu\u00e9 es la obesidad m\u00f3rbida? Tomando en cuenta el peso y la talla del paciente podemos calcular su \u00edndice de masa corporal (IMC). \u2705\" \/>\n<meta name=\"robots\" content=\"index, follow, max-snippet:-1, max-image-preview:large, max-video-preview:-1\" \/>\n<link rel=\"canonical\" href=\"https:\/\/riberasalud.com\/povisa\/clinica-colon\/que-es-la-obesidad-morbida\/\" \/>\n<meta property=\"og:locale\" content=\"es_ES\" \/>\n<meta property=\"og:type\" content=\"article\" \/>\n<meta property=\"og:title\" content=\"\u25b7 \u00bfQu\u00e9 es la obesidad m\u00f3rbida? | Hospital Ribera Povisa\" \/>\n<meta property=\"og:description\" content=\"lll\u1405 CL\u00cdNICA RIBERA COL\u00d3N \u00bfQu\u00e9 es la obesidad m\u00f3rbida? Tomando en cuenta el peso y la talla del paciente podemos calcular su \u00edndice de masa corporal (IMC). \u2705\" \/>\n<meta property=\"og:url\" content=\"https:\/\/riberasalud.com\/povisa\/clinica-colon\/que-es-la-obesidad-morbida\/\" \/>\n<meta property=\"og:site_name\" content=\"Hospital Ribera Povisa\" \/>\n<meta property=\"article:modified_time\" content=\"2026-03-23T11:15:46+00:00\" \/>\n<meta property=\"og:image\" content=\"https:\/\/riberasalud.com\/povisa\/wp-content\/uploads\/2023\/07\/20211028101940_IMG_0328_baja.jpg\" \/>\n\t<meta property=\"og:image:width\" content=\"800\" \/>\n\t<meta property=\"og:image:height\" content=\"800\" \/>\n\t<meta property=\"og:image:type\" content=\"image\/jpeg\" \/>\n<meta name=\"twitter:card\" content=\"summary_large_image\" \/>\n<meta name=\"twitter:label1\" content=\"Tiempo de lectura\" \/>\n\t<meta name=\"twitter:data1\" content=\"3 minutos\" \/>\n<script type=\"application\/ld+json\" class=\"yoast-schema-graph\">{\"@context\":\"https:\/\/schema.org\",\"@graph\":[{\"@type\":\"WebPage\",\"@id\":\"https:\/\/riberasalud.com\/povisa\/clinica-colon\/que-es-la-obesidad-morbida\/\",\"url\":\"https:\/\/riberasalud.com\/povisa\/clinica-colon\/que-es-la-obesidad-morbida\/\",\"name\":\"\u25b7 \u00bfQu\u00e9 es la obesidad m\u00f3rbida? | Hospital Ribera Povisa\",\"isPartOf\":{\"@id\":\"https:\/\/riberasalud.com\/povisa\/#website\"},\"primaryImageOfPage\":{\"@id\":\"https:\/\/riberasalud.com\/povisa\/clinica-colon\/que-es-la-obesidad-morbida\/#primaryimage\"},\"image\":{\"@id\":\"https:\/\/riberasalud.com\/povisa\/clinica-colon\/que-es-la-obesidad-morbida\/#primaryimage\"},\"thumbnailUrl\":\"https:\/\/riberasalud.com\/povisa\/wp-content\/uploads\/2023\/07\/20211028101940_IMG_0328_baja.jpg\",\"datePublished\":\"2023-07-19T12:11:05+00:00\",\"dateModified\":\"2026-03-23T11:15:46+00:00\",\"description\":\"lll\u1405 CL\u00cdNICA RIBERA COL\u00d3N \u00bfQu\u00e9 es la obesidad m\u00f3rbida? Tomando en cuenta el peso y la talla del paciente podemos calcular su \u00edndice de masa corporal (IMC). \u2705\",\"breadcrumb\":{\"@id\":\"https:\/\/riberasalud.com\/povisa\/clinica-colon\/que-es-la-obesidad-morbida\/#breadcrumb\"},\"inLanguage\":\"es\",\"potentialAction\":[{\"@type\":\"ReadAction\",\"target\":[\"https:\/\/riberasalud.com\/povisa\/clinica-colon\/que-es-la-obesidad-morbida\/\"]}]},{\"@type\":\"ImageObject\",\"inLanguage\":\"es\",\"@id\":\"https:\/\/riberasalud.com\/povisa\/clinica-colon\/que-es-la-obesidad-morbida\/#primaryimage\",\"url\":\"https:\/\/riberasalud.com\/povisa\/wp-content\/uploads\/2023\/07\/20211028101940_IMG_0328_baja.jpg\",\"contentUrl\":\"https:\/\/riberasalud.com\/povisa\/wp-content\/uploads\/2023\/07\/20211028101940_IMG_0328_baja.jpg\"},{\"@type\":\"BreadcrumbList\",\"@id\":\"https:\/\/riberasalud.com\/povisa\/clinica-colon\/que-es-la-obesidad-morbida\/#breadcrumb\",\"itemListElement\":[{\"@type\":\"ListItem\",\"position\":1,\"name\":\"Cl\u00ednica Ribera Col\u00f3n\",\"item\":\"https:\/\/riberasalud.com\/povisa\/clinica-colon\/\"},{\"@type\":\"ListItem\",\"position\":2,\"name\":\"\u00bfQu\u00e9 es la obesidad m\u00f3rbida?\"}]},{\"@type\":\"WebSite\",\"@id\":\"https:\/\/riberasalud.com\/povisa\/#website\",\"url\":\"https:\/\/riberasalud.com\/povisa\/\",\"name\":\"Hospital Ribera Povisa\",\"description\":\"\",\"publisher\":{\"@id\":\"https:\/\/riberasalud.com\/povisa\/#organization\"},\"potentialAction\":[{\"@type\":\"SearchAction\",\"target\":{\"@type\":\"EntryPoint\",\"urlTemplate\":\"https:\/\/riberasalud.com\/povisa\/?s={search_term_string}\"},\"query-input\":{\"@type\":\"PropertyValueSpecification\",\"valueRequired\":true,\"valueName\":\"search_term_string\"}}],\"inLanguage\":\"es\"},{\"@type\":\"Organization\",\"@id\":\"https:\/\/riberasalud.com\/povisa\/#organization\",\"name\":\"Hospital Ribera Povisa\",\"url\":\"https:\/\/riberasalud.com\/povisa\/\",\"logo\":{\"@type\":\"ImageObject\",\"inLanguage\":\"es\",\"@id\":\"https:\/\/riberasalud.com\/povisa\/#\/schema\/logo\/image\/\",\"url\":\"https:\/\/riberasalud.com\/povisa\/wp-content\/uploads\/2024\/01\/cropped-Logo-Red-Povisa.png\",\"contentUrl\":\"https:\/\/riberasalud.com\/povisa\/wp-content\/uploads\/2024\/01\/cropped-Logo-Red-Povisa.png\",\"width\":1929,\"height\":489,\"caption\":\"Hospital Ribera Povisa\"},\"image\":{\"@id\":\"https:\/\/riberasalud.com\/povisa\/#\/schema\/logo\/image\/\"}}]}<\/script>\n<!-- \/ Yoast SEO plugin. -->","yoast_head_json":{"title":"\u25b7 \u00bfQu\u00e9 es la obesidad m\u00f3rbida? | Hospital Ribera Povisa","description":"lll\u1405 CL\u00cdNICA RIBERA COL\u00d3N \u00bfQu\u00e9 es la obesidad m\u00f3rbida? Tomando en cuenta el peso y la talla del paciente podemos calcular su \u00edndice de masa corporal (IMC). \u2705","robots":{"index":"index","follow":"follow","max-snippet":"max-snippet:-1","max-image-preview":"max-image-preview:large","max-video-preview":"max-video-preview:-1"},"canonical":"https:\/\/riberasalud.com\/povisa\/clinica-colon\/que-es-la-obesidad-morbida\/","og_locale":"es_ES","og_type":"article","og_title":"\u25b7 \u00bfQu\u00e9 es la obesidad m\u00f3rbida? | Hospital Ribera Povisa","og_description":"lll\u1405 CL\u00cdNICA RIBERA COL\u00d3N \u00bfQu\u00e9 es la obesidad m\u00f3rbida? Tomando en cuenta el peso y la talla del paciente podemos calcular su \u00edndice de masa corporal (IMC). \u2705","og_url":"https:\/\/riberasalud.com\/povisa\/clinica-colon\/que-es-la-obesidad-morbida\/","og_site_name":"Hospital Ribera Povisa","article_modified_time":"2026-03-23T11:15:46+00:00","og_image":[{"width":800,"height":800,"url":"https:\/\/riberasalud.com\/povisa\/wp-content\/uploads\/2023\/07\/20211028101940_IMG_0328_baja.jpg","type":"image\/jpeg"}],"twitter_card":"summary_large_image","twitter_misc":{"Tiempo de lectura":"3 minutos"},"schema":{"@context":"https:\/\/schema.org","@graph":[{"@type":"WebPage","@id":"https:\/\/riberasalud.com\/povisa\/clinica-colon\/que-es-la-obesidad-morbida\/","url":"https:\/\/riberasalud.com\/povisa\/clinica-colon\/que-es-la-obesidad-morbida\/","name":"\u25b7 \u00bfQu\u00e9 es la obesidad m\u00f3rbida? | Hospital Ribera Povisa","isPartOf":{"@id":"https:\/\/riberasalud.com\/povisa\/#website"},"primaryImageOfPage":{"@id":"https:\/\/riberasalud.com\/povisa\/clinica-colon\/que-es-la-obesidad-morbida\/#primaryimage"},"image":{"@id":"https:\/\/riberasalud.com\/povisa\/clinica-colon\/que-es-la-obesidad-morbida\/#primaryimage"},"thumbnailUrl":"https:\/\/riberasalud.com\/povisa\/wp-content\/uploads\/2023\/07\/20211028101940_IMG_0328_baja.jpg","datePublished":"2023-07-19T12:11:05+00:00","dateModified":"2026-03-23T11:15:46+00:00","description":"lll\u1405 CL\u00cdNICA RIBERA COL\u00d3N \u00bfQu\u00e9 es la obesidad m\u00f3rbida? Tomando en cuenta el peso y la talla del paciente podemos calcular su \u00edndice de masa corporal (IMC). \u2705","breadcrumb":{"@id":"https:\/\/riberasalud.com\/povisa\/clinica-colon\/que-es-la-obesidad-morbida\/#breadcrumb"},"inLanguage":"es","potentialAction":[{"@type":"ReadAction","target":["https:\/\/riberasalud.com\/povisa\/clinica-colon\/que-es-la-obesidad-morbida\/"]}]},{"@type":"ImageObject","inLanguage":"es","@id":"https:\/\/riberasalud.com\/povisa\/clinica-colon\/que-es-la-obesidad-morbida\/#primaryimage","url":"https:\/\/riberasalud.com\/povisa\/wp-content\/uploads\/2023\/07\/20211028101940_IMG_0328_baja.jpg","contentUrl":"https:\/\/riberasalud.com\/povisa\/wp-content\/uploads\/2023\/07\/20211028101940_IMG_0328_baja.jpg"},{"@type":"BreadcrumbList","@id":"https:\/\/riberasalud.com\/povisa\/clinica-colon\/que-es-la-obesidad-morbida\/#breadcrumb","itemListElement":[{"@type":"ListItem","position":1,"name":"Cl\u00ednica Ribera Col\u00f3n","item":"https:\/\/riberasalud.com\/povisa\/clinica-colon\/"},{"@type":"ListItem","position":2,"name":"\u00bfQu\u00e9 es la obesidad m\u00f3rbida?"}]},{"@type":"WebSite","@id":"https:\/\/riberasalud.com\/povisa\/#website","url":"https:\/\/riberasalud.com\/povisa\/","name":"Hospital Ribera Povisa","description":"","publisher":{"@id":"https:\/\/riberasalud.com\/povisa\/#organization"},"potentialAction":[{"@type":"SearchAction","target":{"@type":"EntryPoint","urlTemplate":"https:\/\/riberasalud.com\/povisa\/?s={search_term_string}"},"query-input":{"@type":"PropertyValueSpecification","valueRequired":true,"valueName":"search_term_string"}}],"inLanguage":"es"},{"@type":"Organization","@id":"https:\/\/riberasalud.com\/povisa\/#organization","name":"Hospital Ribera Povisa","url":"https:\/\/riberasalud.com\/povisa\/","logo":{"@type":"ImageObject","inLanguage":"es","@id":"https:\/\/riberasalud.com\/povisa\/#\/schema\/logo\/image\/","url":"https:\/\/riberasalud.com\/povisa\/wp-content\/uploads\/2024\/01\/cropped-Logo-Red-Povisa.png","contentUrl":"https:\/\/riberasalud.com\/povisa\/wp-content\/uploads\/2024\/01\/cropped-Logo-Red-Povisa.png","width":1929,"height":489,"caption":"Hospital Ribera Povisa"},"image":{"@id":"https:\/\/riberasalud.com\/povisa\/#\/schema\/logo\/image\/"}}]}},"_links":{"self":[{"href":"https:\/\/riberasalud.com\/povisa\/wp-json\/wp\/v2\/pages\/9697","targetHints":{"allow":["GET"]}}],"collection":[{"href":"https:\/\/riberasalud.com\/povisa\/wp-json\/wp\/v2\/pages"}],"about":[{"href":"https:\/\/riberasalud.com\/povisa\/wp-json\/wp\/v2\/types\/page"}],"author":[{"embeddable":true,"href":"https:\/\/riberasalud.com\/povisa\/wp-json\/wp\/v2\/users\/1"}],"replies":[{"embeddable":true,"href":"https:\/\/riberasalud.com\/povisa\/wp-json\/wp\/v2\/comments?post=9697"}],"version-history":[{"count":16,"href":"https:\/\/riberasalud.com\/povisa\/wp-json\/wp\/v2\/pages\/9697\/revisions"}],"predecessor-version":[{"id":16943,"href":"https:\/\/riberasalud.com\/povisa\/wp-json\/wp\/v2\/pages\/9697\/revisions\/16943"}],"up":[{"embeddable":true,"href":"https:\/\/riberasalud.com\/povisa\/wp-json\/wp\/v2\/pages\/9811"}],"wp:attachment":[{"href":"https:\/\/riberasalud.com\/povisa\/wp-json\/wp\/v2\/media?parent=9697"}],"curies":[{"name":"wp","href":"https:\/\/api.w.org\/{rel}","templated":true}]}}