{"id":9655,"date":"2023-07-19T10:09:34","date_gmt":"2023-07-19T10:09:34","guid":{"rendered":"https:\/\/riberasalud.com\/povisaaux\/?page_id=9655"},"modified":"2023-12-20T08:17:21","modified_gmt":"2023-12-20T08:17:21","slug":"alopecia-androgenica-femenina-2","status":"publish","type":"page","link":"https:\/\/riberasalud.com\/povisa\/alopecia-androgenica-femenina-2\/","title":{"rendered":"Alopecia androg\u00e9nica femenina"},"content":{"rendered":"\n<div class=\"wp-block-group hasbackgroundnaranja sliderlinea\"><div class=\"wp-block-group__inner-container is-layout-flow wp-block-group-is-layout-flow\">\n<p>HOSPITAL RIBERA POVISA<\/p>\n\n\n\n<h1 class=\"wp-block-heading\">Alopecia androg\u00e9nica femenina<\/h1>\n<\/div><\/div>\n\n\n\n<div class=\"wp-block-group\"><div class=\"wp-block-group__inner-container is-layout-flow wp-block-group-is-layout-flow\">\n<p>La alopecia androg\u00e9nica es el tipo de alopecia m\u00e1s com\u00fan en mujeres, teniendo en ellas un efecto psicol\u00f3gico en general mayor que en varones. Aunque es m\u00e1s prevalente en mujeres postmenop\u00e1usicas, cada vez es m\u00e1s frecuente ver este tipo de alopecia en mujeres j\u00f3venes.<\/p>\n<\/div><\/div>\n\n\n\n<div class=\"wp-block-group hasbackgroundmio\"><div class=\"wp-block-group__inner-container is-layout-flow wp-block-group-is-layout-flow\">\n<h2 class=\"wp-block-heading\"><strong>Causas<\/strong><\/h2>\n\n\n\n<p>En general, el primer s\u00edntoma que se nota cuando padecemos esta alopecia es la disminuci\u00f3n de densidad en determinadas zonas del cuero cabelludo, lo que vulgarmente conocemos como \u201cclarear\u201d. En el caso de la mujer la zona m\u00e1s afectada suele ser la parte superior de la cabeza (zona frontal central y parietal), notando como la raya del peinado es cada vez m\u00e1s<br>ancha. Poco a poco esta disminuci\u00f3n de densidad puede ir extendi\u00e9ndose a toda la zona superior del cuero cabelludo.<\/p>\n<\/div><\/div>\n\n\n\n<div class=\"wp-block-group\"><div class=\"wp-block-group__inner-container is-layout-flow wp-block-group-is-layout-flow\">\n<div class=\"wp-block-columns is-layout-flex wp-container-core-columns-is-layout-9d6595d7 wp-block-columns-is-layout-flex\">\n<div class=\"wp-block-column is-layout-flow wp-block-column-is-layout-flow\">\n<figure class=\"wp-block-image size-full is-resized\"><img loading=\"lazy\" decoding=\"async\" src=\"https:\/\/riberasalud.com\/povisa\/wp-content\/uploads\/2023\/07\/iconos-02-10.png\" alt=\"\" class=\"wp-image-9663\" width=\"50\" height=\"50\"\/><\/figure>\n\n\n\n<h2 class=\"wp-block-heading\"><strong>S\u00edntomas<\/strong><\/h2>\n\n\n\n<p>En general, el primer s\u00edntoma que se nota cuando padecemos este tipo de alopecia es la disminuci\u00f3n de densidad en determinadas zonas del cuero cabelludo, lo que vulgarmente conocemos como \u201cclarear\u201d. Generalmente se localiza a nivel de las entradas y\/o la coronilla pero en algunos casos esta disminuci\u00f3n de densidad puede ser m\u00e1s general en toda la zona superior de la cabeza.<\/p>\n<\/div>\n\n\n\n<div class=\"wp-block-column is-layout-flow wp-block-column-is-layout-flow\">\n<figure class=\"wp-block-image size-full is-resized\"><img loading=\"lazy\" decoding=\"async\" src=\"https:\/\/riberasalud.com\/povisa\/wp-content\/uploads\/2023\/07\/iconos_Mesa-de-trabajo-1-11.png\" alt=\"\" class=\"wp-image-9662\" width=\"50\" height=\"50\"\/><\/figure>\n\n\n\n<h2 class=\"wp-block-heading\"><strong>Diagn\u00f3stico<\/strong><\/h2>\n\n\n\n<p>El diagn\u00f3stico de la alopecia androg\u00e9nica es fundamentalmente cl\u00ednico, mediante la exploraci\u00f3n visual de un m\u00e9dico especialista. Hoy en d\u00eda se hace imprescindible el estudio tricosc\u00f3pico, el cual se realiza mediante un<br>dispositivo que adem\u00e1s de aumentar la imagen la vuelve m\u00e1s n\u00edtida, permiti\u00e9ndonos as\u00ed visualizar estructuras profundas que no visualizamos a simple vista. Desde la generalizaci\u00f3n de este tipo de t\u00e9cnica se ha disminuido<br>mucho el uso de biopsias cut\u00e1neas en el estudio de las alopecias. A diferencia de los varones, en las mujeres generalmente es necesario realizar al menos un estudio anal\u00edtico para valorar determinados par\u00e1metros, ya que<br>en ellas este tipo de alopecia puede estar relacionada con distintas enfermedades concomitantes, d\u00e9ficits vitam\u00ednicos, de hierro o trastornos hormonales.<\/p>\n<\/div>\n<\/div>\n<\/div><\/div>\n\n\n\n<div class=\"wp-block-cover is-light\"><span aria-hidden=\"true\" class=\"wp-block-cover__background has-background-dim-0 has-background-dim\"><\/span><img loading=\"lazy\" decoding=\"async\" width=\"800\" height=\"533\" class=\"wp-block-cover__image-background wp-image-9534\" alt=\"\" src=\"https:\/\/riberasalud.com\/povisa\/wp-content\/uploads\/2023\/07\/doctor-with-stethoscope-in-the-hands-and-hospital-background-2-1-1.jpg\" data-object-fit=\"cover\" srcset=\"https:\/\/riberasalud.com\/povisa\/wp-content\/uploads\/2023\/07\/doctor-with-stethoscope-in-the-hands-and-hospital-background-2-1-1.jpg 800w, https:\/\/riberasalud.com\/povisa\/wp-content\/uploads\/2023\/07\/doctor-with-stethoscope-in-the-hands-and-hospital-background-2-1-1-300x200.jpg 300w, https:\/\/riberasalud.com\/povisa\/wp-content\/uploads\/2023\/07\/doctor-with-stethoscope-in-the-hands-and-hospital-background-2-1-1-768x512.jpg 768w\" sizes=\"auto, (max-width: 800px) 100vw, 800px\" \/><div class=\"wp-block-cover__inner-container is-layout-flow wp-block-cover-is-layout-flow\">\n<p class=\"has-text-align-center has-large-font-size\"><\/p>\n<\/div><\/div>\n\n\n\n<div class=\"wp-block-group hasbackgroundmio\"><div class=\"wp-block-group__inner-container is-layout-flow wp-block-group-is-layout-flow\">\n<h2 class=\"wp-block-heading\"><strong><strong>Tratamiento<\/strong><\/strong><\/h2>\n\n\n\n<p>A d\u00eda de hoy no existe ning\u00fan tipo de tratamiento definitivo de este tipo de alopecia, por lo que las diferentes opciones terap\u00e9uticas existentes para contener el proceso, las tendr\u00edamos que mantener a largo plazo si queremos mantener la eficacia.<br>El objetivo fundamental en este tipo de tratamientos es evitar que la p\u00e9rdida de pelo siga avanzando, aunque en un porcentaje importante de los casos conseguimos mejor\u00eda, fundamentalmente mediante el engrosamiento del pelo fino que a\u00fan presenta el paciente.<\/p>\n<\/div><\/div>\n","protected":false},"excerpt":{"rendered":"<p>HOSPITAL RIBERA POVISA Alopecia androg\u00e9nica femenina La alopecia androg\u00e9nica es el tipo de alopecia m\u00e1s com\u00fan en mujeres, teniendo en ellas un efecto psicol\u00f3gico en general mayor que en varones. Aunque es m\u00e1s prevalente en mujeres postmenop\u00e1usicas, cada vez es m\u00e1s frecuente ver este tipo de alopecia en mujeres j\u00f3venes. Causas En general, el primer &#8230; <a title=\"Alopecia androg\u00e9nica femenina\" class=\"read-more\" href=\"https:\/\/riberasalud.com\/povisa\/alopecia-androgenica-femenina-2\/\" aria-label=\"Leer m\u00e1s sobre Alopecia androg\u00e9nica femenina\">Leer m\u00e1s<\/a><\/p>\n","protected":false},"author":1,"featured_media":0,"parent":0,"menu_order":0,"comment_status":"closed","ping_status":"closed","template":"","meta":{"_coblocks_attr":"","_coblocks_dimensions":"","_coblocks_responsive_height":"","_coblocks_accordion_ie_support":"","_monsterinsights_skip_tracking":false,"_monsterinsights_sitenote_active":false,"_monsterinsights_sitenote_note":"","_monsterinsights_sitenote_category":0,"footnotes":""},"class_list":["post-9655","page","type-page","status-publish"],"yoast_head":"<!-- This site is optimized with the Yoast SEO plugin v26.9 - https:\/\/yoast.com\/product\/yoast-seo-wordpress\/ -->\n<title>\u25b7 Alopecia androg\u00e9nica femenina | Hospital Ribera Povisa<\/title>\n<meta name=\"description\" content=\"lll\u1405 HOSPITAL RIBERA POVISA Alopecia androg\u00e9nica femenina La alopecia androg\u00e9nica es el tipo de alopecia m\u00e1s com\u00fan en mujeres, teniendo en ellas un efecto \u2705\" \/>\n<meta name=\"robots\" content=\"index, follow, max-snippet:-1, max-image-preview:large, max-video-preview:-1\" \/>\n<link rel=\"canonical\" href=\"https:\/\/riberasalud.com\/povisa\/alopecia-androgenica-femenina-2\/\" \/>\n<meta property=\"og:locale\" content=\"es_ES\" \/>\n<meta property=\"og:type\" content=\"article\" \/>\n<meta property=\"og:title\" content=\"\u25b7 Alopecia androg\u00e9nica femenina | Hospital Ribera Povisa\" \/>\n<meta property=\"og:description\" content=\"lll\u1405 HOSPITAL RIBERA POVISA Alopecia androg\u00e9nica femenina La alopecia androg\u00e9nica es el tipo de alopecia m\u00e1s com\u00fan en mujeres, teniendo en ellas un efecto \u2705\" \/>\n<meta property=\"og:url\" content=\"https:\/\/riberasalud.com\/povisa\/alopecia-androgenica-femenina-2\/\" \/>\n<meta property=\"og:site_name\" content=\"Hospital Ribera Povisa\" \/>\n<meta property=\"article:modified_time\" content=\"2023-12-20T08:17:21+00:00\" \/>\n<meta property=\"og:image\" content=\"https:\/\/riberasalud.com\/povisa\/wp-content\/uploads\/2023\/07\/iconos-02-10.png\" \/>\n<meta name=\"twitter:card\" content=\"summary_large_image\" \/>\n<meta name=\"twitter:label1\" content=\"Tiempo de lectura\" \/>\n\t<meta name=\"twitter:data1\" content=\"2 minutos\" \/>\n<script type=\"application\/ld+json\" class=\"yoast-schema-graph\">{\"@context\":\"https:\/\/schema.org\",\"@graph\":[{\"@type\":\"WebPage\",\"@id\":\"https:\/\/riberasalud.com\/povisa\/alopecia-androgenica-femenina-2\/\",\"url\":\"https:\/\/riberasalud.com\/povisa\/alopecia-androgenica-femenina-2\/\",\"name\":\"\u25b7 Alopecia androg\u00e9nica femenina | Hospital Ribera Povisa\",\"isPartOf\":{\"@id\":\"https:\/\/riberasalud.com\/povisa\/#website\"},\"primaryImageOfPage\":{\"@id\":\"https:\/\/riberasalud.com\/povisa\/alopecia-androgenica-femenina-2\/#primaryimage\"},\"image\":{\"@id\":\"https:\/\/riberasalud.com\/povisa\/alopecia-androgenica-femenina-2\/#primaryimage\"},\"thumbnailUrl\":\"https:\/\/riberasalud.com\/povisa\/wp-content\/uploads\/2023\/07\/iconos-02-10.png\",\"datePublished\":\"2023-07-19T10:09:34+00:00\",\"dateModified\":\"2023-12-20T08:17:21+00:00\",\"description\":\"lll\u1405 HOSPITAL RIBERA POVISA Alopecia androg\u00e9nica femenina La alopecia androg\u00e9nica es el tipo de alopecia m\u00e1s com\u00fan en mujeres, teniendo en ellas un efecto \u2705\",\"inLanguage\":\"es\",\"potentialAction\":[{\"@type\":\"ReadAction\",\"target\":[\"https:\/\/riberasalud.com\/povisa\/alopecia-androgenica-femenina-2\/\"]}]},{\"@type\":\"ImageObject\",\"inLanguage\":\"es\",\"@id\":\"https:\/\/riberasalud.com\/povisa\/alopecia-androgenica-femenina-2\/#primaryimage\",\"url\":\"https:\/\/riberasalud.com\/povisa\/wp-content\/uploads\/2023\/07\/iconos-02-10.png\",\"contentUrl\":\"https:\/\/riberasalud.com\/povisa\/wp-content\/uploads\/2023\/07\/iconos-02-10.png\"},{\"@type\":\"WebSite\",\"@id\":\"https:\/\/riberasalud.com\/povisa\/#website\",\"url\":\"https:\/\/riberasalud.com\/povisa\/\",\"name\":\"Hospital Ribera Povisa\",\"description\":\"\",\"publisher\":{\"@id\":\"https:\/\/riberasalud.com\/povisa\/#organization\"},\"potentialAction\":[{\"@type\":\"SearchAction\",\"target\":{\"@type\":\"EntryPoint\",\"urlTemplate\":\"https:\/\/riberasalud.com\/povisa\/?s={search_term_string}\"},\"query-input\":{\"@type\":\"PropertyValueSpecification\",\"valueRequired\":true,\"valueName\":\"search_term_string\"}}],\"inLanguage\":\"es\"},{\"@type\":\"Organization\",\"@id\":\"https:\/\/riberasalud.com\/povisa\/#organization\",\"name\":\"Hospital Ribera Povisa\",\"url\":\"https:\/\/riberasalud.com\/povisa\/\",\"logo\":{\"@type\":\"ImageObject\",\"inLanguage\":\"es\",\"@id\":\"https:\/\/riberasalud.com\/povisa\/#\/schema\/logo\/image\/\",\"url\":\"https:\/\/riberasalud.com\/povisa\/wp-content\/uploads\/2024\/01\/cropped-Logo-Red-Povisa.png\",\"contentUrl\":\"https:\/\/riberasalud.com\/povisa\/wp-content\/uploads\/2024\/01\/cropped-Logo-Red-Povisa.png\",\"width\":1929,\"height\":489,\"caption\":\"Hospital Ribera Povisa\"},\"image\":{\"@id\":\"https:\/\/riberasalud.com\/povisa\/#\/schema\/logo\/image\/\"}}]}<\/script>\n<!-- \/ Yoast SEO plugin. -->","yoast_head_json":{"title":"\u25b7 Alopecia androg\u00e9nica femenina | Hospital Ribera Povisa","description":"lll\u1405 HOSPITAL RIBERA POVISA Alopecia androg\u00e9nica femenina La alopecia androg\u00e9nica es el tipo de alopecia m\u00e1s com\u00fan en mujeres, teniendo en ellas un efecto \u2705","robots":{"index":"index","follow":"follow","max-snippet":"max-snippet:-1","max-image-preview":"max-image-preview:large","max-video-preview":"max-video-preview:-1"},"canonical":"https:\/\/riberasalud.com\/povisa\/alopecia-androgenica-femenina-2\/","og_locale":"es_ES","og_type":"article","og_title":"\u25b7 Alopecia androg\u00e9nica femenina | Hospital Ribera Povisa","og_description":"lll\u1405 HOSPITAL RIBERA POVISA Alopecia androg\u00e9nica femenina La alopecia androg\u00e9nica es el tipo de alopecia m\u00e1s com\u00fan en mujeres, teniendo en ellas un efecto \u2705","og_url":"https:\/\/riberasalud.com\/povisa\/alopecia-androgenica-femenina-2\/","og_site_name":"Hospital Ribera Povisa","article_modified_time":"2023-12-20T08:17:21+00:00","og_image":[{"url":"https:\/\/riberasalud.com\/povisa\/wp-content\/uploads\/2023\/07\/iconos-02-10.png","type":"","width":"","height":""}],"twitter_card":"summary_large_image","twitter_misc":{"Tiempo de lectura":"2 minutos"},"schema":{"@context":"https:\/\/schema.org","@graph":[{"@type":"WebPage","@id":"https:\/\/riberasalud.com\/povisa\/alopecia-androgenica-femenina-2\/","url":"https:\/\/riberasalud.com\/povisa\/alopecia-androgenica-femenina-2\/","name":"\u25b7 Alopecia androg\u00e9nica femenina | Hospital Ribera Povisa","isPartOf":{"@id":"https:\/\/riberasalud.com\/povisa\/#website"},"primaryImageOfPage":{"@id":"https:\/\/riberasalud.com\/povisa\/alopecia-androgenica-femenina-2\/#primaryimage"},"image":{"@id":"https:\/\/riberasalud.com\/povisa\/alopecia-androgenica-femenina-2\/#primaryimage"},"thumbnailUrl":"https:\/\/riberasalud.com\/povisa\/wp-content\/uploads\/2023\/07\/iconos-02-10.png","datePublished":"2023-07-19T10:09:34+00:00","dateModified":"2023-12-20T08:17:21+00:00","description":"lll\u1405 HOSPITAL RIBERA POVISA Alopecia androg\u00e9nica femenina La alopecia androg\u00e9nica es el tipo de alopecia m\u00e1s com\u00fan en mujeres, teniendo en ellas un efecto \u2705","inLanguage":"es","potentialAction":[{"@type":"ReadAction","target":["https:\/\/riberasalud.com\/povisa\/alopecia-androgenica-femenina-2\/"]}]},{"@type":"ImageObject","inLanguage":"es","@id":"https:\/\/riberasalud.com\/povisa\/alopecia-androgenica-femenina-2\/#primaryimage","url":"https:\/\/riberasalud.com\/povisa\/wp-content\/uploads\/2023\/07\/iconos-02-10.png","contentUrl":"https:\/\/riberasalud.com\/povisa\/wp-content\/uploads\/2023\/07\/iconos-02-10.png"},{"@type":"WebSite","@id":"https:\/\/riberasalud.com\/povisa\/#website","url":"https:\/\/riberasalud.com\/povisa\/","name":"Hospital Ribera Povisa","description":"","publisher":{"@id":"https:\/\/riberasalud.com\/povisa\/#organization"},"potentialAction":[{"@type":"SearchAction","target":{"@type":"EntryPoint","urlTemplate":"https:\/\/riberasalud.com\/povisa\/?s={search_term_string}"},"query-input":{"@type":"PropertyValueSpecification","valueRequired":true,"valueName":"search_term_string"}}],"inLanguage":"es"},{"@type":"Organization","@id":"https:\/\/riberasalud.com\/povisa\/#organization","name":"Hospital Ribera Povisa","url":"https:\/\/riberasalud.com\/povisa\/","logo":{"@type":"ImageObject","inLanguage":"es","@id":"https:\/\/riberasalud.com\/povisa\/#\/schema\/logo\/image\/","url":"https:\/\/riberasalud.com\/povisa\/wp-content\/uploads\/2024\/01\/cropped-Logo-Red-Povisa.png","contentUrl":"https:\/\/riberasalud.com\/povisa\/wp-content\/uploads\/2024\/01\/cropped-Logo-Red-Povisa.png","width":1929,"height":489,"caption":"Hospital Ribera Povisa"},"image":{"@id":"https:\/\/riberasalud.com\/povisa\/#\/schema\/logo\/image\/"}}]}},"_links":{"self":[{"href":"https:\/\/riberasalud.com\/povisa\/wp-json\/wp\/v2\/pages\/9655","targetHints":{"allow":["GET"]}}],"collection":[{"href":"https:\/\/riberasalud.com\/povisa\/wp-json\/wp\/v2\/pages"}],"about":[{"href":"https:\/\/riberasalud.com\/povisa\/wp-json\/wp\/v2\/types\/page"}],"author":[{"embeddable":true,"href":"https:\/\/riberasalud.com\/povisa\/wp-json\/wp\/v2\/users\/1"}],"replies":[{"embeddable":true,"href":"https:\/\/riberasalud.com\/povisa\/wp-json\/wp\/v2\/comments?post=9655"}],"version-history":[{"count":2,"href":"https:\/\/riberasalud.com\/povisa\/wp-json\/wp\/v2\/pages\/9655\/revisions"}],"predecessor-version":[{"id":9675,"href":"https:\/\/riberasalud.com\/povisa\/wp-json\/wp\/v2\/pages\/9655\/revisions\/9675"}],"wp:attachment":[{"href":"https:\/\/riberasalud.com\/povisa\/wp-json\/wp\/v2\/media?parent=9655"}],"curies":[{"name":"wp","href":"https:\/\/api.w.org\/{rel}","templated":true}]}}