{"id":9624,"date":"2023-07-19T08:05:49","date_gmt":"2023-07-19T08:05:49","guid":{"rendered":"https:\/\/riberasalud.com\/povisaaux\/?page_id=9624"},"modified":"2023-07-19T08:05:50","modified_gmt":"2023-07-19T08:05:50","slug":"fondos-publicos","status":"publish","type":"page","link":"https:\/\/riberasalud.com\/povisa\/fondos-publicos\/","title":{"rendered":"Fondos p\u00fablicos"},"content":{"rendered":"\n<div class=\"wp-block-group hasbackgroundnaranja sliderlinea\"><div class=\"wp-block-group__inner-container is-layout-flow wp-block-group-is-layout-flow\">\n<p>HOSPITAL RIBERA POVISA<\/p>\n\n\n\n<h1 class=\"wp-block-heading\">Fondos p\u00fablicos<\/h1>\n<\/div><\/div>\n\n\n\n<div class=\"wp-block-group\"><div class=\"wp-block-group__inner-container is-layout-flow wp-block-group-is-layout-flow\">\n<p>Algunos de los proyectos realizados por Hospital POVISA cuentan con el respaldo de&nbsp;instituciones y organismos p\u00fablicos. Entre ellos cabe destacar los siguientes:<\/p>\n\n\n\n<p><strong>Sistema de informatizaci\u00f3n para las urgencias hospitalarias:<\/strong> Este proyecto obtuvo una&nbsp;subvenci\u00f3n de 28.941 euros por la Resoluci\u00f3n del 22 de noviembre de 2011 (DOG N\u00fam. 237&nbsp;del 14 de diciembre de 2011) con arreglo a la Resoluci\u00f3n del 7 de abril de 2011, de la&nbsp;Secretar\u00eda Xeral de Modernizaci\u00f3n e Innovaci\u00f3n Tecnol\u00f3xica, por la que se establecen las&nbsp;bases reguladoras para la concesi\u00f3n de las subvenciones a los proyectos de cooperaci\u00f3n&nbsp;empresarial para el fomento de la empresa digital en el \u00e1mbito de la Comunidad Aut\u00f3noma de&nbsp;Galicia para los a\u00f1os 2011 y 2012, cofinanciadas por el Fondo Europeo de Desarrollo Regional&nbsp;(FEDER), en el marco del Programa Operativo Feder Galicia 20072013&nbsp;(DOG N\u00fam. 77 del&nbsp;19 de abril de 2011). El cr\u00e9dito presupuestario destinado a estas ayudas por el departamento&nbsp;citado fue de 2.900.000 euros.<\/p>\n\n\n\n<p>En 2010, entre las iniciativas emprendidas por nuestra empresa que obtuvieron financiaci\u00f3n&nbsp;procedente de fondos p\u00fablicos se encuentra el desarrollo de un Sistema de prescripci\u00f3n&nbsp;electr\u00f3nica asistida de medicaci\u00f3n a pacientes. Este proyecto cont\u00f3 con el apoyo de la&nbsp;Secretar\u00eda Xeral de Modernizaci\u00f3n e Innovaci\u00f3n Tecnol\u00f3xica de la Xunta de Galicia, del Plan&nbsp;Avanza promovido por el Ministerio de Industria, Turismo y Comercio y del Fondo Europeo&nbsp;de Desarrollo Regional (FEDER) de la Comisi\u00f3n Europea.<\/p>\n\n\n\n<p>El proyecto obtuvo una ayuda de 78.623 euros concedida mediante resoluci\u00f3n del 9 de&nbsp;septiembre de 2010 (publicada en el DOG n\u00ba 194, del jueves 7 de octubre de 2010), con&nbsp;arreglo a la Resoluci\u00f3n del 15 de abril de 2010, de la Secretar\u00eda Xeral de Modernizaci\u00f3n e&nbsp;Innovaci\u00f3n Tecnol\u00f3xica, por la que se establecen las bases reguladoras para la concesi\u00f3n, en&nbsp;r\u00e9gimen de concurrencia competitiva, de las subvenciones a los proyectos de cooperaci\u00f3n&nbsp;empresarial para el fomento de la empresa digital, en el \u00e1mbito del Plan Avanza en la&nbsp;Comunidad Aut\u00f3noma de Galicia para el a\u00f1o 2010, cofinanciadas por el Fondo Europeo de&nbsp;Desarrollo Regional (FEDER), (DOG n\u00ba 80, del jueves 29 de abril de 2010). El cr\u00e9dito&nbsp;presupuestario destinado a estas ayudas por el departamento citado ascendi\u00f3 a 5.375.748 euros.<\/p>\n\n\n\n<p><strong>Plataforma de gesti\u00f3n de circulaci\u00f3n de pacientes de consultas externas:<\/strong> Este proyecto obtuvo una subvenci\u00f3n de 42.000 euros con arreglo a la Orden del 31 de diciembre de 2008 de subvenciones a las inversiones de las empresas en materia de las tecnolog\u00edas de la informaci\u00f3n y las comunicaciones, en el \u00e1mbito de la Comunidad Aut\u00f3noma de Galicia para el a\u00f1o 2009 (procedimiento administrativo IN520A).<\/p>\n\n\n\n<p>Para obtener m\u00e1s informaci\u00f3n sobre este proyectos puede consultar sus correspondientes\u00a0memorias explicativas que, bajo licencia tipo Creative Commons, se adjuntan en el presente\u00a0apartado de nuestra web.<\/p>\n\n\n\n<div class=\"wp-block-columns is-layout-flex wp-container-core-columns-is-layout-9d6595d7 wp-block-columns-is-layout-flex\">\n<div class=\"wp-block-column is-layout-flow wp-block-column-is-layout-flow\"><div class=\"wp-block-image\">\n<figure class=\"aligncenter size-full\"><img loading=\"lazy\" decoding=\"async\" width=\"298\" height=\"80\" src=\"https:\/\/riberasalud.com\/povisa\/wp-content\/uploads\/2023\/07\/176_presidenciasxmit2-1.gif\" alt=\"\" class=\"wp-image-9629\"\/><\/figure>\n<\/div>\n\n<div class=\"wp-block-image\">\n<figure class=\"aligncenter size-full\"><img loading=\"lazy\" decoding=\"async\" width=\"285\" height=\"66\" src=\"https:\/\/riberasalud.com\/povisa\/wp-content\/uploads\/2023\/07\/170_ministerio.gif\" alt=\"\" class=\"wp-image-9628\"\/><\/figure>\n<\/div><\/div>\n\n\n\n<div class=\"wp-block-column is-layout-flow wp-block-column-is-layout-flow\"><div class=\"wp-block-image\">\n<figure class=\"aligncenter size-full\"><img loading=\"lazy\" decoding=\"async\" width=\"276\" height=\"80\" src=\"https:\/\/riberasalud.com\/povisa\/wp-content\/uploads\/2023\/07\/177_912graficoseuropamini.gif\" alt=\"\" class=\"wp-image-9627\"\/><\/figure>\n<\/div>\n\n<div class=\"wp-block-image\">\n<figure class=\"aligncenter size-full\"><img loading=\"lazy\" decoding=\"async\" width=\"298\" height=\"59\" src=\"https:\/\/riberasalud.com\/povisa\/wp-content\/uploads\/2023\/07\/169_banneravanza2separado2.gif\" alt=\"\" class=\"wp-image-9626\"\/><\/figure>\n<\/div><\/div>\n<\/div>\n\n\n\n<p>Para obter m\u00e1is informaci\u00f3n sobre este proxecto p\u00f3dese consultar a s\u00faa memoria explicativa que, baixo licencia tipo Creative Commons, ach\u00e9gase no presente apartado da nosa web.<\/p>\n\n\n\n<p><a href=\"http:\/\/dl.dropboxusercontent.com\/u\/90133672\/www\/MemoriaSPE2010.pdf\">PEA2010<\/a><\/p>\n\n\n\n<p><a href=\"http:\/\/dl.dropboxusercontent.com\/u\/90133672\/www\/MemoriaSIU2011.pdf\">FIURX2011<\/a><\/p>\n\n\n\n<p><em>O proxecto AGHAVES \u201cInterrelaci\u00f3n Alimentaci\u00f3n-Sa\u00fade para unha vellez saudable mediante nutrici\u00f3n funcional en base a materias primas da horta galega\u201d, ten como obxectivo principal a obtenci\u00f3n de produtos innovadores e saudables enfocados a cubrir as necesidades da poboaci\u00f3n maior. En particular, desenvolveranse cremas vexetais de alto valor organol\u00e9ptico e nutricional a partir de materias primas aut\u00f3ctonas suplementadas con diferentes ingredientes funcionais, que lle aportar\u00e1n os micronutrientes necesarios para cubrir as carencias deste sector da poboaci\u00f3n. Para desenvolver a estratexia proposta plant\u00e9xase unha actuaci\u00f3n conxunta en todas as fases da cadea produtiva que implicar\u00e1 unha remodelaci\u00f3n do proceso de produci\u00f3n de cremas vexetais hospitalarias, abarcando dende a produci\u00f3n de materia prima ata o desenvolvemento dos produtos que ser\u00e1n validados mediante a realizacci\u00f3n de estudios cl\u00ednicos. Para iso, estableceuse un consorcio liderado por Freshcut, no que participan Ecocelta Galicia e o grupo hospitalario POVISA. Todos eles contan coa colaboraci\u00f3n dos centros de investigaci\u00f3n ANFACO-CECOPESCA, coordinador cient\u00edfico-t\u00e9cnico do proxecto, e INGACAL as\u00ed como coa colaboraci\u00f3n das empresas HORSAL e SIGMABIOTECH. Freshcut \u00e9 unha compa\u00f1\u00eda pertencente ao Grupo Frutas Nieves, que comercializa os seus produtos a trav\u00e9s da marca rexistrada Galifresh e ter\u00e1 como obxectivo no proxecto o dese\u00f1o e a elaboraci\u00f3n de produtos de V gama a partir de verduras e hortalizas frescas da horta galega. Ecocelta Galicia, empresa creada para dar unha soluci\u00f3n sostible a xesti\u00f3n ambiental dos residuos org\u00e1nicos, centrarase na valorizaci\u00f3n dos subprodutos xerados durante o proceso de elaboraci\u00f3n dos produtos funcionais. Por \u00faltimo, o Hospital POVISA ser\u00e1 o encargado de levar a cabo os ensaios cl\u00ednicos para determinar a funcionalidade dos produtos elaborados o longo do proxecto e as\u00ed establecer a interrelaci\u00f3n entre nutrici\u00f3n e sa\u00fade, aportando en todas as fases o co\u00f1ecemento do modelo de vida saudable. O Proxecto AHGAVES realizarase entre os anos 2018 e 2021, est\u00e1 subvencionado pola Axencia Galega de Innovaci\u00f3n a trav\u00e9s do Programa CONECTA PEME, apoiado pola Conseller\u00eda de Econom\u00eda, Emprego e Industria da Xunta de Galicia e cofinanciado pola Uni\u00f3n Europea a trav\u00e9s do Fondo Europeo de Desenvolvemento Rexional \u201c Unha maneira de facer Europa\u201d, dentro do obxectivo tem\u00e1tico 1, promover o desenvolvemento tecnol\u00f3xico, a innovaci\u00f3n e unha investigaci\u00f3n de calidade.<\/em><\/p>\n\n\n\n<p><strong><em>Principales avances do proxecto<\/em><\/strong><\/p>\n\n\n\n<p><strong><em>Anualidade 2019.&nbsp;<\/em><\/strong><em>Os membros do consorcio remataron de definir as especificaci\u00f3ns dos produtos e as necesidades dos procesos que deben desenvolver para lograr una xesti\u00f3n integral da cadea de produci\u00f3n. Ademais, inici\u00e1ronse as probas para obter fertilizantes innovadores a partir de subprodutos vexetais da elaboraci\u00f3n de cremas. Por outra banda, desenvolv\u00e9ronse formulaci\u00f3ns de cremas funcionais que ser\u00e1n sometidas \u00e1s primeiras probas organol\u00e9pticas do estudo de intervenci\u00f3n cl\u00ednica en anci\u00e1ns.<\/em><\/p>\n\n\n\n<p><strong><em>Anualidade 2020.&nbsp;<\/em><\/strong><em>Os membros do consorcio continuaron a desenvolver diferentes formulaci\u00f3ns de cremas vexetais funcionais dirixidas a anci\u00e1ns para seleccionar as id\u00f3neas para o desenvolvemento do estudo de intervenci\u00f3n cl\u00ednica. As propiedades saudables destas cremas tam\u00e9n se estudaron no laboratorio a trav\u00e9s de bioensaios bioqu\u00edmicos, estudos nutricionais e funcion\u00e1is en li\u00f1as celulares. Cos subprodutos obtidos da elaboraci\u00f3n das cremas continu\u00e1ronse a desenvolver fertilizantes e estudouse a obtenci\u00f3n de biog\u00e1s e compostos bioestimulantes, entre outras aplicaic\u00f3ns.<\/em><\/p>\n\n\n\n<p><strong><em>Anualidade 2021.&nbsp;<\/em><\/strong><em>Os membros do consorcio finalizaron o estudio cl\u00ednico que se realizou coas cremas vexetais desenvolvidas no \u00e1mbito do proxecto seleccionadas para este fin. O estudio cl\u00edncio completouse coa realizaci\u00f3n de estudios de bioaccesibilidade e biodixestibilidade in vitro para avaliar a interacci\u00f3n dos minerais presentes nas cremas con medicamentos que son consumidos por este sector da poboaci\u00f3n de xeito fecuente.<\/em><\/p>\n\n\n\n<p><strong><em>Conclusi\u00f3ns finais:<\/em><\/strong><\/p>\n\n\n\n<ul class=\"wp-block-list\">\n<li>Identific\u00e1ronse as necesidades nutricionais das persoas maiores principalmente en relaci\u00f3n coa achega de diferentes tipos de fibra e minerais de interese para este sector da poboaci\u00f3n que ter\u00eda o consumo habitual de vexetais.<\/li>\n\n\n\n<li>Seleccion\u00e1ronse as especies vexetais para realizar as probas de cultivo e estudar os cambios nas s\u00faas caracter\u00edsticas nutricionais e funcionais segundo a variedade cultivada e as condici\u00f3ns de cultivo empregadas.<\/li>\n\n\n\n<li>Formul\u00e1ronse e desenvolv\u00e9ronse diferentes receitas de cremas vexetais que se caracterizaron organol\u00e9ptica nutricional e funcionalmente e que inclu\u00edan diferentes variedades vexetais propias do agro galego e outros ingredientes que complementaban as propiedades nutricionais e funcionais do produto final.<\/li>\n\n\n\n<li>Prop\u00faxose unha estratexia para o manexo de subprodutos vexetais e identific\u00e1ronse as melloras potenciais no proceso de produci\u00f3n de cremas vexetais, estudando o ciclo de vida realizado nun dos prototipos finais.<\/li>\n\n\n\n<li>Desenvolveuse un estudo de intervenci\u00f3n cl\u00ednica en persoas maiores institucionalizadas en residencias para avaliar o efecto do consumo das cremas vexetais desenvolvidas no seu benestar.<\/li>\n\n\n\n<li>Os resultados do estudo cl\u00ednico demostraron que as cremas vexetais desenvolvidas no \u00e1mbito do proxecto AHGAVES melloraron o ritmo intestinal, aliviaron a periodicidade, consistencia e aspecto das feces e favoreceron a diminuci\u00f3n da polifarmacia ao retirarse os laxantes.<\/li>\n<\/ul>\n\n\n\n<div class=\"wp-block-columns is-layout-flex wp-container-core-columns-is-layout-9d6595d7 wp-block-columns-is-layout-flex\">\n<div class=\"wp-block-column is-layout-flow wp-block-column-is-layout-flow\"><div class=\"wp-block-image\">\n<figure class=\"aligncenter size-full\"><img loading=\"lazy\" decoding=\"async\" width=\"1024\" height=\"144\" src=\"https:\/\/riberasalud.com\/povisa\/wp-content\/uploads\/2023\/07\/image007-1024x144-1.png\" alt=\"\" class=\"wp-image-9625\" srcset=\"https:\/\/riberasalud.com\/povisa\/wp-content\/uploads\/2023\/07\/image007-1024x144-1.png 1024w, https:\/\/riberasalud.com\/povisa\/wp-content\/uploads\/2023\/07\/image007-1024x144-1-300x42.png 300w, https:\/\/riberasalud.com\/povisa\/wp-content\/uploads\/2023\/07\/image007-1024x144-1-768x108.png 768w\" sizes=\"auto, (max-width: 1024px) 100vw, 1024px\" \/><\/figure>\n<\/div><\/div>\n<\/div>\n<\/div><\/div>\n","protected":false},"excerpt":{"rendered":"<p>HOSPITAL RIBERA POVISA Fondos p\u00fablicos Algunos de los proyectos realizados por Hospital POVISA cuentan con el respaldo de&nbsp;instituciones y organismos p\u00fablicos. Entre ellos cabe destacar los siguientes: Sistema de informatizaci\u00f3n para las urgencias hospitalarias: Este proyecto obtuvo una&nbsp;subvenci\u00f3n de 28.941 euros por la Resoluci\u00f3n del 22 de noviembre de 2011 (DOG N\u00fam. 237&nbsp;del 14 de &#8230; <a title=\"Fondos p\u00fablicos\" class=\"read-more\" href=\"https:\/\/riberasalud.com\/povisa\/fondos-publicos\/\" aria-label=\"Leer m\u00e1s sobre Fondos p\u00fablicos\">Leer m\u00e1s<\/a><\/p>\n","protected":false},"author":1,"featured_media":0,"parent":0,"menu_order":0,"comment_status":"closed","ping_status":"closed","template":"","meta":{"_coblocks_attr":"","_coblocks_dimensions":"","_coblocks_responsive_height":"","_coblocks_accordion_ie_support":"","_monsterinsights_skip_tracking":false,"_monsterinsights_sitenote_active":false,"_monsterinsights_sitenote_note":"","_monsterinsights_sitenote_category":0,"footnotes":""},"class_list":["post-9624","page","type-page","status-publish"],"yoast_head":"<!-- This site is optimized with the Yoast SEO plugin v26.9 - https:\/\/yoast.com\/product\/yoast-seo-wordpress\/ -->\n<title>\u25b7 Fondos p\u00fablicos | Hospital Ribera Povisa<\/title>\n<meta name=\"description\" content=\"lll\u1405 HOSPITAL RIBERA POVISA Fondos p\u00fablicos Algunos de los proyectos realizados por Hospital POVISA cuentan con el respaldo de&nbsp;instituciones y organismos \u2705\" \/>\n<meta name=\"robots\" content=\"index, follow, max-snippet:-1, max-image-preview:large, max-video-preview:-1\" \/>\n<link rel=\"canonical\" href=\"https:\/\/riberasalud.com\/povisa\/fondos-publicos\/\" \/>\n<meta property=\"og:locale\" content=\"es_ES\" \/>\n<meta property=\"og:type\" content=\"article\" \/>\n<meta property=\"og:title\" content=\"\u25b7 Fondos p\u00fablicos | Hospital Ribera Povisa\" \/>\n<meta property=\"og:description\" content=\"lll\u1405 HOSPITAL RIBERA POVISA Fondos p\u00fablicos Algunos de los proyectos realizados por Hospital POVISA cuentan con el respaldo de&nbsp;instituciones y organismos \u2705\" \/>\n<meta property=\"og:url\" content=\"https:\/\/riberasalud.com\/povisa\/fondos-publicos\/\" \/>\n<meta property=\"og:site_name\" content=\"Hospital Ribera Povisa\" \/>\n<meta property=\"article:modified_time\" content=\"2023-07-19T08:05:50+00:00\" \/>\n<meta property=\"og:image\" content=\"https:\/\/riberasalud.com\/povisa\/wp-content\/uploads\/2023\/07\/176_presidenciasxmit2-1.gif\" \/>\n<meta name=\"twitter:card\" content=\"summary_large_image\" \/>\n<meta name=\"twitter:label1\" content=\"Tiempo de lectura\" \/>\n\t<meta name=\"twitter:data1\" content=\"7 minutos\" \/>\n<script type=\"application\/ld+json\" class=\"yoast-schema-graph\">{\"@context\":\"https:\/\/schema.org\",\"@graph\":[{\"@type\":\"WebPage\",\"@id\":\"https:\/\/riberasalud.com\/povisa\/fondos-publicos\/\",\"url\":\"https:\/\/riberasalud.com\/povisa\/fondos-publicos\/\",\"name\":\"\u25b7 Fondos p\u00fablicos | Hospital Ribera Povisa\",\"isPartOf\":{\"@id\":\"https:\/\/riberasalud.com\/povisa\/#website\"},\"primaryImageOfPage\":{\"@id\":\"https:\/\/riberasalud.com\/povisa\/fondos-publicos\/#primaryimage\"},\"image\":{\"@id\":\"https:\/\/riberasalud.com\/povisa\/fondos-publicos\/#primaryimage\"},\"thumbnailUrl\":\"https:\/\/riberasalud.com\/povisa\/wp-content\/uploads\/2023\/07\/176_presidenciasxmit2-1.gif\",\"datePublished\":\"2023-07-19T08:05:49+00:00\",\"dateModified\":\"2023-07-19T08:05:50+00:00\",\"description\":\"lll\u1405 HOSPITAL RIBERA POVISA Fondos p\u00fablicos Algunos de los proyectos realizados por Hospital POVISA cuentan con el respaldo de&nbsp;instituciones y organismos \u2705\",\"inLanguage\":\"es\",\"potentialAction\":[{\"@type\":\"ReadAction\",\"target\":[\"https:\/\/riberasalud.com\/povisa\/fondos-publicos\/\"]}]},{\"@type\":\"ImageObject\",\"inLanguage\":\"es\",\"@id\":\"https:\/\/riberasalud.com\/povisa\/fondos-publicos\/#primaryimage\",\"url\":\"https:\/\/riberasalud.com\/povisa\/wp-content\/uploads\/2023\/07\/176_presidenciasxmit2-1.gif\",\"contentUrl\":\"https:\/\/riberasalud.com\/povisa\/wp-content\/uploads\/2023\/07\/176_presidenciasxmit2-1.gif\"},{\"@type\":\"WebSite\",\"@id\":\"https:\/\/riberasalud.com\/povisa\/#website\",\"url\":\"https:\/\/riberasalud.com\/povisa\/\",\"name\":\"Hospital Ribera Povisa\",\"description\":\"\",\"publisher\":{\"@id\":\"https:\/\/riberasalud.com\/povisa\/#organization\"},\"potentialAction\":[{\"@type\":\"SearchAction\",\"target\":{\"@type\":\"EntryPoint\",\"urlTemplate\":\"https:\/\/riberasalud.com\/povisa\/?s={search_term_string}\"},\"query-input\":{\"@type\":\"PropertyValueSpecification\",\"valueRequired\":true,\"valueName\":\"search_term_string\"}}],\"inLanguage\":\"es\"},{\"@type\":\"Organization\",\"@id\":\"https:\/\/riberasalud.com\/povisa\/#organization\",\"name\":\"Hospital Ribera Povisa\",\"url\":\"https:\/\/riberasalud.com\/povisa\/\",\"logo\":{\"@type\":\"ImageObject\",\"inLanguage\":\"es\",\"@id\":\"https:\/\/riberasalud.com\/povisa\/#\/schema\/logo\/image\/\",\"url\":\"https:\/\/riberasalud.com\/povisa\/wp-content\/uploads\/2024\/01\/cropped-Logo-Red-Povisa.png\",\"contentUrl\":\"https:\/\/riberasalud.com\/povisa\/wp-content\/uploads\/2024\/01\/cropped-Logo-Red-Povisa.png\",\"width\":1929,\"height\":489,\"caption\":\"Hospital Ribera Povisa\"},\"image\":{\"@id\":\"https:\/\/riberasalud.com\/povisa\/#\/schema\/logo\/image\/\"}}]}<\/script>\n<!-- \/ Yoast SEO plugin. -->","yoast_head_json":{"title":"\u25b7 Fondos p\u00fablicos | Hospital Ribera Povisa","description":"lll\u1405 HOSPITAL RIBERA POVISA Fondos p\u00fablicos Algunos de los proyectos realizados por Hospital POVISA cuentan con el respaldo de&nbsp;instituciones y organismos \u2705","robots":{"index":"index","follow":"follow","max-snippet":"max-snippet:-1","max-image-preview":"max-image-preview:large","max-video-preview":"max-video-preview:-1"},"canonical":"https:\/\/riberasalud.com\/povisa\/fondos-publicos\/","og_locale":"es_ES","og_type":"article","og_title":"\u25b7 Fondos p\u00fablicos | Hospital Ribera Povisa","og_description":"lll\u1405 HOSPITAL RIBERA POVISA Fondos p\u00fablicos Algunos de los proyectos realizados por Hospital POVISA cuentan con el respaldo de&nbsp;instituciones y organismos \u2705","og_url":"https:\/\/riberasalud.com\/povisa\/fondos-publicos\/","og_site_name":"Hospital Ribera Povisa","article_modified_time":"2023-07-19T08:05:50+00:00","og_image":[{"url":"https:\/\/riberasalud.com\/povisa\/wp-content\/uploads\/2023\/07\/176_presidenciasxmit2-1.gif","type":"","width":"","height":""}],"twitter_card":"summary_large_image","twitter_misc":{"Tiempo de lectura":"7 minutos"},"schema":{"@context":"https:\/\/schema.org","@graph":[{"@type":"WebPage","@id":"https:\/\/riberasalud.com\/povisa\/fondos-publicos\/","url":"https:\/\/riberasalud.com\/povisa\/fondos-publicos\/","name":"\u25b7 Fondos p\u00fablicos | Hospital Ribera Povisa","isPartOf":{"@id":"https:\/\/riberasalud.com\/povisa\/#website"},"primaryImageOfPage":{"@id":"https:\/\/riberasalud.com\/povisa\/fondos-publicos\/#primaryimage"},"image":{"@id":"https:\/\/riberasalud.com\/povisa\/fondos-publicos\/#primaryimage"},"thumbnailUrl":"https:\/\/riberasalud.com\/povisa\/wp-content\/uploads\/2023\/07\/176_presidenciasxmit2-1.gif","datePublished":"2023-07-19T08:05:49+00:00","dateModified":"2023-07-19T08:05:50+00:00","description":"lll\u1405 HOSPITAL RIBERA POVISA Fondos p\u00fablicos Algunos de los proyectos realizados por Hospital POVISA cuentan con el respaldo de&nbsp;instituciones y organismos \u2705","inLanguage":"es","potentialAction":[{"@type":"ReadAction","target":["https:\/\/riberasalud.com\/povisa\/fondos-publicos\/"]}]},{"@type":"ImageObject","inLanguage":"es","@id":"https:\/\/riberasalud.com\/povisa\/fondos-publicos\/#primaryimage","url":"https:\/\/riberasalud.com\/povisa\/wp-content\/uploads\/2023\/07\/176_presidenciasxmit2-1.gif","contentUrl":"https:\/\/riberasalud.com\/povisa\/wp-content\/uploads\/2023\/07\/176_presidenciasxmit2-1.gif"},{"@type":"WebSite","@id":"https:\/\/riberasalud.com\/povisa\/#website","url":"https:\/\/riberasalud.com\/povisa\/","name":"Hospital Ribera Povisa","description":"","publisher":{"@id":"https:\/\/riberasalud.com\/povisa\/#organization"},"potentialAction":[{"@type":"SearchAction","target":{"@type":"EntryPoint","urlTemplate":"https:\/\/riberasalud.com\/povisa\/?s={search_term_string}"},"query-input":{"@type":"PropertyValueSpecification","valueRequired":true,"valueName":"search_term_string"}}],"inLanguage":"es"},{"@type":"Organization","@id":"https:\/\/riberasalud.com\/povisa\/#organization","name":"Hospital Ribera Povisa","url":"https:\/\/riberasalud.com\/povisa\/","logo":{"@type":"ImageObject","inLanguage":"es","@id":"https:\/\/riberasalud.com\/povisa\/#\/schema\/logo\/image\/","url":"https:\/\/riberasalud.com\/povisa\/wp-content\/uploads\/2024\/01\/cropped-Logo-Red-Povisa.png","contentUrl":"https:\/\/riberasalud.com\/povisa\/wp-content\/uploads\/2024\/01\/cropped-Logo-Red-Povisa.png","width":1929,"height":489,"caption":"Hospital Ribera Povisa"},"image":{"@id":"https:\/\/riberasalud.com\/povisa\/#\/schema\/logo\/image\/"}}]}},"_links":{"self":[{"href":"https:\/\/riberasalud.com\/povisa\/wp-json\/wp\/v2\/pages\/9624","targetHints":{"allow":["GET"]}}],"collection":[{"href":"https:\/\/riberasalud.com\/povisa\/wp-json\/wp\/v2\/pages"}],"about":[{"href":"https:\/\/riberasalud.com\/povisa\/wp-json\/wp\/v2\/types\/page"}],"author":[{"embeddable":true,"href":"https:\/\/riberasalud.com\/povisa\/wp-json\/wp\/v2\/users\/1"}],"replies":[{"embeddable":true,"href":"https:\/\/riberasalud.com\/povisa\/wp-json\/wp\/v2\/comments?post=9624"}],"version-history":[{"count":1,"href":"https:\/\/riberasalud.com\/povisa\/wp-json\/wp\/v2\/pages\/9624\/revisions"}],"predecessor-version":[{"id":9630,"href":"https:\/\/riberasalud.com\/povisa\/wp-json\/wp\/v2\/pages\/9624\/revisions\/9630"}],"wp:attachment":[{"href":"https:\/\/riberasalud.com\/povisa\/wp-json\/wp\/v2\/media?parent=9624"}],"curies":[{"name":"wp","href":"https:\/\/api.w.org\/{rel}","templated":true}]}}