{"id":9585,"date":"2023-07-19T07:27:31","date_gmt":"2023-07-19T07:27:31","guid":{"rendered":"https:\/\/riberasalud.com\/povisaaux\/?page_id=9585"},"modified":"2025-10-21T08:27:05","modified_gmt":"2025-10-21T08:27:05","slug":"comite-direccion","status":"publish","type":"page","link":"https:\/\/riberasalud.com\/povisa\/comite-direccion\/","title":{"rendered":"Comit\u00e9 Direcci\u00f3n"},"content":{"rendered":"\n<div class=\"wp-block-group hasbackgroundnaranja sliderlinea\"><div class=\"wp-block-group__inner-container is-layout-flow wp-block-group-is-layout-flow\">\n<p>HOSPITAL RIBERA POVISA<\/p>\n\n\n\n<h1 class=\"wp-block-heading\">Comit\u00e9 Direcci\u00f3n<\/h1>\n<\/div><\/div>\n\n\n\n<div class=\"wp-block-group\"><div class=\"wp-block-group__inner-container is-layout-flow wp-block-group-is-layout-flow\">\n<div class=\"wp-block-group\"><div class=\"wp-block-group__inner-container is-layout-flow wp-block-group-is-layout-flow\">\n<div style=\"height:30px\" aria-hidden=\"true\" class=\"wp-block-spacer\"><\/div>\n\n\n\n<div class=\"wp-block-columns equipoasistencial is-layout-flex wp-container-core-columns-is-layout-9d6595d7 wp-block-columns-is-layout-flex\">\n<div class=\"wp-block-column is-layout-flow wp-block-column-is-layout-flow\">\n<figure class=\"wp-block-image size-full is-resized\"><img loading=\"lazy\" decoding=\"async\" width=\"150\" height=\"150\" src=\"https:\/\/riberasalud.com\/povisa\/wp-content\/uploads\/2023\/11\/Angela-Guerra-31.jpg\" alt=\"\" class=\"wp-image-10043\" style=\"object-fit:cover;width:150px;height:150px\"\/><\/figure>\n\n\n\n<p class=\"nombre\"><strong><strong>\u00c1ngela Guerra<\/strong><\/strong><\/p>\n\n\n\n<p class=\"profesion\"><strong>Directora<\/strong> <strong>Gerente<\/strong><\/p>\n\n\n<div class=\"wp-block-image serviciosplus angelaguerra\">\n<figure class=\"aligncenter size-full is-resized\"><img decoding=\"async\" src=\"https:\/\/riberasalud.com\/ribera-dent\/wp-content\/uploads\/2022\/07\/mas1.png\" alt=\"\" class=\"wp-image-3929\" style=\"width:20px;height:auto\"\/><\/figure>\n<\/div><\/div>\n\n\n\n<div class=\"wp-block-column is-layout-flow wp-block-column-is-layout-flow\">\n<figure class=\"wp-block-image size-full\"><img loading=\"lazy\" decoding=\"async\" width=\"150\" height=\"150\" src=\"https:\/\/riberasalud.com\/povisa\/wp-content\/uploads\/2023\/07\/cristina-povisa-1-150x150-1.jpg\" alt=\"\" class=\"wp-image-9592\"\/><\/figure>\n\n\n\n<p class=\"nombre\"><strong><strong>Cristina<\/strong> <strong>Serra<\/strong><\/strong><\/p>\n\n\n\n<p class=\"profesion\"><strong>Directora de Enfermer\u00eda<\/strong><\/p>\n\n\n<div class=\"wp-block-image serviciosplus cristinaserra\">\n<figure class=\"aligncenter size-full is-resized\"><img decoding=\"async\" src=\"https:\/\/riberasalud.com\/ribera-dent\/wp-content\/uploads\/2022\/07\/mas1.png\" alt=\"\" class=\"wp-image-3929\" style=\"width:20px;height:auto\"\/><\/figure>\n<\/div><\/div>\n\n\n\n<div class=\"wp-block-column is-layout-flow wp-block-column-is-layout-flow\">\n<figure class=\"wp-block-image size-full is-resized\"><img loading=\"lazy\" decoding=\"async\" width=\"600\" height=\"600\" src=\"https:\/\/www.riberasalud.com\/povisa\/wp-content\/uploads\/2024\/07\/Emma-Iglesias_1-copia-2.jpg\" alt=\"Emma Iglesias\" class=\"wp-image-11356\" style=\"width:152px;height:auto\" srcset=\"https:\/\/riberasalud.com\/povisa\/wp-content\/uploads\/2024\/07\/Emma-Iglesias_1-copia-2.jpg 600w, https:\/\/riberasalud.com\/povisa\/wp-content\/uploads\/2024\/07\/Emma-Iglesias_1-copia-2-300x300.jpg 300w, https:\/\/riberasalud.com\/povisa\/wp-content\/uploads\/2024\/07\/Emma-Iglesias_1-copia-2-150x150.jpg 150w\" sizes=\"auto, (max-width: 600px) 100vw, 600px\" \/><\/figure>\n\n\n\n<p class=\"nombre\"><strong>Emma Iglesias<\/strong><\/p>\n\n\n\n<p class=\"profesion\"><strong>Directora M\u00e9dica<\/strong><\/p>\n\n\n<div class=\"wp-block-image serviciosplus emmaiglesias\">\n<figure class=\"aligncenter size-full is-resized\"><img decoding=\"async\" src=\"https:\/\/riberasalud.com\/ribera-dent\/wp-content\/uploads\/2022\/07\/mas1.png\" alt=\"\" class=\"wp-image-3929\" style=\"width:20px;height:auto\"\/><\/figure>\n<\/div><\/div>\n<\/div>\n\n\n\n<div style=\"height:10px\" aria-hidden=\"true\" class=\"wp-block-spacer\"><\/div>\n\n\n\n<div style=\"height:20px\" aria-hidden=\"true\" class=\"wp-block-spacer\"><\/div>\n\n\n\n<div class=\"wp-block-columns equipoasistencial is-layout-flex wp-container-core-columns-is-layout-9d6595d7 wp-block-columns-is-layout-flex\">\n<div class=\"wp-block-column is-layout-flow wp-block-column-is-layout-flow\">\n<figure class=\"wp-block-image size-full is-resized\"><img loading=\"lazy\" decoding=\"async\" width=\"600\" height=\"600\" src=\"https:\/\/www.riberasalud.com\/povisa\/wp-content\/uploads\/2024\/07\/Francisco-Susavila.jpg\" alt=\"Francisco Susavila\" class=\"wp-image-11344\" style=\"width:151px;height:auto\" srcset=\"https:\/\/riberasalud.com\/povisa\/wp-content\/uploads\/2024\/07\/Francisco-Susavila.jpg 600w, https:\/\/riberasalud.com\/povisa\/wp-content\/uploads\/2024\/07\/Francisco-Susavila-300x300.jpg 300w, https:\/\/riberasalud.com\/povisa\/wp-content\/uploads\/2024\/07\/Francisco-Susavila-150x150.jpg 150w\" sizes=\"auto, (max-width: 600px) 100vw, 600px\" \/><\/figure>\n\n\n\n<p class=\"nombre\"><strong><strong>Francisco<\/strong> <strong>Susavila<\/strong><\/strong><\/p>\n\n\n\n<p class=\"profesion\"><strong>Director de Recursos Humanos<\/strong><\/p>\n\n\n<div class=\"wp-block-image serviciosplus franciscosusavila\">\n<figure class=\"aligncenter size-full is-resized\"><img decoding=\"async\" src=\"https:\/\/riberasalud.com\/ribera-dent\/wp-content\/uploads\/2022\/07\/mas1.png\" alt=\"\" class=\"wp-image-3929\" style=\"width:20px;height:auto\"\/><\/figure>\n<\/div><\/div>\n\n\n\n<div class=\"wp-block-column is-layout-flow wp-block-column-is-layout-flow\">\n<figure class=\"wp-block-image size-full is-resized\"><img loading=\"lazy\" decoding=\"async\" width=\"600\" height=\"600\" src=\"https:\/\/www.riberasalud.com\/povisa\/wp-content\/uploads\/2024\/07\/Alfonso-Pimentel.jpg\" alt=\"Alfonso Pimentel\" class=\"wp-image-11345\" style=\"width:151px;height:auto\" srcset=\"https:\/\/riberasalud.com\/povisa\/wp-content\/uploads\/2024\/07\/Alfonso-Pimentel.jpg 600w, https:\/\/riberasalud.com\/povisa\/wp-content\/uploads\/2024\/07\/Alfonso-Pimentel-300x300.jpg 300w, https:\/\/riberasalud.com\/povisa\/wp-content\/uploads\/2024\/07\/Alfonso-Pimentel-150x150.jpg 150w\" sizes=\"auto, (max-width: 600px) 100vw, 600px\" \/><\/figure>\n\n\n\n<p class=\"nombre\"><strong><strong>Alfonso Pimentel<\/strong><\/strong><\/p>\n\n\n\n<p class=\"profesion\"><strong>Director de Servicios Generales<\/strong><\/p>\n\n\n<div class=\"wp-block-image serviciosplus alfonsopimentel\">\n<figure class=\"aligncenter size-full is-resized\"><img decoding=\"async\" src=\"https:\/\/riberasalud.com\/ribera-dent\/wp-content\/uploads\/2022\/07\/mas1.png\" alt=\"\" class=\"wp-image-3929\" style=\"width:20px;height:auto\"\/><\/figure>\n<\/div><\/div>\n\n\n\n<div class=\"wp-block-column is-layout-flow wp-block-column-is-layout-flow\">\n<figure class=\"wp-block-image size-full\"><img loading=\"lazy\" decoding=\"async\" width=\"150\" height=\"150\" src=\"https:\/\/riberasalud.com\/povisa\/wp-content\/uploads\/2023\/07\/Pedrosa-Alvaro-150x150-1.jpg\" alt=\"\" class=\"wp-image-9590\"\/><\/figure>\n\n\n\n<p class=\"nombre\"><strong><strong>\u00c1lvaro Pedrosa<\/strong><\/strong><\/p>\n\n\n\n<p class=\"profesion\"><strong>Adjunto a la Gerencia<\/strong><\/p>\n\n\n<div class=\"wp-block-image serviciosplus alvaropedrosa\">\n<figure class=\"aligncenter size-full is-resized\"><img decoding=\"async\" src=\"https:\/\/riberasalud.com\/ribera-dent\/wp-content\/uploads\/2022\/07\/mas1.png\" alt=\"\" class=\"wp-image-3929\" style=\"width:20px;height:auto\"\/><\/figure>\n<\/div>\n\n\n<p class=\"profesion\"><br><\/p>\n<\/div>\n<\/div>\n\n\n\n<div style=\"height:10px\" aria-hidden=\"true\" class=\"wp-block-spacer\"><\/div>\n\n\n\n<div style=\"height:20px\" aria-hidden=\"true\" class=\"wp-block-spacer\"><\/div>\n\n\n\n<div class=\"wp-block-columns equipoasistencial is-layout-flex wp-container-core-columns-is-layout-9d6595d7 wp-block-columns-is-layout-flex\">\n<div class=\"wp-block-column is-layout-flow wp-block-column-is-layout-flow\">\n<figure class=\"wp-block-image size-full\"><img loading=\"lazy\" decoding=\"async\" width=\"600\" height=\"600\" src=\"https:\/\/riberasalud.com\/povisa\/wp-content\/uploads\/2023\/11\/Daniel-Garcia.jpg\" alt=\"Daniel Garc\u00eda\" class=\"wp-image-10032\" srcset=\"https:\/\/riberasalud.com\/povisa\/wp-content\/uploads\/2023\/11\/Daniel-Garcia.jpg 600w, https:\/\/riberasalud.com\/povisa\/wp-content\/uploads\/2023\/11\/Daniel-Garcia-300x300.jpg 300w, https:\/\/riberasalud.com\/povisa\/wp-content\/uploads\/2023\/11\/Daniel-Garcia-150x150.jpg 150w\" sizes=\"auto, (max-width: 600px) 100vw, 600px\" \/><\/figure>\n\n\n\n<p class=\"nombre\"><strong><strong>Daniel Garc\u00eda<\/strong><\/strong><\/p>\n\n\n\n<p class=\"profesion\"><strong>Director Financiero<\/strong><\/p>\n\n\n<div class=\"wp-block-image serviciosplus danielgarcia\">\n<figure class=\"aligncenter size-full is-resized\"><img decoding=\"async\" src=\"https:\/\/riberasalud.com\/ribera-dent\/wp-content\/uploads\/2022\/07\/mas1.png\" alt=\"\" class=\"wp-image-3929\" style=\"width:20px;height:auto\"\/><\/figure>\n<\/div><\/div>\n\n\n\n<div class=\"wp-block-column is-layout-flow wp-block-column-is-layout-flow\">\n<figure class=\"wp-block-image size-full\"><img loading=\"lazy\" decoding=\"async\" width=\"600\" height=\"600\" src=\"https:\/\/www.riberasalud.com\/povisa\/wp-content\/uploads\/2025\/10\/Vanesa-Alvarez.jpg\" alt=\"Vanesa \u00c1lvarez Responsable de Admisi\u00f3n\" class=\"wp-image-15173\" srcset=\"https:\/\/riberasalud.com\/povisa\/wp-content\/uploads\/2025\/10\/Vanesa-Alvarez.jpg 600w, https:\/\/riberasalud.com\/povisa\/wp-content\/uploads\/2025\/10\/Vanesa-Alvarez-300x300.jpg 300w, https:\/\/riberasalud.com\/povisa\/wp-content\/uploads\/2025\/10\/Vanesa-Alvarez-150x150.jpg 150w\" sizes=\"auto, (max-width: 600px) 100vw, 600px\" \/><\/figure>\n\n\n\n<p class=\"nombre\"><strong><strong>Vanesa \u00c1lvarez<\/strong><\/strong><\/p>\n\n\n\n<p class=\"profesion\"><strong>Responsable de Admisi\u00f3n<\/strong><\/p>\n\n\n<div class=\"wp-block-image serviciosplus\">\n<figure class=\"aligncenter size-full is-resized\"><img decoding=\"async\" src=\"https:\/\/riberasalud.com\/ribera-dent\/wp-content\/uploads\/2022\/07\/mas1.png\" alt=\"\" class=\"wp-image-3929\" style=\"width:20px;height:auto\"\/><\/figure>\n<\/div>\n\n\n<p class=\"profesion\"><\/p>\n<\/div>\n\n\n\n<div class=\"wp-block-column is-layout-flow wp-block-column-is-layout-flow\">\n<figure class=\"wp-block-image size-full\"><img loading=\"lazy\" decoding=\"async\" width=\"600\" height=\"600\" src=\"https:\/\/www.riberasalud.com\/povisa\/wp-content\/uploads\/2024\/04\/big-Paula_01.jpg\" alt=\"Paula\" class=\"wp-image-11196\" srcset=\"https:\/\/riberasalud.com\/povisa\/wp-content\/uploads\/2024\/04\/big-Paula_01.jpg 600w, https:\/\/riberasalud.com\/povisa\/wp-content\/uploads\/2024\/04\/big-Paula_01-300x300.jpg 300w, https:\/\/riberasalud.com\/povisa\/wp-content\/uploads\/2024\/04\/big-Paula_01-150x150.jpg 150w\" sizes=\"auto, (max-width: 600px) 100vw, 600px\" \/><\/figure>\n\n\n\n<p class=\"nombre\"><strong><strong>Paula Garc\u00eda<\/strong><\/strong><\/p>\n\n\n\n<p class=\"profesion\"><strong>Responsable de Paciente particular<\/strong><\/p>\n\n\n<div class=\"wp-block-image serviciosplus paulagarcia\">\n<figure class=\"aligncenter size-full is-resized\"><img decoding=\"async\" src=\"https:\/\/riberasalud.com\/ribera-dent\/wp-content\/uploads\/2022\/07\/mas1.png\" alt=\"\" class=\"wp-image-3929\" style=\"width:20px;height:auto\"\/><\/figure>\n<\/div>\n\n\n<p class=\"profesion\"><\/p>\n<\/div>\n<\/div>\n\n\n\n<div style=\"height:30px\" aria-hidden=\"true\" class=\"wp-block-spacer\"><\/div>\n\n\n\n<div class=\"wp-block-columns equipoasistencial is-layout-flex wp-container-core-columns-is-layout-9d6595d7 wp-block-columns-is-layout-flex\">\n<div class=\"wp-block-column is-layout-flow wp-block-column-is-layout-flow\">\n<figure class=\"wp-block-image size-full\"><img loading=\"lazy\" decoding=\"async\" width=\"600\" height=\"600\" src=\"https:\/\/www.riberasalud.com\/povisa\/wp-content\/uploads\/2025\/10\/FernandoGroba.jpg\" alt=\"Fernando Groba\" class=\"wp-image-15178\" srcset=\"https:\/\/riberasalud.com\/povisa\/wp-content\/uploads\/2025\/10\/FernandoGroba.jpg 600w, https:\/\/riberasalud.com\/povisa\/wp-content\/uploads\/2025\/10\/FernandoGroba-300x300.jpg 300w, https:\/\/riberasalud.com\/povisa\/wp-content\/uploads\/2025\/10\/FernandoGroba-150x150.jpg 150w\" sizes=\"auto, (max-width: 600px) 100vw, 600px\" \/><\/figure>\n\n\n\n<p class=\"nombre\"><strong><strong>Fernando Groba<\/strong><\/strong><\/p>\n\n\n\n<p class=\"profesion\"><strong>Coordinador de proyectos asistenciales<\/strong><\/p>\n\n\n<div class=\"wp-block-image serviciosplus\">\n<figure class=\"aligncenter size-full is-resized\"><img decoding=\"async\" src=\"https:\/\/riberasalud.com\/ribera-dent\/wp-content\/uploads\/2022\/07\/mas1.png\" alt=\"\" class=\"wp-image-3929\" style=\"width:20px;height:auto\"\/><\/figure>\n<\/div><\/div>\n\n\n\n<div class=\"wp-block-column is-layout-flow wp-block-column-is-layout-flow\">\n<p class=\"nombre\"><\/p>\n\n\n\n<p class=\"profesion\"><\/p>\n<\/div>\n\n\n\n<div class=\"wp-block-column is-layout-flow wp-block-column-is-layout-flow\">\n<p class=\"nombre\"><\/p>\n\n\n\n<p class=\"profesion\"><\/p>\n<\/div>\n<\/div>\n<\/div><\/div>\n<\/div><\/div>\n","protected":false},"excerpt":{"rendered":"<p>HOSPITAL RIBERA POVISA Comit\u00e9 Direcci\u00f3n \u00c1ngela Guerra Directora Gerente Cristina Serra Directora de Enfermer\u00eda Emma Iglesias Directora M\u00e9dica Francisco Susavila Director de Recursos Humanos Alfonso Pimentel Director de Servicios Generales \u00c1lvaro Pedrosa Adjunto a la Gerencia Daniel Garc\u00eda Director Financiero Vanesa \u00c1lvarez Responsable de Admisi\u00f3n Paula Garc\u00eda Responsable de Paciente particular Fernando Groba Coordinador de &#8230; <a title=\"Comit\u00e9 Direcci\u00f3n\" class=\"read-more\" href=\"https:\/\/riberasalud.com\/povisa\/comite-direccion\/\" aria-label=\"Leer m\u00e1s sobre Comit\u00e9 Direcci\u00f3n\">Leer m\u00e1s<\/a><\/p>\n","protected":false},"author":1,"featured_media":0,"parent":0,"menu_order":0,"comment_status":"closed","ping_status":"closed","template":"","meta":{"_coblocks_attr":"","_coblocks_dimensions":"","_coblocks_responsive_height":"","_coblocks_accordion_ie_support":"","_monsterinsights_skip_tracking":false,"_monsterinsights_sitenote_active":false,"_monsterinsights_sitenote_note":"","_monsterinsights_sitenote_category":0,"footnotes":""},"class_list":["post-9585","page","type-page","status-publish"],"yoast_head":"<!-- This site is optimized with the Yoast SEO plugin v26.9 - https:\/\/yoast.com\/product\/yoast-seo-wordpress\/ -->\n<title>\u25b7 Comit\u00e9 Direcci\u00f3n | Hospital Ribera Povisa<\/title>\n<meta name=\"description\" content=\"lll\u1405 El Comit\u00e9 de Direcci\u00f3n del Hospital Ribera Povisa supervisa y gestiona la estrategia y la administraci\u00f3n para una atenci\u00f3n de calidad. \u2705\" \/>\n<meta name=\"robots\" content=\"index, follow, max-snippet:-1, max-image-preview:large, max-video-preview:-1\" \/>\n<link rel=\"canonical\" href=\"https:\/\/riberasalud.com\/povisa\/comite-direccion\/\" \/>\n<meta property=\"og:locale\" content=\"es_ES\" \/>\n<meta property=\"og:type\" content=\"article\" \/>\n<meta property=\"og:title\" content=\"\u25b7 Comit\u00e9 Direcci\u00f3n | Hospital Ribera Povisa\" \/>\n<meta property=\"og:description\" content=\"lll\u1405 El Comit\u00e9 de Direcci\u00f3n del Hospital Ribera Povisa supervisa y gestiona la estrategia y la administraci\u00f3n para una atenci\u00f3n de calidad. \u2705\" \/>\n<meta property=\"og:url\" content=\"https:\/\/riberasalud.com\/povisa\/comite-direccion\/\" \/>\n<meta property=\"og:site_name\" content=\"Hospital Ribera Povisa\" \/>\n<meta property=\"article:modified_time\" content=\"2025-10-21T08:27:05+00:00\" \/>\n<meta property=\"og:image\" content=\"https:\/\/riberasalud.com\/povisa\/wp-content\/uploads\/2023\/11\/Angela-Guerra-31.jpg\" \/>\n<meta name=\"twitter:card\" content=\"summary_large_image\" \/>\n<meta name=\"twitter:label1\" content=\"Tiempo de lectura\" \/>\n\t<meta name=\"twitter:data1\" content=\"5 minutos\" \/>\n<script type=\"application\/ld+json\" class=\"yoast-schema-graph\">{\"@context\":\"https:\/\/schema.org\",\"@graph\":[{\"@type\":\"WebPage\",\"@id\":\"https:\/\/riberasalud.com\/povisa\/comite-direccion\/\",\"url\":\"https:\/\/riberasalud.com\/povisa\/comite-direccion\/\",\"name\":\"\u25b7 Comit\u00e9 Direcci\u00f3n | Hospital Ribera Povisa\",\"isPartOf\":{\"@id\":\"https:\/\/riberasalud.com\/povisa\/#website\"},\"primaryImageOfPage\":{\"@id\":\"https:\/\/riberasalud.com\/povisa\/comite-direccion\/#primaryimage\"},\"image\":{\"@id\":\"https:\/\/riberasalud.com\/povisa\/comite-direccion\/#primaryimage\"},\"thumbnailUrl\":\"https:\/\/riberasalud.com\/povisa\/wp-content\/uploads\/2023\/11\/Angela-Guerra-31.jpg\",\"datePublished\":\"2023-07-19T07:27:31+00:00\",\"dateModified\":\"2025-10-21T08:27:05+00:00\",\"description\":\"lll\u1405 El Comit\u00e9 de Direcci\u00f3n del Hospital Ribera Povisa supervisa y gestiona la estrategia y la administraci\u00f3n para una atenci\u00f3n de calidad. \u2705\",\"inLanguage\":\"es\",\"potentialAction\":[{\"@type\":\"ReadAction\",\"target\":[\"https:\/\/riberasalud.com\/povisa\/comite-direccion\/\"]}]},{\"@type\":\"ImageObject\",\"inLanguage\":\"es\",\"@id\":\"https:\/\/riberasalud.com\/povisa\/comite-direccion\/#primaryimage\",\"url\":\"https:\/\/riberasalud.com\/povisa\/wp-content\/uploads\/2023\/11\/Angela-Guerra-31.jpg\",\"contentUrl\":\"https:\/\/riberasalud.com\/povisa\/wp-content\/uploads\/2023\/11\/Angela-Guerra-31.jpg\"},{\"@type\":\"WebSite\",\"@id\":\"https:\/\/riberasalud.com\/povisa\/#website\",\"url\":\"https:\/\/riberasalud.com\/povisa\/\",\"name\":\"Hospital Ribera Povisa\",\"description\":\"\",\"publisher\":{\"@id\":\"https:\/\/riberasalud.com\/povisa\/#organization\"},\"potentialAction\":[{\"@type\":\"SearchAction\",\"target\":{\"@type\":\"EntryPoint\",\"urlTemplate\":\"https:\/\/riberasalud.com\/povisa\/?s={search_term_string}\"},\"query-input\":{\"@type\":\"PropertyValueSpecification\",\"valueRequired\":true,\"valueName\":\"search_term_string\"}}],\"inLanguage\":\"es\"},{\"@type\":\"Organization\",\"@id\":\"https:\/\/riberasalud.com\/povisa\/#organization\",\"name\":\"Hospital Ribera Povisa\",\"url\":\"https:\/\/riberasalud.com\/povisa\/\",\"logo\":{\"@type\":\"ImageObject\",\"inLanguage\":\"es\",\"@id\":\"https:\/\/riberasalud.com\/povisa\/#\/schema\/logo\/image\/\",\"url\":\"https:\/\/riberasalud.com\/povisa\/wp-content\/uploads\/2024\/01\/cropped-Logo-Red-Povisa.png\",\"contentUrl\":\"https:\/\/riberasalud.com\/povisa\/wp-content\/uploads\/2024\/01\/cropped-Logo-Red-Povisa.png\",\"width\":1929,\"height\":489,\"caption\":\"Hospital Ribera Povisa\"},\"image\":{\"@id\":\"https:\/\/riberasalud.com\/povisa\/#\/schema\/logo\/image\/\"}}]}<\/script>\n<!-- \/ Yoast SEO plugin. -->","yoast_head_json":{"title":"\u25b7 Comit\u00e9 Direcci\u00f3n | Hospital Ribera Povisa","description":"lll\u1405 El Comit\u00e9 de Direcci\u00f3n del Hospital Ribera Povisa supervisa y gestiona la estrategia y la administraci\u00f3n para una atenci\u00f3n de calidad. \u2705","robots":{"index":"index","follow":"follow","max-snippet":"max-snippet:-1","max-image-preview":"max-image-preview:large","max-video-preview":"max-video-preview:-1"},"canonical":"https:\/\/riberasalud.com\/povisa\/comite-direccion\/","og_locale":"es_ES","og_type":"article","og_title":"\u25b7 Comit\u00e9 Direcci\u00f3n | Hospital Ribera Povisa","og_description":"lll\u1405 El Comit\u00e9 de Direcci\u00f3n del Hospital Ribera Povisa supervisa y gestiona la estrategia y la administraci\u00f3n para una atenci\u00f3n de calidad. \u2705","og_url":"https:\/\/riberasalud.com\/povisa\/comite-direccion\/","og_site_name":"Hospital Ribera Povisa","article_modified_time":"2025-10-21T08:27:05+00:00","og_image":[{"url":"https:\/\/riberasalud.com\/povisa\/wp-content\/uploads\/2023\/11\/Angela-Guerra-31.jpg","type":"","width":"","height":""}],"twitter_card":"summary_large_image","twitter_misc":{"Tiempo de lectura":"5 minutos"},"schema":{"@context":"https:\/\/schema.org","@graph":[{"@type":"WebPage","@id":"https:\/\/riberasalud.com\/povisa\/comite-direccion\/","url":"https:\/\/riberasalud.com\/povisa\/comite-direccion\/","name":"\u25b7 Comit\u00e9 Direcci\u00f3n | Hospital Ribera Povisa","isPartOf":{"@id":"https:\/\/riberasalud.com\/povisa\/#website"},"primaryImageOfPage":{"@id":"https:\/\/riberasalud.com\/povisa\/comite-direccion\/#primaryimage"},"image":{"@id":"https:\/\/riberasalud.com\/povisa\/comite-direccion\/#primaryimage"},"thumbnailUrl":"https:\/\/riberasalud.com\/povisa\/wp-content\/uploads\/2023\/11\/Angela-Guerra-31.jpg","datePublished":"2023-07-19T07:27:31+00:00","dateModified":"2025-10-21T08:27:05+00:00","description":"lll\u1405 El Comit\u00e9 de Direcci\u00f3n del Hospital Ribera Povisa supervisa y gestiona la estrategia y la administraci\u00f3n para una atenci\u00f3n de calidad. \u2705","inLanguage":"es","potentialAction":[{"@type":"ReadAction","target":["https:\/\/riberasalud.com\/povisa\/comite-direccion\/"]}]},{"@type":"ImageObject","inLanguage":"es","@id":"https:\/\/riberasalud.com\/povisa\/comite-direccion\/#primaryimage","url":"https:\/\/riberasalud.com\/povisa\/wp-content\/uploads\/2023\/11\/Angela-Guerra-31.jpg","contentUrl":"https:\/\/riberasalud.com\/povisa\/wp-content\/uploads\/2023\/11\/Angela-Guerra-31.jpg"},{"@type":"WebSite","@id":"https:\/\/riberasalud.com\/povisa\/#website","url":"https:\/\/riberasalud.com\/povisa\/","name":"Hospital Ribera Povisa","description":"","publisher":{"@id":"https:\/\/riberasalud.com\/povisa\/#organization"},"potentialAction":[{"@type":"SearchAction","target":{"@type":"EntryPoint","urlTemplate":"https:\/\/riberasalud.com\/povisa\/?s={search_term_string}"},"query-input":{"@type":"PropertyValueSpecification","valueRequired":true,"valueName":"search_term_string"}}],"inLanguage":"es"},{"@type":"Organization","@id":"https:\/\/riberasalud.com\/povisa\/#organization","name":"Hospital Ribera Povisa","url":"https:\/\/riberasalud.com\/povisa\/","logo":{"@type":"ImageObject","inLanguage":"es","@id":"https:\/\/riberasalud.com\/povisa\/#\/schema\/logo\/image\/","url":"https:\/\/riberasalud.com\/povisa\/wp-content\/uploads\/2024\/01\/cropped-Logo-Red-Povisa.png","contentUrl":"https:\/\/riberasalud.com\/povisa\/wp-content\/uploads\/2024\/01\/cropped-Logo-Red-Povisa.png","width":1929,"height":489,"caption":"Hospital Ribera Povisa"},"image":{"@id":"https:\/\/riberasalud.com\/povisa\/#\/schema\/logo\/image\/"}}]}},"_links":{"self":[{"href":"https:\/\/riberasalud.com\/povisa\/wp-json\/wp\/v2\/pages\/9585","targetHints":{"allow":["GET"]}}],"collection":[{"href":"https:\/\/riberasalud.com\/povisa\/wp-json\/wp\/v2\/pages"}],"about":[{"href":"https:\/\/riberasalud.com\/povisa\/wp-json\/wp\/v2\/types\/page"}],"author":[{"embeddable":true,"href":"https:\/\/riberasalud.com\/povisa\/wp-json\/wp\/v2\/users\/1"}],"replies":[{"embeddable":true,"href":"https:\/\/riberasalud.com\/povisa\/wp-json\/wp\/v2\/comments?post=9585"}],"version-history":[{"count":38,"href":"https:\/\/riberasalud.com\/povisa\/wp-json\/wp\/v2\/pages\/9585\/revisions"}],"predecessor-version":[{"id":15180,"href":"https:\/\/riberasalud.com\/povisa\/wp-json\/wp\/v2\/pages\/9585\/revisions\/15180"}],"wp:attachment":[{"href":"https:\/\/riberasalud.com\/povisa\/wp-json\/wp\/v2\/media?parent=9585"}],"curies":[{"name":"wp","href":"https:\/\/api.w.org\/{rel}","templated":true}]}}