{"id":9566,"date":"2023-07-19T06:54:57","date_gmt":"2023-07-19T06:54:57","guid":{"rendered":"https:\/\/riberasalud.com\/povisaaux\/?page_id=9566"},"modified":"2023-07-19T06:54:57","modified_gmt":"2023-07-19T06:54:57","slug":"corticoides","status":"publish","type":"page","link":"https:\/\/riberasalud.com\/povisa\/corticoides\/","title":{"rendered":"Corticoides"},"content":{"rendered":"\n<div class=\"wp-block-group hasbackgroundnaranja sliderlinea\"><div class=\"wp-block-group__inner-container is-layout-flow wp-block-group-is-layout-flow\">\n<p>HOSPITAL RIBERA POVISA<\/p>\n\n\n\n<h1 class=\"wp-block-heading\">Corticoides<\/h1>\n<\/div><\/div>\n\n\n\n<div class=\"wp-block-group\"><div class=\"wp-block-group__inner-container is-layout-flow wp-block-group-is-layout-flow\">\n<p>Los corticoides son f\u00e1rmacos con un efecto antiinflamatorio, por lo tanto los usaremos en alopecias que cursen con inflamaci\u00f3n en el fol\u00edculo, para tratar de reducirla lo antes posible.<br>Podemos utilizarlos en distintas v\u00edas e incluso combinar varias de ellas dependiendo de cada paciente.<\/p>\n<\/div><\/div>\n\n\n\n<div class=\"wp-block-group hasbackgroundmio\"><div class=\"wp-block-group__inner-container is-layout-flow wp-block-group-is-layout-flow\">\n<h2 class=\"wp-block-heading\"><strong><strong><strong><strong>Corticoides t\u00f3picos<\/strong><\/strong><\/strong><\/strong><\/h2>\n\n\n\n<p>Tienen efecto antiinflamatorio a nivel local, pueden usarse en forma de soluci\u00f3n o espuma. El paciente lo aplica con distintas pautas (desde 2 veces a la semana hasta diariamente) en su domicilio.<\/p>\n<\/div><\/div>\n\n\n\n<div class=\"wp-block-group\"><div class=\"wp-block-group__inner-container is-layout-flow wp-block-group-is-layout-flow\">\n<h2 class=\"wp-block-heading\"><strong><strong><strong><strong><strong>Corticoides infiltrados<\/strong><\/strong><\/strong><\/strong><\/strong><\/h2>\n\n\n\n<p>Las inyecciones de triamcinolona son de uso frecuente en la consulta. Consiste en m\u00faltiples inyecciones que cubren toda la zona a tratar, pudiendo inyectar una cantidad determinada de producto en un \u00e1rea concreta. Puede ser doloroso pero en general es bien tolerado por el paciente.<br>Es una excelente opci\u00f3n para controlar alopecias con inflamaci\u00f3n localizada en peque\u00f1as \u00e1reas del cuero cabelludo.<\/p>\n<\/div><\/div>\n\n\n\n<div class=\"wp-block-group hasbackgroundmio\"><div class=\"wp-block-group__inner-container is-layout-flow wp-block-group-is-layout-flow\">\n<h2 class=\"wp-block-heading\"><strong><strong><strong><strong><strong>Corticoides orales en minipulsos semanales<\/strong><\/strong><\/strong><\/strong><\/strong><\/h2>\n\n\n\n<p>Son pautas de corticoide oral que el paciente tomar\u00eda s\u00f3lo 2 d\u00edas a la semana, de manera que conseguimos buenos resultados disminuyendo en gran medida los efectos adversos de la toma de corticoides orales. En determinados pacientes tenemos que asociar a estos tratamientos suplementos de Calcio y Vitamina D.<br>Los corticoides orales los usamos en alopecias extensas o muy r\u00e1pidamente progresivas en las cuales necesitamos un control r\u00e1pido de la enfermedad.<\/p>\n<\/div><\/div>\n","protected":false},"excerpt":{"rendered":"<p>HOSPITAL RIBERA POVISA Corticoides Los corticoides son f\u00e1rmacos con un efecto antiinflamatorio, por lo tanto los usaremos en alopecias que cursen con inflamaci\u00f3n en el fol\u00edculo, para tratar de reducirla lo antes posible.Podemos utilizarlos en distintas v\u00edas e incluso combinar varias de ellas dependiendo de cada paciente. Corticoides t\u00f3picos Tienen efecto antiinflamatorio a nivel local, &#8230; <a title=\"Corticoides\" class=\"read-more\" href=\"https:\/\/riberasalud.com\/povisa\/corticoides\/\" aria-label=\"Leer m\u00e1s sobre Corticoides\">Leer m\u00e1s<\/a><\/p>\n","protected":false},"author":1,"featured_media":0,"parent":0,"menu_order":0,"comment_status":"closed","ping_status":"closed","template":"","meta":{"_coblocks_attr":"","_coblocks_dimensions":"","_coblocks_responsive_height":"","_coblocks_accordion_ie_support":"","_monsterinsights_skip_tracking":false,"_monsterinsights_sitenote_active":false,"_monsterinsights_sitenote_note":"","_monsterinsights_sitenote_category":0,"footnotes":""},"class_list":["post-9566","page","type-page","status-publish"],"yoast_head":"<!-- This site is optimized with the Yoast SEO plugin v26.9 - https:\/\/yoast.com\/product\/yoast-seo-wordpress\/ -->\n<title>\u25b7 Corticoides | Hospital Ribera Povisa<\/title>\n<meta name=\"description\" content=\"lll\u1405 HOSPITAL RIBERA POVISA Corticoides Los corticoides son f\u00e1rmacos con un efecto antiinflamatorio, por lo tanto los usaremos en alopecias que cursen con \u2705\" \/>\n<meta name=\"robots\" content=\"index, follow, max-snippet:-1, max-image-preview:large, max-video-preview:-1\" \/>\n<link rel=\"canonical\" href=\"https:\/\/riberasalud.com\/povisa\/corticoides\/\" \/>\n<meta property=\"og:locale\" content=\"es_ES\" \/>\n<meta property=\"og:type\" content=\"article\" \/>\n<meta property=\"og:title\" content=\"\u25b7 Corticoides | Hospital Ribera Povisa\" \/>\n<meta property=\"og:description\" content=\"lll\u1405 HOSPITAL RIBERA POVISA Corticoides Los corticoides son f\u00e1rmacos con un efecto antiinflamatorio, por lo tanto los usaremos en alopecias que cursen con \u2705\" \/>\n<meta property=\"og:url\" content=\"https:\/\/riberasalud.com\/povisa\/corticoides\/\" \/>\n<meta property=\"og:site_name\" content=\"Hospital Ribera Povisa\" \/>\n<meta name=\"twitter:card\" content=\"summary_large_image\" \/>\n<meta name=\"twitter:label1\" content=\"Tiempo de lectura\" \/>\n\t<meta name=\"twitter:data1\" content=\"1 minuto\" \/>\n<script type=\"application\/ld+json\" class=\"yoast-schema-graph\">{\"@context\":\"https:\/\/schema.org\",\"@graph\":[{\"@type\":\"WebPage\",\"@id\":\"https:\/\/riberasalud.com\/povisa\/corticoides\/\",\"url\":\"https:\/\/riberasalud.com\/povisa\/corticoides\/\",\"name\":\"\u25b7 Corticoides | Hospital Ribera Povisa\",\"isPartOf\":{\"@id\":\"https:\/\/riberasalud.com\/povisa\/#website\"},\"datePublished\":\"2023-07-19T06:54:57+00:00\",\"description\":\"lll\u1405 HOSPITAL RIBERA POVISA Corticoides Los corticoides son f\u00e1rmacos con un efecto antiinflamatorio, por lo tanto los usaremos en alopecias que cursen con \u2705\",\"inLanguage\":\"es\",\"potentialAction\":[{\"@type\":\"ReadAction\",\"target\":[\"https:\/\/riberasalud.com\/povisa\/corticoides\/\"]}]},{\"@type\":\"WebSite\",\"@id\":\"https:\/\/riberasalud.com\/povisa\/#website\",\"url\":\"https:\/\/riberasalud.com\/povisa\/\",\"name\":\"Hospital Ribera Povisa\",\"description\":\"\",\"publisher\":{\"@id\":\"https:\/\/riberasalud.com\/povisa\/#organization\"},\"potentialAction\":[{\"@type\":\"SearchAction\",\"target\":{\"@type\":\"EntryPoint\",\"urlTemplate\":\"https:\/\/riberasalud.com\/povisa\/?s={search_term_string}\"},\"query-input\":{\"@type\":\"PropertyValueSpecification\",\"valueRequired\":true,\"valueName\":\"search_term_string\"}}],\"inLanguage\":\"es\"},{\"@type\":\"Organization\",\"@id\":\"https:\/\/riberasalud.com\/povisa\/#organization\",\"name\":\"Hospital Ribera Povisa\",\"url\":\"https:\/\/riberasalud.com\/povisa\/\",\"logo\":{\"@type\":\"ImageObject\",\"inLanguage\":\"es\",\"@id\":\"https:\/\/riberasalud.com\/povisa\/#\/schema\/logo\/image\/\",\"url\":\"https:\/\/riberasalud.com\/povisa\/wp-content\/uploads\/2024\/01\/cropped-Logo-Red-Povisa.png\",\"contentUrl\":\"https:\/\/riberasalud.com\/povisa\/wp-content\/uploads\/2024\/01\/cropped-Logo-Red-Povisa.png\",\"width\":1929,\"height\":489,\"caption\":\"Hospital Ribera Povisa\"},\"image\":{\"@id\":\"https:\/\/riberasalud.com\/povisa\/#\/schema\/logo\/image\/\"}}]}<\/script>\n<!-- \/ Yoast SEO plugin. -->","yoast_head_json":{"title":"\u25b7 Corticoides | Hospital Ribera Povisa","description":"lll\u1405 HOSPITAL RIBERA POVISA Corticoides Los corticoides son f\u00e1rmacos con un efecto antiinflamatorio, por lo tanto los usaremos en alopecias que cursen con \u2705","robots":{"index":"index","follow":"follow","max-snippet":"max-snippet:-1","max-image-preview":"max-image-preview:large","max-video-preview":"max-video-preview:-1"},"canonical":"https:\/\/riberasalud.com\/povisa\/corticoides\/","og_locale":"es_ES","og_type":"article","og_title":"\u25b7 Corticoides | Hospital Ribera Povisa","og_description":"lll\u1405 HOSPITAL RIBERA POVISA Corticoides Los corticoides son f\u00e1rmacos con un efecto antiinflamatorio, por lo tanto los usaremos en alopecias que cursen con \u2705","og_url":"https:\/\/riberasalud.com\/povisa\/corticoides\/","og_site_name":"Hospital Ribera Povisa","twitter_card":"summary_large_image","twitter_misc":{"Tiempo de lectura":"1 minuto"},"schema":{"@context":"https:\/\/schema.org","@graph":[{"@type":"WebPage","@id":"https:\/\/riberasalud.com\/povisa\/corticoides\/","url":"https:\/\/riberasalud.com\/povisa\/corticoides\/","name":"\u25b7 Corticoides | Hospital Ribera Povisa","isPartOf":{"@id":"https:\/\/riberasalud.com\/povisa\/#website"},"datePublished":"2023-07-19T06:54:57+00:00","description":"lll\u1405 HOSPITAL RIBERA POVISA Corticoides Los corticoides son f\u00e1rmacos con un efecto antiinflamatorio, por lo tanto los usaremos en alopecias que cursen con \u2705","inLanguage":"es","potentialAction":[{"@type":"ReadAction","target":["https:\/\/riberasalud.com\/povisa\/corticoides\/"]}]},{"@type":"WebSite","@id":"https:\/\/riberasalud.com\/povisa\/#website","url":"https:\/\/riberasalud.com\/povisa\/","name":"Hospital Ribera Povisa","description":"","publisher":{"@id":"https:\/\/riberasalud.com\/povisa\/#organization"},"potentialAction":[{"@type":"SearchAction","target":{"@type":"EntryPoint","urlTemplate":"https:\/\/riberasalud.com\/povisa\/?s={search_term_string}"},"query-input":{"@type":"PropertyValueSpecification","valueRequired":true,"valueName":"search_term_string"}}],"inLanguage":"es"},{"@type":"Organization","@id":"https:\/\/riberasalud.com\/povisa\/#organization","name":"Hospital Ribera Povisa","url":"https:\/\/riberasalud.com\/povisa\/","logo":{"@type":"ImageObject","inLanguage":"es","@id":"https:\/\/riberasalud.com\/povisa\/#\/schema\/logo\/image\/","url":"https:\/\/riberasalud.com\/povisa\/wp-content\/uploads\/2024\/01\/cropped-Logo-Red-Povisa.png","contentUrl":"https:\/\/riberasalud.com\/povisa\/wp-content\/uploads\/2024\/01\/cropped-Logo-Red-Povisa.png","width":1929,"height":489,"caption":"Hospital Ribera Povisa"},"image":{"@id":"https:\/\/riberasalud.com\/povisa\/#\/schema\/logo\/image\/"}}]}},"_links":{"self":[{"href":"https:\/\/riberasalud.com\/povisa\/wp-json\/wp\/v2\/pages\/9566","targetHints":{"allow":["GET"]}}],"collection":[{"href":"https:\/\/riberasalud.com\/povisa\/wp-json\/wp\/v2\/pages"}],"about":[{"href":"https:\/\/riberasalud.com\/povisa\/wp-json\/wp\/v2\/types\/page"}],"author":[{"embeddable":true,"href":"https:\/\/riberasalud.com\/povisa\/wp-json\/wp\/v2\/users\/1"}],"replies":[{"embeddable":true,"href":"https:\/\/riberasalud.com\/povisa\/wp-json\/wp\/v2\/comments?post=9566"}],"version-history":[{"count":1,"href":"https:\/\/riberasalud.com\/povisa\/wp-json\/wp\/v2\/pages\/9566\/revisions"}],"predecessor-version":[{"id":9567,"href":"https:\/\/riberasalud.com\/povisa\/wp-json\/wp\/v2\/pages\/9566\/revisions\/9567"}],"wp:attachment":[{"href":"https:\/\/riberasalud.com\/povisa\/wp-json\/wp\/v2\/media?parent=9566"}],"curies":[{"name":"wp","href":"https:\/\/api.w.org\/{rel}","templated":true}]}}