{"id":9565,"date":"2023-07-19T06:57:25","date_gmt":"2023-07-19T06:57:25","guid":{"rendered":"https:\/\/riberasalud.com\/povisaaux\/?page_id=9565"},"modified":"2023-07-19T06:57:25","modified_gmt":"2023-07-19T06:57:25","slug":"inmunoterapia-en-difenciprona","status":"publish","type":"page","link":"https:\/\/riberasalud.com\/povisa\/inmunoterapia-en-difenciprona\/","title":{"rendered":"Inmunoterapia en difenciprona"},"content":{"rendered":"\n<div class=\"wp-block-group hasbackgroundnaranja sliderlinea\"><div class=\"wp-block-group__inner-container is-layout-flow wp-block-group-is-layout-flow\">\n<p>HOSPITAL RIBERA POVISA<\/p>\n\n\n\n<h1 class=\"wp-block-heading\"><strong><strong>Inmunoterapia en difenciprona<\/strong><\/strong><\/h1>\n<\/div><\/div>\n\n\n\n<div class=\"wp-block-group hasbackgroundmio\"><div class=\"wp-block-group__inner-container is-layout-flow wp-block-group-is-layout-flow\">\n<p>La difenciprona es una sustancia irritante, que si se aplica en forma de soluci\u00f3n a las concentraciones adecuadas a nivel del cuero cabelludo, puede producir una inflamaci\u00f3n localizada y controlada a nivel de la piel, que hace que los linfocitos que est\u00e1n atacando al fol\u00edculo piloso dejen de hacerlo.<br>Previo a comenzar el tratamiento necesitamos sensibilizar al paciente (volverlo al\u00e9rgico a este producto) y posteriormente el tratamiento podr\u00eda aplicarlo el paciente en su casa, con una concentraci\u00f3n que ajustaremos en funci\u00f3n de la respuesta.<br>Este tratamiento se usa fundamentalmente en pacientes con alopecia areata extensa que no han mejorado con otras opciones terap\u00e9uticas.<br>Los efectos secundarios se producen a nivel local en la zona de aplicaci\u00f3n, y son fundamentalmente los secundarios a la irritaci\u00f3n buscada para obtener el efecto deseado.<\/p>\n<\/div><\/div>\n","protected":false},"excerpt":{"rendered":"<p>HOSPITAL RIBERA POVISA Inmunoterapia en difenciprona La difenciprona es una sustancia irritante, que si se aplica en forma de soluci\u00f3n a las concentraciones adecuadas a nivel del cuero cabelludo, puede producir una inflamaci\u00f3n localizada y controlada a nivel de la piel, que hace que los linfocitos que est\u00e1n atacando al fol\u00edculo piloso dejen de hacerlo.Previo &#8230; <a title=\"Inmunoterapia en difenciprona\" class=\"read-more\" href=\"https:\/\/riberasalud.com\/povisa\/inmunoterapia-en-difenciprona\/\" aria-label=\"Leer m\u00e1s sobre Inmunoterapia en difenciprona\">Leer m\u00e1s<\/a><\/p>\n","protected":false},"author":1,"featured_media":0,"parent":0,"menu_order":0,"comment_status":"closed","ping_status":"closed","template":"","meta":{"_coblocks_attr":"","_coblocks_dimensions":"","_coblocks_responsive_height":"","_coblocks_accordion_ie_support":"","_monsterinsights_skip_tracking":false,"_monsterinsights_sitenote_active":false,"_monsterinsights_sitenote_note":"","_monsterinsights_sitenote_category":0,"footnotes":""},"class_list":["post-9565","page","type-page","status-publish"],"yoast_head":"<!-- This site is optimized with the Yoast SEO plugin v26.9 - https:\/\/yoast.com\/product\/yoast-seo-wordpress\/ -->\n<title>\u25b7 Inmunoterapia en difenciprona | Hospital Ribera Povisa<\/title>\n<meta name=\"description\" content=\"lll\u1405 HOSPITAL RIBERA POVISA Inmunoterapia en difenciprona La difenciprona es una sustancia irritante, que si se aplica en forma de soluci\u00f3n a las \u2705\" \/>\n<meta name=\"robots\" content=\"index, follow, max-snippet:-1, max-image-preview:large, max-video-preview:-1\" \/>\n<link rel=\"canonical\" href=\"https:\/\/riberasalud.com\/povisa\/inmunoterapia-en-difenciprona\/\" \/>\n<meta property=\"og:locale\" content=\"es_ES\" \/>\n<meta property=\"og:type\" content=\"article\" \/>\n<meta property=\"og:title\" content=\"\u25b7 Inmunoterapia en difenciprona | Hospital Ribera Povisa\" \/>\n<meta property=\"og:description\" content=\"lll\u1405 HOSPITAL RIBERA POVISA Inmunoterapia en difenciprona La difenciprona es una sustancia irritante, que si se aplica en forma de soluci\u00f3n a las \u2705\" \/>\n<meta property=\"og:url\" content=\"https:\/\/riberasalud.com\/povisa\/inmunoterapia-en-difenciprona\/\" \/>\n<meta property=\"og:site_name\" content=\"Hospital Ribera Povisa\" \/>\n<meta name=\"twitter:card\" content=\"summary_large_image\" \/>\n<meta name=\"twitter:label1\" content=\"Tiempo de lectura\" \/>\n\t<meta name=\"twitter:data1\" content=\"1 minuto\" \/>\n<script type=\"application\/ld+json\" class=\"yoast-schema-graph\">{\"@context\":\"https:\/\/schema.org\",\"@graph\":[{\"@type\":\"WebPage\",\"@id\":\"https:\/\/riberasalud.com\/povisa\/inmunoterapia-en-difenciprona\/\",\"url\":\"https:\/\/riberasalud.com\/povisa\/inmunoterapia-en-difenciprona\/\",\"name\":\"\u25b7 Inmunoterapia en difenciprona | Hospital Ribera Povisa\",\"isPartOf\":{\"@id\":\"https:\/\/riberasalud.com\/povisa\/#website\"},\"datePublished\":\"2023-07-19T06:57:25+00:00\",\"description\":\"lll\u1405 HOSPITAL RIBERA POVISA Inmunoterapia en difenciprona La difenciprona es una sustancia irritante, que si se aplica en forma de soluci\u00f3n a las \u2705\",\"inLanguage\":\"es\",\"potentialAction\":[{\"@type\":\"ReadAction\",\"target\":[\"https:\/\/riberasalud.com\/povisa\/inmunoterapia-en-difenciprona\/\"]}]},{\"@type\":\"WebSite\",\"@id\":\"https:\/\/riberasalud.com\/povisa\/#website\",\"url\":\"https:\/\/riberasalud.com\/povisa\/\",\"name\":\"Hospital Ribera Povisa\",\"description\":\"\",\"publisher\":{\"@id\":\"https:\/\/riberasalud.com\/povisa\/#organization\"},\"potentialAction\":[{\"@type\":\"SearchAction\",\"target\":{\"@type\":\"EntryPoint\",\"urlTemplate\":\"https:\/\/riberasalud.com\/povisa\/?s={search_term_string}\"},\"query-input\":{\"@type\":\"PropertyValueSpecification\",\"valueRequired\":true,\"valueName\":\"search_term_string\"}}],\"inLanguage\":\"es\"},{\"@type\":\"Organization\",\"@id\":\"https:\/\/riberasalud.com\/povisa\/#organization\",\"name\":\"Hospital Ribera Povisa\",\"url\":\"https:\/\/riberasalud.com\/povisa\/\",\"logo\":{\"@type\":\"ImageObject\",\"inLanguage\":\"es\",\"@id\":\"https:\/\/riberasalud.com\/povisa\/#\/schema\/logo\/image\/\",\"url\":\"https:\/\/riberasalud.com\/povisa\/wp-content\/uploads\/2024\/01\/cropped-Logo-Red-Povisa.png\",\"contentUrl\":\"https:\/\/riberasalud.com\/povisa\/wp-content\/uploads\/2024\/01\/cropped-Logo-Red-Povisa.png\",\"width\":1929,\"height\":489,\"caption\":\"Hospital Ribera Povisa\"},\"image\":{\"@id\":\"https:\/\/riberasalud.com\/povisa\/#\/schema\/logo\/image\/\"}}]}<\/script>\n<!-- \/ Yoast SEO plugin. -->","yoast_head_json":{"title":"\u25b7 Inmunoterapia en difenciprona | Hospital Ribera Povisa","description":"lll\u1405 HOSPITAL RIBERA POVISA Inmunoterapia en difenciprona La difenciprona es una sustancia irritante, que si se aplica en forma de soluci\u00f3n a las \u2705","robots":{"index":"index","follow":"follow","max-snippet":"max-snippet:-1","max-image-preview":"max-image-preview:large","max-video-preview":"max-video-preview:-1"},"canonical":"https:\/\/riberasalud.com\/povisa\/inmunoterapia-en-difenciprona\/","og_locale":"es_ES","og_type":"article","og_title":"\u25b7 Inmunoterapia en difenciprona | Hospital Ribera Povisa","og_description":"lll\u1405 HOSPITAL RIBERA POVISA Inmunoterapia en difenciprona La difenciprona es una sustancia irritante, que si se aplica en forma de soluci\u00f3n a las \u2705","og_url":"https:\/\/riberasalud.com\/povisa\/inmunoterapia-en-difenciprona\/","og_site_name":"Hospital Ribera Povisa","twitter_card":"summary_large_image","twitter_misc":{"Tiempo de lectura":"1 minuto"},"schema":{"@context":"https:\/\/schema.org","@graph":[{"@type":"WebPage","@id":"https:\/\/riberasalud.com\/povisa\/inmunoterapia-en-difenciprona\/","url":"https:\/\/riberasalud.com\/povisa\/inmunoterapia-en-difenciprona\/","name":"\u25b7 Inmunoterapia en difenciprona | Hospital Ribera Povisa","isPartOf":{"@id":"https:\/\/riberasalud.com\/povisa\/#website"},"datePublished":"2023-07-19T06:57:25+00:00","description":"lll\u1405 HOSPITAL RIBERA POVISA Inmunoterapia en difenciprona La difenciprona es una sustancia irritante, que si se aplica en forma de soluci\u00f3n a las \u2705","inLanguage":"es","potentialAction":[{"@type":"ReadAction","target":["https:\/\/riberasalud.com\/povisa\/inmunoterapia-en-difenciprona\/"]}]},{"@type":"WebSite","@id":"https:\/\/riberasalud.com\/povisa\/#website","url":"https:\/\/riberasalud.com\/povisa\/","name":"Hospital Ribera Povisa","description":"","publisher":{"@id":"https:\/\/riberasalud.com\/povisa\/#organization"},"potentialAction":[{"@type":"SearchAction","target":{"@type":"EntryPoint","urlTemplate":"https:\/\/riberasalud.com\/povisa\/?s={search_term_string}"},"query-input":{"@type":"PropertyValueSpecification","valueRequired":true,"valueName":"search_term_string"}}],"inLanguage":"es"},{"@type":"Organization","@id":"https:\/\/riberasalud.com\/povisa\/#organization","name":"Hospital Ribera Povisa","url":"https:\/\/riberasalud.com\/povisa\/","logo":{"@type":"ImageObject","inLanguage":"es","@id":"https:\/\/riberasalud.com\/povisa\/#\/schema\/logo\/image\/","url":"https:\/\/riberasalud.com\/povisa\/wp-content\/uploads\/2024\/01\/cropped-Logo-Red-Povisa.png","contentUrl":"https:\/\/riberasalud.com\/povisa\/wp-content\/uploads\/2024\/01\/cropped-Logo-Red-Povisa.png","width":1929,"height":489,"caption":"Hospital Ribera Povisa"},"image":{"@id":"https:\/\/riberasalud.com\/povisa\/#\/schema\/logo\/image\/"}}]}},"_links":{"self":[{"href":"https:\/\/riberasalud.com\/povisa\/wp-json\/wp\/v2\/pages\/9565","targetHints":{"allow":["GET"]}}],"collection":[{"href":"https:\/\/riberasalud.com\/povisa\/wp-json\/wp\/v2\/pages"}],"about":[{"href":"https:\/\/riberasalud.com\/povisa\/wp-json\/wp\/v2\/types\/page"}],"author":[{"embeddable":true,"href":"https:\/\/riberasalud.com\/povisa\/wp-json\/wp\/v2\/users\/1"}],"replies":[{"embeddable":true,"href":"https:\/\/riberasalud.com\/povisa\/wp-json\/wp\/v2\/comments?post=9565"}],"version-history":[{"count":1,"href":"https:\/\/riberasalud.com\/povisa\/wp-json\/wp\/v2\/pages\/9565\/revisions"}],"predecessor-version":[{"id":9571,"href":"https:\/\/riberasalud.com\/povisa\/wp-json\/wp\/v2\/pages\/9565\/revisions\/9571"}],"wp:attachment":[{"href":"https:\/\/riberasalud.com\/povisa\/wp-json\/wp\/v2\/media?parent=9565"}],"curies":[{"name":"wp","href":"https:\/\/api.w.org\/{rel}","templated":true}]}}