{"id":9564,"date":"2023-07-19T06:55:58","date_gmt":"2023-07-19T06:55:58","guid":{"rendered":"https:\/\/riberasalud.com\/povisaaux\/?page_id=9564"},"modified":"2023-07-19T06:55:58","modified_gmt":"2023-07-19T06:55:58","slug":"farmacos-antiandrogenos-en-varones","status":"publish","type":"page","link":"https:\/\/riberasalud.com\/povisa\/farmacos-antiandrogenos-en-varones\/","title":{"rendered":"F\u00e1rmacos antiandr\u00f3genos en varones"},"content":{"rendered":"\n<div class=\"wp-block-group hasbackgroundnaranja sliderlinea\"><div class=\"wp-block-group__inner-container is-layout-flow wp-block-group-is-layout-flow\">\n<p>HOSPITAL RIBERA POVISA<\/p>\n\n\n\n<h1 class=\"wp-block-heading\"><strong><strong>F\u00e1rmacos antiandr\u00f3genos en varones<\/strong><\/strong><\/h1>\n<\/div><\/div>\n\n\n\n<div class=\"wp-block-group\"><div class=\"wp-block-group__inner-container is-layout-flow wp-block-group-is-layout-flow\">\n<p>Los andr\u00f3genos son hormonas que a pesar de encontrarse en ambos sexos, predominan claramente en los varones. Existen receptores de este tipo de hormonas a nivel del fol\u00edculo piloso de determinadas zonas del cuero cabelludo, con lo que en personas predispuestas su acci\u00f3n puede producir que este pelo se vuelva m\u00e1s fino y fr\u00e1gil (\u201cminiaturizaci\u00f3n\u201d).<br>Los f\u00e1rmacos inhibidores de la 5 alfa reductasa, Finasteride y Dutasteride van a actuar a este nivel, frenando el proceso de miniaturizaci\u00f3n e incluso revirti\u00e9ndolo para que el pelo crezca fuerte y m\u00e1s engrosado.<br>Se trata de f\u00e1rmacos seguros, con abundantes estudios cl\u00ednicos a lo largo de los a\u00f1os. Son f\u00e1rmacos bien tolerados en general por el paciente, ya que se puede hacer vida normal mientras se toma el tratamiento (deporte, exposici\u00f3n solar\u2026). Es muy controvertida a nivel cient\u00edfico la posibilidad de efectos adversos en la esfera sexual, en caso de producirse ser\u00edan en un 1% de los pacientes que toman esta medicaci\u00f3n y son reversibles tras suspender el tratamiento.<br>Dutasteride ha demostrado mayor efectividad que Finasteride en alopecias difusas y de predominio a nivel frontal.<br>Estos f\u00e1rmacos fundamentalmente se toman v\u00eda oral pero existe la opci\u00f3n de aplicarlos de forma t\u00f3pica e incluso en mesoterapia (peque\u00f1as inyecciones de producto en cuero cabelludo).<br>Los resultados con este tipo de tratamiento suelen comenzar a ser visibles a partir de los 6 meses del comienzo del mismo.<br>En cuanto al embarazo en la pareja de un paciente que toma estos tratamientos, no habr\u00eda porqu\u00e9 suspenderlos. Pero con Dutasteride se recomienda uso de preservativo durante los meses de embarazo o bien cambio a Finasteride.<br>El Dutasteride a d\u00eda de hoy se usa como f\u00e1rmaco fuera de indicaci\u00f3n, puesto que a pesar de la abundante evidencia cient\u00edfica al respecto por el momento no ha sido aprobado para su uso en alopecia.<\/p>\n<\/div><\/div>\n","protected":false},"excerpt":{"rendered":"<p>HOSPITAL RIBERA POVISA F\u00e1rmacos antiandr\u00f3genos en varones Los andr\u00f3genos son hormonas que a pesar de encontrarse en ambos sexos, predominan claramente en los varones. Existen receptores de este tipo de hormonas a nivel del fol\u00edculo piloso de determinadas zonas del cuero cabelludo, con lo que en personas predispuestas su acci\u00f3n puede producir que este pelo &#8230; <a title=\"F\u00e1rmacos antiandr\u00f3genos en varones\" class=\"read-more\" href=\"https:\/\/riberasalud.com\/povisa\/farmacos-antiandrogenos-en-varones\/\" aria-label=\"Leer m\u00e1s sobre F\u00e1rmacos antiandr\u00f3genos en varones\">Leer m\u00e1s<\/a><\/p>\n","protected":false},"author":1,"featured_media":0,"parent":0,"menu_order":0,"comment_status":"closed","ping_status":"closed","template":"","meta":{"_coblocks_attr":"","_coblocks_dimensions":"","_coblocks_responsive_height":"","_coblocks_accordion_ie_support":"","_monsterinsights_skip_tracking":false,"_monsterinsights_sitenote_active":false,"_monsterinsights_sitenote_note":"","_monsterinsights_sitenote_category":0,"footnotes":""},"class_list":["post-9564","page","type-page","status-publish"],"yoast_head":"<!-- This site is optimized with the Yoast SEO plugin v27.4 - https:\/\/yoast.com\/product\/yoast-seo-wordpress\/ -->\n<title>\u25b7 F\u00e1rmacos antiandr\u00f3genos en varones | Hospital Ribera Povisa<\/title>\n<meta name=\"description\" content=\"lll\u1405 HOSPITAL RIBERA POVISA F\u00e1rmacos antiandr\u00f3genos en varones Los andr\u00f3genos son hormonas que a pesar de encontrarse en ambos sexos, predominan claramente en \u2705\" \/>\n<meta name=\"robots\" content=\"index, follow, max-snippet:-1, max-image-preview:large, max-video-preview:-1\" \/>\n<link rel=\"canonical\" href=\"https:\/\/riberasalud.com\/povisa\/farmacos-antiandrogenos-en-varones\/\" \/>\n<meta property=\"og:locale\" content=\"es_ES\" \/>\n<meta property=\"og:type\" content=\"article\" \/>\n<meta property=\"og:title\" content=\"\u25b7 F\u00e1rmacos antiandr\u00f3genos en varones | Hospital Ribera Povisa\" \/>\n<meta property=\"og:description\" content=\"lll\u1405 HOSPITAL RIBERA POVISA F\u00e1rmacos antiandr\u00f3genos en varones Los andr\u00f3genos son hormonas que a pesar de encontrarse en ambos sexos, predominan claramente en \u2705\" \/>\n<meta property=\"og:url\" content=\"https:\/\/riberasalud.com\/povisa\/farmacos-antiandrogenos-en-varones\/\" \/>\n<meta property=\"og:site_name\" content=\"Hospital Ribera Povisa\" \/>\n<meta name=\"twitter:card\" content=\"summary_large_image\" \/>\n<meta name=\"twitter:label1\" content=\"Tiempo de lectura\" \/>\n\t<meta name=\"twitter:data1\" content=\"2 minutos\" \/>\n<script type=\"application\/ld+json\" class=\"yoast-schema-graph\">{\"@context\":\"https:\\\/\\\/schema.org\",\"@graph\":[{\"@type\":\"WebPage\",\"@id\":\"https:\\\/\\\/riberasalud.com\\\/povisa\\\/farmacos-antiandrogenos-en-varones\\\/\",\"url\":\"https:\\\/\\\/riberasalud.com\\\/povisa\\\/farmacos-antiandrogenos-en-varones\\\/\",\"name\":\"\u25b7 F\u00e1rmacos antiandr\u00f3genos en varones | Hospital Ribera Povisa\",\"isPartOf\":{\"@id\":\"https:\\\/\\\/riberasalud.com\\\/povisa\\\/#website\"},\"datePublished\":\"2023-07-19T06:55:58+00:00\",\"description\":\"lll\u1405 HOSPITAL RIBERA POVISA F\u00e1rmacos antiandr\u00f3genos en varones Los andr\u00f3genos son hormonas que a pesar de encontrarse en ambos sexos, predominan claramente en \u2705\",\"inLanguage\":\"es\",\"potentialAction\":[{\"@type\":\"ReadAction\",\"target\":[\"https:\\\/\\\/riberasalud.com\\\/povisa\\\/farmacos-antiandrogenos-en-varones\\\/\"]}]},{\"@type\":\"WebSite\",\"@id\":\"https:\\\/\\\/riberasalud.com\\\/povisa\\\/#website\",\"url\":\"https:\\\/\\\/riberasalud.com\\\/povisa\\\/\",\"name\":\"Hospital Ribera Povisa\",\"description\":\"\",\"publisher\":{\"@id\":\"https:\\\/\\\/riberasalud.com\\\/povisa\\\/#organization\"},\"potentialAction\":[{\"@type\":\"SearchAction\",\"target\":{\"@type\":\"EntryPoint\",\"urlTemplate\":\"https:\\\/\\\/riberasalud.com\\\/povisa\\\/?s={search_term_string}\"},\"query-input\":{\"@type\":\"PropertyValueSpecification\",\"valueRequired\":true,\"valueName\":\"search_term_string\"}}],\"inLanguage\":\"es\"},{\"@type\":\"Organization\",\"@id\":\"https:\\\/\\\/riberasalud.com\\\/povisa\\\/#organization\",\"name\":\"Hospital Ribera Povisa\",\"url\":\"https:\\\/\\\/riberasalud.com\\\/povisa\\\/\",\"logo\":{\"@type\":\"ImageObject\",\"inLanguage\":\"es\",\"@id\":\"https:\\\/\\\/riberasalud.com\\\/povisa\\\/#\\\/schema\\\/logo\\\/image\\\/\",\"url\":\"https:\\\/\\\/riberasalud.com\\\/povisa\\\/wp-content\\\/uploads\\\/2024\\\/01\\\/cropped-Logo-Red-Povisa.png\",\"contentUrl\":\"https:\\\/\\\/riberasalud.com\\\/povisa\\\/wp-content\\\/uploads\\\/2024\\\/01\\\/cropped-Logo-Red-Povisa.png\",\"width\":1929,\"height\":489,\"caption\":\"Hospital Ribera Povisa\"},\"image\":{\"@id\":\"https:\\\/\\\/riberasalud.com\\\/povisa\\\/#\\\/schema\\\/logo\\\/image\\\/\"}}]}<\/script>\n<!-- \/ Yoast SEO plugin. -->","yoast_head_json":{"title":"\u25b7 F\u00e1rmacos antiandr\u00f3genos en varones | Hospital Ribera Povisa","description":"lll\u1405 HOSPITAL RIBERA POVISA F\u00e1rmacos antiandr\u00f3genos en varones Los andr\u00f3genos son hormonas que a pesar de encontrarse en ambos sexos, predominan claramente en \u2705","robots":{"index":"index","follow":"follow","max-snippet":"max-snippet:-1","max-image-preview":"max-image-preview:large","max-video-preview":"max-video-preview:-1"},"canonical":"https:\/\/riberasalud.com\/povisa\/farmacos-antiandrogenos-en-varones\/","og_locale":"es_ES","og_type":"article","og_title":"\u25b7 F\u00e1rmacos antiandr\u00f3genos en varones | Hospital Ribera Povisa","og_description":"lll\u1405 HOSPITAL RIBERA POVISA F\u00e1rmacos antiandr\u00f3genos en varones Los andr\u00f3genos son hormonas que a pesar de encontrarse en ambos sexos, predominan claramente en \u2705","og_url":"https:\/\/riberasalud.com\/povisa\/farmacos-antiandrogenos-en-varones\/","og_site_name":"Hospital Ribera Povisa","twitter_card":"summary_large_image","twitter_misc":{"Tiempo de lectura":"2 minutos"},"schema":{"@context":"https:\/\/schema.org","@graph":[{"@type":"WebPage","@id":"https:\/\/riberasalud.com\/povisa\/farmacos-antiandrogenos-en-varones\/","url":"https:\/\/riberasalud.com\/povisa\/farmacos-antiandrogenos-en-varones\/","name":"\u25b7 F\u00e1rmacos antiandr\u00f3genos en varones | Hospital Ribera Povisa","isPartOf":{"@id":"https:\/\/riberasalud.com\/povisa\/#website"},"datePublished":"2023-07-19T06:55:58+00:00","description":"lll\u1405 HOSPITAL RIBERA POVISA F\u00e1rmacos antiandr\u00f3genos en varones Los andr\u00f3genos son hormonas que a pesar de encontrarse en ambos sexos, predominan claramente en \u2705","inLanguage":"es","potentialAction":[{"@type":"ReadAction","target":["https:\/\/riberasalud.com\/povisa\/farmacos-antiandrogenos-en-varones\/"]}]},{"@type":"WebSite","@id":"https:\/\/riberasalud.com\/povisa\/#website","url":"https:\/\/riberasalud.com\/povisa\/","name":"Hospital Ribera Povisa","description":"","publisher":{"@id":"https:\/\/riberasalud.com\/povisa\/#organization"},"potentialAction":[{"@type":"SearchAction","target":{"@type":"EntryPoint","urlTemplate":"https:\/\/riberasalud.com\/povisa\/?s={search_term_string}"},"query-input":{"@type":"PropertyValueSpecification","valueRequired":true,"valueName":"search_term_string"}}],"inLanguage":"es"},{"@type":"Organization","@id":"https:\/\/riberasalud.com\/povisa\/#organization","name":"Hospital Ribera Povisa","url":"https:\/\/riberasalud.com\/povisa\/","logo":{"@type":"ImageObject","inLanguage":"es","@id":"https:\/\/riberasalud.com\/povisa\/#\/schema\/logo\/image\/","url":"https:\/\/riberasalud.com\/povisa\/wp-content\/uploads\/2024\/01\/cropped-Logo-Red-Povisa.png","contentUrl":"https:\/\/riberasalud.com\/povisa\/wp-content\/uploads\/2024\/01\/cropped-Logo-Red-Povisa.png","width":1929,"height":489,"caption":"Hospital Ribera Povisa"},"image":{"@id":"https:\/\/riberasalud.com\/povisa\/#\/schema\/logo\/image\/"}}]}},"_links":{"self":[{"href":"https:\/\/riberasalud.com\/povisa\/wp-json\/wp\/v2\/pages\/9564","targetHints":{"allow":["GET"]}}],"collection":[{"href":"https:\/\/riberasalud.com\/povisa\/wp-json\/wp\/v2\/pages"}],"about":[{"href":"https:\/\/riberasalud.com\/povisa\/wp-json\/wp\/v2\/types\/page"}],"author":[{"embeddable":true,"href":"https:\/\/riberasalud.com\/povisa\/wp-json\/wp\/v2\/users\/1"}],"replies":[{"embeddable":true,"href":"https:\/\/riberasalud.com\/povisa\/wp-json\/wp\/v2\/comments?post=9564"}],"version-history":[{"count":1,"href":"https:\/\/riberasalud.com\/povisa\/wp-json\/wp\/v2\/pages\/9564\/revisions"}],"predecessor-version":[{"id":9569,"href":"https:\/\/riberasalud.com\/povisa\/wp-json\/wp\/v2\/pages\/9564\/revisions\/9569"}],"wp:attachment":[{"href":"https:\/\/riberasalud.com\/povisa\/wp-json\/wp\/v2\/media?parent=9564"}],"curies":[{"name":"wp","href":"https:\/\/api.w.org\/{rel}","templated":true}]}}