{"id":9560,"date":"2023-07-19T06:57:27","date_gmt":"2023-07-19T06:57:27","guid":{"rendered":"https:\/\/riberasalud.com\/povisaaux\/?page_id=9560"},"modified":"2023-07-19T06:57:28","modified_gmt":"2023-07-19T06:57:28","slug":"microneedling","status":"publish","type":"page","link":"https:\/\/riberasalud.com\/povisa\/microneedling\/","title":{"rendered":"Microneedling"},"content":{"rendered":"\n<div class=\"wp-block-group hasbackgroundnaranja sliderlinea\"><div class=\"wp-block-group__inner-container is-layout-flow wp-block-group-is-layout-flow\">\n<p>HOSPITAL RIBERA POVISA<\/p>\n\n\n\n<h1 class=\"wp-block-heading\"><strong><strong>Microneedling<\/strong><\/strong><\/h1>\n<\/div><\/div>\n\n\n\n<div class=\"wp-block-group hasbackgroundmio\"><div class=\"wp-block-group__inner-container is-layout-flow wp-block-group-is-layout-flow\">\n<p>El microneedling es una terapia emergente, basada en el hecho de que cuando se hace una herida a nivel de la piel, el cuerpo intenta repararla enviando para ello factores de crecimiento a esa localizaci\u00f3n.<br>Consiste en la realizaci\u00f3n de m\u00faltiples peque\u00f1as incisiones en toda la zona afecta del cuero cabelludo con distintas profundidades, con lo que conseguimos tras esta reparaci\u00f3n una mejor\u00eda en el crecimiento y la densidad del pelo.<br>Tambi\u00e9n podemos aprovechar estas peque\u00f1as heridas para introducir a este nivel (sin necesidad de inyecci\u00f3n) distintos productos, como plasma rico en plaquetas, minoxidil o antiandr\u00f3genos y aumentar as\u00ed los efectos beneficiosos de la t\u00e9cnica.<br>Es un procedimiento que se realiza en consulta y no requiere preparaci\u00f3n espec\u00edfica, pudiendo el paciente volver a su actividad diaria al salir de la consulta. Es ligeramente doloroso pero en general tolerable, aunque en algunos casos puede ser necesario el uso de anest\u00e9sicos t\u00f3picos o mecanismos de vibraci\u00f3n para ayudar a hacerlo menos molesto.<br>Dado que se trata de un procedimiento en el que no hay porqu\u00e9 administrar medicaci\u00f3n, podr\u00edamos realizarlo sin ning\u00fan tipo de efecto sist\u00e9mico, s\u00f3lo local en la zona de aplicaci\u00f3n, pudiendo ser utilizado como alternativa en mujeres durante el embarazo cuando est\u00e1n contraindicados la mayor parte de tratamientos.<\/p>\n<\/div><\/div>\n","protected":false},"excerpt":{"rendered":"<p>HOSPITAL RIBERA POVISA Microneedling El microneedling es una terapia emergente, basada en el hecho de que cuando se hace una herida a nivel de la piel, el cuerpo intenta repararla enviando para ello factores de crecimiento a esa localizaci\u00f3n.Consiste en la realizaci\u00f3n de m\u00faltiples peque\u00f1as incisiones en toda la zona afecta del cuero cabelludo con &#8230; <a title=\"Microneedling\" class=\"read-more\" href=\"https:\/\/riberasalud.com\/povisa\/microneedling\/\" aria-label=\"Leer m\u00e1s sobre Microneedling\">Leer m\u00e1s<\/a><\/p>\n","protected":false},"author":1,"featured_media":0,"parent":0,"menu_order":0,"comment_status":"closed","ping_status":"closed","template":"","meta":{"_coblocks_attr":"","_coblocks_dimensions":"","_coblocks_responsive_height":"","_coblocks_accordion_ie_support":"","_monsterinsights_skip_tracking":false,"_monsterinsights_sitenote_active":false,"_monsterinsights_sitenote_note":"","_monsterinsights_sitenote_category":0,"footnotes":""},"class_list":["post-9560","page","type-page","status-publish"],"yoast_head":"<!-- This site is optimized with the Yoast SEO plugin v26.9 - https:\/\/yoast.com\/product\/yoast-seo-wordpress\/ -->\n<title>\u25b7 Microneedling | Hospital Ribera Povisa<\/title>\n<meta name=\"description\" content=\"lll\u1405 HOSPITAL RIBERA POVISA Microneedling El microneedling es una terapia emergente, basada en el hecho de que cuando se hace una herida a nivel de la piel, el \u2705\" \/>\n<meta name=\"robots\" content=\"index, follow, max-snippet:-1, max-image-preview:large, max-video-preview:-1\" \/>\n<link rel=\"canonical\" href=\"https:\/\/riberasalud.com\/povisa\/microneedling\/\" \/>\n<meta property=\"og:locale\" content=\"es_ES\" \/>\n<meta property=\"og:type\" content=\"article\" \/>\n<meta property=\"og:title\" content=\"\u25b7 Microneedling | Hospital Ribera Povisa\" \/>\n<meta property=\"og:description\" content=\"lll\u1405 HOSPITAL RIBERA POVISA Microneedling El microneedling es una terapia emergente, basada en el hecho de que cuando se hace una herida a nivel de la piel, el \u2705\" \/>\n<meta property=\"og:url\" content=\"https:\/\/riberasalud.com\/povisa\/microneedling\/\" \/>\n<meta property=\"og:site_name\" content=\"Hospital Ribera Povisa\" \/>\n<meta property=\"article:modified_time\" content=\"2023-07-19T06:57:28+00:00\" \/>\n<meta name=\"twitter:card\" content=\"summary_large_image\" \/>\n<meta name=\"twitter:label1\" content=\"Tiempo de lectura\" \/>\n\t<meta name=\"twitter:data1\" content=\"1 minuto\" \/>\n<script type=\"application\/ld+json\" class=\"yoast-schema-graph\">{\"@context\":\"https:\/\/schema.org\",\"@graph\":[{\"@type\":\"WebPage\",\"@id\":\"https:\/\/riberasalud.com\/povisa\/microneedling\/\",\"url\":\"https:\/\/riberasalud.com\/povisa\/microneedling\/\",\"name\":\"\u25b7 Microneedling | Hospital Ribera Povisa\",\"isPartOf\":{\"@id\":\"https:\/\/riberasalud.com\/povisa\/#website\"},\"datePublished\":\"2023-07-19T06:57:27+00:00\",\"dateModified\":\"2023-07-19T06:57:28+00:00\",\"description\":\"lll\u1405 HOSPITAL RIBERA POVISA Microneedling El microneedling es una terapia emergente, basada en el hecho de que cuando se hace una herida a nivel de la piel, el \u2705\",\"inLanguage\":\"es\",\"potentialAction\":[{\"@type\":\"ReadAction\",\"target\":[\"https:\/\/riberasalud.com\/povisa\/microneedling\/\"]}]},{\"@type\":\"WebSite\",\"@id\":\"https:\/\/riberasalud.com\/povisa\/#website\",\"url\":\"https:\/\/riberasalud.com\/povisa\/\",\"name\":\"Hospital Ribera Povisa\",\"description\":\"\",\"publisher\":{\"@id\":\"https:\/\/riberasalud.com\/povisa\/#organization\"},\"potentialAction\":[{\"@type\":\"SearchAction\",\"target\":{\"@type\":\"EntryPoint\",\"urlTemplate\":\"https:\/\/riberasalud.com\/povisa\/?s={search_term_string}\"},\"query-input\":{\"@type\":\"PropertyValueSpecification\",\"valueRequired\":true,\"valueName\":\"search_term_string\"}}],\"inLanguage\":\"es\"},{\"@type\":\"Organization\",\"@id\":\"https:\/\/riberasalud.com\/povisa\/#organization\",\"name\":\"Hospital Ribera Povisa\",\"url\":\"https:\/\/riberasalud.com\/povisa\/\",\"logo\":{\"@type\":\"ImageObject\",\"inLanguage\":\"es\",\"@id\":\"https:\/\/riberasalud.com\/povisa\/#\/schema\/logo\/image\/\",\"url\":\"https:\/\/riberasalud.com\/povisa\/wp-content\/uploads\/2024\/01\/cropped-Logo-Red-Povisa.png\",\"contentUrl\":\"https:\/\/riberasalud.com\/povisa\/wp-content\/uploads\/2024\/01\/cropped-Logo-Red-Povisa.png\",\"width\":1929,\"height\":489,\"caption\":\"Hospital Ribera Povisa\"},\"image\":{\"@id\":\"https:\/\/riberasalud.com\/povisa\/#\/schema\/logo\/image\/\"}}]}<\/script>\n<!-- \/ Yoast SEO plugin. -->","yoast_head_json":{"title":"\u25b7 Microneedling | Hospital Ribera Povisa","description":"lll\u1405 HOSPITAL RIBERA POVISA Microneedling El microneedling es una terapia emergente, basada en el hecho de que cuando se hace una herida a nivel de la piel, el \u2705","robots":{"index":"index","follow":"follow","max-snippet":"max-snippet:-1","max-image-preview":"max-image-preview:large","max-video-preview":"max-video-preview:-1"},"canonical":"https:\/\/riberasalud.com\/povisa\/microneedling\/","og_locale":"es_ES","og_type":"article","og_title":"\u25b7 Microneedling | Hospital Ribera Povisa","og_description":"lll\u1405 HOSPITAL RIBERA POVISA Microneedling El microneedling es una terapia emergente, basada en el hecho de que cuando se hace una herida a nivel de la piel, el \u2705","og_url":"https:\/\/riberasalud.com\/povisa\/microneedling\/","og_site_name":"Hospital Ribera Povisa","article_modified_time":"2023-07-19T06:57:28+00:00","twitter_card":"summary_large_image","twitter_misc":{"Tiempo de lectura":"1 minuto"},"schema":{"@context":"https:\/\/schema.org","@graph":[{"@type":"WebPage","@id":"https:\/\/riberasalud.com\/povisa\/microneedling\/","url":"https:\/\/riberasalud.com\/povisa\/microneedling\/","name":"\u25b7 Microneedling | Hospital Ribera Povisa","isPartOf":{"@id":"https:\/\/riberasalud.com\/povisa\/#website"},"datePublished":"2023-07-19T06:57:27+00:00","dateModified":"2023-07-19T06:57:28+00:00","description":"lll\u1405 HOSPITAL RIBERA POVISA Microneedling El microneedling es una terapia emergente, basada en el hecho de que cuando se hace una herida a nivel de la piel, el \u2705","inLanguage":"es","potentialAction":[{"@type":"ReadAction","target":["https:\/\/riberasalud.com\/povisa\/microneedling\/"]}]},{"@type":"WebSite","@id":"https:\/\/riberasalud.com\/povisa\/#website","url":"https:\/\/riberasalud.com\/povisa\/","name":"Hospital Ribera Povisa","description":"","publisher":{"@id":"https:\/\/riberasalud.com\/povisa\/#organization"},"potentialAction":[{"@type":"SearchAction","target":{"@type":"EntryPoint","urlTemplate":"https:\/\/riberasalud.com\/povisa\/?s={search_term_string}"},"query-input":{"@type":"PropertyValueSpecification","valueRequired":true,"valueName":"search_term_string"}}],"inLanguage":"es"},{"@type":"Organization","@id":"https:\/\/riberasalud.com\/povisa\/#organization","name":"Hospital Ribera Povisa","url":"https:\/\/riberasalud.com\/povisa\/","logo":{"@type":"ImageObject","inLanguage":"es","@id":"https:\/\/riberasalud.com\/povisa\/#\/schema\/logo\/image\/","url":"https:\/\/riberasalud.com\/povisa\/wp-content\/uploads\/2024\/01\/cropped-Logo-Red-Povisa.png","contentUrl":"https:\/\/riberasalud.com\/povisa\/wp-content\/uploads\/2024\/01\/cropped-Logo-Red-Povisa.png","width":1929,"height":489,"caption":"Hospital Ribera Povisa"},"image":{"@id":"https:\/\/riberasalud.com\/povisa\/#\/schema\/logo\/image\/"}}]}},"_links":{"self":[{"href":"https:\/\/riberasalud.com\/povisa\/wp-json\/wp\/v2\/pages\/9560","targetHints":{"allow":["GET"]}}],"collection":[{"href":"https:\/\/riberasalud.com\/povisa\/wp-json\/wp\/v2\/pages"}],"about":[{"href":"https:\/\/riberasalud.com\/povisa\/wp-json\/wp\/v2\/types\/page"}],"author":[{"embeddable":true,"href":"https:\/\/riberasalud.com\/povisa\/wp-json\/wp\/v2\/users\/1"}],"replies":[{"embeddable":true,"href":"https:\/\/riberasalud.com\/povisa\/wp-json\/wp\/v2\/comments?post=9560"}],"version-history":[{"count":1,"href":"https:\/\/riberasalud.com\/povisa\/wp-json\/wp\/v2\/pages\/9560\/revisions"}],"predecessor-version":[{"id":9572,"href":"https:\/\/riberasalud.com\/povisa\/wp-json\/wp\/v2\/pages\/9560\/revisions\/9572"}],"wp:attachment":[{"href":"https:\/\/riberasalud.com\/povisa\/wp-json\/wp\/v2\/media?parent=9560"}],"curies":[{"name":"wp","href":"https:\/\/api.w.org\/{rel}","templated":true}]}}