{"id":9557,"date":"2023-07-19T06:51:18","date_gmt":"2023-07-19T06:51:18","guid":{"rendered":"https:\/\/riberasalud.com\/povisaaux\/?page_id=9557"},"modified":"2023-07-19T10:12:53","modified_gmt":"2023-07-19T10:12:53","slug":"trasplante-fuss","status":"publish","type":"page","link":"https:\/\/riberasalud.com\/povisa\/trasplante-fuss\/","title":{"rendered":"Trasplante FUT o FUSS"},"content":{"rendered":"\n<div class=\"wp-block-group hasbackgroundnaranja sliderlinea\"><div class=\"wp-block-group__inner-container is-layout-flow wp-block-group-is-layout-flow\">\n<p>HOSPITAL RIBERA POVISA<\/p>\n\n\n\n<h1 class=\"wp-block-heading\"><strong><strong>Trasplante FUT o FUSS<\/strong><\/strong><\/h1>\n<\/div><\/div>\n\n\n\n<div class=\"wp-block-group\"><div class=\"wp-block-group__inner-container is-layout-flow wp-block-group-is-layout-flow\">\n<div class=\"wp-block-columns is-layout-flex wp-container-core-columns-is-layout-9d6595d7 wp-block-columns-is-layout-flex\">\n<div class=\"wp-block-column is-layout-flow wp-block-column-is-layout-flow\" style=\"flex-basis:50%\">\n<figure class=\"wp-block-image size-full fotoredonda\"><img loading=\"lazy\" decoding=\"async\" width=\"800\" height=\"533\" src=\"https:\/\/riberasalud.com\/povisa\/wp-content\/uploads\/2023\/07\/iStock-1198734185.jpg\" alt=\"\" class=\"wp-image-9558\" srcset=\"https:\/\/riberasalud.com\/povisa\/wp-content\/uploads\/2023\/07\/iStock-1198734185.jpg 800w, https:\/\/riberasalud.com\/povisa\/wp-content\/uploads\/2023\/07\/iStock-1198734185-300x200.jpg 300w, https:\/\/riberasalud.com\/povisa\/wp-content\/uploads\/2023\/07\/iStock-1198734185-768x512.jpg 768w\" sizes=\"auto, (max-width: 800px) 100vw, 800px\" \/><\/figure>\n<\/div>\n\n\n\n<div class=\"wp-block-column is-vertically-aligned-center is-layout-flow wp-block-column-is-layout-flow\" style=\"flex-basis:50%\">\n<h2 class=\"wp-block-heading\"><strong><strong>(Follicular Unit Strip Surgery o T\u00e9cnica de la tira)<\/strong><\/strong><\/h2>\n\n\n\n<p>En este tipo de&nbsp;<strong>trasplante las unidades foliculares se extraen de manera individual.&nbsp;<\/strong>La recuperaci\u00f3n de la zona donante es m\u00e1s r\u00e1pida, puesto que las extracciones son microsc\u00f3picas y dejar\u00e1n cicatrices m\u00ednimas puntiformes, casi imperceptibles.<\/p>\n<\/div>\n<\/div>\n<\/div><\/div>\n\n\n\n<div class=\"wp-block-group hasbackgroundmio\"><div class=\"wp-block-group__inner-container is-layout-flow wp-block-group-is-layout-flow\">\n<h2 class=\"wp-block-heading\"><strong><strong><strong>Trasplante FUT o FUSS<\/strong><\/strong><\/strong><\/h2>\n\n\n\n<p>Las unidades foliculares de este fragmento de piel se separan entonces una a una para poder implantarlas en forma de microinjertos en la zona receptora.<br>El beneficio de esta t\u00e9cnica radica en que no requiere rapado del pelo de la zona donante y nos permite implantar mayor n\u00famero de fol\u00edculos en una sola cirug\u00eda. Suele recomendarse en trasplantes extensos, tanto en mujeres como en varones que no suelan llevar el pelo rapado.<\/p>\n<\/div><\/div>\n","protected":false},"excerpt":{"rendered":"<p>HOSPITAL RIBERA POVISA Trasplante FUT o FUSS (Follicular Unit Strip Surgery o T\u00e9cnica de la tira) En este tipo de&nbsp;trasplante las unidades foliculares se extraen de manera individual.&nbsp;La recuperaci\u00f3n de la zona donante es m\u00e1s r\u00e1pida, puesto que las extracciones son microsc\u00f3picas y dejar\u00e1n cicatrices m\u00ednimas puntiformes, casi imperceptibles. Trasplante FUT o FUSS Las unidades &#8230; <a title=\"Trasplante FUT o FUSS\" class=\"read-more\" href=\"https:\/\/riberasalud.com\/povisa\/trasplante-fuss\/\" aria-label=\"Leer m\u00e1s sobre Trasplante FUT o FUSS\">Leer m\u00e1s<\/a><\/p>\n","protected":false},"author":1,"featured_media":0,"parent":0,"menu_order":0,"comment_status":"closed","ping_status":"closed","template":"","meta":{"_coblocks_attr":"","_coblocks_dimensions":"","_coblocks_responsive_height":"","_coblocks_accordion_ie_support":"","_monsterinsights_skip_tracking":false,"_monsterinsights_sitenote_active":false,"_monsterinsights_sitenote_note":"","_monsterinsights_sitenote_category":0,"footnotes":""},"class_list":["post-9557","page","type-page","status-publish"],"yoast_head":"<!-- This site is optimized with the Yoast SEO plugin v26.9 - https:\/\/yoast.com\/product\/yoast-seo-wordpress\/ -->\n<title>\u25b7 Trasplante FUT o FUSS | Hospital Ribera Povisa<\/title>\n<meta name=\"description\" content=\"lll\u1405 HOSPITAL RIBERA POVISA Trasplante FUT o FUSS (Follicular Unit Strip Surgery o T\u00e9cnica de la tira) En este tipo de&nbsp;trasplante las unidades foliculares \u2705\" \/>\n<meta name=\"robots\" content=\"index, follow, max-snippet:-1, max-image-preview:large, max-video-preview:-1\" \/>\n<link rel=\"canonical\" href=\"https:\/\/riberasalud.com\/povisa\/trasplante-fuss\/\" \/>\n<meta property=\"og:locale\" content=\"es_ES\" \/>\n<meta property=\"og:type\" content=\"article\" \/>\n<meta property=\"og:title\" content=\"\u25b7 Trasplante FUT o FUSS | Hospital Ribera Povisa\" \/>\n<meta property=\"og:description\" content=\"lll\u1405 HOSPITAL RIBERA POVISA Trasplante FUT o FUSS (Follicular Unit Strip Surgery o T\u00e9cnica de la tira) En este tipo de&nbsp;trasplante las unidades foliculares \u2705\" \/>\n<meta property=\"og:url\" content=\"https:\/\/riberasalud.com\/povisa\/trasplante-fuss\/\" \/>\n<meta property=\"og:site_name\" content=\"Hospital Ribera Povisa\" \/>\n<meta property=\"article:modified_time\" content=\"2023-07-19T10:12:53+00:00\" \/>\n<meta property=\"og:image\" content=\"https:\/\/riberasalud.com\/povisa\/wp-content\/uploads\/2023\/07\/iStock-1198734185.jpg\" \/>\n<meta name=\"twitter:card\" content=\"summary_large_image\" \/>\n<meta name=\"twitter:label1\" content=\"Tiempo de lectura\" \/>\n\t<meta name=\"twitter:data1\" content=\"1 minuto\" \/>\n<script type=\"application\/ld+json\" class=\"yoast-schema-graph\">{\"@context\":\"https:\/\/schema.org\",\"@graph\":[{\"@type\":\"WebPage\",\"@id\":\"https:\/\/riberasalud.com\/povisa\/trasplante-fuss\/\",\"url\":\"https:\/\/riberasalud.com\/povisa\/trasplante-fuss\/\",\"name\":\"\u25b7 Trasplante FUT o FUSS | Hospital Ribera Povisa\",\"isPartOf\":{\"@id\":\"https:\/\/riberasalud.com\/povisa\/#website\"},\"primaryImageOfPage\":{\"@id\":\"https:\/\/riberasalud.com\/povisa\/trasplante-fuss\/#primaryimage\"},\"image\":{\"@id\":\"https:\/\/riberasalud.com\/povisa\/trasplante-fuss\/#primaryimage\"},\"thumbnailUrl\":\"https:\/\/riberasalud.com\/povisa\/wp-content\/uploads\/2023\/07\/iStock-1198734185.jpg\",\"datePublished\":\"2023-07-19T06:51:18+00:00\",\"dateModified\":\"2023-07-19T10:12:53+00:00\",\"description\":\"lll\u1405 HOSPITAL RIBERA POVISA Trasplante FUT o FUSS (Follicular Unit Strip Surgery o T\u00e9cnica de la tira) En este tipo de&nbsp;trasplante las unidades foliculares \u2705\",\"inLanguage\":\"es\",\"potentialAction\":[{\"@type\":\"ReadAction\",\"target\":[\"https:\/\/riberasalud.com\/povisa\/trasplante-fuss\/\"]}]},{\"@type\":\"ImageObject\",\"inLanguage\":\"es\",\"@id\":\"https:\/\/riberasalud.com\/povisa\/trasplante-fuss\/#primaryimage\",\"url\":\"https:\/\/riberasalud.com\/povisa\/wp-content\/uploads\/2023\/07\/iStock-1198734185.jpg\",\"contentUrl\":\"https:\/\/riberasalud.com\/povisa\/wp-content\/uploads\/2023\/07\/iStock-1198734185.jpg\"},{\"@type\":\"WebSite\",\"@id\":\"https:\/\/riberasalud.com\/povisa\/#website\",\"url\":\"https:\/\/riberasalud.com\/povisa\/\",\"name\":\"Hospital Ribera Povisa\",\"description\":\"\",\"publisher\":{\"@id\":\"https:\/\/riberasalud.com\/povisa\/#organization\"},\"potentialAction\":[{\"@type\":\"SearchAction\",\"target\":{\"@type\":\"EntryPoint\",\"urlTemplate\":\"https:\/\/riberasalud.com\/povisa\/?s={search_term_string}\"},\"query-input\":{\"@type\":\"PropertyValueSpecification\",\"valueRequired\":true,\"valueName\":\"search_term_string\"}}],\"inLanguage\":\"es\"},{\"@type\":\"Organization\",\"@id\":\"https:\/\/riberasalud.com\/povisa\/#organization\",\"name\":\"Hospital Ribera Povisa\",\"url\":\"https:\/\/riberasalud.com\/povisa\/\",\"logo\":{\"@type\":\"ImageObject\",\"inLanguage\":\"es\",\"@id\":\"https:\/\/riberasalud.com\/povisa\/#\/schema\/logo\/image\/\",\"url\":\"https:\/\/riberasalud.com\/povisa\/wp-content\/uploads\/2024\/01\/cropped-Logo-Red-Povisa.png\",\"contentUrl\":\"https:\/\/riberasalud.com\/povisa\/wp-content\/uploads\/2024\/01\/cropped-Logo-Red-Povisa.png\",\"width\":1929,\"height\":489,\"caption\":\"Hospital Ribera Povisa\"},\"image\":{\"@id\":\"https:\/\/riberasalud.com\/povisa\/#\/schema\/logo\/image\/\"}}]}<\/script>\n<!-- \/ Yoast SEO plugin. -->","yoast_head_json":{"title":"\u25b7 Trasplante FUT o FUSS | Hospital Ribera Povisa","description":"lll\u1405 HOSPITAL RIBERA POVISA Trasplante FUT o FUSS (Follicular Unit Strip Surgery o T\u00e9cnica de la tira) En este tipo de&nbsp;trasplante las unidades foliculares \u2705","robots":{"index":"index","follow":"follow","max-snippet":"max-snippet:-1","max-image-preview":"max-image-preview:large","max-video-preview":"max-video-preview:-1"},"canonical":"https:\/\/riberasalud.com\/povisa\/trasplante-fuss\/","og_locale":"es_ES","og_type":"article","og_title":"\u25b7 Trasplante FUT o FUSS | Hospital Ribera Povisa","og_description":"lll\u1405 HOSPITAL RIBERA POVISA Trasplante FUT o FUSS (Follicular Unit Strip Surgery o T\u00e9cnica de la tira) En este tipo de&nbsp;trasplante las unidades foliculares \u2705","og_url":"https:\/\/riberasalud.com\/povisa\/trasplante-fuss\/","og_site_name":"Hospital Ribera Povisa","article_modified_time":"2023-07-19T10:12:53+00:00","og_image":[{"url":"https:\/\/riberasalud.com\/povisa\/wp-content\/uploads\/2023\/07\/iStock-1198734185.jpg","type":"","width":"","height":""}],"twitter_card":"summary_large_image","twitter_misc":{"Tiempo de lectura":"1 minuto"},"schema":{"@context":"https:\/\/schema.org","@graph":[{"@type":"WebPage","@id":"https:\/\/riberasalud.com\/povisa\/trasplante-fuss\/","url":"https:\/\/riberasalud.com\/povisa\/trasplante-fuss\/","name":"\u25b7 Trasplante FUT o FUSS | Hospital Ribera Povisa","isPartOf":{"@id":"https:\/\/riberasalud.com\/povisa\/#website"},"primaryImageOfPage":{"@id":"https:\/\/riberasalud.com\/povisa\/trasplante-fuss\/#primaryimage"},"image":{"@id":"https:\/\/riberasalud.com\/povisa\/trasplante-fuss\/#primaryimage"},"thumbnailUrl":"https:\/\/riberasalud.com\/povisa\/wp-content\/uploads\/2023\/07\/iStock-1198734185.jpg","datePublished":"2023-07-19T06:51:18+00:00","dateModified":"2023-07-19T10:12:53+00:00","description":"lll\u1405 HOSPITAL RIBERA POVISA Trasplante FUT o FUSS (Follicular Unit Strip Surgery o T\u00e9cnica de la tira) En este tipo de&nbsp;trasplante las unidades foliculares \u2705","inLanguage":"es","potentialAction":[{"@type":"ReadAction","target":["https:\/\/riberasalud.com\/povisa\/trasplante-fuss\/"]}]},{"@type":"ImageObject","inLanguage":"es","@id":"https:\/\/riberasalud.com\/povisa\/trasplante-fuss\/#primaryimage","url":"https:\/\/riberasalud.com\/povisa\/wp-content\/uploads\/2023\/07\/iStock-1198734185.jpg","contentUrl":"https:\/\/riberasalud.com\/povisa\/wp-content\/uploads\/2023\/07\/iStock-1198734185.jpg"},{"@type":"WebSite","@id":"https:\/\/riberasalud.com\/povisa\/#website","url":"https:\/\/riberasalud.com\/povisa\/","name":"Hospital Ribera Povisa","description":"","publisher":{"@id":"https:\/\/riberasalud.com\/povisa\/#organization"},"potentialAction":[{"@type":"SearchAction","target":{"@type":"EntryPoint","urlTemplate":"https:\/\/riberasalud.com\/povisa\/?s={search_term_string}"},"query-input":{"@type":"PropertyValueSpecification","valueRequired":true,"valueName":"search_term_string"}}],"inLanguage":"es"},{"@type":"Organization","@id":"https:\/\/riberasalud.com\/povisa\/#organization","name":"Hospital Ribera Povisa","url":"https:\/\/riberasalud.com\/povisa\/","logo":{"@type":"ImageObject","inLanguage":"es","@id":"https:\/\/riberasalud.com\/povisa\/#\/schema\/logo\/image\/","url":"https:\/\/riberasalud.com\/povisa\/wp-content\/uploads\/2024\/01\/cropped-Logo-Red-Povisa.png","contentUrl":"https:\/\/riberasalud.com\/povisa\/wp-content\/uploads\/2024\/01\/cropped-Logo-Red-Povisa.png","width":1929,"height":489,"caption":"Hospital Ribera Povisa"},"image":{"@id":"https:\/\/riberasalud.com\/povisa\/#\/schema\/logo\/image\/"}}]}},"_links":{"self":[{"href":"https:\/\/riberasalud.com\/povisa\/wp-json\/wp\/v2\/pages\/9557","targetHints":{"allow":["GET"]}}],"collection":[{"href":"https:\/\/riberasalud.com\/povisa\/wp-json\/wp\/v2\/pages"}],"about":[{"href":"https:\/\/riberasalud.com\/povisa\/wp-json\/wp\/v2\/types\/page"}],"author":[{"embeddable":true,"href":"https:\/\/riberasalud.com\/povisa\/wp-json\/wp\/v2\/users\/1"}],"replies":[{"embeddable":true,"href":"https:\/\/riberasalud.com\/povisa\/wp-json\/wp\/v2\/comments?post=9557"}],"version-history":[{"count":2,"href":"https:\/\/riberasalud.com\/povisa\/wp-json\/wp\/v2\/pages\/9557\/revisions"}],"predecessor-version":[{"id":9661,"href":"https:\/\/riberasalud.com\/povisa\/wp-json\/wp\/v2\/pages\/9557\/revisions\/9661"}],"wp:attachment":[{"href":"https:\/\/riberasalud.com\/povisa\/wp-json\/wp\/v2\/media?parent=9557"}],"curies":[{"name":"wp","href":"https:\/\/api.w.org\/{rel}","templated":true}]}}