{"id":9539,"date":"2023-07-19T06:42:08","date_gmt":"2023-07-19T06:42:08","guid":{"rendered":"https:\/\/riberasalud.com\/povisaaux\/?page_id=9539"},"modified":"2023-07-19T10:13:43","modified_gmt":"2023-07-19T10:13:43","slug":"foliculitis-decalvante","status":"publish","type":"page","link":"https:\/\/riberasalud.com\/povisa\/foliculitis-decalvante\/","title":{"rendered":"Foliculitis decalvante"},"content":{"rendered":"\n<div class=\"wp-block-group hasbackgroundnaranja sliderlinea\"><div class=\"wp-block-group__inner-container is-layout-flow wp-block-group-is-layout-flow\">\n<p>HOSPITAL RIBERA POVISA<\/p>\n\n\n\n<h1 class=\"wp-block-heading\">Foliculitis decalvante<\/h1>\n<\/div><\/div>\n\n\n\n<div class=\"wp-block-group\"><div class=\"wp-block-group__inner-container is-layout-flow wp-block-group-is-layout-flow\">\n<p>La foliculitis decalvante es un tipo de alopecia cicatricial poco frecuente, de localizaci\u00f3n generalmente occipital, que afecta fundamentalmente a varones j\u00f3venes, aunque tambi\u00e9n podr\u00edamos verla en mujeres y pacientes de mayor edad.<\/p>\n<\/div><\/div>\n\n\n\n<div class=\"wp-block-group hasbackgroundmio\"><div class=\"wp-block-group__inner-container is-layout-flow wp-block-group-is-layout-flow\">\n<h2 class=\"wp-block-heading\"><strong>Causas<\/strong><\/h2>\n\n\n\n<p>A d\u00eda de hoy la causa de la foliculitis decalvante es desconocida. Existe una inflamaci\u00f3n intensa a nivel del fol\u00edculo piloso que acaba dejando una cicatriz en la zona. Se cree que esta inflamaci\u00f3n puede comenzar por un agente externo (ej: infecci\u00f3n bacteriana) que desencadena el proceso en pacientes predispuestos gen\u00e9ticamente.<\/p>\n<\/div><\/div>\n\n\n\n<div class=\"wp-block-group\"><div class=\"wp-block-group__inner-container is-layout-flow wp-block-group-is-layout-flow\">\n<div class=\"wp-block-columns is-layout-flex wp-container-core-columns-is-layout-9d6595d7 wp-block-columns-is-layout-flex\">\n<div class=\"wp-block-column is-layout-flow wp-block-column-is-layout-flow\">\n<figure class=\"wp-block-image size-full is-resized\"><img loading=\"lazy\" decoding=\"async\" src=\"https:\/\/riberasalud.com\/povisa\/wp-content\/uploads\/2023\/07\/iconos-02-10.png\" alt=\"\" class=\"wp-image-9663\" width=\"50\" height=\"50\"\/><\/figure>\n\n\n\n<h2 class=\"wp-block-heading\"><strong>S\u00edntomas<\/strong><\/h2>\n\n\n\n<p>La enfermedad cursa con brotes de inflamaci\u00f3n localizada en cuero cabelludo, en los que el paciente nota ardor y picor en la zona y se pueden visualizar rojez, p\u00fastulas y costras que hacen que los fol\u00edculos pilosos se fusionen formando los llamados \u201cpelos en penacho\u201d.<br>Con cada brote de la enfermedad van quedando zonas cicatriciales en donde ya no vamos a poder recuperar el pelo.<\/p>\n<\/div>\n\n\n\n<div class=\"wp-block-column is-layout-flow wp-block-column-is-layout-flow\">\n<figure class=\"wp-block-image size-full is-resized\"><img loading=\"lazy\" decoding=\"async\" src=\"https:\/\/riberasalud.com\/povisa\/wp-content\/uploads\/2023\/07\/iconos_Mesa-de-trabajo-1-11.png\" alt=\"\" class=\"wp-image-9662\" width=\"50\" height=\"50\"\/><\/figure>\n\n\n\n<h2 class=\"wp-block-heading\"><strong>Diagn\u00f3stico<\/strong><\/h2>\n\n\n\n<p>El diagn\u00f3stico de esta alopecia es fundamentalmente cl\u00ednico, mediante una exploraci\u00f3n visual del tric\u00f3logo y una buena historia cl\u00ednica. La tricoscopia es fundamental tanto para el diagn\u00f3stico como para la evoluci\u00f3n de la enfermedad y aunque no es frecuente, en algunos casos puede ser necesaria la realizaci\u00f3n de una biopsia cut\u00e1nea de la zona afectada.<\/p>\n<\/div>\n<\/div>\n<\/div><\/div>\n\n\n\n<div class=\"wp-block-cover is-light\"><span aria-hidden=\"true\" class=\"wp-block-cover__background has-background-dim-0 has-background-dim\"><\/span><img loading=\"lazy\" decoding=\"async\" width=\"800\" height=\"533\" class=\"wp-block-cover__image-background wp-image-9534\" alt=\"\" src=\"https:\/\/riberasalud.com\/povisa\/wp-content\/uploads\/2023\/07\/doctor-with-stethoscope-in-the-hands-and-hospital-background-2-1-1.jpg\" data-object-fit=\"cover\" srcset=\"https:\/\/riberasalud.com\/povisa\/wp-content\/uploads\/2023\/07\/doctor-with-stethoscope-in-the-hands-and-hospital-background-2-1-1.jpg 800w, https:\/\/riberasalud.com\/povisa\/wp-content\/uploads\/2023\/07\/doctor-with-stethoscope-in-the-hands-and-hospital-background-2-1-1-300x200.jpg 300w, https:\/\/riberasalud.com\/povisa\/wp-content\/uploads\/2023\/07\/doctor-with-stethoscope-in-the-hands-and-hospital-background-2-1-1-768x512.jpg 768w\" sizes=\"auto, (max-width: 800px) 100vw, 800px\" \/><div class=\"wp-block-cover__inner-container is-layout-flow wp-block-cover-is-layout-flow\">\n<p class=\"has-text-align-center has-large-font-size\"><\/p>\n<\/div><\/div>\n\n\n\n<div class=\"wp-block-group hasbackgroundmio\"><div class=\"wp-block-group__inner-container is-layout-flow wp-block-group-is-layout-flow\">\n<h2 class=\"wp-block-heading\"><strong><strong>Tratamiento<\/strong><\/strong><\/h2>\n\n\n\n<p>A d\u00eda de hoy no tenemos un tratamiento curativo para la foliculitis decalvante, pero si existen m\u00faltiples tratamientos que ayudan a frenar el proceso de ca\u00edda o ralentizarlo.<br>Al tratarse de una alopecia cicatricial en las zonas de cicatriz ya no vamos a poder recuperar el pelo, el objetivo de estos tratamientos es la disminuci\u00f3n de la inflamaci\u00f3n cuando ya existe e incluso la prevenci\u00f3n de la misma, de manera que el proceso se estabilice.<\/p>\n<\/div><\/div>\n","protected":false},"excerpt":{"rendered":"<p>HOSPITAL RIBERA POVISA Foliculitis decalvante La foliculitis decalvante es un tipo de alopecia cicatricial poco frecuente, de localizaci\u00f3n generalmente occipital, que afecta fundamentalmente a varones j\u00f3venes, aunque tambi\u00e9n podr\u00edamos verla en mujeres y pacientes de mayor edad. Causas A d\u00eda de hoy la causa de la foliculitis decalvante es desconocida. Existe una inflamaci\u00f3n intensa a &#8230; <a title=\"Foliculitis decalvante\" class=\"read-more\" href=\"https:\/\/riberasalud.com\/povisa\/foliculitis-decalvante\/\" aria-label=\"Leer m\u00e1s sobre Foliculitis decalvante\">Leer m\u00e1s<\/a><\/p>\n","protected":false},"author":1,"featured_media":0,"parent":0,"menu_order":0,"comment_status":"closed","ping_status":"closed","template":"","meta":{"_coblocks_attr":"","_coblocks_dimensions":"","_coblocks_responsive_height":"","_coblocks_accordion_ie_support":"","_monsterinsights_skip_tracking":false,"_monsterinsights_sitenote_active":false,"_monsterinsights_sitenote_note":"","_monsterinsights_sitenote_category":0,"footnotes":""},"class_list":["post-9539","page","type-page","status-publish"],"yoast_head":"<!-- This site is optimized with the Yoast SEO plugin v26.9 - https:\/\/yoast.com\/product\/yoast-seo-wordpress\/ -->\n<title>\u25b7 Foliculitis decalvante | Hospital Ribera Povisa<\/title>\n<meta name=\"description\" content=\"lll\u1405 HOSPITAL RIBERA POVISA Foliculitis decalvante La foliculitis decalvante es un tipo de alopecia cicatricial poco frecuente, de localizaci\u00f3n generalmente \u2705\" \/>\n<meta name=\"robots\" content=\"index, follow, max-snippet:-1, max-image-preview:large, max-video-preview:-1\" \/>\n<link rel=\"canonical\" href=\"https:\/\/riberasalud.com\/povisa\/foliculitis-decalvante\/\" \/>\n<meta property=\"og:locale\" content=\"es_ES\" \/>\n<meta property=\"og:type\" content=\"article\" \/>\n<meta property=\"og:title\" content=\"\u25b7 Foliculitis decalvante | Hospital Ribera Povisa\" \/>\n<meta property=\"og:description\" content=\"lll\u1405 HOSPITAL RIBERA POVISA Foliculitis decalvante La foliculitis decalvante es un tipo de alopecia cicatricial poco frecuente, de localizaci\u00f3n generalmente \u2705\" \/>\n<meta property=\"og:url\" content=\"https:\/\/riberasalud.com\/povisa\/foliculitis-decalvante\/\" \/>\n<meta property=\"og:site_name\" content=\"Hospital Ribera Povisa\" \/>\n<meta property=\"article:modified_time\" content=\"2023-07-19T10:13:43+00:00\" \/>\n<meta property=\"og:image\" content=\"https:\/\/riberasalud.com\/povisa\/wp-content\/uploads\/2023\/07\/iconos-02-10.png\" \/>\n<meta name=\"twitter:card\" content=\"summary_large_image\" \/>\n<meta name=\"twitter:label1\" content=\"Tiempo de lectura\" \/>\n\t<meta name=\"twitter:data1\" content=\"2 minutos\" \/>\n<script type=\"application\/ld+json\" class=\"yoast-schema-graph\">{\"@context\":\"https:\/\/schema.org\",\"@graph\":[{\"@type\":\"WebPage\",\"@id\":\"https:\/\/riberasalud.com\/povisa\/foliculitis-decalvante\/\",\"url\":\"https:\/\/riberasalud.com\/povisa\/foliculitis-decalvante\/\",\"name\":\"\u25b7 Foliculitis decalvante | Hospital Ribera Povisa\",\"isPartOf\":{\"@id\":\"https:\/\/riberasalud.com\/povisa\/#website\"},\"primaryImageOfPage\":{\"@id\":\"https:\/\/riberasalud.com\/povisa\/foliculitis-decalvante\/#primaryimage\"},\"image\":{\"@id\":\"https:\/\/riberasalud.com\/povisa\/foliculitis-decalvante\/#primaryimage\"},\"thumbnailUrl\":\"https:\/\/riberasalud.com\/povisa\/wp-content\/uploads\/2023\/07\/iconos-02-10.png\",\"datePublished\":\"2023-07-19T06:42:08+00:00\",\"dateModified\":\"2023-07-19T10:13:43+00:00\",\"description\":\"lll\u1405 HOSPITAL RIBERA POVISA Foliculitis decalvante La foliculitis decalvante es un tipo de alopecia cicatricial poco frecuente, de localizaci\u00f3n generalmente \u2705\",\"inLanguage\":\"es\",\"potentialAction\":[{\"@type\":\"ReadAction\",\"target\":[\"https:\/\/riberasalud.com\/povisa\/foliculitis-decalvante\/\"]}]},{\"@type\":\"ImageObject\",\"inLanguage\":\"es\",\"@id\":\"https:\/\/riberasalud.com\/povisa\/foliculitis-decalvante\/#primaryimage\",\"url\":\"https:\/\/riberasalud.com\/povisa\/wp-content\/uploads\/2023\/07\/iconos-02-10.png\",\"contentUrl\":\"https:\/\/riberasalud.com\/povisa\/wp-content\/uploads\/2023\/07\/iconos-02-10.png\"},{\"@type\":\"WebSite\",\"@id\":\"https:\/\/riberasalud.com\/povisa\/#website\",\"url\":\"https:\/\/riberasalud.com\/povisa\/\",\"name\":\"Hospital Ribera Povisa\",\"description\":\"\",\"publisher\":{\"@id\":\"https:\/\/riberasalud.com\/povisa\/#organization\"},\"potentialAction\":[{\"@type\":\"SearchAction\",\"target\":{\"@type\":\"EntryPoint\",\"urlTemplate\":\"https:\/\/riberasalud.com\/povisa\/?s={search_term_string}\"},\"query-input\":{\"@type\":\"PropertyValueSpecification\",\"valueRequired\":true,\"valueName\":\"search_term_string\"}}],\"inLanguage\":\"es\"},{\"@type\":\"Organization\",\"@id\":\"https:\/\/riberasalud.com\/povisa\/#organization\",\"name\":\"Hospital Ribera Povisa\",\"url\":\"https:\/\/riberasalud.com\/povisa\/\",\"logo\":{\"@type\":\"ImageObject\",\"inLanguage\":\"es\",\"@id\":\"https:\/\/riberasalud.com\/povisa\/#\/schema\/logo\/image\/\",\"url\":\"https:\/\/riberasalud.com\/povisa\/wp-content\/uploads\/2024\/01\/cropped-Logo-Red-Povisa.png\",\"contentUrl\":\"https:\/\/riberasalud.com\/povisa\/wp-content\/uploads\/2024\/01\/cropped-Logo-Red-Povisa.png\",\"width\":1929,\"height\":489,\"caption\":\"Hospital Ribera Povisa\"},\"image\":{\"@id\":\"https:\/\/riberasalud.com\/povisa\/#\/schema\/logo\/image\/\"}}]}<\/script>\n<!-- \/ Yoast SEO plugin. -->","yoast_head_json":{"title":"\u25b7 Foliculitis decalvante | Hospital Ribera Povisa","description":"lll\u1405 HOSPITAL RIBERA POVISA Foliculitis decalvante La foliculitis decalvante es un tipo de alopecia cicatricial poco frecuente, de localizaci\u00f3n generalmente \u2705","robots":{"index":"index","follow":"follow","max-snippet":"max-snippet:-1","max-image-preview":"max-image-preview:large","max-video-preview":"max-video-preview:-1"},"canonical":"https:\/\/riberasalud.com\/povisa\/foliculitis-decalvante\/","og_locale":"es_ES","og_type":"article","og_title":"\u25b7 Foliculitis decalvante | Hospital Ribera Povisa","og_description":"lll\u1405 HOSPITAL RIBERA POVISA Foliculitis decalvante La foliculitis decalvante es un tipo de alopecia cicatricial poco frecuente, de localizaci\u00f3n generalmente \u2705","og_url":"https:\/\/riberasalud.com\/povisa\/foliculitis-decalvante\/","og_site_name":"Hospital Ribera Povisa","article_modified_time":"2023-07-19T10:13:43+00:00","og_image":[{"url":"https:\/\/riberasalud.com\/povisa\/wp-content\/uploads\/2023\/07\/iconos-02-10.png","type":"","width":"","height":""}],"twitter_card":"summary_large_image","twitter_misc":{"Tiempo de lectura":"2 minutos"},"schema":{"@context":"https:\/\/schema.org","@graph":[{"@type":"WebPage","@id":"https:\/\/riberasalud.com\/povisa\/foliculitis-decalvante\/","url":"https:\/\/riberasalud.com\/povisa\/foliculitis-decalvante\/","name":"\u25b7 Foliculitis decalvante | Hospital Ribera Povisa","isPartOf":{"@id":"https:\/\/riberasalud.com\/povisa\/#website"},"primaryImageOfPage":{"@id":"https:\/\/riberasalud.com\/povisa\/foliculitis-decalvante\/#primaryimage"},"image":{"@id":"https:\/\/riberasalud.com\/povisa\/foliculitis-decalvante\/#primaryimage"},"thumbnailUrl":"https:\/\/riberasalud.com\/povisa\/wp-content\/uploads\/2023\/07\/iconos-02-10.png","datePublished":"2023-07-19T06:42:08+00:00","dateModified":"2023-07-19T10:13:43+00:00","description":"lll\u1405 HOSPITAL RIBERA POVISA Foliculitis decalvante La foliculitis decalvante es un tipo de alopecia cicatricial poco frecuente, de localizaci\u00f3n generalmente \u2705","inLanguage":"es","potentialAction":[{"@type":"ReadAction","target":["https:\/\/riberasalud.com\/povisa\/foliculitis-decalvante\/"]}]},{"@type":"ImageObject","inLanguage":"es","@id":"https:\/\/riberasalud.com\/povisa\/foliculitis-decalvante\/#primaryimage","url":"https:\/\/riberasalud.com\/povisa\/wp-content\/uploads\/2023\/07\/iconos-02-10.png","contentUrl":"https:\/\/riberasalud.com\/povisa\/wp-content\/uploads\/2023\/07\/iconos-02-10.png"},{"@type":"WebSite","@id":"https:\/\/riberasalud.com\/povisa\/#website","url":"https:\/\/riberasalud.com\/povisa\/","name":"Hospital Ribera Povisa","description":"","publisher":{"@id":"https:\/\/riberasalud.com\/povisa\/#organization"},"potentialAction":[{"@type":"SearchAction","target":{"@type":"EntryPoint","urlTemplate":"https:\/\/riberasalud.com\/povisa\/?s={search_term_string}"},"query-input":{"@type":"PropertyValueSpecification","valueRequired":true,"valueName":"search_term_string"}}],"inLanguage":"es"},{"@type":"Organization","@id":"https:\/\/riberasalud.com\/povisa\/#organization","name":"Hospital Ribera Povisa","url":"https:\/\/riberasalud.com\/povisa\/","logo":{"@type":"ImageObject","inLanguage":"es","@id":"https:\/\/riberasalud.com\/povisa\/#\/schema\/logo\/image\/","url":"https:\/\/riberasalud.com\/povisa\/wp-content\/uploads\/2024\/01\/cropped-Logo-Red-Povisa.png","contentUrl":"https:\/\/riberasalud.com\/povisa\/wp-content\/uploads\/2024\/01\/cropped-Logo-Red-Povisa.png","width":1929,"height":489,"caption":"Hospital Ribera Povisa"},"image":{"@id":"https:\/\/riberasalud.com\/povisa\/#\/schema\/logo\/image\/"}}]}},"_links":{"self":[{"href":"https:\/\/riberasalud.com\/povisa\/wp-json\/wp\/v2\/pages\/9539","targetHints":{"allow":["GET"]}}],"collection":[{"href":"https:\/\/riberasalud.com\/povisa\/wp-json\/wp\/v2\/pages"}],"about":[{"href":"https:\/\/riberasalud.com\/povisa\/wp-json\/wp\/v2\/types\/page"}],"author":[{"embeddable":true,"href":"https:\/\/riberasalud.com\/povisa\/wp-json\/wp\/v2\/users\/1"}],"replies":[{"embeddable":true,"href":"https:\/\/riberasalud.com\/povisa\/wp-json\/wp\/v2\/comments?post=9539"}],"version-history":[{"count":3,"href":"https:\/\/riberasalud.com\/povisa\/wp-json\/wp\/v2\/pages\/9539\/revisions"}],"predecessor-version":[{"id":9666,"href":"https:\/\/riberasalud.com\/povisa\/wp-json\/wp\/v2\/pages\/9539\/revisions\/9666"}],"wp:attachment":[{"href":"https:\/\/riberasalud.com\/povisa\/wp-json\/wp\/v2\/media?parent=9539"}],"curies":[{"name":"wp","href":"https:\/\/api.w.org\/{rel}","templated":true}]}}