{"id":9536,"date":"2023-07-19T06:33:20","date_gmt":"2023-07-19T06:33:20","guid":{"rendered":"https:\/\/riberasalud.com\/povisaaux\/?page_id=9536"},"modified":"2023-12-20T10:24:02","modified_gmt":"2023-12-20T10:24:02","slug":"alopecia-areata","status":"publish","type":"page","link":"https:\/\/riberasalud.com\/povisa\/alopecia-areata\/","title":{"rendered":"Alopecia areata"},"content":{"rendered":"\n<div class=\"wp-block-group hasbackgroundnaranja sliderlinea\"><div class=\"wp-block-group__inner-container is-layout-flow wp-block-group-is-layout-flow\">\n<p>HOSPITAL RIBERA POVISA<\/p>\n\n\n\n<h1 class=\"wp-block-heading\">Alopecia areata<\/h1>\n<\/div><\/div>\n\n\n\n<div class=\"wp-block-group\"><div class=\"wp-block-group__inner-container is-layout-flow wp-block-group-is-layout-flow\">\n<p>La alopecia areata es un tipo de alopecia no cicatricial de origen autoinmune, m\u00e1s frecuente en ni\u00f1os y adultos j\u00f3venes, pero que puede aparecer a cualquier edad tanto en varones como en mujeres.<br>Es frecuente que curse en brotes y aparezca en pacientes con familiares afectos tanto de esta enfermedad como de otras patolog\u00edas autoinmunes.<\/p>\n<\/div><\/div>\n\n\n\n<div class=\"wp-block-group hasbackgroundmio\"><div class=\"wp-block-group__inner-container is-layout-flow wp-block-group-is-layout-flow\">\n<h2 class=\"wp-block-heading\"><strong>Causas<\/strong><\/h2>\n\n\n\n<p>Se trata de una enfermedad autoinmune, por la cual nuestro propio organismo, por error, ataca a c\u00e9lulas del fol\u00edculo piloso, provocando inflamaci\u00f3n en la zona y su ca\u00edda brusca. Por ello el pelo no volver\u00e1 a crecer hasta que eliminemos esta inflamaci\u00f3n localizada.<br>El proceso mediante el cual nuestra inmunidad decide atacar el fol\u00edculo es a d\u00eda de hoy desconocido pero el estr\u00e9s o las infecciones pueden actuar como desencadenantes.<\/p>\n<\/div><\/div>\n\n\n\n<div class=\"wp-block-group\"><div class=\"wp-block-group__inner-container is-layout-flow wp-block-group-is-layout-flow\">\n<div class=\"wp-block-columns is-layout-flex wp-container-core-columns-is-layout-9d6595d7 wp-block-columns-is-layout-flex\">\n<div class=\"wp-block-column is-layout-flow wp-block-column-is-layout-flow\">\n<figure class=\"wp-block-image size-full is-resized\"><img loading=\"lazy\" decoding=\"async\" width=\"100\" height=\"100\" src=\"https:\/\/riberasalud.com\/povisa\/wp-content\/uploads\/2023\/07\/iconos-02-10.png\" alt=\"\" class=\"wp-image-9663\" style=\"width:50px;height:50px\"\/><\/figure>\n\n\n\n<h2 class=\"wp-block-heading\"><strong>S\u00edntomas<\/strong><\/h2>\n\n\n\n<p>Existen distintas formas de alopecia areata, siendo la m\u00e1s frecuente la que se manifiesta como peque\u00f1as placas ovaladas alop\u00e9cicas en cuero cabelludo. Este tipo de alopecia tambi\u00e9n puede afectar a otras zonas corporales como la barba o las cejas e incluso en algunos casos, aunque menos frecuente, afectar a la totalidad del cuero cabelludo (alopecia areata total) o la totalidad del pelo corporal (alopecia areata universal) teniendo entonces peor pron\u00f3stico.<br>La alopecia areata tiene una evoluci\u00f3n imprevisible, generalmente cursando en brotes de mayor o menor tiempo de duraci\u00f3n.<\/p>\n<\/div>\n\n\n\n<div class=\"wp-block-column is-layout-flow wp-block-column-is-layout-flow\">\n<figure class=\"wp-block-image size-full is-resized\"><img loading=\"lazy\" decoding=\"async\" width=\"100\" height=\"100\" src=\"https:\/\/riberasalud.com\/povisa\/wp-content\/uploads\/2023\/07\/iconos_Mesa-de-trabajo-1-11.png\" alt=\"\" class=\"wp-image-9662\" style=\"width:50px;height:50px\"\/><\/figure>\n\n\n\n<h2 class=\"wp-block-heading\"><strong>Diagn\u00f3stico<\/strong><\/h2>\n\n\n\n<p>El diagn\u00f3stico se realiza mediante una exploraci\u00f3n m\u00e9dica especializada y una buena historia cl\u00ednica de la evoluci\u00f3n de la enfermedad.<br>En la consulta nos podemos ayudar del \u201cpull test\u201d por el cual realizando peque\u00f1os tirones podemos ver el grado de adherencia de los fol\u00edculos al cuero cabelludo. La tricoscopia es fundamental tanto en el diagn\u00f3stico como en el seguimiento de la alopecia, puesto que podemos encontrar distintos signos en funci\u00f3n de la existencia o no de enfermedad activa.<br>En general es necesario estudio tiroideo puesto que en ocasiones se asocia a problemas autoinmunes a este nivel y en algunos casos resistentes podr\u00eda ser necesario alg\u00fan otro tipo de estudio anal\u00edtico m\u00e1s completo que no se realiza de manera generalizada.<\/p>\n<\/div>\n<\/div>\n<\/div><\/div>\n\n\n\n<div class=\"wp-block-cover is-light\"><span aria-hidden=\"true\" class=\"wp-block-cover__background has-background-dim-0 has-background-dim\"><\/span><img loading=\"lazy\" decoding=\"async\" width=\"800\" height=\"533\" class=\"wp-block-cover__image-background wp-image-9534\" alt=\"\" src=\"https:\/\/riberasalud.com\/povisa\/wp-content\/uploads\/2023\/07\/doctor-with-stethoscope-in-the-hands-and-hospital-background-2-1-1.jpg\" data-object-fit=\"cover\" srcset=\"https:\/\/riberasalud.com\/povisa\/wp-content\/uploads\/2023\/07\/doctor-with-stethoscope-in-the-hands-and-hospital-background-2-1-1.jpg 800w, https:\/\/riberasalud.com\/povisa\/wp-content\/uploads\/2023\/07\/doctor-with-stethoscope-in-the-hands-and-hospital-background-2-1-1-300x200.jpg 300w, https:\/\/riberasalud.com\/povisa\/wp-content\/uploads\/2023\/07\/doctor-with-stethoscope-in-the-hands-and-hospital-background-2-1-1-768x512.jpg 768w\" sizes=\"auto, (max-width: 800px) 100vw, 800px\" \/><div class=\"wp-block-cover__inner-container is-layout-flow wp-block-cover-is-layout-flow\">\n<p class=\"has-text-align-center has-large-font-size\"><\/p>\n<\/div><\/div>\n\n\n\n<div class=\"wp-block-group hasbackgroundmio\"><div class=\"wp-block-group__inner-container is-layout-flow wp-block-group-is-layout-flow\">\n<h2 class=\"wp-block-heading\"><strong><strong>Tratamiento<\/strong><\/strong><\/h2>\n\n\n\n<p>Aunque a d\u00eda de hoy no existe un tratamiento curativo de la alopecia areata, tenemos distintos tratamientos con los que podemos conseguir frenar la ca\u00edda y que el pelo vuelva a crecer. La dificultad radica en el mantenimiento de este resultado, pues es frecuente que al suspender o intentar descender dosis de tratamiento volvamos a tener una recaida.<\/p>\n\n\n\n<div class=\"wp-block-columns is-layout-flex wp-container-core-columns-is-layout-9d6595d7 wp-block-columns-is-layout-flex\">\n<div class=\"wp-block-column is-layout-flow wp-block-column-is-layout-flow\">\n<figure class=\"wp-block-image size-full\"><img loading=\"lazy\" decoding=\"async\" width=\"768\" height=\"1024\" src=\"https:\/\/riberasalud.com\/povisa\/wp-content\/uploads\/2023\/07\/1-768x1024-1.jpg\" alt=\"\" class=\"wp-image-9541\" srcset=\"https:\/\/riberasalud.com\/povisa\/wp-content\/uploads\/2023\/07\/1-768x1024-1.jpg 768w, https:\/\/riberasalud.com\/povisa\/wp-content\/uploads\/2023\/07\/1-768x1024-1-225x300.jpg 225w\" sizes=\"auto, (max-width: 768px) 100vw, 768px\" \/><\/figure>\n<\/div>\n\n\n\n<div class=\"wp-block-column is-layout-flow wp-block-column-is-layout-flow\">\n<figure class=\"wp-block-image size-large\"><img loading=\"lazy\" decoding=\"async\" width=\"800\" height=\"1067\" src=\"https:\/\/riberasalud.com\/povisa\/wp-content\/uploads\/2023\/07\/4-768x1024.jpg\" alt=\"\" class=\"wp-image-9542\" srcset=\"https:\/\/riberasalud.com\/povisa\/wp-content\/uploads\/2023\/07\/4-768x1024.jpg 768w, https:\/\/riberasalud.com\/povisa\/wp-content\/uploads\/2023\/07\/4-225x300.jpg 225w, https:\/\/riberasalud.com\/povisa\/wp-content\/uploads\/2023\/07\/4.jpg 800w\" sizes=\"auto, (max-width: 800px) 100vw, 800px\" \/><\/figure>\n<\/div>\n\n\n\n<div class=\"wp-block-column is-layout-flow wp-block-column-is-layout-flow\">\n<figure class=\"wp-block-image size-full\"><img loading=\"lazy\" decoding=\"async\" width=\"768\" height=\"1024\" src=\"https:\/\/riberasalud.com\/povisa\/wp-content\/uploads\/2023\/07\/3-768x1024-1.jpg\" alt=\"\" class=\"wp-image-9543\" srcset=\"https:\/\/riberasalud.com\/povisa\/wp-content\/uploads\/2023\/07\/3-768x1024-1.jpg 768w, https:\/\/riberasalud.com\/povisa\/wp-content\/uploads\/2023\/07\/3-768x1024-1-225x300.jpg 225w\" sizes=\"auto, (max-width: 768px) 100vw, 768px\" \/><\/figure>\n<\/div>\n\n\n\n<div class=\"wp-block-column is-layout-flow wp-block-column-is-layout-flow\">\n<figure class=\"wp-block-image size-full\"><img loading=\"lazy\" decoding=\"async\" width=\"768\" height=\"1023\" src=\"https:\/\/riberasalud.com\/povisa\/wp-content\/uploads\/2023\/07\/alopecia-768x1023-1.jpg\" alt=\"\" class=\"wp-image-9544\" style=\"object-fit:cover\" srcset=\"https:\/\/riberasalud.com\/povisa\/wp-content\/uploads\/2023\/07\/alopecia-768x1023-1.jpg 768w, https:\/\/riberasalud.com\/povisa\/wp-content\/uploads\/2023\/07\/alopecia-768x1023-1-225x300.jpg 225w\" sizes=\"auto, (max-width: 768px) 100vw, 768px\" \/><\/figure>\n<\/div>\n<\/div>\n\n\n\n<p>Evoluci\u00f3n s\u00f3lo con infiltraci\u00f3n local de corticoides<\/p>\n<\/div><\/div>\n","protected":false},"excerpt":{"rendered":"<p>HOSPITAL RIBERA POVISA Alopecia areata La alopecia areata es un tipo de alopecia no cicatricial de origen autoinmune, m\u00e1s frecuente en ni\u00f1os y adultos j\u00f3venes, pero que puede aparecer a cualquier edad tanto en varones como en mujeres.Es frecuente que curse en brotes y aparezca en pacientes con familiares afectos tanto de esta enfermedad como &#8230; <a title=\"Alopecia areata\" class=\"read-more\" href=\"https:\/\/riberasalud.com\/povisa\/alopecia-areata\/\" aria-label=\"Leer m\u00e1s sobre Alopecia areata\">Leer m\u00e1s<\/a><\/p>\n","protected":false},"author":1,"featured_media":0,"parent":0,"menu_order":0,"comment_status":"closed","ping_status":"closed","template":"","meta":{"_coblocks_attr":"","_coblocks_dimensions":"","_coblocks_responsive_height":"","_coblocks_accordion_ie_support":"","_monsterinsights_skip_tracking":false,"_monsterinsights_sitenote_active":false,"_monsterinsights_sitenote_note":"","_monsterinsights_sitenote_category":0,"footnotes":""},"class_list":["post-9536","page","type-page","status-publish"],"yoast_head":"<!-- This site is optimized with the Yoast SEO plugin v26.9 - https:\/\/yoast.com\/product\/yoast-seo-wordpress\/ -->\n<title>\u25b7 Alopecia areata | Hospital Ribera Povisa<\/title>\n<meta name=\"description\" content=\"lll\u1405 HOSPITAL RIBERA POVISA Alopecia areata La alopecia areata es un tipo de alopecia no cicatricial de origen autoinmune, m\u00e1s frecuente en ni\u00f1os y adultos \u2705\" \/>\n<meta name=\"robots\" content=\"index, follow, max-snippet:-1, max-image-preview:large, max-video-preview:-1\" \/>\n<link rel=\"canonical\" href=\"https:\/\/riberasalud.com\/povisa\/alopecia-areata\/\" \/>\n<meta property=\"og:locale\" content=\"es_ES\" \/>\n<meta property=\"og:type\" content=\"article\" \/>\n<meta property=\"og:title\" content=\"\u25b7 Alopecia areata | Hospital Ribera Povisa\" \/>\n<meta property=\"og:description\" content=\"lll\u1405 HOSPITAL RIBERA POVISA Alopecia areata La alopecia areata es un tipo de alopecia no cicatricial de origen autoinmune, m\u00e1s frecuente en ni\u00f1os y adultos \u2705\" \/>\n<meta property=\"og:url\" content=\"https:\/\/riberasalud.com\/povisa\/alopecia-areata\/\" \/>\n<meta property=\"og:site_name\" content=\"Hospital Ribera Povisa\" \/>\n<meta property=\"article:modified_time\" content=\"2023-12-20T10:24:02+00:00\" \/>\n<meta property=\"og:image\" content=\"https:\/\/riberasalud.com\/povisa\/wp-content\/uploads\/2023\/07\/iconos-02-10.png\" \/>\n<meta name=\"twitter:card\" content=\"summary_large_image\" \/>\n<meta name=\"twitter:label1\" content=\"Tiempo de lectura\" \/>\n\t<meta name=\"twitter:data1\" content=\"2 minutos\" \/>\n<script type=\"application\/ld+json\" class=\"yoast-schema-graph\">{\"@context\":\"https:\/\/schema.org\",\"@graph\":[{\"@type\":\"WebPage\",\"@id\":\"https:\/\/riberasalud.com\/povisa\/alopecia-areata\/\",\"url\":\"https:\/\/riberasalud.com\/povisa\/alopecia-areata\/\",\"name\":\"\u25b7 Alopecia areata | Hospital Ribera Povisa\",\"isPartOf\":{\"@id\":\"https:\/\/riberasalud.com\/povisa\/#website\"},\"primaryImageOfPage\":{\"@id\":\"https:\/\/riberasalud.com\/povisa\/alopecia-areata\/#primaryimage\"},\"image\":{\"@id\":\"https:\/\/riberasalud.com\/povisa\/alopecia-areata\/#primaryimage\"},\"thumbnailUrl\":\"https:\/\/riberasalud.com\/povisa\/wp-content\/uploads\/2023\/07\/iconos-02-10.png\",\"datePublished\":\"2023-07-19T06:33:20+00:00\",\"dateModified\":\"2023-12-20T10:24:02+00:00\",\"description\":\"lll\u1405 HOSPITAL RIBERA POVISA Alopecia areata La alopecia areata es un tipo de alopecia no cicatricial de origen autoinmune, m\u00e1s frecuente en ni\u00f1os y adultos \u2705\",\"inLanguage\":\"es\",\"potentialAction\":[{\"@type\":\"ReadAction\",\"target\":[\"https:\/\/riberasalud.com\/povisa\/alopecia-areata\/\"]}]},{\"@type\":\"ImageObject\",\"inLanguage\":\"es\",\"@id\":\"https:\/\/riberasalud.com\/povisa\/alopecia-areata\/#primaryimage\",\"url\":\"https:\/\/riberasalud.com\/povisa\/wp-content\/uploads\/2023\/07\/iconos-02-10.png\",\"contentUrl\":\"https:\/\/riberasalud.com\/povisa\/wp-content\/uploads\/2023\/07\/iconos-02-10.png\"},{\"@type\":\"WebSite\",\"@id\":\"https:\/\/riberasalud.com\/povisa\/#website\",\"url\":\"https:\/\/riberasalud.com\/povisa\/\",\"name\":\"Hospital Ribera Povisa\",\"description\":\"\",\"publisher\":{\"@id\":\"https:\/\/riberasalud.com\/povisa\/#organization\"},\"potentialAction\":[{\"@type\":\"SearchAction\",\"target\":{\"@type\":\"EntryPoint\",\"urlTemplate\":\"https:\/\/riberasalud.com\/povisa\/?s={search_term_string}\"},\"query-input\":{\"@type\":\"PropertyValueSpecification\",\"valueRequired\":true,\"valueName\":\"search_term_string\"}}],\"inLanguage\":\"es\"},{\"@type\":\"Organization\",\"@id\":\"https:\/\/riberasalud.com\/povisa\/#organization\",\"name\":\"Hospital Ribera Povisa\",\"url\":\"https:\/\/riberasalud.com\/povisa\/\",\"logo\":{\"@type\":\"ImageObject\",\"inLanguage\":\"es\",\"@id\":\"https:\/\/riberasalud.com\/povisa\/#\/schema\/logo\/image\/\",\"url\":\"https:\/\/riberasalud.com\/povisa\/wp-content\/uploads\/2024\/01\/cropped-Logo-Red-Povisa.png\",\"contentUrl\":\"https:\/\/riberasalud.com\/povisa\/wp-content\/uploads\/2024\/01\/cropped-Logo-Red-Povisa.png\",\"width\":1929,\"height\":489,\"caption\":\"Hospital Ribera Povisa\"},\"image\":{\"@id\":\"https:\/\/riberasalud.com\/povisa\/#\/schema\/logo\/image\/\"}}]}<\/script>\n<!-- \/ Yoast SEO plugin. -->","yoast_head_json":{"title":"\u25b7 Alopecia areata | Hospital Ribera Povisa","description":"lll\u1405 HOSPITAL RIBERA POVISA Alopecia areata La alopecia areata es un tipo de alopecia no cicatricial de origen autoinmune, m\u00e1s frecuente en ni\u00f1os y adultos \u2705","robots":{"index":"index","follow":"follow","max-snippet":"max-snippet:-1","max-image-preview":"max-image-preview:large","max-video-preview":"max-video-preview:-1"},"canonical":"https:\/\/riberasalud.com\/povisa\/alopecia-areata\/","og_locale":"es_ES","og_type":"article","og_title":"\u25b7 Alopecia areata | Hospital Ribera Povisa","og_description":"lll\u1405 HOSPITAL RIBERA POVISA Alopecia areata La alopecia areata es un tipo de alopecia no cicatricial de origen autoinmune, m\u00e1s frecuente en ni\u00f1os y adultos \u2705","og_url":"https:\/\/riberasalud.com\/povisa\/alopecia-areata\/","og_site_name":"Hospital Ribera Povisa","article_modified_time":"2023-12-20T10:24:02+00:00","og_image":[{"url":"https:\/\/riberasalud.com\/povisa\/wp-content\/uploads\/2023\/07\/iconos-02-10.png","type":"","width":"","height":""}],"twitter_card":"summary_large_image","twitter_misc":{"Tiempo de lectura":"2 minutos"},"schema":{"@context":"https:\/\/schema.org","@graph":[{"@type":"WebPage","@id":"https:\/\/riberasalud.com\/povisa\/alopecia-areata\/","url":"https:\/\/riberasalud.com\/povisa\/alopecia-areata\/","name":"\u25b7 Alopecia areata | Hospital Ribera Povisa","isPartOf":{"@id":"https:\/\/riberasalud.com\/povisa\/#website"},"primaryImageOfPage":{"@id":"https:\/\/riberasalud.com\/povisa\/alopecia-areata\/#primaryimage"},"image":{"@id":"https:\/\/riberasalud.com\/povisa\/alopecia-areata\/#primaryimage"},"thumbnailUrl":"https:\/\/riberasalud.com\/povisa\/wp-content\/uploads\/2023\/07\/iconos-02-10.png","datePublished":"2023-07-19T06:33:20+00:00","dateModified":"2023-12-20T10:24:02+00:00","description":"lll\u1405 HOSPITAL RIBERA POVISA Alopecia areata La alopecia areata es un tipo de alopecia no cicatricial de origen autoinmune, m\u00e1s frecuente en ni\u00f1os y adultos \u2705","inLanguage":"es","potentialAction":[{"@type":"ReadAction","target":["https:\/\/riberasalud.com\/povisa\/alopecia-areata\/"]}]},{"@type":"ImageObject","inLanguage":"es","@id":"https:\/\/riberasalud.com\/povisa\/alopecia-areata\/#primaryimage","url":"https:\/\/riberasalud.com\/povisa\/wp-content\/uploads\/2023\/07\/iconos-02-10.png","contentUrl":"https:\/\/riberasalud.com\/povisa\/wp-content\/uploads\/2023\/07\/iconos-02-10.png"},{"@type":"WebSite","@id":"https:\/\/riberasalud.com\/povisa\/#website","url":"https:\/\/riberasalud.com\/povisa\/","name":"Hospital Ribera Povisa","description":"","publisher":{"@id":"https:\/\/riberasalud.com\/povisa\/#organization"},"potentialAction":[{"@type":"SearchAction","target":{"@type":"EntryPoint","urlTemplate":"https:\/\/riberasalud.com\/povisa\/?s={search_term_string}"},"query-input":{"@type":"PropertyValueSpecification","valueRequired":true,"valueName":"search_term_string"}}],"inLanguage":"es"},{"@type":"Organization","@id":"https:\/\/riberasalud.com\/povisa\/#organization","name":"Hospital Ribera Povisa","url":"https:\/\/riberasalud.com\/povisa\/","logo":{"@type":"ImageObject","inLanguage":"es","@id":"https:\/\/riberasalud.com\/povisa\/#\/schema\/logo\/image\/","url":"https:\/\/riberasalud.com\/povisa\/wp-content\/uploads\/2024\/01\/cropped-Logo-Red-Povisa.png","contentUrl":"https:\/\/riberasalud.com\/povisa\/wp-content\/uploads\/2024\/01\/cropped-Logo-Red-Povisa.png","width":1929,"height":489,"caption":"Hospital Ribera Povisa"},"image":{"@id":"https:\/\/riberasalud.com\/povisa\/#\/schema\/logo\/image\/"}}]}},"_links":{"self":[{"href":"https:\/\/riberasalud.com\/povisa\/wp-json\/wp\/v2\/pages\/9536","targetHints":{"allow":["GET"]}}],"collection":[{"href":"https:\/\/riberasalud.com\/povisa\/wp-json\/wp\/v2\/pages"}],"about":[{"href":"https:\/\/riberasalud.com\/povisa\/wp-json\/wp\/v2\/types\/page"}],"author":[{"embeddable":true,"href":"https:\/\/riberasalud.com\/povisa\/wp-json\/wp\/v2\/users\/1"}],"replies":[{"embeddable":true,"href":"https:\/\/riberasalud.com\/povisa\/wp-json\/wp\/v2\/comments?post=9536"}],"version-history":[{"count":3,"href":"https:\/\/riberasalud.com\/povisa\/wp-json\/wp\/v2\/pages\/9536\/revisions"}],"predecessor-version":[{"id":10607,"href":"https:\/\/riberasalud.com\/povisa\/wp-json\/wp\/v2\/pages\/9536\/revisions\/10607"}],"wp:attachment":[{"href":"https:\/\/riberasalud.com\/povisa\/wp-json\/wp\/v2\/media?parent=9536"}],"curies":[{"name":"wp","href":"https:\/\/api.w.org\/{rel}","templated":true}]}}