{"id":9532,"date":"2023-07-19T06:28:02","date_gmt":"2023-07-19T06:28:02","guid":{"rendered":"https:\/\/riberasalud.com\/povisaaux\/?page_id=9532"},"modified":"2023-07-19T10:15:18","modified_gmt":"2023-07-19T10:15:18","slug":"alopecia-androgenica-femenina","status":"publish","type":"page","link":"https:\/\/riberasalud.com\/povisa\/alopecia-androgenica-femenina\/","title":{"rendered":"Alopecia frontal fibrosante"},"content":{"rendered":"\n<div class=\"wp-block-group hasbackgroundnaranja sliderlinea\"><div class=\"wp-block-group__inner-container is-layout-flow wp-block-group-is-layout-flow\">\n<p>HOSPITAL RIBERA POVISA<\/p>\n\n\n\n<h1 class=\"wp-block-heading\">Alopecia frontal fibrosante<\/h1>\n<\/div><\/div>\n\n\n\n<div class=\"wp-block-group\"><div class=\"wp-block-group__inner-container is-layout-flow wp-block-group-is-layout-flow\">\n<p>La alopecia frontal fibrosante es el tipo de alopecia cicatricial m\u00e1s com\u00fan y su frecuencia est\u00e1 aumentando de manera muy llamativa en los \u00faltimos a\u00f1os.<br>Lo habitual es la afectaci\u00f3n de mujeres tras la menopausia, pero cada vez vemos m\u00e1s afectaci\u00f3n en varones y mujeres j\u00f3venes.<\/p>\n<\/div><\/div>\n\n\n\n<div class=\"wp-block-group hasbackgroundmio\"><div class=\"wp-block-group__inner-container is-layout-flow wp-block-group-is-layout-flow\">\n<h2 class=\"wp-block-heading\"><strong>Causas<\/strong><\/h2>\n\n\n\n<p>Las causas de la alopecia frontal fibrosante no est\u00e1n claras a d\u00eda de hoy, pero parece que existe la influencia de distintos factores, entre ellos la autoinmunidad, los factores hormonales y la predisposici\u00f3n gen\u00e9tica.<br>Existen m\u00faltiples estudios sobre factores ambientales que tambi\u00e9n podr\u00edan influir tanto en el inicio como en la progresi\u00f3n de la enfermedad.<\/p>\n<\/div><\/div>\n\n\n\n<div class=\"wp-block-group\"><div class=\"wp-block-group__inner-container is-layout-flow wp-block-group-is-layout-flow\">\n<div class=\"wp-block-columns is-layout-flex wp-container-core-columns-is-layout-9d6595d7 wp-block-columns-is-layout-flex\">\n<div class=\"wp-block-column is-layout-flow wp-block-column-is-layout-flow\">\n<figure class=\"wp-block-image size-full is-resized\"><img loading=\"lazy\" decoding=\"async\" src=\"https:\/\/riberasalud.com\/povisa\/wp-content\/uploads\/2023\/07\/iconos-02-10.png\" alt=\"\" class=\"wp-image-9663\" width=\"50\" height=\"50\"\/><\/figure>\n\n\n\n<h2 class=\"wp-block-heading\"><strong>S\u00edntomas<\/strong><\/h2>\n\n\n\n<p>El s\u00edntoma principal es la p\u00e9rdida de pelo progresiva a nivel de zona frontal y patillas (\u201cen diadema\u201d) desapareciendo los fol\u00edculos de esta zona y dejando la piel con aspecto liso y brillante (cicatricial). En muchos casos tambi\u00e9n presentan p\u00e9rdida del pelo de las cejas que en ocasiones precede a la p\u00e9rdida a nivel de cuero cabelludo.<br>Con menor frecuencia tambi\u00e9n puede aparecer p\u00e9rdida a nivel retroauricular o en zona occipital y menos frecuentemente en otras zonas corporales.<br>En general en la zona en la que estamos perdiendo pelo podemos notar picor, rojez y granitos o descamaci\u00f3n que frecuentemente indican actividad de la enfermedad.<br>Por otro lado en estos pacientes podemos encontrar otros signos caracter\u00edsticos de este tipo de alopecia como son las p\u00e1pulas faciales (como peque\u00f1os granitos a nivel de las sienes u otras zonas faciales) o que se aprecien m\u00e1s marcadas las venas a nivel de la frente.<\/p>\n<\/div>\n\n\n\n<div class=\"wp-block-column is-layout-flow wp-block-column-is-layout-flow\">\n<figure class=\"wp-block-image size-full is-resized\"><img loading=\"lazy\" decoding=\"async\" src=\"https:\/\/riberasalud.com\/povisa\/wp-content\/uploads\/2023\/07\/iconos_Mesa-de-trabajo-1-11.png\" alt=\"\" class=\"wp-image-9662\" width=\"50\" height=\"50\"\/><\/figure>\n\n\n\n<h2 class=\"wp-block-heading\"><strong>Diagn\u00f3stico<\/strong><\/h2>\n\n\n\n<p>El diagn\u00f3stico de esta alopecia es fundamentalmente cl\u00ednico, mediante una exploraci\u00f3n visual del tric\u00f3logo y una buena historia cl\u00ednica. La tricoscopia es importante tanto para el diagn\u00f3stico como para la evoluci\u00f3n de la enfermedad y aunque no es frecuente, en algunos casos puede ser necesaria la realizaci\u00f3n de una biopsia cut\u00e1nea de la zona afectada.<\/p>\n<\/div>\n<\/div>\n<\/div><\/div>\n\n\n\n<div class=\"wp-block-cover is-light\"><span aria-hidden=\"true\" class=\"wp-block-cover__background has-background-dim-0 has-background-dim\"><\/span><img loading=\"lazy\" decoding=\"async\" width=\"800\" height=\"533\" class=\"wp-block-cover__image-background wp-image-9534\" alt=\"\" src=\"https:\/\/riberasalud.com\/povisa\/wp-content\/uploads\/2023\/07\/doctor-with-stethoscope-in-the-hands-and-hospital-background-2-1-1.jpg\" data-object-fit=\"cover\" srcset=\"https:\/\/riberasalud.com\/povisa\/wp-content\/uploads\/2023\/07\/doctor-with-stethoscope-in-the-hands-and-hospital-background-2-1-1.jpg 800w, https:\/\/riberasalud.com\/povisa\/wp-content\/uploads\/2023\/07\/doctor-with-stethoscope-in-the-hands-and-hospital-background-2-1-1-300x200.jpg 300w, https:\/\/riberasalud.com\/povisa\/wp-content\/uploads\/2023\/07\/doctor-with-stethoscope-in-the-hands-and-hospital-background-2-1-1-768x512.jpg 768w\" sizes=\"auto, (max-width: 800px) 100vw, 800px\" \/><div class=\"wp-block-cover__inner-container is-layout-flow wp-block-cover-is-layout-flow\">\n<p class=\"has-text-align-center has-large-font-size\"><\/p>\n<\/div><\/div>\n\n\n\n<div class=\"wp-block-group hasbackgroundmio\"><div class=\"wp-block-group__inner-container is-layout-flow wp-block-group-is-layout-flow\">\n<h2 class=\"wp-block-heading\"><strong><strong>Tratamiento<\/strong><\/strong><\/h2>\n\n\n\n<p>A d\u00eda de hoy no tenemos un tratamiento curativo para esta alopecia pero si existen m\u00faltiples tratamientos que ayudan a frenar el proceso de ca\u00edda o ralentizarlo.<br>Al tratarse de una alopecia cicatricial, en las zonas de cicatriz ya no vamos a poder recuperar el pelo, por lo que el objetivo de estos tratamientos es mantener estables a las pacientes el mayor n\u00famero de a\u00f1os posible. En la mayor\u00eda de los casos, despu\u00e9s de un tiempo variable, la enfermedad tiende a estabilizarse por s\u00ed sola y dejar\u00eda de avanzar.<\/p>\n<\/div><\/div>\n","protected":false},"excerpt":{"rendered":"<p>HOSPITAL RIBERA POVISA Alopecia frontal fibrosante La alopecia frontal fibrosante es el tipo de alopecia cicatricial m\u00e1s com\u00fan y su frecuencia est\u00e1 aumentando de manera muy llamativa en los \u00faltimos a\u00f1os.Lo habitual es la afectaci\u00f3n de mujeres tras la menopausia, pero cada vez vemos m\u00e1s afectaci\u00f3n en varones y mujeres j\u00f3venes. Causas Las causas de &#8230; <a title=\"Alopecia frontal fibrosante\" class=\"read-more\" href=\"https:\/\/riberasalud.com\/povisa\/alopecia-androgenica-femenina\/\" aria-label=\"Leer m\u00e1s sobre Alopecia frontal fibrosante\">Leer m\u00e1s<\/a><\/p>\n","protected":false},"author":1,"featured_media":0,"parent":0,"menu_order":0,"comment_status":"closed","ping_status":"closed","template":"","meta":{"_coblocks_attr":"","_coblocks_dimensions":"","_coblocks_responsive_height":"","_coblocks_accordion_ie_support":"","_monsterinsights_skip_tracking":false,"_monsterinsights_sitenote_active":false,"_monsterinsights_sitenote_note":"","_monsterinsights_sitenote_category":0,"footnotes":""},"class_list":["post-9532","page","type-page","status-publish"],"yoast_head":"<!-- This site is optimized with the Yoast SEO plugin v26.9 - https:\/\/yoast.com\/product\/yoast-seo-wordpress\/ -->\n<title>\u25b7 Alopecia frontal fibrosante | Hospital Ribera Povisa<\/title>\n<meta name=\"description\" content=\"lll\u1405 HOSPITAL RIBERA POVISA Alopecia frontal fibrosante La alopecia frontal fibrosante es el tipo de alopecia cicatricial m\u00e1s com\u00fan y su frecuencia est\u00e1 \u2705\" \/>\n<meta name=\"robots\" content=\"index, follow, max-snippet:-1, max-image-preview:large, max-video-preview:-1\" \/>\n<link rel=\"canonical\" href=\"https:\/\/riberasalud.com\/povisa\/alopecia-androgenica-femenina\/\" \/>\n<meta property=\"og:locale\" content=\"es_ES\" \/>\n<meta property=\"og:type\" content=\"article\" \/>\n<meta property=\"og:title\" content=\"\u25b7 Alopecia frontal fibrosante | Hospital Ribera Povisa\" \/>\n<meta property=\"og:description\" content=\"lll\u1405 HOSPITAL RIBERA POVISA Alopecia frontal fibrosante La alopecia frontal fibrosante es el tipo de alopecia cicatricial m\u00e1s com\u00fan y su frecuencia est\u00e1 \u2705\" \/>\n<meta property=\"og:url\" content=\"https:\/\/riberasalud.com\/povisa\/alopecia-androgenica-femenina\/\" \/>\n<meta property=\"og:site_name\" content=\"Hospital Ribera Povisa\" \/>\n<meta property=\"article:modified_time\" content=\"2023-07-19T10:15:18+00:00\" \/>\n<meta property=\"og:image\" content=\"https:\/\/riberasalud.com\/povisa\/wp-content\/uploads\/2023\/07\/iconos-02-10.png\" \/>\n<meta name=\"twitter:card\" content=\"summary_large_image\" \/>\n<meta name=\"twitter:label1\" content=\"Tiempo de lectura\" \/>\n\t<meta name=\"twitter:data1\" content=\"2 minutos\" \/>\n<script type=\"application\/ld+json\" class=\"yoast-schema-graph\">{\"@context\":\"https:\/\/schema.org\",\"@graph\":[{\"@type\":\"WebPage\",\"@id\":\"https:\/\/riberasalud.com\/povisa\/alopecia-androgenica-femenina\/\",\"url\":\"https:\/\/riberasalud.com\/povisa\/alopecia-androgenica-femenina\/\",\"name\":\"\u25b7 Alopecia frontal fibrosante | Hospital Ribera Povisa\",\"isPartOf\":{\"@id\":\"https:\/\/riberasalud.com\/povisa\/#website\"},\"primaryImageOfPage\":{\"@id\":\"https:\/\/riberasalud.com\/povisa\/alopecia-androgenica-femenina\/#primaryimage\"},\"image\":{\"@id\":\"https:\/\/riberasalud.com\/povisa\/alopecia-androgenica-femenina\/#primaryimage\"},\"thumbnailUrl\":\"https:\/\/riberasalud.com\/povisa\/wp-content\/uploads\/2023\/07\/iconos-02-10.png\",\"datePublished\":\"2023-07-19T06:28:02+00:00\",\"dateModified\":\"2023-07-19T10:15:18+00:00\",\"description\":\"lll\u1405 HOSPITAL RIBERA POVISA Alopecia frontal fibrosante La alopecia frontal fibrosante es el tipo de alopecia cicatricial m\u00e1s com\u00fan y su frecuencia est\u00e1 \u2705\",\"inLanguage\":\"es\",\"potentialAction\":[{\"@type\":\"ReadAction\",\"target\":[\"https:\/\/riberasalud.com\/povisa\/alopecia-androgenica-femenina\/\"]}]},{\"@type\":\"ImageObject\",\"inLanguage\":\"es\",\"@id\":\"https:\/\/riberasalud.com\/povisa\/alopecia-androgenica-femenina\/#primaryimage\",\"url\":\"https:\/\/riberasalud.com\/povisa\/wp-content\/uploads\/2023\/07\/iconos-02-10.png\",\"contentUrl\":\"https:\/\/riberasalud.com\/povisa\/wp-content\/uploads\/2023\/07\/iconos-02-10.png\"},{\"@type\":\"WebSite\",\"@id\":\"https:\/\/riberasalud.com\/povisa\/#website\",\"url\":\"https:\/\/riberasalud.com\/povisa\/\",\"name\":\"Hospital Ribera Povisa\",\"description\":\"\",\"publisher\":{\"@id\":\"https:\/\/riberasalud.com\/povisa\/#organization\"},\"potentialAction\":[{\"@type\":\"SearchAction\",\"target\":{\"@type\":\"EntryPoint\",\"urlTemplate\":\"https:\/\/riberasalud.com\/povisa\/?s={search_term_string}\"},\"query-input\":{\"@type\":\"PropertyValueSpecification\",\"valueRequired\":true,\"valueName\":\"search_term_string\"}}],\"inLanguage\":\"es\"},{\"@type\":\"Organization\",\"@id\":\"https:\/\/riberasalud.com\/povisa\/#organization\",\"name\":\"Hospital Ribera Povisa\",\"url\":\"https:\/\/riberasalud.com\/povisa\/\",\"logo\":{\"@type\":\"ImageObject\",\"inLanguage\":\"es\",\"@id\":\"https:\/\/riberasalud.com\/povisa\/#\/schema\/logo\/image\/\",\"url\":\"https:\/\/riberasalud.com\/povisa\/wp-content\/uploads\/2024\/01\/cropped-Logo-Red-Povisa.png\",\"contentUrl\":\"https:\/\/riberasalud.com\/povisa\/wp-content\/uploads\/2024\/01\/cropped-Logo-Red-Povisa.png\",\"width\":1929,\"height\":489,\"caption\":\"Hospital Ribera Povisa\"},\"image\":{\"@id\":\"https:\/\/riberasalud.com\/povisa\/#\/schema\/logo\/image\/\"}}]}<\/script>\n<!-- \/ Yoast SEO plugin. -->","yoast_head_json":{"title":"\u25b7 Alopecia frontal fibrosante | Hospital Ribera Povisa","description":"lll\u1405 HOSPITAL RIBERA POVISA Alopecia frontal fibrosante La alopecia frontal fibrosante es el tipo de alopecia cicatricial m\u00e1s com\u00fan y su frecuencia est\u00e1 \u2705","robots":{"index":"index","follow":"follow","max-snippet":"max-snippet:-1","max-image-preview":"max-image-preview:large","max-video-preview":"max-video-preview:-1"},"canonical":"https:\/\/riberasalud.com\/povisa\/alopecia-androgenica-femenina\/","og_locale":"es_ES","og_type":"article","og_title":"\u25b7 Alopecia frontal fibrosante | Hospital Ribera Povisa","og_description":"lll\u1405 HOSPITAL RIBERA POVISA Alopecia frontal fibrosante La alopecia frontal fibrosante es el tipo de alopecia cicatricial m\u00e1s com\u00fan y su frecuencia est\u00e1 \u2705","og_url":"https:\/\/riberasalud.com\/povisa\/alopecia-androgenica-femenina\/","og_site_name":"Hospital Ribera Povisa","article_modified_time":"2023-07-19T10:15:18+00:00","og_image":[{"url":"https:\/\/riberasalud.com\/povisa\/wp-content\/uploads\/2023\/07\/iconos-02-10.png","type":"","width":"","height":""}],"twitter_card":"summary_large_image","twitter_misc":{"Tiempo de lectura":"2 minutos"},"schema":{"@context":"https:\/\/schema.org","@graph":[{"@type":"WebPage","@id":"https:\/\/riberasalud.com\/povisa\/alopecia-androgenica-femenina\/","url":"https:\/\/riberasalud.com\/povisa\/alopecia-androgenica-femenina\/","name":"\u25b7 Alopecia frontal fibrosante | Hospital Ribera Povisa","isPartOf":{"@id":"https:\/\/riberasalud.com\/povisa\/#website"},"primaryImageOfPage":{"@id":"https:\/\/riberasalud.com\/povisa\/alopecia-androgenica-femenina\/#primaryimage"},"image":{"@id":"https:\/\/riberasalud.com\/povisa\/alopecia-androgenica-femenina\/#primaryimage"},"thumbnailUrl":"https:\/\/riberasalud.com\/povisa\/wp-content\/uploads\/2023\/07\/iconos-02-10.png","datePublished":"2023-07-19T06:28:02+00:00","dateModified":"2023-07-19T10:15:18+00:00","description":"lll\u1405 HOSPITAL RIBERA POVISA Alopecia frontal fibrosante La alopecia frontal fibrosante es el tipo de alopecia cicatricial m\u00e1s com\u00fan y su frecuencia est\u00e1 \u2705","inLanguage":"es","potentialAction":[{"@type":"ReadAction","target":["https:\/\/riberasalud.com\/povisa\/alopecia-androgenica-femenina\/"]}]},{"@type":"ImageObject","inLanguage":"es","@id":"https:\/\/riberasalud.com\/povisa\/alopecia-androgenica-femenina\/#primaryimage","url":"https:\/\/riberasalud.com\/povisa\/wp-content\/uploads\/2023\/07\/iconos-02-10.png","contentUrl":"https:\/\/riberasalud.com\/povisa\/wp-content\/uploads\/2023\/07\/iconos-02-10.png"},{"@type":"WebSite","@id":"https:\/\/riberasalud.com\/povisa\/#website","url":"https:\/\/riberasalud.com\/povisa\/","name":"Hospital Ribera Povisa","description":"","publisher":{"@id":"https:\/\/riberasalud.com\/povisa\/#organization"},"potentialAction":[{"@type":"SearchAction","target":{"@type":"EntryPoint","urlTemplate":"https:\/\/riberasalud.com\/povisa\/?s={search_term_string}"},"query-input":{"@type":"PropertyValueSpecification","valueRequired":true,"valueName":"search_term_string"}}],"inLanguage":"es"},{"@type":"Organization","@id":"https:\/\/riberasalud.com\/povisa\/#organization","name":"Hospital Ribera Povisa","url":"https:\/\/riberasalud.com\/povisa\/","logo":{"@type":"ImageObject","inLanguage":"es","@id":"https:\/\/riberasalud.com\/povisa\/#\/schema\/logo\/image\/","url":"https:\/\/riberasalud.com\/povisa\/wp-content\/uploads\/2024\/01\/cropped-Logo-Red-Povisa.png","contentUrl":"https:\/\/riberasalud.com\/povisa\/wp-content\/uploads\/2024\/01\/cropped-Logo-Red-Povisa.png","width":1929,"height":489,"caption":"Hospital Ribera Povisa"},"image":{"@id":"https:\/\/riberasalud.com\/povisa\/#\/schema\/logo\/image\/"}}]}},"_links":{"self":[{"href":"https:\/\/riberasalud.com\/povisa\/wp-json\/wp\/v2\/pages\/9532","targetHints":{"allow":["GET"]}}],"collection":[{"href":"https:\/\/riberasalud.com\/povisa\/wp-json\/wp\/v2\/pages"}],"about":[{"href":"https:\/\/riberasalud.com\/povisa\/wp-json\/wp\/v2\/types\/page"}],"author":[{"embeddable":true,"href":"https:\/\/riberasalud.com\/povisa\/wp-json\/wp\/v2\/users\/1"}],"replies":[{"embeddable":true,"href":"https:\/\/riberasalud.com\/povisa\/wp-json\/wp\/v2\/comments?post=9532"}],"version-history":[{"count":3,"href":"https:\/\/riberasalud.com\/povisa\/wp-json\/wp\/v2\/pages\/9532\/revisions"}],"predecessor-version":[{"id":9671,"href":"https:\/\/riberasalud.com\/povisa\/wp-json\/wp\/v2\/pages\/9532\/revisions\/9671"}],"wp:attachment":[{"href":"https:\/\/riberasalud.com\/povisa\/wp-json\/wp\/v2\/media?parent=9532"}],"curies":[{"name":"wp","href":"https:\/\/api.w.org\/{rel}","templated":true}]}}