{"id":9520,"date":"2023-07-19T06:09:35","date_gmt":"2023-07-19T06:09:35","guid":{"rendered":"https:\/\/riberasalud.com\/povisaaux\/?page_id=9520"},"modified":"2025-06-09T13:55:04","modified_gmt":"2025-06-09T13:55:04","slug":"alopecias","status":"publish","type":"page","link":"https:\/\/riberasalud.com\/povisa\/alopecias\/","title":{"rendered":"Alopecias"},"content":{"rendered":"\n<div class=\"wp-block-group hasbackgroundnaranja sliderlinea\"><div class=\"wp-block-group__inner-container is-layout-flow wp-block-group-is-layout-flow\">\n<p>HOSPITAL RIBERA POVISA<\/p>\n\n\n\n<h1 class=\"wp-block-heading\">Alopecias<\/h1>\n<\/div><\/div>\n\n\n\n<div class=\"wp-block-group\"><div class=\"wp-block-group__inner-container is-layout-flow wp-block-group-is-layout-flow\">\n<p class=\"ocultarambos\">El tric\u00f3logo es el dermat\u00f3logo especializado en Tricolog\u00eda, que es la ciencia que se ocupa del diagn\u00f3stico y el tratamiento de las enfermedades del cuero cabelludo y del pelo.<\/p>\n<\/div><\/div>\n\n\n\n<div class=\"wp-block-group modulocomo fondogris grupozeromarginmedicos ocultarambos\"><div class=\"wp-block-group__inner-container is-layout-flow wp-block-group-is-layout-flow\">\n<h2 class=\"wp-block-heading\" id=\"como\">Equipo m\u00e9dico<\/h2>\n\n\n\n<div class=\"wp-block-group gruponomargin equipotratamiento\"><div class=\"wp-block-group__inner-container is-layout-flow wp-block-group-is-layout-flow\">\n<div class=\"wp-block-columns is-layout-flex wp-container-core-columns-is-layout-9d6595d7 wp-block-columns-is-layout-flex\">\n<div class=\"wp-block-column is-vertically-aligned-center is-layout-flow wp-block-column-is-layout-flow\" style=\"flex-basis:33.33%\">\n<figure class=\"wp-block-image size-full is-style-rounded\"><img loading=\"lazy\" decoding=\"async\" width=\"300\" height=\"281\" src=\"https:\/\/riberasalud.com\/povisa\/wp-content\/uploads\/2023\/07\/dra.-Iria-Montero-300x281-1.png\" alt=\"\" class=\"wp-image-9522\"\/><\/figure>\n<\/div>\n\n\n\n<div class=\"wp-block-column is-layout-flow wp-block-column-is-layout-flow\" style=\"flex-basis:66.66%\">\n<p class=\"has-large-font-size\"><strong>Iria Montero<\/strong><\/p>\n\n\n\n<p><em>Responsable Unidad Tricolog\u00eda<\/em><\/p>\n\n\n\n<p><strong>2002-2008<\/strong> Licenciada en Medicina por la Universidad de Santiago de Compostela<br><strong>2009-2013<\/strong> Especialidad en Dermatolog\u00eda M\u00e9dico Quir\u00fargica y Venereolog\u00eda en el Hospital Cl\u00ednico Universitario de Santiago de Compostela<br><strong>De 2013<\/strong> a la actualidad trabajo como M\u00e9dico Adjunto en el servicio de Dermatolog\u00eda del Hospital Povisa<br><strong>En 2020<\/strong> M\u00e1ster Internacional en Tricolog\u00eda y Trasplante capilar por la Universidad de Alcal\u00e1 de Henares<br><strong>Desde 2019<\/strong> Responsable de la Unidad de Tricolog\u00eda<\/p>\n<\/div>\n<\/div>\n\n\n\n<p>\u00bfQuieres tener una consulta con nuestra profesional? Llama al <strong><a href=\"tel:986 12 00 00\">986 44 33 72<\/a><\/strong><\/p>\n<\/div><\/div>\n<\/div><\/div>\n\n\n\n<div class=\"wp-block-group hasbackgroundmio\"><div class=\"wp-block-group__inner-container is-layout-flow wp-block-group-is-layout-flow\">\n<div class=\"wp-block-columns is-layout-flex wp-container-core-columns-is-layout-9d6595d7 wp-block-columns-is-layout-flex\">\n<div class=\"wp-block-column is-layout-flow wp-block-column-is-layout-flow\">\n<figure class=\"wp-block-image size-full fotoredonda\"><img loading=\"lazy\" decoding=\"async\" width=\"800\" height=\"535\" src=\"https:\/\/riberasalud.com\/povisa\/wp-content\/uploads\/2023\/07\/iStock-1297707106.jpg\" alt=\"\" class=\"wp-image-9526\" srcset=\"https:\/\/riberasalud.com\/povisa\/wp-content\/uploads\/2023\/07\/iStock-1297707106.jpg 800w, https:\/\/riberasalud.com\/povisa\/wp-content\/uploads\/2023\/07\/iStock-1297707106-300x201.jpg 300w, https:\/\/riberasalud.com\/povisa\/wp-content\/uploads\/2023\/07\/iStock-1297707106-768x514.jpg 768w\" sizes=\"auto, (max-width: 800px) 100vw, 800px\" \/><\/figure>\n<\/div>\n\n\n\n<div class=\"wp-block-column is-layout-flow wp-block-column-is-layout-flow\">\n<h3 class=\"wp-block-heading titulolistaestetica has-medium-font-size\"><strong><strong><strong><strong>Alopecias<\/strong><\/strong><\/strong><\/strong><\/h3>\n\n\n\n<ul class=\"wp-block-list listaestetica\">\n<li><a href=\"https:\/\/riberasalud.com\/povisa\/alopecia-androgenica-femenina\/\" data-type=\"link\" data-id=\"https:\/\/riberasalud.com\/povisa\/alopecia-androgenica-femenina\/\">Alopecia Androg\u00e9nica femenina<\/a><\/li>\n\n\n\n<li><a href=\"https:\/\/riberasalud.com\/povisa\/alopecia-androgenica-masculina\/\" data-type=\"page\" data-id=\"9540\">Alopecia Androg\u00e9nica masculina<\/a><\/li>\n\n\n\n<li><a href=\"https:\/\/riberasalud.com\/povisa\/alopecia-areata\/\" data-type=\"page\" data-id=\"9536\">Alopecia areata<\/a><\/li>\n\n\n\n<li><a href=\"https:\/\/riberasalud.com\/povisa\/alopecia-androgenica-femenina\/\" data-type=\"page\" data-id=\"9532\">Alopecia frontal fibrosante<\/a><\/li>\n\n\n\n<li><a href=\"https:\/\/riberasalud.com\/povisa\/efluvio-telogeno\/\" data-type=\"page\" data-id=\"9538\">Efluvio tel\u00f3geno<\/a><\/li>\n\n\n\n<li><a href=\"https:\/\/riberasalud.com\/povisa\/foliculitis-decalvante\/\" data-type=\"page\" data-id=\"9539\">Foliculitis decalvante<\/a><\/li>\n\n\n\n<li><a href=\"https:\/\/riberasalud.com\/povisa\/otras-alopecias\/\" data-type=\"page\" data-id=\"9537\">Otras alopecias<\/a><\/li>\n<\/ul>\n<\/div>\n<\/div>\n<\/div><\/div>\n\n\n\n<div class=\"wp-block-group grupoinvertido ocultarambos\"><div class=\"wp-block-group__inner-container is-layout-flow wp-block-group-is-layout-flow\">\n<div class=\"wp-block-columns is-layout-flex wp-container-core-columns-is-layout-9d6595d7 wp-block-columns-is-layout-flex\">\n<div class=\"wp-block-column is-layout-flow wp-block-column-is-layout-flow\">\n<h3 class=\"wp-block-heading titulolistaestetica has-medium-font-size\"><strong><strong><strong><strong><strong><strong><strong>Tratamientos<\/strong><\/strong><\/strong><\/strong><\/strong><\/strong><\/strong><\/h3>\n\n\n\n<ul class=\"wp-block-list listaestetica\">\n<li><a href=\"https:\/\/riberasalud.com\/povisa\/trasplante-fue\/\">Trasplante FUE<\/a><\/li>\n\n\n\n<li><a href=\"https:\/\/riberasalud.com\/povisa\/trasplante-fuss\/\">Trasplante FUSS<\/a><\/li>\n\n\n\n<li><a href=\"https:\/\/riberasalud.com\/povisa\/corticoides\/\" data-type=\"page\" data-id=\"9566\">Corticoides<\/a><\/li>\n\n\n\n<li><a href=\"https:\/\/riberasalud.com\/povisa\/farmacos-antiandrogenos-en-mujeres\/\" data-type=\"page\" data-id=\"9563\">F\u00e1rmacos antiandr\u00f3genos en mujeres<\/a><\/li>\n\n\n\n<li><a href=\"https:\/\/riberasalud.com\/povisa\/farmacos-antiandrogenos-en-varones\/\" data-type=\"page\" data-id=\"9564\">F\u00e1rmacos antiandr\u00f3genos en varones<\/a><\/li>\n\n\n\n<li><a href=\"https:\/\/riberasalud.com\/povisa\/inmunoterapia-en-difenciprona\/\" data-type=\"page\" data-id=\"9565\">Inmunoterapia en difenciprona<\/a><\/li>\n\n\n\n<li><a href=\"https:\/\/riberasalud.com\/povisa\/mesoterapia-con-antiandrogenos\/\" data-type=\"page\" data-id=\"9562\">Mesoterapia con antiandr\u00f3genos<\/a><\/li>\n\n\n\n<li><a href=\"https:\/\/riberasalud.com\/povisa\/microneedling\/\" data-type=\"page\" data-id=\"9560\">Microneedling<\/a><\/li>\n\n\n\n<li><a href=\"https:\/\/riberasalud.com\/povisa\/plasma-rico-en-plaquetas\/\" data-type=\"page\" data-id=\"9561\">Plasma Rico en Plaquetas<\/a><\/li>\n<\/ul>\n<\/div>\n\n\n\n<div class=\"wp-block-column is-layout-flow wp-block-column-is-layout-flow\">\n<figure class=\"wp-block-image size-full fotoredonda\"><img loading=\"lazy\" decoding=\"async\" width=\"800\" height=\"532\" src=\"https:\/\/riberasalud.com\/povisa\/wp-content\/uploads\/2023\/07\/iStock-534140059.jpg\" alt=\"\" class=\"wp-image-9527\" srcset=\"https:\/\/riberasalud.com\/povisa\/wp-content\/uploads\/2023\/07\/iStock-534140059.jpg 800w, https:\/\/riberasalud.com\/povisa\/wp-content\/uploads\/2023\/07\/iStock-534140059-300x200.jpg 300w, https:\/\/riberasalud.com\/povisa\/wp-content\/uploads\/2023\/07\/iStock-534140059-768x511.jpg 768w\" sizes=\"auto, (max-width: 800px) 100vw, 800px\" \/><\/figure>\n<\/div>\n<\/div>\n<\/div><\/div>\n","protected":false},"excerpt":{"rendered":"<p>HOSPITAL RIBERA POVISA Alopecias El tric\u00f3logo es el dermat\u00f3logo especializado en Tricolog\u00eda, que es la ciencia que se ocupa del diagn\u00f3stico y el tratamiento de las enfermedades del cuero cabelludo y del pelo. Equipo m\u00e9dico Iria Montero Responsable Unidad Tricolog\u00eda 2002-2008 Licenciada en Medicina por la Universidad de Santiago de Compostela2009-2013 Especialidad en Dermatolog\u00eda M\u00e9dico &#8230; <a title=\"Alopecias\" class=\"read-more\" href=\"https:\/\/riberasalud.com\/povisa\/alopecias\/\" aria-label=\"Leer m\u00e1s sobre Alopecias\">Leer m\u00e1s<\/a><\/p>\n","protected":false},"author":1,"featured_media":10178,"parent":0,"menu_order":0,"comment_status":"closed","ping_status":"closed","template":"","meta":{"_coblocks_attr":"","_coblocks_dimensions":"","_coblocks_responsive_height":"","_coblocks_accordion_ie_support":"","_monsterinsights_skip_tracking":false,"_monsterinsights_sitenote_active":false,"_monsterinsights_sitenote_note":"","_monsterinsights_sitenote_category":0,"footnotes":""},"class_list":["post-9520","page","type-page","status-publish","has-post-thumbnail"],"yoast_head":"<!-- This site is optimized with the Yoast SEO plugin v26.9 - https:\/\/yoast.com\/product\/yoast-seo-wordpress\/ -->\n<title>\u25b7 Alopecias | Hospital Ribera Povisa<\/title>\n<meta name=\"description\" content=\"lll\u1405 &quot;La alopecia es la ca\u00edda anormal del cabello, con diversos tipos, causas y tratamientos disponibles.&quot; \u2705\" \/>\n<meta name=\"robots\" content=\"index, follow, max-snippet:-1, max-image-preview:large, max-video-preview:-1\" \/>\n<link rel=\"canonical\" href=\"https:\/\/riberasalud.com\/povisa\/alopecias\/\" \/>\n<meta property=\"og:locale\" content=\"es_ES\" \/>\n<meta property=\"og:type\" content=\"article\" \/>\n<meta property=\"og:title\" content=\"\u25b7 Alopecias | Hospital Ribera Povisa\" \/>\n<meta property=\"og:description\" content=\"lll\u1405 &quot;La alopecia es la ca\u00edda anormal del cabello, con diversos tipos, causas y tratamientos disponibles.&quot; \u2705\" \/>\n<meta property=\"og:url\" content=\"https:\/\/riberasalud.com\/povisa\/alopecias\/\" \/>\n<meta property=\"og:site_name\" content=\"Hospital Ribera Povisa\" \/>\n<meta property=\"article:modified_time\" content=\"2025-06-09T13:55:04+00:00\" \/>\n<meta property=\"og:image\" content=\"https:\/\/riberasalud.com\/povisa\/wp-content\/uploads\/2023\/12\/alopecia.jpg\" \/>\n\t<meta property=\"og:image:width\" content=\"800\" \/>\n\t<meta property=\"og:image:height\" content=\"535\" \/>\n\t<meta property=\"og:image:type\" content=\"image\/jpeg\" \/>\n<meta name=\"twitter:card\" content=\"summary_large_image\" \/>\n<meta name=\"twitter:label1\" content=\"Tiempo de lectura\" \/>\n\t<meta name=\"twitter:data1\" content=\"2 minutos\" \/>\n<script type=\"application\/ld+json\" class=\"yoast-schema-graph\">{\"@context\":\"https:\/\/schema.org\",\"@graph\":[{\"@type\":\"WebPage\",\"@id\":\"https:\/\/riberasalud.com\/povisa\/alopecias\/\",\"url\":\"https:\/\/riberasalud.com\/povisa\/alopecias\/\",\"name\":\"\u25b7 Alopecias | Hospital Ribera Povisa\",\"isPartOf\":{\"@id\":\"https:\/\/riberasalud.com\/povisa\/#website\"},\"primaryImageOfPage\":{\"@id\":\"https:\/\/riberasalud.com\/povisa\/alopecias\/#primaryimage\"},\"image\":{\"@id\":\"https:\/\/riberasalud.com\/povisa\/alopecias\/#primaryimage\"},\"thumbnailUrl\":\"https:\/\/riberasalud.com\/povisa\/wp-content\/uploads\/2023\/12\/alopecia.jpg\",\"datePublished\":\"2023-07-19T06:09:35+00:00\",\"dateModified\":\"2025-06-09T13:55:04+00:00\",\"description\":\"lll\u1405 \\\"La alopecia es la ca\u00edda anormal del cabello, con diversos tipos, causas y tratamientos disponibles.\\\" \u2705\",\"inLanguage\":\"es\",\"potentialAction\":[{\"@type\":\"ReadAction\",\"target\":[\"https:\/\/riberasalud.com\/povisa\/alopecias\/\"]}]},{\"@type\":\"ImageObject\",\"inLanguage\":\"es\",\"@id\":\"https:\/\/riberasalud.com\/povisa\/alopecias\/#primaryimage\",\"url\":\"https:\/\/riberasalud.com\/povisa\/wp-content\/uploads\/2023\/12\/alopecia.jpg\",\"contentUrl\":\"https:\/\/riberasalud.com\/povisa\/wp-content\/uploads\/2023\/12\/alopecia.jpg\",\"width\":800,\"height\":535,\"caption\":\"Man taking a shower washing hair under water falling from rain showerhead in luxury walk-in bath. Showering young person at home lifestyle. Body care morning routine in sunlight.\"},{\"@type\":\"WebSite\",\"@id\":\"https:\/\/riberasalud.com\/povisa\/#website\",\"url\":\"https:\/\/riberasalud.com\/povisa\/\",\"name\":\"Hospital Ribera Povisa\",\"description\":\"\",\"publisher\":{\"@id\":\"https:\/\/riberasalud.com\/povisa\/#organization\"},\"potentialAction\":[{\"@type\":\"SearchAction\",\"target\":{\"@type\":\"EntryPoint\",\"urlTemplate\":\"https:\/\/riberasalud.com\/povisa\/?s={search_term_string}\"},\"query-input\":{\"@type\":\"PropertyValueSpecification\",\"valueRequired\":true,\"valueName\":\"search_term_string\"}}],\"inLanguage\":\"es\"},{\"@type\":\"Organization\",\"@id\":\"https:\/\/riberasalud.com\/povisa\/#organization\",\"name\":\"Hospital Ribera Povisa\",\"url\":\"https:\/\/riberasalud.com\/povisa\/\",\"logo\":{\"@type\":\"ImageObject\",\"inLanguage\":\"es\",\"@id\":\"https:\/\/riberasalud.com\/povisa\/#\/schema\/logo\/image\/\",\"url\":\"https:\/\/riberasalud.com\/povisa\/wp-content\/uploads\/2024\/01\/cropped-Logo-Red-Povisa.png\",\"contentUrl\":\"https:\/\/riberasalud.com\/povisa\/wp-content\/uploads\/2024\/01\/cropped-Logo-Red-Povisa.png\",\"width\":1929,\"height\":489,\"caption\":\"Hospital Ribera Povisa\"},\"image\":{\"@id\":\"https:\/\/riberasalud.com\/povisa\/#\/schema\/logo\/image\/\"}}]}<\/script>\n<!-- \/ Yoast SEO plugin. -->","yoast_head_json":{"title":"\u25b7 Alopecias | Hospital Ribera Povisa","description":"lll\u1405 \"La alopecia es la ca\u00edda anormal del cabello, con diversos tipos, causas y tratamientos disponibles.\" \u2705","robots":{"index":"index","follow":"follow","max-snippet":"max-snippet:-1","max-image-preview":"max-image-preview:large","max-video-preview":"max-video-preview:-1"},"canonical":"https:\/\/riberasalud.com\/povisa\/alopecias\/","og_locale":"es_ES","og_type":"article","og_title":"\u25b7 Alopecias | Hospital Ribera Povisa","og_description":"lll\u1405 \"La alopecia es la ca\u00edda anormal del cabello, con diversos tipos, causas y tratamientos disponibles.\" \u2705","og_url":"https:\/\/riberasalud.com\/povisa\/alopecias\/","og_site_name":"Hospital Ribera Povisa","article_modified_time":"2025-06-09T13:55:04+00:00","og_image":[{"width":800,"height":535,"url":"https:\/\/riberasalud.com\/povisa\/wp-content\/uploads\/2023\/12\/alopecia.jpg","type":"image\/jpeg"}],"twitter_card":"summary_large_image","twitter_misc":{"Tiempo de lectura":"2 minutos"},"schema":{"@context":"https:\/\/schema.org","@graph":[{"@type":"WebPage","@id":"https:\/\/riberasalud.com\/povisa\/alopecias\/","url":"https:\/\/riberasalud.com\/povisa\/alopecias\/","name":"\u25b7 Alopecias | Hospital Ribera Povisa","isPartOf":{"@id":"https:\/\/riberasalud.com\/povisa\/#website"},"primaryImageOfPage":{"@id":"https:\/\/riberasalud.com\/povisa\/alopecias\/#primaryimage"},"image":{"@id":"https:\/\/riberasalud.com\/povisa\/alopecias\/#primaryimage"},"thumbnailUrl":"https:\/\/riberasalud.com\/povisa\/wp-content\/uploads\/2023\/12\/alopecia.jpg","datePublished":"2023-07-19T06:09:35+00:00","dateModified":"2025-06-09T13:55:04+00:00","description":"lll\u1405 \"La alopecia es la ca\u00edda anormal del cabello, con diversos tipos, causas y tratamientos disponibles.\" \u2705","inLanguage":"es","potentialAction":[{"@type":"ReadAction","target":["https:\/\/riberasalud.com\/povisa\/alopecias\/"]}]},{"@type":"ImageObject","inLanguage":"es","@id":"https:\/\/riberasalud.com\/povisa\/alopecias\/#primaryimage","url":"https:\/\/riberasalud.com\/povisa\/wp-content\/uploads\/2023\/12\/alopecia.jpg","contentUrl":"https:\/\/riberasalud.com\/povisa\/wp-content\/uploads\/2023\/12\/alopecia.jpg","width":800,"height":535,"caption":"Man taking a shower washing hair under water falling from rain showerhead in luxury walk-in bath. Showering young person at home lifestyle. Body care morning routine in sunlight."},{"@type":"WebSite","@id":"https:\/\/riberasalud.com\/povisa\/#website","url":"https:\/\/riberasalud.com\/povisa\/","name":"Hospital Ribera Povisa","description":"","publisher":{"@id":"https:\/\/riberasalud.com\/povisa\/#organization"},"potentialAction":[{"@type":"SearchAction","target":{"@type":"EntryPoint","urlTemplate":"https:\/\/riberasalud.com\/povisa\/?s={search_term_string}"},"query-input":{"@type":"PropertyValueSpecification","valueRequired":true,"valueName":"search_term_string"}}],"inLanguage":"es"},{"@type":"Organization","@id":"https:\/\/riberasalud.com\/povisa\/#organization","name":"Hospital Ribera Povisa","url":"https:\/\/riberasalud.com\/povisa\/","logo":{"@type":"ImageObject","inLanguage":"es","@id":"https:\/\/riberasalud.com\/povisa\/#\/schema\/logo\/image\/","url":"https:\/\/riberasalud.com\/povisa\/wp-content\/uploads\/2024\/01\/cropped-Logo-Red-Povisa.png","contentUrl":"https:\/\/riberasalud.com\/povisa\/wp-content\/uploads\/2024\/01\/cropped-Logo-Red-Povisa.png","width":1929,"height":489,"caption":"Hospital Ribera Povisa"},"image":{"@id":"https:\/\/riberasalud.com\/povisa\/#\/schema\/logo\/image\/"}}]}},"_links":{"self":[{"href":"https:\/\/riberasalud.com\/povisa\/wp-json\/wp\/v2\/pages\/9520","targetHints":{"allow":["GET"]}}],"collection":[{"href":"https:\/\/riberasalud.com\/povisa\/wp-json\/wp\/v2\/pages"}],"about":[{"href":"https:\/\/riberasalud.com\/povisa\/wp-json\/wp\/v2\/types\/page"}],"author":[{"embeddable":true,"href":"https:\/\/riberasalud.com\/povisa\/wp-json\/wp\/v2\/users\/1"}],"replies":[{"embeddable":true,"href":"https:\/\/riberasalud.com\/povisa\/wp-json\/wp\/v2\/comments?post=9520"}],"version-history":[{"count":17,"href":"https:\/\/riberasalud.com\/povisa\/wp-json\/wp\/v2\/pages\/9520\/revisions"}],"predecessor-version":[{"id":14362,"href":"https:\/\/riberasalud.com\/povisa\/wp-json\/wp\/v2\/pages\/9520\/revisions\/14362"}],"wp:featuredmedia":[{"embeddable":true,"href":"https:\/\/riberasalud.com\/povisa\/wp-json\/wp\/v2\/media\/10178"}],"wp:attachment":[{"href":"https:\/\/riberasalud.com\/povisa\/wp-json\/wp\/v2\/media?parent=9520"}],"curies":[{"name":"wp","href":"https:\/\/api.w.org\/{rel}","templated":true}]}}