{"id":9508,"date":"2023-07-18T09:03:28","date_gmt":"2023-07-18T09:03:28","guid":{"rendered":"https:\/\/riberasalud.com\/povisaaux\/?page_id=9508"},"modified":"2026-01-08T12:42:03","modified_gmt":"2026-01-08T12:42:03","slug":"medicina-interna","status":"publish","type":"page","link":"https:\/\/riberasalud.com\/povisa\/medicina-interna\/","title":{"rendered":"Medicina Interna"},"content":{"rendered":"\n<div class=\"wp-block-group hasbackgroundnaranja sliderlinea\"><div class=\"wp-block-group__inner-container is-layout-flow wp-block-group-is-layout-flow\">\n<p>HOSPITAL RIBERA POVISA<\/p>\n\n\n\n<h1 class=\"wp-block-heading\">Medicina Interna<\/h1>\n<\/div><\/div>\n\n\n\n<div class=\"wp-block-group hasbackgroundnaranja zeromargingroup zerozeromargingroup\"><div class=\"wp-block-group__inner-container is-layout-flow wp-block-group-is-layout-flow\">\n<div class=\"wp-block-columns columnanomargin is-layout-flex wp-container-core-columns-is-layout-9d6595d7 wp-block-columns-is-layout-flex\">\n<div class=\"wp-block-column is-vertically-aligned-center is-layout-flow wp-block-column-is-layout-flow\" style=\"flex-basis:25%\">\n<h2 class=\"wp-block-heading has-text-align-left zeromargin\">\u00a1El\u00edgenos!<\/h2>\n<\/div>\n\n\n\n<div class=\"wp-block-column is-layout-flow wp-block-column-is-layout-flow\" style=\"flex-basis:37%\">\n<h3 class=\"wp-block-heading\">Plan formativo<\/h3>\n\n\n\n<p class=\"zeromargin\"><a href=\"https:\/\/riberasalud.com\/povisa\/wp-content\/uploads\/2023\/07\/Guia-Formativa-Medicina-Interna.pdf\">Descargar plan formativo \u2192<br><\/a>Descargar plan gesti\u00f3n y calidad docente \u2192<\/p>\n<\/div>\n\n\n\n<div class=\"wp-block-column is-layout-flow wp-block-column-is-layout-flow\" style=\"flex-basis:37%\">\n<h3 class=\"wp-block-heading\">Contacto<\/h3>\n\n\n\n<p class=\"zeromargin\"><strong><a href=\"mailto:secretaria.comision.docencia@povisa.es\" target=\"_blank\" rel=\"noreferrer noopener\"><\/a><strong><a href=\"mailto:secretaria.comision.docencia.povisa@riberacare.com\" target=\"_blank\" rel=\"noreferrer noopener\"><\/a><a href=\"mailto:secretaria.comision.docencia.povisa@riberacare.com\" target=\"_blank\" rel=\"noreferrer noopener\">secretaria.comision.docencia.povisa@riberacare.com<\/a><\/strong><\/strong><\/p>\n<\/div>\n<\/div>\n<\/div><\/div>\n\n\n\n<div class=\"wp-block-group\"><div class=\"wp-block-group__inner-container is-layout-flow wp-block-group-is-layout-flow\">\n<figure class=\"wp-block-image size-full fotoredonda\"><img loading=\"lazy\" decoding=\"async\" width=\"1920\" height=\"420\" src=\"https:\/\/riberasalud.com\/povisa\/wp-content\/uploads\/2023\/07\/medicinainterna.jpg\" alt=\"\" class=\"wp-image-9676\" srcset=\"https:\/\/riberasalud.com\/povisa\/wp-content\/uploads\/2023\/07\/medicinainterna.jpg 1920w, https:\/\/riberasalud.com\/povisa\/wp-content\/uploads\/2023\/07\/medicinainterna-300x66.jpg 300w, https:\/\/riberasalud.com\/povisa\/wp-content\/uploads\/2023\/07\/medicinainterna-1024x224.jpg 1024w, https:\/\/riberasalud.com\/povisa\/wp-content\/uploads\/2023\/07\/medicinainterna-768x168.jpg 768w, https:\/\/riberasalud.com\/povisa\/wp-content\/uploads\/2023\/07\/medicinainterna-1536x336.jpg 1536w\" sizes=\"auto, (max-width: 1920px) 100vw, 1920px\" \/><\/figure>\n\n\n\n<div style=\"height:20px\" aria-hidden=\"true\" class=\"wp-block-spacer\"><\/div>\n\n\n\n<p>El Hospital Ribera Povisa es el hospital privado m\u00e1s grande de Espa\u00f1a. Tiene m\u00e1s de 350 camas funcionantes y dispone de todas las especialidades salvo Cirug\u00eda Card\u00edaca.&nbsp;<\/p>\n\n\n\n<p>Ha conseguido numerosas acreditaciones de calidad, seguridad e innovaci\u00f3n, incluida la Joint Comission International, la m\u00e1s prestigiosa acreditaci\u00f3n de calidad a nivel mundial.<\/p>\n\n\n\n<p>Su actividad m\u00e1s importante es la atenci\u00f3n a los pacientes de la sanidad p\u00fablica en relaci\u00f3n con el concierto que existe con el Servicio Galego de Sa\u00fade, por el que proporciona asistencia hospitalaria a m\u00e1s de 130.000 personas.<\/p>\n\n\n\n<p>Desde el a\u00f1o 2009 el Servicio de Medicina Interna forma a M\u00e9dicos Internos Residentes en esta especialidad. Este hecho ha supuesto un reto organizativo que ha estimulado a los integrantes del servicio y a todo el personal del hospital en general, logrando un alto grado de satisfacci\u00f3n entre los residentes que hemos formado. Adem\u00e1s, todos ellos han conseguido trabajo en el \u00e1mbito de su especialidad, tanto en el sistema p\u00fablico como en el privado.<\/p>\n\n\n\n<p>Nuestro servicio est\u00e1 formado por 20 m\u00e9dicos, adem\u00e1s de los MIR (dos por a\u00f1o). La labor asistencial se desarrolla por igual por todos los miembros del servicio, pero existen \u00e1reas de especial dedicaci\u00f3n tanto asistencial como de investigaci\u00f3n, coordinadas por diferentes facultativos: Hipertensi\u00f3n y riesgo vascular, Trombosis y patolog\u00eda vascular, Enfermedades autoinmunes, Enfermedades Infecciosas, COVID-19, Paciente cr\u00f3nico complejo, Hepatolog\u00eda, Infecci\u00f3n por VIH\/SIDA y Consultor\u00eda de otras especialidades.<\/p>\n\n\n\n<p>Tenemos una estrecha y fluida relaci\u00f3n con Hospitalizaci\u00f3n a domicilio (servicio formado tambi\u00e9n por m\u00e9dicos internistas) y Cuidados paliativos, que favorece la continuidad asistencial.<\/p>\n\n\n\n<p>Adem\u00e1s realizamos t\u00e9cnicas de ecograf\u00eda, elastograf\u00eda, MAPA y capilaroscopia, as\u00ed como drenajes pleurales y peritoneales.<\/p>\n\n\n\n<p>Tanto los estudiantes como los MIR de Medicina Interna, Medicina de Familia u otras especialidades rotan de forma exclusiva con un m\u00e9dico; de este modo se garantiza una atenci\u00f3n m\u00e1s personal.<\/p>\n\n\n\n<p>Una de las principales ventajas del servicio de Medicina Interna es que asume la mayor parte de la hospitalizaci\u00f3n m\u00e9dica del hospital, salvo Cardiolog\u00eda, Hematolog\u00eda y Oncolog\u00eda. De este modo representa el destino ideal para cualquier m\u00e9dico internista, ya que aqu\u00ed podr\u00e1 tener una visi\u00f3n amplia de la especialidad, hecho que no pueden proporcionar hospitales de mayor tama\u00f1o.&nbsp;<\/p>\n\n\n\n<p>Cada semana tenemos varios tipos de sesiones: casos cl\u00ednicos, bibliogr\u00e1ficas, cl\u00ednico-radiol\u00f3gicas y enfermedades infecciosas.<\/p>\n\n\n\n<p>Durante el primer a\u00f1o las guardias se realizan en el servicio de Urgencias, y el resto del per\u00edodo de formaci\u00f3n en Medicina Interna, donde siempre se proporciona una supervisi\u00f3n adecuada al a\u00f1o de formaci\u00f3n.<\/p>\n\n\n\n<p>Por \u00faltimo, y no menos importante, el ambiente de trabajo en nuestro servicio es excepcional, lo cual favorece una mayor satisfacci\u00f3n personal y profesional.<\/p>\n\n\n\n<p>Os invitamos a probarlo. No os defraudar\u00e1.<\/p>\n\n\n\n<p><\/p>\n\n\n\n<p><a href=\"https:\/\/riberasalud.com\/povisa\/wp-content\/uploads\/2023\/07\/Guia-Formativa-Medicina-Interna.pdf\">Descargar gu\u00eda formativa \u2192<\/a><\/p>\n<\/div><\/div>\n","protected":false},"excerpt":{"rendered":"<p>HOSPITAL RIBERA POVISA Medicina Interna \u00a1El\u00edgenos! Plan formativo Descargar plan formativo \u2192Descargar plan gesti\u00f3n y calidad docente \u2192 Contacto secretaria.comision.docencia.povisa@riberacare.com El Hospital Ribera Povisa es el hospital privado m\u00e1s grande de Espa\u00f1a. Tiene m\u00e1s de 350 camas funcionantes y dispone de todas las especialidades salvo Cirug\u00eda Card\u00edaca.&nbsp; Ha conseguido numerosas acreditaciones de calidad, seguridad e &#8230; <a title=\"Medicina Interna\" class=\"read-more\" href=\"https:\/\/riberasalud.com\/povisa\/medicina-interna\/\" aria-label=\"Leer m\u00e1s sobre Medicina Interna\">Leer m\u00e1s<\/a><\/p>\n","protected":false},"author":1,"featured_media":0,"parent":0,"menu_order":0,"comment_status":"closed","ping_status":"closed","template":"","meta":{"_coblocks_attr":"","_coblocks_dimensions":"","_coblocks_responsive_height":"","_coblocks_accordion_ie_support":"","_monsterinsights_skip_tracking":false,"_monsterinsights_sitenote_active":false,"_monsterinsights_sitenote_note":"","_monsterinsights_sitenote_category":0,"footnotes":""},"class_list":["post-9508","page","type-page","status-publish"],"yoast_head":"<!-- This site is optimized with the Yoast SEO plugin v26.9 - https:\/\/yoast.com\/product\/yoast-seo-wordpress\/ -->\n<title>\u25b7 Medicina Interna | Hospital Ribera Povisa<\/title>\n<meta name=\"description\" content=\"lll\u1405 HOSPITAL RIBERA POVISA Medicina Interna \u00a1El\u00edgenos! Plan formativo Descargar plan formativo \u2192Descargar plan gesti\u00f3n y calidad docente \u2192 Contacto \u2705\" \/>\n<meta name=\"robots\" content=\"index, follow, max-snippet:-1, max-image-preview:large, max-video-preview:-1\" \/>\n<link rel=\"canonical\" href=\"https:\/\/riberasalud.com\/povisa\/medicina-interna\/\" \/>\n<meta property=\"og:locale\" content=\"es_ES\" \/>\n<meta property=\"og:type\" content=\"article\" \/>\n<meta property=\"og:title\" content=\"\u25b7 Medicina Interna | Hospital Ribera Povisa\" \/>\n<meta property=\"og:description\" content=\"lll\u1405 HOSPITAL RIBERA POVISA Medicina Interna \u00a1El\u00edgenos! Plan formativo Descargar plan formativo \u2192Descargar plan gesti\u00f3n y calidad docente \u2192 Contacto \u2705\" \/>\n<meta property=\"og:url\" content=\"https:\/\/riberasalud.com\/povisa\/medicina-interna\/\" \/>\n<meta property=\"og:site_name\" content=\"Hospital Ribera Povisa\" \/>\n<meta property=\"article:modified_time\" content=\"2026-01-08T12:42:03+00:00\" \/>\n<meta property=\"og:image\" content=\"https:\/\/riberasalud.com\/povisa\/wp-content\/uploads\/2023\/07\/medicinainterna.jpg\" \/>\n<meta name=\"twitter:card\" content=\"summary_large_image\" \/>\n<meta name=\"twitter:label1\" content=\"Tiempo de lectura\" \/>\n\t<meta name=\"twitter:data1\" content=\"3 minutos\" \/>\n<script type=\"application\/ld+json\" class=\"yoast-schema-graph\">{\"@context\":\"https:\/\/schema.org\",\"@graph\":[{\"@type\":\"WebPage\",\"@id\":\"https:\/\/riberasalud.com\/povisa\/medicina-interna\/\",\"url\":\"https:\/\/riberasalud.com\/povisa\/medicina-interna\/\",\"name\":\"\u25b7 Medicina Interna | Hospital Ribera Povisa\",\"isPartOf\":{\"@id\":\"https:\/\/riberasalud.com\/povisa\/#website\"},\"primaryImageOfPage\":{\"@id\":\"https:\/\/riberasalud.com\/povisa\/medicina-interna\/#primaryimage\"},\"image\":{\"@id\":\"https:\/\/riberasalud.com\/povisa\/medicina-interna\/#primaryimage\"},\"thumbnailUrl\":\"https:\/\/riberasalud.com\/povisa\/wp-content\/uploads\/2023\/07\/medicinainterna.jpg\",\"datePublished\":\"2023-07-18T09:03:28+00:00\",\"dateModified\":\"2026-01-08T12:42:03+00:00\",\"description\":\"lll\u1405 HOSPITAL RIBERA POVISA Medicina Interna \u00a1El\u00edgenos! Plan formativo Descargar plan formativo \u2192Descargar plan gesti\u00f3n y calidad docente \u2192 Contacto \u2705\",\"inLanguage\":\"es\",\"potentialAction\":[{\"@type\":\"ReadAction\",\"target\":[\"https:\/\/riberasalud.com\/povisa\/medicina-interna\/\"]}]},{\"@type\":\"ImageObject\",\"inLanguage\":\"es\",\"@id\":\"https:\/\/riberasalud.com\/povisa\/medicina-interna\/#primaryimage\",\"url\":\"https:\/\/riberasalud.com\/povisa\/wp-content\/uploads\/2023\/07\/medicinainterna.jpg\",\"contentUrl\":\"https:\/\/riberasalud.com\/povisa\/wp-content\/uploads\/2023\/07\/medicinainterna.jpg\"},{\"@type\":\"WebSite\",\"@id\":\"https:\/\/riberasalud.com\/povisa\/#website\",\"url\":\"https:\/\/riberasalud.com\/povisa\/\",\"name\":\"Hospital Ribera Povisa\",\"description\":\"\",\"publisher\":{\"@id\":\"https:\/\/riberasalud.com\/povisa\/#organization\"},\"potentialAction\":[{\"@type\":\"SearchAction\",\"target\":{\"@type\":\"EntryPoint\",\"urlTemplate\":\"https:\/\/riberasalud.com\/povisa\/?s={search_term_string}\"},\"query-input\":{\"@type\":\"PropertyValueSpecification\",\"valueRequired\":true,\"valueName\":\"search_term_string\"}}],\"inLanguage\":\"es\"},{\"@type\":\"Organization\",\"@id\":\"https:\/\/riberasalud.com\/povisa\/#organization\",\"name\":\"Hospital Ribera Povisa\",\"url\":\"https:\/\/riberasalud.com\/povisa\/\",\"logo\":{\"@type\":\"ImageObject\",\"inLanguage\":\"es\",\"@id\":\"https:\/\/riberasalud.com\/povisa\/#\/schema\/logo\/image\/\",\"url\":\"https:\/\/riberasalud.com\/povisa\/wp-content\/uploads\/2024\/01\/cropped-Logo-Red-Povisa.png\",\"contentUrl\":\"https:\/\/riberasalud.com\/povisa\/wp-content\/uploads\/2024\/01\/cropped-Logo-Red-Povisa.png\",\"width\":1929,\"height\":489,\"caption\":\"Hospital Ribera Povisa\"},\"image\":{\"@id\":\"https:\/\/riberasalud.com\/povisa\/#\/schema\/logo\/image\/\"}}]}<\/script>\n<!-- \/ Yoast SEO plugin. -->","yoast_head_json":{"title":"\u25b7 Medicina Interna | Hospital Ribera Povisa","description":"lll\u1405 HOSPITAL RIBERA POVISA Medicina Interna \u00a1El\u00edgenos! Plan formativo Descargar plan formativo \u2192Descargar plan gesti\u00f3n y calidad docente \u2192 Contacto \u2705","robots":{"index":"index","follow":"follow","max-snippet":"max-snippet:-1","max-image-preview":"max-image-preview:large","max-video-preview":"max-video-preview:-1"},"canonical":"https:\/\/riberasalud.com\/povisa\/medicina-interna\/","og_locale":"es_ES","og_type":"article","og_title":"\u25b7 Medicina Interna | Hospital Ribera Povisa","og_description":"lll\u1405 HOSPITAL RIBERA POVISA Medicina Interna \u00a1El\u00edgenos! Plan formativo Descargar plan formativo \u2192Descargar plan gesti\u00f3n y calidad docente \u2192 Contacto \u2705","og_url":"https:\/\/riberasalud.com\/povisa\/medicina-interna\/","og_site_name":"Hospital Ribera Povisa","article_modified_time":"2026-01-08T12:42:03+00:00","og_image":[{"url":"https:\/\/riberasalud.com\/povisa\/wp-content\/uploads\/2023\/07\/medicinainterna.jpg","type":"","width":"","height":""}],"twitter_card":"summary_large_image","twitter_misc":{"Tiempo de lectura":"3 minutos"},"schema":{"@context":"https:\/\/schema.org","@graph":[{"@type":"WebPage","@id":"https:\/\/riberasalud.com\/povisa\/medicina-interna\/","url":"https:\/\/riberasalud.com\/povisa\/medicina-interna\/","name":"\u25b7 Medicina Interna | Hospital Ribera Povisa","isPartOf":{"@id":"https:\/\/riberasalud.com\/povisa\/#website"},"primaryImageOfPage":{"@id":"https:\/\/riberasalud.com\/povisa\/medicina-interna\/#primaryimage"},"image":{"@id":"https:\/\/riberasalud.com\/povisa\/medicina-interna\/#primaryimage"},"thumbnailUrl":"https:\/\/riberasalud.com\/povisa\/wp-content\/uploads\/2023\/07\/medicinainterna.jpg","datePublished":"2023-07-18T09:03:28+00:00","dateModified":"2026-01-08T12:42:03+00:00","description":"lll\u1405 HOSPITAL RIBERA POVISA Medicina Interna \u00a1El\u00edgenos! Plan formativo Descargar plan formativo \u2192Descargar plan gesti\u00f3n y calidad docente \u2192 Contacto \u2705","inLanguage":"es","potentialAction":[{"@type":"ReadAction","target":["https:\/\/riberasalud.com\/povisa\/medicina-interna\/"]}]},{"@type":"ImageObject","inLanguage":"es","@id":"https:\/\/riberasalud.com\/povisa\/medicina-interna\/#primaryimage","url":"https:\/\/riberasalud.com\/povisa\/wp-content\/uploads\/2023\/07\/medicinainterna.jpg","contentUrl":"https:\/\/riberasalud.com\/povisa\/wp-content\/uploads\/2023\/07\/medicinainterna.jpg"},{"@type":"WebSite","@id":"https:\/\/riberasalud.com\/povisa\/#website","url":"https:\/\/riberasalud.com\/povisa\/","name":"Hospital Ribera Povisa","description":"","publisher":{"@id":"https:\/\/riberasalud.com\/povisa\/#organization"},"potentialAction":[{"@type":"SearchAction","target":{"@type":"EntryPoint","urlTemplate":"https:\/\/riberasalud.com\/povisa\/?s={search_term_string}"},"query-input":{"@type":"PropertyValueSpecification","valueRequired":true,"valueName":"search_term_string"}}],"inLanguage":"es"},{"@type":"Organization","@id":"https:\/\/riberasalud.com\/povisa\/#organization","name":"Hospital Ribera Povisa","url":"https:\/\/riberasalud.com\/povisa\/","logo":{"@type":"ImageObject","inLanguage":"es","@id":"https:\/\/riberasalud.com\/povisa\/#\/schema\/logo\/image\/","url":"https:\/\/riberasalud.com\/povisa\/wp-content\/uploads\/2024\/01\/cropped-Logo-Red-Povisa.png","contentUrl":"https:\/\/riberasalud.com\/povisa\/wp-content\/uploads\/2024\/01\/cropped-Logo-Red-Povisa.png","width":1929,"height":489,"caption":"Hospital Ribera Povisa"},"image":{"@id":"https:\/\/riberasalud.com\/povisa\/#\/schema\/logo\/image\/"}}]}},"_links":{"self":[{"href":"https:\/\/riberasalud.com\/povisa\/wp-json\/wp\/v2\/pages\/9508","targetHints":{"allow":["GET"]}}],"collection":[{"href":"https:\/\/riberasalud.com\/povisa\/wp-json\/wp\/v2\/pages"}],"about":[{"href":"https:\/\/riberasalud.com\/povisa\/wp-json\/wp\/v2\/types\/page"}],"author":[{"embeddable":true,"href":"https:\/\/riberasalud.com\/povisa\/wp-json\/wp\/v2\/users\/1"}],"replies":[{"embeddable":true,"href":"https:\/\/riberasalud.com\/povisa\/wp-json\/wp\/v2\/comments?post=9508"}],"version-history":[{"count":6,"href":"https:\/\/riberasalud.com\/povisa\/wp-json\/wp\/v2\/pages\/9508\/revisions"}],"predecessor-version":[{"id":15525,"href":"https:\/\/riberasalud.com\/povisa\/wp-json\/wp\/v2\/pages\/9508\/revisions\/15525"}],"wp:attachment":[{"href":"https:\/\/riberasalud.com\/povisa\/wp-json\/wp\/v2\/media?parent=9508"}],"curies":[{"name":"wp","href":"https:\/\/api.w.org\/{rel}","templated":true}]}}