{"id":9507,"date":"2023-07-18T09:03:00","date_gmt":"2023-07-18T09:03:00","guid":{"rendered":"https:\/\/riberasalud.com\/povisaaux\/?page_id=9507"},"modified":"2026-01-08T12:41:56","modified_gmt":"2026-01-08T12:41:56","slug":"anestesiologia-y-reanimacion","status":"publish","type":"page","link":"https:\/\/riberasalud.com\/povisa\/anestesiologia-y-reanimacion\/","title":{"rendered":"Anestesiolog\u00eda y Reanimaci\u00f3n"},"content":{"rendered":"\n<div class=\"wp-block-group hasbackgroundnaranja sliderlinea\"><div class=\"wp-block-group__inner-container is-layout-flow wp-block-group-is-layout-flow\">\n<p>HOSPITAL RIBERA POVISA<\/p>\n\n\n\n<h1 class=\"wp-block-heading\">Anestesiolog\u00eda y Reanimaci\u00f3n<\/h1>\n<\/div><\/div>\n\n\n\n<div class=\"wp-block-group hasbackgroundnaranja zeromargingroup zerozeromargingroup\"><div class=\"wp-block-group__inner-container is-layout-flow wp-block-group-is-layout-flow\">\n<div class=\"wp-block-columns columnanomargin is-layout-flex wp-container-core-columns-is-layout-9d6595d7 wp-block-columns-is-layout-flex\">\n<div class=\"wp-block-column is-vertically-aligned-center is-layout-flow wp-block-column-is-layout-flow\" style=\"flex-basis:25%\">\n<h2 class=\"wp-block-heading has-text-align-left zeromargin\">\u00a1El\u00edgenos!<\/h2>\n<\/div>\n\n\n\n<div class=\"wp-block-column is-layout-flow wp-block-column-is-layout-flow\" style=\"flex-basis:37%\">\n<h3 class=\"wp-block-heading\">Plan formativo<\/h3>\n\n\n\n<p class=\"zeromargin\"><a href=\"https:\/\/riberasalud.com\/povisa\/wp-content\/uploads\/2023\/07\/Guia-formativa-Anestesiologia-y-Reanimacion.pdf\">Descargar plan formativo \u2192<br><\/a>Descargar plan gesti\u00f3n y calidad docente \u2192<\/p>\n<\/div>\n\n\n\n<div class=\"wp-block-column is-layout-flow wp-block-column-is-layout-flow\" style=\"flex-basis:37%\">\n<h3 class=\"wp-block-heading\">Contacto<\/h3>\n\n\n\n<p class=\"zeromargin\"><strong><a href=\"mailto:secretaria.comision.docencia@povisa.es\" target=\"_blank\" rel=\"noreferrer noopener\"><\/a><strong><a href=\"mailto:secretaria.comision.docencia.povisa@riberacare.com\" target=\"_blank\" rel=\"noreferrer noopener\"><\/a><a href=\"mailto:secretaria.comision.docencia.povisa@riberacare.com\" target=\"_blank\" rel=\"noreferrer noopener\">secretaria.comision.docencia.povisa@riberacare.com<\/a><\/strong><\/strong><\/p>\n<\/div>\n<\/div>\n<\/div><\/div>\n\n\n\n<div class=\"wp-block-group\"><div class=\"wp-block-group__inner-container is-layout-flow wp-block-group-is-layout-flow\">\n<figure class=\"wp-block-image size-full fotoredonda\"><img loading=\"lazy\" decoding=\"async\" width=\"1920\" height=\"420\" src=\"https:\/\/riberasalud.com\/povisa\/wp-content\/uploads\/2023\/07\/anestesiologia-2.jpg\" alt=\"\" class=\"wp-image-9677\" srcset=\"https:\/\/riberasalud.com\/povisa\/wp-content\/uploads\/2023\/07\/anestesiologia-2.jpg 1920w, https:\/\/riberasalud.com\/povisa\/wp-content\/uploads\/2023\/07\/anestesiologia-2-300x66.jpg 300w, https:\/\/riberasalud.com\/povisa\/wp-content\/uploads\/2023\/07\/anestesiologia-2-1024x224.jpg 1024w, https:\/\/riberasalud.com\/povisa\/wp-content\/uploads\/2023\/07\/anestesiologia-2-768x168.jpg 768w, https:\/\/riberasalud.com\/povisa\/wp-content\/uploads\/2023\/07\/anestesiologia-2-1536x336.jpg 1536w\" sizes=\"auto, (max-width: 1920px) 100vw, 1920px\" \/><\/figure>\n\n\n\n<div style=\"height:20px\" aria-hidden=\"true\" class=\"wp-block-spacer\"><\/div>\n\n\n\n<p>El Servicio de Anestesia del Hospital Ribera Povisa de Vigo est\u00e1 formado por 30 adjuntos y 4 residentes. El hospital est\u00e1 dotado con pr\u00e1cticamente&nbsp; todas las especialidades quir\u00fargicas, lo cual es muy importante en la formaci\u00f3n continuada de nuestra especialidad. Se trata de un hospital con la acreditaci\u00f3n Joint Comission International desde el a\u00f1o 2013.&nbsp;<\/p>\n\n\n\n<p>El Servicio de Anestesia cuenta con una larga trayectoria en la actividad docente de residentes de Anestesia y estudiantes de Medicina, en los \u00faltimos a\u00f1os recibimos de forma anual&nbsp;a estudiantes de diferentes pa\u00edses europeos adem\u00e1s de los de la Universidad de Santiago de Compostela.<\/p>\n\n\n\n<p>La labor del Servicio de Anestesia no se ci\u00f1e \u00fanicamente al intraoperatorio si no que realizamos medicina perioperatoria, de forma que intentamos optimizar la situaci\u00f3n cl\u00ednica de nuestros pacientes ya desde el per\u00edodo preoperatorio, para que lleguen a quir\u00f3fano en las mejores condiciones posibles. Participamos activamente en el per\u00edodo postoperatorio ya que el Servicio de Anestesia es el responsable de la Unidad de Cuidados Intensivos. Se trata de una UCI polivalente y multidisciplinar, con patolog\u00edas tanto m\u00e9dicas y como quir\u00fargicas.&nbsp;<\/p>\n\n\n\n<p>La actividad quir\u00fargica se reparte en 15 quir\u00f3fanos programados en horario tanto de ma\u00f1ana&nbsp;como de tarde. Gran cantidad de cirug\u00edas se realizan con car\u00e1cter ambulatorio. Adem\u00e1s se realizan m\u00faltiples procedimientos con anestesia fuera de quir\u00f3fano, donde damos asistencia a diferentes especialidades (Radiolog\u00eda, Digestivo, Cirug\u00eda Vascular, Cardiolog\u00eda, Neumolog\u00eda, etc).&nbsp;<\/p>\n\n\n\n<p>Contamos con una importante Unidad de Dolor Cr\u00f3nico donde se realizan tanto las Consultas de Dolor para diagn\u00f3stico, tratamiento y seguimiento;&nbsp;como quir\u00f3fano de Dolor para el abordaje de t\u00e9cnicas y bloqueos para tratamiento de dolo cr\u00f3nico.&nbsp;<\/p>\n\n\n\n<p>La jornada diaria comienza con una sesi\u00f3n de pase de guardia de pacientes ingresados en la UCI, se continua con la labor asistencial que se reparte en los diferentes quir\u00f3fanos, UCI y URPA; procedimientos fuera de quir\u00f3fano, consultas preoperatorias ambulatorias y de ingresados, consulta de Dolor Cr\u00f3nico, visita postoperatoria y control de dolor agudo. La formaci\u00f3n del residente se divide en varias rotaciones que abarcan toda la actividad del Servicio.&nbsp;<\/p>\n\n\n\n<p>Se realizan semanalmente,&nbsp;una sesi\u00f3n de servicio, una sesi\u00f3n de residentes, sesiones de Eventos Adversos y sesi\u00f3n de reevaluaci\u00f3n de pacientes, adem\u00e1s quincenalmente se dan sesiones generales para todo el&nbsp; hospital.&nbsp;<\/p>\n\n\n\n<p>Se realizan&nbsp; guardias de 24h, en quir\u00f3fano de urgencias y en UCI. El residente realiza 4-5 guardias al mes y est\u00e1 siempre acompa\u00f1ado por 1 adjunto en quir\u00f3fano y 2 en UCI.&nbsp;<\/p>\n\n\n\n<p><\/p>\n\n\n\n<p><a href=\"https:\/\/riberasalud.com\/povisa\/wp-content\/uploads\/2023\/07\/Guia-formativa-Anestesiologia-y-Reanimacion.pdf\">Descargar gu\u00eda formativa \u2192<\/a><\/p>\n<\/div><\/div>\n","protected":false},"excerpt":{"rendered":"<p>HOSPITAL RIBERA POVISA Anestesiolog\u00eda y Reanimaci\u00f3n \u00a1El\u00edgenos! Plan formativo Descargar plan formativo \u2192Descargar plan gesti\u00f3n y calidad docente \u2192 Contacto secretaria.comision.docencia.povisa@riberacare.com El Servicio de Anestesia del Hospital Ribera Povisa de Vigo est\u00e1 formado por 30 adjuntos y 4 residentes. El hospital est\u00e1 dotado con pr\u00e1cticamente&nbsp; todas las especialidades quir\u00fargicas, lo cual es muy importante en &#8230; <a title=\"Anestesiolog\u00eda y Reanimaci\u00f3n\" class=\"read-more\" href=\"https:\/\/riberasalud.com\/povisa\/anestesiologia-y-reanimacion\/\" aria-label=\"Leer m\u00e1s sobre Anestesiolog\u00eda y Reanimaci\u00f3n\">Leer m\u00e1s<\/a><\/p>\n","protected":false},"author":1,"featured_media":0,"parent":0,"menu_order":0,"comment_status":"closed","ping_status":"closed","template":"","meta":{"_coblocks_attr":"","_coblocks_dimensions":"","_coblocks_responsive_height":"","_coblocks_accordion_ie_support":"","_monsterinsights_skip_tracking":false,"_monsterinsights_sitenote_active":false,"_monsterinsights_sitenote_note":"","_monsterinsights_sitenote_category":0,"footnotes":""},"class_list":["post-9507","page","type-page","status-publish"],"yoast_head":"<!-- This site is optimized with the Yoast SEO plugin v26.9 - https:\/\/yoast.com\/product\/yoast-seo-wordpress\/ -->\n<title>\u25b7 Anestesiolog\u00eda y Reanimaci\u00f3n | Hospital Ribera Povisa<\/title>\n<meta name=\"description\" content=\"lll\u1405 HOSPITAL RIBERA POVISA Anestesiolog\u00eda y Reanimaci\u00f3n \u00a1El\u00edgenos! Plan formativo Descargar plan formativo \u2192Descargar plan gesti\u00f3n y calidad docente \u2192 \u2705\" \/>\n<meta name=\"robots\" content=\"index, follow, max-snippet:-1, max-image-preview:large, max-video-preview:-1\" \/>\n<link rel=\"canonical\" href=\"https:\/\/riberasalud.com\/povisa\/anestesiologia-y-reanimacion\/\" \/>\n<meta property=\"og:locale\" content=\"es_ES\" \/>\n<meta property=\"og:type\" content=\"article\" \/>\n<meta property=\"og:title\" content=\"\u25b7 Anestesiolog\u00eda y Reanimaci\u00f3n | Hospital Ribera Povisa\" \/>\n<meta property=\"og:description\" content=\"lll\u1405 HOSPITAL RIBERA POVISA Anestesiolog\u00eda y Reanimaci\u00f3n \u00a1El\u00edgenos! Plan formativo Descargar plan formativo \u2192Descargar plan gesti\u00f3n y calidad docente \u2192 \u2705\" \/>\n<meta property=\"og:url\" content=\"https:\/\/riberasalud.com\/povisa\/anestesiologia-y-reanimacion\/\" \/>\n<meta property=\"og:site_name\" content=\"Hospital Ribera Povisa\" \/>\n<meta property=\"article:modified_time\" content=\"2026-01-08T12:41:56+00:00\" \/>\n<meta property=\"og:image\" content=\"https:\/\/riberasalud.com\/povisa\/wp-content\/uploads\/2023\/07\/anestesiologia-2.jpg\" \/>\n<meta name=\"twitter:card\" content=\"summary_large_image\" \/>\n<meta name=\"twitter:label1\" content=\"Tiempo de lectura\" \/>\n\t<meta name=\"twitter:data1\" content=\"3 minutos\" \/>\n<script type=\"application\/ld+json\" class=\"yoast-schema-graph\">{\"@context\":\"https:\/\/schema.org\",\"@graph\":[{\"@type\":\"WebPage\",\"@id\":\"https:\/\/riberasalud.com\/povisa\/anestesiologia-y-reanimacion\/\",\"url\":\"https:\/\/riberasalud.com\/povisa\/anestesiologia-y-reanimacion\/\",\"name\":\"\u25b7 Anestesiolog\u00eda y Reanimaci\u00f3n | Hospital Ribera Povisa\",\"isPartOf\":{\"@id\":\"https:\/\/riberasalud.com\/povisa\/#website\"},\"primaryImageOfPage\":{\"@id\":\"https:\/\/riberasalud.com\/povisa\/anestesiologia-y-reanimacion\/#primaryimage\"},\"image\":{\"@id\":\"https:\/\/riberasalud.com\/povisa\/anestesiologia-y-reanimacion\/#primaryimage\"},\"thumbnailUrl\":\"https:\/\/riberasalud.com\/povisa\/wp-content\/uploads\/2023\/07\/anestesiologia-2.jpg\",\"datePublished\":\"2023-07-18T09:03:00+00:00\",\"dateModified\":\"2026-01-08T12:41:56+00:00\",\"description\":\"lll\u1405 HOSPITAL RIBERA POVISA Anestesiolog\u00eda y Reanimaci\u00f3n \u00a1El\u00edgenos! Plan formativo Descargar plan formativo \u2192Descargar plan gesti\u00f3n y calidad docente \u2192 \u2705\",\"inLanguage\":\"es\",\"potentialAction\":[{\"@type\":\"ReadAction\",\"target\":[\"https:\/\/riberasalud.com\/povisa\/anestesiologia-y-reanimacion\/\"]}]},{\"@type\":\"ImageObject\",\"inLanguage\":\"es\",\"@id\":\"https:\/\/riberasalud.com\/povisa\/anestesiologia-y-reanimacion\/#primaryimage\",\"url\":\"https:\/\/riberasalud.com\/povisa\/wp-content\/uploads\/2023\/07\/anestesiologia-2.jpg\",\"contentUrl\":\"https:\/\/riberasalud.com\/povisa\/wp-content\/uploads\/2023\/07\/anestesiologia-2.jpg\"},{\"@type\":\"WebSite\",\"@id\":\"https:\/\/riberasalud.com\/povisa\/#website\",\"url\":\"https:\/\/riberasalud.com\/povisa\/\",\"name\":\"Hospital Ribera Povisa\",\"description\":\"\",\"publisher\":{\"@id\":\"https:\/\/riberasalud.com\/povisa\/#organization\"},\"potentialAction\":[{\"@type\":\"SearchAction\",\"target\":{\"@type\":\"EntryPoint\",\"urlTemplate\":\"https:\/\/riberasalud.com\/povisa\/?s={search_term_string}\"},\"query-input\":{\"@type\":\"PropertyValueSpecification\",\"valueRequired\":true,\"valueName\":\"search_term_string\"}}],\"inLanguage\":\"es\"},{\"@type\":\"Organization\",\"@id\":\"https:\/\/riberasalud.com\/povisa\/#organization\",\"name\":\"Hospital Ribera Povisa\",\"url\":\"https:\/\/riberasalud.com\/povisa\/\",\"logo\":{\"@type\":\"ImageObject\",\"inLanguage\":\"es\",\"@id\":\"https:\/\/riberasalud.com\/povisa\/#\/schema\/logo\/image\/\",\"url\":\"https:\/\/riberasalud.com\/povisa\/wp-content\/uploads\/2024\/01\/cropped-Logo-Red-Povisa.png\",\"contentUrl\":\"https:\/\/riberasalud.com\/povisa\/wp-content\/uploads\/2024\/01\/cropped-Logo-Red-Povisa.png\",\"width\":1929,\"height\":489,\"caption\":\"Hospital Ribera Povisa\"},\"image\":{\"@id\":\"https:\/\/riberasalud.com\/povisa\/#\/schema\/logo\/image\/\"}}]}<\/script>\n<!-- \/ Yoast SEO plugin. -->","yoast_head_json":{"title":"\u25b7 Anestesiolog\u00eda y Reanimaci\u00f3n | Hospital Ribera Povisa","description":"lll\u1405 HOSPITAL RIBERA POVISA Anestesiolog\u00eda y Reanimaci\u00f3n \u00a1El\u00edgenos! Plan formativo Descargar plan formativo \u2192Descargar plan gesti\u00f3n y calidad docente \u2192 \u2705","robots":{"index":"index","follow":"follow","max-snippet":"max-snippet:-1","max-image-preview":"max-image-preview:large","max-video-preview":"max-video-preview:-1"},"canonical":"https:\/\/riberasalud.com\/povisa\/anestesiologia-y-reanimacion\/","og_locale":"es_ES","og_type":"article","og_title":"\u25b7 Anestesiolog\u00eda y Reanimaci\u00f3n | Hospital Ribera Povisa","og_description":"lll\u1405 HOSPITAL RIBERA POVISA Anestesiolog\u00eda y Reanimaci\u00f3n \u00a1El\u00edgenos! Plan formativo Descargar plan formativo \u2192Descargar plan gesti\u00f3n y calidad docente \u2192 \u2705","og_url":"https:\/\/riberasalud.com\/povisa\/anestesiologia-y-reanimacion\/","og_site_name":"Hospital Ribera Povisa","article_modified_time":"2026-01-08T12:41:56+00:00","og_image":[{"url":"https:\/\/riberasalud.com\/povisa\/wp-content\/uploads\/2023\/07\/anestesiologia-2.jpg","type":"","width":"","height":""}],"twitter_card":"summary_large_image","twitter_misc":{"Tiempo de lectura":"3 minutos"},"schema":{"@context":"https:\/\/schema.org","@graph":[{"@type":"WebPage","@id":"https:\/\/riberasalud.com\/povisa\/anestesiologia-y-reanimacion\/","url":"https:\/\/riberasalud.com\/povisa\/anestesiologia-y-reanimacion\/","name":"\u25b7 Anestesiolog\u00eda y Reanimaci\u00f3n | Hospital Ribera Povisa","isPartOf":{"@id":"https:\/\/riberasalud.com\/povisa\/#website"},"primaryImageOfPage":{"@id":"https:\/\/riberasalud.com\/povisa\/anestesiologia-y-reanimacion\/#primaryimage"},"image":{"@id":"https:\/\/riberasalud.com\/povisa\/anestesiologia-y-reanimacion\/#primaryimage"},"thumbnailUrl":"https:\/\/riberasalud.com\/povisa\/wp-content\/uploads\/2023\/07\/anestesiologia-2.jpg","datePublished":"2023-07-18T09:03:00+00:00","dateModified":"2026-01-08T12:41:56+00:00","description":"lll\u1405 HOSPITAL RIBERA POVISA Anestesiolog\u00eda y Reanimaci\u00f3n \u00a1El\u00edgenos! Plan formativo Descargar plan formativo \u2192Descargar plan gesti\u00f3n y calidad docente \u2192 \u2705","inLanguage":"es","potentialAction":[{"@type":"ReadAction","target":["https:\/\/riberasalud.com\/povisa\/anestesiologia-y-reanimacion\/"]}]},{"@type":"ImageObject","inLanguage":"es","@id":"https:\/\/riberasalud.com\/povisa\/anestesiologia-y-reanimacion\/#primaryimage","url":"https:\/\/riberasalud.com\/povisa\/wp-content\/uploads\/2023\/07\/anestesiologia-2.jpg","contentUrl":"https:\/\/riberasalud.com\/povisa\/wp-content\/uploads\/2023\/07\/anestesiologia-2.jpg"},{"@type":"WebSite","@id":"https:\/\/riberasalud.com\/povisa\/#website","url":"https:\/\/riberasalud.com\/povisa\/","name":"Hospital Ribera Povisa","description":"","publisher":{"@id":"https:\/\/riberasalud.com\/povisa\/#organization"},"potentialAction":[{"@type":"SearchAction","target":{"@type":"EntryPoint","urlTemplate":"https:\/\/riberasalud.com\/povisa\/?s={search_term_string}"},"query-input":{"@type":"PropertyValueSpecification","valueRequired":true,"valueName":"search_term_string"}}],"inLanguage":"es"},{"@type":"Organization","@id":"https:\/\/riberasalud.com\/povisa\/#organization","name":"Hospital Ribera Povisa","url":"https:\/\/riberasalud.com\/povisa\/","logo":{"@type":"ImageObject","inLanguage":"es","@id":"https:\/\/riberasalud.com\/povisa\/#\/schema\/logo\/image\/","url":"https:\/\/riberasalud.com\/povisa\/wp-content\/uploads\/2024\/01\/cropped-Logo-Red-Povisa.png","contentUrl":"https:\/\/riberasalud.com\/povisa\/wp-content\/uploads\/2024\/01\/cropped-Logo-Red-Povisa.png","width":1929,"height":489,"caption":"Hospital Ribera Povisa"},"image":{"@id":"https:\/\/riberasalud.com\/povisa\/#\/schema\/logo\/image\/"}}]}},"_links":{"self":[{"href":"https:\/\/riberasalud.com\/povisa\/wp-json\/wp\/v2\/pages\/9507","targetHints":{"allow":["GET"]}}],"collection":[{"href":"https:\/\/riberasalud.com\/povisa\/wp-json\/wp\/v2\/pages"}],"about":[{"href":"https:\/\/riberasalud.com\/povisa\/wp-json\/wp\/v2\/types\/page"}],"author":[{"embeddable":true,"href":"https:\/\/riberasalud.com\/povisa\/wp-json\/wp\/v2\/users\/1"}],"replies":[{"embeddable":true,"href":"https:\/\/riberasalud.com\/povisa\/wp-json\/wp\/v2\/comments?post=9507"}],"version-history":[{"count":5,"href":"https:\/\/riberasalud.com\/povisa\/wp-json\/wp\/v2\/pages\/9507\/revisions"}],"predecessor-version":[{"id":15524,"href":"https:\/\/riberasalud.com\/povisa\/wp-json\/wp\/v2\/pages\/9507\/revisions\/15524"}],"wp:attachment":[{"href":"https:\/\/riberasalud.com\/povisa\/wp-json\/wp\/v2\/media?parent=9507"}],"curies":[{"name":"wp","href":"https:\/\/api.w.org\/{rel}","templated":true}]}}