{"id":9490,"date":"2023-07-18T08:57:51","date_gmt":"2023-07-18T08:57:51","guid":{"rendered":"https:\/\/riberasalud.com\/povisaaux\/?page_id=9490"},"modified":"2026-01-08T12:39:52","modified_gmt":"2026-01-08T12:39:52","slug":"medicos-internos-residentes","status":"publish","type":"page","link":"https:\/\/riberasalud.com\/povisa\/medicos-internos-residentes\/","title":{"rendered":"M\u00e9dicos Internos Residentes"},"content":{"rendered":"\n<div class=\"wp-block-group hasbackgroundnaranja sliderlinea\"><div class=\"wp-block-group__inner-container is-layout-flow wp-block-group-is-layout-flow\">\n<p>HOSPITAL RIBERA POVISA<\/p>\n\n\n\n<h1 class=\"wp-block-heading\">M\u00e9dicos Internos Residentes<\/h1>\n<\/div><\/div>\n\n\n\n<div class=\"wp-block-group\"><div class=\"wp-block-group__inner-container is-layout-flow wp-block-group-is-layout-flow\">\n<p>La Comisi\u00f3n de Docencia del Hospital Ribera Povisa, en funcionamiento desde 1991 y presidida por el Dr. Javier de la Fuente, coordina todo lo relacionado con los M\u00e9dicos Internos Residentes y los estudiantes de Medicina, adem\u00e1s de la actividad docente del Hospital (sesiones cl\u00ednicas, cursos de Atenci\u00f3n Primaria y de residentes, etc)<br>En el Hospital Ribera Povisa recibimos todos los a\u00f1os MIRes de Cirug\u00eda Ortop\u00e9dica y Traumatolog\u00eda, Cirug\u00eda General, Anestesiolog\u00eda y Reanimaci\u00f3n, Radiodiagn\u00f3stico y Medicina Interna. Adem\u00e1s, colaboramos en la formaci\u00f3n de residentes de Medicina Familiar y Comunitaria pertenecientes a la Unidad Docente Multiprofesional de Atenci\u00f3n Familiar y Comunitaria de Vigo.<\/p>\n\n\n\n<p>Desde la Comisi\u00f3n de Docencia se organizan tambi\u00e9n las pr\u00e1cticas de los estudiantes de 6\u00ba curso de Medicina de la Universidad de Santiago de Compostela que vienen al Servicio de Medicina Interna y otras subespecialidades. Otros estudiantes procedentes de universidades espa\u00f1olas y extranjeras eligen tambi\u00e9n nuestro hospital para realizar pr\u00e1cticas.\u201d<\/p>\n\n\n\n<figure class=\"wp-block-table is-style-stripes\"><table><thead><tr><th>Especialidad<\/th><th class=\"has-text-align-center\" data-align=\"center\">N\u00famero plazas acreditadas<\/th><\/tr><\/thead><tbody><tr><td>Anestesiolog\u00eda y Reanimaci\u00f3n<\/td><td class=\"has-text-align-center\" data-align=\"center\">1<\/td><\/tr><tr><td>Cirug\u00eda General y del aparato Digestivo<\/td><td class=\"has-text-align-center\" data-align=\"center\">1<\/td><\/tr><tr><td>Cirug\u00eda Ortop\u00e9dica y Traumatolog\u00eda<\/td><td class=\"has-text-align-center\" data-align=\"center\">2<\/td><\/tr><tr><td>Medicina Interna<\/td><td class=\"has-text-align-center\" data-align=\"center\">2<\/td><\/tr><tr><td>Radiodiagn\u00f3stico<\/td><td class=\"has-text-align-center\" data-align=\"center\">2<\/td><\/tr><tr><td>Medicina familiar y Comunitaria<\/td><td class=\"has-text-align-center\" data-align=\"center\">12<\/td><\/tr><tr><td><\/td><td class=\"has-text-align-center\" data-align=\"center\">20<\/td><\/tr><\/tbody><\/table><\/figure>\n\n\n\n<p><br><br>Ubicaci\u00f3n:<\/p>\n\n\n\n<ul class=\"wp-block-list\">\n<li>Secretar\u00eda Comisi\u00f3n de Docencia: Planta S-2 Biblioteca. Tel\u00e9fono: 986 413144 Ext. 1545<\/li>\n<\/ul>\n\n\n\n<p>Contacto:<\/p>\n\n\n\n<ul class=\"wp-block-list\">\n<li>Presidente- Jefe de Estudios: Dr. Javier de la Fuente Aguado<\/li>\n\n\n\n<li>Secretaria: D\u00f1a. Rosa Ana Alonso Comesa\u00f1a (<a href=\"mailto:secretaria.comision.docencia.povisa@riberacare.com\" target=\"_blank\" rel=\"noreferrer noopener\">secretaria.comision.docencia.povisa@riberacare.com<\/a>)<\/li>\n<\/ul>\n\n\n\n<div style=\"height:40px\" aria-hidden=\"true\" class=\"wp-block-spacer\"><\/div>\n\n\n\n<h2 class=\"wp-block-heading has-text-align-center\">Especialidades<\/h2>\n\n\n\n<div style=\"height:20px\" aria-hidden=\"true\" class=\"wp-block-spacer\"><\/div>\n\n\n\n<div class=\"wp-block-group gruponomargin grupomodulosmobile\"><div class=\"wp-block-group__inner-container is-layout-flow wp-block-group-is-layout-flow\">\n<div class=\"wp-block-columns columnanomargin is-layout-flex wp-container-core-columns-is-layout-9d6595d7 wp-block-columns-is-layout-flex\">\n<div class=\"wp-block-column first is-layout-flow wp-block-column-is-layout-flow\">\n<figure class=\"wp-block-image size-full fotomodulo\"><img loading=\"lazy\" decoding=\"async\" width=\"800\" height=\"533\" src=\"https:\/\/riberasalud.com\/povisa\/wp-content\/uploads\/2023\/07\/surgeons-performing-operation-in-operation-room-1.jpg\" alt=\"\" class=\"wp-image-9496\" srcset=\"https:\/\/riberasalud.com\/povisa\/wp-content\/uploads\/2023\/07\/surgeons-performing-operation-in-operation-room-1.jpg 800w, https:\/\/riberasalud.com\/povisa\/wp-content\/uploads\/2023\/07\/surgeons-performing-operation-in-operation-room-1-300x200.jpg 300w, https:\/\/riberasalud.com\/povisa\/wp-content\/uploads\/2023\/07\/surgeons-performing-operation-in-operation-room-1-768x512.jpg 768w\" sizes=\"auto, (max-width: 800px) 100vw, 800px\" \/><\/figure>\n\n\n\n<div class=\"wp-block-group grupomodulo\"><div class=\"wp-block-group__inner-container is-layout-flow wp-block-group-is-layout-flow\">\n<h3 class=\"wp-block-heading\"><strong><strong><strong>Cirug\u00eda General y Aparato Digestivo<\/strong><\/strong><\/strong><\/h3>\n\n\n\n<div style=\"height:10px\" aria-hidden=\"true\" class=\"wp-block-spacer\"><\/div>\n\n\n\n<p class=\"has-text-align-left sabermas\"><a href=\"https:\/\/riberasalud.com\/povisa\/cirugia-general-y-aparato-digestivo\/\" data-type=\"page\" data-id=\"9499\">Saber m\u00e1s \u2192<\/a><\/p>\n<\/div><\/div>\n<\/div>\n\n\n\n<div class=\"wp-block-column is-layout-flow wp-block-column-is-layout-flow\">\n<figure class=\"wp-block-image size-full fotomodulo\"><img loading=\"lazy\" decoding=\"async\" width=\"800\" height=\"533\" src=\"https:\/\/riberasalud.com\/povisa\/wp-content\/uploads\/2023\/07\/team-of-surgeons-performing-operation-in-operation-theater-1.jpg\" alt=\"\" class=\"wp-image-9495\" srcset=\"https:\/\/riberasalud.com\/povisa\/wp-content\/uploads\/2023\/07\/team-of-surgeons-performing-operation-in-operation-theater-1.jpg 800w, https:\/\/riberasalud.com\/povisa\/wp-content\/uploads\/2023\/07\/team-of-surgeons-performing-operation-in-operation-theater-1-300x200.jpg 300w, https:\/\/riberasalud.com\/povisa\/wp-content\/uploads\/2023\/07\/team-of-surgeons-performing-operation-in-operation-theater-1-768x512.jpg 768w\" sizes=\"auto, (max-width: 800px) 100vw, 800px\" \/><\/figure>\n\n\n\n<div class=\"wp-block-group grupomodulo\"><div class=\"wp-block-group__inner-container is-layout-flow wp-block-group-is-layout-flow\">\n<h3 class=\"wp-block-heading\"><strong><strong><strong>Anestesiolog\u00eda y Reanimaci\u00f3n<\/strong><\/strong><\/strong><\/h3>\n\n\n\n<p class=\"has-text-align-left sabermas\"><a href=\"https:\/\/riberasalud.com\/povisa\/anestesiologia-y-reanimacion\/\" data-type=\"page\" data-id=\"9507\">Saber m\u00e1s \u2192<\/a><\/p>\n<\/div><\/div>\n<\/div>\n\n\n\n<div class=\"wp-block-column is-layout-flow wp-block-column-is-layout-flow\">\n<figure class=\"wp-block-image size-full fotomodulo\"><img loading=\"lazy\" decoding=\"async\" width=\"800\" height=\"533\" src=\"https:\/\/riberasalud.com\/povisa\/wp-content\/uploads\/2023\/07\/doctor-with-stethoscope-in-the-hands-and-hospital-background-2-1.jpg\" alt=\"\" class=\"wp-image-9494\" srcset=\"https:\/\/riberasalud.com\/povisa\/wp-content\/uploads\/2023\/07\/doctor-with-stethoscope-in-the-hands-and-hospital-background-2-1.jpg 800w, https:\/\/riberasalud.com\/povisa\/wp-content\/uploads\/2023\/07\/doctor-with-stethoscope-in-the-hands-and-hospital-background-2-1-300x200.jpg 300w, https:\/\/riberasalud.com\/povisa\/wp-content\/uploads\/2023\/07\/doctor-with-stethoscope-in-the-hands-and-hospital-background-2-1-768x512.jpg 768w\" sizes=\"auto, (max-width: 800px) 100vw, 800px\" \/><\/figure>\n\n\n\n<div class=\"wp-block-group grupomodulo\"><div class=\"wp-block-group__inner-container is-layout-flow wp-block-group-is-layout-flow\">\n<h3 class=\"wp-block-heading\"><strong><strong><strong>Medicina Interna<\/strong><\/strong><\/strong><\/h3>\n\n\n\n<p class=\"has-text-align-left sabermas\"><a href=\"https:\/\/riberasalud.com\/povisa\/medicina-interna\/\" data-type=\"page\" data-id=\"9508\">Saber m\u00e1s \u2192<\/a><\/p>\n<\/div><\/div>\n<\/div>\n<\/div>\n\n\n\n<div style=\"height:20px\" aria-hidden=\"true\" class=\"wp-block-spacer\"><\/div>\n\n\n\n<div class=\"wp-block-columns columnanomargin is-layout-flex wp-container-core-columns-is-layout-9d6595d7 wp-block-columns-is-layout-flex\">\n<div class=\"wp-block-column first is-layout-flow wp-block-column-is-layout-flow\">\n<figure class=\"wp-block-image size-full fotomodulo\"><img loading=\"lazy\" decoding=\"async\" width=\"800\" height=\"533\" src=\"https:\/\/riberasalud.com\/povisa\/wp-content\/uploads\/2023\/07\/arthroscope-surgery-orthopedic-surgeons-in-teamwork-in-the-operating-room-with-modern-arthroscopic-tools-knee-surgery-1.jpg\" alt=\"\" class=\"wp-image-9491\" srcset=\"https:\/\/riberasalud.com\/povisa\/wp-content\/uploads\/2023\/07\/arthroscope-surgery-orthopedic-surgeons-in-teamwork-in-the-operating-room-with-modern-arthroscopic-tools-knee-surgery-1.jpg 800w, https:\/\/riberasalud.com\/povisa\/wp-content\/uploads\/2023\/07\/arthroscope-surgery-orthopedic-surgeons-in-teamwork-in-the-operating-room-with-modern-arthroscopic-tools-knee-surgery-1-300x200.jpg 300w, https:\/\/riberasalud.com\/povisa\/wp-content\/uploads\/2023\/07\/arthroscope-surgery-orthopedic-surgeons-in-teamwork-in-the-operating-room-with-modern-arthroscopic-tools-knee-surgery-1-768x512.jpg 768w\" sizes=\"auto, (max-width: 800px) 100vw, 800px\" \/><\/figure>\n\n\n\n<div class=\"wp-block-group grupomodulo\"><div class=\"wp-block-group__inner-container is-layout-flow wp-block-group-is-layout-flow\">\n<h3 class=\"wp-block-heading\"><strong><strong><strong>Cirug\u00eda Ortop\u00e9dica y Traumatolog\u00eda<\/strong><\/strong><\/strong><\/h3>\n\n\n\n<div style=\"height:10px\" aria-hidden=\"true\" class=\"wp-block-spacer\"><\/div>\n\n\n\n<p class=\"has-text-align-left sabermas\"><a href=\"https:\/\/riberasalud.com\/povisa\/cirugia-ortopedica-y-traumatologia\/\" data-type=\"page\" data-id=\"9509\">Saber m\u00e1s \u2192<\/a><\/p>\n<\/div><\/div>\n<\/div>\n\n\n\n<div class=\"wp-block-column is-layout-flow wp-block-column-is-layout-flow\">\n<figure class=\"wp-block-image size-full fotomodulo\"><img loading=\"lazy\" decoding=\"async\" width=\"1000\" height=\"667\" src=\"https:\/\/riberasalud.com\/povisa\/wp-content\/uploads\/2023\/07\/neurologia.jpg\" alt=\"\" class=\"wp-image-9492\" srcset=\"https:\/\/riberasalud.com\/povisa\/wp-content\/uploads\/2023\/07\/neurologia.jpg 1000w, https:\/\/riberasalud.com\/povisa\/wp-content\/uploads\/2023\/07\/neurologia-300x200.jpg 300w, https:\/\/riberasalud.com\/povisa\/wp-content\/uploads\/2023\/07\/neurologia-768x512.jpg 768w\" sizes=\"auto, (max-width: 1000px) 100vw, 1000px\" \/><\/figure>\n\n\n\n<div class=\"wp-block-group grupomodulo\"><div class=\"wp-block-group__inner-container is-layout-flow wp-block-group-is-layout-flow\">\n<h3 class=\"wp-block-heading\"><strong><strong><strong>Radiodiagn\u00f3stico<\/strong><\/strong><\/strong><\/h3>\n\n\n\n<p class=\"has-text-align-left sabermas\"><a href=\"https:\/\/riberasalud.com\/povisa\/radiodiagnostico\/\" data-type=\"page\" data-id=\"9510\">Saber m\u00e1s \u2192<\/a><\/p>\n<\/div><\/div>\n<\/div>\n\n\n\n<div class=\"wp-block-column is-layout-flow wp-block-column-is-layout-flow\">\n<figure class=\"wp-block-image size-full fotomodulo\"><img loading=\"lazy\" decoding=\"async\" width=\"800\" height=\"533\" src=\"https:\/\/riberasalud.com\/povisa\/wp-content\/uploads\/2023\/07\/little-boy-sleeping-in-his-bed-with-his-teddy-bear-wearing-mask-to-protect-him-against-corona-virus-covid-19-2019-ncov-concept-1.jpg\" alt=\"\" class=\"wp-image-9493\" srcset=\"https:\/\/riberasalud.com\/povisa\/wp-content\/uploads\/2023\/07\/little-boy-sleeping-in-his-bed-with-his-teddy-bear-wearing-mask-to-protect-him-against-corona-virus-covid-19-2019-ncov-concept-1.jpg 800w, https:\/\/riberasalud.com\/povisa\/wp-content\/uploads\/2023\/07\/little-boy-sleeping-in-his-bed-with-his-teddy-bear-wearing-mask-to-protect-him-against-corona-virus-covid-19-2019-ncov-concept-1-300x200.jpg 300w, https:\/\/riberasalud.com\/povisa\/wp-content\/uploads\/2023\/07\/little-boy-sleeping-in-his-bed-with-his-teddy-bear-wearing-mask-to-protect-him-against-corona-virus-covid-19-2019-ncov-concept-1-768x512.jpg 768w\" sizes=\"auto, (max-width: 800px) 100vw, 800px\" \/><\/figure>\n\n\n\n<div class=\"wp-block-group grupomodulo\"><div class=\"wp-block-group__inner-container is-layout-flow wp-block-group-is-layout-flow\">\n<h3 class=\"wp-block-heading\"><strong><strong><strong>Medicina Familiar y Comunitaria<\/strong><\/strong><\/strong><\/h3>\n\n\n\n<p class=\"has-text-align-left sabermas\"><a href=\"https:\/\/riberasalud.com\/povisa\/medicina-familiar-y-comunitaria\/\" data-type=\"page\" data-id=\"9511\">Saber m\u00e1s \u2192<\/a><\/p>\n<\/div><\/div>\n<\/div>\n<\/div>\n<\/div><\/div>\n<\/div><\/div>\n","protected":false},"excerpt":{"rendered":"<p>HOSPITAL RIBERA POVISA M\u00e9dicos Internos Residentes La Comisi\u00f3n de Docencia del Hospital Ribera Povisa, en funcionamiento desde 1991 y presidida por el Dr. Javier de la Fuente, coordina todo lo relacionado con los M\u00e9dicos Internos Residentes y los estudiantes de Medicina, adem\u00e1s de la actividad docente del Hospital (sesiones cl\u00ednicas, cursos de Atenci\u00f3n Primaria y &#8230; <a title=\"M\u00e9dicos Internos Residentes\" class=\"read-more\" href=\"https:\/\/riberasalud.com\/povisa\/medicos-internos-residentes\/\" aria-label=\"Leer m\u00e1s sobre M\u00e9dicos Internos Residentes\">Leer m\u00e1s<\/a><\/p>\n","protected":false},"author":1,"featured_media":0,"parent":0,"menu_order":0,"comment_status":"closed","ping_status":"closed","template":"","meta":{"_coblocks_attr":"","_coblocks_dimensions":"","_coblocks_responsive_height":"","_coblocks_accordion_ie_support":"","_monsterinsights_skip_tracking":false,"_monsterinsights_sitenote_active":false,"_monsterinsights_sitenote_note":"","_monsterinsights_sitenote_category":0,"footnotes":""},"class_list":["post-9490","page","type-page","status-publish"],"yoast_head":"<!-- This site is optimized with the Yoast SEO plugin v26.9 - https:\/\/yoast.com\/product\/yoast-seo-wordpress\/ -->\n<title>\u25b7 M\u00e9dicos Internos Residentes | Hospital Ribera Povisa<\/title>\n<meta name=\"description\" content=\"lll\u1405 La Comisi\u00f3n de Docencia del hospital coordina todo lo relacionado con los M\u00e9dicos Internos Residentes y los estudiantes de Medicina \u2705\" \/>\n<meta name=\"robots\" content=\"index, follow, max-snippet:-1, max-image-preview:large, max-video-preview:-1\" \/>\n<link rel=\"canonical\" href=\"https:\/\/riberasalud.com\/povisa\/medicos-internos-residentes\/\" \/>\n<meta property=\"og:locale\" content=\"es_ES\" \/>\n<meta property=\"og:type\" content=\"article\" \/>\n<meta property=\"og:title\" content=\"\u25b7 M\u00e9dicos Internos Residentes | Hospital Ribera Povisa\" \/>\n<meta property=\"og:description\" content=\"lll\u1405 La Comisi\u00f3n de Docencia del hospital coordina todo lo relacionado con los M\u00e9dicos Internos Residentes y los estudiantes de Medicina \u2705\" \/>\n<meta property=\"og:url\" content=\"https:\/\/riberasalud.com\/povisa\/medicos-internos-residentes\/\" \/>\n<meta property=\"og:site_name\" content=\"Hospital Ribera Povisa\" \/>\n<meta property=\"article:modified_time\" content=\"2026-01-08T12:39:52+00:00\" \/>\n<meta property=\"og:image\" content=\"https:\/\/riberasalud.com\/povisa\/wp-content\/uploads\/2023\/07\/surgeons-performing-operation-in-operation-room-1.jpg\" \/>\n<meta name=\"twitter:card\" content=\"summary_large_image\" \/>\n<meta name=\"twitter:label1\" content=\"Tiempo de lectura\" \/>\n\t<meta name=\"twitter:data1\" content=\"3 minutos\" \/>\n<script type=\"application\/ld+json\" class=\"yoast-schema-graph\">{\"@context\":\"https:\/\/schema.org\",\"@graph\":[{\"@type\":\"WebPage\",\"@id\":\"https:\/\/riberasalud.com\/povisa\/medicos-internos-residentes\/\",\"url\":\"https:\/\/riberasalud.com\/povisa\/medicos-internos-residentes\/\",\"name\":\"\u25b7 M\u00e9dicos Internos Residentes | Hospital Ribera Povisa\",\"isPartOf\":{\"@id\":\"https:\/\/riberasalud.com\/povisa\/#website\"},\"primaryImageOfPage\":{\"@id\":\"https:\/\/riberasalud.com\/povisa\/medicos-internos-residentes\/#primaryimage\"},\"image\":{\"@id\":\"https:\/\/riberasalud.com\/povisa\/medicos-internos-residentes\/#primaryimage\"},\"thumbnailUrl\":\"https:\/\/riberasalud.com\/povisa\/wp-content\/uploads\/2023\/07\/surgeons-performing-operation-in-operation-room-1.jpg\",\"datePublished\":\"2023-07-18T08:57:51+00:00\",\"dateModified\":\"2026-01-08T12:39:52+00:00\",\"description\":\"lll\u1405 La Comisi\u00f3n de Docencia del hospital coordina todo lo relacionado con los M\u00e9dicos Internos Residentes y los estudiantes de Medicina \u2705\",\"inLanguage\":\"es\",\"potentialAction\":[{\"@type\":\"ReadAction\",\"target\":[\"https:\/\/riberasalud.com\/povisa\/medicos-internos-residentes\/\"]}]},{\"@type\":\"ImageObject\",\"inLanguage\":\"es\",\"@id\":\"https:\/\/riberasalud.com\/povisa\/medicos-internos-residentes\/#primaryimage\",\"url\":\"https:\/\/riberasalud.com\/povisa\/wp-content\/uploads\/2023\/07\/surgeons-performing-operation-in-operation-room-1.jpg\",\"contentUrl\":\"https:\/\/riberasalud.com\/povisa\/wp-content\/uploads\/2023\/07\/surgeons-performing-operation-in-operation-room-1.jpg\"},{\"@type\":\"WebSite\",\"@id\":\"https:\/\/riberasalud.com\/povisa\/#website\",\"url\":\"https:\/\/riberasalud.com\/povisa\/\",\"name\":\"Hospital Ribera Povisa\",\"description\":\"\",\"publisher\":{\"@id\":\"https:\/\/riberasalud.com\/povisa\/#organization\"},\"potentialAction\":[{\"@type\":\"SearchAction\",\"target\":{\"@type\":\"EntryPoint\",\"urlTemplate\":\"https:\/\/riberasalud.com\/povisa\/?s={search_term_string}\"},\"query-input\":{\"@type\":\"PropertyValueSpecification\",\"valueRequired\":true,\"valueName\":\"search_term_string\"}}],\"inLanguage\":\"es\"},{\"@type\":\"Organization\",\"@id\":\"https:\/\/riberasalud.com\/povisa\/#organization\",\"name\":\"Hospital Ribera Povisa\",\"url\":\"https:\/\/riberasalud.com\/povisa\/\",\"logo\":{\"@type\":\"ImageObject\",\"inLanguage\":\"es\",\"@id\":\"https:\/\/riberasalud.com\/povisa\/#\/schema\/logo\/image\/\",\"url\":\"https:\/\/riberasalud.com\/povisa\/wp-content\/uploads\/2024\/01\/cropped-Logo-Red-Povisa.png\",\"contentUrl\":\"https:\/\/riberasalud.com\/povisa\/wp-content\/uploads\/2024\/01\/cropped-Logo-Red-Povisa.png\",\"width\":1929,\"height\":489,\"caption\":\"Hospital Ribera Povisa\"},\"image\":{\"@id\":\"https:\/\/riberasalud.com\/povisa\/#\/schema\/logo\/image\/\"}}]}<\/script>\n<!-- \/ Yoast SEO plugin. -->","yoast_head_json":{"title":"\u25b7 M\u00e9dicos Internos Residentes | Hospital Ribera Povisa","description":"lll\u1405 La Comisi\u00f3n de Docencia del hospital coordina todo lo relacionado con los M\u00e9dicos Internos Residentes y los estudiantes de Medicina \u2705","robots":{"index":"index","follow":"follow","max-snippet":"max-snippet:-1","max-image-preview":"max-image-preview:large","max-video-preview":"max-video-preview:-1"},"canonical":"https:\/\/riberasalud.com\/povisa\/medicos-internos-residentes\/","og_locale":"es_ES","og_type":"article","og_title":"\u25b7 M\u00e9dicos Internos Residentes | Hospital Ribera Povisa","og_description":"lll\u1405 La Comisi\u00f3n de Docencia del hospital coordina todo lo relacionado con los M\u00e9dicos Internos Residentes y los estudiantes de Medicina \u2705","og_url":"https:\/\/riberasalud.com\/povisa\/medicos-internos-residentes\/","og_site_name":"Hospital Ribera Povisa","article_modified_time":"2026-01-08T12:39:52+00:00","og_image":[{"url":"https:\/\/riberasalud.com\/povisa\/wp-content\/uploads\/2023\/07\/surgeons-performing-operation-in-operation-room-1.jpg","type":"","width":"","height":""}],"twitter_card":"summary_large_image","twitter_misc":{"Tiempo de lectura":"3 minutos"},"schema":{"@context":"https:\/\/schema.org","@graph":[{"@type":"WebPage","@id":"https:\/\/riberasalud.com\/povisa\/medicos-internos-residentes\/","url":"https:\/\/riberasalud.com\/povisa\/medicos-internos-residentes\/","name":"\u25b7 M\u00e9dicos Internos Residentes | Hospital Ribera Povisa","isPartOf":{"@id":"https:\/\/riberasalud.com\/povisa\/#website"},"primaryImageOfPage":{"@id":"https:\/\/riberasalud.com\/povisa\/medicos-internos-residentes\/#primaryimage"},"image":{"@id":"https:\/\/riberasalud.com\/povisa\/medicos-internos-residentes\/#primaryimage"},"thumbnailUrl":"https:\/\/riberasalud.com\/povisa\/wp-content\/uploads\/2023\/07\/surgeons-performing-operation-in-operation-room-1.jpg","datePublished":"2023-07-18T08:57:51+00:00","dateModified":"2026-01-08T12:39:52+00:00","description":"lll\u1405 La Comisi\u00f3n de Docencia del hospital coordina todo lo relacionado con los M\u00e9dicos Internos Residentes y los estudiantes de Medicina \u2705","inLanguage":"es","potentialAction":[{"@type":"ReadAction","target":["https:\/\/riberasalud.com\/povisa\/medicos-internos-residentes\/"]}]},{"@type":"ImageObject","inLanguage":"es","@id":"https:\/\/riberasalud.com\/povisa\/medicos-internos-residentes\/#primaryimage","url":"https:\/\/riberasalud.com\/povisa\/wp-content\/uploads\/2023\/07\/surgeons-performing-operation-in-operation-room-1.jpg","contentUrl":"https:\/\/riberasalud.com\/povisa\/wp-content\/uploads\/2023\/07\/surgeons-performing-operation-in-operation-room-1.jpg"},{"@type":"WebSite","@id":"https:\/\/riberasalud.com\/povisa\/#website","url":"https:\/\/riberasalud.com\/povisa\/","name":"Hospital Ribera Povisa","description":"","publisher":{"@id":"https:\/\/riberasalud.com\/povisa\/#organization"},"potentialAction":[{"@type":"SearchAction","target":{"@type":"EntryPoint","urlTemplate":"https:\/\/riberasalud.com\/povisa\/?s={search_term_string}"},"query-input":{"@type":"PropertyValueSpecification","valueRequired":true,"valueName":"search_term_string"}}],"inLanguage":"es"},{"@type":"Organization","@id":"https:\/\/riberasalud.com\/povisa\/#organization","name":"Hospital Ribera Povisa","url":"https:\/\/riberasalud.com\/povisa\/","logo":{"@type":"ImageObject","inLanguage":"es","@id":"https:\/\/riberasalud.com\/povisa\/#\/schema\/logo\/image\/","url":"https:\/\/riberasalud.com\/povisa\/wp-content\/uploads\/2024\/01\/cropped-Logo-Red-Povisa.png","contentUrl":"https:\/\/riberasalud.com\/povisa\/wp-content\/uploads\/2024\/01\/cropped-Logo-Red-Povisa.png","width":1929,"height":489,"caption":"Hospital Ribera Povisa"},"image":{"@id":"https:\/\/riberasalud.com\/povisa\/#\/schema\/logo\/image\/"}}]}},"_links":{"self":[{"href":"https:\/\/riberasalud.com\/povisa\/wp-json\/wp\/v2\/pages\/9490","targetHints":{"allow":["GET"]}}],"collection":[{"href":"https:\/\/riberasalud.com\/povisa\/wp-json\/wp\/v2\/pages"}],"about":[{"href":"https:\/\/riberasalud.com\/povisa\/wp-json\/wp\/v2\/types\/page"}],"author":[{"embeddable":true,"href":"https:\/\/riberasalud.com\/povisa\/wp-json\/wp\/v2\/users\/1"}],"replies":[{"embeddable":true,"href":"https:\/\/riberasalud.com\/povisa\/wp-json\/wp\/v2\/comments?post=9490"}],"version-history":[{"count":12,"href":"https:\/\/riberasalud.com\/povisa\/wp-json\/wp\/v2\/pages\/9490\/revisions"}],"predecessor-version":[{"id":15522,"href":"https:\/\/riberasalud.com\/povisa\/wp-json\/wp\/v2\/pages\/9490\/revisions\/15522"}],"wp:attachment":[{"href":"https:\/\/riberasalud.com\/povisa\/wp-json\/wp\/v2\/media?parent=9490"}],"curies":[{"name":"wp","href":"https:\/\/api.w.org\/{rel}","templated":true}]}}