{"id":9436,"date":"2023-06-21T08:40:31","date_gmt":"2023-06-21T08:40:31","guid":{"rendered":"https:\/\/riberasalud.com\/povisaaux\/?page_id=9436"},"modified":"2025-06-09T11:13:02","modified_gmt":"2025-06-09T11:13:02","slug":"unidades-de-referencia","status":"publish","type":"page","link":"https:\/\/riberasalud.com\/povisa\/unidades-de-referencia\/","title":{"rendered":"Unidades de referencia"},"content":{"rendered":"\n<div class=\"wp-block-group hasbackgroundnaranja sliderlinea\"><div class=\"wp-block-group__inner-container is-layout-flow wp-block-group-is-layout-flow\">\n<p>HOSPITAL RIBERA POVISA<\/p>\n\n\n\n<h1 class=\"wp-block-heading\"><span class=\"ugb-highlight\" style=\"color: #4b4a4a;\">Unidades de referencia<\/span><\/h1>\n<\/div><\/div>\n\n\n\n<div class=\"wp-block-group modulocomo fondogris onlydesktop\"><div class=\"wp-block-group__inner-container is-layout-flow wp-block-group-is-layout-flow\">\n<div class=\"wp-block-group gruponomargin grupomodulosmobile\"><div class=\"wp-block-group__inner-container is-layout-flow wp-block-group-is-layout-flow\">\n<div class=\"wp-block-columns columnanomargin is-layout-flex wp-container-core-columns-is-layout-9d6595d7 wp-block-columns-is-layout-flex\">\n<div class=\"wp-block-column first is-layout-flow wp-block-column-is-layout-flow\">\n<figure class=\"wp-block-image size-full fotomodulo\"><img loading=\"lazy\" decoding=\"async\" width=\"800\" height=\"533\" src=\"https:\/\/www.riberasalud.com\/povisa\/wp-content\/uploads\/2025\/04\/Area-de-la-mujer-en-Povisa-800x533-1.jpg\" alt=\"\u00c1rea de la mujer\" class=\"wp-image-13669\" srcset=\"https:\/\/riberasalud.com\/povisa\/wp-content\/uploads\/2025\/04\/Area-de-la-mujer-en-Povisa-800x533-1.jpg 800w, https:\/\/riberasalud.com\/povisa\/wp-content\/uploads\/2025\/04\/Area-de-la-mujer-en-Povisa-800x533-1-300x200.jpg 300w, https:\/\/riberasalud.com\/povisa\/wp-content\/uploads\/2025\/04\/Area-de-la-mujer-en-Povisa-800x533-1-768x512.jpg 768w\" sizes=\"auto, (max-width: 800px) 100vw, 800px\" \/><\/figure>\n\n\n\n<div class=\"wp-block-group grupomodulo\"><div class=\"wp-block-group__inner-container is-layout-flow wp-block-group-is-layout-flow\">\n<h3 class=\"wp-block-heading\">\u00c1rea de la mujer<\/h3>\n\n\n\n<p>Atenci\u00f3n integral y multidisciplinar para ciudad de la salud de la mujer en todas las etapas de su vida.<\/p>\n\n\n\n<p class=\"sabermas\"><a href=\"https:\/\/www.riberasalud.com\/povisa\/area-de-la-mujer\/\">Saber m\u00e1s \u2192<\/a><\/p>\n<\/div><\/div>\n<\/div>\n\n\n\n<div class=\"wp-block-column first is-layout-flow wp-block-column-is-layout-flow\">\n<figure class=\"wp-block-image size-full fotomodulo\"><img loading=\"lazy\" decoding=\"async\" width=\"800\" height=\"533\" src=\"https:\/\/www.riberasalud.com\/povisa\/wp-content\/uploads\/2025\/02\/doctor-examining-womans-face-cosmetic-treatment.jpg\" alt=\"Cirug\u00eda est\u00e9tica facial\" class=\"wp-image-12972\" srcset=\"https:\/\/riberasalud.com\/povisa\/wp-content\/uploads\/2025\/02\/doctor-examining-womans-face-cosmetic-treatment.jpg 800w, https:\/\/riberasalud.com\/povisa\/wp-content\/uploads\/2025\/02\/doctor-examining-womans-face-cosmetic-treatment-300x200.jpg 300w, https:\/\/riberasalud.com\/povisa\/wp-content\/uploads\/2025\/02\/doctor-examining-womans-face-cosmetic-treatment-768x512.jpg 768w\" sizes=\"auto, (max-width: 800px) 100vw, 800px\" \/><\/figure>\n\n\n\n<div class=\"wp-block-group grupomodulo\"><div class=\"wp-block-group__inner-container is-layout-flow wp-block-group-is-layout-flow\">\n<h3 class=\"wp-block-heading\"><strong>Cirug\u00eda est\u00e9tica facial<\/strong><\/h3>\n\n\n\n<p>Contamos con un equipo especializado en pl\u00e1stica y reconstructiva facial, lo que nos permite ofrecer una amplia gama de procedimientos<\/p>\n\n\n\n<p class=\"sabermas\"><a href=\"https:\/\/www.riberasalud.com\/povisa\/cirugia-estetica-facial-en-vigo\/\">Saber m\u00e1s \u2192<\/a><\/p>\n<\/div><\/div>\n<\/div>\n\n\n\n<div class=\"wp-block-column is-layout-flow wp-block-column-is-layout-flow\">\n<figure class=\"wp-block-image size-full fotomodulo\"><img loading=\"lazy\" decoding=\"async\" width=\"800\" height=\"533\" src=\"https:\/\/riberasalud.com\/povisa\/wp-content\/uploads\/2023\/07\/dental-1.jpg\" alt=\"\" class=\"wp-image-9649\" srcset=\"https:\/\/riberasalud.com\/povisa\/wp-content\/uploads\/2023\/07\/dental-1.jpg 800w, https:\/\/riberasalud.com\/povisa\/wp-content\/uploads\/2023\/07\/dental-1-300x200.jpg 300w, https:\/\/riberasalud.com\/povisa\/wp-content\/uploads\/2023\/07\/dental-1-768x512.jpg 768w\" sizes=\"auto, (max-width: 800px) 100vw, 800px\" \/><\/figure>\n\n\n\n<div class=\"wp-block-group grupomodulo\"><div class=\"wp-block-group__inner-container is-layout-flow wp-block-group-is-layout-flow\">\n<h3 class=\"wp-block-heading\">Unidad odontol\u00f3gica Ribera Dent<\/h3>\n\n\n\n<p>En Ribera Dent, cuidamos de tu sonrisa y de tu salud bucodental y la de tus hijos<\/p>\n\n\n\n<p class=\"sabermas\"><a href=\"https:\/\/riberasalud.com\/ribera-dent\">Saber m\u00e1s \u2192<\/a><\/p>\n<\/div><\/div>\n<\/div>\n<\/div>\n\n\n\n<div class=\"wp-block-columns columnanomargin is-layout-flex wp-container-core-columns-is-layout-9d6595d7 wp-block-columns-is-layout-flex\">\n<div class=\"wp-block-column is-layout-flow wp-block-column-is-layout-flow\">\n<figure class=\"wp-block-image size-full fotomodulo\"><img loading=\"lazy\" decoding=\"async\" width=\"800\" height=\"533\" src=\"https:\/\/riberasalud.com\/povisa\/wp-content\/uploads\/2023\/07\/estetica-2.jpg\" alt=\"\" class=\"wp-image-9651\" srcset=\"https:\/\/riberasalud.com\/povisa\/wp-content\/uploads\/2023\/07\/estetica-2.jpg 800w, https:\/\/riberasalud.com\/povisa\/wp-content\/uploads\/2023\/07\/estetica-2-300x200.jpg 300w, https:\/\/riberasalud.com\/povisa\/wp-content\/uploads\/2023\/07\/estetica-2-768x512.jpg 768w\" sizes=\"auto, (max-width: 800px) 100vw, 800px\" \/><\/figure>\n\n\n\n<div class=\"wp-block-group grupomodulo\"><div class=\"wp-block-group__inner-container is-layout-flow wp-block-group-is-layout-flow\">\n<h3 class=\"wp-block-heading\">Unidad de medicina y cirug\u00eda est\u00e9tica<\/h3>\n\n\n\n<p>Cuidamos de tu salud f\u00edsica y emocional con tratamientos de rejuvenecimiento, lipoescultura, abdominoplastia y aumento o elevaci\u00f3n de pecho<\/p>\n\n\n\n<p class=\"sabermas\"><a href=\"https:\/\/riberasalud.com\/povisa\/estetica\/\" data-type=\"page\" data-id=\"9575\">Saber m\u00e1s \u2192<\/a><\/p>\n\n\n\n<p>&nbsp;<\/p>\n<\/div><\/div>\n<\/div>\n\n\n\n<div class=\"wp-block-column is-layout-flow wp-block-column-is-layout-flow\">\n<figure class=\"wp-block-image size-full fotomodulo\"><img loading=\"lazy\" decoding=\"async\" width=\"800\" height=\"533\" src=\"https:\/\/riberasalud.com\/povisa\/wp-content\/uploads\/2023\/07\/obesidad.jpg\" alt=\"\" class=\"wp-image-9648\" srcset=\"https:\/\/riberasalud.com\/povisa\/wp-content\/uploads\/2023\/07\/obesidad.jpg 800w, https:\/\/riberasalud.com\/povisa\/wp-content\/uploads\/2023\/07\/obesidad-300x200.jpg 300w, https:\/\/riberasalud.com\/povisa\/wp-content\/uploads\/2023\/07\/obesidad-768x512.jpg 768w\" sizes=\"auto, (max-width: 800px) 100vw, 800px\" \/><\/figure>\n\n\n\n<div class=\"wp-block-group grupomodulo\"><div class=\"wp-block-group__inner-container is-layout-flow wp-block-group-is-layout-flow\">\n<h3 class=\"wp-block-heading\">Cirug\u00eda de la obesidad<\/h3>\n\n\n\n<p>La cirug\u00eda de la obesidad es una opci\u00f3n efectiva para tratar y controlar el exceso de peso<\/p>\n\n\n\n<p class=\"sabermas\"><a href=\"https:\/\/riberasalud.com\/povisa\/que-es-la-obesidad-morbida\">Saber m\u00e1s \u2192<\/a><\/p>\n<\/div><\/div>\n<\/div>\n\n\n\n<div class=\"wp-block-column first is-layout-flow wp-block-column-is-layout-flow\">\n<figure class=\"wp-block-image size-full fotomodulo\"><img loading=\"lazy\" decoding=\"async\" width=\"1024\" height=\"683\" src=\"https:\/\/www.riberasalud.com\/povisa\/wp-content\/uploads\/2023\/06\/doctor-hands-holding-plush-heart-1024x683-1.jpg\" alt=\"\" class=\"wp-image-9268\" srcset=\"https:\/\/riberasalud.com\/povisa\/wp-content\/uploads\/2023\/06\/doctor-hands-holding-plush-heart-1024x683-1.jpg 1024w, https:\/\/riberasalud.com\/povisa\/wp-content\/uploads\/2023\/06\/doctor-hands-holding-plush-heart-1024x683-1-300x200.jpg 300w, https:\/\/riberasalud.com\/povisa\/wp-content\/uploads\/2023\/06\/doctor-hands-holding-plush-heart-1024x683-1-768x512.jpg 768w\" sizes=\"auto, (max-width: 1024px) 100vw, 1024px\" \/><\/figure>\n\n\n\n<div class=\"wp-block-group grupomodulo\"><div class=\"wp-block-group__inner-container is-layout-flow wp-block-group-is-layout-flow\">\n<h3 class=\"wp-block-heading\"><strong><strong>Chequeos m\u00e9dicos<\/strong><\/strong><\/h3>\n\n\n\n<p class=\"abrir-pop-up4\">El <strong>Hospital Ribera Povisa<\/strong> cuenta con un completo programa de chequeos de <strong>salud responsable<\/strong><\/p>\n\n\n\n<div style=\"height:10px\" aria-hidden=\"true\" class=\"wp-block-spacer\"><\/div>\n\n\n\n<p class=\"has-text-align-left sabermas\"><a href=\"https:\/\/www.riberasalud.com\/povisa\/chequeos\/\">Saber m\u00e1s \u2192<\/a><\/p>\n<\/div><\/div>\n<\/div>\n<\/div>\n<\/div><\/div>\n<\/div><\/div>\n\n\n\n<div class=\"wp-block-group modulocomo fondogris onlymobile\"><div class=\"wp-block-group__inner-container is-layout-flow wp-block-group-is-layout-flow\">\n<div class=\"wp-block-group gruponomargin grupomodulosmobile\"><div class=\"wp-block-group__inner-container is-layout-flow wp-block-group-is-layout-flow\">\n<div class=\"wp-block-columns columnanomargin is-layout-flex wp-container-core-columns-is-layout-9d6595d7 wp-block-columns-is-layout-flex\">\n<div class=\"wp-block-column first is-layout-flow wp-block-column-is-layout-flow\">\n<figure class=\"wp-block-image size-full fotomodulo\"><img loading=\"lazy\" decoding=\"async\" width=\"800\" height=\"533\" src=\"https:\/\/riberasalud.com\/povisa\/wp-content\/uploads\/2023\/07\/psicologiainfantil.jpg\" alt=\"\" class=\"wp-image-9650\" srcset=\"https:\/\/riberasalud.com\/povisa\/wp-content\/uploads\/2023\/07\/psicologiainfantil.jpg 800w, https:\/\/riberasalud.com\/povisa\/wp-content\/uploads\/2023\/07\/psicologiainfantil-300x200.jpg 300w, https:\/\/riberasalud.com\/povisa\/wp-content\/uploads\/2023\/07\/psicologiainfantil-768x512.jpg 768w\" sizes=\"auto, (max-width: 800px) 100vw, 800px\" \/><\/figure>\n\n\n\n<div class=\"wp-block-group grupomodulo\"><div class=\"wp-block-group__inner-container is-layout-flow wp-block-group-is-layout-flow\">\n<h3 class=\"wp-block-heading\">Unidad de psiquiatr\u00eda y psicolog\u00eda infantil<\/h3>\n\n\n\n<p>Ofrecemos un modelo asistencial basado en una <strong>atenci\u00f3n integral, multidisciplinar y de calidad<\/strong><\/p>\n\n\n\n<p class=\"sabermas\"><a href=\"https:\/\/riberasalud.com\/povisa\/psiquiatria-infantil\/\" data-type=\"URL\" data-id=\"https:\/\/riberasalud.com\/povisa\/psiquiatria-infantil\/\">Saber m\u00e1s \u2192<\/a><\/p>\n<\/div><\/div>\n<\/div>\n\n\n\n<div class=\"wp-block-column first is-layout-flow wp-block-column-is-layout-flow\">\n<figure class=\"wp-block-image size-full fotomodulo\"><img loading=\"lazy\" decoding=\"async\" width=\"800\" height=\"533\" src=\"https:\/\/riberasalud.com\/povisa\/wp-content\/uploads\/2023\/07\/capilar-6.jpg\" alt=\"\" class=\"wp-image-9652\" srcset=\"https:\/\/riberasalud.com\/povisa\/wp-content\/uploads\/2023\/07\/capilar-6.jpg 800w, https:\/\/riberasalud.com\/povisa\/wp-content\/uploads\/2023\/07\/capilar-6-300x200.jpg 300w, https:\/\/riberasalud.com\/povisa\/wp-content\/uploads\/2023\/07\/capilar-6-768x512.jpg 768w\" sizes=\"auto, (max-width: 800px) 100vw, 800px\" \/><\/figure>\n\n\n\n<div class=\"wp-block-group grupomodulo\"><div class=\"wp-block-group__inner-container is-layout-flow wp-block-group-is-layout-flow\">\n<h3 class=\"wp-block-heading\">Unidad tricolog\u00eda y trasplante capilar<\/h3>\n\n\n\n<p>Unidad especializada en estudiar y tratar enfermedades y problemas del cuero cabelludo y cabello<\/p>\n\n\n\n<p class=\"sabermas\"><a href=\"https:\/\/riberasalud.com\/povisa\/tricologia\/\" data-type=\"page\" data-id=\"9520\">Saber m\u00e1s \u2192<\/a><\/p>\n<\/div><\/div>\n<\/div>\n\n\n\n<div class=\"wp-block-column is-layout-flow wp-block-column-is-layout-flow\">\n<figure class=\"wp-block-image size-full fotomodulo\"><img loading=\"lazy\" decoding=\"async\" width=\"800\" height=\"533\" src=\"https:\/\/riberasalud.com\/povisa\/wp-content\/uploads\/2023\/07\/dental-1.jpg\" alt=\"\" class=\"wp-image-9649\" srcset=\"https:\/\/riberasalud.com\/povisa\/wp-content\/uploads\/2023\/07\/dental-1.jpg 800w, https:\/\/riberasalud.com\/povisa\/wp-content\/uploads\/2023\/07\/dental-1-300x200.jpg 300w, https:\/\/riberasalud.com\/povisa\/wp-content\/uploads\/2023\/07\/dental-1-768x512.jpg 768w\" sizes=\"auto, (max-width: 800px) 100vw, 800px\" \/><\/figure>\n\n\n\n<div class=\"wp-block-group grupomodulo\"><div class=\"wp-block-group__inner-container is-layout-flow wp-block-group-is-layout-flow\">\n<h3 class=\"wp-block-heading\">Unidad odontol\u00f3gica Ribera Dent<\/h3>\n\n\n\n<p>En Ribera Dental, cuidamos de tu sonrisa y de tu salud bucodental y la de tus hijos<\/p>\n\n\n\n<p class=\"sabermas\"><a href=\"https:\/\/riberasalud.com\/ribera-dent\">Saber m\u00e1s \u2192<\/a><\/p>\n<\/div><\/div>\n<\/div>\n\n\n\n<div class=\"wp-block-column is-layout-flow wp-block-column-is-layout-flow\">\n<figure class=\"wp-block-image size-full fotomodulo\"><img loading=\"lazy\" decoding=\"async\" width=\"800\" height=\"533\" src=\"https:\/\/riberasalud.com\/povisa\/wp-content\/uploads\/2023\/07\/estetica-2.jpg\" alt=\"\" class=\"wp-image-9651\" srcset=\"https:\/\/riberasalud.com\/povisa\/wp-content\/uploads\/2023\/07\/estetica-2.jpg 800w, https:\/\/riberasalud.com\/povisa\/wp-content\/uploads\/2023\/07\/estetica-2-300x200.jpg 300w, https:\/\/riberasalud.com\/povisa\/wp-content\/uploads\/2023\/07\/estetica-2-768x512.jpg 768w\" sizes=\"auto, (max-width: 800px) 100vw, 800px\" \/><\/figure>\n\n\n\n<div class=\"wp-block-group grupomodulo\"><div class=\"wp-block-group__inner-container is-layout-flow wp-block-group-is-layout-flow\">\n<h3 class=\"wp-block-heading\">Unidad de medicina y cirug\u00eda est\u00e9tica<\/h3>\n\n\n\n<p>Cuidamos de tu salud f\u00edsica y emocional con tratamientos de rejuvenecimiento, lipoescultura, abdominoplastia y aumento o elevaci\u00f3n del pecho.&nbsp;<\/p>\n\n\n\n<p class=\"sabermas\"><a href=\"https:\/\/riberasalud.com\/povisa\/estetica\/\" data-type=\"page\" data-id=\"9575\">Saber m\u00e1s \u2192<\/a><\/p>\n<\/div><\/div>\n<\/div>\n\n\n\n<div class=\"wp-block-column is-layout-flow wp-block-column-is-layout-flow\">\n<figure class=\"wp-block-image size-full fotomodulo\"><img loading=\"lazy\" decoding=\"async\" width=\"800\" height=\"533\" src=\"https:\/\/riberasalud.com\/povisa\/wp-content\/uploads\/2023\/07\/obesidad.jpg\" alt=\"\" class=\"wp-image-9648\" srcset=\"https:\/\/riberasalud.com\/povisa\/wp-content\/uploads\/2023\/07\/obesidad.jpg 800w, https:\/\/riberasalud.com\/povisa\/wp-content\/uploads\/2023\/07\/obesidad-300x200.jpg 300w, https:\/\/riberasalud.com\/povisa\/wp-content\/uploads\/2023\/07\/obesidad-768x512.jpg 768w\" sizes=\"auto, (max-width: 800px) 100vw, 800px\" \/><\/figure>\n\n\n\n<div class=\"wp-block-group grupomodulo\"><div class=\"wp-block-group__inner-container is-layout-flow wp-block-group-is-layout-flow\">\n<h3 class=\"wp-block-heading\">Cirug\u00eda de la obesidad<\/h3>\n\n\n\n<p>La cirug\u00eda de la obesidad es una opci\u00f3n efectiva para tratar y controlar el exceso de peso<\/p>\n\n\n\n<p class=\"sabermas\"><a href=\"https:\/\/riberasalud.com\/povisa\/que-es-la-obesidad-morbida\">Saber m\u00e1s \u2192<\/a><\/p>\n<\/div><\/div>\n<\/div>\n<\/div>\n<\/div><\/div>\n<\/div><\/div>\n","protected":false},"excerpt":{"rendered":"<p>HOSPITAL RIBERA POVISA Unidades de referencia \u00c1rea de la mujer Atenci\u00f3n integral y multidisciplinar para ciudad de la salud de la mujer en todas las etapas de su vida. Saber m\u00e1s \u2192 Cirug\u00eda est\u00e9tica facial Contamos con un equipo especializado en pl\u00e1stica y reconstructiva facial, lo que nos permite ofrecer una amplia gama de procedimientos &#8230; <a title=\"Unidades de referencia\" class=\"read-more\" href=\"https:\/\/riberasalud.com\/povisa\/unidades-de-referencia\/\" aria-label=\"Leer m\u00e1s sobre Unidades de referencia\">Leer m\u00e1s<\/a><\/p>\n","protected":false},"author":1,"featured_media":0,"parent":0,"menu_order":0,"comment_status":"closed","ping_status":"closed","template":"","meta":{"_coblocks_attr":"","_coblocks_dimensions":"","_coblocks_responsive_height":"","_coblocks_accordion_ie_support":"","_monsterinsights_skip_tracking":false,"_monsterinsights_sitenote_active":false,"_monsterinsights_sitenote_note":"","_monsterinsights_sitenote_category":0,"footnotes":""},"class_list":["post-9436","page","type-page","status-publish"],"yoast_head":"<!-- This site is optimized with the Yoast SEO plugin v26.9 - https:\/\/yoast.com\/product\/yoast-seo-wordpress\/ -->\n<title>\u25b7 Unidades de referencia | Hospital Ribera Povisa<\/title>\n<meta name=\"description\" content=\"lll\u1405 Las Unidades de Referencia del Hospital Ribera Povisa proporcionan atenci\u00f3n especializada en \u00e1reas m\u00e9dicas espec\u00edficas y complejas. \u2705\" \/>\n<meta name=\"robots\" content=\"index, follow, max-snippet:-1, max-image-preview:large, max-video-preview:-1\" \/>\n<link rel=\"canonical\" href=\"https:\/\/riberasalud.com\/povisa\/unidades-de-referencia\/\" \/>\n<meta property=\"og:locale\" content=\"es_ES\" \/>\n<meta property=\"og:type\" content=\"article\" \/>\n<meta property=\"og:title\" content=\"\u25b7 Unidades de referencia | Hospital Ribera Povisa\" \/>\n<meta property=\"og:description\" content=\"lll\u1405 Las Unidades de Referencia del Hospital Ribera Povisa proporcionan atenci\u00f3n especializada en \u00e1reas m\u00e9dicas espec\u00edficas y complejas. \u2705\" \/>\n<meta property=\"og:url\" content=\"https:\/\/riberasalud.com\/povisa\/unidades-de-referencia\/\" \/>\n<meta property=\"og:site_name\" content=\"Hospital Ribera Povisa\" \/>\n<meta property=\"article:modified_time\" content=\"2025-06-09T11:13:02+00:00\" \/>\n<meta property=\"og:image\" content=\"https:\/\/www.riberasalud.com\/povisa\/wp-content\/uploads\/2025\/04\/Area-de-la-mujer-en-Povisa-800x533-1.jpg\" \/>\n<meta name=\"twitter:card\" content=\"summary_large_image\" \/>\n<meta name=\"twitter:label1\" content=\"Tiempo de lectura\" \/>\n\t<meta name=\"twitter:data1\" content=\"4 minutos\" \/>\n<script type=\"application\/ld+json\" class=\"yoast-schema-graph\">{\"@context\":\"https:\/\/schema.org\",\"@graph\":[{\"@type\":\"WebPage\",\"@id\":\"https:\/\/riberasalud.com\/povisa\/unidades-de-referencia\/\",\"url\":\"https:\/\/riberasalud.com\/povisa\/unidades-de-referencia\/\",\"name\":\"\u25b7 Unidades de referencia | Hospital Ribera Povisa\",\"isPartOf\":{\"@id\":\"https:\/\/riberasalud.com\/povisa\/#website\"},\"primaryImageOfPage\":{\"@id\":\"https:\/\/riberasalud.com\/povisa\/unidades-de-referencia\/#primaryimage\"},\"image\":{\"@id\":\"https:\/\/riberasalud.com\/povisa\/unidades-de-referencia\/#primaryimage\"},\"thumbnailUrl\":\"https:\/\/www.riberasalud.com\/povisa\/wp-content\/uploads\/2025\/04\/Area-de-la-mujer-en-Povisa-800x533-1.jpg\",\"datePublished\":\"2023-06-21T08:40:31+00:00\",\"dateModified\":\"2025-06-09T11:13:02+00:00\",\"description\":\"lll\u1405 Las Unidades de Referencia del Hospital Ribera Povisa proporcionan atenci\u00f3n especializada en \u00e1reas m\u00e9dicas espec\u00edficas y complejas. \u2705\",\"inLanguage\":\"es\",\"potentialAction\":[{\"@type\":\"ReadAction\",\"target\":[\"https:\/\/riberasalud.com\/povisa\/unidades-de-referencia\/\"]}]},{\"@type\":\"ImageObject\",\"inLanguage\":\"es\",\"@id\":\"https:\/\/riberasalud.com\/povisa\/unidades-de-referencia\/#primaryimage\",\"url\":\"https:\/\/www.riberasalud.com\/povisa\/wp-content\/uploads\/2025\/04\/Area-de-la-mujer-en-Povisa-800x533-1.jpg\",\"contentUrl\":\"https:\/\/www.riberasalud.com\/povisa\/wp-content\/uploads\/2025\/04\/Area-de-la-mujer-en-Povisa-800x533-1.jpg\"},{\"@type\":\"WebSite\",\"@id\":\"https:\/\/riberasalud.com\/povisa\/#website\",\"url\":\"https:\/\/riberasalud.com\/povisa\/\",\"name\":\"Hospital Ribera Povisa\",\"description\":\"\",\"publisher\":{\"@id\":\"https:\/\/riberasalud.com\/povisa\/#organization\"},\"potentialAction\":[{\"@type\":\"SearchAction\",\"target\":{\"@type\":\"EntryPoint\",\"urlTemplate\":\"https:\/\/riberasalud.com\/povisa\/?s={search_term_string}\"},\"query-input\":{\"@type\":\"PropertyValueSpecification\",\"valueRequired\":true,\"valueName\":\"search_term_string\"}}],\"inLanguage\":\"es\"},{\"@type\":\"Organization\",\"@id\":\"https:\/\/riberasalud.com\/povisa\/#organization\",\"name\":\"Hospital Ribera Povisa\",\"url\":\"https:\/\/riberasalud.com\/povisa\/\",\"logo\":{\"@type\":\"ImageObject\",\"inLanguage\":\"es\",\"@id\":\"https:\/\/riberasalud.com\/povisa\/#\/schema\/logo\/image\/\",\"url\":\"https:\/\/riberasalud.com\/povisa\/wp-content\/uploads\/2024\/01\/cropped-Logo-Red-Povisa.png\",\"contentUrl\":\"https:\/\/riberasalud.com\/povisa\/wp-content\/uploads\/2024\/01\/cropped-Logo-Red-Povisa.png\",\"width\":1929,\"height\":489,\"caption\":\"Hospital Ribera Povisa\"},\"image\":{\"@id\":\"https:\/\/riberasalud.com\/povisa\/#\/schema\/logo\/image\/\"}}]}<\/script>\n<!-- \/ Yoast SEO plugin. -->","yoast_head_json":{"title":"\u25b7 Unidades de referencia | Hospital Ribera Povisa","description":"lll\u1405 Las Unidades de Referencia del Hospital Ribera Povisa proporcionan atenci\u00f3n especializada en \u00e1reas m\u00e9dicas espec\u00edficas y complejas. \u2705","robots":{"index":"index","follow":"follow","max-snippet":"max-snippet:-1","max-image-preview":"max-image-preview:large","max-video-preview":"max-video-preview:-1"},"canonical":"https:\/\/riberasalud.com\/povisa\/unidades-de-referencia\/","og_locale":"es_ES","og_type":"article","og_title":"\u25b7 Unidades de referencia | Hospital Ribera Povisa","og_description":"lll\u1405 Las Unidades de Referencia del Hospital Ribera Povisa proporcionan atenci\u00f3n especializada en \u00e1reas m\u00e9dicas espec\u00edficas y complejas. \u2705","og_url":"https:\/\/riberasalud.com\/povisa\/unidades-de-referencia\/","og_site_name":"Hospital Ribera Povisa","article_modified_time":"2025-06-09T11:13:02+00:00","og_image":[{"url":"https:\/\/www.riberasalud.com\/povisa\/wp-content\/uploads\/2025\/04\/Area-de-la-mujer-en-Povisa-800x533-1.jpg","type":"","width":"","height":""}],"twitter_card":"summary_large_image","twitter_misc":{"Tiempo de lectura":"4 minutos"},"schema":{"@context":"https:\/\/schema.org","@graph":[{"@type":"WebPage","@id":"https:\/\/riberasalud.com\/povisa\/unidades-de-referencia\/","url":"https:\/\/riberasalud.com\/povisa\/unidades-de-referencia\/","name":"\u25b7 Unidades de referencia | Hospital Ribera Povisa","isPartOf":{"@id":"https:\/\/riberasalud.com\/povisa\/#website"},"primaryImageOfPage":{"@id":"https:\/\/riberasalud.com\/povisa\/unidades-de-referencia\/#primaryimage"},"image":{"@id":"https:\/\/riberasalud.com\/povisa\/unidades-de-referencia\/#primaryimage"},"thumbnailUrl":"https:\/\/www.riberasalud.com\/povisa\/wp-content\/uploads\/2025\/04\/Area-de-la-mujer-en-Povisa-800x533-1.jpg","datePublished":"2023-06-21T08:40:31+00:00","dateModified":"2025-06-09T11:13:02+00:00","description":"lll\u1405 Las Unidades de Referencia del Hospital Ribera Povisa proporcionan atenci\u00f3n especializada en \u00e1reas m\u00e9dicas espec\u00edficas y complejas. \u2705","inLanguage":"es","potentialAction":[{"@type":"ReadAction","target":["https:\/\/riberasalud.com\/povisa\/unidades-de-referencia\/"]}]},{"@type":"ImageObject","inLanguage":"es","@id":"https:\/\/riberasalud.com\/povisa\/unidades-de-referencia\/#primaryimage","url":"https:\/\/www.riberasalud.com\/povisa\/wp-content\/uploads\/2025\/04\/Area-de-la-mujer-en-Povisa-800x533-1.jpg","contentUrl":"https:\/\/www.riberasalud.com\/povisa\/wp-content\/uploads\/2025\/04\/Area-de-la-mujer-en-Povisa-800x533-1.jpg"},{"@type":"WebSite","@id":"https:\/\/riberasalud.com\/povisa\/#website","url":"https:\/\/riberasalud.com\/povisa\/","name":"Hospital Ribera Povisa","description":"","publisher":{"@id":"https:\/\/riberasalud.com\/povisa\/#organization"},"potentialAction":[{"@type":"SearchAction","target":{"@type":"EntryPoint","urlTemplate":"https:\/\/riberasalud.com\/povisa\/?s={search_term_string}"},"query-input":{"@type":"PropertyValueSpecification","valueRequired":true,"valueName":"search_term_string"}}],"inLanguage":"es"},{"@type":"Organization","@id":"https:\/\/riberasalud.com\/povisa\/#organization","name":"Hospital Ribera Povisa","url":"https:\/\/riberasalud.com\/povisa\/","logo":{"@type":"ImageObject","inLanguage":"es","@id":"https:\/\/riberasalud.com\/povisa\/#\/schema\/logo\/image\/","url":"https:\/\/riberasalud.com\/povisa\/wp-content\/uploads\/2024\/01\/cropped-Logo-Red-Povisa.png","contentUrl":"https:\/\/riberasalud.com\/povisa\/wp-content\/uploads\/2024\/01\/cropped-Logo-Red-Povisa.png","width":1929,"height":489,"caption":"Hospital Ribera Povisa"},"image":{"@id":"https:\/\/riberasalud.com\/povisa\/#\/schema\/logo\/image\/"}}]}},"_links":{"self":[{"href":"https:\/\/riberasalud.com\/povisa\/wp-json\/wp\/v2\/pages\/9436","targetHints":{"allow":["GET"]}}],"collection":[{"href":"https:\/\/riberasalud.com\/povisa\/wp-json\/wp\/v2\/pages"}],"about":[{"href":"https:\/\/riberasalud.com\/povisa\/wp-json\/wp\/v2\/types\/page"}],"author":[{"embeddable":true,"href":"https:\/\/riberasalud.com\/povisa\/wp-json\/wp\/v2\/users\/1"}],"replies":[{"embeddable":true,"href":"https:\/\/riberasalud.com\/povisa\/wp-json\/wp\/v2\/comments?post=9436"}],"version-history":[{"count":23,"href":"https:\/\/riberasalud.com\/povisa\/wp-json\/wp\/v2\/pages\/9436\/revisions"}],"predecessor-version":[{"id":14340,"href":"https:\/\/riberasalud.com\/povisa\/wp-json\/wp\/v2\/pages\/9436\/revisions\/14340"}],"wp:attachment":[{"href":"https:\/\/riberasalud.com\/povisa\/wp-json\/wp\/v2\/media?parent=9436"}],"curies":[{"name":"wp","href":"https:\/\/api.w.org\/{rel}","templated":true}]}}