{"id":9424,"date":"2023-06-21T06:59:21","date_gmt":"2023-06-21T06:59:21","guid":{"rendered":"https:\/\/riberasalud.com\/povisaaux\/?page_id=9424"},"modified":"2023-06-21T08:46:25","modified_gmt":"2023-06-21T08:46:25","slug":"disfagia","status":"publish","type":"page","link":"https:\/\/riberasalud.com\/povisa\/disfagia\/","title":{"rendered":"Consulta de diagn\u00f3stico de disfagia"},"content":{"rendered":"\n<div class=\"wp-block-group hasbackgroundnaranja sliderlinea\"><div class=\"wp-block-group__inner-container is-layout-flow wp-block-group-is-layout-flow\">\n<p>HOSPITAL RIBERA POVISA<\/p>\n\n\n\n<h1 class=\"wp-block-heading\">Consulta de diagn\u00f3stico de disfagia<\/h1>\n<\/div><\/div>\n\n\n\n<div class=\"wp-block-group\"><div class=\"wp-block-group__inner-container is-layout-flow wp-block-group-is-layout-flow\">\n<p>La <strong>disfagia<\/strong> corresponde a una \u201c<strong>sensaci\u00f3n de dificultad en el avance de la comida desde la boca al est\u00f3mago<\/strong>\u201d dada por una alteraci\u00f3n en alguna de las cuatro etapas de la degluci\u00f3n. Su prevalencia en la poblaci\u00f3n general es de un 6-9% y se asocia a complicaciones como neumon\u00eda aspirativa, desnutrici\u00f3n, deshidrataci\u00f3n y obstrucci\u00f3n de la v\u00eda a\u00e9rea. La disfagia orofar\u00edngea es especialmente prevalente en mayores de 75 a\u00f1os, en pacientes neurol\u00f3gicos y en aquellos que han requerido una instrumentaci\u00f3n de su v\u00eda a\u00e9rea (intubaci\u00f3n orotraqueal y\/o traqueostom\u00eda). El manejo de los pacientes con trastornos de la degluci\u00f3n orofar\u00edngea es multidisciplinario. Los <strong>objetivos de la evaluaci\u00f3n de un paciente<\/strong> con disfagia orofar\u00edngea son:&nbsp;<\/p>\n\n\n\n<p>1) Evaluar la integridad funcional de la degluci\u00f3n orofar\u00edngea.<br>2) Identificar la presencia de causas estructurales o mec\u00e1nicas de disfagia.<br>3) Evaluar el riesgo de aspiraci\u00f3n y la seguridad de alimentar al paciente por v\u00eda oral.<br>4) Determinar si el patr\u00f3n de disfagia es tratable y, de ser as\u00ed, evaluar la eficacia de los tratamientos.<\/p>\n\n\n\n<figure class=\"wp-block-image size-full fotoredonda\"><img loading=\"lazy\" decoding=\"async\" width=\"1024\" height=\"315\" src=\"https:\/\/riberasalud.com\/povisa\/wp-content\/uploads\/2023\/06\/Equipo-ORL-1024x315-1.jpg\" alt=\"\" class=\"wp-image-9401\" srcset=\"https:\/\/riberasalud.com\/povisa\/wp-content\/uploads\/2023\/06\/Equipo-ORL-1024x315-1.jpg 1024w, https:\/\/riberasalud.com\/povisa\/wp-content\/uploads\/2023\/06\/Equipo-ORL-1024x315-1-300x92.jpg 300w, https:\/\/riberasalud.com\/povisa\/wp-content\/uploads\/2023\/06\/Equipo-ORL-1024x315-1-768x236.jpg 768w\" sizes=\"auto, (max-width: 1024px) 100vw, 1024px\" \/><\/figure>\n\n\n\n<div style=\"height:50px\" aria-hidden=\"true\" class=\"wp-block-spacer\"><\/div>\n\n\n\n<p>Nuestra consulta de disfagia lleva en funcionamiento desde hace m\u00e1s de 5 a\u00f1os. En esta consulta se realiza una videoendoscopia de degluci\u00f3n con un fibroendoscopio flexible. Se trata de un procedimiento seguro y bien tolerado con una duraci\u00f3n aproximada de 20 minutos. El paciente es estudiado con diversas consistencias de alimentos en vol\u00famenes progresivos, debiendo realizarse evaluaciones repetidas para comprobar la presencia de aspiraci\u00f3n. Esta consulta est\u00e1 indicada \u00fanicamente para el <strong>diagn\u00f3stico de la disfagia.<\/strong> El tratamiento se hace desde logopedia.<\/p>\n\n\n\n<p>La disfagia orofar\u00edngea se define como la dificultad para llevar el bolo alimenticio desde la boca hasta el es\u00f3fago. Estos trastornos repercuten sobre la nutrici\u00f3n y la hidrataci\u00f3n y pueden producir bronco aspiraciones (paso de alimento, saliva o l\u00edquido a la v\u00eda respiratoria) que pueden comprometer el aparato respiratorio con infecciones y neumon\u00edas de diferente severidad. La tos durante las comidas, suele ser una se\u00f1al de alerta. Este trastorno de la degluci\u00f3n, se puede producir como una secuela de una gran variedad de enfermedades agudas o cr\u00f3nicas.<\/p>\n\n\n\n<p>Si crees que puedes tener v\u00e9rtigos a alg\u00fan tipo de patolog\u00eda relacionada, consulta con nuestro equipo m\u00e9dico.<\/p>\n\n\n\n<h2 class=\"wp-block-heading\">Citas: <strong>986 120 000<\/strong><\/h2>\n\n\n\n<p>Ubicaci\u00f3n: <strong>2\u00aa planta, Hospital Ribera Povisa<\/strong><\/p>\n\n\n\n<div class=\"wp-block-group equipoasistencialmargin grupozeromarginmedicos\"><div class=\"wp-block-group__inner-container is-layout-flow wp-block-group-is-layout-flow\">\n<div class=\"wp-block-group\"><div class=\"wp-block-group__inner-container is-layout-flow wp-block-group-is-layout-flow\">\n<h2 class=\"wp-block-heading has-text-align-center\" id=\"que\">Equipo m\u00e9dico<\/h2>\n\n\n\n<div style=\"height:30px\" aria-hidden=\"true\" class=\"wp-block-spacer\"><\/div>\n\n\n\n<div class=\"wp-block-columns equipoasistencial is-layout-flex wp-container-core-columns-is-layout-9d6595d7 wp-block-columns-is-layout-flex\">\n<div class=\"wp-block-column is-layout-flow wp-block-column-is-layout-flow\"><\/div>\n\n\n\n<div class=\"wp-block-column is-layout-flow wp-block-column-is-layout-flow\">\n<figure class=\"wp-block-image size-full\"><img loading=\"lazy\" decoding=\"async\" width=\"150\" height=\"150\" src=\"https:\/\/riberasalud.com\/povisa\/wp-content\/uploads\/2023\/06\/Doctor-Antonio-Gonzalez-Prado-150x150-1.jpg\" alt=\"\" class=\"wp-image-9406\"\/><\/figure>\n\n\n\n<p class=\"nombre\"><strong>Doctor Antonio Gonzalez Prado<\/strong><\/p>\n\n\n\n<p class=\"profesion\">Otorrinolaring\u00f3logo<br>Responsable en\u00a0Cirug\u00eda de cuello y <a href=\"https:\/\/riberasalud.com\/povisa\/disfagia\/\" data-type=\"URL\" data-id=\"https:\/\/riberasalud.com\/povisa\/disfagia\/\">Disfagia orofaringea<\/a><\/p>\n\n\n\n<div class=\"bloqueacordeon\">\n<div class=\"cvv\" style=\"width:200px\"><span class=\"tituloaccordion\">Ver Curr\u00edculum<\/span><\/div>\n<div class=\"panel\" style=\"display:none\">\n  <p>-Licenciado en Medicina y Cirug\u00eda por la Universidad de Santiago de Compostela.<br>\n-M\u00e9dico residente en el Complejo Hospitalario Universitario de Vigo (CHUVI).<br>\n-Master y t\u00edtulo de experto en Estudios Avanzados en Ciencias de la Salud (Universidad de Vigo).<br>\n-Miembro de la Sociedad Espa\u00f1ola de ORL<br>\n-Miembro de la Sociedad Gallega de ORL.\n<\/p>\n<\/div>\n\n\n\n\n<\/div>\n<script>\nvar acc = document.getElementsByClassName(\"cvv\");\nvar i;\n\nfor (i = 0; i < acc.length; i++) {\n  acc[i].addEventListener(\"click\", function() {\n    var panel = this.nextElementSibling;\n\n    if (panel.style.display === \"block\") {\n      panel.style.display = \"none\";\n\n    } else {\n      panel.style.display = \"block\";\n\n    }\n  });\n}\n<\/script>\n<\/div>\n\n\n\n<div class=\"wp-block-column is-layout-flow wp-block-column-is-layout-flow\">\n<figure class=\"wp-block-image size-full is-resized\"><img decoding=\"async\" src=\"https:\/\/riberasalud.com\/povisa\/wp-content\/uploads\/2023\/06\/Maria-Luz-Santamaria-Castro-150x150-1.jpg\" alt=\"\" class=\"wp-image-9403\" height=\"150\"\/><\/figure>\n\n\n\n<p class=\"nombre\"><strong>Doctora Mar\u00eda Luz Santamar\u00eda Castro<\/strong><\/p>\n\n\n\n<p class=\"profesion\">Otorrinolaring\u00f3logo<br>Responsable en <a href=\"https:\/\/riberasalud.com\/povisa\/disfagia\/\" data-type=\"URL\" data-id=\"https:\/\/riberasalud.com\/povisa\/disfagia\/\">Disfagia orofaringea<\/a> y<br>Oncolog\u00eda<\/p>\n\n\n\n<div class=\"bloqueacordeon\">\n<div class=\"cvv\" style=\"width:200px\"><span class=\"tituloaccordion\">Ver Curr\u00edculum<\/span><\/div>\n<div class=\"panel\" style=\"display:none\">\n  <p>-Licenciada en Medicina y Cirug\u00eda por la Universidad de Santiago de Compostela.<br>\n-M\u00e9dico residente en el Hospital do Meixoeiro.<br>\n-Miembro de la Sociedad Espa\u00f1ola de ORL<br>\n-Miembro de la Sociedad Gallega de ORL.\n<\/p>\n<\/div>\n\n\n\n\n<\/div>\n<script>\nvar acc = document.getElementsByClassName(\"cvv\");\nvar i;\n\nfor (i = 0; i < acc.length; i++) {\n  acc[i].addEventListener(\"click\", function() {\n    var panel = this.nextElementSibling;\n\n    if (panel.style.display === \"block\") {\n      panel.style.display = \"none\";\n\n    } else {\n      panel.style.display = \"block\";\n\n    }\n  });\n}\n<\/script>\n<\/div>\n\n\n\n<div class=\"wp-block-column is-layout-flow wp-block-column-is-layout-flow\"><\/div>\n<\/div>\n<\/div><\/div>\n<\/div><\/div>\n<\/div><\/div>\n","protected":false},"excerpt":{"rendered":"<p>HOSPITAL RIBERA POVISA Consulta de diagn\u00f3stico de disfagia La disfagia corresponde a una \u201csensaci\u00f3n de dificultad en el avance de la comida desde la boca al est\u00f3mago\u201d dada por una alteraci\u00f3n en alguna de las cuatro etapas de la degluci\u00f3n. Su prevalencia en la poblaci\u00f3n general es de un 6-9% y se asocia a complicaciones &#8230; <a title=\"Consulta de diagn\u00f3stico de disfagia\" class=\"read-more\" href=\"https:\/\/riberasalud.com\/povisa\/disfagia\/\" aria-label=\"Leer m\u00e1s sobre Consulta de diagn\u00f3stico de disfagia\">Leer m\u00e1s<\/a><\/p>\n","protected":false},"author":1,"featured_media":0,"parent":0,"menu_order":0,"comment_status":"closed","ping_status":"closed","template":"","meta":{"_coblocks_attr":"","_coblocks_dimensions":"","_coblocks_responsive_height":"","_coblocks_accordion_ie_support":"","_monsterinsights_skip_tracking":false,"_monsterinsights_sitenote_active":false,"_monsterinsights_sitenote_note":"","_monsterinsights_sitenote_category":0,"footnotes":""},"class_list":["post-9424","page","type-page","status-publish"],"yoast_head":"<!-- This site is optimized with the Yoast SEO plugin v26.9 - https:\/\/yoast.com\/product\/yoast-seo-wordpress\/ -->\n<title>\u25b7 Consulta de diagn\u00f3stico de disfagia | Hospital Ribera Povisa<\/title>\n<meta name=\"description\" content=\"lll\u1405 HOSPITAL RIBERA POVISA Consulta de diagn\u00f3stico de disfagia La disfagia corresponde a una \u201csensaci\u00f3n de dificultad en el avance de la comida desde la boca \u2705\" \/>\n<meta name=\"robots\" content=\"index, follow, max-snippet:-1, max-image-preview:large, max-video-preview:-1\" \/>\n<link rel=\"canonical\" href=\"https:\/\/riberasalud.com\/povisa\/disfagia\/\" \/>\n<meta property=\"og:locale\" content=\"es_ES\" \/>\n<meta property=\"og:type\" content=\"article\" \/>\n<meta property=\"og:title\" content=\"\u25b7 Consulta de diagn\u00f3stico de disfagia | Hospital Ribera Povisa\" \/>\n<meta property=\"og:description\" content=\"lll\u1405 HOSPITAL RIBERA POVISA Consulta de diagn\u00f3stico de disfagia La disfagia corresponde a una \u201csensaci\u00f3n de dificultad en el avance de la comida desde la boca \u2705\" \/>\n<meta property=\"og:url\" content=\"https:\/\/riberasalud.com\/povisa\/disfagia\/\" \/>\n<meta property=\"og:site_name\" content=\"Hospital Ribera Povisa\" \/>\n<meta property=\"article:modified_time\" content=\"2023-06-21T08:46:25+00:00\" \/>\n<meta property=\"og:image\" content=\"https:\/\/riberasalud.com\/povisa\/wp-content\/uploads\/2023\/06\/Equipo-ORL-1024x315-1.jpg\" \/>\n<meta name=\"twitter:card\" content=\"summary_large_image\" \/>\n<meta name=\"twitter:label1\" content=\"Tiempo de lectura\" \/>\n\t<meta name=\"twitter:data1\" content=\"3 minutos\" \/>\n<script type=\"application\/ld+json\" class=\"yoast-schema-graph\">{\"@context\":\"https:\/\/schema.org\",\"@graph\":[{\"@type\":\"WebPage\",\"@id\":\"https:\/\/riberasalud.com\/povisa\/disfagia\/\",\"url\":\"https:\/\/riberasalud.com\/povisa\/disfagia\/\",\"name\":\"\u25b7 Consulta de diagn\u00f3stico de disfagia | Hospital Ribera Povisa\",\"isPartOf\":{\"@id\":\"https:\/\/riberasalud.com\/povisa\/#website\"},\"primaryImageOfPage\":{\"@id\":\"https:\/\/riberasalud.com\/povisa\/disfagia\/#primaryimage\"},\"image\":{\"@id\":\"https:\/\/riberasalud.com\/povisa\/disfagia\/#primaryimage\"},\"thumbnailUrl\":\"https:\/\/riberasalud.com\/povisa\/wp-content\/uploads\/2023\/06\/Equipo-ORL-1024x315-1.jpg\",\"datePublished\":\"2023-06-21T06:59:21+00:00\",\"dateModified\":\"2023-06-21T08:46:25+00:00\",\"description\":\"lll\u1405 HOSPITAL RIBERA POVISA Consulta de diagn\u00f3stico de disfagia La disfagia corresponde a una \u201csensaci\u00f3n de dificultad en el avance de la comida desde la boca \u2705\",\"inLanguage\":\"es\",\"potentialAction\":[{\"@type\":\"ReadAction\",\"target\":[\"https:\/\/riberasalud.com\/povisa\/disfagia\/\"]}]},{\"@type\":\"ImageObject\",\"inLanguage\":\"es\",\"@id\":\"https:\/\/riberasalud.com\/povisa\/disfagia\/#primaryimage\",\"url\":\"https:\/\/riberasalud.com\/povisa\/wp-content\/uploads\/2023\/06\/Equipo-ORL-1024x315-1.jpg\",\"contentUrl\":\"https:\/\/riberasalud.com\/povisa\/wp-content\/uploads\/2023\/06\/Equipo-ORL-1024x315-1.jpg\"},{\"@type\":\"WebSite\",\"@id\":\"https:\/\/riberasalud.com\/povisa\/#website\",\"url\":\"https:\/\/riberasalud.com\/povisa\/\",\"name\":\"Hospital Ribera Povisa\",\"description\":\"\",\"publisher\":{\"@id\":\"https:\/\/riberasalud.com\/povisa\/#organization\"},\"potentialAction\":[{\"@type\":\"SearchAction\",\"target\":{\"@type\":\"EntryPoint\",\"urlTemplate\":\"https:\/\/riberasalud.com\/povisa\/?s={search_term_string}\"},\"query-input\":{\"@type\":\"PropertyValueSpecification\",\"valueRequired\":true,\"valueName\":\"search_term_string\"}}],\"inLanguage\":\"es\"},{\"@type\":\"Organization\",\"@id\":\"https:\/\/riberasalud.com\/povisa\/#organization\",\"name\":\"Hospital Ribera Povisa\",\"url\":\"https:\/\/riberasalud.com\/povisa\/\",\"logo\":{\"@type\":\"ImageObject\",\"inLanguage\":\"es\",\"@id\":\"https:\/\/riberasalud.com\/povisa\/#\/schema\/logo\/image\/\",\"url\":\"https:\/\/riberasalud.com\/povisa\/wp-content\/uploads\/2024\/01\/cropped-Logo-Red-Povisa.png\",\"contentUrl\":\"https:\/\/riberasalud.com\/povisa\/wp-content\/uploads\/2024\/01\/cropped-Logo-Red-Povisa.png\",\"width\":1929,\"height\":489,\"caption\":\"Hospital Ribera Povisa\"},\"image\":{\"@id\":\"https:\/\/riberasalud.com\/povisa\/#\/schema\/logo\/image\/\"}}]}<\/script>\n<!-- \/ Yoast SEO plugin. -->","yoast_head_json":{"title":"\u25b7 Consulta de diagn\u00f3stico de disfagia | Hospital Ribera Povisa","description":"lll\u1405 HOSPITAL RIBERA POVISA Consulta de diagn\u00f3stico de disfagia La disfagia corresponde a una \u201csensaci\u00f3n de dificultad en el avance de la comida desde la boca \u2705","robots":{"index":"index","follow":"follow","max-snippet":"max-snippet:-1","max-image-preview":"max-image-preview:large","max-video-preview":"max-video-preview:-1"},"canonical":"https:\/\/riberasalud.com\/povisa\/disfagia\/","og_locale":"es_ES","og_type":"article","og_title":"\u25b7 Consulta de diagn\u00f3stico de disfagia | Hospital Ribera Povisa","og_description":"lll\u1405 HOSPITAL RIBERA POVISA Consulta de diagn\u00f3stico de disfagia La disfagia corresponde a una \u201csensaci\u00f3n de dificultad en el avance de la comida desde la boca \u2705","og_url":"https:\/\/riberasalud.com\/povisa\/disfagia\/","og_site_name":"Hospital Ribera Povisa","article_modified_time":"2023-06-21T08:46:25+00:00","og_image":[{"url":"https:\/\/riberasalud.com\/povisa\/wp-content\/uploads\/2023\/06\/Equipo-ORL-1024x315-1.jpg","type":"","width":"","height":""}],"twitter_card":"summary_large_image","twitter_misc":{"Tiempo de lectura":"3 minutos"},"schema":{"@context":"https:\/\/schema.org","@graph":[{"@type":"WebPage","@id":"https:\/\/riberasalud.com\/povisa\/disfagia\/","url":"https:\/\/riberasalud.com\/povisa\/disfagia\/","name":"\u25b7 Consulta de diagn\u00f3stico de disfagia | Hospital Ribera Povisa","isPartOf":{"@id":"https:\/\/riberasalud.com\/povisa\/#website"},"primaryImageOfPage":{"@id":"https:\/\/riberasalud.com\/povisa\/disfagia\/#primaryimage"},"image":{"@id":"https:\/\/riberasalud.com\/povisa\/disfagia\/#primaryimage"},"thumbnailUrl":"https:\/\/riberasalud.com\/povisa\/wp-content\/uploads\/2023\/06\/Equipo-ORL-1024x315-1.jpg","datePublished":"2023-06-21T06:59:21+00:00","dateModified":"2023-06-21T08:46:25+00:00","description":"lll\u1405 HOSPITAL RIBERA POVISA Consulta de diagn\u00f3stico de disfagia La disfagia corresponde a una \u201csensaci\u00f3n de dificultad en el avance de la comida desde la boca \u2705","inLanguage":"es","potentialAction":[{"@type":"ReadAction","target":["https:\/\/riberasalud.com\/povisa\/disfagia\/"]}]},{"@type":"ImageObject","inLanguage":"es","@id":"https:\/\/riberasalud.com\/povisa\/disfagia\/#primaryimage","url":"https:\/\/riberasalud.com\/povisa\/wp-content\/uploads\/2023\/06\/Equipo-ORL-1024x315-1.jpg","contentUrl":"https:\/\/riberasalud.com\/povisa\/wp-content\/uploads\/2023\/06\/Equipo-ORL-1024x315-1.jpg"},{"@type":"WebSite","@id":"https:\/\/riberasalud.com\/povisa\/#website","url":"https:\/\/riberasalud.com\/povisa\/","name":"Hospital Ribera Povisa","description":"","publisher":{"@id":"https:\/\/riberasalud.com\/povisa\/#organization"},"potentialAction":[{"@type":"SearchAction","target":{"@type":"EntryPoint","urlTemplate":"https:\/\/riberasalud.com\/povisa\/?s={search_term_string}"},"query-input":{"@type":"PropertyValueSpecification","valueRequired":true,"valueName":"search_term_string"}}],"inLanguage":"es"},{"@type":"Organization","@id":"https:\/\/riberasalud.com\/povisa\/#organization","name":"Hospital Ribera Povisa","url":"https:\/\/riberasalud.com\/povisa\/","logo":{"@type":"ImageObject","inLanguage":"es","@id":"https:\/\/riberasalud.com\/povisa\/#\/schema\/logo\/image\/","url":"https:\/\/riberasalud.com\/povisa\/wp-content\/uploads\/2024\/01\/cropped-Logo-Red-Povisa.png","contentUrl":"https:\/\/riberasalud.com\/povisa\/wp-content\/uploads\/2024\/01\/cropped-Logo-Red-Povisa.png","width":1929,"height":489,"caption":"Hospital Ribera Povisa"},"image":{"@id":"https:\/\/riberasalud.com\/povisa\/#\/schema\/logo\/image\/"}}]}},"_links":{"self":[{"href":"https:\/\/riberasalud.com\/povisa\/wp-json\/wp\/v2\/pages\/9424","targetHints":{"allow":["GET"]}}],"collection":[{"href":"https:\/\/riberasalud.com\/povisa\/wp-json\/wp\/v2\/pages"}],"about":[{"href":"https:\/\/riberasalud.com\/povisa\/wp-json\/wp\/v2\/types\/page"}],"author":[{"embeddable":true,"href":"https:\/\/riberasalud.com\/povisa\/wp-json\/wp\/v2\/users\/1"}],"replies":[{"embeddable":true,"href":"https:\/\/riberasalud.com\/povisa\/wp-json\/wp\/v2\/comments?post=9424"}],"version-history":[{"count":3,"href":"https:\/\/riberasalud.com\/povisa\/wp-json\/wp\/v2\/pages\/9424\/revisions"}],"predecessor-version":[{"id":9440,"href":"https:\/\/riberasalud.com\/povisa\/wp-json\/wp\/v2\/pages\/9424\/revisions\/9440"}],"wp:attachment":[{"href":"https:\/\/riberasalud.com\/povisa\/wp-json\/wp\/v2\/media?parent=9424"}],"curies":[{"name":"wp","href":"https:\/\/api.w.org\/{rel}","templated":true}]}}