{"id":9423,"date":"2023-06-21T06:59:21","date_gmt":"2023-06-21T06:59:21","guid":{"rendered":"https:\/\/riberasalud.com\/povisaaux\/?page_id=9423"},"modified":"2023-12-03T16:21:08","modified_gmt":"2023-12-03T16:21:08","slug":"unidad-implantes-auditivos","status":"publish","type":"page","link":"https:\/\/riberasalud.com\/povisa\/unidad-implantes-auditivos\/","title":{"rendered":"Unidad de implantes auditivos"},"content":{"rendered":"\n<div class=\"wp-block-group hasbackgroundnaranja sliderlinea\"><div class=\"wp-block-group__inner-container is-layout-flow wp-block-group-is-layout-flow\">\n<p>HOSPITAL RIBERA POVISA<\/p>\n\n\n\n<h1 class=\"wp-block-heading\">Unidad de implantes auditivos<\/h1>\n<\/div><\/div>\n\n\n\n<div class=\"wp-block-group\"><div class=\"wp-block-group__inner-container is-layout-flow wp-block-group-is-layout-flow\">\n<p>Los implantes auditivos son soluciones tecnol\u00f3gicas en casos de p\u00e9rdida auditiva en las que el uso de los aud\u00edfonos convencionales no sea posible.<\/p>\n\n\n\n<figure class=\"wp-block-image size-full fotoredonda\"><img loading=\"lazy\" decoding=\"async\" width=\"1024\" height=\"315\" src=\"https:\/\/riberasalud.com\/povisa\/wp-content\/uploads\/2023\/06\/Equipo-ORL-1024x315-1.jpg\" alt=\"\" class=\"wp-image-9401\" srcset=\"https:\/\/riberasalud.com\/povisa\/wp-content\/uploads\/2023\/06\/Equipo-ORL-1024x315-1.jpg 1024w, https:\/\/riberasalud.com\/povisa\/wp-content\/uploads\/2023\/06\/Equipo-ORL-1024x315-1-300x92.jpg 300w, https:\/\/riberasalud.com\/povisa\/wp-content\/uploads\/2023\/06\/Equipo-ORL-1024x315-1-768x236.jpg 768w\" sizes=\"auto, (max-width: 1024px) 100vw, 1024px\" \/><\/figure>\n\n\n\n<div style=\"height:50px\" aria-hidden=\"true\" class=\"wp-block-spacer\"><\/div>\n\n\n\n<h2 class=\"wp-block-heading\">Hay cuatro tipos<\/h2>\n\n\n\n<div class=\"bloqueacordeon\">\n<div class=\"accordion\" style=\"width:100%\"><span class=\"tituloaccordion\">\nImplantes activos de o\u00eddo medio (IAOM)\n\n\n<\/span><span class=\"plus\">+<\/span><\/div>\n<div class=\"panel\" style=\"display:none\">\n  <p>Son dispositivos auditivos electr\u00f3nicos implantados quir\u00fargicamente que transforman las ondas sonoras en est\u00edmulos vibr\u00e1tiles mec\u00e1nicos que se aplican directamente sobre estructuras del o\u00eddo medio o del interno (cadena osicular, membrana timp\u00e1nica, platina o membrana de la ventana redonda). El objetivo de los IAOM es incrementar la intensidad de la onda ac\u00fastica que se genera de forma natural en el o\u00eddo medio, incrementando as\u00ed la vibraci\u00f3n sonora que penetra en la c\u00f3clea. Indicaciones: p\u00e9rdida auditiva neurosensorial, p\u00e9rdida auditiva conductiva y p\u00e9rdida auditiva mixta.<br>Tipos: Vibrant SoundBridge.\n \n\n<\/p>\n<\/div>\n<div class=\"accordion\" style=\"width:100%\"><span class=\"tituloaccordion\">\nImplantes de conducci\u00f3n por v\u00eda \u00f3sea\n\n\n<\/span><span class=\"plus\">+<\/span><\/div>\n<div class=\"panel\" style=\"display:none\">\n  <p>El mecanismo de actuaci\u00f3n de los implantes de conducci\u00f3n por v\u00eda \u00f3sea se basa en la transformaci\u00f3n de las ondas sonoras en vibraciones mec\u00e1nicas que se transmitir\u00e1n, utilizando la v\u00eda \u00f3sea del paciente, hasta la c\u00f3clea a la que estimular\u00e1n adecuadamente. Por tanto, su indicaci\u00f3n se relacionar\u00e1 con situaciones en las que la v\u00eda natural de transmisi\u00f3n, la v\u00eda a\u00e9rea, est\u00e9 alterada como, por ejemplo, patolog\u00eda del o\u00eddo externo y medio.<br>\nIndicaciones: hipoacusia mixta o conductiva.<br>\nTipos: BaHA, Ponto, BonneBridge.\n\n<\/p>\n<\/div>\n<div class=\"accordion\" style=\"width:100%\"><span class=\"tituloaccordion\">\nImplantes cocleares\n\n\n<\/span><span class=\"plus\">+<\/span><\/div>\n<div class=\"panel\" style=\"display:none\">\n  <p>\n\nEl implante coclear es un dispositivo que restaura parcialmente la audici\u00f3n en personas con p\u00e9rdida auditiva severa a profunda estimulando el\u00e9ctricamente las fibras nerviosas residuales de la c\u00f3clea. Es necesario cuando el \u00f3rgano de Corti (caracol) no se ha desarrollado o ha sufrido una enfermedad o lesi\u00f3n en tal grado que ya no esposible obtener una audici\u00f3n satisfactoria con aud\u00edfonos.<br>\nIndicaciones: hipoacusia neurosensorial de severa a profunda.\n\n\n<\/p>\n<\/div>\n<div class=\"accordion\" style=\"width:100%\"><span class=\"tituloaccordion\">\nEstimulaci\u00f3n electroac\u00fastica\n\n\n<\/span><span class=\"plus\">+<\/span><\/div>\n<div class=\"panel\" style=\"display:none\">\n  <p>\n\nIndicaciones: p\u00e9rdida auditiva de alta frecuencia (sordera parcial).\n\n\n\n<\/p>\n<\/div>\n\n\n\n\n\n\n\n\n<\/div>\n\n<script>\nvar acc = document.getElementsByClassName(\"accordion\");\nvar i;\n\nfor (i = 0; i < acc.length; i++) {\n  acc[i].addEventListener(\"click\", function() {\n    var panel = this.nextElementSibling;\n    if (panel.style.display === \"block\") {document.getElementsByClassName('active')[0].getElementsByClassName('plus')[0].innerHTML=\"+\" ;}\n    this.classList.toggle(\"active\");\n\n    if (panel.style.display === \"block\") {\n      panel.style.display = \"none\";\n\n    } else {\n      panel.style.display = \"block\";\ndocument.getElementsByClassName('active')[0].getElementsByClassName('plus')[0].innerHTML=\"-\" ;\n    }\n  });\n}\n<\/script>\n\n\n\n<p>Todos estos tipos de implante est\u00e1n disponibles en el Hospital Ribera Povisa.<\/p>\n\n\n\n<h2 class=\"wp-block-heading\">Citas: <strong>986 120 000<\/strong><\/h2>\n\n\n\n<p>Ubicaci\u00f3n: <strong>2\u00aa planta, Hospital Ribera Povisa<\/strong><\/p>\n\n\n\n<div class=\"wp-block-group equipoasistencialmargin grupozeromarginmedicos\"><div class=\"wp-block-group__inner-container is-layout-flow wp-block-group-is-layout-flow\">\n<div class=\"wp-block-group\"><div class=\"wp-block-group__inner-container is-layout-flow wp-block-group-is-layout-flow\">\n<h2 class=\"wp-block-heading has-text-align-center\" id=\"que\">Equipo m\u00e9dico<\/h2>\n\n\n\n<div style=\"height:30px\" aria-hidden=\"true\" class=\"wp-block-spacer\"><\/div>\n\n\n\n<div class=\"wp-block-columns equipoasistencial is-layout-flex wp-container-core-columns-is-layout-9d6595d7 wp-block-columns-is-layout-flex\">\n<div class=\"wp-block-column is-layout-flow wp-block-column-is-layout-flow\"><\/div>\n\n\n\n<div class=\"wp-block-column is-layout-flow wp-block-column-is-layout-flow\">\n<figure class=\"wp-block-image size-full\"><img loading=\"lazy\" decoding=\"async\" width=\"150\" height=\"150\" src=\"https:\/\/riberasalud.com\/povisa\/wp-content\/uploads\/2023\/06\/Doctor-Antonio-Gonzalez-Prado-150x150-1.jpg\" alt=\"\" class=\"wp-image-9406\"\/><\/figure>\n\n\n\n<p class=\"nombre\"><strong>Doctor Antonio Gonzalez Prado<\/strong><\/p>\n\n\n\n<p class=\"profesion\">Otorrinolaring\u00f3logo<br>Responsable en\u00a0Cirug\u00eda de cuello y <a href=\"https:\/\/riberasalud.com\/povisa\/disfagia\/\" data-type=\"URL\" data-id=\"https:\/\/riberasalud.com\/povisa\/disfagia\/\">Disfagia orofaringea<\/a><br><br><\/p>\n\n\n\n<div class=\"bloqueacordeon\">\n<div class=\"cvv\" style=\"width:200px\"><span class=\"tituloaccordion\">Ver Curr\u00edculum<\/span><\/div>\n<div class=\"panel\" style=\"display:none\">\n  <p>-Licenciado en Medicina y Cirug\u00eda por la Universidad de Santiago de Compostela.<br>\n-M\u00e9dico residente en el Complejo Hospitalario Universitario de Vigo (CHUVI).<br>\n-Master y t\u00edtulo de experto en Estudios Avanzados en Ciencias de la Salud (Universidad de Vigo).<br>\n-Miembro de la Sociedad Espa\u00f1ola de ORL<br>\n-Miembro de la Sociedad Gallega de ORL.\n<\/p>\n<\/div>\n\n\n\n\n<\/div>\n<script>\nvar acc = document.getElementsByClassName(\"cvv\");\nvar i;\n\nfor (i = 0; i < acc.length; i++) {\n  acc[i].addEventListener(\"click\", function() {\n    var panel = this.nextElementSibling;\n\n    if (panel.style.display === \"block\") {\n      panel.style.display = \"none\";\n\n    } else {\n      panel.style.display = \"block\";\n\n    }\n  });\n}\n<\/script>\n<\/div>\n\n\n\n<div class=\"wp-block-column is-layout-flow wp-block-column-is-layout-flow\">\n<figure class=\"wp-block-image size-full\"><img loading=\"lazy\" decoding=\"async\" width=\"150\" height=\"150\" src=\"https:\/\/riberasalud.com\/povisa\/wp-content\/uploads\/2023\/06\/Doctor-Roberto-Valdes-Pons-150x150-1.jpg\" alt=\"\" class=\"wp-image-9405\"\/><\/figure>\n\n\n\n<p class=\"nombre\"><strong>Doctor Roberto Vald\u00e9s Pons<\/strong><\/p>\n\n\n\n<p class=\"profesion\">Otorrinolaring\u00f3logo<br>Responsable en<br>Cirug\u00eda de o\u00eddo, <a href=\"https:\/\/riberasalud.com\/povisa\/unidad-implantes-auditivos\/\" data-type=\"URL\" data-id=\"https:\/\/riberasalud.com\/povisa\/unidad-implantes-auditivos\/\">Implantes auditivos <\/a>y Oncolog\u00eda<\/p>\n\n\n\n<div class=\"bloqueacordeon\">\n<div class=\"cvv\" style=\"width:200px\"><span class=\"tituloaccordion\">Ver Curr\u00edculum<\/span><\/div>\n<div class=\"panel\" style=\"display:none\">\n  <p>-Jefe del Servicio de ORL y Cirug\u00eda de Cabeza y Cuello del Hospital Ribera Povisa.<br>\n-Licenciado en Medicina y Cirug\u00eda por la Universidad de Santiago de Compostela.<br>\n-M\u00e9dico residente en el Hospital 12 de Octubre de Madrid (Universidad Complutense de Madrid). <br>-Miembro del grupo FA3 de Nuevos Materiales del Departamento de F\u00edsica Aplicada de la Universidad de Vigo.<br>\n-Doctor en F\u00edsica Aplicada por la Universidad de Vigo con la tesis: T\u00c9CNICAS DE ESPECTROSCOPIA RAMAN PARA EL ESTUDIO DE LA MUCOSA ORAL (https:\/\/www.educacion.gob.es\/teseo\/mostrarRef.do?ref=1374462).<br>\n-Docente en el Curso Especialista en Biomateriais e Tecnolox\u00edas Biom\u00e9dicas (II) (2\u00aa ED). Escola de Enxe\u00f1ar\u00eda Industrial (EEI), Universidad de Vigo (2021).https:\/\/mooc.campusdomar.es\/courses\/course-v1:uvigo+FA022+2021\/about-Miembro de las sociedades: Sociedad Espa\u00f1ola de ORL, Sociedad Gallega de ORL, Head and Neck Optical Diagnostics and Intervention Society (HNODIS).\n<\/p>\n<\/div>\n\n\n\n\n<\/div>\n<script>\nvar acc = document.getElementsByClassName(\"cvv\");\nvar i;\n\nfor (i = 0; i < acc.length; i++) {\n  acc[i].addEventListener(\"click\", function() {\n    var panel = this.nextElementSibling;\n\n    if (panel.style.display === \"block\") {\n      panel.style.display = \"none\";\n\n    } else {\n      panel.style.display = \"block\";\n\n    }\n  });\n}\n<\/script>\n<\/div>\n\n\n\n<div class=\"wp-block-column is-layout-flow wp-block-column-is-layout-flow\"><\/div>\n<\/div>\n<\/div><\/div>\n<\/div><\/div>\n<\/div><\/div>\n","protected":false},"excerpt":{"rendered":"<p>HOSPITAL RIBERA POVISA Unidad de implantes auditivos Los implantes auditivos son soluciones tecnol\u00f3gicas en casos de p\u00e9rdida auditiva en las que el uso de los aud\u00edfonos convencionales no sea posible. Hay cuatro tipos Implantes activos de o\u00eddo medio (IAOM) + Son dispositivos auditivos electr\u00f3nicos implantados quir\u00fargicamente que transforman las ondas sonoras en est\u00edmulos vibr\u00e1tiles mec\u00e1nicos &#8230; <a title=\"Unidad de implantes auditivos\" class=\"read-more\" href=\"https:\/\/riberasalud.com\/povisa\/unidad-implantes-auditivos\/\" aria-label=\"Leer m\u00e1s sobre Unidad de implantes auditivos\">Leer m\u00e1s<\/a><\/p>\n","protected":false},"author":1,"featured_media":0,"parent":0,"menu_order":0,"comment_status":"closed","ping_status":"closed","template":"","meta":{"_coblocks_attr":"","_coblocks_dimensions":"","_coblocks_responsive_height":"","_coblocks_accordion_ie_support":"","_monsterinsights_skip_tracking":false,"_monsterinsights_sitenote_active":false,"_monsterinsights_sitenote_note":"","_monsterinsights_sitenote_category":0,"footnotes":""},"class_list":["post-9423","page","type-page","status-publish"],"yoast_head":"<!-- This site is optimized with the Yoast SEO plugin v26.9 - https:\/\/yoast.com\/product\/yoast-seo-wordpress\/ -->\n<title>\u25b7 Unidad de implantes auditivos | Hospital Ribera Povisa<\/title>\n<meta name=\"description\" content=\"lll\u1405 HOSPITAL RIBERA POVISA Unidad de implantes auditivos Los implantes auditivos son soluciones tecnol\u00f3gicas en casos de p\u00e9rdida auditiva en las que el uso de \u2705\" \/>\n<meta name=\"robots\" content=\"index, follow, max-snippet:-1, max-image-preview:large, max-video-preview:-1\" \/>\n<link rel=\"canonical\" href=\"https:\/\/riberasalud.com\/povisa\/unidad-implantes-auditivos\/\" \/>\n<meta property=\"og:locale\" content=\"es_ES\" \/>\n<meta property=\"og:type\" content=\"article\" \/>\n<meta property=\"og:title\" content=\"\u25b7 Unidad de implantes auditivos | Hospital Ribera Povisa\" \/>\n<meta property=\"og:description\" content=\"lll\u1405 HOSPITAL RIBERA POVISA Unidad de implantes auditivos Los implantes auditivos son soluciones tecnol\u00f3gicas en casos de p\u00e9rdida auditiva en las que el uso de \u2705\" \/>\n<meta property=\"og:url\" content=\"https:\/\/riberasalud.com\/povisa\/unidad-implantes-auditivos\/\" \/>\n<meta property=\"og:site_name\" content=\"Hospital Ribera Povisa\" \/>\n<meta property=\"article:modified_time\" content=\"2023-12-03T16:21:08+00:00\" \/>\n<meta property=\"og:image\" content=\"https:\/\/riberasalud.com\/povisa\/wp-content\/uploads\/2023\/06\/Equipo-ORL-1024x315-1.jpg\" \/>\n<meta name=\"twitter:card\" content=\"summary_large_image\" \/>\n<meta name=\"twitter:label1\" content=\"Tiempo de lectura\" \/>\n\t<meta name=\"twitter:data1\" content=\"3 minutos\" \/>\n<script type=\"application\/ld+json\" class=\"yoast-schema-graph\">{\"@context\":\"https:\/\/schema.org\",\"@graph\":[{\"@type\":\"WebPage\",\"@id\":\"https:\/\/riberasalud.com\/povisa\/unidad-implantes-auditivos\/\",\"url\":\"https:\/\/riberasalud.com\/povisa\/unidad-implantes-auditivos\/\",\"name\":\"\u25b7 Unidad de implantes auditivos | Hospital Ribera Povisa\",\"isPartOf\":{\"@id\":\"https:\/\/riberasalud.com\/povisa\/#website\"},\"primaryImageOfPage\":{\"@id\":\"https:\/\/riberasalud.com\/povisa\/unidad-implantes-auditivos\/#primaryimage\"},\"image\":{\"@id\":\"https:\/\/riberasalud.com\/povisa\/unidad-implantes-auditivos\/#primaryimage\"},\"thumbnailUrl\":\"https:\/\/riberasalud.com\/povisa\/wp-content\/uploads\/2023\/06\/Equipo-ORL-1024x315-1.jpg\",\"datePublished\":\"2023-06-21T06:59:21+00:00\",\"dateModified\":\"2023-12-03T16:21:08+00:00\",\"description\":\"lll\u1405 HOSPITAL RIBERA POVISA Unidad de implantes auditivos Los implantes auditivos son soluciones tecnol\u00f3gicas en casos de p\u00e9rdida auditiva en las que el uso de \u2705\",\"inLanguage\":\"es\",\"potentialAction\":[{\"@type\":\"ReadAction\",\"target\":[\"https:\/\/riberasalud.com\/povisa\/unidad-implantes-auditivos\/\"]}]},{\"@type\":\"ImageObject\",\"inLanguage\":\"es\",\"@id\":\"https:\/\/riberasalud.com\/povisa\/unidad-implantes-auditivos\/#primaryimage\",\"url\":\"https:\/\/riberasalud.com\/povisa\/wp-content\/uploads\/2023\/06\/Equipo-ORL-1024x315-1.jpg\",\"contentUrl\":\"https:\/\/riberasalud.com\/povisa\/wp-content\/uploads\/2023\/06\/Equipo-ORL-1024x315-1.jpg\"},{\"@type\":\"WebSite\",\"@id\":\"https:\/\/riberasalud.com\/povisa\/#website\",\"url\":\"https:\/\/riberasalud.com\/povisa\/\",\"name\":\"Hospital Ribera Povisa\",\"description\":\"\",\"publisher\":{\"@id\":\"https:\/\/riberasalud.com\/povisa\/#organization\"},\"potentialAction\":[{\"@type\":\"SearchAction\",\"target\":{\"@type\":\"EntryPoint\",\"urlTemplate\":\"https:\/\/riberasalud.com\/povisa\/?s={search_term_string}\"},\"query-input\":{\"@type\":\"PropertyValueSpecification\",\"valueRequired\":true,\"valueName\":\"search_term_string\"}}],\"inLanguage\":\"es\"},{\"@type\":\"Organization\",\"@id\":\"https:\/\/riberasalud.com\/povisa\/#organization\",\"name\":\"Hospital Ribera Povisa\",\"url\":\"https:\/\/riberasalud.com\/povisa\/\",\"logo\":{\"@type\":\"ImageObject\",\"inLanguage\":\"es\",\"@id\":\"https:\/\/riberasalud.com\/povisa\/#\/schema\/logo\/image\/\",\"url\":\"https:\/\/riberasalud.com\/povisa\/wp-content\/uploads\/2024\/01\/cropped-Logo-Red-Povisa.png\",\"contentUrl\":\"https:\/\/riberasalud.com\/povisa\/wp-content\/uploads\/2024\/01\/cropped-Logo-Red-Povisa.png\",\"width\":1929,\"height\":489,\"caption\":\"Hospital Ribera Povisa\"},\"image\":{\"@id\":\"https:\/\/riberasalud.com\/povisa\/#\/schema\/logo\/image\/\"}}]}<\/script>\n<!-- \/ Yoast SEO plugin. -->","yoast_head_json":{"title":"\u25b7 Unidad de implantes auditivos | Hospital Ribera Povisa","description":"lll\u1405 HOSPITAL RIBERA POVISA Unidad de implantes auditivos Los implantes auditivos son soluciones tecnol\u00f3gicas en casos de p\u00e9rdida auditiva en las que el uso de \u2705","robots":{"index":"index","follow":"follow","max-snippet":"max-snippet:-1","max-image-preview":"max-image-preview:large","max-video-preview":"max-video-preview:-1"},"canonical":"https:\/\/riberasalud.com\/povisa\/unidad-implantes-auditivos\/","og_locale":"es_ES","og_type":"article","og_title":"\u25b7 Unidad de implantes auditivos | Hospital Ribera Povisa","og_description":"lll\u1405 HOSPITAL RIBERA POVISA Unidad de implantes auditivos Los implantes auditivos son soluciones tecnol\u00f3gicas en casos de p\u00e9rdida auditiva en las que el uso de \u2705","og_url":"https:\/\/riberasalud.com\/povisa\/unidad-implantes-auditivos\/","og_site_name":"Hospital Ribera Povisa","article_modified_time":"2023-12-03T16:21:08+00:00","og_image":[{"url":"https:\/\/riberasalud.com\/povisa\/wp-content\/uploads\/2023\/06\/Equipo-ORL-1024x315-1.jpg","type":"","width":"","height":""}],"twitter_card":"summary_large_image","twitter_misc":{"Tiempo de lectura":"3 minutos"},"schema":{"@context":"https:\/\/schema.org","@graph":[{"@type":"WebPage","@id":"https:\/\/riberasalud.com\/povisa\/unidad-implantes-auditivos\/","url":"https:\/\/riberasalud.com\/povisa\/unidad-implantes-auditivos\/","name":"\u25b7 Unidad de implantes auditivos | Hospital Ribera Povisa","isPartOf":{"@id":"https:\/\/riberasalud.com\/povisa\/#website"},"primaryImageOfPage":{"@id":"https:\/\/riberasalud.com\/povisa\/unidad-implantes-auditivos\/#primaryimage"},"image":{"@id":"https:\/\/riberasalud.com\/povisa\/unidad-implantes-auditivos\/#primaryimage"},"thumbnailUrl":"https:\/\/riberasalud.com\/povisa\/wp-content\/uploads\/2023\/06\/Equipo-ORL-1024x315-1.jpg","datePublished":"2023-06-21T06:59:21+00:00","dateModified":"2023-12-03T16:21:08+00:00","description":"lll\u1405 HOSPITAL RIBERA POVISA Unidad de implantes auditivos Los implantes auditivos son soluciones tecnol\u00f3gicas en casos de p\u00e9rdida auditiva en las que el uso de \u2705","inLanguage":"es","potentialAction":[{"@type":"ReadAction","target":["https:\/\/riberasalud.com\/povisa\/unidad-implantes-auditivos\/"]}]},{"@type":"ImageObject","inLanguage":"es","@id":"https:\/\/riberasalud.com\/povisa\/unidad-implantes-auditivos\/#primaryimage","url":"https:\/\/riberasalud.com\/povisa\/wp-content\/uploads\/2023\/06\/Equipo-ORL-1024x315-1.jpg","contentUrl":"https:\/\/riberasalud.com\/povisa\/wp-content\/uploads\/2023\/06\/Equipo-ORL-1024x315-1.jpg"},{"@type":"WebSite","@id":"https:\/\/riberasalud.com\/povisa\/#website","url":"https:\/\/riberasalud.com\/povisa\/","name":"Hospital Ribera Povisa","description":"","publisher":{"@id":"https:\/\/riberasalud.com\/povisa\/#organization"},"potentialAction":[{"@type":"SearchAction","target":{"@type":"EntryPoint","urlTemplate":"https:\/\/riberasalud.com\/povisa\/?s={search_term_string}"},"query-input":{"@type":"PropertyValueSpecification","valueRequired":true,"valueName":"search_term_string"}}],"inLanguage":"es"},{"@type":"Organization","@id":"https:\/\/riberasalud.com\/povisa\/#organization","name":"Hospital Ribera Povisa","url":"https:\/\/riberasalud.com\/povisa\/","logo":{"@type":"ImageObject","inLanguage":"es","@id":"https:\/\/riberasalud.com\/povisa\/#\/schema\/logo\/image\/","url":"https:\/\/riberasalud.com\/povisa\/wp-content\/uploads\/2024\/01\/cropped-Logo-Red-Povisa.png","contentUrl":"https:\/\/riberasalud.com\/povisa\/wp-content\/uploads\/2024\/01\/cropped-Logo-Red-Povisa.png","width":1929,"height":489,"caption":"Hospital Ribera Povisa"},"image":{"@id":"https:\/\/riberasalud.com\/povisa\/#\/schema\/logo\/image\/"}}]}},"_links":{"self":[{"href":"https:\/\/riberasalud.com\/povisa\/wp-json\/wp\/v2\/pages\/9423","targetHints":{"allow":["GET"]}}],"collection":[{"href":"https:\/\/riberasalud.com\/povisa\/wp-json\/wp\/v2\/pages"}],"about":[{"href":"https:\/\/riberasalud.com\/povisa\/wp-json\/wp\/v2\/types\/page"}],"author":[{"embeddable":true,"href":"https:\/\/riberasalud.com\/povisa\/wp-json\/wp\/v2\/users\/1"}],"replies":[{"embeddable":true,"href":"https:\/\/riberasalud.com\/povisa\/wp-json\/wp\/v2\/comments?post=9423"}],"version-history":[{"count":4,"href":"https:\/\/riberasalud.com\/povisa\/wp-json\/wp\/v2\/pages\/9423\/revisions"}],"predecessor-version":[{"id":10106,"href":"https:\/\/riberasalud.com\/povisa\/wp-json\/wp\/v2\/pages\/9423\/revisions\/10106"}],"wp:attachment":[{"href":"https:\/\/riberasalud.com\/povisa\/wp-json\/wp\/v2\/media?parent=9423"}],"curies":[{"name":"wp","href":"https:\/\/api.w.org\/{rel}","templated":true}]}}