{"id":9421,"date":"2023-06-21T06:59:20","date_gmt":"2023-06-21T06:59:20","guid":{"rendered":"https:\/\/riberasalud.com\/povisaaux\/?page_id=9421"},"modified":"2023-06-21T08:46:19","modified_gmt":"2023-06-21T08:46:19","slug":"roncopatia","status":"publish","type":"page","link":"https:\/\/riberasalud.com\/povisa\/roncopatia\/","title":{"rendered":"Consulta de roncopat\u00eda"},"content":{"rendered":"\n<div class=\"wp-block-group hasbackgroundnaranja sliderlinea\"><div class=\"wp-block-group__inner-container is-layout-flow wp-block-group-is-layout-flow\">\n<p>HOSPITAL RIBERA POVISA<\/p>\n\n\n\n<h1 class=\"wp-block-heading\">Consulta de roncopat\u00eda<\/h1>\n<\/div><\/div>\n\n\n\n<div class=\"wp-block-group\"><div class=\"wp-block-group__inner-container is-layout-flow wp-block-group-is-layout-flow\">\n<p><strong>Sabias que\u2026 alrededor del 40% de los varones y del 20% de las mujeres adultas, ronca por las noches.<\/strong><\/p>\n\n\n\n<p><strong>Sabias que\u2026la Apnea Obstructiva del Sue\u00f1o aumenta de 3 a 6 veces el riesgo de accidentes laborales y de tr\u00e1fico. Tambi\u00e9n est\u00e1 relacionada con la Hipertensi\u00f3n Arterial secundaria y con la Diabetes Mellitus tipo 2<\/strong><\/p>\n\n\n\n<h2 class=\"wp-block-heading\"><strong>Pruebas diagn\u00f3sticas:<\/strong><\/h2>\n\n\n\n<p>\u2022 Poligraf\u00eda respiratoria ambulatoria. (Neumolog\u00eda)<br>\u2022 Polisomnograf\u00eda. (Neurofisiolog\u00eda)<br>\u2022 Dise. (Otorrinolaringolog\u00eda) Endoscopia con sedaci\u00f3n farmac\u00e9utica para la monitorizaci\u00f3n del ronquido y\/o paradas de respiraci\u00f3n durante el sue\u00f1o, que ayuda a diagnosticar las zonas obstruidas en la faringe.<br>\u2022 Dispositivo de avance mandibular. (Ribera Dent \u2013 Ortodoncia)<br>\u2022 Terapia Mioduncional. (Servicio rehabilitaci\u00f3n \u2013 Logopedia)<br>\u2022 Tratamiento de presi\u00f3n positiva en las v\u00edas respiratorias. (Neumolog\u00eda)<br>\u2022 Cirug\u00eda nasal, del paladar, de base de lengua o maxilar. (Otorrinolaringolog\u00eda y Maxilofacial)<\/p>\n\n\n\n<h2 class=\"wp-block-heading\"><strong>Tratamientos:<\/strong><\/h2>\n\n\n\n<p>\u2022 Medidas de higiene del sue\u00f1o.<br>\u2022 Dispositivos de avance mandibular.<br>\u2022 Terapia miofuncional.<br>\u2022 Tratamiento de presi\u00f3n positiva en las v\u00edas respiratorias.<br>\u2022 Cirug\u00eda nasal, de paladar, de base de lengua o maxilar.<\/p>\n\n\n\n<p><a href=\"https:\/\/riberasalud.com\/povisa\/wp-content\/uploads\/2023\/06\/Triptico-RONCOPATIA-1.pdf\" data-type=\"URL\" data-id=\"https:\/\/riberasalud.com\/povisa\/wp-content\/uploads\/2023\/06\/Triptico-RONCOPATIA-1.pdf\">Si quieres m\u00e1s informaci\u00f3n, descarga este documento<\/a><\/p>\n\n\n\n<figure class=\"wp-block-image size-full fotoredonda\"><img loading=\"lazy\" decoding=\"async\" width=\"1024\" height=\"315\" src=\"https:\/\/riberasalud.com\/povisa\/wp-content\/uploads\/2023\/06\/Equipo-ORL-1024x315-1.jpg\" alt=\"\" class=\"wp-image-9401\" srcset=\"https:\/\/riberasalud.com\/povisa\/wp-content\/uploads\/2023\/06\/Equipo-ORL-1024x315-1.jpg 1024w, https:\/\/riberasalud.com\/povisa\/wp-content\/uploads\/2023\/06\/Equipo-ORL-1024x315-1-300x92.jpg 300w, https:\/\/riberasalud.com\/povisa\/wp-content\/uploads\/2023\/06\/Equipo-ORL-1024x315-1-768x236.jpg 768w\" sizes=\"auto, (max-width: 1024px) 100vw, 1024px\" \/><\/figure>\n\n\n\n<div style=\"height:50px\" aria-hidden=\"true\" class=\"wp-block-spacer\"><\/div>\n\n\n\n<h2 class=\"wp-block-heading\"><strong>Pide una primera consulta de valoraci\u00f3n<\/strong><\/h2>\n\n\n\n<p>Si crees que puedes tener roncopat\u00edas a alg\u00fan tipo de patolog\u00eda relacionada, consulta con nuestro equipo m\u00e9dico.<\/p>\n\n\n\n<h2 class=\"wp-block-heading\">Citas: <strong>986 120 000<\/strong><\/h2>\n\n\n\n<p>Ubicaci\u00f3n: <strong>2\u00aa planta, Hospital Ribera Povisa<\/strong><\/p>\n\n\n\n<div class=\"wp-block-group equipoasistencialmargin grupozeromarginmedicos\"><div class=\"wp-block-group__inner-container is-layout-flow wp-block-group-is-layout-flow\">\n<div class=\"wp-block-group\"><div class=\"wp-block-group__inner-container is-layout-flow wp-block-group-is-layout-flow\">\n<h2 class=\"wp-block-heading has-text-align-center\" id=\"que\">Equipo m\u00e9dico<\/h2>\n\n\n\n<div style=\"height:30px\" aria-hidden=\"true\" class=\"wp-block-spacer\"><\/div>\n\n\n\n<div class=\"wp-block-columns equipoasistencial is-layout-flex wp-container-core-columns-is-layout-9d6595d7 wp-block-columns-is-layout-flex\">\n<div class=\"wp-block-column is-layout-flow wp-block-column-is-layout-flow\"><\/div>\n\n\n\n<div class=\"wp-block-column is-layout-flow wp-block-column-is-layout-flow\">\n<figure class=\"wp-block-image size-full\"><img loading=\"lazy\" decoding=\"async\" width=\"150\" height=\"150\" src=\"https:\/\/riberasalud.com\/povisa\/wp-content\/uploads\/2023\/06\/Doctora-Isabel-martinez-Egido-150x150-1.jpg\" alt=\"\" class=\"wp-image-9404\"\/><\/figure>\n\n\n\n<p class=\"nombre\"><strong>Doctora Isabel Mart\u00ednez Egido<\/strong><\/p>\n\n\n\n<p class=\"profesion\">Otorrinolaring\u00f3logo<br>Responsable en <a href=\"https:\/\/riberasalud.com\/povisa\/roncopatia\/\" data-type=\"URL\" data-id=\"https:\/\/riberasalud.com\/povisa\/roncopatia\/\">Roncopat\u00eda<\/a> y<br>V\u00e9rtigo<\/p>\n\n\n\n<div class=\"bloqueacordeon\">\n<div class=\"cvv\" style=\"width:200px\"><span class=\"tituloaccordion\">Ver Curr\u00edculum<\/span><\/div>\n<div class=\"panel\" style=\"display:none\">\n  <p>-Licenciada en Medicina y Cirug\u00eda por la Universidad de Santiago de Compostela.<br>\n-M\u00e9dico residente en la Ciudad Sanitaria y Hospitalaria de Bellvitge.<br>\n-Miembro de la Sociedad Espa\u00f1ola de ORL.<br>\n-Miembro de la Sociedad Gallega de ORL\n<\/p>\n<\/div>\n\n\n\n\n<\/div>\n<script>\nvar acc = document.getElementsByClassName(\"cvv\");\nvar i;\n\nfor (i = 0; i < acc.length; i++) {\n  acc[i].addEventListener(\"click\", function() {\n    var panel = this.nextElementSibling;\n\n    if (panel.style.display === \"block\") {\n      panel.style.display = \"none\";\n\n    } else {\n      panel.style.display = \"block\";\n\n    }\n  });\n}\n<\/script>\n<\/div>\n\n\n\n<div class=\"wp-block-column is-layout-flow wp-block-column-is-layout-flow\"><\/div>\n<\/div>\n<\/div><\/div>\n<\/div><\/div>\n<\/div><\/div>\n","protected":false},"excerpt":{"rendered":"<p>HOSPITAL RIBERA POVISA Consulta de roncopat\u00eda Sabias que\u2026 alrededor del 40% de los varones y del 20% de las mujeres adultas, ronca por las noches. Sabias que\u2026la Apnea Obstructiva del Sue\u00f1o aumenta de 3 a 6 veces el riesgo de accidentes laborales y de tr\u00e1fico. Tambi\u00e9n est\u00e1 relacionada con la Hipertensi\u00f3n Arterial secundaria y con &#8230; <a title=\"Consulta de roncopat\u00eda\" class=\"read-more\" href=\"https:\/\/riberasalud.com\/povisa\/roncopatia\/\" aria-label=\"Leer m\u00e1s sobre Consulta de roncopat\u00eda\">Leer m\u00e1s<\/a><\/p>\n","protected":false},"author":1,"featured_media":0,"parent":0,"menu_order":0,"comment_status":"closed","ping_status":"closed","template":"","meta":{"_coblocks_attr":"","_coblocks_dimensions":"","_coblocks_responsive_height":"","_coblocks_accordion_ie_support":"","_monsterinsights_skip_tracking":false,"_monsterinsights_sitenote_active":false,"_monsterinsights_sitenote_note":"","_monsterinsights_sitenote_category":0,"footnotes":""},"class_list":["post-9421","page","type-page","status-publish"],"yoast_head":"<!-- This site is optimized with the Yoast SEO plugin v26.9 - https:\/\/yoast.com\/product\/yoast-seo-wordpress\/ -->\n<title>\u25b7 Consulta de roncopat\u00eda | Hospital Ribera Povisa<\/title>\n<meta name=\"description\" content=\"lll\u1405 HOSPITAL RIBERA POVISA Consulta de roncopat\u00eda Sabias que\u2026 alrededor del 40% de los varones y del 20% de las mujeres adultas, ronca por las noches. Sabias \u2705\" \/>\n<meta name=\"robots\" content=\"index, follow, max-snippet:-1, max-image-preview:large, max-video-preview:-1\" \/>\n<link rel=\"canonical\" href=\"https:\/\/riberasalud.com\/povisa\/roncopatia\/\" \/>\n<meta property=\"og:locale\" content=\"es_ES\" \/>\n<meta property=\"og:type\" content=\"article\" \/>\n<meta property=\"og:title\" content=\"\u25b7 Consulta de roncopat\u00eda | Hospital Ribera Povisa\" \/>\n<meta property=\"og:description\" content=\"lll\u1405 HOSPITAL RIBERA POVISA Consulta de roncopat\u00eda Sabias que\u2026 alrededor del 40% de los varones y del 20% de las mujeres adultas, ronca por las noches. Sabias \u2705\" \/>\n<meta property=\"og:url\" content=\"https:\/\/riberasalud.com\/povisa\/roncopatia\/\" \/>\n<meta property=\"og:site_name\" content=\"Hospital Ribera Povisa\" \/>\n<meta property=\"article:modified_time\" content=\"2023-06-21T08:46:19+00:00\" \/>\n<meta property=\"og:image\" content=\"https:\/\/riberasalud.com\/povisa\/wp-content\/uploads\/2023\/06\/Equipo-ORL-1024x315-1.jpg\" \/>\n<meta name=\"twitter:card\" content=\"summary_large_image\" \/>\n<meta name=\"twitter:label1\" content=\"Tiempo de lectura\" \/>\n\t<meta name=\"twitter:data1\" content=\"1 minuto\" \/>\n<script type=\"application\/ld+json\" class=\"yoast-schema-graph\">{\"@context\":\"https:\/\/schema.org\",\"@graph\":[{\"@type\":\"WebPage\",\"@id\":\"https:\/\/riberasalud.com\/povisa\/roncopatia\/\",\"url\":\"https:\/\/riberasalud.com\/povisa\/roncopatia\/\",\"name\":\"\u25b7 Consulta de roncopat\u00eda | Hospital Ribera Povisa\",\"isPartOf\":{\"@id\":\"https:\/\/riberasalud.com\/povisa\/#website\"},\"primaryImageOfPage\":{\"@id\":\"https:\/\/riberasalud.com\/povisa\/roncopatia\/#primaryimage\"},\"image\":{\"@id\":\"https:\/\/riberasalud.com\/povisa\/roncopatia\/#primaryimage\"},\"thumbnailUrl\":\"https:\/\/riberasalud.com\/povisa\/wp-content\/uploads\/2023\/06\/Equipo-ORL-1024x315-1.jpg\",\"datePublished\":\"2023-06-21T06:59:20+00:00\",\"dateModified\":\"2023-06-21T08:46:19+00:00\",\"description\":\"lll\u1405 HOSPITAL RIBERA POVISA Consulta de roncopat\u00eda Sabias que\u2026 alrededor del 40% de los varones y del 20% de las mujeres adultas, ronca por las noches. Sabias \u2705\",\"inLanguage\":\"es\",\"potentialAction\":[{\"@type\":\"ReadAction\",\"target\":[\"https:\/\/riberasalud.com\/povisa\/roncopatia\/\"]}]},{\"@type\":\"ImageObject\",\"inLanguage\":\"es\",\"@id\":\"https:\/\/riberasalud.com\/povisa\/roncopatia\/#primaryimage\",\"url\":\"https:\/\/riberasalud.com\/povisa\/wp-content\/uploads\/2023\/06\/Equipo-ORL-1024x315-1.jpg\",\"contentUrl\":\"https:\/\/riberasalud.com\/povisa\/wp-content\/uploads\/2023\/06\/Equipo-ORL-1024x315-1.jpg\"},{\"@type\":\"WebSite\",\"@id\":\"https:\/\/riberasalud.com\/povisa\/#website\",\"url\":\"https:\/\/riberasalud.com\/povisa\/\",\"name\":\"Hospital Ribera Povisa\",\"description\":\"\",\"publisher\":{\"@id\":\"https:\/\/riberasalud.com\/povisa\/#organization\"},\"potentialAction\":[{\"@type\":\"SearchAction\",\"target\":{\"@type\":\"EntryPoint\",\"urlTemplate\":\"https:\/\/riberasalud.com\/povisa\/?s={search_term_string}\"},\"query-input\":{\"@type\":\"PropertyValueSpecification\",\"valueRequired\":true,\"valueName\":\"search_term_string\"}}],\"inLanguage\":\"es\"},{\"@type\":\"Organization\",\"@id\":\"https:\/\/riberasalud.com\/povisa\/#organization\",\"name\":\"Hospital Ribera Povisa\",\"url\":\"https:\/\/riberasalud.com\/povisa\/\",\"logo\":{\"@type\":\"ImageObject\",\"inLanguage\":\"es\",\"@id\":\"https:\/\/riberasalud.com\/povisa\/#\/schema\/logo\/image\/\",\"url\":\"https:\/\/riberasalud.com\/povisa\/wp-content\/uploads\/2024\/01\/cropped-Logo-Red-Povisa.png\",\"contentUrl\":\"https:\/\/riberasalud.com\/povisa\/wp-content\/uploads\/2024\/01\/cropped-Logo-Red-Povisa.png\",\"width\":1929,\"height\":489,\"caption\":\"Hospital Ribera Povisa\"},\"image\":{\"@id\":\"https:\/\/riberasalud.com\/povisa\/#\/schema\/logo\/image\/\"}}]}<\/script>\n<!-- \/ Yoast SEO plugin. -->","yoast_head_json":{"title":"\u25b7 Consulta de roncopat\u00eda | Hospital Ribera Povisa","description":"lll\u1405 HOSPITAL RIBERA POVISA Consulta de roncopat\u00eda Sabias que\u2026 alrededor del 40% de los varones y del 20% de las mujeres adultas, ronca por las noches. Sabias \u2705","robots":{"index":"index","follow":"follow","max-snippet":"max-snippet:-1","max-image-preview":"max-image-preview:large","max-video-preview":"max-video-preview:-1"},"canonical":"https:\/\/riberasalud.com\/povisa\/roncopatia\/","og_locale":"es_ES","og_type":"article","og_title":"\u25b7 Consulta de roncopat\u00eda | Hospital Ribera Povisa","og_description":"lll\u1405 HOSPITAL RIBERA POVISA Consulta de roncopat\u00eda Sabias que\u2026 alrededor del 40% de los varones y del 20% de las mujeres adultas, ronca por las noches. Sabias \u2705","og_url":"https:\/\/riberasalud.com\/povisa\/roncopatia\/","og_site_name":"Hospital Ribera Povisa","article_modified_time":"2023-06-21T08:46:19+00:00","og_image":[{"url":"https:\/\/riberasalud.com\/povisa\/wp-content\/uploads\/2023\/06\/Equipo-ORL-1024x315-1.jpg","type":"","width":"","height":""}],"twitter_card":"summary_large_image","twitter_misc":{"Tiempo de lectura":"1 minuto"},"schema":{"@context":"https:\/\/schema.org","@graph":[{"@type":"WebPage","@id":"https:\/\/riberasalud.com\/povisa\/roncopatia\/","url":"https:\/\/riberasalud.com\/povisa\/roncopatia\/","name":"\u25b7 Consulta de roncopat\u00eda | Hospital Ribera Povisa","isPartOf":{"@id":"https:\/\/riberasalud.com\/povisa\/#website"},"primaryImageOfPage":{"@id":"https:\/\/riberasalud.com\/povisa\/roncopatia\/#primaryimage"},"image":{"@id":"https:\/\/riberasalud.com\/povisa\/roncopatia\/#primaryimage"},"thumbnailUrl":"https:\/\/riberasalud.com\/povisa\/wp-content\/uploads\/2023\/06\/Equipo-ORL-1024x315-1.jpg","datePublished":"2023-06-21T06:59:20+00:00","dateModified":"2023-06-21T08:46:19+00:00","description":"lll\u1405 HOSPITAL RIBERA POVISA Consulta de roncopat\u00eda Sabias que\u2026 alrededor del 40% de los varones y del 20% de las mujeres adultas, ronca por las noches. Sabias \u2705","inLanguage":"es","potentialAction":[{"@type":"ReadAction","target":["https:\/\/riberasalud.com\/povisa\/roncopatia\/"]}]},{"@type":"ImageObject","inLanguage":"es","@id":"https:\/\/riberasalud.com\/povisa\/roncopatia\/#primaryimage","url":"https:\/\/riberasalud.com\/povisa\/wp-content\/uploads\/2023\/06\/Equipo-ORL-1024x315-1.jpg","contentUrl":"https:\/\/riberasalud.com\/povisa\/wp-content\/uploads\/2023\/06\/Equipo-ORL-1024x315-1.jpg"},{"@type":"WebSite","@id":"https:\/\/riberasalud.com\/povisa\/#website","url":"https:\/\/riberasalud.com\/povisa\/","name":"Hospital Ribera Povisa","description":"","publisher":{"@id":"https:\/\/riberasalud.com\/povisa\/#organization"},"potentialAction":[{"@type":"SearchAction","target":{"@type":"EntryPoint","urlTemplate":"https:\/\/riberasalud.com\/povisa\/?s={search_term_string}"},"query-input":{"@type":"PropertyValueSpecification","valueRequired":true,"valueName":"search_term_string"}}],"inLanguage":"es"},{"@type":"Organization","@id":"https:\/\/riberasalud.com\/povisa\/#organization","name":"Hospital Ribera Povisa","url":"https:\/\/riberasalud.com\/povisa\/","logo":{"@type":"ImageObject","inLanguage":"es","@id":"https:\/\/riberasalud.com\/povisa\/#\/schema\/logo\/image\/","url":"https:\/\/riberasalud.com\/povisa\/wp-content\/uploads\/2024\/01\/cropped-Logo-Red-Povisa.png","contentUrl":"https:\/\/riberasalud.com\/povisa\/wp-content\/uploads\/2024\/01\/cropped-Logo-Red-Povisa.png","width":1929,"height":489,"caption":"Hospital Ribera Povisa"},"image":{"@id":"https:\/\/riberasalud.com\/povisa\/#\/schema\/logo\/image\/"}}]}},"_links":{"self":[{"href":"https:\/\/riberasalud.com\/povisa\/wp-json\/wp\/v2\/pages\/9421","targetHints":{"allow":["GET"]}}],"collection":[{"href":"https:\/\/riberasalud.com\/povisa\/wp-json\/wp\/v2\/pages"}],"about":[{"href":"https:\/\/riberasalud.com\/povisa\/wp-json\/wp\/v2\/types\/page"}],"author":[{"embeddable":true,"href":"https:\/\/riberasalud.com\/povisa\/wp-json\/wp\/v2\/users\/1"}],"replies":[{"embeddable":true,"href":"https:\/\/riberasalud.com\/povisa\/wp-json\/wp\/v2\/comments?post=9421"}],"version-history":[{"count":3,"href":"https:\/\/riberasalud.com\/povisa\/wp-json\/wp\/v2\/pages\/9421\/revisions"}],"predecessor-version":[{"id":9441,"href":"https:\/\/riberasalud.com\/povisa\/wp-json\/wp\/v2\/pages\/9421\/revisions\/9441"}],"wp:attachment":[{"href":"https:\/\/riberasalud.com\/povisa\/wp-json\/wp\/v2\/media?parent=9421"}],"curies":[{"name":"wp","href":"https:\/\/api.w.org\/{rel}","templated":true}]}}