{"id":9417,"date":"2023-06-21T06:56:44","date_gmt":"2023-06-21T06:56:44","guid":{"rendered":"https:\/\/riberasalud.com\/povisaaux\/?page_id=9417"},"modified":"2023-06-21T08:46:21","modified_gmt":"2023-06-21T08:46:21","slug":"tratamiento-del-vertigo","status":"publish","type":"page","link":"https:\/\/riberasalud.com\/povisa\/tratamiento-del-vertigo\/","title":{"rendered":"Tratamiento del v\u00e9rtigo"},"content":{"rendered":"\n<div class=\"wp-block-group hasbackgroundnaranja sliderlinea\"><div class=\"wp-block-group__inner-container is-layout-flow wp-block-group-is-layout-flow\">\n<p>HOSPITAL RIBERA POVISA<\/p>\n\n\n\n<h1 class=\"wp-block-heading\">Tratamiento del v\u00e9rtigo<\/h1>\n<\/div><\/div>\n\n\n\n<div class=\"wp-block-group\"><div class=\"wp-block-group__inner-container is-layout-flow wp-block-group-is-layout-flow\">\n<p>Los pacientes objetivo son aquellos que acuden bien de motu proprio, bien derivados desde otras especialidades, con cl\u00ednica de mareo. En la consulta tratamos de delimitar el origen vestibular del proceso. Para ello, adem\u00e1s de la anamnesis y la exploraci\u00f3n cl\u00ednica dirigida, nos ayudamos con la realizaci\u00f3n de videonistagmograf\u00eda (an\u00e1lisis de los movimientos oculares a determinados est\u00edmulos) y VEMPs (potenciales vestibulares miog\u00e9nicos evocados).&nbsp;<\/p>\n\n\n\n<figure class=\"wp-block-image size-full fotoredonda\"><img loading=\"lazy\" decoding=\"async\" width=\"1024\" height=\"315\" src=\"https:\/\/riberasalud.com\/povisa\/wp-content\/uploads\/2023\/06\/Equipo-ORL-1024x315-1.jpg\" alt=\"\" class=\"wp-image-9401\" srcset=\"https:\/\/riberasalud.com\/povisa\/wp-content\/uploads\/2023\/06\/Equipo-ORL-1024x315-1.jpg 1024w, https:\/\/riberasalud.com\/povisa\/wp-content\/uploads\/2023\/06\/Equipo-ORL-1024x315-1-300x92.jpg 300w, https:\/\/riberasalud.com\/povisa\/wp-content\/uploads\/2023\/06\/Equipo-ORL-1024x315-1-768x236.jpg 768w\" sizes=\"auto, (max-width: 1024px) 100vw, 1024px\" \/><\/figure>\n\n\n\n<div style=\"height:50px\" aria-hidden=\"true\" class=\"wp-block-spacer\"><\/div>\n\n\n\n<h2 class=\"wp-block-heading\"><strong>Pide una primera consulta de valoraci\u00f3n<\/strong><\/h2>\n\n\n\n<p>Si crees que puedes tener v\u00e9rtigos a alg\u00fan tipo de patolog\u00eda relacionada, consulta con nuestro equipo m\u00e9dico.<\/p>\n\n\n\n<h2 class=\"wp-block-heading\">Citas: <strong>986 120 000<\/strong><\/h2>\n\n\n\n<p>Ubicaci\u00f3n: <strong>2\u00aa planta, Hospital Ribera Povisa<\/strong><\/p>\n\n\n\n<div class=\"wp-block-group equipoasistencialmargin grupozeromarginmedicos\"><div class=\"wp-block-group__inner-container is-layout-flow wp-block-group-is-layout-flow\">\n<div class=\"wp-block-group\"><div class=\"wp-block-group__inner-container is-layout-flow wp-block-group-is-layout-flow\">\n<h2 class=\"wp-block-heading has-text-align-center\" id=\"que\">Equipo m\u00e9dico<\/h2>\n\n\n\n<div style=\"height:30px\" aria-hidden=\"true\" class=\"wp-block-spacer\"><\/div>\n\n\n\n<div class=\"wp-block-columns equipoasistencial is-layout-flex wp-container-core-columns-is-layout-9d6595d7 wp-block-columns-is-layout-flex\">\n<div class=\"wp-block-column is-layout-flow wp-block-column-is-layout-flow\"><\/div>\n\n\n\n<div class=\"wp-block-column is-layout-flow wp-block-column-is-layout-flow\">\n<figure class=\"wp-block-image size-full\"><img loading=\"lazy\" decoding=\"async\" width=\"150\" height=\"150\" src=\"https:\/\/riberasalud.com\/povisa\/wp-content\/uploads\/2023\/06\/Doctor-Abdul-Reda-Nehme-Paz-150x150-1.jpg\" alt=\"\" class=\"wp-image-9407\"\/><\/figure>\n\n\n\n<p class=\"nombre\"><strong>Doctor Abdul Reda Nehme Paz<\/strong><\/p>\n\n\n\n<p class=\"profesion\">Otorrinolaring\u00f3logo<br>Responsable en <a href=\"https:\/\/riberasalud.com\/povisa\/tratamiento-del-vertigo\/\" data-type=\"URL\" data-id=\"https:\/\/riberasalud.com\/povisa\/tratamiento-del-vertigo\/\">V\u00e9rtigo<\/a> y<br><a href=\"https:\/\/riberasalud.com\/povisa\/unidad-implantes-auditivos\/\" data-type=\"URL\" data-id=\"https:\/\/riberasalud.com\/povisa\/unidad-implantes-auditivos\/\">Implantes auditivos<\/a><\/p>\n\n\n\n<div class=\"bloqueacordeon\">\n<div class=\"cvv\" style=\"width:200px\"><span class=\"tituloaccordion\">Ver Curr\u00edculum<\/span><\/div>\n<div class=\"panel\" style=\"display:none\">\n  <p>\n\n-Licenciado en Medicina y Cirug\u00eda por la Universidad de Santiago de Compostela.<br>\n-M\u00e9dico residente en el Complejo Hospitalario Universitario de Pontevedra (CHOP).<br>\n-Miembro de la Sociedad Gallega de ORL.\n\n\n\n<\/p>\n<\/div>\n\n\n\n\n<\/div>\n<\/div>\n\n\n\n<div class=\"wp-block-column is-layout-flow wp-block-column-is-layout-flow\">\n<figure class=\"wp-block-image size-full\"><img loading=\"lazy\" decoding=\"async\" width=\"150\" height=\"150\" src=\"https:\/\/riberasalud.com\/povisa\/wp-content\/uploads\/2023\/06\/Doctora-Isabel-martinez-Egido-150x150-1.jpg\" alt=\"\" class=\"wp-image-9404\"\/><\/figure>\n\n\n\n<p class=\"nombre\"><strong>Doctora Isabel Mart\u00ednez Egido<\/strong><\/p>\n\n\n\n<p class=\"profesion\">Otorrinolaring\u00f3logo<br>Responsable en <a href=\"https:\/\/riberasalud.com\/povisa\/roncopatia\/\" data-type=\"URL\" data-id=\"https:\/\/riberasalud.com\/povisa\/roncopatia\/\">Roncopat\u00eda<\/a> y<br>V\u00e9rtigo<\/p>\n\n\n\n<div class=\"bloqueacordeon\">\n<div class=\"cvv\" style=\"width:200px\"><span class=\"tituloaccordion\">Ver Curr\u00edculum<\/span><\/div>\n<div class=\"panel\" style=\"display:none\">\n  <p>-Licenciada en Medicina y Cirug\u00eda por la Universidad de Santiago de Compostela.<br>\n-M\u00e9dico residente en la Ciudad Sanitaria y Hospitalaria de Bellvitge.<br>\n-Miembro de la Sociedad Espa\u00f1ola de ORL.<br>\n-Miembro de la Sociedad Gallega de ORL\n<\/p>\n<\/div>\n\n\n\n\n<\/div>\n<script>\nvar acc = document.getElementsByClassName(\"cvv\");\nvar i;\n\nfor (i = 0; i < acc.length; i++) {\n  acc[i].addEventListener(\"click\", function() {\n    var panel = this.nextElementSibling;\n\n    if (panel.style.display === \"block\") {\n      panel.style.display = \"none\";\n\n    } else {\n      panel.style.display = \"block\";\n\n    }\n  });\n}\n<\/script>\n<\/div>\n\n\n\n<div class=\"wp-block-column is-layout-flow wp-block-column-is-layout-flow\"><\/div>\n<\/div>\n<\/div><\/div>\n<\/div><\/div>\n<\/div><\/div>\n","protected":false},"excerpt":{"rendered":"<p>HOSPITAL RIBERA POVISA Tratamiento del v\u00e9rtigo Los pacientes objetivo son aquellos que acuden bien de motu proprio, bien derivados desde otras especialidades, con cl\u00ednica de mareo. En la consulta tratamos de delimitar el origen vestibular del proceso. Para ello, adem\u00e1s de la anamnesis y la exploraci\u00f3n cl\u00ednica dirigida, nos ayudamos con la realizaci\u00f3n de videonistagmograf\u00eda &#8230; <a title=\"Tratamiento del v\u00e9rtigo\" class=\"read-more\" href=\"https:\/\/riberasalud.com\/povisa\/tratamiento-del-vertigo\/\" aria-label=\"Leer m\u00e1s sobre Tratamiento del v\u00e9rtigo\">Leer m\u00e1s<\/a><\/p>\n","protected":false},"author":1,"featured_media":0,"parent":0,"menu_order":0,"comment_status":"closed","ping_status":"closed","template":"","meta":{"_coblocks_attr":"","_coblocks_dimensions":"","_coblocks_responsive_height":"","_coblocks_accordion_ie_support":"","_monsterinsights_skip_tracking":false,"_monsterinsights_sitenote_active":false,"_monsterinsights_sitenote_note":"","_monsterinsights_sitenote_category":0,"footnotes":""},"class_list":["post-9417","page","type-page","status-publish"],"yoast_head":"<!-- This site is optimized with the Yoast SEO plugin v27.4 - https:\/\/yoast.com\/product\/yoast-seo-wordpress\/ -->\n<title>\u25b7 Tratamiento del v\u00e9rtigo | Hospital Ribera Povisa<\/title>\n<meta name=\"description\" content=\"lll\u1405 HOSPITAL RIBERA POVISA Tratamiento del v\u00e9rtigo Los pacientes objetivo son aquellos que acuden bien de motu proprio, bien derivados desde otras \u2705\" \/>\n<meta name=\"robots\" content=\"index, follow, max-snippet:-1, max-image-preview:large, max-video-preview:-1\" \/>\n<link rel=\"canonical\" href=\"https:\/\/riberasalud.com\/povisa\/tratamiento-del-vertigo\/\" \/>\n<meta property=\"og:locale\" content=\"es_ES\" \/>\n<meta property=\"og:type\" content=\"article\" \/>\n<meta property=\"og:title\" content=\"\u25b7 Tratamiento del v\u00e9rtigo | Hospital Ribera Povisa\" \/>\n<meta property=\"og:description\" content=\"lll\u1405 HOSPITAL RIBERA POVISA Tratamiento del v\u00e9rtigo Los pacientes objetivo son aquellos que acuden bien de motu proprio, bien derivados desde otras \u2705\" \/>\n<meta property=\"og:url\" content=\"https:\/\/riberasalud.com\/povisa\/tratamiento-del-vertigo\/\" \/>\n<meta property=\"og:site_name\" content=\"Hospital Ribera Povisa\" \/>\n<meta property=\"article:modified_time\" content=\"2023-06-21T08:46:21+00:00\" \/>\n<meta property=\"og:image\" content=\"https:\/\/riberasalud.com\/povisa\/wp-content\/uploads\/2023\/06\/Equipo-ORL-1024x315-1.jpg\" \/>\n<meta name=\"twitter:card\" content=\"summary_large_image\" \/>\n<meta name=\"twitter:label1\" content=\"Tiempo de lectura\" \/>\n\t<meta name=\"twitter:data1\" content=\"1 minuto\" \/>\n<script type=\"application\/ld+json\" class=\"yoast-schema-graph\">{\"@context\":\"https:\\\/\\\/schema.org\",\"@graph\":[{\"@type\":\"WebPage\",\"@id\":\"https:\\\/\\\/riberasalud.com\\\/povisa\\\/tratamiento-del-vertigo\\\/\",\"url\":\"https:\\\/\\\/riberasalud.com\\\/povisa\\\/tratamiento-del-vertigo\\\/\",\"name\":\"\u25b7 Tratamiento del v\u00e9rtigo | Hospital Ribera Povisa\",\"isPartOf\":{\"@id\":\"https:\\\/\\\/riberasalud.com\\\/povisa\\\/#website\"},\"primaryImageOfPage\":{\"@id\":\"https:\\\/\\\/riberasalud.com\\\/povisa\\\/tratamiento-del-vertigo\\\/#primaryimage\"},\"image\":{\"@id\":\"https:\\\/\\\/riberasalud.com\\\/povisa\\\/tratamiento-del-vertigo\\\/#primaryimage\"},\"thumbnailUrl\":\"https:\\\/\\\/riberasalud.com\\\/povisa\\\/wp-content\\\/uploads\\\/2023\\\/06\\\/Equipo-ORL-1024x315-1.jpg\",\"datePublished\":\"2023-06-21T06:56:44+00:00\",\"dateModified\":\"2023-06-21T08:46:21+00:00\",\"description\":\"lll\u1405 HOSPITAL RIBERA POVISA Tratamiento del v\u00e9rtigo Los pacientes objetivo son aquellos que acuden bien de motu proprio, bien derivados desde otras \u2705\",\"inLanguage\":\"es\",\"potentialAction\":[{\"@type\":\"ReadAction\",\"target\":[\"https:\\\/\\\/riberasalud.com\\\/povisa\\\/tratamiento-del-vertigo\\\/\"]}]},{\"@type\":\"ImageObject\",\"inLanguage\":\"es\",\"@id\":\"https:\\\/\\\/riberasalud.com\\\/povisa\\\/tratamiento-del-vertigo\\\/#primaryimage\",\"url\":\"https:\\\/\\\/riberasalud.com\\\/povisa\\\/wp-content\\\/uploads\\\/2023\\\/06\\\/Equipo-ORL-1024x315-1.jpg\",\"contentUrl\":\"https:\\\/\\\/riberasalud.com\\\/povisa\\\/wp-content\\\/uploads\\\/2023\\\/06\\\/Equipo-ORL-1024x315-1.jpg\"},{\"@type\":\"WebSite\",\"@id\":\"https:\\\/\\\/riberasalud.com\\\/povisa\\\/#website\",\"url\":\"https:\\\/\\\/riberasalud.com\\\/povisa\\\/\",\"name\":\"Hospital Ribera Povisa\",\"description\":\"\",\"publisher\":{\"@id\":\"https:\\\/\\\/riberasalud.com\\\/povisa\\\/#organization\"},\"potentialAction\":[{\"@type\":\"SearchAction\",\"target\":{\"@type\":\"EntryPoint\",\"urlTemplate\":\"https:\\\/\\\/riberasalud.com\\\/povisa\\\/?s={search_term_string}\"},\"query-input\":{\"@type\":\"PropertyValueSpecification\",\"valueRequired\":true,\"valueName\":\"search_term_string\"}}],\"inLanguage\":\"es\"},{\"@type\":\"Organization\",\"@id\":\"https:\\\/\\\/riberasalud.com\\\/povisa\\\/#organization\",\"name\":\"Hospital Ribera Povisa\",\"url\":\"https:\\\/\\\/riberasalud.com\\\/povisa\\\/\",\"logo\":{\"@type\":\"ImageObject\",\"inLanguage\":\"es\",\"@id\":\"https:\\\/\\\/riberasalud.com\\\/povisa\\\/#\\\/schema\\\/logo\\\/image\\\/\",\"url\":\"https:\\\/\\\/riberasalud.com\\\/povisa\\\/wp-content\\\/uploads\\\/2024\\\/01\\\/cropped-Logo-Red-Povisa.png\",\"contentUrl\":\"https:\\\/\\\/riberasalud.com\\\/povisa\\\/wp-content\\\/uploads\\\/2024\\\/01\\\/cropped-Logo-Red-Povisa.png\",\"width\":1929,\"height\":489,\"caption\":\"Hospital Ribera Povisa\"},\"image\":{\"@id\":\"https:\\\/\\\/riberasalud.com\\\/povisa\\\/#\\\/schema\\\/logo\\\/image\\\/\"}}]}<\/script>\n<!-- \/ Yoast SEO plugin. -->","yoast_head_json":{"title":"\u25b7 Tratamiento del v\u00e9rtigo | Hospital Ribera Povisa","description":"lll\u1405 HOSPITAL RIBERA POVISA Tratamiento del v\u00e9rtigo Los pacientes objetivo son aquellos que acuden bien de motu proprio, bien derivados desde otras \u2705","robots":{"index":"index","follow":"follow","max-snippet":"max-snippet:-1","max-image-preview":"max-image-preview:large","max-video-preview":"max-video-preview:-1"},"canonical":"https:\/\/riberasalud.com\/povisa\/tratamiento-del-vertigo\/","og_locale":"es_ES","og_type":"article","og_title":"\u25b7 Tratamiento del v\u00e9rtigo | Hospital Ribera Povisa","og_description":"lll\u1405 HOSPITAL RIBERA POVISA Tratamiento del v\u00e9rtigo Los pacientes objetivo son aquellos que acuden bien de motu proprio, bien derivados desde otras \u2705","og_url":"https:\/\/riberasalud.com\/povisa\/tratamiento-del-vertigo\/","og_site_name":"Hospital Ribera Povisa","article_modified_time":"2023-06-21T08:46:21+00:00","og_image":[{"url":"https:\/\/riberasalud.com\/povisa\/wp-content\/uploads\/2023\/06\/Equipo-ORL-1024x315-1.jpg","type":"","width":"","height":""}],"twitter_card":"summary_large_image","twitter_misc":{"Tiempo de lectura":"1 minuto"},"schema":{"@context":"https:\/\/schema.org","@graph":[{"@type":"WebPage","@id":"https:\/\/riberasalud.com\/povisa\/tratamiento-del-vertigo\/","url":"https:\/\/riberasalud.com\/povisa\/tratamiento-del-vertigo\/","name":"\u25b7 Tratamiento del v\u00e9rtigo | Hospital Ribera Povisa","isPartOf":{"@id":"https:\/\/riberasalud.com\/povisa\/#website"},"primaryImageOfPage":{"@id":"https:\/\/riberasalud.com\/povisa\/tratamiento-del-vertigo\/#primaryimage"},"image":{"@id":"https:\/\/riberasalud.com\/povisa\/tratamiento-del-vertigo\/#primaryimage"},"thumbnailUrl":"https:\/\/riberasalud.com\/povisa\/wp-content\/uploads\/2023\/06\/Equipo-ORL-1024x315-1.jpg","datePublished":"2023-06-21T06:56:44+00:00","dateModified":"2023-06-21T08:46:21+00:00","description":"lll\u1405 HOSPITAL RIBERA POVISA Tratamiento del v\u00e9rtigo Los pacientes objetivo son aquellos que acuden bien de motu proprio, bien derivados desde otras \u2705","inLanguage":"es","potentialAction":[{"@type":"ReadAction","target":["https:\/\/riberasalud.com\/povisa\/tratamiento-del-vertigo\/"]}]},{"@type":"ImageObject","inLanguage":"es","@id":"https:\/\/riberasalud.com\/povisa\/tratamiento-del-vertigo\/#primaryimage","url":"https:\/\/riberasalud.com\/povisa\/wp-content\/uploads\/2023\/06\/Equipo-ORL-1024x315-1.jpg","contentUrl":"https:\/\/riberasalud.com\/povisa\/wp-content\/uploads\/2023\/06\/Equipo-ORL-1024x315-1.jpg"},{"@type":"WebSite","@id":"https:\/\/riberasalud.com\/povisa\/#website","url":"https:\/\/riberasalud.com\/povisa\/","name":"Hospital Ribera Povisa","description":"","publisher":{"@id":"https:\/\/riberasalud.com\/povisa\/#organization"},"potentialAction":[{"@type":"SearchAction","target":{"@type":"EntryPoint","urlTemplate":"https:\/\/riberasalud.com\/povisa\/?s={search_term_string}"},"query-input":{"@type":"PropertyValueSpecification","valueRequired":true,"valueName":"search_term_string"}}],"inLanguage":"es"},{"@type":"Organization","@id":"https:\/\/riberasalud.com\/povisa\/#organization","name":"Hospital Ribera Povisa","url":"https:\/\/riberasalud.com\/povisa\/","logo":{"@type":"ImageObject","inLanguage":"es","@id":"https:\/\/riberasalud.com\/povisa\/#\/schema\/logo\/image\/","url":"https:\/\/riberasalud.com\/povisa\/wp-content\/uploads\/2024\/01\/cropped-Logo-Red-Povisa.png","contentUrl":"https:\/\/riberasalud.com\/povisa\/wp-content\/uploads\/2024\/01\/cropped-Logo-Red-Povisa.png","width":1929,"height":489,"caption":"Hospital Ribera Povisa"},"image":{"@id":"https:\/\/riberasalud.com\/povisa\/#\/schema\/logo\/image\/"}}]}},"_links":{"self":[{"href":"https:\/\/riberasalud.com\/povisa\/wp-json\/wp\/v2\/pages\/9417","targetHints":{"allow":["GET"]}}],"collection":[{"href":"https:\/\/riberasalud.com\/povisa\/wp-json\/wp\/v2\/pages"}],"about":[{"href":"https:\/\/riberasalud.com\/povisa\/wp-json\/wp\/v2\/types\/page"}],"author":[{"embeddable":true,"href":"https:\/\/riberasalud.com\/povisa\/wp-json\/wp\/v2\/users\/1"}],"replies":[{"embeddable":true,"href":"https:\/\/riberasalud.com\/povisa\/wp-json\/wp\/v2\/comments?post=9417"}],"version-history":[{"count":4,"href":"https:\/\/riberasalud.com\/povisa\/wp-json\/wp\/v2\/pages\/9417\/revisions"}],"predecessor-version":[{"id":9442,"href":"https:\/\/riberasalud.com\/povisa\/wp-json\/wp\/v2\/pages\/9417\/revisions\/9442"}],"wp:attachment":[{"href":"https:\/\/riberasalud.com\/povisa\/wp-json\/wp\/v2\/media?parent=9417"}],"curies":[{"name":"wp","href":"https:\/\/api.w.org\/{rel}","templated":true}]}}