{"id":9201,"date":"2023-05-10T12:35:01","date_gmt":"2023-05-10T12:35:01","guid":{"rendered":"https:\/\/riberasalud.com\/povisaaux\/?page_id=9201"},"modified":"2024-07-18T09:09:07","modified_gmt":"2024-07-18T09:09:07","slug":"instalaciones","status":"publish","type":"page","link":"https:\/\/riberasalud.com\/povisa\/instalaciones\/","title":{"rendered":"Instalaciones"},"content":{"rendered":"\n<div class=\"wp-block-group hasbackgroundnaranja sliderlinea\"><div class=\"wp-block-group__inner-container is-layout-flow wp-block-group-is-layout-flow\">\n<p>HOSPITAL RIBERA POVISA<\/p>\n\n\n\n<h1 class=\"wp-block-heading\">Instalaciones<\/h1>\n<\/div><\/div>\n\n\n\n<div class=\"wp-block-group banneractividad hasbackgroundmio\"><div class=\"wp-block-group__inner-container is-layout-flow wp-block-group-is-layout-flow\">\n<div class=\"wp-block-columns is-layout-flex wp-container-core-columns-is-layout-9d6595d7 wp-block-columns-is-layout-flex\">\n<div class=\"wp-block-column is-layout-flow wp-block-column-is-layout-flow\">\n<div class=\"wp-block-columns is-not-stacked-on-mobile is-layout-flex wp-container-core-columns-is-layout-9d6595d7 wp-block-columns-is-layout-flex\">\n<div class=\"wp-block-column is-layout-flow wp-block-column-is-layout-flow\">\n<figure class=\"wp-block-image size-full\"><img loading=\"lazy\" decoding=\"async\" width=\"150\" height=\"150\" src=\"https:\/\/riberasalud.com\/povisa\/wp-content\/uploads\/2023\/05\/iconos_Mesa-de-trabajo-1-3-150x150-1.png\" alt=\"\" class=\"wp-image-9206\"\/><\/figure>\n<\/div>\n\n\n\n<div class=\"wp-block-column is-layout-flow wp-block-column-is-layout-flow\">\n<p><span class=\"numerin2\">40000<\/span><span class=\"masmas\"><\/span> <br>m2<\/p>\n<\/div>\n<\/div>\n<\/div>\n\n\n\n<div class=\"wp-block-column is-layout-flow wp-block-column-is-layout-flow\">\n<div class=\"wp-block-columns is-not-stacked-on-mobile is-layout-flex wp-container-core-columns-is-layout-9d6595d7 wp-block-columns-is-layout-flex\">\n<div class=\"wp-block-column is-layout-flow wp-block-column-is-layout-flow\">\n<figure class=\"wp-block-image size-full\"><img loading=\"lazy\" decoding=\"async\" width=\"150\" height=\"150\" src=\"https:\/\/riberasalud.com\/povisa\/wp-content\/uploads\/2023\/05\/contadores_Mesa-de-trabajo-1-150x150-1.png\" alt=\"\" class=\"wp-image-9204\"\/><\/figure>\n<\/div>\n\n\n\n<div class=\"wp-block-column is-layout-flow wp-block-column-is-layout-flow\">\n<p><span class=\"numerin2\">400<\/span><span class=\"masmas\"><\/span> <br>CAMAS<\/p>\n<\/div>\n<\/div>\n<\/div>\n\n\n\n<div class=\"wp-block-column is-layout-flow wp-block-column-is-layout-flow\">\n<div class=\"wp-block-columns is-not-stacked-on-mobile is-layout-flex wp-container-core-columns-is-layout-9d6595d7 wp-block-columns-is-layout-flex\">\n<div class=\"wp-block-column is-layout-flow wp-block-column-is-layout-flow\">\n<figure class=\"wp-block-image size-full\"><img loading=\"lazy\" decoding=\"async\" width=\"150\" height=\"150\" src=\"https:\/\/riberasalud.com\/povisa\/wp-content\/uploads\/2023\/05\/contadores-03-150x150-1.png\" alt=\"\" class=\"wp-image-9205\"\/><\/figure>\n<\/div>\n\n\n\n<div class=\"wp-block-column is-layout-flow wp-block-column-is-layout-flow\">\n<p><span class=\"numerin2\">1500<\/span><span class=\"masmas\"><\/span> <br>PROFESIONALES<\/p>\n<\/div>\n<\/div>\n<\/div>\n<\/div>\n\n\n\n<script>\n\n\njQuery(document).ready(function($) {\n    console.log( \"ready!\" );\n\nlet contar=0;\n\n\nconst numero=document.getElementsByClassName('numerin2')[0];\nlet cantidad=0;\nlet tiempo = setInterval(()=>{\n    cantidad+=2000;\n    numero.textContent=cantidad;\n    if(cantidad===40000){clearInterval(tiempo)}},80);\n\nconst numero1=document.getElementsByClassName('numerin2')[1];\nlet cantidad1=0;\nlet tiempo1 = setInterval(()=>{\n    cantidad1+=20;\n    numero1.textContent=cantidad1;\n    if(cantidad1===400){clearInterval(tiempo1)}},80);\n\nconst numero2=document.getElementsByClassName('numerin2')[2];\nlet cantidad2=0;\nlet tiempo2 = setInterval(()=>{\n    cantidad2+=75;\n    numero2.textContent=cantidad2;\n    if(cantidad2===1500){clearInterval(tiempo2)}},80);\n\n    }\n)\n<\/script>\n<\/div><\/div>\n\n\n\n<div class=\"wp-block-group\"><div class=\"wp-block-group__inner-container is-layout-flow wp-block-group-is-layout-flow\">\n<p>Con<strong>&nbsp;m\u00e1s de 40.000 m2,&nbsp;m\u00e1s de 300 camas instaladas&nbsp;y m\u00e1s de&nbsp;1.500 profesionales, Ribera Povisa es el hospital privado m\u00e1s grande de Espa\u00f1a.<\/strong><br>Buena parte de su actividad se centra en la atenci\u00f3n a los m\u00e1s de 130.000 pacientes de la sanidad p\u00fablica que tiene asignados en virtud de un concierto con el Servicio Galego de Sa\u00fade.<\/p>\n\n\n\n<p>Anualmente, el hospital registra unos 20.000 ingresos, m\u00e1s de 400.000 consultas y unas 25.000 intervenciones quir\u00fargicas.&nbsp;<br>En el \u00e1mbito p\u00fablico, es referencia para el Sur de Galicia en Cirug\u00eda Compleja del Miembro Superior, Cirug\u00eda del Nervio Perif\u00e9rico, Cirug\u00eda Maxilofacial, Quemados, Cirug\u00eda Pl\u00e1stica Infantil y Litotricia (esta \u00faltima s\u00f3lo para el \u00e1rea de Vigo). Cuenta, adem\u00e1s, con un servicio de urgencias las 24 horas recientemente renovado, con todas las especialidades y con los m\u00e1s modernos sistemas de organizaci\u00f3n y diagn\u00f3stico.&nbsp;<\/p>\n\n\n\n<p>Ribera Povisa es tambi\u00e9n el \u00fanico hospital privado de Galicia que tiene formaci\u00f3n MIR para especialistas en Medicina Interna, Cirug\u00eda General, Anestesiolog\u00eda, Radiolog\u00eda, Traumatolog\u00eda y Medicina Familiar y Comunitaria.&nbsp;<br>En este \u00e1mbito de la formaci\u00f3n, considerado estrat\u00e9gico por la direcci\u00f3n del grupo Ribera, cuenta tambi\u00e9n con el Centro de Estudios Povisa con sede en Vigo y del que salen cada a\u00f1o nuevos diplomados en Enfermer\u00eda y Formaci\u00f3n Profesional del \u00e1mbito sanitario.<\/p>\n<\/div><\/div>\n\n\n\n<div class=\"wp-block-group\"><div class=\"wp-block-group__inner-container is-layout-flow wp-block-group-is-layout-flow\">\n<figure class=\"wp-block-gallery has-nested-images columns-4 is-cropped has-lightbox wp-block-gallery-1 is-layout-flex wp-block-gallery-is-layout-flex\">\n<figure class=\"wp-block-image size-full\"><img loading=\"lazy\" decoding=\"async\" width=\"800\" height=\"533\" data-id=\"9843\" src=\"https:\/\/riberasalud.com\/povisa\/wp-content\/uploads\/2023\/07\/11022022-_DSC2926.jpg\" alt=\"\" class=\"wp-image-9843\" srcset=\"https:\/\/riberasalud.com\/povisa\/wp-content\/uploads\/2023\/07\/11022022-_DSC2926.jpg 800w, https:\/\/riberasalud.com\/povisa\/wp-content\/uploads\/2023\/07\/11022022-_DSC2926-300x200.jpg 300w, https:\/\/riberasalud.com\/povisa\/wp-content\/uploads\/2023\/07\/11022022-_DSC2926-768x512.jpg 768w\" sizes=\"auto, (max-width: 800px) 100vw, 800px\" \/><\/figure>\n\n\n\n<figure class=\"wp-block-image size-full\"><img loading=\"lazy\" decoding=\"async\" width=\"800\" height=\"533\" data-id=\"9842\" src=\"https:\/\/riberasalud.com\/povisa\/wp-content\/uploads\/2023\/07\/11022022-_DSC2931.jpg\" alt=\"\" class=\"wp-image-9842\" srcset=\"https:\/\/riberasalud.com\/povisa\/wp-content\/uploads\/2023\/07\/11022022-_DSC2931.jpg 800w, https:\/\/riberasalud.com\/povisa\/wp-content\/uploads\/2023\/07\/11022022-_DSC2931-300x200.jpg 300w, https:\/\/riberasalud.com\/povisa\/wp-content\/uploads\/2023\/07\/11022022-_DSC2931-768x512.jpg 768w\" sizes=\"auto, (max-width: 800px) 100vw, 800px\" \/><\/figure>\n\n\n\n<figure class=\"wp-block-image size-full\"><img loading=\"lazy\" decoding=\"async\" width=\"800\" height=\"533\" data-id=\"9847\" src=\"https:\/\/riberasalud.com\/povisa\/wp-content\/uploads\/2023\/07\/11022022-_DSC2938.jpg\" alt=\"\" class=\"wp-image-9847\" srcset=\"https:\/\/riberasalud.com\/povisa\/wp-content\/uploads\/2023\/07\/11022022-_DSC2938.jpg 800w, https:\/\/riberasalud.com\/povisa\/wp-content\/uploads\/2023\/07\/11022022-_DSC2938-300x200.jpg 300w, https:\/\/riberasalud.com\/povisa\/wp-content\/uploads\/2023\/07\/11022022-_DSC2938-768x512.jpg 768w\" sizes=\"auto, (max-width: 800px) 100vw, 800px\" \/><\/figure>\n\n\n\n<figure class=\"wp-block-image size-full\"><img loading=\"lazy\" decoding=\"async\" width=\"533\" height=\"800\" data-id=\"9845\" src=\"https:\/\/riberasalud.com\/povisa\/wp-content\/uploads\/2023\/07\/11022022-_DSC2943.jpg\" alt=\"\" class=\"wp-image-9845\" srcset=\"https:\/\/riberasalud.com\/povisa\/wp-content\/uploads\/2023\/07\/11022022-_DSC2943.jpg 533w, https:\/\/riberasalud.com\/povisa\/wp-content\/uploads\/2023\/07\/11022022-_DSC2943-200x300.jpg 200w\" sizes=\"auto, (max-width: 533px) 100vw, 533px\" \/><\/figure>\n<\/figure>\n<\/div><\/div>\n","protected":false},"excerpt":{"rendered":"<p>HOSPITAL RIBERA POVISA Instalaciones 40000 m2 400 CAMAS 1500 PROFESIONALES Con&nbsp;m\u00e1s de 40.000 m2,&nbsp;m\u00e1s de 300 camas instaladas&nbsp;y m\u00e1s de&nbsp;1.500 profesionales, Ribera Povisa es el hospital privado m\u00e1s grande de Espa\u00f1a.Buena parte de su actividad se centra en la atenci\u00f3n a los m\u00e1s de 130.000 pacientes de la sanidad p\u00fablica que tiene asignados en virtud &#8230; <a title=\"Instalaciones\" class=\"read-more\" href=\"https:\/\/riberasalud.com\/povisa\/instalaciones\/\" aria-label=\"Leer m\u00e1s sobre Instalaciones\">Leer m\u00e1s<\/a><\/p>\n","protected":false},"author":1,"featured_media":9842,"parent":0,"menu_order":0,"comment_status":"closed","ping_status":"closed","template":"","meta":{"_coblocks_attr":"","_coblocks_dimensions":"","_coblocks_responsive_height":"","_coblocks_accordion_ie_support":"","_monsterinsights_skip_tracking":false,"_monsterinsights_sitenote_active":false,"_monsterinsights_sitenote_note":"","_monsterinsights_sitenote_category":0,"footnotes":""},"class_list":["post-9201","page","type-page","status-publish","has-post-thumbnail"],"yoast_head":"<!-- This site is optimized with the Yoast SEO plugin v26.9 - https:\/\/yoast.com\/product\/yoast-seo-wordpress\/ -->\n<title>\u25b7 Instalaciones | Hospital Ribera Povisa<\/title>\n<meta name=\"description\" content=\"lll\u1405 M\u00e1s de 40.000 m2,\u00a0m\u00e1s de 300 camas instaladas, m\u00e1s de\u00a01.500 profesionales. Ribera Povisa es el hospital privado m\u00e1s grande de Espa\u00f1a. \u2705\" \/>\n<meta name=\"robots\" content=\"index, follow, max-snippet:-1, max-image-preview:large, max-video-preview:-1\" \/>\n<link rel=\"canonical\" href=\"https:\/\/riberasalud.com\/povisa\/instalaciones\/\" \/>\n<meta property=\"og:locale\" content=\"es_ES\" \/>\n<meta property=\"og:type\" content=\"article\" \/>\n<meta property=\"og:title\" content=\"\u25b7 Instalaciones | Hospital Ribera Povisa\" \/>\n<meta property=\"og:description\" content=\"lll\u1405 M\u00e1s de 40.000 m2,\u00a0m\u00e1s de 300 camas instaladas, m\u00e1s de\u00a01.500 profesionales. Ribera Povisa es el hospital privado m\u00e1s grande de Espa\u00f1a. \u2705\" \/>\n<meta property=\"og:url\" content=\"https:\/\/riberasalud.com\/povisa\/instalaciones\/\" \/>\n<meta property=\"og:site_name\" content=\"Hospital Ribera Povisa\" \/>\n<meta property=\"article:modified_time\" content=\"2024-07-18T09:09:07+00:00\" \/>\n<meta property=\"og:image\" content=\"https:\/\/riberasalud.com\/povisa\/wp-content\/uploads\/2023\/07\/11022022-_DSC2931.jpg\" \/>\n\t<meta property=\"og:image:width\" content=\"800\" \/>\n\t<meta property=\"og:image:height\" content=\"533\" \/>\n\t<meta property=\"og:image:type\" content=\"image\/jpeg\" \/>\n<meta name=\"twitter:card\" content=\"summary_large_image\" \/>\n<meta name=\"twitter:label1\" content=\"Tiempo de lectura\" \/>\n\t<meta name=\"twitter:data1\" content=\"3 minutos\" \/>\n<script type=\"application\/ld+json\" class=\"yoast-schema-graph\">{\"@context\":\"https:\/\/schema.org\",\"@graph\":[{\"@type\":\"WebPage\",\"@id\":\"https:\/\/riberasalud.com\/povisa\/instalaciones\/\",\"url\":\"https:\/\/riberasalud.com\/povisa\/instalaciones\/\",\"name\":\"\u25b7 Instalaciones | Hospital Ribera Povisa\",\"isPartOf\":{\"@id\":\"https:\/\/riberasalud.com\/povisa\/#website\"},\"primaryImageOfPage\":{\"@id\":\"https:\/\/riberasalud.com\/povisa\/instalaciones\/#primaryimage\"},\"image\":{\"@id\":\"https:\/\/riberasalud.com\/povisa\/instalaciones\/#primaryimage\"},\"thumbnailUrl\":\"https:\/\/riberasalud.com\/povisa\/wp-content\/uploads\/2023\/07\/11022022-_DSC2931.jpg\",\"datePublished\":\"2023-05-10T12:35:01+00:00\",\"dateModified\":\"2024-07-18T09:09:07+00:00\",\"description\":\"lll\u1405 M\u00e1s de 40.000 m2,\u00a0m\u00e1s de 300 camas instaladas, m\u00e1s de\u00a01.500 profesionales. Ribera Povisa es el hospital privado m\u00e1s grande de Espa\u00f1a. \u2705\",\"inLanguage\":\"es\",\"potentialAction\":[{\"@type\":\"ReadAction\",\"target\":[\"https:\/\/riberasalud.com\/povisa\/instalaciones\/\"]}]},{\"@type\":\"ImageObject\",\"inLanguage\":\"es\",\"@id\":\"https:\/\/riberasalud.com\/povisa\/instalaciones\/#primaryimage\",\"url\":\"https:\/\/riberasalud.com\/povisa\/wp-content\/uploads\/2023\/07\/11022022-_DSC2931.jpg\",\"contentUrl\":\"https:\/\/riberasalud.com\/povisa\/wp-content\/uploads\/2023\/07\/11022022-_DSC2931.jpg\",\"width\":800,\"height\":533},{\"@type\":\"WebSite\",\"@id\":\"https:\/\/riberasalud.com\/povisa\/#website\",\"url\":\"https:\/\/riberasalud.com\/povisa\/\",\"name\":\"Hospital Ribera Povisa\",\"description\":\"\",\"publisher\":{\"@id\":\"https:\/\/riberasalud.com\/povisa\/#organization\"},\"potentialAction\":[{\"@type\":\"SearchAction\",\"target\":{\"@type\":\"EntryPoint\",\"urlTemplate\":\"https:\/\/riberasalud.com\/povisa\/?s={search_term_string}\"},\"query-input\":{\"@type\":\"PropertyValueSpecification\",\"valueRequired\":true,\"valueName\":\"search_term_string\"}}],\"inLanguage\":\"es\"},{\"@type\":\"Organization\",\"@id\":\"https:\/\/riberasalud.com\/povisa\/#organization\",\"name\":\"Hospital Ribera Povisa\",\"url\":\"https:\/\/riberasalud.com\/povisa\/\",\"logo\":{\"@type\":\"ImageObject\",\"inLanguage\":\"es\",\"@id\":\"https:\/\/riberasalud.com\/povisa\/#\/schema\/logo\/image\/\",\"url\":\"https:\/\/riberasalud.com\/povisa\/wp-content\/uploads\/2024\/01\/cropped-Logo-Red-Povisa.png\",\"contentUrl\":\"https:\/\/riberasalud.com\/povisa\/wp-content\/uploads\/2024\/01\/cropped-Logo-Red-Povisa.png\",\"width\":1929,\"height\":489,\"caption\":\"Hospital Ribera Povisa\"},\"image\":{\"@id\":\"https:\/\/riberasalud.com\/povisa\/#\/schema\/logo\/image\/\"}}]}<\/script>\n<!-- \/ Yoast SEO plugin. -->","yoast_head_json":{"title":"\u25b7 Instalaciones | Hospital Ribera Povisa","description":"lll\u1405 M\u00e1s de 40.000 m2,\u00a0m\u00e1s de 300 camas instaladas, m\u00e1s de\u00a01.500 profesionales. Ribera Povisa es el hospital privado m\u00e1s grande de Espa\u00f1a. \u2705","robots":{"index":"index","follow":"follow","max-snippet":"max-snippet:-1","max-image-preview":"max-image-preview:large","max-video-preview":"max-video-preview:-1"},"canonical":"https:\/\/riberasalud.com\/povisa\/instalaciones\/","og_locale":"es_ES","og_type":"article","og_title":"\u25b7 Instalaciones | Hospital Ribera Povisa","og_description":"lll\u1405 M\u00e1s de 40.000 m2,\u00a0m\u00e1s de 300 camas instaladas, m\u00e1s de\u00a01.500 profesionales. Ribera Povisa es el hospital privado m\u00e1s grande de Espa\u00f1a. \u2705","og_url":"https:\/\/riberasalud.com\/povisa\/instalaciones\/","og_site_name":"Hospital Ribera Povisa","article_modified_time":"2024-07-18T09:09:07+00:00","og_image":[{"width":800,"height":533,"url":"https:\/\/riberasalud.com\/povisa\/wp-content\/uploads\/2023\/07\/11022022-_DSC2931.jpg","type":"image\/jpeg"}],"twitter_card":"summary_large_image","twitter_misc":{"Tiempo de lectura":"3 minutos"},"schema":{"@context":"https:\/\/schema.org","@graph":[{"@type":"WebPage","@id":"https:\/\/riberasalud.com\/povisa\/instalaciones\/","url":"https:\/\/riberasalud.com\/povisa\/instalaciones\/","name":"\u25b7 Instalaciones | Hospital Ribera Povisa","isPartOf":{"@id":"https:\/\/riberasalud.com\/povisa\/#website"},"primaryImageOfPage":{"@id":"https:\/\/riberasalud.com\/povisa\/instalaciones\/#primaryimage"},"image":{"@id":"https:\/\/riberasalud.com\/povisa\/instalaciones\/#primaryimage"},"thumbnailUrl":"https:\/\/riberasalud.com\/povisa\/wp-content\/uploads\/2023\/07\/11022022-_DSC2931.jpg","datePublished":"2023-05-10T12:35:01+00:00","dateModified":"2024-07-18T09:09:07+00:00","description":"lll\u1405 M\u00e1s de 40.000 m2,\u00a0m\u00e1s de 300 camas instaladas, m\u00e1s de\u00a01.500 profesionales. Ribera Povisa es el hospital privado m\u00e1s grande de Espa\u00f1a. \u2705","inLanguage":"es","potentialAction":[{"@type":"ReadAction","target":["https:\/\/riberasalud.com\/povisa\/instalaciones\/"]}]},{"@type":"ImageObject","inLanguage":"es","@id":"https:\/\/riberasalud.com\/povisa\/instalaciones\/#primaryimage","url":"https:\/\/riberasalud.com\/povisa\/wp-content\/uploads\/2023\/07\/11022022-_DSC2931.jpg","contentUrl":"https:\/\/riberasalud.com\/povisa\/wp-content\/uploads\/2023\/07\/11022022-_DSC2931.jpg","width":800,"height":533},{"@type":"WebSite","@id":"https:\/\/riberasalud.com\/povisa\/#website","url":"https:\/\/riberasalud.com\/povisa\/","name":"Hospital Ribera Povisa","description":"","publisher":{"@id":"https:\/\/riberasalud.com\/povisa\/#organization"},"potentialAction":[{"@type":"SearchAction","target":{"@type":"EntryPoint","urlTemplate":"https:\/\/riberasalud.com\/povisa\/?s={search_term_string}"},"query-input":{"@type":"PropertyValueSpecification","valueRequired":true,"valueName":"search_term_string"}}],"inLanguage":"es"},{"@type":"Organization","@id":"https:\/\/riberasalud.com\/povisa\/#organization","name":"Hospital Ribera Povisa","url":"https:\/\/riberasalud.com\/povisa\/","logo":{"@type":"ImageObject","inLanguage":"es","@id":"https:\/\/riberasalud.com\/povisa\/#\/schema\/logo\/image\/","url":"https:\/\/riberasalud.com\/povisa\/wp-content\/uploads\/2024\/01\/cropped-Logo-Red-Povisa.png","contentUrl":"https:\/\/riberasalud.com\/povisa\/wp-content\/uploads\/2024\/01\/cropped-Logo-Red-Povisa.png","width":1929,"height":489,"caption":"Hospital Ribera Povisa"},"image":{"@id":"https:\/\/riberasalud.com\/povisa\/#\/schema\/logo\/image\/"}}]}},"_links":{"self":[{"href":"https:\/\/riberasalud.com\/povisa\/wp-json\/wp\/v2\/pages\/9201","targetHints":{"allow":["GET"]}}],"collection":[{"href":"https:\/\/riberasalud.com\/povisa\/wp-json\/wp\/v2\/pages"}],"about":[{"href":"https:\/\/riberasalud.com\/povisa\/wp-json\/wp\/v2\/types\/page"}],"author":[{"embeddable":true,"href":"https:\/\/riberasalud.com\/povisa\/wp-json\/wp\/v2\/users\/1"}],"replies":[{"embeddable":true,"href":"https:\/\/riberasalud.com\/povisa\/wp-json\/wp\/v2\/comments?post=9201"}],"version-history":[{"count":18,"href":"https:\/\/riberasalud.com\/povisa\/wp-json\/wp\/v2\/pages\/9201\/revisions"}],"predecessor-version":[{"id":10672,"href":"https:\/\/riberasalud.com\/povisa\/wp-json\/wp\/v2\/pages\/9201\/revisions\/10672"}],"wp:featuredmedia":[{"embeddable":true,"href":"https:\/\/riberasalud.com\/povisa\/wp-json\/wp\/v2\/media\/9842"}],"wp:attachment":[{"href":"https:\/\/riberasalud.com\/povisa\/wp-json\/wp\/v2\/media?parent=9201"}],"curies":[{"name":"wp","href":"https:\/\/api.w.org\/{rel}","templated":true}]}}