{"id":9190,"date":"2023-05-10T12:33:10","date_gmt":"2023-05-10T12:33:10","guid":{"rendered":"https:\/\/riberasalud.com\/povisaaux\/?page_id=9190"},"modified":"2025-06-04T13:11:21","modified_gmt":"2025-06-04T13:11:21","slug":"calidad","status":"publish","type":"page","link":"https:\/\/riberasalud.com\/povisa\/calidad\/","title":{"rendered":"Calidad"},"content":{"rendered":"\n<div class=\"wp-block-group hasbackgroundnaranja sliderlinea\"><div class=\"wp-block-group__inner-container is-layout-flow wp-block-group-is-layout-flow\">\n<p>HOSPITAL RIBERA POVISA<\/p>\n\n\n\n<h1 class=\"wp-block-heading\">Calidad<\/h1>\n<\/div><\/div>\n\n\n\n<div class=\"wp-block-group hasbackgroundmio\"><div class=\"wp-block-group__inner-container is-layout-flow wp-block-group-is-layout-flow\">\n<p class=\"has-text-align-center has-text-color\" style=\"color:#d71029;font-size:24px\">Pol\u00edticas<\/p>\n\n\n\n<p class=\"has-text-align-center\" style=\"font-size:16px\">Para conocer todas las pol\u00edticas<br>Pincha <a href=\"https:\/\/www.riberasalud.com\/corporativo\/politicas\/\">aqu\u00ed<\/a><\/p>\n<\/div><\/div>\n\n\n\n<div class=\"wp-block-group\"><div class=\"wp-block-group__inner-container is-layout-flow wp-block-group-is-layout-flow\">\n<h2 class=\"wp-block-heading has-text-align-center\">Acreditaciones y Reconocimientos<\/h2>\n\n\n\n<div style=\"height:20px\" aria-hidden=\"true\" class=\"wp-block-spacer\"><\/div>\n\n\n\n<div class=\"wp-block-columns is-layout-flex wp-container-core-columns-is-layout-9d6595d7 wp-block-columns-is-layout-flex\">\n<div class=\"wp-block-column is-layout-flow wp-block-column-is-layout-flow\"><div class=\"wp-block-image\">\n<figure class=\"aligncenter size-full\"><img loading=\"lazy\" decoding=\"async\" width=\"250\" height=\"200\" src=\"https:\/\/riberasalud.com\/povisa\/wp-content\/uploads\/2023\/05\/acreditaciones-03.jpg\" alt=\"\" class=\"wp-image-9195\"\/><figcaption class=\"wp-element-caption\">desde 2019<\/figcaption><\/figure>\n<\/div><\/div>\n\n\n\n<div class=\"wp-block-column is-layout-flow wp-block-column-is-layout-flow\"><div class=\"wp-block-image\">\n<figure class=\"aligncenter size-full\"><img loading=\"lazy\" decoding=\"async\" width=\"250\" height=\"200\" src=\"https:\/\/riberasalud.com\/povisa\/wp-content\/uploads\/2023\/07\/acreditaciones-06.jpg\" alt=\"\" class=\"wp-image-9791\"\/><figcaption class=\"wp-element-caption\">2020<\/figcaption><\/figure>\n<\/div><\/div>\n\n\n\n<div class=\"wp-block-column is-layout-flow wp-block-column-is-layout-flow\"><div class=\"wp-block-image\">\n<figure class=\"aligncenter size-full\"><img loading=\"lazy\" decoding=\"async\" width=\"250\" height=\"200\" src=\"https:\/\/riberasalud.com\/povisa\/wp-content\/uploads\/2023\/07\/acreditaciones-07.jpg\" alt=\"\" class=\"wp-image-9792\"\/><figcaption class=\"wp-element-caption\">2019<\/figcaption><\/figure>\n<\/div><\/div>\n<\/div>\n\n\n\n<div class=\"wp-block-columns is-layout-flex wp-container-core-columns-is-layout-9d6595d7 wp-block-columns-is-layout-flex\">\n<div class=\"wp-block-column is-layout-flow wp-block-column-is-layout-flow\"><div class=\"wp-block-image\">\n<figure class=\"aligncenter size-full\"><img loading=\"lazy\" decoding=\"async\" width=\"250\" height=\"200\" src=\"https:\/\/riberasalud.com\/povisa\/wp-content\/uploads\/2023\/05\/acreditaciones-05.jpg\" alt=\"\" class=\"wp-image-9193\"\/><figcaption class=\"wp-element-caption\">desde 2015<\/figcaption><\/figure>\n<\/div><\/div>\n\n\n\n<div class=\"wp-block-column is-layout-flow wp-block-column-is-layout-flow\"><div class=\"wp-block-image\">\n<figure class=\"aligncenter size-full\"><img loading=\"lazy\" decoding=\"async\" width=\"250\" height=\"200\" src=\"https:\/\/riberasalud.com\/povisa\/wp-content\/uploads\/2023\/05\/acreditaciones-02.jpg\" alt=\"\" class=\"wp-image-9196\"\/><figcaption class=\"wp-element-caption\">desde 2012<\/figcaption><\/figure>\n<\/div>\n\n\n<p class=\"has-text-align-center\">&nbsp;<em>Urgencias<\/em><br><em>Hospitalizaci\u00f3n m\u00e9dica quir\u00fargica y oncol\u00f3gica<\/em><br><em>Hospital de de D\u00eda<\/em><br><em>Hemodi\u00e1lisis<\/em><br><em>Radiodiagn\u00f3stico<\/em><br><em>Bloque Quir\u00fargico <\/em><br><em>Unidad de Cr\u00edticos<\/em><\/p>\n<\/div>\n\n\n\n<div class=\"wp-block-column is-layout-flow wp-block-column-is-layout-flow\"><div class=\"wp-block-image\">\n<figure class=\"aligncenter size-full\"><img loading=\"lazy\" decoding=\"async\" width=\"250\" height=\"200\" src=\"https:\/\/riberasalud.com\/povisa\/wp-content\/uploads\/2023\/05\/acreditaciones_Mesa-de-trabajo-1.jpg\" alt=\"\" class=\"wp-image-9194\"\/><figcaption class=\"wp-element-caption\">desde 2013<\/figcaption><\/figure>\n<\/div>\n\n\n<p class=\"has-text-align-center\">&nbsp;<em>Hospital Ribera Povisa<br>Policl\u00ednico calle Barcelona Ribera Povisa<br>Policl\u00ednico calle Gran V\u00eda Ribera Povisa<br>Oficinas Calle Zaragoza Ribera Povisa<br>Rehabilitaci\u00f3n calle Barcelona Ribera Povisa<\/em><\/p>\n<\/div>\n<\/div>\n<\/div><\/div>\n\n\n\n<div class=\"wp-block-group hasbackgroundmio\"><div class=\"wp-block-group__inner-container is-layout-flow wp-block-group-is-layout-flow\">\n<p class=\"has-text-align-center has-text-color\" style=\"color:#d71029;font-size:24px\">Medio Ambiente<\/p>\n\n\n\n<p class=\"has-text-align-center\" style=\"font-size:16px\"><strong>Comunicaci\u00f3n ambiental a proveedores<\/strong><\/p>\n\n\n\n<p class=\"has-text-align-center\" style=\"font-size:16px\">En Povisa, asumimos que un desarrollo sostenible va ligado a la protecci\u00f3n del medioambiente y a la prevenci\u00f3n de la contaminaci\u00f3n, por eso nos comprometemos a incluir nuestra pol\u00edtica ambiental en todas nuestras actividades, conscientes de que la mejora del entorno va en beneficio tambi\u00e9n de la salud de la poblaci\u00f3n.<\/p>\n\n\n\n<p class=\"has-text-align-center\" style=\"font-size:16px\">Solicitamos que nuestros proveedores apuesten por un consumo responsable de recursos (agua, energ\u00eda, productos qu\u00edmicos \u2026), realicen una correcta gesti\u00f3n de los residuos, reduzcan su huella de carbono e intenten minimizar el impacto medioambiental en todos sus procesos. Para nosotros, es un aspecto muy importante que los proveedores cumplan con la normativa de medio ambiente y dispongan de un sistema de gesti\u00f3n ambiental.<\/p>\n\n\n\n<div style=\"height:20px\" aria-hidden=\"true\" class=\"wp-block-spacer\"><\/div>\n<\/div><\/div>\n\n\n\n<div class=\"wp-block-group hasbackgroundmio\"><div class=\"wp-block-group__inner-container is-layout-flow wp-block-group-is-layout-flow\">\n<p class=\"has-text-align-center has-text-color\" style=\"color:#d71029;font-size:24px\">Indicadores relevantes<\/p>\n\n\n\n<p class=\"has-text-align-center\" style=\"font-size:16px\">Accesibilidad: <strong>Tiempo medio de espera para una intervenci\u00f3n quir\u00fargica<\/strong> para pacientes SERGAS. <strong>59,1 d\u00edas<\/strong>. <br>(Fuente: SERGAS 2024)<\/p>\n\n\n\n<p class=\"has-text-align-center\" style=\"font-size:16px\">Satisfacci\u00f3n: Nuestros pacientes puntuaron nuestra <strong>atenci\u00f3n<\/strong> con un <strong>8,39\/10 en 2024<\/strong> <br>(Fuente: OPINAT, muestra de 16.283 respuestas).<\/p>\n<\/div><\/div>\n\n\n\n<div class=\"wp-block-group hasbackgroundmio\"><div class=\"wp-block-group__inner-container is-layout-flow wp-block-group-is-layout-flow\">\n<p class=\"has-text-align-center has-text-color\" style=\"color:#d71029;font-size:24px\">Instalaci\u00f3n fotovoltaica<\/p>\n\n\n\n<p class=\"has-text-align-center\" style=\"font-size:16px\"><a href=\"https:\/\/www.riberasalud.com\/povisa\/wp-content\/uploads\/2025\/05\/mrr123_cartel_publicidade.pdf\" target=\"_blank\" rel=\"noreferrer noopener\">M\u00e1s informaci\u00f3n aqu\u00ed \u2192<\/a><\/p>\n<\/div><\/div>\n\n\n\n<div class=\"wp-block-group has-background\" style=\"background-color:#f4f4f4\"><div class=\"wp-block-group__inner-container is-layout-flow wp-block-group-is-layout-flow\">\n<p class=\"has-text-align-center has-text-color\" style=\"color:#d71029;font-size:24px\">Acreditaci\u00f3n Joint Commission\u00a0<\/p>\n\n\n\n<p class=\"has-text-align-center\" style=\"font-size:16px\">El Hospital Ribera Povisa se enorgullece de contar con la acreditaci\u00f3n de la <strong>Joint Commission International (JCI)<\/strong>, la entidad norteamericana m\u00e1s importante en materia de acreditaci\u00f3n de organizaciones sanitarias.<\/p>\n\n\n\n<p class=\"has-text-align-center\" style=\"font-size:16px\">Esta instituci\u00f3n sin \u00e1nimo de lucro eval\u00faa rigurosamente todos los requisitos de calidad y seguridad exigidos a un hospital de excelencia. Para obtener la acreditaci\u00f3n, las unidades hospitalarias se someten a procesos de preparaci\u00f3n muy complejos y exigentes que pueden durar varios a\u00f1os, con un escrutinio detallado de todo su proceso de funcionamiento y con la garant\u00eda de los m\u00e1s rigurosos par\u00e1metros internacionales. <\/p>\n\n\n\n<p class=\"has-text-align-center\" style=\"font-size:16px\">La acreditaci\u00f3n mantenida por la JCI refuerza as\u00ed la excelencia del Hospital Ribera Povisa en lo que respecta a la calidad y la seguridad de los procesos y procedimientos, su funcionamiento interno y la asistencia prestada a los usuarios a los que atiende.<\/p>\n\n\n\n<p class=\"has-text-align-center has-text-color\" style=\"color:#d71029;font-size:18px\">\u00bfC\u00f3mo es el proceso de acreditaci\u00f3n?<\/p>\n\n\n\n<p class=\"has-text-align-center\" style=\"font-size:16px\">El proceso de acreditaci\u00f3n lo llevan a cabo expertos internacionales y consiste en la evaluaci\u00f3n de unos 1200 requisitos, que abarcan los\u00a0 Objetivos Internacionales de Seguridad del Paciente, as\u00ed como los diferentes Est\u00e1ndares Cl\u00ednicos (acceso a la atenci\u00f3n, evaluaci\u00f3n y cuidados cl\u00ednicos, entre otros) y No Cl\u00ednicos (instalaciones, cualificaci\u00f3n de los profesionales, gesti\u00f3n y organizaci\u00f3n, etc.)<\/p>\n\n\n\n<p class=\"has-text-align-center\" style=\"font-size:16px\">La acreditaci\u00f3n en salud es un proceso mediante el cual una entidad, independiente y distinta de la instituci\u00f3n sanitaria, la eval\u00faa con el objetivo de determinar si cumple con un determinado conjunto de est\u00e1ndares de excelencia, definidos para que las organizaciones alcancen mejoras en la seguridad y la calidad de la atenci\u00f3n prestada. La acreditaci\u00f3n tambi\u00e9n proporciona una din\u00e1m<\/p>\n\n\n\n<p class=\"has-text-align-center\" style=\"font-size:16px\">La acreditaci\u00f3n tambi\u00e9n proporciona una din\u00e1mica de mejora continua, anim\u00e1ndolas a trabajar de forma sistem\u00e1tica con el fin de mitigar los riesgos a los que est\u00e1n expuestos los pacientes y los profesionales, y a aplicar las mejores pr\u00e1cticas de atenci\u00f3n sanitaria. Esta cultura de la seguridad es esencial en las organizaciones. La JCI, siendo una organizaci\u00f3n centrada en la mejora continua, se presta a colaborar con las organizaciones acreditadas mediante la posibilidad de comunicar cualquier preocupaci\u00f3n en materia de calidad o seguridad de cualquier parte interesada a trav\u00e9s de su p\u00e1gina web, con el fin de aportar valor al aprendizaje global.<\/p>\n<\/div><\/div>\n","protected":false},"excerpt":{"rendered":"<p>HOSPITAL RIBERA POVISA Calidad Pol\u00edticas Para conocer todas las pol\u00edticasPincha aqu\u00ed Acreditaciones y Reconocimientos &nbsp;UrgenciasHospitalizaci\u00f3n m\u00e9dica quir\u00fargica y oncol\u00f3gicaHospital de de D\u00edaHemodi\u00e1lisisRadiodiagn\u00f3sticoBloque Quir\u00fargico Unidad de Cr\u00edticos &nbsp;Hospital Ribera PovisaPolicl\u00ednico calle Barcelona Ribera PovisaPolicl\u00ednico calle Gran V\u00eda Ribera PovisaOficinas Calle Zaragoza Ribera PovisaRehabilitaci\u00f3n calle Barcelona Ribera Povisa Medio Ambiente Comunicaci\u00f3n ambiental a proveedores En Povisa, asumimos &#8230; <a title=\"Calidad\" class=\"read-more\" href=\"https:\/\/riberasalud.com\/povisa\/calidad\/\" aria-label=\"Leer m\u00e1s sobre Calidad\">Leer m\u00e1s<\/a><\/p>\n","protected":false},"author":1,"featured_media":0,"parent":0,"menu_order":0,"comment_status":"closed","ping_status":"closed","template":"","meta":{"_coblocks_attr":"","_coblocks_dimensions":"","_coblocks_responsive_height":"","_coblocks_accordion_ie_support":"","_monsterinsights_skip_tracking":false,"_monsterinsights_sitenote_active":false,"_monsterinsights_sitenote_note":"","_monsterinsights_sitenote_category":0,"footnotes":""},"class_list":["post-9190","page","type-page","status-publish"],"yoast_head":"<!-- This site is optimized with the Yoast SEO plugin v26.9 - https:\/\/yoast.com\/product\/yoast-seo-wordpress\/ -->\n<title>\u25b7 Calidad | Hospital Ribera Povisa<\/title>\n<meta name=\"description\" content=\"lll\u1405 Conoce todas las pol\u00edticas, acreditaciones y reconocimientos del Hospital Ribera Povisa. \u2705\" \/>\n<meta name=\"robots\" content=\"index, follow, max-snippet:-1, max-image-preview:large, max-video-preview:-1\" \/>\n<link rel=\"canonical\" href=\"https:\/\/riberasalud.com\/povisa\/calidad\/\" \/>\n<meta property=\"og:locale\" content=\"es_ES\" \/>\n<meta property=\"og:type\" content=\"article\" \/>\n<meta property=\"og:title\" content=\"\u25b7 Calidad | Hospital Ribera Povisa\" \/>\n<meta property=\"og:description\" content=\"lll\u1405 Conoce todas las pol\u00edticas, acreditaciones y reconocimientos del Hospital Ribera Povisa. \u2705\" \/>\n<meta property=\"og:url\" content=\"https:\/\/riberasalud.com\/povisa\/calidad\/\" \/>\n<meta property=\"og:site_name\" content=\"Hospital Ribera Povisa\" \/>\n<meta property=\"article:modified_time\" content=\"2025-06-04T13:11:21+00:00\" \/>\n<meta property=\"og:image\" content=\"https:\/\/riberasalud.com\/povisa\/wp-content\/uploads\/2023\/05\/acreditaciones-03.jpg\" \/>\n<meta name=\"twitter:card\" content=\"summary_large_image\" \/>\n<meta name=\"twitter:label1\" content=\"Tiempo de lectura\" \/>\n\t<meta name=\"twitter:data1\" content=\"4 minutos\" \/>\n<script type=\"application\/ld+json\" class=\"yoast-schema-graph\">{\"@context\":\"https:\/\/schema.org\",\"@graph\":[{\"@type\":\"WebPage\",\"@id\":\"https:\/\/riberasalud.com\/povisa\/calidad\/\",\"url\":\"https:\/\/riberasalud.com\/povisa\/calidad\/\",\"name\":\"\u25b7 Calidad | Hospital Ribera Povisa\",\"isPartOf\":{\"@id\":\"https:\/\/riberasalud.com\/povisa\/#website\"},\"primaryImageOfPage\":{\"@id\":\"https:\/\/riberasalud.com\/povisa\/calidad\/#primaryimage\"},\"image\":{\"@id\":\"https:\/\/riberasalud.com\/povisa\/calidad\/#primaryimage\"},\"thumbnailUrl\":\"https:\/\/riberasalud.com\/povisa\/wp-content\/uploads\/2023\/05\/acreditaciones-03.jpg\",\"datePublished\":\"2023-05-10T12:33:10+00:00\",\"dateModified\":\"2025-06-04T13:11:21+00:00\",\"description\":\"lll\u1405 Conoce todas las pol\u00edticas, acreditaciones y reconocimientos del Hospital Ribera Povisa. \u2705\",\"inLanguage\":\"es\",\"potentialAction\":[{\"@type\":\"ReadAction\",\"target\":[\"https:\/\/riberasalud.com\/povisa\/calidad\/\"]}]},{\"@type\":\"ImageObject\",\"inLanguage\":\"es\",\"@id\":\"https:\/\/riberasalud.com\/povisa\/calidad\/#primaryimage\",\"url\":\"https:\/\/riberasalud.com\/povisa\/wp-content\/uploads\/2023\/05\/acreditaciones-03.jpg\",\"contentUrl\":\"https:\/\/riberasalud.com\/povisa\/wp-content\/uploads\/2023\/05\/acreditaciones-03.jpg\"},{\"@type\":\"WebSite\",\"@id\":\"https:\/\/riberasalud.com\/povisa\/#website\",\"url\":\"https:\/\/riberasalud.com\/povisa\/\",\"name\":\"Hospital Ribera Povisa\",\"description\":\"\",\"publisher\":{\"@id\":\"https:\/\/riberasalud.com\/povisa\/#organization\"},\"potentialAction\":[{\"@type\":\"SearchAction\",\"target\":{\"@type\":\"EntryPoint\",\"urlTemplate\":\"https:\/\/riberasalud.com\/povisa\/?s={search_term_string}\"},\"query-input\":{\"@type\":\"PropertyValueSpecification\",\"valueRequired\":true,\"valueName\":\"search_term_string\"}}],\"inLanguage\":\"es\"},{\"@type\":\"Organization\",\"@id\":\"https:\/\/riberasalud.com\/povisa\/#organization\",\"name\":\"Hospital Ribera Povisa\",\"url\":\"https:\/\/riberasalud.com\/povisa\/\",\"logo\":{\"@type\":\"ImageObject\",\"inLanguage\":\"es\",\"@id\":\"https:\/\/riberasalud.com\/povisa\/#\/schema\/logo\/image\/\",\"url\":\"https:\/\/riberasalud.com\/povisa\/wp-content\/uploads\/2024\/01\/cropped-Logo-Red-Povisa.png\",\"contentUrl\":\"https:\/\/riberasalud.com\/povisa\/wp-content\/uploads\/2024\/01\/cropped-Logo-Red-Povisa.png\",\"width\":1929,\"height\":489,\"caption\":\"Hospital Ribera Povisa\"},\"image\":{\"@id\":\"https:\/\/riberasalud.com\/povisa\/#\/schema\/logo\/image\/\"}}]}<\/script>\n<!-- \/ Yoast SEO plugin. -->","yoast_head_json":{"title":"\u25b7 Calidad | Hospital Ribera Povisa","description":"lll\u1405 Conoce todas las pol\u00edticas, acreditaciones y reconocimientos del Hospital Ribera Povisa. \u2705","robots":{"index":"index","follow":"follow","max-snippet":"max-snippet:-1","max-image-preview":"max-image-preview:large","max-video-preview":"max-video-preview:-1"},"canonical":"https:\/\/riberasalud.com\/povisa\/calidad\/","og_locale":"es_ES","og_type":"article","og_title":"\u25b7 Calidad | Hospital Ribera Povisa","og_description":"lll\u1405 Conoce todas las pol\u00edticas, acreditaciones y reconocimientos del Hospital Ribera Povisa. \u2705","og_url":"https:\/\/riberasalud.com\/povisa\/calidad\/","og_site_name":"Hospital Ribera Povisa","article_modified_time":"2025-06-04T13:11:21+00:00","og_image":[{"url":"https:\/\/riberasalud.com\/povisa\/wp-content\/uploads\/2023\/05\/acreditaciones-03.jpg","type":"","width":"","height":""}],"twitter_card":"summary_large_image","twitter_misc":{"Tiempo de lectura":"4 minutos"},"schema":{"@context":"https:\/\/schema.org","@graph":[{"@type":"WebPage","@id":"https:\/\/riberasalud.com\/povisa\/calidad\/","url":"https:\/\/riberasalud.com\/povisa\/calidad\/","name":"\u25b7 Calidad | Hospital Ribera Povisa","isPartOf":{"@id":"https:\/\/riberasalud.com\/povisa\/#website"},"primaryImageOfPage":{"@id":"https:\/\/riberasalud.com\/povisa\/calidad\/#primaryimage"},"image":{"@id":"https:\/\/riberasalud.com\/povisa\/calidad\/#primaryimage"},"thumbnailUrl":"https:\/\/riberasalud.com\/povisa\/wp-content\/uploads\/2023\/05\/acreditaciones-03.jpg","datePublished":"2023-05-10T12:33:10+00:00","dateModified":"2025-06-04T13:11:21+00:00","description":"lll\u1405 Conoce todas las pol\u00edticas, acreditaciones y reconocimientos del Hospital Ribera Povisa. \u2705","inLanguage":"es","potentialAction":[{"@type":"ReadAction","target":["https:\/\/riberasalud.com\/povisa\/calidad\/"]}]},{"@type":"ImageObject","inLanguage":"es","@id":"https:\/\/riberasalud.com\/povisa\/calidad\/#primaryimage","url":"https:\/\/riberasalud.com\/povisa\/wp-content\/uploads\/2023\/05\/acreditaciones-03.jpg","contentUrl":"https:\/\/riberasalud.com\/povisa\/wp-content\/uploads\/2023\/05\/acreditaciones-03.jpg"},{"@type":"WebSite","@id":"https:\/\/riberasalud.com\/povisa\/#website","url":"https:\/\/riberasalud.com\/povisa\/","name":"Hospital Ribera Povisa","description":"","publisher":{"@id":"https:\/\/riberasalud.com\/povisa\/#organization"},"potentialAction":[{"@type":"SearchAction","target":{"@type":"EntryPoint","urlTemplate":"https:\/\/riberasalud.com\/povisa\/?s={search_term_string}"},"query-input":{"@type":"PropertyValueSpecification","valueRequired":true,"valueName":"search_term_string"}}],"inLanguage":"es"},{"@type":"Organization","@id":"https:\/\/riberasalud.com\/povisa\/#organization","name":"Hospital Ribera Povisa","url":"https:\/\/riberasalud.com\/povisa\/","logo":{"@type":"ImageObject","inLanguage":"es","@id":"https:\/\/riberasalud.com\/povisa\/#\/schema\/logo\/image\/","url":"https:\/\/riberasalud.com\/povisa\/wp-content\/uploads\/2024\/01\/cropped-Logo-Red-Povisa.png","contentUrl":"https:\/\/riberasalud.com\/povisa\/wp-content\/uploads\/2024\/01\/cropped-Logo-Red-Povisa.png","width":1929,"height":489,"caption":"Hospital Ribera Povisa"},"image":{"@id":"https:\/\/riberasalud.com\/povisa\/#\/schema\/logo\/image\/"}}]}},"_links":{"self":[{"href":"https:\/\/riberasalud.com\/povisa\/wp-json\/wp\/v2\/pages\/9190","targetHints":{"allow":["GET"]}}],"collection":[{"href":"https:\/\/riberasalud.com\/povisa\/wp-json\/wp\/v2\/pages"}],"about":[{"href":"https:\/\/riberasalud.com\/povisa\/wp-json\/wp\/v2\/types\/page"}],"author":[{"embeddable":true,"href":"https:\/\/riberasalud.com\/povisa\/wp-json\/wp\/v2\/users\/1"}],"replies":[{"embeddable":true,"href":"https:\/\/riberasalud.com\/povisa\/wp-json\/wp\/v2\/comments?post=9190"}],"version-history":[{"count":24,"href":"https:\/\/riberasalud.com\/povisa\/wp-json\/wp\/v2\/pages\/9190\/revisions"}],"predecessor-version":[{"id":14137,"href":"https:\/\/riberasalud.com\/povisa\/wp-json\/wp\/v2\/pages\/9190\/revisions\/14137"}],"wp:attachment":[{"href":"https:\/\/riberasalud.com\/povisa\/wp-json\/wp\/v2\/media?parent=9190"}],"curies":[{"name":"wp","href":"https:\/\/api.w.org\/{rel}","templated":true}]}}