{"id":9188,"date":"2023-05-10T11:34:21","date_gmt":"2023-05-10T11:34:21","guid":{"rendered":"https:\/\/riberasalud.com\/povisaaux\/?page_id=9188"},"modified":"2023-05-10T11:34:22","modified_gmt":"2023-05-10T11:34:22","slug":"politicas","status":"publish","type":"page","link":"https:\/\/riberasalud.com\/povisa\/politicas\/","title":{"rendered":"Pol\u00edticas"},"content":{"rendered":"\n<div class=\"wp-block-group hasbackgroundnaranja sliderlinea\"><div class=\"wp-block-group__inner-container is-layout-flow wp-block-group-is-layout-flow\">\n<p>HOSPITAL RIBERA POVISA<\/p>\n\n\n\n<h1 class=\"wp-block-heading\">Pol\u00edticas<\/h1>\n<\/div><\/div>\n\n\n\n<div class=\"wp-block-group\"><div class=\"wp-block-group__inner-container is-layout-flow wp-block-group-is-layout-flow\">\n<h2 class=\"wp-block-heading\"><strong>POLITICA AMBIENTAL<\/strong><\/h2>\n\n\n\n<p><strong>Prop\u00f3sito &nbsp;<\/strong><\/p>\n\n\n\n<p>El compromiso con el medioambiente es cada vez m\u00e1s valorado por la comunidad y es una pieza clave de la responsabilidad social corporativa de una organizaci\u00f3n. Por eso, contribuir a que el medioambiente se mantenga en unas \u00f3ptimas condiciones y no da\u00f1arlo es un compromiso de Ribera. La buena salud de la poblaci\u00f3n est\u00e1 ligada al entorno que nos rodea, para una organizaci\u00f3n sanitaria debe ser primordial cuidarlo.<\/p>\n\n\n\n<p><strong>Definici\u00f3n de la pol\u00edtica<\/strong><\/p>\n\n\n\n<p>Ribera, Organizaci\u00f3n socialmente responsable asume que un desarrollo sostenible va ligado a la protecci\u00f3n del medioambiente y a la prevenci\u00f3n de la contaminaci\u00f3n, por eso se compromete a incluir una pol\u00edtica ambiental en todas sus actividades, consciente de que la mejora del entorno va en beneficio tambi\u00e9n en la salud de la poblaci\u00f3n.<\/p>\n\n\n\n<p>Es por esto que se compromete a seguir las siguientes directrices:<\/p>\n\n\n\n<ul class=\"wp-block-list\">\n<li>Cumplir con todos los requisitos ambientales y energ\u00e9ticos legales aplicables y otros que establezca la organizaci\u00f3n.<\/li>\n\n\n\n<li>Concienciar y animar a trabajadores y usuarios en la puesta en marcha y mantenimiento de iniciativas y buenas pr\u00e1cticas ambientales.<\/li>\n\n\n\n<li>Incluir paulatinamente los requisitos ambientales en las decisiones de compra y adquisici\u00f3n de productos y equipos.<\/li>\n\n\n\n<li>Promover el compromiso de todos con la mejora continua en el desempe\u00f1o ambiental.<\/li>\n\n\n\n<li>Trabajar en la reducci\u00f3n de los impactos ambientales relacionados con la actividad.<\/li>\n<\/ul>\n\n\n\n<p><em><strong>V.8 Febrero 2022<\/strong><\/em><\/p>\n\n\n\n<h2 class=\"wp-block-heading\"><strong><strong>POLITICA DE CALIDAD<\/strong><\/strong><\/h2>\n\n\n\n<p><strong>Prop\u00f3sito&nbsp;<\/strong><\/p>\n\n\n\n<p>Ribera entiende la calidad como una parte fundamental de la estrategia de la organizaci\u00f3n orientada a la consecuci\u00f3n de la excelencia operativa a trav\u00e9s de la mejora de los resultados de salud, el incremento de la satisfacci\u00f3n de los ciudadanos u otros agentes de inter\u00e9s y la sostenibilidad del sistema. Y como parte de la estrategia, la calidad est\u00e1 presente en todos y cada uno de los \u00e1mbitos fundamentales de la organizaci\u00f3n.<\/p>\n\n\n\n<p>Ribera define la estrategia de calidad de forma centralizada para luego adaptarla de forma local en cada una de las organizaciones en las que tiene responsabilidad de gesti\u00f3n, de esta forma, apuesta por implantar un modelo de calidad transversal y estrat\u00e9gico.<\/p>\n\n\n\n<p>Ribera persigue crear una organizaci\u00f3n centrada en el usuario, que disponga de la tecnolog\u00eda m\u00e1s avanzada, integrada por unos profesionales altamente motivados y que gestione eficazmente sus recursos.<\/p>\n\n\n\n<p>En este sentido, hay un equipo corporativo destinado a definir la estrategia global en materia de calidad. Dicho equipo se completa con l\u00edderes locales en cada uno de los \u00e1mbitos de actuaci\u00f3n.<\/p>\n\n\n\n<p><strong>Definici\u00f3n de la pol\u00edtica<\/strong><\/p>\n\n\n\n<ul class=\"wp-block-list\">\n<li>Promover la filosof\u00eda de la misi\u00f3n de la organizaci\u00f3n sanitaria integrada siempre con el objetivo de satisfacer las necesidades de salud de la manera m\u00e1s eficiente y eficaz posible.<\/li>\n\n\n\n<li>Realzar, mantener y mejorar continuamente la calidad bajo un modelo de calidad \u00fanico y diferenciador.<\/li>\n\n\n\n<li>Mejorar el enfoque preventivo de seguridad del paciente para mejorar el rendimiento y dar seguimiento de las acciones para asegurar que los resultados deseados se logren y se mantengan.<\/li>\n\n\n\n<li>Promover la comunicaci\u00f3n y la transparencia; presentando informes de evaluaci\u00f3n del desempe\u00f1o de los departamentos a la administraci\u00f3n, usuarios\/ ciudadanos y profesionales<\/li>\n\n\n\n<li>Promover medidas espec\u00edficas para garantizar la competencia y la buena pr\u00e1ctica de los profesionales a trav\u00e9s de privilegios, acreditaci\u00f3n, orientaci\u00f3n, adiestramiento y formaci\u00f3n continua.<\/li>\n\n\n\n<li>Proveer supervisi\u00f3n continua en el \u00e1rea ambiental, promoviendo la mejora continua en esta materia.<\/li>\n\n\n\n<li>Construir sistemas transversales para dar el mejor cuidado al ciudadano a lo largo de todo el proceso<\/li>\n\n\n\n<li>Ser referentes en investigaci\u00f3n y docencia, contribuyendo a los avances cient\u00edficos y formando a los nuevos profesionales en un entorno de alta competencia.<\/li>\n\n\n\n<li>Conseguir ser un referente nacional e internacional para la gesti\u00f3n sanitaria.<\/li>\n\n\n\n<li>Fidelizar a la poblaci\u00f3n gracias a una experiencia satisfactoria<\/li>\n\n\n\n<li>Apostar por el desarrollo tecnol\u00f3gico y la innovaci\u00f3n orientada a la mejora continua de procesos, productos, servicios.<\/li>\n\n\n\n<li>Potenciar las sinergias en productos, proveedores y procesos de compra que garantizan el control y la eficacia de la gesti\u00f3n de compras, generando un ahorro importante de forma directa en precios de compra, e indirecta a trav\u00e9s de las reducciones de coste de gesti\u00f3n.<\/li>\n\n\n\n<li>Mejorar los procesos y servicios, optimizando recursos y aumentando su valor.<\/li>\n\n\n\n<li>Lograr la viabilidad econ\u00f3mica del proyecto como soporte imprescindible para desarrollar los puntos anteriores.<\/li>\n\n\n\n<li>Cumplir con todos los requisitos legales aplicables, los propios de las certificaciones y acreditaciones aplicables y otros que establezca la organizaci\u00f3n.<\/li>\n\n\n\n<li>Promover el cumplimiento de objetivos en todos los niveles de la Organizaci\u00f3n.<\/li>\n<\/ul>\n\n\n\n<p><em><strong><em>V8. Febrero 2022<\/em><\/strong><\/em><\/p>\n\n\n\n<h2 class=\"wp-block-heading\"><strong><strong>POLITICA ENERG\u00c9TICA<\/strong><\/strong><\/h2>\n\n\n\n<p><strong>Prop\u00f3sito<\/strong><\/p>\n\n\n\n<p>Ribera entiende la gesti\u00f3n de la energ\u00eda como una parte fundamental de la estrategia de la organizaci\u00f3n orientada a la mejora de la sostenibilidad del sistema.<\/p>\n\n\n\n<p>Ribera define la estrategia energ\u00e9tica de forma corporativa para luego adaptarla de forma local en cada una de las organizaciones sanitarias en las que tiene responsabilidad de gesti\u00f3n.<\/p>\n\n\n\n<p>Los Hospitales son instalaciones con elevado consumo energ\u00e9tico debido a la naturaleza de su actividad, ya que funcionan 24h los 365 d\u00edas del a\u00f1o y es clave saber gestionar eficientemente los recursos. Por ello se plantea como reto mejorar la eficiencia energ\u00e9tica, mejorando as\u00ed la gesti\u00f3n econ\u00f3mica y medioambiental.<\/p>\n\n\n\n<p>En este sentido, Ribera mantendr\u00e1 un equipo corporativo destinado a definir la estrategia global de la organizaci\u00f3n. Dicho equipo se completar\u00e1 con l\u00edderes locales en cada uno de los \u00e1mbitos de actuaci\u00f3n.<\/p>\n\n\n\n<p><strong>Definici\u00f3n de la pol\u00edtica<\/strong><\/p>\n\n\n\n<p>Ribera se compromete con su pol\u00edtica energ\u00e9tica:<\/p>\n\n\n\n<ul class=\"wp-block-list\">\n<li>Cumplir con los requisitos legales y otros de aplicaci\u00f3n en materia energ\u00e9tica.<\/li>\n\n\n\n<li>Establecer objetivos y metas estrat\u00e9gicas para mejorar la eficiencia energ\u00e9tica.<\/li>\n\n\n\n<li>Apoyar la adquisici\u00f3n de productos y servicios energ\u00e9ticamente eficientes que tengan impacto sobre el desempe\u00f1o energ\u00e9tico.<\/li>\n\n\n\n<li>Promover la mejora del dise\u00f1o para un mejor desempe\u00f1o energ\u00e9tico.<\/li>\n\n\n\n<li>Mejorar la competencia de los profesionales en uso responsable de los recursos energ\u00e9ticos.<\/li>\n\n\n\n<li>Mejorar la sostenibilidad y la gesti\u00f3n medioambiental del sistema reduciendo costes relacionados con consumos energ\u00e9ticos.<\/li>\n\n\n\n<li>Proporcionar la informaci\u00f3n y los recursos necesarios para alcanzar los objetivos y metas estrat\u00e9gicas.<\/li>\n<\/ul>\n\n\n\n<p><em><strong>V7. Mayo 2021.<\/strong><\/em><\/p>\n<\/div><\/div>\n","protected":false},"excerpt":{"rendered":"<p>HOSPITAL RIBERA POVISA Pol\u00edticas POLITICA AMBIENTAL Prop\u00f3sito &nbsp; El compromiso con el medioambiente es cada vez m\u00e1s valorado por la comunidad y es una pieza clave de la responsabilidad social corporativa de una organizaci\u00f3n. Por eso, contribuir a que el medioambiente se mantenga en unas \u00f3ptimas condiciones y no da\u00f1arlo es un compromiso de Ribera. &#8230; <a title=\"Pol\u00edticas\" class=\"read-more\" href=\"https:\/\/riberasalud.com\/povisa\/politicas\/\" aria-label=\"Leer m\u00e1s sobre Pol\u00edticas\">Leer m\u00e1s<\/a><\/p>\n","protected":false},"author":1,"featured_media":0,"parent":0,"menu_order":0,"comment_status":"closed","ping_status":"closed","template":"","meta":{"_coblocks_attr":"","_coblocks_dimensions":"","_coblocks_responsive_height":"","_coblocks_accordion_ie_support":"","_monsterinsights_skip_tracking":false,"_monsterinsights_sitenote_active":false,"_monsterinsights_sitenote_note":"","_monsterinsights_sitenote_category":0,"footnotes":""},"class_list":["post-9188","page","type-page","status-publish"],"yoast_head":"<!-- This site is optimized with the Yoast SEO plugin v27.4 - https:\/\/yoast.com\/product\/yoast-seo-wordpress\/ -->\n<title>\u25b7 Pol\u00edticas | Hospital Ribera Povisa<\/title>\n<meta name=\"description\" content=\"lll\u1405 HOSPITAL RIBERA POVISA Pol\u00edticas POLITICA AMBIENTAL Prop\u00f3sito &nbsp; El compromiso con el medioambiente es cada vez m\u00e1s valorado por la comunidad y es una \u2705\" \/>\n<meta name=\"robots\" content=\"index, follow, max-snippet:-1, max-image-preview:large, max-video-preview:-1\" \/>\n<link rel=\"canonical\" href=\"https:\/\/riberasalud.com\/povisa\/politicas\/\" \/>\n<meta property=\"og:locale\" content=\"es_ES\" \/>\n<meta property=\"og:type\" content=\"article\" \/>\n<meta property=\"og:title\" content=\"\u25b7 Pol\u00edticas | Hospital Ribera Povisa\" \/>\n<meta property=\"og:description\" content=\"lll\u1405 HOSPITAL RIBERA POVISA Pol\u00edticas POLITICA AMBIENTAL Prop\u00f3sito &nbsp; El compromiso con el medioambiente es cada vez m\u00e1s valorado por la comunidad y es una \u2705\" \/>\n<meta property=\"og:url\" content=\"https:\/\/riberasalud.com\/povisa\/politicas\/\" \/>\n<meta property=\"og:site_name\" content=\"Hospital Ribera Povisa\" \/>\n<meta property=\"article:modified_time\" content=\"2023-05-10T11:34:22+00:00\" \/>\n<meta name=\"twitter:card\" content=\"summary_large_image\" \/>\n<meta name=\"twitter:label1\" content=\"Tiempo de lectura\" \/>\n\t<meta name=\"twitter:data1\" content=\"5 minutos\" \/>\n<script type=\"application\/ld+json\" class=\"yoast-schema-graph\">{\"@context\":\"https:\\\/\\\/schema.org\",\"@graph\":[{\"@type\":\"WebPage\",\"@id\":\"https:\\\/\\\/riberasalud.com\\\/povisa\\\/politicas\\\/\",\"url\":\"https:\\\/\\\/riberasalud.com\\\/povisa\\\/politicas\\\/\",\"name\":\"\u25b7 Pol\u00edticas | Hospital Ribera Povisa\",\"isPartOf\":{\"@id\":\"https:\\\/\\\/riberasalud.com\\\/povisa\\\/#website\"},\"datePublished\":\"2023-05-10T11:34:21+00:00\",\"dateModified\":\"2023-05-10T11:34:22+00:00\",\"description\":\"lll\u1405 HOSPITAL RIBERA POVISA Pol\u00edticas POLITICA AMBIENTAL Prop\u00f3sito &nbsp; El compromiso con el medioambiente es cada vez m\u00e1s valorado por la comunidad y es una \u2705\",\"inLanguage\":\"es\",\"potentialAction\":[{\"@type\":\"ReadAction\",\"target\":[\"https:\\\/\\\/riberasalud.com\\\/povisa\\\/politicas\\\/\"]}]},{\"@type\":\"WebSite\",\"@id\":\"https:\\\/\\\/riberasalud.com\\\/povisa\\\/#website\",\"url\":\"https:\\\/\\\/riberasalud.com\\\/povisa\\\/\",\"name\":\"Hospital Ribera Povisa\",\"description\":\"\",\"publisher\":{\"@id\":\"https:\\\/\\\/riberasalud.com\\\/povisa\\\/#organization\"},\"potentialAction\":[{\"@type\":\"SearchAction\",\"target\":{\"@type\":\"EntryPoint\",\"urlTemplate\":\"https:\\\/\\\/riberasalud.com\\\/povisa\\\/?s={search_term_string}\"},\"query-input\":{\"@type\":\"PropertyValueSpecification\",\"valueRequired\":true,\"valueName\":\"search_term_string\"}}],\"inLanguage\":\"es\"},{\"@type\":\"Organization\",\"@id\":\"https:\\\/\\\/riberasalud.com\\\/povisa\\\/#organization\",\"name\":\"Hospital Ribera Povisa\",\"url\":\"https:\\\/\\\/riberasalud.com\\\/povisa\\\/\",\"logo\":{\"@type\":\"ImageObject\",\"inLanguage\":\"es\",\"@id\":\"https:\\\/\\\/riberasalud.com\\\/povisa\\\/#\\\/schema\\\/logo\\\/image\\\/\",\"url\":\"https:\\\/\\\/riberasalud.com\\\/povisa\\\/wp-content\\\/uploads\\\/2024\\\/01\\\/cropped-Logo-Red-Povisa.png\",\"contentUrl\":\"https:\\\/\\\/riberasalud.com\\\/povisa\\\/wp-content\\\/uploads\\\/2024\\\/01\\\/cropped-Logo-Red-Povisa.png\",\"width\":1929,\"height\":489,\"caption\":\"Hospital Ribera Povisa\"},\"image\":{\"@id\":\"https:\\\/\\\/riberasalud.com\\\/povisa\\\/#\\\/schema\\\/logo\\\/image\\\/\"}}]}<\/script>\n<!-- \/ Yoast SEO plugin. -->","yoast_head_json":{"title":"\u25b7 Pol\u00edticas | Hospital Ribera Povisa","description":"lll\u1405 HOSPITAL RIBERA POVISA Pol\u00edticas POLITICA AMBIENTAL Prop\u00f3sito &nbsp; El compromiso con el medioambiente es cada vez m\u00e1s valorado por la comunidad y es una \u2705","robots":{"index":"index","follow":"follow","max-snippet":"max-snippet:-1","max-image-preview":"max-image-preview:large","max-video-preview":"max-video-preview:-1"},"canonical":"https:\/\/riberasalud.com\/povisa\/politicas\/","og_locale":"es_ES","og_type":"article","og_title":"\u25b7 Pol\u00edticas | Hospital Ribera Povisa","og_description":"lll\u1405 HOSPITAL RIBERA POVISA Pol\u00edticas POLITICA AMBIENTAL Prop\u00f3sito &nbsp; El compromiso con el medioambiente es cada vez m\u00e1s valorado por la comunidad y es una \u2705","og_url":"https:\/\/riberasalud.com\/povisa\/politicas\/","og_site_name":"Hospital Ribera Povisa","article_modified_time":"2023-05-10T11:34:22+00:00","twitter_card":"summary_large_image","twitter_misc":{"Tiempo de lectura":"5 minutos"},"schema":{"@context":"https:\/\/schema.org","@graph":[{"@type":"WebPage","@id":"https:\/\/riberasalud.com\/povisa\/politicas\/","url":"https:\/\/riberasalud.com\/povisa\/politicas\/","name":"\u25b7 Pol\u00edticas | Hospital Ribera Povisa","isPartOf":{"@id":"https:\/\/riberasalud.com\/povisa\/#website"},"datePublished":"2023-05-10T11:34:21+00:00","dateModified":"2023-05-10T11:34:22+00:00","description":"lll\u1405 HOSPITAL RIBERA POVISA Pol\u00edticas POLITICA AMBIENTAL Prop\u00f3sito &nbsp; El compromiso con el medioambiente es cada vez m\u00e1s valorado por la comunidad y es una \u2705","inLanguage":"es","potentialAction":[{"@type":"ReadAction","target":["https:\/\/riberasalud.com\/povisa\/politicas\/"]}]},{"@type":"WebSite","@id":"https:\/\/riberasalud.com\/povisa\/#website","url":"https:\/\/riberasalud.com\/povisa\/","name":"Hospital Ribera Povisa","description":"","publisher":{"@id":"https:\/\/riberasalud.com\/povisa\/#organization"},"potentialAction":[{"@type":"SearchAction","target":{"@type":"EntryPoint","urlTemplate":"https:\/\/riberasalud.com\/povisa\/?s={search_term_string}"},"query-input":{"@type":"PropertyValueSpecification","valueRequired":true,"valueName":"search_term_string"}}],"inLanguage":"es"},{"@type":"Organization","@id":"https:\/\/riberasalud.com\/povisa\/#organization","name":"Hospital Ribera Povisa","url":"https:\/\/riberasalud.com\/povisa\/","logo":{"@type":"ImageObject","inLanguage":"es","@id":"https:\/\/riberasalud.com\/povisa\/#\/schema\/logo\/image\/","url":"https:\/\/riberasalud.com\/povisa\/wp-content\/uploads\/2024\/01\/cropped-Logo-Red-Povisa.png","contentUrl":"https:\/\/riberasalud.com\/povisa\/wp-content\/uploads\/2024\/01\/cropped-Logo-Red-Povisa.png","width":1929,"height":489,"caption":"Hospital Ribera Povisa"},"image":{"@id":"https:\/\/riberasalud.com\/povisa\/#\/schema\/logo\/image\/"}}]}},"_links":{"self":[{"href":"https:\/\/riberasalud.com\/povisa\/wp-json\/wp\/v2\/pages\/9188","targetHints":{"allow":["GET"]}}],"collection":[{"href":"https:\/\/riberasalud.com\/povisa\/wp-json\/wp\/v2\/pages"}],"about":[{"href":"https:\/\/riberasalud.com\/povisa\/wp-json\/wp\/v2\/types\/page"}],"author":[{"embeddable":true,"href":"https:\/\/riberasalud.com\/povisa\/wp-json\/wp\/v2\/users\/1"}],"replies":[{"embeddable":true,"href":"https:\/\/riberasalud.com\/povisa\/wp-json\/wp\/v2\/comments?post=9188"}],"version-history":[{"count":1,"href":"https:\/\/riberasalud.com\/povisa\/wp-json\/wp\/v2\/pages\/9188\/revisions"}],"predecessor-version":[{"id":9189,"href":"https:\/\/riberasalud.com\/povisa\/wp-json\/wp\/v2\/pages\/9188\/revisions\/9189"}],"wp:attachment":[{"href":"https:\/\/riberasalud.com\/povisa\/wp-json\/wp\/v2\/media?parent=9188"}],"curies":[{"name":"wp","href":"https:\/\/api.w.org\/{rel}","templated":true}]}}