{"id":9185,"date":"2023-05-10T11:30:40","date_gmt":"2023-05-10T11:30:40","guid":{"rendered":"https:\/\/riberasalud.com\/povisaaux\/?page_id=9185"},"modified":"2024-07-18T09:12:01","modified_gmt":"2024-07-18T09:12:01","slug":"tecnologia","status":"publish","type":"page","link":"https:\/\/riberasalud.com\/povisa\/tecnologia\/","title":{"rendered":"Tecnolog\u00eda"},"content":{"rendered":"\n<div class=\"wp-block-group hasbackgroundnaranja sliderlinea\"><div class=\"wp-block-group__inner-container is-layout-flow wp-block-group-is-layout-flow\">\n<p>HOSPITAL RIBERA POVISA<\/p>\n\n\n\n<h1 class=\"wp-block-heading\">Tecnolog\u00eda<\/h1>\n<\/div><\/div>\n\n\n\n<div class=\"wp-block-group\"><div class=\"wp-block-group__inner-container is-layout-flow wp-block-group-is-layout-flow\">\n<p>El Hospital Ribera Povisa pone a disposici\u00f3n de sus pacientes la tecnolog\u00eda m\u00e1s innovadora, para dar una respuesta r\u00e1pida y efectiva a sus necesidades. Tenemos tecnolog\u00eda de \u00faltima generaci\u00f3n para un diagn\u00f3stico exacto y cierto, y aplicamos soluciones y modelos predictivos que nos permiten personalizar la atenci\u00f3n, el circuito de cuidados y el tratamiento para cada ciudadano.<\/p>\n\n\n\n<p>Adem\u00e1s, a trav\u00e9s del grupo sanitario Ribera, del que formamos parte desde 2019, nuestro hospital tiene acceso a nuevas aplicaciones m\u00f3viles que permiten, por ejemplo, <a href=\"https:\/\/riberasalud.com\/minds\" data-type=\"link\" data-id=\"https:\/\/riberasalud.com\/minds\">facilitar terapia psicol\u00f3gica online<\/a>, telemonitorizar a pacientes con enfermedades cr\u00f3nicas y acceder a un programa personalizado para el bienestar o para la rehabilitaci\u00f3n en remoto de varios tipos de lesiones, entre otros.<\/p>\n\n\n\n<p>La tecnolog\u00eda nos permite posicionarnos como referente en el diagn\u00f3stico pero tambi\u00e9n acercar la atenci\u00f3n sanitaria all\u00ed donde el paciente nos necesite, y ayudarnos a continuar mejorando nuestro modelo de salud responsable.<\/p>\n\n\n\n<div style=\"height:30px\" aria-hidden=\"true\" class=\"wp-block-spacer\"><\/div>\n\n\n\n<figure class=\"wp-block-gallery has-nested-images columns-default is-cropped wp-block-gallery-1 is-layout-flex wp-block-gallery-is-layout-flex\">\n<figure data-wp-context=\"{&quot;imageId&quot;:&quot;69d06f5508865&quot;}\" data-wp-interactive=\"core\/image\" data-wp-key=\"69d06f5508865\" class=\"wp-block-image size-large has-lightbox wp-lightbox-container\"><img loading=\"lazy\" decoding=\"async\" width=\"1024\" height=\"576\" data-wp-class--hide=\"state.isContentHidden\" data-wp-class--show=\"state.isContentVisible\" data-wp-init=\"callbacks.setButtonStyles\" data-wp-on--click=\"actions.showLightbox\" data-wp-on--load=\"callbacks.setButtonStyles\" data-wp-on-window--resize=\"callbacks.setButtonStyles\" data-id=\"10291\" src=\"https:\/\/riberasalud.com\/povisa\/wp-content\/uploads\/2023\/12\/Fotografia-Acelerador-1-1024x576.jpg\" alt=\"\" class=\"wp-image-10291\" srcset=\"https:\/\/riberasalud.com\/povisa\/wp-content\/uploads\/2023\/12\/Fotografia-Acelerador-1-1024x576.jpg 1024w, https:\/\/riberasalud.com\/povisa\/wp-content\/uploads\/2023\/12\/Fotografia-Acelerador-1-300x169.jpg 300w, https:\/\/riberasalud.com\/povisa\/wp-content\/uploads\/2023\/12\/Fotografia-Acelerador-1-768x432.jpg 768w, https:\/\/riberasalud.com\/povisa\/wp-content\/uploads\/2023\/12\/Fotografia-Acelerador-1-1536x865.jpg 1536w, https:\/\/riberasalud.com\/povisa\/wp-content\/uploads\/2023\/12\/Fotografia-Acelerador-1-2048x1153.jpg 2048w\" sizes=\"auto, (max-width: 1024px) 100vw, 1024px\" \/><button\n\t\t\tclass=\"lightbox-trigger\"\n\t\t\ttype=\"button\"\n\t\t\taria-haspopup=\"dialog\"\n\t\t\taria-label=\"Agrandar\"\n\t\t\tdata-wp-init=\"callbacks.initTriggerButton\"\n\t\t\tdata-wp-on--click=\"actions.showLightbox\"\n\t\t\tdata-wp-style--right=\"state.imageButtonRight\"\n\t\t\tdata-wp-style--top=\"state.imageButtonTop\"\n\t\t>\n\t\t\t<svg xmlns=\"http:\/\/www.w3.org\/2000\/svg\" width=\"12\" height=\"12\" fill=\"none\" viewBox=\"0 0 12 12\">\n\t\t\t\t<path fill=\"#fff\" d=\"M2 0a2 2 0 0 0-2 2v2h1.5V2a.5.5 0 0 1 .5-.5h2V0H2Zm2 10.5H2a.5.5 0 0 1-.5-.5V8H0v2a2 2 0 0 0 2 2h2v-1.5ZM8 12v-1.5h2a.5.5 0 0 0 .5-.5V8H12v2a2 2 0 0 1-2 2H8Zm2-12a2 2 0 0 1 2 2v2h-1.5V2a.5.5 0 0 0-.5-.5H8V0h2Z\" \/>\n\t\t\t<\/svg>\n\t\t<\/button><\/figure>\n\n\n\n<figure data-wp-context=\"{&quot;imageId&quot;:&quot;69d06f5508d00&quot;}\" data-wp-interactive=\"core\/image\" data-wp-key=\"69d06f5508d00\" class=\"wp-block-image size-large has-lightbox wp-lightbox-container\"><img loading=\"lazy\" decoding=\"async\" width=\"1024\" height=\"576\" data-wp-class--hide=\"state.isContentHidden\" data-wp-class--show=\"state.isContentVisible\" data-wp-init=\"callbacks.setButtonStyles\" data-wp-on--click=\"actions.showLightbox\" data-wp-on--load=\"callbacks.setButtonStyles\" data-wp-on-window--resize=\"callbacks.setButtonStyles\" data-id=\"10292\" src=\"https:\/\/riberasalud.com\/povisa\/wp-content\/uploads\/2023\/12\/nuevas-consultas-1-1024x576.jpg\" alt=\"\" class=\"wp-image-10292\" srcset=\"https:\/\/riberasalud.com\/povisa\/wp-content\/uploads\/2023\/12\/nuevas-consultas-1-1024x576.jpg 1024w, https:\/\/riberasalud.com\/povisa\/wp-content\/uploads\/2023\/12\/nuevas-consultas-1-300x169.jpg 300w, https:\/\/riberasalud.com\/povisa\/wp-content\/uploads\/2023\/12\/nuevas-consultas-1-768x432.jpg 768w, https:\/\/riberasalud.com\/povisa\/wp-content\/uploads\/2023\/12\/nuevas-consultas-1-1536x864.jpg 1536w, https:\/\/riberasalud.com\/povisa\/wp-content\/uploads\/2023\/12\/nuevas-consultas-1.jpg 2016w\" sizes=\"auto, (max-width: 1024px) 100vw, 1024px\" \/><button\n\t\t\tclass=\"lightbox-trigger\"\n\t\t\ttype=\"button\"\n\t\t\taria-haspopup=\"dialog\"\n\t\t\taria-label=\"Agrandar\"\n\t\t\tdata-wp-init=\"callbacks.initTriggerButton\"\n\t\t\tdata-wp-on--click=\"actions.showLightbox\"\n\t\t\tdata-wp-style--right=\"state.imageButtonRight\"\n\t\t\tdata-wp-style--top=\"state.imageButtonTop\"\n\t\t>\n\t\t\t<svg xmlns=\"http:\/\/www.w3.org\/2000\/svg\" width=\"12\" height=\"12\" fill=\"none\" viewBox=\"0 0 12 12\">\n\t\t\t\t<path fill=\"#fff\" d=\"M2 0a2 2 0 0 0-2 2v2h1.5V2a.5.5 0 0 1 .5-.5h2V0H2Zm2 10.5H2a.5.5 0 0 1-.5-.5V8H0v2a2 2 0 0 0 2 2h2v-1.5ZM8 12v-1.5h2a.5.5 0 0 0 .5-.5V8H12v2a2 2 0 0 1-2 2H8Zm2-12a2 2 0 0 1 2 2v2h-1.5V2a.5.5 0 0 0-.5-.5H8V0h2Z\" \/>\n\t\t\t<\/svg>\n\t\t<\/button><\/figure>\n\n\n\n<figure data-wp-context=\"{&quot;imageId&quot;:&quot;69d06f55090f0&quot;}\" data-wp-interactive=\"core\/image\" data-wp-key=\"69d06f55090f0\" class=\"wp-block-image size-large has-lightbox wp-lightbox-container\"><img loading=\"lazy\" decoding=\"async\" width=\"1024\" height=\"684\" data-wp-class--hide=\"state.isContentHidden\" data-wp-class--show=\"state.isContentVisible\" data-wp-init=\"callbacks.setButtonStyles\" data-wp-on--click=\"actions.showLightbox\" data-wp-on--load=\"callbacks.setButtonStyles\" data-wp-on-window--resize=\"callbacks.setButtonStyles\" data-id=\"10290\" src=\"https:\/\/riberasalud.com\/povisa\/wp-content\/uploads\/2023\/12\/Pet-Tac-1024x684.jpg\" alt=\"\" class=\"wp-image-10290\" srcset=\"https:\/\/riberasalud.com\/povisa\/wp-content\/uploads\/2023\/12\/Pet-Tac-1024x684.jpg 1024w, https:\/\/riberasalud.com\/povisa\/wp-content\/uploads\/2023\/12\/Pet-Tac-300x200.jpg 300w, https:\/\/riberasalud.com\/povisa\/wp-content\/uploads\/2023\/12\/Pet-Tac-768x513.jpg 768w, https:\/\/riberasalud.com\/povisa\/wp-content\/uploads\/2023\/12\/Pet-Tac-1536x1026.jpg 1536w, https:\/\/riberasalud.com\/povisa\/wp-content\/uploads\/2023\/12\/Pet-Tac.jpg 1919w\" sizes=\"auto, (max-width: 1024px) 100vw, 1024px\" \/><button\n\t\t\tclass=\"lightbox-trigger\"\n\t\t\ttype=\"button\"\n\t\t\taria-haspopup=\"dialog\"\n\t\t\taria-label=\"Agrandar\"\n\t\t\tdata-wp-init=\"callbacks.initTriggerButton\"\n\t\t\tdata-wp-on--click=\"actions.showLightbox\"\n\t\t\tdata-wp-style--right=\"state.imageButtonRight\"\n\t\t\tdata-wp-style--top=\"state.imageButtonTop\"\n\t\t>\n\t\t\t<svg xmlns=\"http:\/\/www.w3.org\/2000\/svg\" width=\"12\" height=\"12\" fill=\"none\" viewBox=\"0 0 12 12\">\n\t\t\t\t<path fill=\"#fff\" d=\"M2 0a2 2 0 0 0-2 2v2h1.5V2a.5.5 0 0 1 .5-.5h2V0H2Zm2 10.5H2a.5.5 0 0 1-.5-.5V8H0v2a2 2 0 0 0 2 2h2v-1.5ZM8 12v-1.5h2a.5.5 0 0 0 .5-.5V8H12v2a2 2 0 0 1-2 2H8Zm2-12a2 2 0 0 1 2 2v2h-1.5V2a.5.5 0 0 0-.5-.5H8V0h2Z\" \/>\n\t\t\t<\/svg>\n\t\t<\/button><\/figure>\n<\/figure>\n<\/div><\/div>\n\n\n\n<div class=\"wp-block-group banneractividad hasbackgroundmio\"><div class=\"wp-block-group__inner-container is-layout-flow wp-block-group-is-layout-flow\">\n<h2 class=\"wp-block-heading\">Pruebas<\/h2>\n\n\n\n<div class=\"wp-block-columns is-layout-flex wp-container-core-columns-is-layout-9d6595d7 wp-block-columns-is-layout-flex\">\n<div class=\"wp-block-column is-layout-flow wp-block-column-is-layout-flow\">\n<div class=\"wp-block-columns is-not-stacked-on-mobile is-layout-flex wp-container-core-columns-is-layout-9d6595d7 wp-block-columns-is-layout-flex\">\n<div class=\"wp-block-column is-layout-flow wp-block-column-is-layout-flow\">\n<figure class=\"wp-block-image size-full\"><img loading=\"lazy\" decoding=\"async\" width=\"300\" height=\"250\" src=\"https:\/\/riberasalud.com\/povisa\/wp-content\/uploads\/2023\/12\/icono-02.png\" alt=\"\" class=\"wp-image-10286\"\/><\/figure>\n<\/div>\n\n\n\n<div class=\"wp-block-column is-layout-flow wp-block-column-is-layout-flow\">\n<p><span class=\"numerin2\">16160<\/span><span class=\"masmas\"><\/span> <br>RESONANCIAS<\/p>\n<\/div>\n<\/div>\n<\/div>\n\n\n\n<div class=\"wp-block-column is-layout-flow wp-block-column-is-layout-flow\">\n<div class=\"wp-block-columns is-not-stacked-on-mobile is-layout-flex wp-container-core-columns-is-layout-9d6595d7 wp-block-columns-is-layout-flex\">\n<div class=\"wp-block-column is-layout-flow wp-block-column-is-layout-flow\">\n<figure class=\"wp-block-image size-full\"><img loading=\"lazy\" decoding=\"async\" width=\"300\" height=\"250\" src=\"https:\/\/riberasalud.com\/povisa\/wp-content\/uploads\/2023\/12\/icono_Mesa-de-trabajo-1-2.png\" alt=\"\" class=\"wp-image-10285\"\/><\/figure>\n<\/div>\n\n\n\n<div class=\"wp-block-column is-layout-flow wp-block-column-is-layout-flow\">\n<p><span class=\"numerin2\">24369<\/span><span class=\"masmas\"><\/span> <br>TAC<\/p>\n<\/div>\n<\/div>\n<\/div>\n\n\n\n<div class=\"wp-block-column is-layout-flow wp-block-column-is-layout-flow\">\n<div class=\"wp-block-columns is-not-stacked-on-mobile is-layout-flex wp-container-core-columns-is-layout-9d6595d7 wp-block-columns-is-layout-flex\">\n<div class=\"wp-block-column is-layout-flow wp-block-column-is-layout-flow\">\n<figure class=\"wp-block-image size-full\"><img loading=\"lazy\" decoding=\"async\" width=\"300\" height=\"250\" src=\"https:\/\/riberasalud.com\/povisa\/wp-content\/uploads\/2023\/12\/icono-03.png\" alt=\"\" class=\"wp-image-10287\"\/><\/figure>\n<\/div>\n\n\n\n<div class=\"wp-block-column is-layout-flow wp-block-column-is-layout-flow\">\n<p><span class=\"numerin2\">25141<\/span><span class=\"masmas\"><\/span> <br>ECOGRAF\u00cdAS<\/p>\n<\/div>\n<\/div>\n<\/div>\n\n\n\n<div class=\"wp-block-column is-layout-flow wp-block-column-is-layout-flow\">\n<div class=\"wp-block-columns is-not-stacked-on-mobile is-layout-flex wp-container-core-columns-is-layout-9d6595d7 wp-block-columns-is-layout-flex\">\n<div class=\"wp-block-column is-layout-flow wp-block-column-is-layout-flow\">\n<figure class=\"wp-block-image size-full\"><img loading=\"lazy\" decoding=\"async\" width=\"300\" height=\"250\" src=\"https:\/\/riberasalud.com\/povisa\/wp-content\/uploads\/2023\/12\/icono-04.png\" alt=\"\" class=\"wp-image-10288\"\/><\/figure>\n<\/div>\n\n\n\n<div class=\"wp-block-column is-layout-flow wp-block-column-is-layout-flow\">\n<p><span class=\"numerin2\">110692<\/span><span class=\"masmas\"><\/span> <br>RX CONVENCIONAL<\/p>\n<\/div>\n<\/div>\n<\/div>\n<\/div>\n\n\n\n<script>\n\n\njQuery(document).ready(function($) {\n    console.log( \"ready!\" );\n\nlet contar=0;\nfunction isIntoView(elem)\n{\n    var documentViewTop = $(window).scrollTop();\n    var documentViewBottom = documentViewTop + $(window).height();\n\n    var elementTop = $(elem).offset().top;\n    var elementBottom = elementTop + $(elem).height();\n\n    return ((elementBottom <= documentViewBottom)||(elementTop >= documentViewTop));\n}\n  function numbersss(){\n   if (contar<1){\nconst numero=document.getElementsByClassName('numerin2')[0];\nlet cantidad=0;\nlet tiempo = setInterval(()=>{\n    cantidad+=1010;\n    numero.textContent=cantidad;\n    if(cantidad===16160){clearInterval(tiempo)}},80);\n\nconst numero1=document.getElementsByClassName('numerin2')[1];\nlet cantidad1=0;\nlet tiempo1 = setInterval(()=>{\n    cantidad1+=1523;\n    numero1.textContent=cantidad1;\n    if(cantidad1===24368){numero1.textContent=24369;clearInterval(tiempo1)}},80);\n\nconst numero2=document.getElementsByClassName('numerin2')[2];\nlet cantidad2=0;\nlet tiempo2 = setInterval(()=>{\n    cantidad2+=1571;\n    numero2.textContent=cantidad2;\n    if(cantidad2===25136){numero2.textContent=25141;clearInterval(tiempo2)}},80);\n\n\nconst numero3=document.getElementsByClassName('numerin2')[3];\nlet cantidad3=0;\nlet tiempo3 = setInterval(()=>{\n    cantidad3+=6918;\n    numero3.textContent=cantidad3;\n    if(cantidad3===110688){numero3.textContent=110692;clearInterval(tiempo3)}},80);\n\n\n\n       contar+=1;\n    }\n};numbersss();\n})<\/script>\n<\/div><\/div>\n","protected":false},"excerpt":{"rendered":"<p>HOSPITAL RIBERA POVISA Tecnolog\u00eda El Hospital Ribera Povisa pone a disposici\u00f3n de sus pacientes la tecnolog\u00eda m\u00e1s innovadora, para dar una respuesta r\u00e1pida y efectiva a sus necesidades. Tenemos tecnolog\u00eda de \u00faltima generaci\u00f3n para un diagn\u00f3stico exacto y cierto, y aplicamos soluciones y modelos predictivos que nos permiten personalizar la atenci\u00f3n, el circuito de cuidados &#8230; <a title=\"Tecnolog\u00eda\" class=\"read-more\" href=\"https:\/\/riberasalud.com\/povisa\/tecnologia\/\" aria-label=\"Leer m\u00e1s sobre Tecnolog\u00eda\">Leer m\u00e1s<\/a><\/p>\n","protected":false},"author":1,"featured_media":0,"parent":0,"menu_order":0,"comment_status":"closed","ping_status":"closed","template":"","meta":{"_coblocks_attr":"","_coblocks_dimensions":"","_coblocks_responsive_height":"","_coblocks_accordion_ie_support":"","_monsterinsights_skip_tracking":false,"_monsterinsights_sitenote_active":false,"_monsterinsights_sitenote_note":"","_monsterinsights_sitenote_category":0,"footnotes":""},"class_list":["post-9185","page","type-page","status-publish"],"yoast_head":"<!-- This site is optimized with the Yoast SEO plugin v26.9 - https:\/\/yoast.com\/product\/yoast-seo-wordpress\/ -->\n<title>\u25b7 Tecnolog\u00eda | Hospital Ribera Povisa<\/title>\n<meta name=\"description\" content=\"lll\u1405 El Hospital Ribera Povisa pone a su la tecnolog\u00eda m\u00e1s innovadora, para dar una respuesta r\u00e1pida y efectiva a sus necesidades. \u2705\" \/>\n<meta name=\"robots\" content=\"index, follow, max-snippet:-1, max-image-preview:large, max-video-preview:-1\" \/>\n<link rel=\"canonical\" href=\"https:\/\/riberasalud.com\/povisa\/tecnologia\/\" \/>\n<meta property=\"og:locale\" content=\"es_ES\" \/>\n<meta property=\"og:type\" content=\"article\" \/>\n<meta property=\"og:title\" content=\"\u25b7 Tecnolog\u00eda | Hospital Ribera Povisa\" \/>\n<meta property=\"og:description\" content=\"lll\u1405 El Hospital Ribera Povisa pone a su la tecnolog\u00eda m\u00e1s innovadora, para dar una respuesta r\u00e1pida y efectiva a sus necesidades. \u2705\" \/>\n<meta property=\"og:url\" content=\"https:\/\/riberasalud.com\/povisa\/tecnologia\/\" \/>\n<meta property=\"og:site_name\" content=\"Hospital Ribera Povisa\" \/>\n<meta property=\"article:modified_time\" content=\"2024-07-18T09:12:01+00:00\" \/>\n<meta property=\"og:image\" content=\"https:\/\/riberasalud.com\/povisa\/wp-content\/uploads\/2023\/12\/Fotografia-Acelerador-1-1024x576.jpg\" \/>\n<meta name=\"twitter:card\" content=\"summary_large_image\" \/>\n<meta name=\"twitter:label1\" content=\"Tiempo de lectura\" \/>\n\t<meta name=\"twitter:data1\" content=\"3 minutos\" \/>\n<script type=\"application\/ld+json\" class=\"yoast-schema-graph\">{\"@context\":\"https:\/\/schema.org\",\"@graph\":[{\"@type\":\"WebPage\",\"@id\":\"https:\/\/riberasalud.com\/povisa\/tecnologia\/\",\"url\":\"https:\/\/riberasalud.com\/povisa\/tecnologia\/\",\"name\":\"\u25b7 Tecnolog\u00eda | Hospital Ribera Povisa\",\"isPartOf\":{\"@id\":\"https:\/\/riberasalud.com\/povisa\/#website\"},\"primaryImageOfPage\":{\"@id\":\"https:\/\/riberasalud.com\/povisa\/tecnologia\/#primaryimage\"},\"image\":{\"@id\":\"https:\/\/riberasalud.com\/povisa\/tecnologia\/#primaryimage\"},\"thumbnailUrl\":\"https:\/\/riberasalud.com\/povisa\/wp-content\/uploads\/2023\/12\/Fotografia-Acelerador-1-1024x576.jpg\",\"datePublished\":\"2023-05-10T11:30:40+00:00\",\"dateModified\":\"2024-07-18T09:12:01+00:00\",\"description\":\"lll\u1405 El Hospital Ribera Povisa pone a su la tecnolog\u00eda m\u00e1s innovadora, para dar una respuesta r\u00e1pida y efectiva a sus necesidades. \u2705\",\"inLanguage\":\"es\",\"potentialAction\":[{\"@type\":\"ReadAction\",\"target\":[\"https:\/\/riberasalud.com\/povisa\/tecnologia\/\"]}]},{\"@type\":\"ImageObject\",\"inLanguage\":\"es\",\"@id\":\"https:\/\/riberasalud.com\/povisa\/tecnologia\/#primaryimage\",\"url\":\"https:\/\/riberasalud.com\/povisa\/wp-content\/uploads\/2023\/12\/Fotografia-Acelerador-1-1024x576.jpg\",\"contentUrl\":\"https:\/\/riberasalud.com\/povisa\/wp-content\/uploads\/2023\/12\/Fotografia-Acelerador-1-1024x576.jpg\"},{\"@type\":\"WebSite\",\"@id\":\"https:\/\/riberasalud.com\/povisa\/#website\",\"url\":\"https:\/\/riberasalud.com\/povisa\/\",\"name\":\"Hospital Ribera Povisa\",\"description\":\"\",\"publisher\":{\"@id\":\"https:\/\/riberasalud.com\/povisa\/#organization\"},\"potentialAction\":[{\"@type\":\"SearchAction\",\"target\":{\"@type\":\"EntryPoint\",\"urlTemplate\":\"https:\/\/riberasalud.com\/povisa\/?s={search_term_string}\"},\"query-input\":{\"@type\":\"PropertyValueSpecification\",\"valueRequired\":true,\"valueName\":\"search_term_string\"}}],\"inLanguage\":\"es\"},{\"@type\":\"Organization\",\"@id\":\"https:\/\/riberasalud.com\/povisa\/#organization\",\"name\":\"Hospital Ribera Povisa\",\"url\":\"https:\/\/riberasalud.com\/povisa\/\",\"logo\":{\"@type\":\"ImageObject\",\"inLanguage\":\"es\",\"@id\":\"https:\/\/riberasalud.com\/povisa\/#\/schema\/logo\/image\/\",\"url\":\"https:\/\/riberasalud.com\/povisa\/wp-content\/uploads\/2024\/01\/cropped-Logo-Red-Povisa.png\",\"contentUrl\":\"https:\/\/riberasalud.com\/povisa\/wp-content\/uploads\/2024\/01\/cropped-Logo-Red-Povisa.png\",\"width\":1929,\"height\":489,\"caption\":\"Hospital Ribera Povisa\"},\"image\":{\"@id\":\"https:\/\/riberasalud.com\/povisa\/#\/schema\/logo\/image\/\"}}]}<\/script>\n<!-- \/ Yoast SEO plugin. -->","yoast_head_json":{"title":"\u25b7 Tecnolog\u00eda | Hospital Ribera Povisa","description":"lll\u1405 El Hospital Ribera Povisa pone a su la tecnolog\u00eda m\u00e1s innovadora, para dar una respuesta r\u00e1pida y efectiva a sus necesidades. \u2705","robots":{"index":"index","follow":"follow","max-snippet":"max-snippet:-1","max-image-preview":"max-image-preview:large","max-video-preview":"max-video-preview:-1"},"canonical":"https:\/\/riberasalud.com\/povisa\/tecnologia\/","og_locale":"es_ES","og_type":"article","og_title":"\u25b7 Tecnolog\u00eda | Hospital Ribera Povisa","og_description":"lll\u1405 El Hospital Ribera Povisa pone a su la tecnolog\u00eda m\u00e1s innovadora, para dar una respuesta r\u00e1pida y efectiva a sus necesidades. \u2705","og_url":"https:\/\/riberasalud.com\/povisa\/tecnologia\/","og_site_name":"Hospital Ribera Povisa","article_modified_time":"2024-07-18T09:12:01+00:00","og_image":[{"url":"https:\/\/riberasalud.com\/povisa\/wp-content\/uploads\/2023\/12\/Fotografia-Acelerador-1-1024x576.jpg","type":"","width":"","height":""}],"twitter_card":"summary_large_image","twitter_misc":{"Tiempo de lectura":"3 minutos"},"schema":{"@context":"https:\/\/schema.org","@graph":[{"@type":"WebPage","@id":"https:\/\/riberasalud.com\/povisa\/tecnologia\/","url":"https:\/\/riberasalud.com\/povisa\/tecnologia\/","name":"\u25b7 Tecnolog\u00eda | Hospital Ribera Povisa","isPartOf":{"@id":"https:\/\/riberasalud.com\/povisa\/#website"},"primaryImageOfPage":{"@id":"https:\/\/riberasalud.com\/povisa\/tecnologia\/#primaryimage"},"image":{"@id":"https:\/\/riberasalud.com\/povisa\/tecnologia\/#primaryimage"},"thumbnailUrl":"https:\/\/riberasalud.com\/povisa\/wp-content\/uploads\/2023\/12\/Fotografia-Acelerador-1-1024x576.jpg","datePublished":"2023-05-10T11:30:40+00:00","dateModified":"2024-07-18T09:12:01+00:00","description":"lll\u1405 El Hospital Ribera Povisa pone a su la tecnolog\u00eda m\u00e1s innovadora, para dar una respuesta r\u00e1pida y efectiva a sus necesidades. \u2705","inLanguage":"es","potentialAction":[{"@type":"ReadAction","target":["https:\/\/riberasalud.com\/povisa\/tecnologia\/"]}]},{"@type":"ImageObject","inLanguage":"es","@id":"https:\/\/riberasalud.com\/povisa\/tecnologia\/#primaryimage","url":"https:\/\/riberasalud.com\/povisa\/wp-content\/uploads\/2023\/12\/Fotografia-Acelerador-1-1024x576.jpg","contentUrl":"https:\/\/riberasalud.com\/povisa\/wp-content\/uploads\/2023\/12\/Fotografia-Acelerador-1-1024x576.jpg"},{"@type":"WebSite","@id":"https:\/\/riberasalud.com\/povisa\/#website","url":"https:\/\/riberasalud.com\/povisa\/","name":"Hospital Ribera Povisa","description":"","publisher":{"@id":"https:\/\/riberasalud.com\/povisa\/#organization"},"potentialAction":[{"@type":"SearchAction","target":{"@type":"EntryPoint","urlTemplate":"https:\/\/riberasalud.com\/povisa\/?s={search_term_string}"},"query-input":{"@type":"PropertyValueSpecification","valueRequired":true,"valueName":"search_term_string"}}],"inLanguage":"es"},{"@type":"Organization","@id":"https:\/\/riberasalud.com\/povisa\/#organization","name":"Hospital Ribera Povisa","url":"https:\/\/riberasalud.com\/povisa\/","logo":{"@type":"ImageObject","inLanguage":"es","@id":"https:\/\/riberasalud.com\/povisa\/#\/schema\/logo\/image\/","url":"https:\/\/riberasalud.com\/povisa\/wp-content\/uploads\/2024\/01\/cropped-Logo-Red-Povisa.png","contentUrl":"https:\/\/riberasalud.com\/povisa\/wp-content\/uploads\/2024\/01\/cropped-Logo-Red-Povisa.png","width":1929,"height":489,"caption":"Hospital Ribera Povisa"},"image":{"@id":"https:\/\/riberasalud.com\/povisa\/#\/schema\/logo\/image\/"}}]}},"_links":{"self":[{"href":"https:\/\/riberasalud.com\/povisa\/wp-json\/wp\/v2\/pages\/9185","targetHints":{"allow":["GET"]}}],"collection":[{"href":"https:\/\/riberasalud.com\/povisa\/wp-json\/wp\/v2\/pages"}],"about":[{"href":"https:\/\/riberasalud.com\/povisa\/wp-json\/wp\/v2\/types\/page"}],"author":[{"embeddable":true,"href":"https:\/\/riberasalud.com\/povisa\/wp-json\/wp\/v2\/users\/1"}],"replies":[{"embeddable":true,"href":"https:\/\/riberasalud.com\/povisa\/wp-json\/wp\/v2\/comments?post=9185"}],"version-history":[{"count":17,"href":"https:\/\/riberasalud.com\/povisa\/wp-json\/wp\/v2\/pages\/9185\/revisions"}],"predecessor-version":[{"id":10320,"href":"https:\/\/riberasalud.com\/povisa\/wp-json\/wp\/v2\/pages\/9185\/revisions\/10320"}],"wp:attachment":[{"href":"https:\/\/riberasalud.com\/povisa\/wp-json\/wp\/v2\/media?parent=9185"}],"curies":[{"name":"wp","href":"https:\/\/api.w.org\/{rel}","templated":true}]}}