{"id":9179,"date":"2023-05-10T11:24:28","date_gmt":"2023-05-10T11:24:28","guid":{"rendered":"https:\/\/riberasalud.com\/povisaaux\/?page_id=9179"},"modified":"2024-07-18T08:42:13","modified_gmt":"2024-07-18T08:42:13","slug":"conocenos","status":"publish","type":"page","link":"https:\/\/riberasalud.com\/povisa\/conocenos\/","title":{"rendered":"Con\u00f3cenos"},"content":{"rendered":"\n<div class=\"wp-block-group hasbackgroundnaranja sliderlinea\"><div class=\"wp-block-group__inner-container is-layout-flow wp-block-group-is-layout-flow\">\n<p>HOSPITAL RIBERA POVISA<\/p>\n\n\n\n<h1 class=\"wp-block-heading\">Con\u00f3cenos<\/h1>\n<\/div><\/div>\n\n\n\n<div class=\"wp-block-group grupozeromarginbottom mb-0 mt-0\"><div class=\"wp-block-group__inner-container is-layout-flow wp-block-group-is-layout-flow\">\n<div class=\"wp-block-columns columnazeromarginbottom is-layout-flex wp-container-core-columns-is-layout-9d6595d7 wp-block-columns-is-layout-flex\">\n<div class=\"wp-block-column is-layout-flow wp-block-column-is-layout-flow\">\n<figure class=\"wp-block-image size-full fotoredonda\"><img loading=\"lazy\" decoding=\"async\" width=\"800\" height=\"533\" src=\"https:\/\/riberasalud.com\/povisa\/wp-content\/uploads\/2023\/07\/Fachada-Povisa.jpg\" alt=\"\" class=\"wp-image-9840\" srcset=\"https:\/\/riberasalud.com\/povisa\/wp-content\/uploads\/2023\/07\/Fachada-Povisa.jpg 800w, https:\/\/riberasalud.com\/povisa\/wp-content\/uploads\/2023\/07\/Fachada-Povisa-300x200.jpg 300w, https:\/\/riberasalud.com\/povisa\/wp-content\/uploads\/2023\/07\/Fachada-Povisa-768x512.jpg 768w\" sizes=\"auto, (max-width: 800px) 100vw, 800px\" \/><\/figure>\n<\/div>\n\n\n\n<div class=\"wp-block-column is-layout-flow wp-block-column-is-layout-flow\">\n<p>El Hospital Ribera Povisa <strong>forma parte de la red de centros sanitarios del grupo Ribera<\/strong>, con m\u00e1s de 20 a\u00f1os de experiencia en la gesti\u00f3n de proyectos innovadores, especializados en la salud y el bienestar de los ciudadanos. Nuestra vocaci\u00f3n es transformar la atenci\u00f3n sanitaria, aportando valor a la sociedad y contribuyendo a la sostenibilidad de los sistemas de salud.<\/p>\n\n\n\n<p><strong>La historia del Hospital Povisa comienza a finales de los a\u00f1os sesenta,<\/strong> cuando un grupo de prestigiosos m\u00e9dicos de Vigo deciden unir en un solo espacio sus respectivas cl\u00ednicas. Aunque la sociedad como tal se funda en 1969, no es hasta marzo de 1973 cuando se inaugura el edificio del hospital en la calle Salamanca de Vigo.<\/p>\n\n\n\n<p>En esos primeros a\u00f1os, Povisa ofrece a los ciudadanos las especialidades existentes en las cl\u00ednicas de sus fundadores, adem\u00e1s de unos sistemas de tratamiento de c\u00e1ncer con is\u00f3topos y con la bomba de cobalto, que sit\u00faan al Servicio de Oncolog\u00eda en la vanguardia tecnol\u00f3gica de la \u00e9poca. A ra\u00edz de los tr\u00e1gicos accidentes en un astillero y una conservera, se crea una Unidad de Quemados que ser\u00eda pionera en Galicia.<\/p>\n<\/div>\n<\/div>\n<\/div><\/div>\n\n\n\n<div class=\"wp-block-group iconosresumen\"><div class=\"wp-block-group__inner-container is-layout-flow wp-block-group-is-layout-flow\">\n<div class=\"wp-block-columns is-layout-flex wp-container-core-columns-is-layout-9d6595d7 wp-block-columns-is-layout-flex\">\n<div class=\"wp-block-column is-layout-flow wp-block-column-is-layout-flow\">\n<figure class=\"wp-block-image size-full\"><img decoding=\"async\" src=\"https:\/\/riberasalud.com\/hospital-de-molina\/wp-content\/uploads\/2023\/02\/iconos_home_Mesa-de-trabajo-1.png\" alt=\"\" class=\"wp-image-7504\"\/><\/figure>\n\n\n\n<p>Amplia <strong>oferta asistencial <\/strong>de m\u00e1xima calidad<\/p>\n<\/div>\n\n\n\n<div class=\"wp-block-column is-layout-flow wp-block-column-is-layout-flow\">\n<figure class=\"wp-block-image size-full\"><img decoding=\"async\" src=\"https:\/\/riberasalud.com\/hospital-de-molina\/wp-content\/uploads\/2023\/02\/iconos_home-02.png\" alt=\"\" class=\"wp-image-7499\"\/><\/figure>\n\n\n\n<p>El <strong>paciente <\/strong>en el centro de todo<\/p>\n<\/div>\n\n\n\n<div class=\"wp-block-column is-layout-flow wp-block-column-is-layout-flow\">\n<figure class=\"wp-block-image size-full\"><img decoding=\"async\" src=\"https:\/\/riberasalud.com\/hospital-de-molina\/wp-content\/uploads\/2023\/02\/iconos_home-03.png\" alt=\"\" class=\"wp-image-7500\"\/><\/figure>\n\n\n\n<p><strong>Tecnolog\u00eda <\/strong>de \u00faltima generaci\u00f3n<\/p>\n<\/div>\n\n\n\n<div class=\"wp-block-column is-layout-flow wp-block-column-is-layout-flow\">\n<figure class=\"wp-block-image size-full\"><img decoding=\"async\" src=\"https:\/\/riberasalud.com\/hospital-de-molina\/wp-content\/uploads\/2023\/02\/iconos_home-04.png\" alt=\"\" class=\"wp-image-7501\"\/><\/figure>\n\n\n\n<p>Excelencia en <strong>pruebas diagn\u00f3sticas<\/strong><\/p>\n<\/div>\n\n\n\n<div class=\"wp-block-column is-layout-flow wp-block-column-is-layout-flow\">\n<figure class=\"wp-block-image size-full\"><img decoding=\"async\" src=\"https:\/\/riberasalud.com\/hospital-de-molina\/wp-content\/uploads\/2023\/02\/iconos_home-05.png\" alt=\"\" class=\"wp-image-7502\"\/><\/figure>\n\n\n\n<p><strong>Investigaci\u00f3n e innovaci\u00f3n <\/strong>constante<\/p>\n<\/div>\n\n\n\n<div class=\"wp-block-column is-layout-flow wp-block-column-is-layout-flow\">\n<figure class=\"wp-block-image size-full\"><img decoding=\"async\" src=\"https:\/\/riberasalud.com\/hospital-de-molina\/wp-content\/uploads\/2023\/02\/iconos_home-06.png\" alt=\"\" class=\"wp-image-7503\"\/><\/figure>\n\n\n\n<p>Reconocimientos como <strong>hospital de referencia<\/strong><\/p>\n<\/div>\n<\/div>\n<\/div><\/div>\n\n\n\n<div class=\"wp-block-group\"><div class=\"wp-block-group__inner-container is-layout-flow wp-block-group-is-layout-flow\">\n<p>Con el paso de los a\u00f1os, el hospital se moderniza y crece, llega a acuerdos con el Instituto Social de la Marina y con el Insalud y en 1983 se inicia la \u00faltima gran ampliaci\u00f3n del edificio, que eleva el n\u00famero de camas de Povisa a 700. A finales de 1996,&nbsp;el Grupo Nosa Terra empieza a gestionar el hospital. Prosigue la renovaci\u00f3n tecnol\u00f3gica, la consolidaci\u00f3n del concierto con el Servicio Galego de Sa\u00fade y el crecimiento de especialidades privadas.<\/p>\n\n\n\n<p><strong>En diciembre de 2019, el grupo sanitario Ribera adquiere el 93% del accionariado.<\/strong>&nbsp;Su accionista de referencia es Vivalto-Sant\u00e9, el tercer grupo sanitario privado franc\u00e9s, con 50 hospitales y cl\u00ednicas en Francia con quien comparte valores y filosof\u00eda de trabajo basados en una medicina de valor.<\/p>\n\n\n\n<p>En la actualidad,&nbsp;Povisa forma parte de la Asociaci\u00f3n de Hospitales de Galicia (Ahosgal), y cumple con el&nbsp;Compromiso \u00c9tico y de Buenas Pr\u00e1cticas&nbsp; basado en la gesti\u00f3n transparente para asegurar una asistencia sanitaria de calidad, y cuenta con la prestigiosa acreditaci\u00f3n sanitaria de calidad y seguridad, la Joint Comission International.<\/p>\n\n\n\n<p><a href=\"https:\/\/riberasalud.com\/povisa\/wp-content\/uploads\/2023\/05\/EINF-RIBERA-2020-ES.pdf\" data-type=\"URL\" data-id=\"https:\/\/riberasalud.com\/povisa\/wp-content\/uploads\/2023\/05\/EINF-RIBERA-2020-ES.pdf\">Conoce Memoria EINF \u2192<\/a><\/p>\n<\/div><\/div>\n\n\n\n<div class=\"wp-block-group bannercifras\"><div class=\"wp-block-group__inner-container is-layout-flow wp-block-group-is-layout-flow\">\n<script>\n\njQuery(document).ready(function($) {\n    console.log( \"ready!\" );\n\nlet contar=0;\nfunction isIntoView(elem)\n{\n    var documentViewTop = $(window).scrollTop();\n    var documentViewBottom = documentViewTop + $(window).height();\n\n    var elementTop = $(elem).offset().top;\n    var elementBottom = elementTop + $(elem).height();\n\n    return ((elementBottom <= documentViewBottom)||(elementTop >= documentViewTop));\n}\n  $(window).scroll(function(){\n   if (isIntoView($('.bannercifras'))&&contar<1){\njQuery('.titulofade').fadeTo(300,1);\nconst numero=document.getElementsByClassName('numerin')[0];\nlet cantidad=0;\nlet tiempo = setInterval(()=>{\n    cantidad+=1;\n    numero.textContent=cantidad;\n    if(cantidad===20){clearInterval(tiempo)}},80);\n\nconst numero1=document.getElementsByClassName('numerin')[1];\nlet cantidad1=0;\nlet tiempo1 = setInterval(()=>{\n    cantidad1+=2;\n    numero1.textContent=cantidad1;\n    if(cantidad1===50){clearInterval(tiempo1)}},80);\n\nconst numero2=document.getElementsByClassName('numerin')[2];\nlet cantidad2=0;\nlet tiempo2 = setInterval(()=>{\n    cantidad2+=5000;\n    numero2.textContent=cantidad2;\n    if(cantidad2===100000){clearInterval(tiempo2)}},80);\n\nconst numero3=document.getElementsByClassName('numerin')[3];\nlet cantidad3=0;\nlet tiempo3 = setInterval(()=>{\n    cantidad3+=75;\n    numero3.textContent=cantidad3;\n    if(cantidad3===1500){clearInterval(tiempo3)}},80);       \n       \n       \n       \n       contar+=1;\n    }\n})\n})<\/script>\n\n\n\n<h2 class=\"wp-block-heading has-text-align-center titulofade has-base-3-color has-text-color has-link-color wp-elements-96cfe67b01559c4fa91063b60bc23c24\">Nuestra experiencia avalada en cifras<\/h2>\n\n\n\n<div class=\"wp-block-columns is-layout-flex wp-container-core-columns-is-layout-9d6595d7 wp-block-columns-is-layout-flex\">\n<div class=\"wp-block-column is-layout-flow wp-block-column-is-layout-flow\">\n<p><span class=\"masmas\">+<\/span><span class=\"numerin\">20<\/span> <br>a\u00f1os de experiencia<\/p>\n<\/div>\n\n\n\n<div class=\"wp-block-column is-layout-flow wp-block-column-is-layout-flow\">\n<p><span class=\"masmas\">+<\/span><span class=\"numerin\">50<\/span> <br>especialidades m\u00e9dicas<\/p>\n<\/div>\n\n\n\n<div class=\"wp-block-column is-layout-flow wp-block-column-is-layout-flow\">\n<p><span class=\"masmas\">+<\/span><span class=\"numerin\">100.000<\/span> <br>pacientes satisfechos<\/p>\n<\/div>\n\n\n\n<div class=\"wp-block-column is-layout-flow wp-block-column-is-layout-flow\">\n<p><span class=\"masmas\">+<\/span><span class=\"numerin\">1500<\/span><br>profesionales m\u00e9dicos cuidando de ti<\/p>\n<\/div>\n<\/div>\n<\/div><\/div>\n\n\n\n<div class=\"wp-block-group banneractividad hasbackgroundmio\"><div class=\"wp-block-group__inner-container is-layout-flow wp-block-group-is-layout-flow\">\n<h2 class=\"wp-block-heading\">Actividad<\/h2>\n\n\n\n<div class=\"wp-block-columns is-layout-flex wp-container-core-columns-is-layout-9d6595d7 wp-block-columns-is-layout-flex\">\n<div class=\"wp-block-column is-layout-flow wp-block-column-is-layout-flow\">\n<div class=\"wp-block-columns is-not-stacked-on-mobile is-layout-flex wp-container-core-columns-is-layout-9d6595d7 wp-block-columns-is-layout-flex\">\n<div class=\"wp-block-column is-layout-flow wp-block-column-is-layout-flow\">\n<figure class=\"wp-block-image size-full\"><img loading=\"lazy\" decoding=\"async\" width=\"300\" height=\"250\" src=\"https:\/\/riberasalud.com\/povisa\/wp-content\/uploads\/2023\/12\/conocenos_Mesa-de-trabajo-1.png\" alt=\"\" class=\"wp-image-10283\"\/><\/figure>\n<\/div>\n\n\n\n<div class=\"wp-block-column is-layout-flow wp-block-column-is-layout-flow\">\n<p><span class=\"numerin2\">16624<\/span><span class=\"masmas\"><\/span> <br>INGRESOS<\/p>\n<\/div>\n<\/div>\n<\/div>\n\n\n\n<div class=\"wp-block-column is-layout-flow wp-block-column-is-layout-flow\">\n<div class=\"wp-block-columns is-not-stacked-on-mobile is-layout-flex wp-container-core-columns-is-layout-9d6595d7 wp-block-columns-is-layout-flex\">\n<div class=\"wp-block-column is-layout-flow wp-block-column-is-layout-flow\">\n<figure class=\"wp-block-image size-full\"><img loading=\"lazy\" decoding=\"async\" width=\"300\" height=\"250\" src=\"https:\/\/riberasalud.com\/povisa\/wp-content\/uploads\/2023\/12\/conocenos-02.png\" alt=\"\" class=\"wp-image-10281\"\/><\/figure>\n<\/div>\n\n\n\n<div class=\"wp-block-column is-layout-flow wp-block-column-is-layout-flow\">\n<p><span class=\"numerin2\">80066<\/span><span class=\"masmas\"><\/span> <br>URGENCIAS<\/p>\n<\/div>\n<\/div>\n<\/div>\n\n\n\n<div class=\"wp-block-column is-layout-flow wp-block-column-is-layout-flow\">\n<div class=\"wp-block-columns is-not-stacked-on-mobile is-layout-flex wp-container-core-columns-is-layout-9d6595d7 wp-block-columns-is-layout-flex\">\n<div class=\"wp-block-column is-layout-flow wp-block-column-is-layout-flow\">\n<figure class=\"wp-block-image size-full\"><img loading=\"lazy\" decoding=\"async\" width=\"300\" height=\"250\" src=\"https:\/\/riberasalud.com\/povisa\/wp-content\/uploads\/2023\/12\/conocenos-03.png\" alt=\"\" class=\"wp-image-10282\"\/><\/figure>\n<\/div>\n\n\n\n<div class=\"wp-block-column is-layout-flow wp-block-column-is-layout-flow\">\n<p><span class=\"numerin2\">16424<\/span><span class=\"masmas\"><\/span> <br>INTERVENCIONES<\/p>\n<\/div>\n<\/div>\n<\/div>\n<\/div>\n\n\n\n<script>\n\n\njQuery(document).ready(function($) {\n    console.log( \"ready!\" );\n\nlet contar=0;\nfunction isIntoView(elem)\n{\n    var documentViewTop = $(window).scrollTop();\n    var documentViewBottom = documentViewTop + $(window).height();\n\n    var elementTop = $(elem).offset().top;\n    var elementBottom = elementTop + $(elem).height();\n\n    return ((elementBottom <= documentViewBottom)||(elementTop >= documentViewTop));\n}\n  $(window).scroll(function(){\n   if (isIntoView($('.banneractividad'))&&contar<1){\nconst numero=document.getElementsByClassName('numerin2')[0];\nlet cantidad=0;\nlet tiempo = setInterval(()=>{\n    cantidad+=1039;\n    numero.textContent=cantidad;\n    if(cantidad===16624){clearInterval(tiempo)}},80);\n\nconst numero1=document.getElementsByClassName('numerin2')[1];\nlet cantidad1=0;\nlet tiempo1 = setInterval(()=>{\n    cantidad1+=5719;\n    numero1.textContent=cantidad1;\n    if(cantidad1===80066){clearInterval(tiempo1)}},80);\n\nconst numero2=document.getElementsByClassName('numerin2')[2];\nlet cantidad2=0;\nlet tiempo2 = setInterval(()=>{\n    cantidad2+=2053;\n    numero2.textContent=cantidad2;\n    if(cantidad2===16424){clearInterval(tiempo2)}},80);\n       contar+=1;\n    }\n})\n})<\/script>\n<\/div><\/div>\n","protected":false},"excerpt":{"rendered":"<p>HOSPITAL RIBERA POVISA Con\u00f3cenos El Hospital Ribera Povisa forma parte de la red de centros sanitarios del grupo Ribera, con m\u00e1s de 20 a\u00f1os de experiencia en la gesti\u00f3n de proyectos innovadores, especializados en la salud y el bienestar de los ciudadanos. Nuestra vocaci\u00f3n es transformar la atenci\u00f3n sanitaria, aportando valor a la sociedad y &#8230; <a title=\"Con\u00f3cenos\" class=\"read-more\" href=\"https:\/\/riberasalud.com\/povisa\/conocenos\/\" aria-label=\"Leer m\u00e1s sobre Con\u00f3cenos\">Leer m\u00e1s<\/a><\/p>\n","protected":false},"author":1,"featured_media":0,"parent":0,"menu_order":0,"comment_status":"closed","ping_status":"closed","template":"","meta":{"_coblocks_attr":"","_coblocks_dimensions":"","_coblocks_responsive_height":"","_coblocks_accordion_ie_support":"","_monsterinsights_skip_tracking":false,"_monsterinsights_sitenote_active":false,"_monsterinsights_sitenote_note":"","_monsterinsights_sitenote_category":0,"footnotes":""},"class_list":["post-9179","page","type-page","status-publish"],"yoast_head":"<!-- This site is optimized with the Yoast SEO plugin v26.9 - https:\/\/yoast.com\/product\/yoast-seo-wordpress\/ -->\n<title>\u25b7 Con\u00f3cenos | Hospital Ribera Povisa<\/title>\n<meta name=\"description\" content=\"lll\u1405 El Hospital Ribera Povisa forma parte de la red de centros sanitarios del grupo Ribera, con m\u00e1s de 20 a\u00f1os de experiencia \u2705\" \/>\n<meta name=\"robots\" content=\"index, follow, max-snippet:-1, max-image-preview:large, max-video-preview:-1\" \/>\n<link rel=\"canonical\" href=\"https:\/\/riberasalud.com\/povisa\/conocenos\/\" \/>\n<meta property=\"og:locale\" content=\"es_ES\" \/>\n<meta property=\"og:type\" content=\"article\" \/>\n<meta property=\"og:title\" content=\"\u25b7 Con\u00f3cenos | Hospital Ribera Povisa\" \/>\n<meta property=\"og:description\" content=\"lll\u1405 El Hospital Ribera Povisa forma parte de la red de centros sanitarios del grupo Ribera, con m\u00e1s de 20 a\u00f1os de experiencia \u2705\" \/>\n<meta property=\"og:url\" content=\"https:\/\/riberasalud.com\/povisa\/conocenos\/\" \/>\n<meta property=\"og:site_name\" content=\"Hospital Ribera Povisa\" \/>\n<meta property=\"article:modified_time\" content=\"2024-07-18T08:42:13+00:00\" \/>\n<meta property=\"og:image\" content=\"https:\/\/riberasalud.com\/povisa\/wp-content\/uploads\/2023\/07\/Fachada-Povisa.jpg\" \/>\n<meta name=\"twitter:card\" content=\"summary_large_image\" \/>\n<meta name=\"twitter:label1\" content=\"Tiempo de lectura\" \/>\n\t<meta name=\"twitter:data1\" content=\"4 minutos\" \/>\n<script type=\"application\/ld+json\" class=\"yoast-schema-graph\">{\"@context\":\"https:\/\/schema.org\",\"@graph\":[{\"@type\":\"WebPage\",\"@id\":\"https:\/\/riberasalud.com\/povisa\/conocenos\/\",\"url\":\"https:\/\/riberasalud.com\/povisa\/conocenos\/\",\"name\":\"\u25b7 Con\u00f3cenos | Hospital Ribera Povisa\",\"isPartOf\":{\"@id\":\"https:\/\/riberasalud.com\/povisa\/#website\"},\"primaryImageOfPage\":{\"@id\":\"https:\/\/riberasalud.com\/povisa\/conocenos\/#primaryimage\"},\"image\":{\"@id\":\"https:\/\/riberasalud.com\/povisa\/conocenos\/#primaryimage\"},\"thumbnailUrl\":\"https:\/\/riberasalud.com\/povisa\/wp-content\/uploads\/2023\/07\/Fachada-Povisa.jpg\",\"datePublished\":\"2023-05-10T11:24:28+00:00\",\"dateModified\":\"2024-07-18T08:42:13+00:00\",\"description\":\"lll\u1405 El Hospital Ribera Povisa forma parte de la red de centros sanitarios del grupo Ribera, con m\u00e1s de 20 a\u00f1os de experiencia \u2705\",\"inLanguage\":\"es\",\"potentialAction\":[{\"@type\":\"ReadAction\",\"target\":[\"https:\/\/riberasalud.com\/povisa\/conocenos\/\"]}]},{\"@type\":\"ImageObject\",\"inLanguage\":\"es\",\"@id\":\"https:\/\/riberasalud.com\/povisa\/conocenos\/#primaryimage\",\"url\":\"https:\/\/riberasalud.com\/povisa\/wp-content\/uploads\/2023\/07\/Fachada-Povisa.jpg\",\"contentUrl\":\"https:\/\/riberasalud.com\/povisa\/wp-content\/uploads\/2023\/07\/Fachada-Povisa.jpg\"},{\"@type\":\"WebSite\",\"@id\":\"https:\/\/riberasalud.com\/povisa\/#website\",\"url\":\"https:\/\/riberasalud.com\/povisa\/\",\"name\":\"Hospital Ribera Povisa\",\"description\":\"\",\"publisher\":{\"@id\":\"https:\/\/riberasalud.com\/povisa\/#organization\"},\"potentialAction\":[{\"@type\":\"SearchAction\",\"target\":{\"@type\":\"EntryPoint\",\"urlTemplate\":\"https:\/\/riberasalud.com\/povisa\/?s={search_term_string}\"},\"query-input\":{\"@type\":\"PropertyValueSpecification\",\"valueRequired\":true,\"valueName\":\"search_term_string\"}}],\"inLanguage\":\"es\"},{\"@type\":\"Organization\",\"@id\":\"https:\/\/riberasalud.com\/povisa\/#organization\",\"name\":\"Hospital Ribera Povisa\",\"url\":\"https:\/\/riberasalud.com\/povisa\/\",\"logo\":{\"@type\":\"ImageObject\",\"inLanguage\":\"es\",\"@id\":\"https:\/\/riberasalud.com\/povisa\/#\/schema\/logo\/image\/\",\"url\":\"https:\/\/riberasalud.com\/povisa\/wp-content\/uploads\/2024\/01\/cropped-Logo-Red-Povisa.png\",\"contentUrl\":\"https:\/\/riberasalud.com\/povisa\/wp-content\/uploads\/2024\/01\/cropped-Logo-Red-Povisa.png\",\"width\":1929,\"height\":489,\"caption\":\"Hospital Ribera Povisa\"},\"image\":{\"@id\":\"https:\/\/riberasalud.com\/povisa\/#\/schema\/logo\/image\/\"}}]}<\/script>\n<!-- \/ Yoast SEO plugin. -->","yoast_head_json":{"title":"\u25b7 Con\u00f3cenos | Hospital Ribera Povisa","description":"lll\u1405 El Hospital Ribera Povisa forma parte de la red de centros sanitarios del grupo Ribera, con m\u00e1s de 20 a\u00f1os de experiencia \u2705","robots":{"index":"index","follow":"follow","max-snippet":"max-snippet:-1","max-image-preview":"max-image-preview:large","max-video-preview":"max-video-preview:-1"},"canonical":"https:\/\/riberasalud.com\/povisa\/conocenos\/","og_locale":"es_ES","og_type":"article","og_title":"\u25b7 Con\u00f3cenos | Hospital Ribera Povisa","og_description":"lll\u1405 El Hospital Ribera Povisa forma parte de la red de centros sanitarios del grupo Ribera, con m\u00e1s de 20 a\u00f1os de experiencia \u2705","og_url":"https:\/\/riberasalud.com\/povisa\/conocenos\/","og_site_name":"Hospital Ribera Povisa","article_modified_time":"2024-07-18T08:42:13+00:00","og_image":[{"url":"https:\/\/riberasalud.com\/povisa\/wp-content\/uploads\/2023\/07\/Fachada-Povisa.jpg","type":"","width":"","height":""}],"twitter_card":"summary_large_image","twitter_misc":{"Tiempo de lectura":"4 minutos"},"schema":{"@context":"https:\/\/schema.org","@graph":[{"@type":"WebPage","@id":"https:\/\/riberasalud.com\/povisa\/conocenos\/","url":"https:\/\/riberasalud.com\/povisa\/conocenos\/","name":"\u25b7 Con\u00f3cenos | Hospital Ribera Povisa","isPartOf":{"@id":"https:\/\/riberasalud.com\/povisa\/#website"},"primaryImageOfPage":{"@id":"https:\/\/riberasalud.com\/povisa\/conocenos\/#primaryimage"},"image":{"@id":"https:\/\/riberasalud.com\/povisa\/conocenos\/#primaryimage"},"thumbnailUrl":"https:\/\/riberasalud.com\/povisa\/wp-content\/uploads\/2023\/07\/Fachada-Povisa.jpg","datePublished":"2023-05-10T11:24:28+00:00","dateModified":"2024-07-18T08:42:13+00:00","description":"lll\u1405 El Hospital Ribera Povisa forma parte de la red de centros sanitarios del grupo Ribera, con m\u00e1s de 20 a\u00f1os de experiencia \u2705","inLanguage":"es","potentialAction":[{"@type":"ReadAction","target":["https:\/\/riberasalud.com\/povisa\/conocenos\/"]}]},{"@type":"ImageObject","inLanguage":"es","@id":"https:\/\/riberasalud.com\/povisa\/conocenos\/#primaryimage","url":"https:\/\/riberasalud.com\/povisa\/wp-content\/uploads\/2023\/07\/Fachada-Povisa.jpg","contentUrl":"https:\/\/riberasalud.com\/povisa\/wp-content\/uploads\/2023\/07\/Fachada-Povisa.jpg"},{"@type":"WebSite","@id":"https:\/\/riberasalud.com\/povisa\/#website","url":"https:\/\/riberasalud.com\/povisa\/","name":"Hospital Ribera Povisa","description":"","publisher":{"@id":"https:\/\/riberasalud.com\/povisa\/#organization"},"potentialAction":[{"@type":"SearchAction","target":{"@type":"EntryPoint","urlTemplate":"https:\/\/riberasalud.com\/povisa\/?s={search_term_string}"},"query-input":{"@type":"PropertyValueSpecification","valueRequired":true,"valueName":"search_term_string"}}],"inLanguage":"es"},{"@type":"Organization","@id":"https:\/\/riberasalud.com\/povisa\/#organization","name":"Hospital Ribera Povisa","url":"https:\/\/riberasalud.com\/povisa\/","logo":{"@type":"ImageObject","inLanguage":"es","@id":"https:\/\/riberasalud.com\/povisa\/#\/schema\/logo\/image\/","url":"https:\/\/riberasalud.com\/povisa\/wp-content\/uploads\/2024\/01\/cropped-Logo-Red-Povisa.png","contentUrl":"https:\/\/riberasalud.com\/povisa\/wp-content\/uploads\/2024\/01\/cropped-Logo-Red-Povisa.png","width":1929,"height":489,"caption":"Hospital Ribera Povisa"},"image":{"@id":"https:\/\/riberasalud.com\/povisa\/#\/schema\/logo\/image\/"}}]}},"_links":{"self":[{"href":"https:\/\/riberasalud.com\/povisa\/wp-json\/wp\/v2\/pages\/9179","targetHints":{"allow":["GET"]}}],"collection":[{"href":"https:\/\/riberasalud.com\/povisa\/wp-json\/wp\/v2\/pages"}],"about":[{"href":"https:\/\/riberasalud.com\/povisa\/wp-json\/wp\/v2\/types\/page"}],"author":[{"embeddable":true,"href":"https:\/\/riberasalud.com\/povisa\/wp-json\/wp\/v2\/users\/1"}],"replies":[{"embeddable":true,"href":"https:\/\/riberasalud.com\/povisa\/wp-json\/wp\/v2\/comments?post=9179"}],"version-history":[{"count":31,"href":"https:\/\/riberasalud.com\/povisa\/wp-json\/wp\/v2\/pages\/9179\/revisions"}],"predecessor-version":[{"id":10565,"href":"https:\/\/riberasalud.com\/povisa\/wp-json\/wp\/v2\/pages\/9179\/revisions\/10565"}],"wp:attachment":[{"href":"https:\/\/riberasalud.com\/povisa\/wp-json\/wp\/v2\/media?parent=9179"}],"curies":[{"name":"wp","href":"https:\/\/api.w.org\/{rel}","templated":true}]}}